{"id":113531,"date":"2021-01-26T16:38:54","date_gmt":"2021-01-26T15:38:54","guid":{"rendered":"https:\/\/iha-race.com\/producto\/cabo-adaptador-betafpv-da-camara-smo-4k\/"},"modified":"2024-08-29T12:35:47","modified_gmt":"2024-08-29T10:35:47","slug":"cabo-adaptador-betafpv-camera-adaptador-betafpv-cabo-smo-4k","status":"publish","type":"product","link":"https:\/\/iha-race.com\/pt-pt\/produto\/cabo-adaptador-betafpv-camera-adaptador-betafpv-cabo-smo-4k\/","title":{"rendered":"Cabo adaptador BetaFPV da c\u00e2mara SMO 4K"},"content":{"rendered":"<h2>Cabo adaptador BetaFPV da c\u00e2mara SMO 4K<\/h2>\n<div>\n<div id=\"product-tabs\">  O cabo adaptador de c\u00e2mara SMO 4K foi concebido para os pilotos que j\u00e1 possuem Beta85X V2, Beta95X V2 e Beta95X V2 HD Digital VTX. Com este cabo adaptador, n\u00e3o h\u00e1 necessidade de desmontar o drone e substituir o cabo. Basta ligar para converter rapidamente o conetor para alimentar a <a href=\"https:\/\/iha-race.com\/producto\/betafpv-camara-smo-4k\/\">c\u00e2mara SMO 4K<\/a> com o <a href=\"https:\/\/iha-race.com\/producto\/beta95x-v3-whoop-quadcopter-frsky-fcc\/\">Beta95X V3 Whoop<\/a> e o <a href=\"https:\/\/iha-race.com\/producto\/beta95x-v3-whoop-quadcopter-hd-digital-vtx-frsky-fcc\/\">Beta95X V3 HD Digital VTX<\/a> <a href=\"https:\/\/iha-race.com\/producto\/beta95x-v3-whoop-quadcopter-frsky-fcc\/\">Quadcopter<\/a>.  <img decoding=\"async\" src=\"https:\/\/cdn.shopifycdn.net\/s\/files\/1\/1778\/6615\/files\/95X_V2_1024x1024.jpg?v=1608254781\" alt=\"\"><\/p>\n<\/div>\n<\/div>\n<h2>Especifica\u00e7\u00f5es:<\/h2>\n<ul>\n<li>Artigo: Cabo adaptador para c\u00e2mara SMO 4K<\/li>\n<li>Conector de entrada: GH1.25 de 3 pinos<\/li>\n<li>Conector de sa\u00edda: 4 pinos SH1.0<\/li>\n<li>Peso: 0,7 g \/ pc<\/li>\n<li>Concebida para Beta95X V2 e Beta85X V2 para instalar a c\u00e2mara SMO 4K<\/li>\n<\/ul>\n<p><img decoding=\"async\" src=\"https:\/\/cdn.shopifycdn.net\/s\/files\/1\/1778\/6615\/files\/WPS_1_ad73012e-c33e-493e-b406-57b1522e5035_600x600.jpg?v=1608174746\" alt=\"\"><\/p>\n<h2 class=\"p1\">O pacote inclui:<\/h2>\n<ul>\n<li>2 * Cabo adaptador de c\u00e2mara SMO 4K<\/li>\n<\/ul>\n","protected":false},"excerpt":{"rendered":"<p>Cabo adaptador BetaFPV da c\u00e2mara SMO 4K O cabo adaptador de c\u00e2mara SMO 4K foi concebido para os pilotos que j\u00e1 possuem Beta85X V2, Beta95X V2 e Beta95X V2 HD<\/p>\n","protected":false},"featured_media":96227,"comment_status":"open","ping_status":"closed","template":"","meta":{"_joinchat":[]},"pwb-brand":[],"product_cat":[1168,1649,1208],"product_tag":[],"class_list":{"0":"post-113531","1":"product","2":"type-product","3":"status-publish","4":"has-post-thumbnail","6":"product_cat-camaras-fpv","7":"product_cat-fpv-microdrones","8":"product_cat-pecas-sobresselentes-para-camaras","10":"first","11":"instock","12":"taxable","13":"shipping-taxable","14":"purchasable","15":"product-type-simple"},"barcode":null,"atum_controlled":true,"out_stock_date":null,"out_stock_threshold":null,"inheritable":false,"stock_on_hold":0,"sold_today":0,"sales_last_days":0,"out_stock_days":0,"lost_sales":0,"update_date":"2026-04-08T16:38:35","atum_locations":[],"atum_stock_status":"instock","restock_status":false,"low_stock_amount":"","sales_update_date":"2026-03-21T11:17:11","calc_backorders":null,"yoast_head":"<!-- This site is optimized with the Yoast SEO plugin v27.3 - https:\/\/yoast.com\/product\/yoast-seo-wordpress\/ -->\n<title>Cabo adaptador BetaFPV da c\u00e2mara SMO 4K - Iha Race<\/title>\n<meta name=\"robots\" content=\"index, follow, max-snippet:-1, max-image-preview:large, max-video-preview:-1\" \/>\n<link rel=\"canonical\" href=\"https:\/\/iha-race.com\/pt-pt\/produto\/cabo-adaptador-betafpv-camera-adaptador-betafpv-cabo-smo-4k\/\" \/>\n<meta property=\"og:locale\" content=\"pt_PT\" \/>\n<meta property=\"og:type\" content=\"article\" \/>\n<meta property=\"og:title\" content=\"Cabo adaptador BetaFPV da c\u00e2mara SMO 4K - Iha Race\" \/>\n<meta property=\"og:description\" content=\"Cabo adaptador BetaFPV da c\u00e2mara SMO 4K O cabo adaptador de c\u00e2mara SMO 4K foi concebido para os pilotos que j\u00e1 possuem Beta85X V2, Beta95X V2 e Beta95X V2 HD\" \/>\n<meta property=\"og:url\" content=\"https:\/\/iha-race.com\/pt-pt\/produto\/cabo-adaptador-betafpv-camera-adaptador-betafpv-cabo-smo-4k\/\" \/>\n<meta property=\"og:site_name\" content=\"Iha Race\" \/>\n<meta property=\"article:modified_time\" content=\"2024-08-29T10:35:47+00:00\" \/>\n<meta property=\"og:image\" content=\"https:\/\/iha-race.com\/wp-content\/uploads\/2021\/01\/Cable-adaptador-BetaFPV-de-la-Camara-SMO-4K.jpg\" \/>\n\t<meta property=\"og:image:width\" content=\"800\" \/>\n\t<meta property=\"og:image:height\" content=\"800\" \/>\n\t<meta property=\"og:image:type\" content=\"image\/jpeg\" \/>\n<meta name=\"twitter:card\" content=\"summary_large_image\" \/>\n<meta name=\"twitter:label1\" content=\"Tempo estimado de leitura\" \/>\n\t<meta name=\"twitter:data1\" content=\"1 minuto\" \/>\n<script type=\"application\/ld+json\" class=\"yoast-schema-graph\">{\"@context\":\"https:\\\/\\\/schema.org\",\"@graph\":[{\"@type\":\"WebPage\",\"@id\":\"https:\\\/\\\/iha-race.com\\\/pt-pt\\\/produto\\\/cabo-adaptador-betafpv-camera-adaptador-betafpv-cabo-smo-4k\\\/\",\"url\":\"https:\\\/\\\/iha-race.com\\\/pt-pt\\\/produto\\\/cabo-adaptador-betafpv-camera-adaptador-betafpv-cabo-smo-4k\\\/\",\"name\":\"Cabo adaptador BetaFPV da c\u00e2mara SMO 4K - Iha Race\",\"isPartOf\":{\"@id\":\"https:\\\/\\\/iha-race.com\\\/pt-pt\\\/#website\"},\"primaryImageOfPage\":{\"@id\":\"https:\\\/\\\/iha-race.com\\\/pt-pt\\\/produto\\\/cabo-adaptador-betafpv-camera-adaptador-betafpv-cabo-smo-4k\\\/#primaryimage\"},\"image\":{\"@id\":\"https:\\\/\\\/iha-race.com\\\/pt-pt\\\/produto\\\/cabo-adaptador-betafpv-camera-adaptador-betafpv-cabo-smo-4k\\\/#primaryimage\"},\"thumbnailUrl\":\"https:\\\/\\\/iha-race.com\\\/wp-content\\\/uploads\\\/2021\\\/01\\\/Cable-adaptador-BetaFPV-de-la-Camara-SMO-4K.jpg\",\"datePublished\":\"2021-01-26T15:38:54+00:00\",\"dateModified\":\"2024-08-29T10:35:47+00:00\",\"breadcrumb\":{\"@id\":\"https:\\\/\\\/iha-race.com\\\/pt-pt\\\/produto\\\/cabo-adaptador-betafpv-camera-adaptador-betafpv-cabo-smo-4k\\\/#breadcrumb\"},\"inLanguage\":\"pt-PT\",\"potentialAction\":[{\"@type\":\"ReadAction\",\"target\":[\"https:\\\/\\\/iha-race.com\\\/pt-pt\\\/produto\\\/cabo-adaptador-betafpv-camera-adaptador-betafpv-cabo-smo-4k\\\/\"]}]},{\"@type\":\"ImageObject\",\"inLanguage\":\"pt-PT\",\"@id\":\"https:\\\/\\\/iha-race.com\\\/pt-pt\\\/produto\\\/cabo-adaptador-betafpv-camera-adaptador-betafpv-cabo-smo-4k\\\/#primaryimage\",\"url\":\"https:\\\/\\\/iha-race.com\\\/wp-content\\\/uploads\\\/2021\\\/01\\\/Cable-adaptador-BetaFPV-de-la-Camara-SMO-4K.jpg\",\"contentUrl\":\"https:\\\/\\\/iha-race.com\\\/wp-content\\\/uploads\\\/2021\\\/01\\\/Cable-adaptador-BetaFPV-de-la-Camara-SMO-4K.jpg\",\"width\":800,\"height\":800,\"caption\":\"comprar o mais barato SMO 4K Adaptador de C\u00e2mera BetaFPV Cabo BetaFPV\"},{\"@type\":\"BreadcrumbList\",\"@id\":\"https:\\\/\\\/iha-race.com\\\/pt-pt\\\/produto\\\/cabo-adaptador-betafpv-camera-adaptador-betafpv-cabo-smo-4k\\\/#breadcrumb\",\"itemListElement\":[{\"@type\":\"ListItem\",\"position\":1,\"name\":\"Portada\",\"item\":\"https:\\\/\\\/iha-race.com\\\/pt-pt\\\/elementor-499\\\/\"},{\"@type\":\"ListItem\",\"position\":2,\"name\":\"Shop\",\"item\":\"https:\\\/\\\/iha-race.com\\\/pt-pt\\\/shop\\\/\"},{\"@type\":\"ListItem\",\"position\":3,\"name\":\"Cabo adaptador BetaFPV da c\u00e2mara SMO 4K\"}]},{\"@type\":\"WebSite\",\"@id\":\"https:\\\/\\\/iha-race.com\\\/pt-pt\\\/#website\",\"url\":\"https:\\\/\\\/iha-race.com\\\/pt-pt\\\/\",\"name\":\"Iha Race\",\"description\":\"Comprar drones de carreras FPV env\u00edos en un d\u00eda desde Espa\u00f1a\",\"publisher\":{\"@id\":\"https:\\\/\\\/iha-race.com\\\/pt-pt\\\/#organization\"},\"potentialAction\":[{\"@type\":\"SearchAction\",\"target\":{\"@type\":\"EntryPoint\",\"urlTemplate\":\"https:\\\/\\\/iha-race.com\\\/pt-pt\\\/?s={search_term_string}\"},\"query-input\":{\"@type\":\"PropertyValueSpecification\",\"valueRequired\":true,\"valueName\":\"search_term_string\"}}],\"inLanguage\":\"pt-PT\"},{\"@type\":\"Organization\",\"@id\":\"https:\\\/\\\/iha-race.com\\\/pt-pt\\\/#organization\",\"name\":\"Iha Race\",\"url\":\"https:\\\/\\\/iha-race.com\\\/pt-pt\\\/\",\"logo\":{\"@type\":\"ImageObject\",\"inLanguage\":\"pt-PT\",\"@id\":\"https:\\\/\\\/iha-race.com\\\/pt-pt\\\/#\\\/schema\\\/logo\\\/image\\\/\",\"url\":\"https:\\\/\\\/iha-race.com\\\/wp-content\\\/uploads\\\/2018\\\/07\\\/iha-race-drones-de-carreras-tienda-comprar-drones.png\",\"contentUrl\":\"https:\\\/\\\/iha-race.com\\\/wp-content\\\/uploads\\\/2018\\\/07\\\/iha-race-drones-de-carreras-tienda-comprar-drones.png\",\"width\":300,\"height\":100,\"caption\":\"Iha Race\"},\"image\":{\"@id\":\"https:\\\/\\\/iha-race.com\\\/pt-pt\\\/#\\\/schema\\\/logo\\\/image\\\/\"}}]}<\/script>\n<!-- \/ Yoast SEO plugin. -->","yoast_head_json":{"title":"Cabo adaptador BetaFPV da c\u00e2mara SMO 4K - Iha Race","robots":{"index":"index","follow":"follow","max-snippet":"max-snippet:-1","max-image-preview":"max-image-preview:large","max-video-preview":"max-video-preview:-1"},"canonical":"https:\/\/iha-race.com\/pt-pt\/produto\/cabo-adaptador-betafpv-camera-adaptador-betafpv-cabo-smo-4k\/","og_locale":"pt_PT","og_type":"article","og_title":"Cabo adaptador BetaFPV da c\u00e2mara SMO 4K - Iha Race","og_description":"Cabo adaptador BetaFPV da c\u00e2mara SMO 4K O cabo adaptador de c\u00e2mara SMO 4K foi concebido para os pilotos que j\u00e1 possuem Beta85X V2, Beta95X V2 e Beta95X V2 HD","og_url":"https:\/\/iha-race.com\/pt-pt\/produto\/cabo-adaptador-betafpv-camera-adaptador-betafpv-cabo-smo-4k\/","og_site_name":"Iha Race","article_modified_time":"2024-08-29T10:35:47+00:00","og_image":[{"width":800,"height":800,"url":"https:\/\/iha-race.com\/wp-content\/uploads\/2021\/01\/Cable-adaptador-BetaFPV-de-la-Camara-SMO-4K.jpg","type":"image\/jpeg"}],"twitter_card":"summary_large_image","twitter_misc":{"Tempo estimado de leitura":"1 minuto"},"schema":{"@context":"https:\/\/schema.org","@graph":[{"@type":"WebPage","@id":"https:\/\/iha-race.com\/pt-pt\/produto\/cabo-adaptador-betafpv-camera-adaptador-betafpv-cabo-smo-4k\/","url":"https:\/\/iha-race.com\/pt-pt\/produto\/cabo-adaptador-betafpv-camera-adaptador-betafpv-cabo-smo-4k\/","name":"Cabo adaptador BetaFPV da c\u00e2mara SMO 4K - Iha Race","isPartOf":{"@id":"https:\/\/iha-race.com\/pt-pt\/#website"},"primaryImageOfPage":{"@id":"https:\/\/iha-race.com\/pt-pt\/produto\/cabo-adaptador-betafpv-camera-adaptador-betafpv-cabo-smo-4k\/#primaryimage"},"image":{"@id":"https:\/\/iha-race.com\/pt-pt\/produto\/cabo-adaptador-betafpv-camera-adaptador-betafpv-cabo-smo-4k\/#primaryimage"},"thumbnailUrl":"https:\/\/iha-race.com\/wp-content\/uploads\/2021\/01\/Cable-adaptador-BetaFPV-de-la-Camara-SMO-4K.jpg","datePublished":"2021-01-26T15:38:54+00:00","dateModified":"2024-08-29T10:35:47+00:00","breadcrumb":{"@id":"https:\/\/iha-race.com\/pt-pt\/produto\/cabo-adaptador-betafpv-camera-adaptador-betafpv-cabo-smo-4k\/#breadcrumb"},"inLanguage":"pt-PT","potentialAction":[{"@type":"ReadAction","target":["https:\/\/iha-race.com\/pt-pt\/produto\/cabo-adaptador-betafpv-camera-adaptador-betafpv-cabo-smo-4k\/"]}]},{"@type":"ImageObject","inLanguage":"pt-PT","@id":"https:\/\/iha-race.com\/pt-pt\/produto\/cabo-adaptador-betafpv-camera-adaptador-betafpv-cabo-smo-4k\/#primaryimage","url":"https:\/\/iha-race.com\/wp-content\/uploads\/2021\/01\/Cable-adaptador-BetaFPV-de-la-Camara-SMO-4K.jpg","contentUrl":"https:\/\/iha-race.com\/wp-content\/uploads\/2021\/01\/Cable-adaptador-BetaFPV-de-la-Camara-SMO-4K.jpg","width":800,"height":800,"caption":"comprar o mais barato SMO 4K Adaptador de C\u00e2mera BetaFPV Cabo BetaFPV"},{"@type":"BreadcrumbList","@id":"https:\/\/iha-race.com\/pt-pt\/produto\/cabo-adaptador-betafpv-camera-adaptador-betafpv-cabo-smo-4k\/#breadcrumb","itemListElement":[{"@type":"ListItem","position":1,"name":"Portada","item":"https:\/\/iha-race.com\/pt-pt\/elementor-499\/"},{"@type":"ListItem","position":2,"name":"Shop","item":"https:\/\/iha-race.com\/pt-pt\/shop\/"},{"@type":"ListItem","position":3,"name":"Cabo adaptador BetaFPV da c\u00e2mara SMO 4K"}]},{"@type":"WebSite","@id":"https:\/\/iha-race.com\/pt-pt\/#website","url":"https:\/\/iha-race.com\/pt-pt\/","name":"Iha Race","description":"Comprar drones de carreras FPV env\u00edos en un d\u00eda desde Espa\u00f1a","publisher":{"@id":"https:\/\/iha-race.com\/pt-pt\/#organization"},"potentialAction":[{"@type":"SearchAction","target":{"@type":"EntryPoint","urlTemplate":"https:\/\/iha-race.com\/pt-pt\/?s={search_term_string}"},"query-input":{"@type":"PropertyValueSpecification","valueRequired":true,"valueName":"search_term_string"}}],"inLanguage":"pt-PT"},{"@type":"Organization","@id":"https:\/\/iha-race.com\/pt-pt\/#organization","name":"Iha Race","url":"https:\/\/iha-race.com\/pt-pt\/","logo":{"@type":"ImageObject","inLanguage":"pt-PT","@id":"https:\/\/iha-race.com\/pt-pt\/#\/schema\/logo\/image\/","url":"https:\/\/iha-race.com\/wp-content\/uploads\/2018\/07\/iha-race-drones-de-carreras-tienda-comprar-drones.png","contentUrl":"https:\/\/iha-race.com\/wp-content\/uploads\/2018\/07\/iha-race-drones-de-carreras-tienda-comprar-drones.png","width":300,"height":100,"caption":"Iha Race"},"image":{"@id":"https:\/\/iha-race.com\/pt-pt\/#\/schema\/logo\/image\/"}}]}},"brands":[],"_links":{"self":[{"href":"https:\/\/iha-race.com\/pt-pt\/wp-json\/wp\/v2\/product\/113531","targetHints":{"allow":["GET"]}}],"collection":[{"href":"https:\/\/iha-race.com\/pt-pt\/wp-json\/wp\/v2\/product"}],"about":[{"href":"https:\/\/iha-race.com\/pt-pt\/wp-json\/wp\/v2\/types\/product"}],"replies":[{"embeddable":true,"href":"https:\/\/iha-race.com\/pt-pt\/wp-json\/wp\/v2\/comments?post=113531"}],"version-history":[{"count":3,"href":"https:\/\/iha-race.com\/pt-pt\/wp-json\/wp\/v2\/product\/113531\/revisions"}],"predecessor-version":[{"id":249674,"href":"https:\/\/iha-race.com\/pt-pt\/wp-json\/wp\/v2\/product\/113531\/revisions\/249674"}],"wp:featuredmedia":[{"embeddable":true,"href":"https:\/\/iha-race.com\/pt-pt\/wp-json\/wp\/v2\/media\/96227"}],"wp:attachment":[{"href":"https:\/\/iha-race.com\/pt-pt\/wp-json\/wp\/v2\/media?parent=113531"}],"wp:term":[{"taxonomy":"pwb-brand","embeddable":true,"href":"https:\/\/iha-race.com\/pt-pt\/wp-json\/wp\/v2\/pwb-brand?post=113531"},{"taxonomy":"product_cat","embeddable":true,"href":"https:\/\/iha-race.com\/pt-pt\/wp-json\/wp\/v2\/product_cat?post=113531"},{"taxonomy":"product_tag","embeddable":true,"href":"https:\/\/iha-race.com\/pt-pt\/wp-json\/wp\/v2\/product_tag?post=113531"}],"curies":[{"name":"wp","href":"https:\/\/api.w.org\/{rel}","templated":true}]}}