{"id":113520,"date":"2021-02-12T16:12:30","date_gmt":"2021-02-12T15:12:30","guid":{"rendered":"https:\/\/iha-race.com\/producto\/oculos-de-proteccao-cobrax-v2-fpv-skyzone\/"},"modified":"2025-05-22T00:32:24","modified_gmt":"2025-05-21T22:32:24","slug":"fpv-skyzone-cobrax-v4-glasses","status":"publish","type":"product","link":"https:\/\/iha-race.com\/pt-pt\/produto\/fpv-skyzone-cobrax-v4-glasses\/","title":{"rendered":"\u00d3culos de prote\u00e7\u00e3o SKYZONE CobraX V4 FPV"},"content":{"rendered":"<h2>\u00d3culos de prote\u00e7\u00e3o SKYZONE CobraX V4 FPV<\/h2>\n<p>  Os \u00f3culos <strong>Skyzone Cobra X V4<\/strong> s\u00e3o \u00f3culos FPV 4:3\/16:9 comut\u00e1veis. Estes \u00f3culos t\u00eam um ecr\u00e3 LCD com cores vivas e alto brilho, permitindo que os pilotos vejam mais detalhes enquanto competem. Com um recetor Steadyview, o recetor funde dois sinais num s\u00f3, evitando que a imagem se separe e se mova, tornando a imagem mais est\u00e1vel e mais n\u00edtida em condi\u00e7\u00f5es dif\u00edceis. Os pilotos podem usar \u00f3culos de prote\u00e7\u00e3o enquanto usam estes \u00f3culos de prote\u00e7\u00e3o. O novo sistema operativo tem dez idiomas \u00e0 escolha e o sistema de menus \u00e9 f\u00e1cil de navegar. A roda de vaiv\u00e9m e a nova interface de utilizador permitem ao piloto definir todas as configura\u00e7\u00f5es rodando a roda sem retirar os \u00f3culos de prote\u00e7\u00e3o. Estes \u00f3culos podem funcionar com uma bateria LiPo 18650 de 1 c\u00e9lula durante 2 a 6 segundos. O carregamento USB e DC torna estes \u00f3culos f\u00e1ceis de utilizar no terreno. Os \u00f3culos de prote\u00e7\u00e3o <strong>Cobra X V4<\/strong> incluem uma unidade DVR de 60 FPS melhorada e uma placa de gest\u00e3o de energia melhorada para um tempo de funcionamento prolongado.  <strong>V\u00cdDEO: An\u00e1lise do Skyzone Cobra X V4. DVR e pot\u00eancia melhorados! (\u00c1udio em ingl\u00eas)<\/strong><br \/>\n<iframe title=\"Skyzone Cobra X V2 review. Upgraded DVR and power!!\" width=\"1200\" height=\"675\" src=\"https:\/\/www.youtube.com\/embed\/GSvt7rWk6HQ?feature=oembed\" frameborder=\"0\" allow=\"accelerometer; autoplay; clipboard-write; encrypted-media; gyroscope; picture-in-picture; web-share\" referrerpolicy=\"strict-origin-when-cross-origin\" allowfullscreen><\/iframe><\/p>\n<h2>Caracter\u00edsticas<\/h2>\n<ul>\n<li>R\u00e1cio de aspeto comut\u00e1vel 4:3\/16:9, resolu\u00e7\u00e3o 1280&#215;720<\/li>\n<li>Quadro de gest\u00e3o da energia atualizado<\/li>\n<li>Defini\u00e7\u00f5es avan\u00e7adas do ecr\u00e3<\/li>\n<li>Controlo da roda de vaiv\u00e9m<\/li>\n<li>Recetor SteadyView<\/li>\n<li>Seguimento da cabe\u00e7a incorporado<\/li>\n<li>Unidade DVR de 60 FPS<\/li>\n<li>10 l\u00ednguas<\/li>\n<\/ul>\n<h2>Especifica\u00e7\u00f5es<\/h2>\n<ul>\n<li>Rastreador de cabe\u00e7a: aceler\u00f3metro de 3 eixos, girosc\u00f3pio de 3 eixos<\/li>\n<li>Fonte de alimenta\u00e7\u00e3o: 1 c\u00e9lula 18650\/CC 6,5-25,2 V\/USB 5 V<\/li>\n<li>DVR: H264, 30 fps, MOV 6 Mbps, SD at\u00e9 128 Gb<\/li>\n<li>Recetor: 5,8 Ghz, recetor SteadyView de 48 canais<\/li>\n<li>Consumo de energia: 12 V 0,63 A 5 V 1,5 A.<\/li>\n<li>Dimens\u00f5es: 122x165x100mm<\/li>\n<li>Firmware: Cobra X V4.1.2<\/li>\n<li>L\u00edngua: 10 l\u00ednguas<\/li>\n<li>Resolu\u00e7\u00e3o: 1280X720<\/li>\n<li>Rela\u00e7\u00e3o de aspeto: 4:3\/16:9<\/li>\n<li>Campo de vis\u00e3o (diagonal): 50\u00b0 (diagonal)<\/li>\n<li>Peso: 332g<\/li>\n<li>Mostrar: LCD<\/li>\n<li>Preto<\/li>\n<\/ul>\n<h2>Inclui<\/h2>\n<ul>\n<li>1 x \u00d3culos de prote\u00e7\u00e3o Skyzone Cobra X V4 FPV &#8211; Preto<\/li>\n<li>2 antenas 2dD de 5,8 GHz<\/li>\n<li>1 x Cabo de monitoriza\u00e7\u00e3o da cabe\u00e7a<\/li>\n<li>1 x cabo de v\u00eddeo\/\u00e1udio.<\/li>\n<li>1 x m\u00f3dulo recetor<\/li>\n<li>1 x cabo USB-C.<\/li>\n<li>1 x Cabo de alimenta\u00e7\u00e3o<\/li>\n<li>1 x Manual do Utilizador<\/li>\n<\/ul>\n","protected":false},"excerpt":{"rendered":"<div class=\"mb-4 leading-relaxed product-description prose border-b pb-6\">Os \u00f3culos Skyzone Cobra X V4 s\u00e3o \u00f3culos FPV comut\u00e1veis 4:3\/16:9. Estes \u00f3culos t\u00eam um ecr\u00e3 LCD com cores vivas e alto brilho. Os \u00f3culos de prote\u00e7\u00e3o Cobra X V4 incluem uma unidade DVR de 60 FPS melhorada e uma placa de gest\u00e3o de energia.<\/div>\n","protected":false},"featured_media":96906,"comment_status":"open","ping_status":"closed","template":"","meta":{"_joinchat":[]},"pwb-brand":[],"product_cat":[1132,2454],"product_tag":[],"class_list":{"0":"post-113520","1":"product","2":"type-product","3":"status-publish","4":"has-post-thumbnail","6":"product_cat-oculos-de-proteccao-fpv","7":"product_cat-vidros-e-monitores","9":"first","10":"outofstock","11":"taxable","12":"shipping-taxable","13":"purchasable","14":"product-type-simple"},"barcode":null,"atum_controlled":true,"out_stock_date":"2025-05-27 13:31:02","out_stock_threshold":null,"inheritable":false,"stock_on_hold":0,"sold_today":0,"sales_last_days":1,"out_stock_days":0,"lost_sales":0,"update_date":"2026-04-08T16:39:07","atum_locations":[],"atum_stock_status":"outofstock","restock_status":false,"low_stock_amount":"","sales_update_date":"2025-05-27T11:29:11","calc_backorders":null,"yoast_head":"<!-- This site is optimized with the Yoast SEO plugin v27.3 - https:\/\/yoast.com\/product\/yoast-seo-wordpress\/ -->\n<title>\u00d3culos de prote\u00e7\u00e3o SKYZONE CobraX V4 FPV - Iha Race<\/title>\n<meta name=\"robots\" content=\"index, follow, max-snippet:-1, max-image-preview:large, max-video-preview:-1\" \/>\n<link rel=\"canonical\" href=\"https:\/\/iha-race.com\/pt-pt\/produto\/fpv-skyzone-cobrax-v4-glasses\/\" \/>\n<meta property=\"og:locale\" content=\"pt_PT\" \/>\n<meta property=\"og:type\" content=\"article\" \/>\n<meta property=\"og:title\" content=\"\u00d3culos de prote\u00e7\u00e3o SKYZONE CobraX V4 FPV - Iha Race\" \/>\n<meta property=\"og:description\" content=\"Os \u00f3culos Skyzone Cobra X V4 s\u00e3o \u00f3culos FPV comut\u00e1veis 4:3\/16:9. Estes \u00f3culos t\u00eam um ecr\u00e3 LCD com cores vivas e alto brilho. Os \u00f3culos de prote\u00e7\u00e3o Cobra X V4 incluem uma unidade DVR de 60 FPS melhorada e uma placa de gest\u00e3o de energia.\" \/>\n<meta property=\"og:url\" content=\"https:\/\/iha-race.com\/pt-pt\/produto\/fpv-skyzone-cobrax-v4-glasses\/\" \/>\n<meta property=\"og:site_name\" content=\"Iha Race\" \/>\n<meta property=\"article:modified_time\" content=\"2025-05-21T22:32:24+00:00\" \/>\n<meta property=\"og:image\" content=\"https:\/\/iha-race.com\/wp-content\/uploads\/2021\/02\/Gafas-fpv-CobraX.png\" \/>\n\t<meta property=\"og:image:width\" content=\"1000\" \/>\n\t<meta property=\"og:image:height\" content=\"1000\" \/>\n\t<meta property=\"og:image:type\" content=\"image\/png\" \/>\n<meta name=\"twitter:card\" content=\"summary_large_image\" \/>\n<meta name=\"twitter:label1\" content=\"Tempo estimado de leitura\" \/>\n\t<meta name=\"twitter:data1\" content=\"2 minutos\" \/>\n<script type=\"application\/ld+json\" class=\"yoast-schema-graph\">{\"@context\":\"https:\\\/\\\/schema.org\",\"@graph\":[{\"@type\":\"WebPage\",\"@id\":\"https:\\\/\\\/iha-race.com\\\/pt-pt\\\/produto\\\/fpv-skyzone-cobrax-v4-glasses\\\/\",\"url\":\"https:\\\/\\\/iha-race.com\\\/pt-pt\\\/produto\\\/fpv-skyzone-cobrax-v4-glasses\\\/\",\"name\":\"\u00d3culos de prote\u00e7\u00e3o SKYZONE CobraX V4 FPV - Iha Race\",\"isPartOf\":{\"@id\":\"https:\\\/\\\/iha-race.com\\\/pt-pt\\\/#website\"},\"primaryImageOfPage\":{\"@id\":\"https:\\\/\\\/iha-race.com\\\/pt-pt\\\/produto\\\/fpv-skyzone-cobrax-v4-glasses\\\/#primaryimage\"},\"image\":{\"@id\":\"https:\\\/\\\/iha-race.com\\\/pt-pt\\\/produto\\\/fpv-skyzone-cobrax-v4-glasses\\\/#primaryimage\"},\"thumbnailUrl\":\"https:\\\/\\\/iha-race.com\\\/wp-content\\\/uploads\\\/2021\\\/02\\\/Gafas-fpv-CobraX.png\",\"datePublished\":\"2021-02-12T15:12:30+00:00\",\"dateModified\":\"2025-05-21T22:32:24+00:00\",\"breadcrumb\":{\"@id\":\"https:\\\/\\\/iha-race.com\\\/pt-pt\\\/produto\\\/fpv-skyzone-cobrax-v4-glasses\\\/#breadcrumb\"},\"inLanguage\":\"pt-PT\",\"potentialAction\":[{\"@type\":\"ReadAction\",\"target\":[\"https:\\\/\\\/iha-race.com\\\/pt-pt\\\/produto\\\/fpv-skyzone-cobrax-v4-glasses\\\/\"]}]},{\"@type\":\"ImageObject\",\"inLanguage\":\"pt-PT\",\"@id\":\"https:\\\/\\\/iha-race.com\\\/pt-pt\\\/produto\\\/fpv-skyzone-cobrax-v4-glasses\\\/#primaryimage\",\"url\":\"https:\\\/\\\/iha-race.com\\\/wp-content\\\/uploads\\\/2021\\\/02\\\/Gafas-fpv-CobraX.png\",\"contentUrl\":\"https:\\\/\\\/iha-race.com\\\/wp-content\\\/uploads\\\/2021\\\/02\\\/Gafas-fpv-CobraX.png\",\"width\":1000,\"height\":1000,\"caption\":\"comprar os \u00f3culos de fpv CobraX mais baratos\"},{\"@type\":\"BreadcrumbList\",\"@id\":\"https:\\\/\\\/iha-race.com\\\/pt-pt\\\/produto\\\/fpv-skyzone-cobrax-v4-glasses\\\/#breadcrumb\",\"itemListElement\":[{\"@type\":\"ListItem\",\"position\":1,\"name\":\"Portada\",\"item\":\"https:\\\/\\\/iha-race.com\\\/pt-pt\\\/elementor-499\\\/\"},{\"@type\":\"ListItem\",\"position\":2,\"name\":\"Shop\",\"item\":\"https:\\\/\\\/iha-race.com\\\/pt-pt\\\/shop\\\/\"},{\"@type\":\"ListItem\",\"position\":3,\"name\":\"\u00d3culos de prote\u00e7\u00e3o SKYZONE CobraX V4 FPV\"}]},{\"@type\":\"WebSite\",\"@id\":\"https:\\\/\\\/iha-race.com\\\/pt-pt\\\/#website\",\"url\":\"https:\\\/\\\/iha-race.com\\\/pt-pt\\\/\",\"name\":\"Iha Race\",\"description\":\"Comprar drones de carreras FPV env\u00edos en un d\u00eda desde Espa\u00f1a\",\"publisher\":{\"@id\":\"https:\\\/\\\/iha-race.com\\\/pt-pt\\\/#organization\"},\"potentialAction\":[{\"@type\":\"SearchAction\",\"target\":{\"@type\":\"EntryPoint\",\"urlTemplate\":\"https:\\\/\\\/iha-race.com\\\/pt-pt\\\/?s={search_term_string}\"},\"query-input\":{\"@type\":\"PropertyValueSpecification\",\"valueRequired\":true,\"valueName\":\"search_term_string\"}}],\"inLanguage\":\"pt-PT\"},{\"@type\":\"Organization\",\"@id\":\"https:\\\/\\\/iha-race.com\\\/pt-pt\\\/#organization\",\"name\":\"Iha Race\",\"url\":\"https:\\\/\\\/iha-race.com\\\/pt-pt\\\/\",\"logo\":{\"@type\":\"ImageObject\",\"inLanguage\":\"pt-PT\",\"@id\":\"https:\\\/\\\/iha-race.com\\\/pt-pt\\\/#\\\/schema\\\/logo\\\/image\\\/\",\"url\":\"https:\\\/\\\/iha-race.com\\\/wp-content\\\/uploads\\\/2018\\\/07\\\/iha-race-drones-de-carreras-tienda-comprar-drones.png\",\"contentUrl\":\"https:\\\/\\\/iha-race.com\\\/wp-content\\\/uploads\\\/2018\\\/07\\\/iha-race-drones-de-carreras-tienda-comprar-drones.png\",\"width\":300,\"height\":100,\"caption\":\"Iha Race\"},\"image\":{\"@id\":\"https:\\\/\\\/iha-race.com\\\/pt-pt\\\/#\\\/schema\\\/logo\\\/image\\\/\"}}]}<\/script>\n<!-- \/ Yoast SEO plugin. -->","yoast_head_json":{"title":"\u00d3culos de prote\u00e7\u00e3o SKYZONE CobraX V4 FPV - Iha Race","robots":{"index":"index","follow":"follow","max-snippet":"max-snippet:-1","max-image-preview":"max-image-preview:large","max-video-preview":"max-video-preview:-1"},"canonical":"https:\/\/iha-race.com\/pt-pt\/produto\/fpv-skyzone-cobrax-v4-glasses\/","og_locale":"pt_PT","og_type":"article","og_title":"\u00d3culos de prote\u00e7\u00e3o SKYZONE CobraX V4 FPV - Iha Race","og_description":"Os \u00f3culos Skyzone Cobra X V4 s\u00e3o \u00f3culos FPV comut\u00e1veis 4:3\/16:9. Estes \u00f3culos t\u00eam um ecr\u00e3 LCD com cores vivas e alto brilho. Os \u00f3culos de prote\u00e7\u00e3o Cobra X V4 incluem uma unidade DVR de 60 FPS melhorada e uma placa de gest\u00e3o de energia.","og_url":"https:\/\/iha-race.com\/pt-pt\/produto\/fpv-skyzone-cobrax-v4-glasses\/","og_site_name":"Iha Race","article_modified_time":"2025-05-21T22:32:24+00:00","og_image":[{"width":1000,"height":1000,"url":"https:\/\/iha-race.com\/wp-content\/uploads\/2021\/02\/Gafas-fpv-CobraX.png","type":"image\/png"}],"twitter_card":"summary_large_image","twitter_misc":{"Tempo estimado de leitura":"2 minutos"},"schema":{"@context":"https:\/\/schema.org","@graph":[{"@type":"WebPage","@id":"https:\/\/iha-race.com\/pt-pt\/produto\/fpv-skyzone-cobrax-v4-glasses\/","url":"https:\/\/iha-race.com\/pt-pt\/produto\/fpv-skyzone-cobrax-v4-glasses\/","name":"\u00d3culos de prote\u00e7\u00e3o SKYZONE CobraX V4 FPV - Iha Race","isPartOf":{"@id":"https:\/\/iha-race.com\/pt-pt\/#website"},"primaryImageOfPage":{"@id":"https:\/\/iha-race.com\/pt-pt\/produto\/fpv-skyzone-cobrax-v4-glasses\/#primaryimage"},"image":{"@id":"https:\/\/iha-race.com\/pt-pt\/produto\/fpv-skyzone-cobrax-v4-glasses\/#primaryimage"},"thumbnailUrl":"https:\/\/iha-race.com\/wp-content\/uploads\/2021\/02\/Gafas-fpv-CobraX.png","datePublished":"2021-02-12T15:12:30+00:00","dateModified":"2025-05-21T22:32:24+00:00","breadcrumb":{"@id":"https:\/\/iha-race.com\/pt-pt\/produto\/fpv-skyzone-cobrax-v4-glasses\/#breadcrumb"},"inLanguage":"pt-PT","potentialAction":[{"@type":"ReadAction","target":["https:\/\/iha-race.com\/pt-pt\/produto\/fpv-skyzone-cobrax-v4-glasses\/"]}]},{"@type":"ImageObject","inLanguage":"pt-PT","@id":"https:\/\/iha-race.com\/pt-pt\/produto\/fpv-skyzone-cobrax-v4-glasses\/#primaryimage","url":"https:\/\/iha-race.com\/wp-content\/uploads\/2021\/02\/Gafas-fpv-CobraX.png","contentUrl":"https:\/\/iha-race.com\/wp-content\/uploads\/2021\/02\/Gafas-fpv-CobraX.png","width":1000,"height":1000,"caption":"comprar os \u00f3culos de fpv CobraX mais baratos"},{"@type":"BreadcrumbList","@id":"https:\/\/iha-race.com\/pt-pt\/produto\/fpv-skyzone-cobrax-v4-glasses\/#breadcrumb","itemListElement":[{"@type":"ListItem","position":1,"name":"Portada","item":"https:\/\/iha-race.com\/pt-pt\/elementor-499\/"},{"@type":"ListItem","position":2,"name":"Shop","item":"https:\/\/iha-race.com\/pt-pt\/shop\/"},{"@type":"ListItem","position":3,"name":"\u00d3culos de prote\u00e7\u00e3o SKYZONE CobraX V4 FPV"}]},{"@type":"WebSite","@id":"https:\/\/iha-race.com\/pt-pt\/#website","url":"https:\/\/iha-race.com\/pt-pt\/","name":"Iha Race","description":"Comprar drones de carreras FPV env\u00edos en un d\u00eda desde Espa\u00f1a","publisher":{"@id":"https:\/\/iha-race.com\/pt-pt\/#organization"},"potentialAction":[{"@type":"SearchAction","target":{"@type":"EntryPoint","urlTemplate":"https:\/\/iha-race.com\/pt-pt\/?s={search_term_string}"},"query-input":{"@type":"PropertyValueSpecification","valueRequired":true,"valueName":"search_term_string"}}],"inLanguage":"pt-PT"},{"@type":"Organization","@id":"https:\/\/iha-race.com\/pt-pt\/#organization","name":"Iha Race","url":"https:\/\/iha-race.com\/pt-pt\/","logo":{"@type":"ImageObject","inLanguage":"pt-PT","@id":"https:\/\/iha-race.com\/pt-pt\/#\/schema\/logo\/image\/","url":"https:\/\/iha-race.com\/wp-content\/uploads\/2018\/07\/iha-race-drones-de-carreras-tienda-comprar-drones.png","contentUrl":"https:\/\/iha-race.com\/wp-content\/uploads\/2018\/07\/iha-race-drones-de-carreras-tienda-comprar-drones.png","width":300,"height":100,"caption":"Iha Race"},"image":{"@id":"https:\/\/iha-race.com\/pt-pt\/#\/schema\/logo\/image\/"}}]}},"brands":[],"_links":{"self":[{"href":"https:\/\/iha-race.com\/pt-pt\/wp-json\/wp\/v2\/product\/113520","targetHints":{"allow":["GET"]}}],"collection":[{"href":"https:\/\/iha-race.com\/pt-pt\/wp-json\/wp\/v2\/product"}],"about":[{"href":"https:\/\/iha-race.com\/pt-pt\/wp-json\/wp\/v2\/types\/product"}],"replies":[{"embeddable":true,"href":"https:\/\/iha-race.com\/pt-pt\/wp-json\/wp\/v2\/comments?post=113520"}],"version-history":[{"count":6,"href":"https:\/\/iha-race.com\/pt-pt\/wp-json\/wp\/v2\/product\/113520\/revisions"}],"predecessor-version":[{"id":249663,"href":"https:\/\/iha-race.com\/pt-pt\/wp-json\/wp\/v2\/product\/113520\/revisions\/249663"}],"wp:featuredmedia":[{"embeddable":true,"href":"https:\/\/iha-race.com\/pt-pt\/wp-json\/wp\/v2\/media\/96906"}],"wp:attachment":[{"href":"https:\/\/iha-race.com\/pt-pt\/wp-json\/wp\/v2\/media?parent=113520"}],"wp:term":[{"taxonomy":"pwb-brand","embeddable":true,"href":"https:\/\/iha-race.com\/pt-pt\/wp-json\/wp\/v2\/pwb-brand?post=113520"},{"taxonomy":"product_cat","embeddable":true,"href":"https:\/\/iha-race.com\/pt-pt\/wp-json\/wp\/v2\/product_cat?post=113520"},{"taxonomy":"product_tag","embeddable":true,"href":"https:\/\/iha-race.com\/pt-pt\/wp-json\/wp\/v2\/product_tag?post=113520"}],"curies":[{"name":"wp","href":"https:\/\/api.w.org\/{rel}","templated":true}]}}