{"id":113475,"date":"2020-12-09T16:03:38","date_gmt":"2020-12-09T15:03:38","guid":{"rendered":"https:\/\/iha-race.com\/producto\/caddx-fpv-cabo-coaxial-para-vista-digital-varios-tamanhos\/"},"modified":"2024-08-29T12:38:15","modified_gmt":"2024-08-29T10:38:15","slug":"medicoes-de-cabo-coaxial-para-visualizacao-digital-variavel","status":"publish","type":"product","link":"https:\/\/iha-race.com\/pt-pt\/produto\/medicoes-de-cabo-coaxial-para-visualizacao-digital-variavel\/","title":{"rendered":"Cabo Coaxial para Vista Digital &#8211; V\u00e1rios tamanhos"},"content":{"rendered":"<h2>Especifica\u00e7\u00f5es:<\/h2>\n<ul>\n<li>Marca: RunCam ou CADDX<\/li>\n<li>Tamanhos:6cm,8cm, 12cm e 20cm<\/li>\n<li>Peso: 1,25 g<\/li>\n<\/ul>\n<h2>O pacote inclui:<\/h2>\n<ul>\n<li>1 x Cabo coaxial Vista (tamanho de escolha)<\/li>\n<\/ul>\n","protected":false},"excerpt":{"rendered":"<p>Um cabo coaxial sobressalente ou de substitui\u00e7\u00e3o de v\u00e1rios tamanhos para o sistema Caddx Vista Digital HD.<\/p>\n","protected":false},"featured_media":94334,"comment_status":"open","ping_status":"closed","template":"","meta":{"_joinchat":[]},"pwb-brand":[],"product_cat":[2434,2053],"product_tag":[],"class_list":{"0":"post-113475","1":"product","2":"type-product","3":"status-publish","4":"has-post-thumbnail","6":"product_cat-pecas-sobressalentes","7":"product_cat-sistemas-digitais","9":"first","10":"instock","11":"taxable","12":"shipping-taxable","13":"purchasable","14":"product-type-variable"},"barcode":null,"atum_controlled":true,"out_stock_date":null,"out_stock_threshold":null,"inheritable":true,"stock_on_hold":0,"sold_today":0,"sales_last_days":2,"out_stock_days":0,"lost_sales":0,"update_date":"2026-03-04T15:34:09","atum_locations":[],"atum_stock_status":"instock","restock_status":false,"low_stock_amount":"","sales_update_date":"2026-03-04T15:34:09","calc_backorders":null,"yoast_head":"<!-- This site is optimized with the Yoast SEO plugin v27.3 - https:\/\/yoast.com\/product\/yoast-seo-wordpress\/ -->\n<title>Cabo Coaxial para Vista Digital - V\u00e1rios tamanhos - Iha Race<\/title>\n<meta name=\"robots\" content=\"index, follow, max-snippet:-1, max-image-preview:large, max-video-preview:-1\" \/>\n<link rel=\"canonical\" href=\"https:\/\/iha-race.com\/pt-pt\/produto\/medicoes-de-cabo-coaxial-para-visualizacao-digital-variavel\/\" \/>\n<meta property=\"og:locale\" content=\"pt_PT\" \/>\n<meta property=\"og:type\" content=\"article\" \/>\n<meta property=\"og:title\" content=\"Cabo Coaxial para Vista Digital - V\u00e1rios tamanhos - Iha Race\" \/>\n<meta property=\"og:description\" content=\"Um cabo coaxial sobressalente ou de substitui\u00e7\u00e3o de v\u00e1rios tamanhos para o sistema Caddx Vista Digital HD.\" \/>\n<meta property=\"og:url\" content=\"https:\/\/iha-race.com\/pt-pt\/produto\/medicoes-de-cabo-coaxial-para-visualizacao-digital-variavel\/\" \/>\n<meta property=\"og:site_name\" content=\"Iha Race\" \/>\n<meta property=\"article:modified_time\" content=\"2024-08-29T10:38:15+00:00\" \/>\n<meta property=\"og:image\" content=\"https:\/\/iha-race.com\/wp-content\/uploads\/2020\/12\/Cable-Coaxial-Caddx-FPV-Vista-Digital-Drones.jpg\" \/>\n\t<meta property=\"og:image:width\" content=\"800\" \/>\n\t<meta property=\"og:image:height\" content=\"800\" \/>\n\t<meta property=\"og:image:type\" content=\"image\/jpeg\" \/>\n<meta name=\"twitter:card\" content=\"summary_large_image\" \/>\n<script type=\"application\/ld+json\" class=\"yoast-schema-graph\">{\"@context\":\"https:\\\/\\\/schema.org\",\"@graph\":[{\"@type\":\"WebPage\",\"@id\":\"https:\\\/\\\/iha-race.com\\\/pt-pt\\\/produto\\\/medicoes-de-cabo-coaxial-para-visualizacao-digital-variavel\\\/\",\"url\":\"https:\\\/\\\/iha-race.com\\\/pt-pt\\\/produto\\\/medicoes-de-cabo-coaxial-para-visualizacao-digital-variavel\\\/\",\"name\":\"Cabo Coaxial para Vista Digital - V\u00e1rios tamanhos - Iha Race\",\"isPartOf\":{\"@id\":\"https:\\\/\\\/iha-race.com\\\/pt-pt\\\/#website\"},\"primaryImageOfPage\":{\"@id\":\"https:\\\/\\\/iha-race.com\\\/pt-pt\\\/produto\\\/medicoes-de-cabo-coaxial-para-visualizacao-digital-variavel\\\/#primaryimage\"},\"image\":{\"@id\":\"https:\\\/\\\/iha-race.com\\\/pt-pt\\\/produto\\\/medicoes-de-cabo-coaxial-para-visualizacao-digital-variavel\\\/#primaryimage\"},\"thumbnailUrl\":\"https:\\\/\\\/iha-race.com\\\/wp-content\\\/uploads\\\/2020\\\/12\\\/Cable-Coaxial-Caddx-FPV-Vista-Digital-Drones.jpg\",\"datePublished\":\"2020-12-09T15:03:38+00:00\",\"dateModified\":\"2024-08-29T10:38:15+00:00\",\"breadcrumb\":{\"@id\":\"https:\\\/\\\/iha-race.com\\\/pt-pt\\\/produto\\\/medicoes-de-cabo-coaxial-para-visualizacao-digital-variavel\\\/#breadcrumb\"},\"inLanguage\":\"pt-PT\",\"potentialAction\":[{\"@type\":\"ReadAction\",\"target\":[\"https:\\\/\\\/iha-race.com\\\/pt-pt\\\/produto\\\/medicoes-de-cabo-coaxial-para-visualizacao-digital-variavel\\\/\"]}]},{\"@type\":\"ImageObject\",\"inLanguage\":\"pt-PT\",\"@id\":\"https:\\\/\\\/iha-race.com\\\/pt-pt\\\/produto\\\/medicoes-de-cabo-coaxial-para-visualizacao-digital-variavel\\\/#primaryimage\",\"url\":\"https:\\\/\\\/iha-race.com\\\/wp-content\\\/uploads\\\/2020\\\/12\\\/Cable-Coaxial-Caddx-FPV-Vista-Digital-Drones.jpg\",\"contentUrl\":\"https:\\\/\\\/iha-race.com\\\/wp-content\\\/uploads\\\/2020\\\/12\\\/Cable-Coaxial-Caddx-FPV-Vista-Digital-Drones.jpg\",\"width\":800,\"height\":800,\"caption\":\"comprar o mais barato Cabo Coaxial Caddx FPV Digital View Drones\"},{\"@type\":\"BreadcrumbList\",\"@id\":\"https:\\\/\\\/iha-race.com\\\/pt-pt\\\/produto\\\/medicoes-de-cabo-coaxial-para-visualizacao-digital-variavel\\\/#breadcrumb\",\"itemListElement\":[{\"@type\":\"ListItem\",\"position\":1,\"name\":\"Portada\",\"item\":\"https:\\\/\\\/iha-race.com\\\/pt-pt\\\/elementor-499\\\/\"},{\"@type\":\"ListItem\",\"position\":2,\"name\":\"Shop\",\"item\":\"https:\\\/\\\/iha-race.com\\\/pt-pt\\\/shop\\\/\"},{\"@type\":\"ListItem\",\"position\":3,\"name\":\"Cabo Coaxial para Vista Digital &#8211; V\u00e1rios tamanhos\"}]},{\"@type\":\"WebSite\",\"@id\":\"https:\\\/\\\/iha-race.com\\\/pt-pt\\\/#website\",\"url\":\"https:\\\/\\\/iha-race.com\\\/pt-pt\\\/\",\"name\":\"Iha Race\",\"description\":\"Comprar drones de carreras FPV env\u00edos en un d\u00eda desde Espa\u00f1a\",\"publisher\":{\"@id\":\"https:\\\/\\\/iha-race.com\\\/pt-pt\\\/#organization\"},\"potentialAction\":[{\"@type\":\"SearchAction\",\"target\":{\"@type\":\"EntryPoint\",\"urlTemplate\":\"https:\\\/\\\/iha-race.com\\\/pt-pt\\\/?s={search_term_string}\"},\"query-input\":{\"@type\":\"PropertyValueSpecification\",\"valueRequired\":true,\"valueName\":\"search_term_string\"}}],\"inLanguage\":\"pt-PT\"},{\"@type\":\"Organization\",\"@id\":\"https:\\\/\\\/iha-race.com\\\/pt-pt\\\/#organization\",\"name\":\"Iha Race\",\"url\":\"https:\\\/\\\/iha-race.com\\\/pt-pt\\\/\",\"logo\":{\"@type\":\"ImageObject\",\"inLanguage\":\"pt-PT\",\"@id\":\"https:\\\/\\\/iha-race.com\\\/pt-pt\\\/#\\\/schema\\\/logo\\\/image\\\/\",\"url\":\"https:\\\/\\\/iha-race.com\\\/wp-content\\\/uploads\\\/2018\\\/07\\\/iha-race-drones-de-carreras-tienda-comprar-drones.png\",\"contentUrl\":\"https:\\\/\\\/iha-race.com\\\/wp-content\\\/uploads\\\/2018\\\/07\\\/iha-race-drones-de-carreras-tienda-comprar-drones.png\",\"width\":300,\"height\":100,\"caption\":\"Iha Race\"},\"image\":{\"@id\":\"https:\\\/\\\/iha-race.com\\\/pt-pt\\\/#\\\/schema\\\/logo\\\/image\\\/\"}}]}<\/script>\n<!-- \/ Yoast SEO plugin. -->","yoast_head_json":{"title":"Cabo Coaxial para Vista Digital - V\u00e1rios tamanhos - Iha Race","robots":{"index":"index","follow":"follow","max-snippet":"max-snippet:-1","max-image-preview":"max-image-preview:large","max-video-preview":"max-video-preview:-1"},"canonical":"https:\/\/iha-race.com\/pt-pt\/produto\/medicoes-de-cabo-coaxial-para-visualizacao-digital-variavel\/","og_locale":"pt_PT","og_type":"article","og_title":"Cabo Coaxial para Vista Digital - V\u00e1rios tamanhos - Iha Race","og_description":"Um cabo coaxial sobressalente ou de substitui\u00e7\u00e3o de v\u00e1rios tamanhos para o sistema Caddx Vista Digital HD.","og_url":"https:\/\/iha-race.com\/pt-pt\/produto\/medicoes-de-cabo-coaxial-para-visualizacao-digital-variavel\/","og_site_name":"Iha Race","article_modified_time":"2024-08-29T10:38:15+00:00","og_image":[{"width":800,"height":800,"url":"https:\/\/iha-race.com\/wp-content\/uploads\/2020\/12\/Cable-Coaxial-Caddx-FPV-Vista-Digital-Drones.jpg","type":"image\/jpeg"}],"twitter_card":"summary_large_image","schema":{"@context":"https:\/\/schema.org","@graph":[{"@type":"WebPage","@id":"https:\/\/iha-race.com\/pt-pt\/produto\/medicoes-de-cabo-coaxial-para-visualizacao-digital-variavel\/","url":"https:\/\/iha-race.com\/pt-pt\/produto\/medicoes-de-cabo-coaxial-para-visualizacao-digital-variavel\/","name":"Cabo Coaxial para Vista Digital - V\u00e1rios tamanhos - Iha Race","isPartOf":{"@id":"https:\/\/iha-race.com\/pt-pt\/#website"},"primaryImageOfPage":{"@id":"https:\/\/iha-race.com\/pt-pt\/produto\/medicoes-de-cabo-coaxial-para-visualizacao-digital-variavel\/#primaryimage"},"image":{"@id":"https:\/\/iha-race.com\/pt-pt\/produto\/medicoes-de-cabo-coaxial-para-visualizacao-digital-variavel\/#primaryimage"},"thumbnailUrl":"https:\/\/iha-race.com\/wp-content\/uploads\/2020\/12\/Cable-Coaxial-Caddx-FPV-Vista-Digital-Drones.jpg","datePublished":"2020-12-09T15:03:38+00:00","dateModified":"2024-08-29T10:38:15+00:00","breadcrumb":{"@id":"https:\/\/iha-race.com\/pt-pt\/produto\/medicoes-de-cabo-coaxial-para-visualizacao-digital-variavel\/#breadcrumb"},"inLanguage":"pt-PT","potentialAction":[{"@type":"ReadAction","target":["https:\/\/iha-race.com\/pt-pt\/produto\/medicoes-de-cabo-coaxial-para-visualizacao-digital-variavel\/"]}]},{"@type":"ImageObject","inLanguage":"pt-PT","@id":"https:\/\/iha-race.com\/pt-pt\/produto\/medicoes-de-cabo-coaxial-para-visualizacao-digital-variavel\/#primaryimage","url":"https:\/\/iha-race.com\/wp-content\/uploads\/2020\/12\/Cable-Coaxial-Caddx-FPV-Vista-Digital-Drones.jpg","contentUrl":"https:\/\/iha-race.com\/wp-content\/uploads\/2020\/12\/Cable-Coaxial-Caddx-FPV-Vista-Digital-Drones.jpg","width":800,"height":800,"caption":"comprar o mais barato Cabo Coaxial Caddx FPV Digital View Drones"},{"@type":"BreadcrumbList","@id":"https:\/\/iha-race.com\/pt-pt\/produto\/medicoes-de-cabo-coaxial-para-visualizacao-digital-variavel\/#breadcrumb","itemListElement":[{"@type":"ListItem","position":1,"name":"Portada","item":"https:\/\/iha-race.com\/pt-pt\/elementor-499\/"},{"@type":"ListItem","position":2,"name":"Shop","item":"https:\/\/iha-race.com\/pt-pt\/shop\/"},{"@type":"ListItem","position":3,"name":"Cabo Coaxial para Vista Digital &#8211; V\u00e1rios tamanhos"}]},{"@type":"WebSite","@id":"https:\/\/iha-race.com\/pt-pt\/#website","url":"https:\/\/iha-race.com\/pt-pt\/","name":"Iha Race","description":"Comprar drones de carreras FPV env\u00edos en un d\u00eda desde Espa\u00f1a","publisher":{"@id":"https:\/\/iha-race.com\/pt-pt\/#organization"},"potentialAction":[{"@type":"SearchAction","target":{"@type":"EntryPoint","urlTemplate":"https:\/\/iha-race.com\/pt-pt\/?s={search_term_string}"},"query-input":{"@type":"PropertyValueSpecification","valueRequired":true,"valueName":"search_term_string"}}],"inLanguage":"pt-PT"},{"@type":"Organization","@id":"https:\/\/iha-race.com\/pt-pt\/#organization","name":"Iha Race","url":"https:\/\/iha-race.com\/pt-pt\/","logo":{"@type":"ImageObject","inLanguage":"pt-PT","@id":"https:\/\/iha-race.com\/pt-pt\/#\/schema\/logo\/image\/","url":"https:\/\/iha-race.com\/wp-content\/uploads\/2018\/07\/iha-race-drones-de-carreras-tienda-comprar-drones.png","contentUrl":"https:\/\/iha-race.com\/wp-content\/uploads\/2018\/07\/iha-race-drones-de-carreras-tienda-comprar-drones.png","width":300,"height":100,"caption":"Iha Race"},"image":{"@id":"https:\/\/iha-race.com\/pt-pt\/#\/schema\/logo\/image\/"}}]}},"brands":[],"_links":{"self":[{"href":"https:\/\/iha-race.com\/pt-pt\/wp-json\/wp\/v2\/product\/113475","targetHints":{"allow":["GET"]}}],"collection":[{"href":"https:\/\/iha-race.com\/pt-pt\/wp-json\/wp\/v2\/product"}],"about":[{"href":"https:\/\/iha-race.com\/pt-pt\/wp-json\/wp\/v2\/types\/product"}],"replies":[{"embeddable":true,"href":"https:\/\/iha-race.com\/pt-pt\/wp-json\/wp\/v2\/comments?post=113475"}],"version-history":[{"count":4,"href":"https:\/\/iha-race.com\/pt-pt\/wp-json\/wp\/v2\/product\/113475\/revisions"}],"predecessor-version":[{"id":228759,"href":"https:\/\/iha-race.com\/pt-pt\/wp-json\/wp\/v2\/product\/113475\/revisions\/228759"}],"wp:featuredmedia":[{"embeddable":true,"href":"https:\/\/iha-race.com\/pt-pt\/wp-json\/wp\/v2\/media\/94334"}],"wp:attachment":[{"href":"https:\/\/iha-race.com\/pt-pt\/wp-json\/wp\/v2\/media?parent=113475"}],"wp:term":[{"taxonomy":"pwb-brand","embeddable":true,"href":"https:\/\/iha-race.com\/pt-pt\/wp-json\/wp\/v2\/pwb-brand?post=113475"},{"taxonomy":"product_cat","embeddable":true,"href":"https:\/\/iha-race.com\/pt-pt\/wp-json\/wp\/v2\/product_cat?post=113475"},{"taxonomy":"product_tag","embeddable":true,"href":"https:\/\/iha-race.com\/pt-pt\/wp-json\/wp\/v2\/product_tag?post=113475"}],"curies":[{"name":"wp","href":"https:\/\/api.w.org\/{rel}","templated":true}]}}