{"id":113471,"date":"2020-12-24T11:07:04","date_gmt":"2020-12-24T10:07:04","guid":{"rendered":"https:\/\/iha-race.com\/producto\/helices-gemfan-1636-x-4-de-40mm-10mm-de-diametro\/"},"modified":"2025-02-02T11:14:52","modified_gmt":"2025-02-02T10:14:52","slug":"helices-gemfan-1636-x-4-40mm-agujero-de-1-0mm","status":"publish","type":"product","link":"https:\/\/iha-race.com\/pt-pt\/produto\/helices-gemfan-1636-x-4-40mm-agujero-de-1-0mm\/","title":{"rendered":"H\u00e9lices Gemfan 1636 x 4 de 40mm (1,0mm de di\u00e2metro)"},"content":{"rendered":"<h2>H\u00e9lices Gemfan 1636 x 4 de 40mm (1,0mm de di\u00e2metro)<\/h2>\n<h2><b>Especifica\u00e7\u00f5es:<\/b><\/h2>\n<ul>\n<li>Peso: 0,61 g<\/li>\n<li>Material: PC<\/li>\n<li>Passo: 3,5 polegadas<\/li>\n<li>Di\u00e2metro dos acess\u00f3rios: 40 mm<\/li>\n<li>Espessura central: 5,2 mm<\/li>\n<li>Di\u00e2metro do orif\u00edcio central: 1,0 mm<\/li>\n<li>Motor adaptativo: 1103-1105<\/li>\n<li>Cores: Vermelho, Azul, Lil\u00e1s e Amarelo<\/li>\n<\/ul>\n<h2>O pacote inclui:<\/h2>\n<ul>\n<li>4 x h\u00e9lices CW<\/li>\n<li>4 x h\u00e9lices CCW<\/li>\n<\/ul>\n","protected":false},"excerpt":{"rendered":"<p>H\u00e9lices Gemfan 1636 x 4 de 40mm (1,0mm de di\u00e2metro) Especifica\u00e7\u00f5es: Peso: 0,61 g Material: PC Passo: 3,5 polegadas Di\u00e2metro dos acess\u00f3rios: 40 mm Espessura central: 5,2 mm Di\u00e2metro do<\/p>\n","protected":false},"featured_media":94923,"comment_status":"open","ping_status":"closed","template":"","meta":{"_joinchat":[]},"pwb-brand":[],"product_cat":[1444,1680,1288,1414],"product_tag":[],"class_list":{"0":"post-113471","1":"product","2":"type-product","3":"status-publish","4":"has-post-thumbnail","6":"product_cat-2-pt-pt","7":"product_cat-four-blade","8":"product_cat-helices-fpv","9":"product_cat-polegadas","11":"first","12":"instock","13":"taxable","14":"shipping-taxable","15":"purchasable","16":"product-type-variable"},"barcode":null,"atum_controlled":true,"out_stock_date":"2020-12-24 10:07:07","out_stock_threshold":null,"inheritable":true,"stock_on_hold":0,"sold_today":3,"sales_last_days":3,"out_stock_days":1124,"lost_sales":0,"update_date":"2026-03-09T11:18:12","atum_locations":[],"atum_stock_status":"instock","restock_status":false,"low_stock_amount":"","sales_update_date":"2026-03-09T11:18:12","calc_backorders":null,"yoast_head":"<!-- This site is optimized with the Yoast SEO plugin v27.3 - https:\/\/yoast.com\/product\/yoast-seo-wordpress\/ -->\n<title>H\u00e9lices Gemfan 1636 x 4 de 40mm (1,0mm de di\u00e2metro) - Iha Race<\/title>\n<meta name=\"robots\" content=\"index, follow, max-snippet:-1, max-image-preview:large, max-video-preview:-1\" \/>\n<link rel=\"canonical\" href=\"https:\/\/iha-race.com\/pt-pt\/produto\/helices-gemfan-1636-x-4-40mm-agujero-de-1-0mm\/\" \/>\n<meta property=\"og:locale\" content=\"pt_PT\" \/>\n<meta property=\"og:type\" content=\"article\" \/>\n<meta property=\"og:title\" content=\"H\u00e9lices Gemfan 1636 x 4 de 40mm (1,0mm de di\u00e2metro) - Iha Race\" \/>\n<meta property=\"og:description\" content=\"H\u00e9lices Gemfan 1636 x 4 de 40mm (1,0mm de di\u00e2metro) Especifica\u00e7\u00f5es: Peso: 0,61 g Material: PC Passo: 3,5 polegadas Di\u00e2metro dos acess\u00f3rios: 40 mm Espessura central: 5,2 mm Di\u00e2metro do\" \/>\n<meta property=\"og:url\" content=\"https:\/\/iha-race.com\/pt-pt\/produto\/helices-gemfan-1636-x-4-40mm-agujero-de-1-0mm\/\" \/>\n<meta property=\"og:site_name\" content=\"Iha Race\" \/>\n<meta property=\"article:modified_time\" content=\"2025-02-02T10:14:52+00:00\" \/>\n<meta property=\"og:image\" content=\"https:\/\/iha-race.com\/wp-content\/uploads\/2020\/12\/helices-Gemfan-40mm-1636-4-agujero-1mm-varios-colores.jpg\" \/>\n\t<meta property=\"og:image:width\" content=\"800\" \/>\n\t<meta property=\"og:image:height\" content=\"800\" \/>\n\t<meta property=\"og:image:type\" content=\"image\/jpeg\" \/>\n<meta name=\"twitter:card\" content=\"summary_large_image\" \/>\n<script type=\"application\/ld+json\" class=\"yoast-schema-graph\">{\"@context\":\"https:\\\/\\\/schema.org\",\"@graph\":[{\"@type\":\"WebPage\",\"@id\":\"https:\\\/\\\/iha-race.com\\\/pt-pt\\\/produto\\\/helices-gemfan-1636-x-4-40mm-agujero-de-1-0mm\\\/\",\"url\":\"https:\\\/\\\/iha-race.com\\\/pt-pt\\\/produto\\\/helices-gemfan-1636-x-4-40mm-agujero-de-1-0mm\\\/\",\"name\":\"H\u00e9lices Gemfan 1636 x 4 de 40mm (1,0mm de di\u00e2metro) - Iha Race\",\"isPartOf\":{\"@id\":\"https:\\\/\\\/iha-race.com\\\/pt-pt\\\/#website\"},\"primaryImageOfPage\":{\"@id\":\"https:\\\/\\\/iha-race.com\\\/pt-pt\\\/produto\\\/helices-gemfan-1636-x-4-40mm-agujero-de-1-0mm\\\/#primaryimage\"},\"image\":{\"@id\":\"https:\\\/\\\/iha-race.com\\\/pt-pt\\\/produto\\\/helices-gemfan-1636-x-4-40mm-agujero-de-1-0mm\\\/#primaryimage\"},\"thumbnailUrl\":\"https:\\\/\\\/iha-race.com\\\/wp-content\\\/uploads\\\/2020\\\/12\\\/helices-Gemfan-40mm-1636-4-agujero-1mm-varios-colores.jpg\",\"datePublished\":\"2020-12-24T10:07:04+00:00\",\"dateModified\":\"2025-02-02T10:14:52+00:00\",\"breadcrumb\":{\"@id\":\"https:\\\/\\\/iha-race.com\\\/pt-pt\\\/produto\\\/helices-gemfan-1636-x-4-40mm-agujero-de-1-0mm\\\/#breadcrumb\"},\"inLanguage\":\"pt-PT\",\"potentialAction\":[{\"@type\":\"ReadAction\",\"target\":[\"https:\\\/\\\/iha-race.com\\\/pt-pt\\\/produto\\\/helices-gemfan-1636-x-4-40mm-agujero-de-1-0mm\\\/\"]}]},{\"@type\":\"ImageObject\",\"inLanguage\":\"pt-PT\",\"@id\":\"https:\\\/\\\/iha-race.com\\\/pt-pt\\\/produto\\\/helices-gemfan-1636-x-4-40mm-agujero-de-1-0mm\\\/#primaryimage\",\"url\":\"https:\\\/\\\/iha-race.com\\\/wp-content\\\/uploads\\\/2020\\\/12\\\/helices-Gemfan-40mm-1636-4-agujero-1mm-varios-colores.jpg\",\"contentUrl\":\"https:\\\/\\\/iha-race.com\\\/wp-content\\\/uploads\\\/2020\\\/12\\\/helices-Gemfan-40mm-1636-4-agujero-1mm-varios-colores.jpg\",\"width\":800,\"height\":800,\"caption\":\"comprar o mais barato Gemfan 40mm 1636-4 helices 1mm furo 1mm v\u00e1rias cores\"},{\"@type\":\"BreadcrumbList\",\"@id\":\"https:\\\/\\\/iha-race.com\\\/pt-pt\\\/produto\\\/helices-gemfan-1636-x-4-40mm-agujero-de-1-0mm\\\/#breadcrumb\",\"itemListElement\":[{\"@type\":\"ListItem\",\"position\":1,\"name\":\"Portada\",\"item\":\"https:\\\/\\\/iha-race.com\\\/pt-pt\\\/elementor-499\\\/\"},{\"@type\":\"ListItem\",\"position\":2,\"name\":\"Shop\",\"item\":\"https:\\\/\\\/iha-race.com\\\/pt-pt\\\/shop\\\/\"},{\"@type\":\"ListItem\",\"position\":3,\"name\":\"H\u00e9lices Gemfan 1636 x 4 de 40mm (1,0mm de di\u00e2metro)\"}]},{\"@type\":\"WebSite\",\"@id\":\"https:\\\/\\\/iha-race.com\\\/pt-pt\\\/#website\",\"url\":\"https:\\\/\\\/iha-race.com\\\/pt-pt\\\/\",\"name\":\"Iha Race\",\"description\":\"Comprar drones de carreras FPV env\u00edos en un d\u00eda desde Espa\u00f1a\",\"publisher\":{\"@id\":\"https:\\\/\\\/iha-race.com\\\/pt-pt\\\/#organization\"},\"potentialAction\":[{\"@type\":\"SearchAction\",\"target\":{\"@type\":\"EntryPoint\",\"urlTemplate\":\"https:\\\/\\\/iha-race.com\\\/pt-pt\\\/?s={search_term_string}\"},\"query-input\":{\"@type\":\"PropertyValueSpecification\",\"valueRequired\":true,\"valueName\":\"search_term_string\"}}],\"inLanguage\":\"pt-PT\"},{\"@type\":\"Organization\",\"@id\":\"https:\\\/\\\/iha-race.com\\\/pt-pt\\\/#organization\",\"name\":\"Iha Race\",\"url\":\"https:\\\/\\\/iha-race.com\\\/pt-pt\\\/\",\"logo\":{\"@type\":\"ImageObject\",\"inLanguage\":\"pt-PT\",\"@id\":\"https:\\\/\\\/iha-race.com\\\/pt-pt\\\/#\\\/schema\\\/logo\\\/image\\\/\",\"url\":\"https:\\\/\\\/iha-race.com\\\/wp-content\\\/uploads\\\/2018\\\/07\\\/iha-race-drones-de-carreras-tienda-comprar-drones.png\",\"contentUrl\":\"https:\\\/\\\/iha-race.com\\\/wp-content\\\/uploads\\\/2018\\\/07\\\/iha-race-drones-de-carreras-tienda-comprar-drones.png\",\"width\":300,\"height\":100,\"caption\":\"Iha Race\"},\"image\":{\"@id\":\"https:\\\/\\\/iha-race.com\\\/pt-pt\\\/#\\\/schema\\\/logo\\\/image\\\/\"}}]}<\/script>\n<!-- \/ Yoast SEO plugin. -->","yoast_head_json":{"title":"H\u00e9lices Gemfan 1636 x 4 de 40mm (1,0mm de di\u00e2metro) - Iha Race","robots":{"index":"index","follow":"follow","max-snippet":"max-snippet:-1","max-image-preview":"max-image-preview:large","max-video-preview":"max-video-preview:-1"},"canonical":"https:\/\/iha-race.com\/pt-pt\/produto\/helices-gemfan-1636-x-4-40mm-agujero-de-1-0mm\/","og_locale":"pt_PT","og_type":"article","og_title":"H\u00e9lices Gemfan 1636 x 4 de 40mm (1,0mm de di\u00e2metro) - Iha Race","og_description":"H\u00e9lices Gemfan 1636 x 4 de 40mm (1,0mm de di\u00e2metro) Especifica\u00e7\u00f5es: Peso: 0,61 g Material: PC Passo: 3,5 polegadas Di\u00e2metro dos acess\u00f3rios: 40 mm Espessura central: 5,2 mm Di\u00e2metro do","og_url":"https:\/\/iha-race.com\/pt-pt\/produto\/helices-gemfan-1636-x-4-40mm-agujero-de-1-0mm\/","og_site_name":"Iha Race","article_modified_time":"2025-02-02T10:14:52+00:00","og_image":[{"width":800,"height":800,"url":"https:\/\/iha-race.com\/wp-content\/uploads\/2020\/12\/helices-Gemfan-40mm-1636-4-agujero-1mm-varios-colores.jpg","type":"image\/jpeg"}],"twitter_card":"summary_large_image","schema":{"@context":"https:\/\/schema.org","@graph":[{"@type":"WebPage","@id":"https:\/\/iha-race.com\/pt-pt\/produto\/helices-gemfan-1636-x-4-40mm-agujero-de-1-0mm\/","url":"https:\/\/iha-race.com\/pt-pt\/produto\/helices-gemfan-1636-x-4-40mm-agujero-de-1-0mm\/","name":"H\u00e9lices Gemfan 1636 x 4 de 40mm (1,0mm de di\u00e2metro) - Iha Race","isPartOf":{"@id":"https:\/\/iha-race.com\/pt-pt\/#website"},"primaryImageOfPage":{"@id":"https:\/\/iha-race.com\/pt-pt\/produto\/helices-gemfan-1636-x-4-40mm-agujero-de-1-0mm\/#primaryimage"},"image":{"@id":"https:\/\/iha-race.com\/pt-pt\/produto\/helices-gemfan-1636-x-4-40mm-agujero-de-1-0mm\/#primaryimage"},"thumbnailUrl":"https:\/\/iha-race.com\/wp-content\/uploads\/2020\/12\/helices-Gemfan-40mm-1636-4-agujero-1mm-varios-colores.jpg","datePublished":"2020-12-24T10:07:04+00:00","dateModified":"2025-02-02T10:14:52+00:00","breadcrumb":{"@id":"https:\/\/iha-race.com\/pt-pt\/produto\/helices-gemfan-1636-x-4-40mm-agujero-de-1-0mm\/#breadcrumb"},"inLanguage":"pt-PT","potentialAction":[{"@type":"ReadAction","target":["https:\/\/iha-race.com\/pt-pt\/produto\/helices-gemfan-1636-x-4-40mm-agujero-de-1-0mm\/"]}]},{"@type":"ImageObject","inLanguage":"pt-PT","@id":"https:\/\/iha-race.com\/pt-pt\/produto\/helices-gemfan-1636-x-4-40mm-agujero-de-1-0mm\/#primaryimage","url":"https:\/\/iha-race.com\/wp-content\/uploads\/2020\/12\/helices-Gemfan-40mm-1636-4-agujero-1mm-varios-colores.jpg","contentUrl":"https:\/\/iha-race.com\/wp-content\/uploads\/2020\/12\/helices-Gemfan-40mm-1636-4-agujero-1mm-varios-colores.jpg","width":800,"height":800,"caption":"comprar o mais barato Gemfan 40mm 1636-4 helices 1mm furo 1mm v\u00e1rias cores"},{"@type":"BreadcrumbList","@id":"https:\/\/iha-race.com\/pt-pt\/produto\/helices-gemfan-1636-x-4-40mm-agujero-de-1-0mm\/#breadcrumb","itemListElement":[{"@type":"ListItem","position":1,"name":"Portada","item":"https:\/\/iha-race.com\/pt-pt\/elementor-499\/"},{"@type":"ListItem","position":2,"name":"Shop","item":"https:\/\/iha-race.com\/pt-pt\/shop\/"},{"@type":"ListItem","position":3,"name":"H\u00e9lices Gemfan 1636 x 4 de 40mm (1,0mm de di\u00e2metro)"}]},{"@type":"WebSite","@id":"https:\/\/iha-race.com\/pt-pt\/#website","url":"https:\/\/iha-race.com\/pt-pt\/","name":"Iha Race","description":"Comprar drones de carreras FPV env\u00edos en un d\u00eda desde Espa\u00f1a","publisher":{"@id":"https:\/\/iha-race.com\/pt-pt\/#organization"},"potentialAction":[{"@type":"SearchAction","target":{"@type":"EntryPoint","urlTemplate":"https:\/\/iha-race.com\/pt-pt\/?s={search_term_string}"},"query-input":{"@type":"PropertyValueSpecification","valueRequired":true,"valueName":"search_term_string"}}],"inLanguage":"pt-PT"},{"@type":"Organization","@id":"https:\/\/iha-race.com\/pt-pt\/#organization","name":"Iha Race","url":"https:\/\/iha-race.com\/pt-pt\/","logo":{"@type":"ImageObject","inLanguage":"pt-PT","@id":"https:\/\/iha-race.com\/pt-pt\/#\/schema\/logo\/image\/","url":"https:\/\/iha-race.com\/wp-content\/uploads\/2018\/07\/iha-race-drones-de-carreras-tienda-comprar-drones.png","contentUrl":"https:\/\/iha-race.com\/wp-content\/uploads\/2018\/07\/iha-race-drones-de-carreras-tienda-comprar-drones.png","width":300,"height":100,"caption":"Iha Race"},"image":{"@id":"https:\/\/iha-race.com\/pt-pt\/#\/schema\/logo\/image\/"}}]}},"brands":[],"_links":{"self":[{"href":"https:\/\/iha-race.com\/pt-pt\/wp-json\/wp\/v2\/product\/113471","targetHints":{"allow":["GET"]}}],"collection":[{"href":"https:\/\/iha-race.com\/pt-pt\/wp-json\/wp\/v2\/product"}],"about":[{"href":"https:\/\/iha-race.com\/pt-pt\/wp-json\/wp\/v2\/types\/product"}],"replies":[{"embeddable":true,"href":"https:\/\/iha-race.com\/pt-pt\/wp-json\/wp\/v2\/comments?post=113471"}],"version-history":[{"count":1,"href":"https:\/\/iha-race.com\/pt-pt\/wp-json\/wp\/v2\/product\/113471\/revisions"}],"predecessor-version":[{"id":115847,"href":"https:\/\/iha-race.com\/pt-pt\/wp-json\/wp\/v2\/product\/113471\/revisions\/115847"}],"wp:featuredmedia":[{"embeddable":true,"href":"https:\/\/iha-race.com\/pt-pt\/wp-json\/wp\/v2\/media\/94923"}],"wp:attachment":[{"href":"https:\/\/iha-race.com\/pt-pt\/wp-json\/wp\/v2\/media?parent=113471"}],"wp:term":[{"taxonomy":"pwb-brand","embeddable":true,"href":"https:\/\/iha-race.com\/pt-pt\/wp-json\/wp\/v2\/pwb-brand?post=113471"},{"taxonomy":"product_cat","embeddable":true,"href":"https:\/\/iha-race.com\/pt-pt\/wp-json\/wp\/v2\/product_cat?post=113471"},{"taxonomy":"product_tag","embeddable":true,"href":"https:\/\/iha-race.com\/pt-pt\/wp-json\/wp\/v2\/product_tag?post=113471"}],"curies":[{"name":"wp","href":"https:\/\/api.w.org\/{rel}","templated":true}]}}