{"id":113445,"date":"2020-12-29T13:14:59","date_gmt":"2020-12-29T12:14:59","guid":{"rendered":"https:\/\/iha-race.com\/producto\/conjunto-de-6-pecas-3d-para-sniperx-light-de-moldura\/"},"modified":"2026-03-21T11:52:01","modified_gmt":"2026-03-21T10:52:01","slug":"set-6-pecas-3d-partes-3d-frame-sniperx-light","status":"publish","type":"product","link":"https:\/\/iha-race.com\/pt-pt\/produto\/set-6-pecas-3d-partes-3d-frame-sniperx-light\/","title":{"rendered":"Conjunto de 6 pe\u00e7as 3D para SniperX Light de Moldura"},"content":{"rendered":"<h2>Conjunto de 6 pe\u00e7as 3D para SniperX Light de Moldura<\/h2>\n<p>  Pe\u00e7as 3D para dar um toque de cor ao teu SniperX Light com os amarelos fluorescentes. Fabricado em TPU de alta qualidade.  <\/p>\n<h2>Este conjunto cont\u00e9m:<\/h2>\n<ul>\n<li>1 x Suporte de c\u00e2mara Foxeer Nano 40-60 Graus.<\/li>\n<li>1 x Suporte Foxeer Lollipop.<\/li>\n<li>1 x Barbatana de tubar\u00e3o.<\/li>\n<li>1 x Suporte de antena Triumph Pro TBS.<\/li>\n<li>1 x TBS Crossfire Nano Unify bracket.<\/li>\n<li>1 x 10 mm de suporte da tampa.<\/li>\n<\/ul>\n<p><img fetchpriority=\"high\" decoding=\"async\" class=\"alignnone wp-image-58966 size-large\" src=\"https:\/\/iha-race.com\/wp-content\/uploads\/2020\/12\/Set-piezas-3D-SniperX-Frame-Amarillo-Fluor-1024x1024.jpg\" alt=\"comprar as pe\u00e7as 3D mais baratas do SniperX 3D Frame\" width=\"840\" height=\"840\" srcset=\"https:\/\/iha-race.com\/wp-content\/uploads\/2020\/12\/Set-piezas-3D-SniperX-Frame-Amarillo-Fluor-1024x1024.jpg 1024w, https:\/\/iha-race.com\/wp-content\/uploads\/2020\/12\/Set-piezas-3D-SniperX-Frame-Amarillo-Fluor-300x300.jpg 300w, https:\/\/iha-race.com\/wp-content\/uploads\/2020\/12\/Set-piezas-3D-SniperX-Frame-Amarillo-Fluor-100x100.jpg 100w, https:\/\/iha-race.com\/wp-content\/uploads\/2020\/12\/Set-piezas-3D-SniperX-Frame-Amarillo-Fluor-600x600.jpg 600w, https:\/\/iha-race.com\/wp-content\/uploads\/2020\/12\/Set-piezas-3D-SniperX-Frame-Amarillo-Fluor-150x150.jpg 150w, https:\/\/iha-race.com\/wp-content\/uploads\/2020\/12\/Set-piezas-3D-SniperX-Frame-Amarillo-Fluor-768x768.jpg 768w, https:\/\/iha-race.com\/wp-content\/uploads\/2020\/12\/Set-piezas-3D-SniperX-Frame-Amarillo-Fluor-1536x1536.jpg 1536w, https:\/\/iha-race.com\/wp-content\/uploads\/2020\/12\/Set-piezas-3D-SniperX-Frame-Amarillo-Fluor-2048x2048.jpg 2048w, https:\/\/iha-race.com\/wp-content\/uploads\/2020\/12\/Set-piezas-3D-SniperX-Frame-Amarillo-Fluor-788x788.jpg 788w, https:\/\/iha-race.com\/wp-content\/uploads\/2020\/12\/Set-piezas-3D-SniperX-Frame-Amarillo-Fluor-135x135.jpg 135w, https:\/\/iha-race.com\/wp-content\/uploads\/2020\/12\/Set-piezas-3D-SniperX-Frame-Amarillo-Fluor.jpg 1000w\" sizes=\"(max-width: 840px) 100vw, 840px\" \/><\/p>\n<p><strong>**<em>.stl ficheiros destas e de outras pe\u00e7as 3D dispon\u00edveis em<\/em>:<\/strong> <a href=\"https:\/\/sniperframes.com\/3d-print-parts\/\">Pe\u00e7as de impress\u00e3o 3D &#8211; SniperFrames.com<\/a><\/p>\n<p>&nbsp;<\/p>\n","protected":false},"excerpt":{"rendered":"<p><strong>Personalize o seu SniperX Light e adicione uma salpicadura de cor com estas pe\u00e7as 3D!<\/strong><\/p>\n","protected":false},"featured_media":94989,"comment_status":"open","ping_status":"closed","template":"","meta":{"_joinchat":[]},"pwb-brand":[3916],"product_cat":[27,3667],"product_tag":[],"class_list":{"0":"post-113445","1":"product","2":"type-product","3":"status-publish","4":"has-post-thumbnail","6":"pwb-brand-sniperx","7":"product_cat-drones-fpv","8":"product_cat-cuadros-frame","10":"first","11":"outofstock","12":"taxable","13":"shipping-taxable","14":"purchasable","15":"product-type-variable"},"barcode":null,"atum_controlled":true,"out_stock_date":null,"out_stock_threshold":null,"inheritable":true,"stock_on_hold":0,"sold_today":0,"sales_last_days":0,"out_stock_days":0,"lost_sales":0,"update_date":"2026-03-21T10:48:29","atum_locations":[],"atum_stock_status":"outofstock","restock_status":false,"low_stock_amount":"","sales_update_date":"2026-03-21T10:48:29","calc_backorders":null,"yoast_head":"<!-- This site is optimized with the Yoast SEO plugin v27.3 - https:\/\/yoast.com\/product\/yoast-seo-wordpress\/ -->\n<title>Conjunto de 6 pe\u00e7as 3D para SniperX Light de Moldura - Iha Race<\/title>\n<meta name=\"robots\" content=\"index, follow, max-snippet:-1, max-image-preview:large, max-video-preview:-1\" \/>\n<link rel=\"canonical\" href=\"https:\/\/iha-race.com\/pt-pt\/produto\/set-6-pecas-3d-partes-3d-frame-sniperx-light\/\" \/>\n<meta property=\"og:locale\" content=\"pt_PT\" \/>\n<meta property=\"og:type\" content=\"article\" \/>\n<meta property=\"og:title\" content=\"Conjunto de 6 pe\u00e7as 3D para SniperX Light de Moldura - Iha Race\" \/>\n<meta property=\"og:description\" content=\"Personalize o seu SniperX Light e adicione uma salpicadura de cor com estas pe\u00e7as 3D!\" \/>\n<meta property=\"og:url\" content=\"https:\/\/iha-race.com\/pt-pt\/produto\/set-6-pecas-3d-partes-3d-frame-sniperx-light\/\" \/>\n<meta property=\"og:site_name\" content=\"Iha Race\" \/>\n<meta property=\"article:modified_time\" content=\"2026-03-21T10:52:01+00:00\" \/>\n<meta property=\"og:image\" content=\"https:\/\/iha-race.com\/wp-content\/uploads\/2020\/12\/Set-piezas-3D-SniperX-Frame-Amarillo-Fluor.jpg\" \/>\n\t<meta property=\"og:image:width\" content=\"1000\" \/>\n\t<meta property=\"og:image:height\" content=\"1000\" \/>\n\t<meta property=\"og:image:type\" content=\"image\/jpeg\" \/>\n<meta name=\"twitter:card\" content=\"summary_large_image\" \/>\n<script type=\"application\/ld+json\" class=\"yoast-schema-graph\">{\"@context\":\"https:\\\/\\\/schema.org\",\"@graph\":[{\"@type\":\"WebPage\",\"@id\":\"https:\\\/\\\/iha-race.com\\\/pt-pt\\\/produto\\\/set-6-pecas-3d-partes-3d-frame-sniperx-light\\\/\",\"url\":\"https:\\\/\\\/iha-race.com\\\/pt-pt\\\/produto\\\/set-6-pecas-3d-partes-3d-frame-sniperx-light\\\/\",\"name\":\"Conjunto de 6 pe\u00e7as 3D para SniperX Light de Moldura - Iha Race\",\"isPartOf\":{\"@id\":\"https:\\\/\\\/iha-race.com\\\/pt-pt\\\/#website\"},\"primaryImageOfPage\":{\"@id\":\"https:\\\/\\\/iha-race.com\\\/pt-pt\\\/produto\\\/set-6-pecas-3d-partes-3d-frame-sniperx-light\\\/#primaryimage\"},\"image\":{\"@id\":\"https:\\\/\\\/iha-race.com\\\/pt-pt\\\/produto\\\/set-6-pecas-3d-partes-3d-frame-sniperx-light\\\/#primaryimage\"},\"thumbnailUrl\":\"https:\\\/\\\/iha-race.com\\\/wp-content\\\/uploads\\\/2020\\\/12\\\/Set-piezas-3D-SniperX-Frame-Amarillo-Fluor.jpg\",\"datePublished\":\"2020-12-29T12:14:59+00:00\",\"dateModified\":\"2026-03-21T10:52:01+00:00\",\"breadcrumb\":{\"@id\":\"https:\\\/\\\/iha-race.com\\\/pt-pt\\\/produto\\\/set-6-pecas-3d-partes-3d-frame-sniperx-light\\\/#breadcrumb\"},\"inLanguage\":\"pt-PT\",\"potentialAction\":[{\"@type\":\"ReadAction\",\"target\":[\"https:\\\/\\\/iha-race.com\\\/pt-pt\\\/produto\\\/set-6-pecas-3d-partes-3d-frame-sniperx-light\\\/\"]}]},{\"@type\":\"ImageObject\",\"inLanguage\":\"pt-PT\",\"@id\":\"https:\\\/\\\/iha-race.com\\\/pt-pt\\\/produto\\\/set-6-pecas-3d-partes-3d-frame-sniperx-light\\\/#primaryimage\",\"url\":\"https:\\\/\\\/iha-race.com\\\/wp-content\\\/uploads\\\/2020\\\/12\\\/Set-piezas-3D-SniperX-Frame-Amarillo-Fluor.jpg\",\"contentUrl\":\"https:\\\/\\\/iha-race.com\\\/wp-content\\\/uploads\\\/2020\\\/12\\\/Set-piezas-3D-SniperX-Frame-Amarillo-Fluor.jpg\",\"width\":1000,\"height\":1000,\"caption\":\"comprar as pe\u00e7as 3D mais baratas do SniperX 3D Frame\"},{\"@type\":\"BreadcrumbList\",\"@id\":\"https:\\\/\\\/iha-race.com\\\/pt-pt\\\/produto\\\/set-6-pecas-3d-partes-3d-frame-sniperx-light\\\/#breadcrumb\",\"itemListElement\":[{\"@type\":\"ListItem\",\"position\":1,\"name\":\"Portada\",\"item\":\"https:\\\/\\\/iha-race.com\\\/pt-pt\\\/elementor-499\\\/\"},{\"@type\":\"ListItem\",\"position\":2,\"name\":\"Shop\",\"item\":\"https:\\\/\\\/iha-race.com\\\/pt-pt\\\/shop\\\/\"},{\"@type\":\"ListItem\",\"position\":3,\"name\":\"Conjunto de 6 pe\u00e7as 3D para SniperX Light de Moldura\"}]},{\"@type\":\"WebSite\",\"@id\":\"https:\\\/\\\/iha-race.com\\\/pt-pt\\\/#website\",\"url\":\"https:\\\/\\\/iha-race.com\\\/pt-pt\\\/\",\"name\":\"Iha Race\",\"description\":\"Comprar drones de carreras FPV env\u00edos en un d\u00eda desde Espa\u00f1a\",\"publisher\":{\"@id\":\"https:\\\/\\\/iha-race.com\\\/pt-pt\\\/#organization\"},\"potentialAction\":[{\"@type\":\"SearchAction\",\"target\":{\"@type\":\"EntryPoint\",\"urlTemplate\":\"https:\\\/\\\/iha-race.com\\\/pt-pt\\\/?s={search_term_string}\"},\"query-input\":{\"@type\":\"PropertyValueSpecification\",\"valueRequired\":true,\"valueName\":\"search_term_string\"}}],\"inLanguage\":\"pt-PT\"},{\"@type\":\"Organization\",\"@id\":\"https:\\\/\\\/iha-race.com\\\/pt-pt\\\/#organization\",\"name\":\"Iha Race\",\"url\":\"https:\\\/\\\/iha-race.com\\\/pt-pt\\\/\",\"logo\":{\"@type\":\"ImageObject\",\"inLanguage\":\"pt-PT\",\"@id\":\"https:\\\/\\\/iha-race.com\\\/pt-pt\\\/#\\\/schema\\\/logo\\\/image\\\/\",\"url\":\"https:\\\/\\\/iha-race.com\\\/wp-content\\\/uploads\\\/2018\\\/07\\\/iha-race-drones-de-carreras-tienda-comprar-drones.png\",\"contentUrl\":\"https:\\\/\\\/iha-race.com\\\/wp-content\\\/uploads\\\/2018\\\/07\\\/iha-race-drones-de-carreras-tienda-comprar-drones.png\",\"width\":300,\"height\":100,\"caption\":\"Iha Race\"},\"image\":{\"@id\":\"https:\\\/\\\/iha-race.com\\\/pt-pt\\\/#\\\/schema\\\/logo\\\/image\\\/\"}}]}<\/script>\n<!-- \/ Yoast SEO plugin. -->","yoast_head_json":{"title":"Conjunto de 6 pe\u00e7as 3D para SniperX Light de Moldura - Iha Race","robots":{"index":"index","follow":"follow","max-snippet":"max-snippet:-1","max-image-preview":"max-image-preview:large","max-video-preview":"max-video-preview:-1"},"canonical":"https:\/\/iha-race.com\/pt-pt\/produto\/set-6-pecas-3d-partes-3d-frame-sniperx-light\/","og_locale":"pt_PT","og_type":"article","og_title":"Conjunto de 6 pe\u00e7as 3D para SniperX Light de Moldura - Iha Race","og_description":"Personalize o seu SniperX Light e adicione uma salpicadura de cor com estas pe\u00e7as 3D!","og_url":"https:\/\/iha-race.com\/pt-pt\/produto\/set-6-pecas-3d-partes-3d-frame-sniperx-light\/","og_site_name":"Iha Race","article_modified_time":"2026-03-21T10:52:01+00:00","og_image":[{"width":1000,"height":1000,"url":"https:\/\/iha-race.com\/wp-content\/uploads\/2020\/12\/Set-piezas-3D-SniperX-Frame-Amarillo-Fluor.jpg","type":"image\/jpeg"}],"twitter_card":"summary_large_image","schema":{"@context":"https:\/\/schema.org","@graph":[{"@type":"WebPage","@id":"https:\/\/iha-race.com\/pt-pt\/produto\/set-6-pecas-3d-partes-3d-frame-sniperx-light\/","url":"https:\/\/iha-race.com\/pt-pt\/produto\/set-6-pecas-3d-partes-3d-frame-sniperx-light\/","name":"Conjunto de 6 pe\u00e7as 3D para SniperX Light de Moldura - Iha Race","isPartOf":{"@id":"https:\/\/iha-race.com\/pt-pt\/#website"},"primaryImageOfPage":{"@id":"https:\/\/iha-race.com\/pt-pt\/produto\/set-6-pecas-3d-partes-3d-frame-sniperx-light\/#primaryimage"},"image":{"@id":"https:\/\/iha-race.com\/pt-pt\/produto\/set-6-pecas-3d-partes-3d-frame-sniperx-light\/#primaryimage"},"thumbnailUrl":"https:\/\/iha-race.com\/wp-content\/uploads\/2020\/12\/Set-piezas-3D-SniperX-Frame-Amarillo-Fluor.jpg","datePublished":"2020-12-29T12:14:59+00:00","dateModified":"2026-03-21T10:52:01+00:00","breadcrumb":{"@id":"https:\/\/iha-race.com\/pt-pt\/produto\/set-6-pecas-3d-partes-3d-frame-sniperx-light\/#breadcrumb"},"inLanguage":"pt-PT","potentialAction":[{"@type":"ReadAction","target":["https:\/\/iha-race.com\/pt-pt\/produto\/set-6-pecas-3d-partes-3d-frame-sniperx-light\/"]}]},{"@type":"ImageObject","inLanguage":"pt-PT","@id":"https:\/\/iha-race.com\/pt-pt\/produto\/set-6-pecas-3d-partes-3d-frame-sniperx-light\/#primaryimage","url":"https:\/\/iha-race.com\/wp-content\/uploads\/2020\/12\/Set-piezas-3D-SniperX-Frame-Amarillo-Fluor.jpg","contentUrl":"https:\/\/iha-race.com\/wp-content\/uploads\/2020\/12\/Set-piezas-3D-SniperX-Frame-Amarillo-Fluor.jpg","width":1000,"height":1000,"caption":"comprar as pe\u00e7as 3D mais baratas do SniperX 3D Frame"},{"@type":"BreadcrumbList","@id":"https:\/\/iha-race.com\/pt-pt\/produto\/set-6-pecas-3d-partes-3d-frame-sniperx-light\/#breadcrumb","itemListElement":[{"@type":"ListItem","position":1,"name":"Portada","item":"https:\/\/iha-race.com\/pt-pt\/elementor-499\/"},{"@type":"ListItem","position":2,"name":"Shop","item":"https:\/\/iha-race.com\/pt-pt\/shop\/"},{"@type":"ListItem","position":3,"name":"Conjunto de 6 pe\u00e7as 3D para SniperX Light de Moldura"}]},{"@type":"WebSite","@id":"https:\/\/iha-race.com\/pt-pt\/#website","url":"https:\/\/iha-race.com\/pt-pt\/","name":"Iha Race","description":"Comprar drones de carreras FPV env\u00edos en un d\u00eda desde Espa\u00f1a","publisher":{"@id":"https:\/\/iha-race.com\/pt-pt\/#organization"},"potentialAction":[{"@type":"SearchAction","target":{"@type":"EntryPoint","urlTemplate":"https:\/\/iha-race.com\/pt-pt\/?s={search_term_string}"},"query-input":{"@type":"PropertyValueSpecification","valueRequired":true,"valueName":"search_term_string"}}],"inLanguage":"pt-PT"},{"@type":"Organization","@id":"https:\/\/iha-race.com\/pt-pt\/#organization","name":"Iha Race","url":"https:\/\/iha-race.com\/pt-pt\/","logo":{"@type":"ImageObject","inLanguage":"pt-PT","@id":"https:\/\/iha-race.com\/pt-pt\/#\/schema\/logo\/image\/","url":"https:\/\/iha-race.com\/wp-content\/uploads\/2018\/07\/iha-race-drones-de-carreras-tienda-comprar-drones.png","contentUrl":"https:\/\/iha-race.com\/wp-content\/uploads\/2018\/07\/iha-race-drones-de-carreras-tienda-comprar-drones.png","width":300,"height":100,"caption":"Iha Race"},"image":{"@id":"https:\/\/iha-race.com\/pt-pt\/#\/schema\/logo\/image\/"}}]}},"brands":[{"id":3916,"name":"Sniperx","slug":"sniperx"}],"_links":{"self":[{"href":"https:\/\/iha-race.com\/pt-pt\/wp-json\/wp\/v2\/product\/113445","targetHints":{"allow":["GET"]}}],"collection":[{"href":"https:\/\/iha-race.com\/pt-pt\/wp-json\/wp\/v2\/product"}],"about":[{"href":"https:\/\/iha-race.com\/pt-pt\/wp-json\/wp\/v2\/types\/product"}],"replies":[{"embeddable":true,"href":"https:\/\/iha-race.com\/pt-pt\/wp-json\/wp\/v2\/comments?post=113445"}],"version-history":[{"count":3,"href":"https:\/\/iha-race.com\/pt-pt\/wp-json\/wp\/v2\/product\/113445\/revisions"}],"predecessor-version":[{"id":249704,"href":"https:\/\/iha-race.com\/pt-pt\/wp-json\/wp\/v2\/product\/113445\/revisions\/249704"}],"wp:featuredmedia":[{"embeddable":true,"href":"https:\/\/iha-race.com\/pt-pt\/wp-json\/wp\/v2\/media\/94989"}],"wp:attachment":[{"href":"https:\/\/iha-race.com\/pt-pt\/wp-json\/wp\/v2\/media?parent=113445"}],"wp:term":[{"taxonomy":"pwb-brand","embeddable":true,"href":"https:\/\/iha-race.com\/pt-pt\/wp-json\/wp\/v2\/pwb-brand?post=113445"},{"taxonomy":"product_cat","embeddable":true,"href":"https:\/\/iha-race.com\/pt-pt\/wp-json\/wp\/v2\/product_cat?post=113445"},{"taxonomy":"product_tag","embeddable":true,"href":"https:\/\/iha-race.com\/pt-pt\/wp-json\/wp\/v2\/product_tag?post=113445"}],"curies":[{"name":"wp","href":"https:\/\/api.w.org\/{rel}","templated":true}]}}