{"id":113438,"date":"2020-12-15T10:52:42","date_gmt":"2020-12-15T09:52:42","guid":{"rendered":"https:\/\/iha-race.com\/producto\/gens-ace-2200mah-18-5v-25c-5s1p-bateria-lipo\/"},"modified":"2024-08-29T12:38:21","modified_gmt":"2024-08-29T10:38:21","slug":"bateria-lipo-gens-ace-2200mah-18-5v-25c-5s1p-2","status":"publish","type":"product","link":"https:\/\/iha-race.com\/pt-pt\/produto\/bateria-lipo-gens-ace-2200mah-18-5v-25c-5s1p-2\/","title":{"rendered":"Gens ace 2200mAh 18.5V 25C 5S1P Bateria Lipo"},"content":{"rendered":"<h2>Gens ace 2200mAh 18.5V 25C 5S1P Bateria Lipo<\/h2>\n<h2>Especifica\u00e7\u00f5es:<\/h2>\n<ul>\n<li>Tipo de produto: pack de pilhas lipo<\/li>\n<li>Capacidade: <b><i>2200mAh<\/i><\/b><\/li>\n<li>Tens\u00e3o: <b><i>18.5V<\/i><\/b><\/li>\n<li>Descarga m\u00e1xima cont\u00ednua: <b><i>25C<\/i><\/b> (55A)<\/li>\n<li>Descarga m\u00e1xima de rutura: <b><i>50C<\/i><\/b> (110A)<\/li>\n<li>Peso: 308g<\/li>\n<li>Dimens\u00f5es: 108 * 34 * 42 mm<\/li>\n<li>Ficha de equil\u00edbrio: JST-XH<\/li>\n<li>Tomada de descarga: T-plug<\/li>\n<li>Taxa de recarga: 1-3C Recomendado, 5C M\u00e1ximo<\/li>\n<li>Gens ace lipo 2200mah 5s1p 25C \/ 50C bateria Adequado para os seguintes modelos: Align jet, helic\u00f3ptero Esky, Walkera aeroplano, E-flite huge aeroplane. Draganflyer, etc.<\/li>\n<\/ul>\n","protected":false},"excerpt":{"rendered":"<p>Gens ace 2200mAh 18.5V 25C 5S1P Bateria Lipo Especifica\u00e7\u00f5es: Tipo de produto: pack de pilhas lipo Capacidade: 2200mAh Tens\u00e3o: 18.5V Descarga m\u00e1xima cont\u00ednua: 25C (55A) Descarga m\u00e1xima de rutura: 50C<\/p>\n","protected":false},"featured_media":94504,"comment_status":"open","ping_status":"closed","template":"","meta":{"_joinchat":[]},"pwb-brand":[],"product_cat":[17,22],"product_tag":[],"class_list":{"0":"post-113438","1":"product","2":"type-product","3":"status-publish","4":"has-post-thumbnail","6":"product_cat-baterias-para-drones","7":"product_cat-s5","9":"first","10":"instock","11":"taxable","12":"shipping-taxable","13":"purchasable","14":"product-type-simple"},"barcode":null,"atum_controlled":true,"out_stock_date":null,"out_stock_threshold":null,"inheritable":false,"stock_on_hold":0,"sold_today":0,"sales_last_days":0,"out_stock_days":0,"lost_sales":0,"update_date":"2026-04-16T07:36:39","atum_locations":[],"atum_stock_status":"instock","restock_status":false,"low_stock_amount":"","sales_update_date":"2026-04-16T07:36:39","calc_backorders":null,"yoast_head":"<!-- This site is optimized with the Yoast SEO plugin v27.3 - https:\/\/yoast.com\/product\/yoast-seo-wordpress\/ -->\n<title>Gens ace 2200mAh 18.5V 25C 5S1P Bateria Lipo - Iha Race<\/title>\n<meta name=\"robots\" content=\"index, follow, max-snippet:-1, max-image-preview:large, max-video-preview:-1\" \/>\n<link rel=\"canonical\" href=\"https:\/\/iha-race.com\/pt-pt\/produto\/bateria-lipo-gens-ace-2200mah-18-5v-25c-5s1p-2\/\" \/>\n<meta property=\"og:locale\" content=\"pt_PT\" \/>\n<meta property=\"og:type\" content=\"article\" \/>\n<meta property=\"og:title\" content=\"Gens ace 2200mAh 18.5V 25C 5S1P Bateria Lipo - Iha Race\" \/>\n<meta property=\"og:description\" content=\"Gens ace 2200mAh 18.5V 25C 5S1P Bateria Lipo Especifica\u00e7\u00f5es: Tipo de produto: pack de pilhas lipo Capacidade: 2200mAh Tens\u00e3o: 18.5V Descarga m\u00e1xima cont\u00ednua: 25C (55A) Descarga m\u00e1xima de rutura: 50C\" \/>\n<meta property=\"og:url\" content=\"https:\/\/iha-race.com\/pt-pt\/produto\/bateria-lipo-gens-ace-2200mah-18-5v-25c-5s1p-2\/\" \/>\n<meta property=\"og:site_name\" content=\"Iha Race\" \/>\n<meta property=\"article:modified_time\" content=\"2024-08-29T10:38:21+00:00\" \/>\n<meta property=\"og:image\" content=\"https:\/\/iha-race.com\/wp-content\/uploads\/2020\/12\/Bateria-Lipo-Gens-ace-2200mAh-18.5V-25C-5S1P.jpg\" \/>\n\t<meta property=\"og:image:width\" content=\"800\" \/>\n\t<meta property=\"og:image:height\" content=\"800\" \/>\n\t<meta property=\"og:image:type\" content=\"image\/jpeg\" \/>\n<meta name=\"twitter:card\" content=\"summary_large_image\" \/>\n<script type=\"application\/ld+json\" class=\"yoast-schema-graph\">{\"@context\":\"https:\\\/\\\/schema.org\",\"@graph\":[{\"@type\":\"WebPage\",\"@id\":\"https:\\\/\\\/iha-race.com\\\/pt-pt\\\/produto\\\/bateria-lipo-gens-ace-2200mah-18-5v-25c-5s1p-2\\\/\",\"url\":\"https:\\\/\\\/iha-race.com\\\/pt-pt\\\/produto\\\/bateria-lipo-gens-ace-2200mah-18-5v-25c-5s1p-2\\\/\",\"name\":\"Gens ace 2200mAh 18.5V 25C 5S1P Bateria Lipo - Iha Race\",\"isPartOf\":{\"@id\":\"https:\\\/\\\/iha-race.com\\\/pt-pt\\\/#website\"},\"primaryImageOfPage\":{\"@id\":\"https:\\\/\\\/iha-race.com\\\/pt-pt\\\/produto\\\/bateria-lipo-gens-ace-2200mah-18-5v-25c-5s1p-2\\\/#primaryimage\"},\"image\":{\"@id\":\"https:\\\/\\\/iha-race.com\\\/pt-pt\\\/produto\\\/bateria-lipo-gens-ace-2200mah-18-5v-25c-5s1p-2\\\/#primaryimage\"},\"thumbnailUrl\":\"https:\\\/\\\/iha-race.com\\\/wp-content\\\/uploads\\\/2020\\\/12\\\/Bateria-Lipo-Gens-ace-2200mAh-18.5V-25C-5S1P.jpg\",\"datePublished\":\"2020-12-15T09:52:42+00:00\",\"dateModified\":\"2024-08-29T10:38:21+00:00\",\"breadcrumb\":{\"@id\":\"https:\\\/\\\/iha-race.com\\\/pt-pt\\\/produto\\\/bateria-lipo-gens-ace-2200mah-18-5v-25c-5s1p-2\\\/#breadcrumb\"},\"inLanguage\":\"pt-PT\",\"potentialAction\":[{\"@type\":\"ReadAction\",\"target\":[\"https:\\\/\\\/iha-race.com\\\/pt-pt\\\/produto\\\/bateria-lipo-gens-ace-2200mah-18-5v-25c-5s1p-2\\\/\"]}]},{\"@type\":\"ImageObject\",\"inLanguage\":\"pt-PT\",\"@id\":\"https:\\\/\\\/iha-race.com\\\/pt-pt\\\/produto\\\/bateria-lipo-gens-ace-2200mah-18-5v-25c-5s1p-2\\\/#primaryimage\",\"url\":\"https:\\\/\\\/iha-race.com\\\/wp-content\\\/uploads\\\/2020\\\/12\\\/Bateria-Lipo-Gens-ace-2200mAh-18.5V-25C-5S1P.jpg\",\"contentUrl\":\"https:\\\/\\\/iha-race.com\\\/wp-content\\\/uploads\\\/2020\\\/12\\\/Bateria-Lipo-Gens-ace-2200mAh-18.5V-25C-5S1P.jpg\",\"width\":800,\"height\":800,\"caption\":\"comprar Gens mais baratos ace 2200mAh 18.5V 25C 5S1P bateria Lipo\"},{\"@type\":\"BreadcrumbList\",\"@id\":\"https:\\\/\\\/iha-race.com\\\/pt-pt\\\/produto\\\/bateria-lipo-gens-ace-2200mah-18-5v-25c-5s1p-2\\\/#breadcrumb\",\"itemListElement\":[{\"@type\":\"ListItem\",\"position\":1,\"name\":\"Portada\",\"item\":\"https:\\\/\\\/iha-race.com\\\/pt-pt\\\/elementor-499\\\/\"},{\"@type\":\"ListItem\",\"position\":2,\"name\":\"Shop\",\"item\":\"https:\\\/\\\/iha-race.com\\\/pt-pt\\\/shop\\\/\"},{\"@type\":\"ListItem\",\"position\":3,\"name\":\"Gens ace 2200mAh 18.5V 25C 5S1P Bateria Lipo\"}]},{\"@type\":\"WebSite\",\"@id\":\"https:\\\/\\\/iha-race.com\\\/pt-pt\\\/#website\",\"url\":\"https:\\\/\\\/iha-race.com\\\/pt-pt\\\/\",\"name\":\"Iha Race\",\"description\":\"Comprar drones de carreras FPV env\u00edos en un d\u00eda desde Espa\u00f1a\",\"publisher\":{\"@id\":\"https:\\\/\\\/iha-race.com\\\/pt-pt\\\/#organization\"},\"potentialAction\":[{\"@type\":\"SearchAction\",\"target\":{\"@type\":\"EntryPoint\",\"urlTemplate\":\"https:\\\/\\\/iha-race.com\\\/pt-pt\\\/?s={search_term_string}\"},\"query-input\":{\"@type\":\"PropertyValueSpecification\",\"valueRequired\":true,\"valueName\":\"search_term_string\"}}],\"inLanguage\":\"pt-PT\"},{\"@type\":\"Organization\",\"@id\":\"https:\\\/\\\/iha-race.com\\\/pt-pt\\\/#organization\",\"name\":\"Iha Race\",\"url\":\"https:\\\/\\\/iha-race.com\\\/pt-pt\\\/\",\"logo\":{\"@type\":\"ImageObject\",\"inLanguage\":\"pt-PT\",\"@id\":\"https:\\\/\\\/iha-race.com\\\/pt-pt\\\/#\\\/schema\\\/logo\\\/image\\\/\",\"url\":\"https:\\\/\\\/iha-race.com\\\/wp-content\\\/uploads\\\/2018\\\/07\\\/iha-race-drones-de-carreras-tienda-comprar-drones.png\",\"contentUrl\":\"https:\\\/\\\/iha-race.com\\\/wp-content\\\/uploads\\\/2018\\\/07\\\/iha-race-drones-de-carreras-tienda-comprar-drones.png\",\"width\":300,\"height\":100,\"caption\":\"Iha Race\"},\"image\":{\"@id\":\"https:\\\/\\\/iha-race.com\\\/pt-pt\\\/#\\\/schema\\\/logo\\\/image\\\/\"}}]}<\/script>\n<!-- \/ Yoast SEO plugin. -->","yoast_head_json":{"title":"Gens ace 2200mAh 18.5V 25C 5S1P Bateria Lipo - Iha Race","robots":{"index":"index","follow":"follow","max-snippet":"max-snippet:-1","max-image-preview":"max-image-preview:large","max-video-preview":"max-video-preview:-1"},"canonical":"https:\/\/iha-race.com\/pt-pt\/produto\/bateria-lipo-gens-ace-2200mah-18-5v-25c-5s1p-2\/","og_locale":"pt_PT","og_type":"article","og_title":"Gens ace 2200mAh 18.5V 25C 5S1P Bateria Lipo - Iha Race","og_description":"Gens ace 2200mAh 18.5V 25C 5S1P Bateria Lipo Especifica\u00e7\u00f5es: Tipo de produto: pack de pilhas lipo Capacidade: 2200mAh Tens\u00e3o: 18.5V Descarga m\u00e1xima cont\u00ednua: 25C (55A) Descarga m\u00e1xima de rutura: 50C","og_url":"https:\/\/iha-race.com\/pt-pt\/produto\/bateria-lipo-gens-ace-2200mah-18-5v-25c-5s1p-2\/","og_site_name":"Iha Race","article_modified_time":"2024-08-29T10:38:21+00:00","og_image":[{"width":800,"height":800,"url":"https:\/\/iha-race.com\/wp-content\/uploads\/2020\/12\/Bateria-Lipo-Gens-ace-2200mAh-18.5V-25C-5S1P.jpg","type":"image\/jpeg"}],"twitter_card":"summary_large_image","schema":{"@context":"https:\/\/schema.org","@graph":[{"@type":"WebPage","@id":"https:\/\/iha-race.com\/pt-pt\/produto\/bateria-lipo-gens-ace-2200mah-18-5v-25c-5s1p-2\/","url":"https:\/\/iha-race.com\/pt-pt\/produto\/bateria-lipo-gens-ace-2200mah-18-5v-25c-5s1p-2\/","name":"Gens ace 2200mAh 18.5V 25C 5S1P Bateria Lipo - Iha Race","isPartOf":{"@id":"https:\/\/iha-race.com\/pt-pt\/#website"},"primaryImageOfPage":{"@id":"https:\/\/iha-race.com\/pt-pt\/produto\/bateria-lipo-gens-ace-2200mah-18-5v-25c-5s1p-2\/#primaryimage"},"image":{"@id":"https:\/\/iha-race.com\/pt-pt\/produto\/bateria-lipo-gens-ace-2200mah-18-5v-25c-5s1p-2\/#primaryimage"},"thumbnailUrl":"https:\/\/iha-race.com\/wp-content\/uploads\/2020\/12\/Bateria-Lipo-Gens-ace-2200mAh-18.5V-25C-5S1P.jpg","datePublished":"2020-12-15T09:52:42+00:00","dateModified":"2024-08-29T10:38:21+00:00","breadcrumb":{"@id":"https:\/\/iha-race.com\/pt-pt\/produto\/bateria-lipo-gens-ace-2200mah-18-5v-25c-5s1p-2\/#breadcrumb"},"inLanguage":"pt-PT","potentialAction":[{"@type":"ReadAction","target":["https:\/\/iha-race.com\/pt-pt\/produto\/bateria-lipo-gens-ace-2200mah-18-5v-25c-5s1p-2\/"]}]},{"@type":"ImageObject","inLanguage":"pt-PT","@id":"https:\/\/iha-race.com\/pt-pt\/produto\/bateria-lipo-gens-ace-2200mah-18-5v-25c-5s1p-2\/#primaryimage","url":"https:\/\/iha-race.com\/wp-content\/uploads\/2020\/12\/Bateria-Lipo-Gens-ace-2200mAh-18.5V-25C-5S1P.jpg","contentUrl":"https:\/\/iha-race.com\/wp-content\/uploads\/2020\/12\/Bateria-Lipo-Gens-ace-2200mAh-18.5V-25C-5S1P.jpg","width":800,"height":800,"caption":"comprar Gens mais baratos ace 2200mAh 18.5V 25C 5S1P bateria Lipo"},{"@type":"BreadcrumbList","@id":"https:\/\/iha-race.com\/pt-pt\/produto\/bateria-lipo-gens-ace-2200mah-18-5v-25c-5s1p-2\/#breadcrumb","itemListElement":[{"@type":"ListItem","position":1,"name":"Portada","item":"https:\/\/iha-race.com\/pt-pt\/elementor-499\/"},{"@type":"ListItem","position":2,"name":"Shop","item":"https:\/\/iha-race.com\/pt-pt\/shop\/"},{"@type":"ListItem","position":3,"name":"Gens ace 2200mAh 18.5V 25C 5S1P Bateria Lipo"}]},{"@type":"WebSite","@id":"https:\/\/iha-race.com\/pt-pt\/#website","url":"https:\/\/iha-race.com\/pt-pt\/","name":"Iha Race","description":"Comprar drones de carreras FPV env\u00edos en un d\u00eda desde Espa\u00f1a","publisher":{"@id":"https:\/\/iha-race.com\/pt-pt\/#organization"},"potentialAction":[{"@type":"SearchAction","target":{"@type":"EntryPoint","urlTemplate":"https:\/\/iha-race.com\/pt-pt\/?s={search_term_string}"},"query-input":{"@type":"PropertyValueSpecification","valueRequired":true,"valueName":"search_term_string"}}],"inLanguage":"pt-PT"},{"@type":"Organization","@id":"https:\/\/iha-race.com\/pt-pt\/#organization","name":"Iha Race","url":"https:\/\/iha-race.com\/pt-pt\/","logo":{"@type":"ImageObject","inLanguage":"pt-PT","@id":"https:\/\/iha-race.com\/pt-pt\/#\/schema\/logo\/image\/","url":"https:\/\/iha-race.com\/wp-content\/uploads\/2018\/07\/iha-race-drones-de-carreras-tienda-comprar-drones.png","contentUrl":"https:\/\/iha-race.com\/wp-content\/uploads\/2018\/07\/iha-race-drones-de-carreras-tienda-comprar-drones.png","width":300,"height":100,"caption":"Iha Race"},"image":{"@id":"https:\/\/iha-race.com\/pt-pt\/#\/schema\/logo\/image\/"}}]}},"brands":[],"_links":{"self":[{"href":"https:\/\/iha-race.com\/pt-pt\/wp-json\/wp\/v2\/product\/113438","targetHints":{"allow":["GET"]}}],"collection":[{"href":"https:\/\/iha-race.com\/pt-pt\/wp-json\/wp\/v2\/product"}],"about":[{"href":"https:\/\/iha-race.com\/pt-pt\/wp-json\/wp\/v2\/types\/product"}],"replies":[{"embeddable":true,"href":"https:\/\/iha-race.com\/pt-pt\/wp-json\/wp\/v2\/comments?post=113438"}],"version-history":[{"count":1,"href":"https:\/\/iha-race.com\/pt-pt\/wp-json\/wp\/v2\/product\/113438\/revisions"}],"predecessor-version":[{"id":249721,"href":"https:\/\/iha-race.com\/pt-pt\/wp-json\/wp\/v2\/product\/113438\/revisions\/249721"}],"wp:featuredmedia":[{"embeddable":true,"href":"https:\/\/iha-race.com\/pt-pt\/wp-json\/wp\/v2\/media\/94504"}],"wp:attachment":[{"href":"https:\/\/iha-race.com\/pt-pt\/wp-json\/wp\/v2\/media?parent=113438"}],"wp:term":[{"taxonomy":"pwb-brand","embeddable":true,"href":"https:\/\/iha-race.com\/pt-pt\/wp-json\/wp\/v2\/pwb-brand?post=113438"},{"taxonomy":"product_cat","embeddable":true,"href":"https:\/\/iha-race.com\/pt-pt\/wp-json\/wp\/v2\/product_cat?post=113438"},{"taxonomy":"product_tag","embeddable":true,"href":"https:\/\/iha-race.com\/pt-pt\/wp-json\/wp\/v2\/product_tag?post=113438"}],"curies":[{"name":"wp","href":"https:\/\/api.w.org\/{rel}","templated":true}]}}