{"id":113420,"date":"2020-12-03T11:42:14","date_gmt":"2020-12-03T10:42:14","guid":{"rendered":"https:\/\/iha-race.com\/producto\/saco-de-campo-torvol-com-sling\/"},"modified":"2024-08-29T15:46:42","modified_gmt":"2024-08-29T13:46:42","slug":"field-bag-torvol-with-sling","status":"publish","type":"product","link":"https:\/\/iha-race.com\/pt-pt\/produto\/field-bag-torvol-with-sling\/","title":{"rendered":"Saco de campo Torvol com Sling"},"content":{"rendered":"<h2>Saco de campo Torvol com Sling<\/h2>\n<p>&nbsp;<\/p>\n<h2 class=\"punchline\">O melhor lugar para guardar os seus acess\u00f3rios mais necess\u00e1rios<\/h2>\n<ul class=\"productpagefeatures\">\n<li>Desdobre este saco para o utilizar como um cinto de ferramentas.<\/li>\n<li>5 bolsas de malha el\u00e1stica para cabos, chaves e mais<\/li>\n<li>2 tiras transversais para ferramentas adicionais<\/li>\n<li>Orif\u00edcio do cabo para armazenar a bateria do \u00f3culos de prote\u00e7\u00e3o FPV no saco<\/li>\n<li>Fivela girat\u00f3ria para transportar sobre o ombro ou como uma bolsa em forma de leque<\/li>\n<\/ul>\n<p>  O saco a tiracolo Torvol Field est\u00e1 equipado com bolsos organizadores e al\u00e7as para manter todos os teus acess\u00f3rios de uso frequente ao teu alcance. Quer o use como uma bolsa de cintura ou atrav\u00e9s do ombro, a fivela girat\u00f3ria d\u00e1-lhe a capacidade de se adaptar ao seu estilo. Desdobr\u00e1-lo completamente e utilizar o saco como um cinto de ferramentas. Utilize a bolsa para guardar a sua bateria Fatshark enquanto voa ou limpe as suas lentes com o pano de lentes. Este saco tem tudo.  &nbsp;<\/p>\n<p><strong>Informa\u00e7\u00e3o adicional<\/strong><\/p>\n<ul>\n<li>Peso &#8211; 250 g<\/li>\n<li>Dimens\u00f5es &#8211; 20 \u00d7 6 \u00d7 12 cm<\/li>\n<li>Cor &#8211; Preto \/ Cinzento<\/li>\n<li>C\u00f3digo EAN &#8211; 3700693502313<\/li>\n<\/ul>\n","protected":false},"excerpt":{"rendered":"<p>Saco de campo Torvol com Sling &nbsp; O melhor lugar para guardar os seus acess\u00f3rios mais necess\u00e1rios Desdobre este saco para o utilizar como um cinto de ferramentas. 5 bolsas<\/p>\n","protected":false},"featured_media":93948,"comment_status":"open","ping_status":"closed","template":"","meta":{"_joinchat":[]},"pwb-brand":[],"product_cat":[143],"product_tag":[],"class_list":{"0":"post-113420","1":"product","2":"type-product","3":"status-publish","4":"has-post-thumbnail","6":"product_cat-mochilas","8":"first","9":"instock","10":"taxable","11":"shipping-taxable","12":"purchasable","13":"product-type-simple"},"barcode":null,"atum_controlled":true,"out_stock_date":null,"out_stock_threshold":null,"inheritable":false,"stock_on_hold":0,"sold_today":0,"sales_last_days":0,"out_stock_days":0,"lost_sales":0,"update_date":"2026-04-08T16:38:35","atum_locations":[],"atum_stock_status":"instock","restock_status":false,"low_stock_amount":"","sales_update_date":"2026-03-04T15:34:09","calc_backorders":null,"yoast_head":"<!-- This site is optimized with the Yoast SEO plugin v27.3 - https:\/\/yoast.com\/product\/yoast-seo-wordpress\/ -->\n<title>Saco de campo Torvol com Sling - Iha Race<\/title>\n<meta name=\"robots\" content=\"index, follow, max-snippet:-1, max-image-preview:large, max-video-preview:-1\" \/>\n<link rel=\"canonical\" href=\"https:\/\/iha-race.com\/pt-pt\/produto\/field-bag-torvol-with-sling\/\" \/>\n<meta property=\"og:locale\" content=\"pt_PT\" \/>\n<meta property=\"og:type\" content=\"article\" \/>\n<meta property=\"og:title\" content=\"Saco de campo Torvol com Sling - Iha Race\" \/>\n<meta property=\"og:description\" content=\"Saco de campo Torvol com Sling &nbsp; O melhor lugar para guardar os seus acess\u00f3rios mais necess\u00e1rios Desdobre este saco para o utilizar como um cinto de ferramentas. 5 bolsas\" \/>\n<meta property=\"og:url\" content=\"https:\/\/iha-race.com\/pt-pt\/produto\/field-bag-torvol-with-sling\/\" \/>\n<meta property=\"og:site_name\" content=\"Iha Race\" \/>\n<meta property=\"article:modified_time\" content=\"2024-08-29T13:46:42+00:00\" \/>\n<meta property=\"og:image\" content=\"https:\/\/iha-race.com\/wp-content\/uploads\/2020\/12\/Torvol-Sling-Bag-front.jpg\" \/>\n\t<meta property=\"og:image:width\" content=\"2160\" \/>\n\t<meta property=\"og:image:height\" content=\"2160\" \/>\n\t<meta property=\"og:image:type\" content=\"image\/jpeg\" \/>\n<meta name=\"twitter:card\" content=\"summary_large_image\" \/>\n<meta name=\"twitter:label1\" content=\"Tempo estimado de leitura\" \/>\n\t<meta name=\"twitter:data1\" content=\"1 minuto\" \/>\n<script type=\"application\/ld+json\" class=\"yoast-schema-graph\">{\"@context\":\"https:\\\/\\\/schema.org\",\"@graph\":[{\"@type\":\"WebPage\",\"@id\":\"https:\\\/\\\/iha-race.com\\\/pt-pt\\\/produto\\\/field-bag-torvol-with-sling\\\/\",\"url\":\"https:\\\/\\\/iha-race.com\\\/pt-pt\\\/produto\\\/field-bag-torvol-with-sling\\\/\",\"name\":\"Saco de campo Torvol com Sling - Iha Race\",\"isPartOf\":{\"@id\":\"https:\\\/\\\/iha-race.com\\\/pt-pt\\\/#website\"},\"primaryImageOfPage\":{\"@id\":\"https:\\\/\\\/iha-race.com\\\/pt-pt\\\/produto\\\/field-bag-torvol-with-sling\\\/#primaryimage\"},\"image\":{\"@id\":\"https:\\\/\\\/iha-race.com\\\/pt-pt\\\/produto\\\/field-bag-torvol-with-sling\\\/#primaryimage\"},\"thumbnailUrl\":\"https:\\\/\\\/iha-race.com\\\/wp-content\\\/uploads\\\/2020\\\/12\\\/Torvol-Sling-Bag-front.jpg\",\"datePublished\":\"2020-12-03T10:42:14+00:00\",\"dateModified\":\"2024-08-29T13:46:42+00:00\",\"breadcrumb\":{\"@id\":\"https:\\\/\\\/iha-race.com\\\/pt-pt\\\/produto\\\/field-bag-torvol-with-sling\\\/#breadcrumb\"},\"inLanguage\":\"pt-PT\",\"potentialAction\":[{\"@type\":\"ReadAction\",\"target\":[\"https:\\\/\\\/iha-race.com\\\/pt-pt\\\/produto\\\/field-bag-torvol-with-sling\\\/\"]}]},{\"@type\":\"ImageObject\",\"inLanguage\":\"pt-PT\",\"@id\":\"https:\\\/\\\/iha-race.com\\\/pt-pt\\\/produto\\\/field-bag-torvol-with-sling\\\/#primaryimage\",\"url\":\"https:\\\/\\\/iha-race.com\\\/wp-content\\\/uploads\\\/2020\\\/12\\\/Torvol-Sling-Bag-front.jpg\",\"contentUrl\":\"https:\\\/\\\/iha-race.com\\\/wp-content\\\/uploads\\\/2020\\\/12\\\/Torvol-Sling-Bag-front.jpg\",\"width\":2160,\"height\":2160,\"caption\":\"Saco de campo Torvol com Sling\"},{\"@type\":\"BreadcrumbList\",\"@id\":\"https:\\\/\\\/iha-race.com\\\/pt-pt\\\/produto\\\/field-bag-torvol-with-sling\\\/#breadcrumb\",\"itemListElement\":[{\"@type\":\"ListItem\",\"position\":1,\"name\":\"Portada\",\"item\":\"https:\\\/\\\/iha-race.com\\\/pt-pt\\\/elementor-499\\\/\"},{\"@type\":\"ListItem\",\"position\":2,\"name\":\"Shop\",\"item\":\"https:\\\/\\\/iha-race.com\\\/pt-pt\\\/shop\\\/\"},{\"@type\":\"ListItem\",\"position\":3,\"name\":\"Saco de campo Torvol com Sling\"}]},{\"@type\":\"WebSite\",\"@id\":\"https:\\\/\\\/iha-race.com\\\/pt-pt\\\/#website\",\"url\":\"https:\\\/\\\/iha-race.com\\\/pt-pt\\\/\",\"name\":\"Iha Race\",\"description\":\"Comprar drones de carreras FPV env\u00edos en un d\u00eda desde Espa\u00f1a\",\"publisher\":{\"@id\":\"https:\\\/\\\/iha-race.com\\\/pt-pt\\\/#organization\"},\"potentialAction\":[{\"@type\":\"SearchAction\",\"target\":{\"@type\":\"EntryPoint\",\"urlTemplate\":\"https:\\\/\\\/iha-race.com\\\/pt-pt\\\/?s={search_term_string}\"},\"query-input\":{\"@type\":\"PropertyValueSpecification\",\"valueRequired\":true,\"valueName\":\"search_term_string\"}}],\"inLanguage\":\"pt-PT\"},{\"@type\":\"Organization\",\"@id\":\"https:\\\/\\\/iha-race.com\\\/pt-pt\\\/#organization\",\"name\":\"Iha Race\",\"url\":\"https:\\\/\\\/iha-race.com\\\/pt-pt\\\/\",\"logo\":{\"@type\":\"ImageObject\",\"inLanguage\":\"pt-PT\",\"@id\":\"https:\\\/\\\/iha-race.com\\\/pt-pt\\\/#\\\/schema\\\/logo\\\/image\\\/\",\"url\":\"https:\\\/\\\/iha-race.com\\\/wp-content\\\/uploads\\\/2018\\\/07\\\/iha-race-drones-de-carreras-tienda-comprar-drones.png\",\"contentUrl\":\"https:\\\/\\\/iha-race.com\\\/wp-content\\\/uploads\\\/2018\\\/07\\\/iha-race-drones-de-carreras-tienda-comprar-drones.png\",\"width\":300,\"height\":100,\"caption\":\"Iha Race\"},\"image\":{\"@id\":\"https:\\\/\\\/iha-race.com\\\/pt-pt\\\/#\\\/schema\\\/logo\\\/image\\\/\"}}]}<\/script>\n<!-- \/ Yoast SEO plugin. -->","yoast_head_json":{"title":"Saco de campo Torvol com Sling - Iha Race","robots":{"index":"index","follow":"follow","max-snippet":"max-snippet:-1","max-image-preview":"max-image-preview:large","max-video-preview":"max-video-preview:-1"},"canonical":"https:\/\/iha-race.com\/pt-pt\/produto\/field-bag-torvol-with-sling\/","og_locale":"pt_PT","og_type":"article","og_title":"Saco de campo Torvol com Sling - Iha Race","og_description":"Saco de campo Torvol com Sling &nbsp; O melhor lugar para guardar os seus acess\u00f3rios mais necess\u00e1rios Desdobre este saco para o utilizar como um cinto de ferramentas. 5 bolsas","og_url":"https:\/\/iha-race.com\/pt-pt\/produto\/field-bag-torvol-with-sling\/","og_site_name":"Iha Race","article_modified_time":"2024-08-29T13:46:42+00:00","og_image":[{"width":2160,"height":2160,"url":"https:\/\/iha-race.com\/wp-content\/uploads\/2020\/12\/Torvol-Sling-Bag-front.jpg","type":"image\/jpeg"}],"twitter_card":"summary_large_image","twitter_misc":{"Tempo estimado de leitura":"1 minuto"},"schema":{"@context":"https:\/\/schema.org","@graph":[{"@type":"WebPage","@id":"https:\/\/iha-race.com\/pt-pt\/produto\/field-bag-torvol-with-sling\/","url":"https:\/\/iha-race.com\/pt-pt\/produto\/field-bag-torvol-with-sling\/","name":"Saco de campo Torvol com Sling - Iha Race","isPartOf":{"@id":"https:\/\/iha-race.com\/pt-pt\/#website"},"primaryImageOfPage":{"@id":"https:\/\/iha-race.com\/pt-pt\/produto\/field-bag-torvol-with-sling\/#primaryimage"},"image":{"@id":"https:\/\/iha-race.com\/pt-pt\/produto\/field-bag-torvol-with-sling\/#primaryimage"},"thumbnailUrl":"https:\/\/iha-race.com\/wp-content\/uploads\/2020\/12\/Torvol-Sling-Bag-front.jpg","datePublished":"2020-12-03T10:42:14+00:00","dateModified":"2024-08-29T13:46:42+00:00","breadcrumb":{"@id":"https:\/\/iha-race.com\/pt-pt\/produto\/field-bag-torvol-with-sling\/#breadcrumb"},"inLanguage":"pt-PT","potentialAction":[{"@type":"ReadAction","target":["https:\/\/iha-race.com\/pt-pt\/produto\/field-bag-torvol-with-sling\/"]}]},{"@type":"ImageObject","inLanguage":"pt-PT","@id":"https:\/\/iha-race.com\/pt-pt\/produto\/field-bag-torvol-with-sling\/#primaryimage","url":"https:\/\/iha-race.com\/wp-content\/uploads\/2020\/12\/Torvol-Sling-Bag-front.jpg","contentUrl":"https:\/\/iha-race.com\/wp-content\/uploads\/2020\/12\/Torvol-Sling-Bag-front.jpg","width":2160,"height":2160,"caption":"Saco de campo Torvol com Sling"},{"@type":"BreadcrumbList","@id":"https:\/\/iha-race.com\/pt-pt\/produto\/field-bag-torvol-with-sling\/#breadcrumb","itemListElement":[{"@type":"ListItem","position":1,"name":"Portada","item":"https:\/\/iha-race.com\/pt-pt\/elementor-499\/"},{"@type":"ListItem","position":2,"name":"Shop","item":"https:\/\/iha-race.com\/pt-pt\/shop\/"},{"@type":"ListItem","position":3,"name":"Saco de campo Torvol com Sling"}]},{"@type":"WebSite","@id":"https:\/\/iha-race.com\/pt-pt\/#website","url":"https:\/\/iha-race.com\/pt-pt\/","name":"Iha Race","description":"Comprar drones de carreras FPV env\u00edos en un d\u00eda desde Espa\u00f1a","publisher":{"@id":"https:\/\/iha-race.com\/pt-pt\/#organization"},"potentialAction":[{"@type":"SearchAction","target":{"@type":"EntryPoint","urlTemplate":"https:\/\/iha-race.com\/pt-pt\/?s={search_term_string}"},"query-input":{"@type":"PropertyValueSpecification","valueRequired":true,"valueName":"search_term_string"}}],"inLanguage":"pt-PT"},{"@type":"Organization","@id":"https:\/\/iha-race.com\/pt-pt\/#organization","name":"Iha Race","url":"https:\/\/iha-race.com\/pt-pt\/","logo":{"@type":"ImageObject","inLanguage":"pt-PT","@id":"https:\/\/iha-race.com\/pt-pt\/#\/schema\/logo\/image\/","url":"https:\/\/iha-race.com\/wp-content\/uploads\/2018\/07\/iha-race-drones-de-carreras-tienda-comprar-drones.png","contentUrl":"https:\/\/iha-race.com\/wp-content\/uploads\/2018\/07\/iha-race-drones-de-carreras-tienda-comprar-drones.png","width":300,"height":100,"caption":"Iha Race"},"image":{"@id":"https:\/\/iha-race.com\/pt-pt\/#\/schema\/logo\/image\/"}}]}},"brands":[],"_links":{"self":[{"href":"https:\/\/iha-race.com\/pt-pt\/wp-json\/wp\/v2\/product\/113420","targetHints":{"allow":["GET"]}}],"collection":[{"href":"https:\/\/iha-race.com\/pt-pt\/wp-json\/wp\/v2\/product"}],"about":[{"href":"https:\/\/iha-race.com\/pt-pt\/wp-json\/wp\/v2\/types\/product"}],"replies":[{"embeddable":true,"href":"https:\/\/iha-race.com\/pt-pt\/wp-json\/wp\/v2\/comments?post=113420"}],"version-history":[{"count":2,"href":"https:\/\/iha-race.com\/pt-pt\/wp-json\/wp\/v2\/product\/113420\/revisions"}],"predecessor-version":[{"id":249735,"href":"https:\/\/iha-race.com\/pt-pt\/wp-json\/wp\/v2\/product\/113420\/revisions\/249735"}],"wp:featuredmedia":[{"embeddable":true,"href":"https:\/\/iha-race.com\/pt-pt\/wp-json\/wp\/v2\/media\/93948"}],"wp:attachment":[{"href":"https:\/\/iha-race.com\/pt-pt\/wp-json\/wp\/v2\/media?parent=113420"}],"wp:term":[{"taxonomy":"pwb-brand","embeddable":true,"href":"https:\/\/iha-race.com\/pt-pt\/wp-json\/wp\/v2\/pwb-brand?post=113420"},{"taxonomy":"product_cat","embeddable":true,"href":"https:\/\/iha-race.com\/pt-pt\/wp-json\/wp\/v2\/product_cat?post=113420"},{"taxonomy":"product_tag","embeddable":true,"href":"https:\/\/iha-race.com\/pt-pt\/wp-json\/wp\/v2\/product_tag?post=113420"}],"curies":[{"name":"wp","href":"https:\/\/api.w.org\/{rel}","templated":true}]}}