{"id":113382,"date":"2020-11-20T18:53:41","date_gmt":"2020-11-20T17:53:41","guid":{"rendered":"https:\/\/iha-race.com\/producto\/iflight-crystal-hd-patch-5-8ghz-antena-direccional-carvao-vegetal\/"},"modified":"2024-08-29T15:46:32","modified_gmt":"2024-08-29T13:46:32","slug":"se-iflight-crystal-hd-patch-5-8ghz-directional-antenna","status":"publish","type":"product","link":"https:\/\/iha-race.com\/pt-pt\/produto\/se-iflight-crystal-hd-patch-5-8ghz-directional-antenna\/","title":{"rendered":"iFlight Crystal HD Patch 5.8GHz Antena Direccional (Carv\u00e3o Vegetal)"},"content":{"rendered":"<h2>Antena direccional iFlight Crystal HD Patch 5.8GHz<\/h2>\n<p style=\"font-weight: 400;\"><strong>Bem-vindo \u00e0 nova antena direccional iFlight Crystal HD 5.8GHz!<\/strong> Especialmente concebidos para <strong>DJI Digital FPV Goggles<\/strong> para substituir a placa facial original com o nosso conjunto de antenas iFlight projectado. N\u00c3O, esta n\u00e3o \u00e9 outra antena de remendo. Duas antenas LHCP de alto ganho direccional cuidadosamente concebidas e altamente sens\u00edveis proporcionam uma melhor recep\u00e7\u00e3o a longas dist\u00e2ncias, bem como uma melhor penetra\u00e7\u00e3o atrav\u00e9s de \u00e1rvores, bandeiras ou outros terrenos dif\u00edceis. Desenho de baixo perfil para reduzir o tamanho da sua embalagem a um m\u00ednimo e alta qualidade de cabos RG178 para uma melhor durabilidade. Conseguimos alcan\u00e7ar uma largura de feixe de antena super larga atrav\u00e9s de um \u00e2ngulo de 30 graus de desvio entre as duas antenas. Feixe horizontal de 105 graus e feixe vertical de 75 graus a 9dBi ganha, diminuindo lentamente quanto mais pr\u00f3ximo se chega de um lado. Baixa perda com uma efici\u00eancia de antena de 93% e uma rela\u00e7\u00e3o axial de \u22641.6 em toda a banda. Se isso n\u00e3o for suficiente, tamb\u00e9m lhe demos a op\u00e7\u00e3o de montar as suas antenas no par inferior ou superior de conectores Goggle RP-SMA. M\u00faltiplos desenhos dispon\u00edveis, obtenha-os enquanto duram!<\/p>\n<h2 style=\"font-weight: 400;\"><b><strong>Caracter\u00edsticas:<\/strong><\/b><\/h2>\n<ul style=\"font-weight: 400;\">\n<li>Conjunto de antenas direccionais de alto ganho LHCP\/RHCP<\/li>\n<li>Perfil mais baixo e melhor recep\u00e7\u00e3o do que as antenas normais<\/li>\n<li>Super largura de feixe, horizontal 105 graus a 9dBi, vertical 75 graus a 9dBi<\/li>\n<li>Pode ser montado na parte superior ou inferior do par de \u00f3culos RP-SMA<\/li>\n<\/ul>\n<h2 style=\"font-weight: 400;\"><b><strong>Especifica\u00e7\u00f5es:<\/strong><\/b><\/h2>\n<ul style=\"font-weight: 400;\">\n<li>Frequ\u00eancia: 5,8 GHz<\/li>\n<li>Largura de banda: 5600 ~ 5900 Mhz<\/li>\n<li>Ganho: 9 dBi<\/li>\n<li>Rela\u00e7\u00e3o axial: \u22641.6<\/li>\n<li>Imped\u00e2ncia: 50\u03a9<\/li>\n<li>Efici\u00eancia da radia\u00e7\u00e3o: 93%.<\/li>\n<li>Largura do feixe: 105\u00b0 H. 75\u00b0 V.<\/li>\n<li>Polariza\u00e7\u00e3o: (LHCP) M\u00e3o esquerda circularmente polarizada<\/li>\n<li>Cabo: RG178<\/li>\n<li>Conector: RP-SMA (cabe directamente nos \u00f3culos de DJI, n\u00e3o deve ser usado em SMA standard)<\/li>\n<li>Dimens\u00f5es: 16 mm x 7 mm x 3 mm<\/li>\n<li>Peso: 52,1 g<\/li>\n<\/ul>\n<h2 style=\"font-weight: 400;\"><b><strong>O pacote inclui:<\/strong><\/b><\/h2>\n<ul>\n<li style=\"font-weight: 400;\">2 x Crystal HD Patch 5.8GHz antenas direccionais (escolha de LHCP ou RHCP)<\/li>\n<\/ul>\n<p><em>*<strong>Nota<\/strong>: <a href=\"https:\/\/iha-race.com\/producto\/antenas-iflight-omni-crystal-cortas-lhcp-2-unidades\/\">As antenas om<\/a> nidireccionais N\u00c3O est\u00e3o inclu\u00eddas.<\/em><\/p>\n<p><img fetchpriority=\"high\" decoding=\"async\" class=\"alignnone wp-image-56730 size-large\" src=\"https:\/\/iha-race.com\/wp-content\/uploads\/2020\/11\/Antena-direccional-iFlight-Crystal-HD-Patch-5.8GHz-1-1024x1024.jpg\" alt=\"\" width=\"840\" height=\"840\" srcset=\"https:\/\/iha-race.com\/wp-content\/uploads\/2020\/11\/Antena-direccional-iFlight-Crystal-HD-Patch-5.8GHz-1-1024x1024.jpg 1024w, https:\/\/iha-race.com\/wp-content\/uploads\/2020\/11\/Antena-direccional-iFlight-Crystal-HD-Patch-5.8GHz-1-300x300.jpg 300w, https:\/\/iha-race.com\/wp-content\/uploads\/2020\/11\/Antena-direccional-iFlight-Crystal-HD-Patch-5.8GHz-1-100x100.jpg 100w, https:\/\/iha-race.com\/wp-content\/uploads\/2020\/11\/Antena-direccional-iFlight-Crystal-HD-Patch-5.8GHz-1-600x600.jpg 600w, https:\/\/iha-race.com\/wp-content\/uploads\/2020\/11\/Antena-direccional-iFlight-Crystal-HD-Patch-5.8GHz-1-150x150.jpg 150w, https:\/\/iha-race.com\/wp-content\/uploads\/2020\/11\/Antena-direccional-iFlight-Crystal-HD-Patch-5.8GHz-1-768x768.jpg 768w, https:\/\/iha-race.com\/wp-content\/uploads\/2020\/11\/Antena-direccional-iFlight-Crystal-HD-Patch-5.8GHz-1-1536x1536.jpg 1536w, https:\/\/iha-race.com\/wp-content\/uploads\/2020\/11\/Antena-direccional-iFlight-Crystal-HD-Patch-5.8GHz-1-2048x2048.jpg 2048w, https:\/\/iha-race.com\/wp-content\/uploads\/2020\/11\/Antena-direccional-iFlight-Crystal-HD-Patch-5.8GHz-1-788x788.jpg 788w, https:\/\/iha-race.com\/wp-content\/uploads\/2020\/11\/Antena-direccional-iFlight-Crystal-HD-Patch-5.8GHz-1-135x135.jpg 135w, https:\/\/iha-race.com\/wp-content\/uploads\/2020\/11\/Antena-direccional-iFlight-Crystal-HD-Patch-5.8GHz-1.jpg 1000w\" sizes=\"(max-width: 840px) 100vw, 840px\" \/> <img decoding=\"async\" class=\"alignnone wp-image-56731 size-large\" src=\"https:\/\/iha-race.com\/wp-content\/uploads\/2020\/11\/Antena-direccional-iFlight-Crystal-HD-Patch-5.8GHz-2-1024x1024.jpg\" alt=\"\" width=\"840\" height=\"840\" srcset=\"https:\/\/iha-race.com\/wp-content\/uploads\/2020\/11\/Antena-direccional-iFlight-Crystal-HD-Patch-5.8GHz-2-1024x1024.jpg 1024w, https:\/\/iha-race.com\/wp-content\/uploads\/2020\/11\/Antena-direccional-iFlight-Crystal-HD-Patch-5.8GHz-2-300x300.jpg 300w, https:\/\/iha-race.com\/wp-content\/uploads\/2020\/11\/Antena-direccional-iFlight-Crystal-HD-Patch-5.8GHz-2-100x100.jpg 100w, https:\/\/iha-race.com\/wp-content\/uploads\/2020\/11\/Antena-direccional-iFlight-Crystal-HD-Patch-5.8GHz-2-600x600.jpg 600w, https:\/\/iha-race.com\/wp-content\/uploads\/2020\/11\/Antena-direccional-iFlight-Crystal-HD-Patch-5.8GHz-2-150x150.jpg 150w, https:\/\/iha-race.com\/wp-content\/uploads\/2020\/11\/Antena-direccional-iFlight-Crystal-HD-Patch-5.8GHz-2-768x768.jpg 768w, https:\/\/iha-race.com\/wp-content\/uploads\/2020\/11\/Antena-direccional-iFlight-Crystal-HD-Patch-5.8GHz-2-1536x1536.jpg 1536w, https:\/\/iha-race.com\/wp-content\/uploads\/2020\/11\/Antena-direccional-iFlight-Crystal-HD-Patch-5.8GHz-2-2048x2048.jpg 2048w, https:\/\/iha-race.com\/wp-content\/uploads\/2020\/11\/Antena-direccional-iFlight-Crystal-HD-Patch-5.8GHz-2-788x788.jpg 788w, https:\/\/iha-race.com\/wp-content\/uploads\/2020\/11\/Antena-direccional-iFlight-Crystal-HD-Patch-5.8GHz-2-135x135.jpg 135w, https:\/\/iha-race.com\/wp-content\/uploads\/2020\/11\/Antena-direccional-iFlight-Crystal-HD-Patch-5.8GHz-2.jpg 1000w\" sizes=\"(max-width: 840px) 100vw, 840px\" \/> <img decoding=\"async\" class=\"alignnone wp-image-56732 size-large\" src=\"https:\/\/iha-race.com\/wp-content\/uploads\/2020\/11\/Antena-direccional-iFlight-Crystal-HD-Patch-5.8GHz-3-1024x1024.jpg\" alt=\"\" width=\"840\" height=\"840\" srcset=\"https:\/\/iha-race.com\/wp-content\/uploads\/2020\/11\/Antena-direccional-iFlight-Crystal-HD-Patch-5.8GHz-3-1024x1024.jpg 1024w, https:\/\/iha-race.com\/wp-content\/uploads\/2020\/11\/Antena-direccional-iFlight-Crystal-HD-Patch-5.8GHz-3-300x300.jpg 300w, https:\/\/iha-race.com\/wp-content\/uploads\/2020\/11\/Antena-direccional-iFlight-Crystal-HD-Patch-5.8GHz-3-100x100.jpg 100w, https:\/\/iha-race.com\/wp-content\/uploads\/2020\/11\/Antena-direccional-iFlight-Crystal-HD-Patch-5.8GHz-3-600x600.jpg 600w, https:\/\/iha-race.com\/wp-content\/uploads\/2020\/11\/Antena-direccional-iFlight-Crystal-HD-Patch-5.8GHz-3-150x150.jpg 150w, https:\/\/iha-race.com\/wp-content\/uploads\/2020\/11\/Antena-direccional-iFlight-Crystal-HD-Patch-5.8GHz-3-768x768.jpg 768w, https:\/\/iha-race.com\/wp-content\/uploads\/2020\/11\/Antena-direccional-iFlight-Crystal-HD-Patch-5.8GHz-3-1536x1536.jpg 1536w, https:\/\/iha-race.com\/wp-content\/uploads\/2020\/11\/Antena-direccional-iFlight-Crystal-HD-Patch-5.8GHz-3-2048x2048.jpg 2048w, https:\/\/iha-race.com\/wp-content\/uploads\/2020\/11\/Antena-direccional-iFlight-Crystal-HD-Patch-5.8GHz-3-788x788.jpg 788w, https:\/\/iha-race.com\/wp-content\/uploads\/2020\/11\/Antena-direccional-iFlight-Crystal-HD-Patch-5.8GHz-3-135x135.jpg 135w, https:\/\/iha-race.com\/wp-content\/uploads\/2020\/11\/Antena-direccional-iFlight-Crystal-HD-Patch-5.8GHz-3.jpg 1000w\" sizes=\"(max-width: 840px) 100vw, 840px\" \/> <img loading=\"lazy\" decoding=\"async\" class=\"alignnone wp-image-56736 size-large\" src=\"https:\/\/iha-race.com\/wp-content\/uploads\/2020\/11\/Antena-direccional-iFlight-Crystal-HD-Patch-5.8GHz-7-1024x1024.jpg\" alt=\"\" width=\"840\" height=\"840\" srcset=\"https:\/\/iha-race.com\/wp-content\/uploads\/2020\/11\/Antena-direccional-iFlight-Crystal-HD-Patch-5.8GHz-7-1024x1024.jpg 1024w, https:\/\/iha-race.com\/wp-content\/uploads\/2020\/11\/Antena-direccional-iFlight-Crystal-HD-Patch-5.8GHz-7-300x300.jpg 300w, https:\/\/iha-race.com\/wp-content\/uploads\/2020\/11\/Antena-direccional-iFlight-Crystal-HD-Patch-5.8GHz-7-100x100.jpg 100w, https:\/\/iha-race.com\/wp-content\/uploads\/2020\/11\/Antena-direccional-iFlight-Crystal-HD-Patch-5.8GHz-7-600x600.jpg 600w, https:\/\/iha-race.com\/wp-content\/uploads\/2020\/11\/Antena-direccional-iFlight-Crystal-HD-Patch-5.8GHz-7-150x150.jpg 150w, https:\/\/iha-race.com\/wp-content\/uploads\/2020\/11\/Antena-direccional-iFlight-Crystal-HD-Patch-5.8GHz-7-768x768.jpg 768w, https:\/\/iha-race.com\/wp-content\/uploads\/2020\/11\/Antena-direccional-iFlight-Crystal-HD-Patch-5.8GHz-7-1536x1536.jpg 1536w, https:\/\/iha-race.com\/wp-content\/uploads\/2020\/11\/Antena-direccional-iFlight-Crystal-HD-Patch-5.8GHz-7-2048x2048.jpg 2048w, https:\/\/iha-race.com\/wp-content\/uploads\/2020\/11\/Antena-direccional-iFlight-Crystal-HD-Patch-5.8GHz-7-788x788.jpg 788w, https:\/\/iha-race.com\/wp-content\/uploads\/2020\/11\/Antena-direccional-iFlight-Crystal-HD-Patch-5.8GHz-7-135x135.jpg 135w, https:\/\/iha-race.com\/wp-content\/uploads\/2020\/11\/Antena-direccional-iFlight-Crystal-HD-Patch-5.8GHz-7.jpg 1000w\" sizes=\"(max-width: 840px) 100vw, 840px\" \/><\/p>\n","protected":false},"excerpt":{"rendered":"<p>As <strong>antenas Iflight Crystal HD<\/strong> est\u00e3o integradas na placa facial dos seus \u00f3culos de <strong>DJI FPV<\/strong> para lhe dar a melhor recep\u00e7\u00e3o poss\u00edvel durante os seus voos.<\/p>\n","protected":false},"featured_media":92551,"comment_status":"open","ping_status":"closed","template":"","meta":{"_joinchat":[]},"pwb-brand":[],"product_cat":[1198,1132],"product_tag":[],"class_list":{"0":"post-113382","1":"product","2":"type-product","3":"status-publish","4":"has-post-thumbnail","6":"product_cat-antenas-fpv","7":"product_cat-oculos-de-proteccao-fpv","9":"first","10":"instock","11":"taxable","12":"shipping-taxable","13":"purchasable","14":"product-type-variable"},"barcode":null,"atum_controlled":true,"out_stock_date":"2022-02-14 06:26:34","out_stock_threshold":null,"inheritable":true,"stock_on_hold":0,"sold_today":0,"sales_last_days":1,"out_stock_days":856,"lost_sales":0,"update_date":"2026-03-24T15:00:09","atum_locations":[],"atum_stock_status":"instock","restock_status":false,"low_stock_amount":"","sales_update_date":"2026-03-21T11:41:44","calc_backorders":null,"yoast_head":"<!-- This site is optimized with the Yoast SEO plugin v27.3 - https:\/\/yoast.com\/product\/yoast-seo-wordpress\/ -->\n<title>iFlight Crystal HD Patch 5.8GHz Antena Direccional (Carv\u00e3o Vegetal) - Iha Race<\/title>\n<meta name=\"robots\" content=\"index, follow, max-snippet:-1, max-image-preview:large, max-video-preview:-1\" \/>\n<link rel=\"canonical\" href=\"https:\/\/iha-race.com\/pt-pt\/produto\/se-iflight-crystal-hd-patch-5-8ghz-directional-antenna\/\" \/>\n<meta property=\"og:locale\" content=\"pt_PT\" \/>\n<meta property=\"og:type\" content=\"article\" \/>\n<meta property=\"og:title\" content=\"iFlight Crystal HD Patch 5.8GHz Antena Direccional (Carv\u00e3o Vegetal) - Iha Race\" \/>\n<meta property=\"og:description\" content=\"As antenas Iflight Crystal HD est\u00e3o integradas na placa facial dos seus \u00f3culos de DJI FPV para lhe dar a melhor recep\u00e7\u00e3o poss\u00edvel durante os seus voos.\" \/>\n<meta property=\"og:url\" content=\"https:\/\/iha-race.com\/pt-pt\/produto\/se-iflight-crystal-hd-patch-5-8ghz-directional-antenna\/\" \/>\n<meta property=\"og:site_name\" content=\"Iha Race\" \/>\n<meta property=\"article:modified_time\" content=\"2024-08-29T13:46:32+00:00\" \/>\n<meta property=\"og:image\" content=\"https:\/\/iha-race.com\/wp-content\/uploads\/2020\/11\/Antena-direccional-iFlight-Crystal-HD-Patch-5.8GHz-Carbono.png\" \/>\n\t<meta property=\"og:image:width\" content=\"1000\" \/>\n\t<meta property=\"og:image:height\" content=\"1000\" \/>\n\t<meta property=\"og:image:type\" content=\"image\/png\" \/>\n<meta name=\"twitter:card\" content=\"summary_large_image\" \/>\n<meta name=\"twitter:label1\" content=\"Tempo estimado de leitura\" \/>\n\t<meta name=\"twitter:data1\" content=\"2 minutos\" \/>\n<script type=\"application\/ld+json\" class=\"yoast-schema-graph\">{\"@context\":\"https:\\\/\\\/schema.org\",\"@graph\":[{\"@type\":\"WebPage\",\"@id\":\"https:\\\/\\\/iha-race.com\\\/pt-pt\\\/produto\\\/se-iflight-crystal-hd-patch-5-8ghz-directional-antenna\\\/\",\"url\":\"https:\\\/\\\/iha-race.com\\\/pt-pt\\\/produto\\\/se-iflight-crystal-hd-patch-5-8ghz-directional-antenna\\\/\",\"name\":\"iFlight Crystal HD Patch 5.8GHz Antena Direccional (Carv\u00e3o Vegetal) - Iha Race\",\"isPartOf\":{\"@id\":\"https:\\\/\\\/iha-race.com\\\/pt-pt\\\/#website\"},\"primaryImageOfPage\":{\"@id\":\"https:\\\/\\\/iha-race.com\\\/pt-pt\\\/produto\\\/se-iflight-crystal-hd-patch-5-8ghz-directional-antenna\\\/#primaryimage\"},\"image\":{\"@id\":\"https:\\\/\\\/iha-race.com\\\/pt-pt\\\/produto\\\/se-iflight-crystal-hd-patch-5-8ghz-directional-antenna\\\/#primaryimage\"},\"thumbnailUrl\":\"https:\\\/\\\/iha-race.com\\\/wp-content\\\/uploads\\\/2020\\\/11\\\/Antena-direccional-iFlight-Crystal-HD-Patch-5.8GHz-Carbono.png\",\"datePublished\":\"2020-11-20T17:53:41+00:00\",\"dateModified\":\"2024-08-29T13:46:32+00:00\",\"breadcrumb\":{\"@id\":\"https:\\\/\\\/iha-race.com\\\/pt-pt\\\/produto\\\/se-iflight-crystal-hd-patch-5-8ghz-directional-antenna\\\/#breadcrumb\"},\"inLanguage\":\"pt-PT\",\"potentialAction\":[{\"@type\":\"ReadAction\",\"target\":[\"https:\\\/\\\/iha-race.com\\\/pt-pt\\\/produto\\\/se-iflight-crystal-hd-patch-5-8ghz-directional-antenna\\\/\"]}]},{\"@type\":\"ImageObject\",\"inLanguage\":\"pt-PT\",\"@id\":\"https:\\\/\\\/iha-race.com\\\/pt-pt\\\/produto\\\/se-iflight-crystal-hd-patch-5-8ghz-directional-antenna\\\/#primaryimage\",\"url\":\"https:\\\/\\\/iha-race.com\\\/wp-content\\\/uploads\\\/2020\\\/11\\\/Antena-direccional-iFlight-Crystal-HD-Patch-5.8GHz-Carbono.png\",\"contentUrl\":\"https:\\\/\\\/iha-race.com\\\/wp-content\\\/uploads\\\/2020\\\/11\\\/Antena-direccional-iFlight-Crystal-HD-Patch-5.8GHz-Carbono.png\",\"width\":1000,\"height\":1000,\"caption\":\"comprar iFlight Crystal HD Patch 5.8GHz Antena Direccional Carbono melhor pre\u00e7o\"},{\"@type\":\"BreadcrumbList\",\"@id\":\"https:\\\/\\\/iha-race.com\\\/pt-pt\\\/produto\\\/se-iflight-crystal-hd-patch-5-8ghz-directional-antenna\\\/#breadcrumb\",\"itemListElement\":[{\"@type\":\"ListItem\",\"position\":1,\"name\":\"Portada\",\"item\":\"https:\\\/\\\/iha-race.com\\\/pt-pt\\\/elementor-499\\\/\"},{\"@type\":\"ListItem\",\"position\":2,\"name\":\"Shop\",\"item\":\"https:\\\/\\\/iha-race.com\\\/pt-pt\\\/shop\\\/\"},{\"@type\":\"ListItem\",\"position\":3,\"name\":\"iFlight Crystal HD Patch 5.8GHz Antena Direccional (Carv\u00e3o Vegetal)\"}]},{\"@type\":\"WebSite\",\"@id\":\"https:\\\/\\\/iha-race.com\\\/pt-pt\\\/#website\",\"url\":\"https:\\\/\\\/iha-race.com\\\/pt-pt\\\/\",\"name\":\"Iha Race\",\"description\":\"Comprar drones de carreras FPV env\u00edos en un d\u00eda desde Espa\u00f1a\",\"publisher\":{\"@id\":\"https:\\\/\\\/iha-race.com\\\/pt-pt\\\/#organization\"},\"potentialAction\":[{\"@type\":\"SearchAction\",\"target\":{\"@type\":\"EntryPoint\",\"urlTemplate\":\"https:\\\/\\\/iha-race.com\\\/pt-pt\\\/?s={search_term_string}\"},\"query-input\":{\"@type\":\"PropertyValueSpecification\",\"valueRequired\":true,\"valueName\":\"search_term_string\"}}],\"inLanguage\":\"pt-PT\"},{\"@type\":\"Organization\",\"@id\":\"https:\\\/\\\/iha-race.com\\\/pt-pt\\\/#organization\",\"name\":\"Iha Race\",\"url\":\"https:\\\/\\\/iha-race.com\\\/pt-pt\\\/\",\"logo\":{\"@type\":\"ImageObject\",\"inLanguage\":\"pt-PT\",\"@id\":\"https:\\\/\\\/iha-race.com\\\/pt-pt\\\/#\\\/schema\\\/logo\\\/image\\\/\",\"url\":\"https:\\\/\\\/iha-race.com\\\/wp-content\\\/uploads\\\/2018\\\/07\\\/iha-race-drones-de-carreras-tienda-comprar-drones.png\",\"contentUrl\":\"https:\\\/\\\/iha-race.com\\\/wp-content\\\/uploads\\\/2018\\\/07\\\/iha-race-drones-de-carreras-tienda-comprar-drones.png\",\"width\":300,\"height\":100,\"caption\":\"Iha Race\"},\"image\":{\"@id\":\"https:\\\/\\\/iha-race.com\\\/pt-pt\\\/#\\\/schema\\\/logo\\\/image\\\/\"}}]}<\/script>\n<!-- \/ Yoast SEO plugin. -->","yoast_head_json":{"title":"iFlight Crystal HD Patch 5.8GHz Antena Direccional (Carv\u00e3o Vegetal) - Iha Race","robots":{"index":"index","follow":"follow","max-snippet":"max-snippet:-1","max-image-preview":"max-image-preview:large","max-video-preview":"max-video-preview:-1"},"canonical":"https:\/\/iha-race.com\/pt-pt\/produto\/se-iflight-crystal-hd-patch-5-8ghz-directional-antenna\/","og_locale":"pt_PT","og_type":"article","og_title":"iFlight Crystal HD Patch 5.8GHz Antena Direccional (Carv\u00e3o Vegetal) - Iha Race","og_description":"As antenas Iflight Crystal HD est\u00e3o integradas na placa facial dos seus \u00f3culos de DJI FPV para lhe dar a melhor recep\u00e7\u00e3o poss\u00edvel durante os seus voos.","og_url":"https:\/\/iha-race.com\/pt-pt\/produto\/se-iflight-crystal-hd-patch-5-8ghz-directional-antenna\/","og_site_name":"Iha Race","article_modified_time":"2024-08-29T13:46:32+00:00","og_image":[{"width":1000,"height":1000,"url":"https:\/\/iha-race.com\/wp-content\/uploads\/2020\/11\/Antena-direccional-iFlight-Crystal-HD-Patch-5.8GHz-Carbono.png","type":"image\/png"}],"twitter_card":"summary_large_image","twitter_misc":{"Tempo estimado de leitura":"2 minutos"},"schema":{"@context":"https:\/\/schema.org","@graph":[{"@type":"WebPage","@id":"https:\/\/iha-race.com\/pt-pt\/produto\/se-iflight-crystal-hd-patch-5-8ghz-directional-antenna\/","url":"https:\/\/iha-race.com\/pt-pt\/produto\/se-iflight-crystal-hd-patch-5-8ghz-directional-antenna\/","name":"iFlight Crystal HD Patch 5.8GHz Antena Direccional (Carv\u00e3o Vegetal) - Iha Race","isPartOf":{"@id":"https:\/\/iha-race.com\/pt-pt\/#website"},"primaryImageOfPage":{"@id":"https:\/\/iha-race.com\/pt-pt\/produto\/se-iflight-crystal-hd-patch-5-8ghz-directional-antenna\/#primaryimage"},"image":{"@id":"https:\/\/iha-race.com\/pt-pt\/produto\/se-iflight-crystal-hd-patch-5-8ghz-directional-antenna\/#primaryimage"},"thumbnailUrl":"https:\/\/iha-race.com\/wp-content\/uploads\/2020\/11\/Antena-direccional-iFlight-Crystal-HD-Patch-5.8GHz-Carbono.png","datePublished":"2020-11-20T17:53:41+00:00","dateModified":"2024-08-29T13:46:32+00:00","breadcrumb":{"@id":"https:\/\/iha-race.com\/pt-pt\/produto\/se-iflight-crystal-hd-patch-5-8ghz-directional-antenna\/#breadcrumb"},"inLanguage":"pt-PT","potentialAction":[{"@type":"ReadAction","target":["https:\/\/iha-race.com\/pt-pt\/produto\/se-iflight-crystal-hd-patch-5-8ghz-directional-antenna\/"]}]},{"@type":"ImageObject","inLanguage":"pt-PT","@id":"https:\/\/iha-race.com\/pt-pt\/produto\/se-iflight-crystal-hd-patch-5-8ghz-directional-antenna\/#primaryimage","url":"https:\/\/iha-race.com\/wp-content\/uploads\/2020\/11\/Antena-direccional-iFlight-Crystal-HD-Patch-5.8GHz-Carbono.png","contentUrl":"https:\/\/iha-race.com\/wp-content\/uploads\/2020\/11\/Antena-direccional-iFlight-Crystal-HD-Patch-5.8GHz-Carbono.png","width":1000,"height":1000,"caption":"comprar iFlight Crystal HD Patch 5.8GHz Antena Direccional Carbono melhor pre\u00e7o"},{"@type":"BreadcrumbList","@id":"https:\/\/iha-race.com\/pt-pt\/produto\/se-iflight-crystal-hd-patch-5-8ghz-directional-antenna\/#breadcrumb","itemListElement":[{"@type":"ListItem","position":1,"name":"Portada","item":"https:\/\/iha-race.com\/pt-pt\/elementor-499\/"},{"@type":"ListItem","position":2,"name":"Shop","item":"https:\/\/iha-race.com\/pt-pt\/shop\/"},{"@type":"ListItem","position":3,"name":"iFlight Crystal HD Patch 5.8GHz Antena Direccional (Carv\u00e3o Vegetal)"}]},{"@type":"WebSite","@id":"https:\/\/iha-race.com\/pt-pt\/#website","url":"https:\/\/iha-race.com\/pt-pt\/","name":"Iha Race","description":"Comprar drones de carreras FPV env\u00edos en un d\u00eda desde Espa\u00f1a","publisher":{"@id":"https:\/\/iha-race.com\/pt-pt\/#organization"},"potentialAction":[{"@type":"SearchAction","target":{"@type":"EntryPoint","urlTemplate":"https:\/\/iha-race.com\/pt-pt\/?s={search_term_string}"},"query-input":{"@type":"PropertyValueSpecification","valueRequired":true,"valueName":"search_term_string"}}],"inLanguage":"pt-PT"},{"@type":"Organization","@id":"https:\/\/iha-race.com\/pt-pt\/#organization","name":"Iha Race","url":"https:\/\/iha-race.com\/pt-pt\/","logo":{"@type":"ImageObject","inLanguage":"pt-PT","@id":"https:\/\/iha-race.com\/pt-pt\/#\/schema\/logo\/image\/","url":"https:\/\/iha-race.com\/wp-content\/uploads\/2018\/07\/iha-race-drones-de-carreras-tienda-comprar-drones.png","contentUrl":"https:\/\/iha-race.com\/wp-content\/uploads\/2018\/07\/iha-race-drones-de-carreras-tienda-comprar-drones.png","width":300,"height":100,"caption":"Iha Race"},"image":{"@id":"https:\/\/iha-race.com\/pt-pt\/#\/schema\/logo\/image\/"}}]}},"brands":[],"_links":{"self":[{"href":"https:\/\/iha-race.com\/pt-pt\/wp-json\/wp\/v2\/product\/113382","targetHints":{"allow":["GET"]}}],"collection":[{"href":"https:\/\/iha-race.com\/pt-pt\/wp-json\/wp\/v2\/product"}],"about":[{"href":"https:\/\/iha-race.com\/pt-pt\/wp-json\/wp\/v2\/types\/product"}],"replies":[{"embeddable":true,"href":"https:\/\/iha-race.com\/pt-pt\/wp-json\/wp\/v2\/comments?post=113382"}],"version-history":[{"count":2,"href":"https:\/\/iha-race.com\/pt-pt\/wp-json\/wp\/v2\/product\/113382\/revisions"}],"predecessor-version":[{"id":236050,"href":"https:\/\/iha-race.com\/pt-pt\/wp-json\/wp\/v2\/product\/113382\/revisions\/236050"}],"wp:featuredmedia":[{"embeddable":true,"href":"https:\/\/iha-race.com\/pt-pt\/wp-json\/wp\/v2\/media\/92551"}],"wp:attachment":[{"href":"https:\/\/iha-race.com\/pt-pt\/wp-json\/wp\/v2\/media?parent=113382"}],"wp:term":[{"taxonomy":"pwb-brand","embeddable":true,"href":"https:\/\/iha-race.com\/pt-pt\/wp-json\/wp\/v2\/pwb-brand?post=113382"},{"taxonomy":"product_cat","embeddable":true,"href":"https:\/\/iha-race.com\/pt-pt\/wp-json\/wp\/v2\/product_cat?post=113382"},{"taxonomy":"product_tag","embeddable":true,"href":"https:\/\/iha-race.com\/pt-pt\/wp-json\/wp\/v2\/product_tag?post=113382"}],"curies":[{"name":"wp","href":"https:\/\/api.w.org\/{rel}","templated":true}]}}