{"id":113375,"date":"2020-11-10T16:19:12","date_gmt":"2020-11-10T15:19:12","guid":{"rendered":"https:\/\/iha-race.com\/producto\/race-wire-iha-race\/"},"modified":"2026-03-21T19:39:06","modified_gmt":"2026-03-21T18:39:06","slug":"race-wire-iha-race","status":"publish","type":"product","link":"https:\/\/iha-race.com\/pt-pt\/produto\/race-wire-iha-race\/","title":{"rendered":"Race Wire IHA RACE"},"content":{"rendered":"<h2>Race Wire IHA RACE<\/h2>\n<p>  Uma forma limpa de te livrares dos cabos do motor nos bra\u00e7os. Basta colar este PCB e soldar o motor e o ESC em extremos opostos. O nosso Race Wire est\u00e1 dispon\u00edvel em dois tamanhos: standard e mini. Esta placa de arame \u00e9 a actualiza\u00e7\u00e3o perfeita para corridas ou freestyle. Substitui simplesmente uma sec\u00e7\u00e3o dos cabos do seu motor debaixo das pontas da h\u00e9lice, tornando o seu qu\u00e1druplo imune aos danos causados pela h\u00e9lice. Se um adere\u00e7o for dobrado numa colis\u00e3o, a ponta desviar\u00e1 da placa de arame da Race Wire Board. Depois de instalar o Race Wire, poder\u00e1 fazer altera\u00e7\u00f5es de motor muito rapidamente e sem necessidade de abrir o seu quad para aceder ao seu ESC ou placa AIO 4in1. Tamb\u00e9m te d\u00e1 uma superf\u00edcie plana a partir da qual podes montar LEDs virados para cima.  <\/p>\n<h2>Caracter\u00edsticas<\/h2>\n<ul>\n<li>T\u00e1bua de cobre de 2 camadas.<\/li>\n<li>Tamanho padr\u00e3o: 29 x 10 x 1 mm<\/li>\n<li>Tamanho mini: 15 x 7 x 1 mm<\/li>\n<li>Cada conjunto vem com 5 pranchas individuais.<\/li>\n<\/ul>\n<h2>Quando se compra o nosso Race Wire, este est\u00e1 inclu\u00eddo:<\/h2>\n<ul>\n<li>5 x Race Wire IHA RACE (escolha de tamanho padr\u00e3o ou mini)<\/li>\n<\/ul>\n<p>&nbsp;<\/p>\n<h2>** <strong><em>\u00c9 NECESS\u00c1RIO UM ISOLAMENTO ENTRE O CARBONO E A PLACA.<\/em><\/strong><\/h2>\n","protected":false},"excerpt":{"rendered":"<p>Race Wire IHA RACE Uma forma limpa de te livrares dos cabos do motor nos bra\u00e7os. Basta colar este PCB e soldar o motor e o ESC em extremos opostos.<\/p>\n","protected":false},"featured_media":91985,"comment_status":"open","ping_status":"closed","template":"","meta":{"_joinchat":[]},"pwb-brand":[3586],"product_cat":[1458,1283,3671,1289,1304],"product_tag":[],"class_list":{"0":"post-113375","1":"product","2":"type-product","3":"status-publish","4":"has-post-thumbnail","6":"pwb-brand-iha-race","7":"product_cat-fpv-drones","8":"product_cat-inversor-esc","9":"product_cat-molduras","10":"product_cat-motores-fpv","11":"product_cat-pecas-sobressalentes-para-motores","13":"first","14":"instock","15":"taxable","16":"shipping-taxable","17":"purchasable","18":"product-type-variable"},"barcode":null,"atum_controlled":true,"out_stock_date":null,"out_stock_threshold":null,"inheritable":true,"stock_on_hold":0,"sold_today":0,"sales_last_days":10,"out_stock_days":0,"lost_sales":0,"update_date":"2026-04-15T16:01:49","atum_locations":[],"atum_stock_status":"instock","restock_status":false,"low_stock_amount":"","sales_update_date":"2026-04-08T10:17:12","calc_backorders":null,"yoast_head":"<!-- This site is optimized with the Yoast SEO plugin v27.3 - https:\/\/yoast.com\/product\/yoast-seo-wordpress\/ -->\n<title>Race Wire IHA RACE - Iha Race<\/title>\n<meta name=\"robots\" content=\"index, follow, max-snippet:-1, max-image-preview:large, max-video-preview:-1\" \/>\n<link rel=\"canonical\" href=\"https:\/\/iha-race.com\/pt-pt\/produto\/race-wire-iha-race\/\" \/>\n<meta property=\"og:locale\" content=\"pt_PT\" \/>\n<meta property=\"og:type\" content=\"article\" \/>\n<meta property=\"og:title\" content=\"Race Wire IHA RACE - Iha Race\" \/>\n<meta property=\"og:description\" content=\"Race Wire IHA RACE Uma forma limpa de te livrares dos cabos do motor nos bra\u00e7os. Basta colar este PCB e soldar o motor e o ESC em extremos opostos.\" \/>\n<meta property=\"og:url\" content=\"https:\/\/iha-race.com\/pt-pt\/produto\/race-wire-iha-race\/\" \/>\n<meta property=\"og:site_name\" content=\"Iha Race\" \/>\n<meta property=\"article:modified_time\" content=\"2026-03-21T18:39:06+00:00\" \/>\n<meta property=\"og:image\" content=\"https:\/\/iha-race.com\/wp-content\/uploads\/2020\/11\/tablero-de-cableado-race-wire-set-1.jpg\" \/>\n\t<meta property=\"og:image:width\" content=\"800\" \/>\n\t<meta property=\"og:image:height\" content=\"800\" \/>\n\t<meta property=\"og:image:type\" content=\"image\/jpeg\" \/>\n<meta name=\"twitter:card\" content=\"summary_large_image\" \/>\n<meta name=\"twitter:label1\" content=\"Tempo estimado de leitura\" \/>\n\t<meta name=\"twitter:data1\" content=\"1 minuto\" \/>\n<script type=\"application\/ld+json\" class=\"yoast-schema-graph\">{\"@context\":\"https:\\\/\\\/schema.org\",\"@graph\":[{\"@type\":\"WebPage\",\"@id\":\"https:\\\/\\\/iha-race.com\\\/pt-pt\\\/produto\\\/race-wire-iha-race\\\/\",\"url\":\"https:\\\/\\\/iha-race.com\\\/pt-pt\\\/produto\\\/race-wire-iha-race\\\/\",\"name\":\"Race Wire IHA RACE - Iha Race\",\"isPartOf\":{\"@id\":\"https:\\\/\\\/iha-race.com\\\/pt-pt\\\/#website\"},\"primaryImageOfPage\":{\"@id\":\"https:\\\/\\\/iha-race.com\\\/pt-pt\\\/produto\\\/race-wire-iha-race\\\/#primaryimage\"},\"image\":{\"@id\":\"https:\\\/\\\/iha-race.com\\\/pt-pt\\\/produto\\\/race-wire-iha-race\\\/#primaryimage\"},\"thumbnailUrl\":\"https:\\\/\\\/iha-race.com\\\/wp-content\\\/uploads\\\/2020\\\/11\\\/tablero-de-cableado-race-wire-set-1.jpg\",\"datePublished\":\"2020-11-10T15:19:12+00:00\",\"dateModified\":\"2026-03-21T18:39:06+00:00\",\"breadcrumb\":{\"@id\":\"https:\\\/\\\/iha-race.com\\\/pt-pt\\\/produto\\\/race-wire-iha-race\\\/#breadcrumb\"},\"inLanguage\":\"pt-PT\",\"potentialAction\":[{\"@type\":\"ReadAction\",\"target\":[\"https:\\\/\\\/iha-race.com\\\/pt-pt\\\/produto\\\/race-wire-iha-race\\\/\"]}]},{\"@type\":\"ImageObject\",\"inLanguage\":\"pt-PT\",\"@id\":\"https:\\\/\\\/iha-race.com\\\/pt-pt\\\/produto\\\/race-wire-iha-race\\\/#primaryimage\",\"url\":\"https:\\\/\\\/iha-race.com\\\/wp-content\\\/uploads\\\/2020\\\/11\\\/tablero-de-cableado-race-wire-set-1.jpg\",\"contentUrl\":\"https:\\\/\\\/iha-race.com\\\/wp-content\\\/uploads\\\/2020\\\/11\\\/tablero-de-cableado-race-wire-set-1.jpg\",\"width\":800,\"height\":800,\"caption\":\"comprar placa de cablagem do conjunto de fios de corrida\"},{\"@type\":\"BreadcrumbList\",\"@id\":\"https:\\\/\\\/iha-race.com\\\/pt-pt\\\/produto\\\/race-wire-iha-race\\\/#breadcrumb\",\"itemListElement\":[{\"@type\":\"ListItem\",\"position\":1,\"name\":\"Portada\",\"item\":\"https:\\\/\\\/iha-race.com\\\/pt-pt\\\/elementor-499\\\/\"},{\"@type\":\"ListItem\",\"position\":2,\"name\":\"Shop\",\"item\":\"https:\\\/\\\/iha-race.com\\\/pt-pt\\\/shop\\\/\"},{\"@type\":\"ListItem\",\"position\":3,\"name\":\"Race Wire IHA RACE\"}]},{\"@type\":\"WebSite\",\"@id\":\"https:\\\/\\\/iha-race.com\\\/pt-pt\\\/#website\",\"url\":\"https:\\\/\\\/iha-race.com\\\/pt-pt\\\/\",\"name\":\"Iha Race\",\"description\":\"Comprar drones de carreras FPV env\u00edos en un d\u00eda desde Espa\u00f1a\",\"publisher\":{\"@id\":\"https:\\\/\\\/iha-race.com\\\/pt-pt\\\/#organization\"},\"potentialAction\":[{\"@type\":\"SearchAction\",\"target\":{\"@type\":\"EntryPoint\",\"urlTemplate\":\"https:\\\/\\\/iha-race.com\\\/pt-pt\\\/?s={search_term_string}\"},\"query-input\":{\"@type\":\"PropertyValueSpecification\",\"valueRequired\":true,\"valueName\":\"search_term_string\"}}],\"inLanguage\":\"pt-PT\"},{\"@type\":\"Organization\",\"@id\":\"https:\\\/\\\/iha-race.com\\\/pt-pt\\\/#organization\",\"name\":\"Iha Race\",\"url\":\"https:\\\/\\\/iha-race.com\\\/pt-pt\\\/\",\"logo\":{\"@type\":\"ImageObject\",\"inLanguage\":\"pt-PT\",\"@id\":\"https:\\\/\\\/iha-race.com\\\/pt-pt\\\/#\\\/schema\\\/logo\\\/image\\\/\",\"url\":\"https:\\\/\\\/iha-race.com\\\/wp-content\\\/uploads\\\/2018\\\/07\\\/iha-race-drones-de-carreras-tienda-comprar-drones.png\",\"contentUrl\":\"https:\\\/\\\/iha-race.com\\\/wp-content\\\/uploads\\\/2018\\\/07\\\/iha-race-drones-de-carreras-tienda-comprar-drones.png\",\"width\":300,\"height\":100,\"caption\":\"Iha Race\"},\"image\":{\"@id\":\"https:\\\/\\\/iha-race.com\\\/pt-pt\\\/#\\\/schema\\\/logo\\\/image\\\/\"}}]}<\/script>\n<!-- \/ Yoast SEO plugin. -->","yoast_head_json":{"title":"Race Wire IHA RACE - Iha Race","robots":{"index":"index","follow":"follow","max-snippet":"max-snippet:-1","max-image-preview":"max-image-preview:large","max-video-preview":"max-video-preview:-1"},"canonical":"https:\/\/iha-race.com\/pt-pt\/produto\/race-wire-iha-race\/","og_locale":"pt_PT","og_type":"article","og_title":"Race Wire IHA RACE - Iha Race","og_description":"Race Wire IHA RACE Uma forma limpa de te livrares dos cabos do motor nos bra\u00e7os. Basta colar este PCB e soldar o motor e o ESC em extremos opostos.","og_url":"https:\/\/iha-race.com\/pt-pt\/produto\/race-wire-iha-race\/","og_site_name":"Iha Race","article_modified_time":"2026-03-21T18:39:06+00:00","og_image":[{"width":800,"height":800,"url":"https:\/\/iha-race.com\/wp-content\/uploads\/2020\/11\/tablero-de-cableado-race-wire-set-1.jpg","type":"image\/jpeg"}],"twitter_card":"summary_large_image","twitter_misc":{"Tempo estimado de leitura":"1 minuto"},"schema":{"@context":"https:\/\/schema.org","@graph":[{"@type":"WebPage","@id":"https:\/\/iha-race.com\/pt-pt\/produto\/race-wire-iha-race\/","url":"https:\/\/iha-race.com\/pt-pt\/produto\/race-wire-iha-race\/","name":"Race Wire IHA RACE - Iha Race","isPartOf":{"@id":"https:\/\/iha-race.com\/pt-pt\/#website"},"primaryImageOfPage":{"@id":"https:\/\/iha-race.com\/pt-pt\/produto\/race-wire-iha-race\/#primaryimage"},"image":{"@id":"https:\/\/iha-race.com\/pt-pt\/produto\/race-wire-iha-race\/#primaryimage"},"thumbnailUrl":"https:\/\/iha-race.com\/wp-content\/uploads\/2020\/11\/tablero-de-cableado-race-wire-set-1.jpg","datePublished":"2020-11-10T15:19:12+00:00","dateModified":"2026-03-21T18:39:06+00:00","breadcrumb":{"@id":"https:\/\/iha-race.com\/pt-pt\/produto\/race-wire-iha-race\/#breadcrumb"},"inLanguage":"pt-PT","potentialAction":[{"@type":"ReadAction","target":["https:\/\/iha-race.com\/pt-pt\/produto\/race-wire-iha-race\/"]}]},{"@type":"ImageObject","inLanguage":"pt-PT","@id":"https:\/\/iha-race.com\/pt-pt\/produto\/race-wire-iha-race\/#primaryimage","url":"https:\/\/iha-race.com\/wp-content\/uploads\/2020\/11\/tablero-de-cableado-race-wire-set-1.jpg","contentUrl":"https:\/\/iha-race.com\/wp-content\/uploads\/2020\/11\/tablero-de-cableado-race-wire-set-1.jpg","width":800,"height":800,"caption":"comprar placa de cablagem do conjunto de fios de corrida"},{"@type":"BreadcrumbList","@id":"https:\/\/iha-race.com\/pt-pt\/produto\/race-wire-iha-race\/#breadcrumb","itemListElement":[{"@type":"ListItem","position":1,"name":"Portada","item":"https:\/\/iha-race.com\/pt-pt\/elementor-499\/"},{"@type":"ListItem","position":2,"name":"Shop","item":"https:\/\/iha-race.com\/pt-pt\/shop\/"},{"@type":"ListItem","position":3,"name":"Race Wire IHA RACE"}]},{"@type":"WebSite","@id":"https:\/\/iha-race.com\/pt-pt\/#website","url":"https:\/\/iha-race.com\/pt-pt\/","name":"Iha Race","description":"Comprar drones de carreras FPV env\u00edos en un d\u00eda desde Espa\u00f1a","publisher":{"@id":"https:\/\/iha-race.com\/pt-pt\/#organization"},"potentialAction":[{"@type":"SearchAction","target":{"@type":"EntryPoint","urlTemplate":"https:\/\/iha-race.com\/pt-pt\/?s={search_term_string}"},"query-input":{"@type":"PropertyValueSpecification","valueRequired":true,"valueName":"search_term_string"}}],"inLanguage":"pt-PT"},{"@type":"Organization","@id":"https:\/\/iha-race.com\/pt-pt\/#organization","name":"Iha Race","url":"https:\/\/iha-race.com\/pt-pt\/","logo":{"@type":"ImageObject","inLanguage":"pt-PT","@id":"https:\/\/iha-race.com\/pt-pt\/#\/schema\/logo\/image\/","url":"https:\/\/iha-race.com\/wp-content\/uploads\/2018\/07\/iha-race-drones-de-carreras-tienda-comprar-drones.png","contentUrl":"https:\/\/iha-race.com\/wp-content\/uploads\/2018\/07\/iha-race-drones-de-carreras-tienda-comprar-drones.png","width":300,"height":100,"caption":"Iha Race"},"image":{"@id":"https:\/\/iha-race.com\/pt-pt\/#\/schema\/logo\/image\/"}}]}},"jetpack_sharing_enabled":true,"brands":[{"id":3586,"name":"IHA Race","slug":"iha-race"}],"_links":{"self":[{"href":"https:\/\/iha-race.com\/pt-pt\/wp-json\/wp\/v2\/product\/113375","targetHints":{"allow":["GET"]}}],"collection":[{"href":"https:\/\/iha-race.com\/pt-pt\/wp-json\/wp\/v2\/product"}],"about":[{"href":"https:\/\/iha-race.com\/pt-pt\/wp-json\/wp\/v2\/types\/product"}],"replies":[{"embeddable":true,"href":"https:\/\/iha-race.com\/pt-pt\/wp-json\/wp\/v2\/comments?post=113375"}],"version-history":[{"count":2,"href":"https:\/\/iha-race.com\/pt-pt\/wp-json\/wp\/v2\/product\/113375\/revisions"}],"predecessor-version":[{"id":249759,"href":"https:\/\/iha-race.com\/pt-pt\/wp-json\/wp\/v2\/product\/113375\/revisions\/249759"}],"wp:featuredmedia":[{"embeddable":true,"href":"https:\/\/iha-race.com\/pt-pt\/wp-json\/wp\/v2\/media\/91985"}],"wp:attachment":[{"href":"https:\/\/iha-race.com\/pt-pt\/wp-json\/wp\/v2\/media?parent=113375"}],"wp:term":[{"taxonomy":"pwb-brand","embeddable":true,"href":"https:\/\/iha-race.com\/pt-pt\/wp-json\/wp\/v2\/pwb-brand?post=113375"},{"taxonomy":"product_cat","embeddable":true,"href":"https:\/\/iha-race.com\/pt-pt\/wp-json\/wp\/v2\/product_cat?post=113375"},{"taxonomy":"product_tag","embeddable":true,"href":"https:\/\/iha-race.com\/pt-pt\/wp-json\/wp\/v2\/product_tag?post=113375"}],"curies":[{"name":"wp","href":"https:\/\/api.w.org\/{rel}","templated":true}]}}