{"id":113334,"date":"2020-11-17T13:06:15","date_gmt":"2020-11-17T12:06:15","guid":{"rendered":"https:\/\/iha-race.com\/producto\/antena-truerc-blaze-5-8-mmcx-90o-110mm-lhcp-rhcp-led-vermelho\/"},"modified":"2024-08-29T15:46:28","modified_gmt":"2024-08-29T13:46:28","slug":"antena-truerc-blaze-5-8-mmcx-90o-110mm-lhcp-rhcp-2","status":"publish","type":"product","link":"https:\/\/iha-race.com\/pt-pt\/produto\/antena-truerc-blaze-5-8-mmcx-90o-110mm-lhcp-rhcp-2\/","title":{"rendered":"Antena TrueRC BLAZE 5.8 MMCX 90\u00ba 110mm (LHCP\/RHCP) LED VERMELHO"},"content":{"rendered":"<h2>Antena TrueRC BLAZE 5.8 MMCX 90\u00ba 110mm (LHCP\/RHCP)- Led vermelho<\/h2>\n<p>  A antena BLAZE 5.8 \u00e9 uma antena omni CP de alto desempenho que funciona tamb\u00e9m como uma poderosa luz LED. Gra\u00e7as ao design avan\u00e7ado de RF e \u00e0 gest\u00e3o do calor, esta antena supera possivelmente tudo o que se encontra no espetro vis\u00edvel e de 5,8 GHz.  <\/p>\n<h2>Caracter\u00edsticas:<\/h2>\n<ul>\n<li>Caixa de policarbonato dur\u00e1vel, moldada por injec\u00e7\u00e3o e soldada por ultra-sons.<\/li>\n<li>Alta intensidade CREE\u2122 XQ-E LED vermelho.<\/li>\n<li>Maior largura de banda (5,4-6,3GHz).<\/li>\n<li>O padr\u00e3o permanece verdadeiro mesmo em instala\u00e7\u00f5es severas\/sub-\u00f3ptimas.<\/li>\n<li>Liga\u00e7\u00e3o da fonte de alimenta\u00e7\u00e3o LED de 5 V de um fio com micro conector.<\/li>\n<li>Compat\u00edvel com DJI de alta qualidade.<\/li>\n<\/ul>\n<h2>Especifica\u00e7\u00f5es:<\/h2>\n<ul>\n<li><strong>Ganho: 1 <\/strong>.9dBic<\/li>\n<li><strong>Rejei\u00e7\u00e3o cruzada polar<\/strong>: -15 a -30dB, (1,9%)<\/li>\n<li><strong>Largura de banda:<\/strong> 5.4GHz-6.3GHz<\/li>\n<li><strong>Efici\u00eancia da radia\u00e7\u00e3o:<\/strong> 99%.<\/li>\n<li><strong>ROE:<\/strong> &lt;= 1.2: 1<\/li>\n<li><strong>Peso:<\/strong> 7,9 g<\/li>\n<li><strong>Dimens\u00f5es (cabe\u00e7a):<\/strong> 16,5 mm de di\u00e2metro. X 10,7 mm de altura.<\/li>\n<li><strong>Comprimento:<\/strong> 110mm<\/li>\n<li><strong>Cabo:<\/strong> semi-r\u00edgido para servi\u00e7o pesado RG402 coaxial ou personalizado RG316S. li<\/li>\n<li><strong>Conector:<\/strong> MMCX90<\/li>\n<li>Consumo de <strong>corrente:<\/strong> 100-110 mA incluindo resistor.<\/li>\n<li><strong>Corrente m\u00e1xima:<\/strong> 400 mA.<\/li>\n<li><strong>Tens\u00e3o de alimenta\u00e7\u00e3o:<\/strong> 5V incluindo resistor.<\/li>\n<li><strong>l Fluxo luminoso aproximado a 100 mA:<\/strong> 20 a 50 l\u00famens, dependendo da cor.<\/li>\n<\/ul>\n<h2>A antena est\u00e1 inclu\u00edda com a compra da antena:<\/h2>\n<ul>\n<li>1 x Antena.<\/li>\n<li>Resist\u00eancia de 12 ou 18 ohms, dependendo da cor.<\/li>\n<li>Conector de micro pot\u00eancia.<\/li>\n<li>Encolhimento por calor.<\/li>\n<\/ul>\n<p>&nbsp;<\/p>\n","protected":false},"excerpt":{"rendered":"<p>O \u00faltimo desenho circular de alta fidelidade polarizado com a adi\u00e7\u00e3o de um CREE XQ-E LED de alta intensidade, o BLAZE 5.8 n\u00e3o \u00e9 uma antena vulgar!<\/p>\n","protected":false},"featured_media":92323,"comment_status":"open","ping_status":"closed","template":"","meta":{"_joinchat":[]},"pwb-brand":[],"product_cat":[1198],"product_tag":[],"class_list":{"0":"post-113334","1":"product","2":"type-product","3":"status-publish","4":"has-post-thumbnail","6":"product_cat-antenas-fpv","8":"first","9":"instock","10":"taxable","11":"shipping-taxable","12":"purchasable","13":"product-type-variable"},"barcode":null,"atum_controlled":true,"out_stock_date":null,"out_stock_threshold":null,"inheritable":true,"stock_on_hold":0,"sold_today":1,"sales_last_days":1,"out_stock_days":0,"lost_sales":0,"update_date":"2026-03-21T11:10:47","atum_locations":[],"atum_stock_status":"instock","restock_status":false,"low_stock_amount":"","sales_update_date":"2026-03-21T11:10:47","calc_backorders":null,"yoast_head":"<!-- This site is optimized with the Yoast SEO plugin v27.3 - https:\/\/yoast.com\/product\/yoast-seo-wordpress\/ -->\n<title>Antena TrueRC BLAZE 5.8 MMCX 90\u00ba 110mm (LHCP\/RHCP) LED VERMELHO - Iha Race<\/title>\n<meta name=\"robots\" content=\"index, follow, max-snippet:-1, max-image-preview:large, max-video-preview:-1\" \/>\n<link rel=\"canonical\" href=\"https:\/\/iha-race.com\/pt-pt\/produto\/antena-truerc-blaze-5-8-mmcx-90o-110mm-lhcp-rhcp-2\/\" \/>\n<meta property=\"og:locale\" content=\"pt_PT\" \/>\n<meta property=\"og:type\" content=\"article\" \/>\n<meta property=\"og:title\" content=\"Antena TrueRC BLAZE 5.8 MMCX 90\u00ba 110mm (LHCP\/RHCP) LED VERMELHO - Iha Race\" \/>\n<meta property=\"og:description\" content=\"O \u00faltimo desenho circular de alta fidelidade polarizado com a adi\u00e7\u00e3o de um CREE XQ-E LED de alta intensidade, o BLAZE 5.8 n\u00e3o \u00e9 uma antena vulgar!\" \/>\n<meta property=\"og:url\" content=\"https:\/\/iha-race.com\/pt-pt\/produto\/antena-truerc-blaze-5-8-mmcx-90o-110mm-lhcp-rhcp-2\/\" \/>\n<meta property=\"og:site_name\" content=\"Iha Race\" \/>\n<meta property=\"article:modified_time\" content=\"2024-08-29T13:46:28+00:00\" \/>\n<meta property=\"og:image\" content=\"https:\/\/iha-race.com\/wp-content\/uploads\/2020\/11\/Antena-BLAZE-5.8-lhcp-rhcp-true-rc-canada-drones-fpv.jpeg\" \/>\n\t<meta property=\"og:image:width\" content=\"1238\" \/>\n\t<meta property=\"og:image:height\" content=\"1237\" \/>\n\t<meta property=\"og:image:type\" content=\"image\/jpeg\" \/>\n<meta name=\"twitter:card\" content=\"summary_large_image\" \/>\n<meta name=\"twitter:label1\" content=\"Tempo estimado de leitura\" \/>\n\t<meta name=\"twitter:data1\" content=\"1 minuto\" \/>\n<script type=\"application\/ld+json\" class=\"yoast-schema-graph\">{\"@context\":\"https:\\\/\\\/schema.org\",\"@graph\":[{\"@type\":\"WebPage\",\"@id\":\"https:\\\/\\\/iha-race.com\\\/pt-pt\\\/produto\\\/antena-truerc-blaze-5-8-mmcx-90o-110mm-lhcp-rhcp-2\\\/\",\"url\":\"https:\\\/\\\/iha-race.com\\\/pt-pt\\\/produto\\\/antena-truerc-blaze-5-8-mmcx-90o-110mm-lhcp-rhcp-2\\\/\",\"name\":\"Antena TrueRC BLAZE 5.8 MMCX 90\u00ba 110mm (LHCP\\\/RHCP) LED VERMELHO - Iha Race\",\"isPartOf\":{\"@id\":\"https:\\\/\\\/iha-race.com\\\/pt-pt\\\/#website\"},\"primaryImageOfPage\":{\"@id\":\"https:\\\/\\\/iha-race.com\\\/pt-pt\\\/produto\\\/antena-truerc-blaze-5-8-mmcx-90o-110mm-lhcp-rhcp-2\\\/#primaryimage\"},\"image\":{\"@id\":\"https:\\\/\\\/iha-race.com\\\/pt-pt\\\/produto\\\/antena-truerc-blaze-5-8-mmcx-90o-110mm-lhcp-rhcp-2\\\/#primaryimage\"},\"thumbnailUrl\":\"https:\\\/\\\/iha-race.com\\\/wp-content\\\/uploads\\\/2020\\\/11\\\/Antena-BLAZE-5.8-lhcp-rhcp-true-rc-canada-drones-fpv.jpeg\",\"datePublished\":\"2020-11-17T12:06:15+00:00\",\"dateModified\":\"2024-08-29T13:46:28+00:00\",\"breadcrumb\":{\"@id\":\"https:\\\/\\\/iha-race.com\\\/pt-pt\\\/produto\\\/antena-truerc-blaze-5-8-mmcx-90o-110mm-lhcp-rhcp-2\\\/#breadcrumb\"},\"inLanguage\":\"pt-PT\",\"potentialAction\":[{\"@type\":\"ReadAction\",\"target\":[\"https:\\\/\\\/iha-race.com\\\/pt-pt\\\/produto\\\/antena-truerc-blaze-5-8-mmcx-90o-110mm-lhcp-rhcp-2\\\/\"]}]},{\"@type\":\"ImageObject\",\"inLanguage\":\"pt-PT\",\"@id\":\"https:\\\/\\\/iha-race.com\\\/pt-pt\\\/produto\\\/antena-truerc-blaze-5-8-mmcx-90o-110mm-lhcp-rhcp-2\\\/#primaryimage\",\"url\":\"https:\\\/\\\/iha-race.com\\\/wp-content\\\/uploads\\\/2020\\\/11\\\/Antena-BLAZE-5.8-lhcp-rhcp-true-rc-canada-drones-fpv.jpeg\",\"contentUrl\":\"https:\\\/\\\/iha-race.com\\\/wp-content\\\/uploads\\\/2020\\\/11\\\/Antena-BLAZE-5.8-lhcp-rhcp-true-rc-canada-drones-fpv.jpeg\",\"width\":1238,\"height\":1237,\"caption\":\"comprar o mais barato BLAZE 5.8 lhcp rhcp verdadeiro rc canada drones antena fpv\"},{\"@type\":\"BreadcrumbList\",\"@id\":\"https:\\\/\\\/iha-race.com\\\/pt-pt\\\/produto\\\/antena-truerc-blaze-5-8-mmcx-90o-110mm-lhcp-rhcp-2\\\/#breadcrumb\",\"itemListElement\":[{\"@type\":\"ListItem\",\"position\":1,\"name\":\"Portada\",\"item\":\"https:\\\/\\\/iha-race.com\\\/pt-pt\\\/elementor-499\\\/\"},{\"@type\":\"ListItem\",\"position\":2,\"name\":\"Shop\",\"item\":\"https:\\\/\\\/iha-race.com\\\/pt-pt\\\/shop\\\/\"},{\"@type\":\"ListItem\",\"position\":3,\"name\":\"Antena TrueRC BLAZE 5.8 MMCX 90\u00ba 110mm (LHCP\\\/RHCP) LED VERMELHO\"}]},{\"@type\":\"WebSite\",\"@id\":\"https:\\\/\\\/iha-race.com\\\/pt-pt\\\/#website\",\"url\":\"https:\\\/\\\/iha-race.com\\\/pt-pt\\\/\",\"name\":\"Iha Race\",\"description\":\"Comprar drones de carreras FPV env\u00edos en un d\u00eda desde Espa\u00f1a\",\"publisher\":{\"@id\":\"https:\\\/\\\/iha-race.com\\\/pt-pt\\\/#organization\"},\"potentialAction\":[{\"@type\":\"SearchAction\",\"target\":{\"@type\":\"EntryPoint\",\"urlTemplate\":\"https:\\\/\\\/iha-race.com\\\/pt-pt\\\/?s={search_term_string}\"},\"query-input\":{\"@type\":\"PropertyValueSpecification\",\"valueRequired\":true,\"valueName\":\"search_term_string\"}}],\"inLanguage\":\"pt-PT\"},{\"@type\":\"Organization\",\"@id\":\"https:\\\/\\\/iha-race.com\\\/pt-pt\\\/#organization\",\"name\":\"Iha Race\",\"url\":\"https:\\\/\\\/iha-race.com\\\/pt-pt\\\/\",\"logo\":{\"@type\":\"ImageObject\",\"inLanguage\":\"pt-PT\",\"@id\":\"https:\\\/\\\/iha-race.com\\\/pt-pt\\\/#\\\/schema\\\/logo\\\/image\\\/\",\"url\":\"https:\\\/\\\/iha-race.com\\\/wp-content\\\/uploads\\\/2018\\\/07\\\/iha-race-drones-de-carreras-tienda-comprar-drones.png\",\"contentUrl\":\"https:\\\/\\\/iha-race.com\\\/wp-content\\\/uploads\\\/2018\\\/07\\\/iha-race-drones-de-carreras-tienda-comprar-drones.png\",\"width\":300,\"height\":100,\"caption\":\"Iha Race\"},\"image\":{\"@id\":\"https:\\\/\\\/iha-race.com\\\/pt-pt\\\/#\\\/schema\\\/logo\\\/image\\\/\"}}]}<\/script>\n<!-- \/ Yoast SEO plugin. -->","yoast_head_json":{"title":"Antena TrueRC BLAZE 5.8 MMCX 90\u00ba 110mm (LHCP\/RHCP) LED VERMELHO - Iha Race","robots":{"index":"index","follow":"follow","max-snippet":"max-snippet:-1","max-image-preview":"max-image-preview:large","max-video-preview":"max-video-preview:-1"},"canonical":"https:\/\/iha-race.com\/pt-pt\/produto\/antena-truerc-blaze-5-8-mmcx-90o-110mm-lhcp-rhcp-2\/","og_locale":"pt_PT","og_type":"article","og_title":"Antena TrueRC BLAZE 5.8 MMCX 90\u00ba 110mm (LHCP\/RHCP) LED VERMELHO - Iha Race","og_description":"O \u00faltimo desenho circular de alta fidelidade polarizado com a adi\u00e7\u00e3o de um CREE XQ-E LED de alta intensidade, o BLAZE 5.8 n\u00e3o \u00e9 uma antena vulgar!","og_url":"https:\/\/iha-race.com\/pt-pt\/produto\/antena-truerc-blaze-5-8-mmcx-90o-110mm-lhcp-rhcp-2\/","og_site_name":"Iha Race","article_modified_time":"2024-08-29T13:46:28+00:00","og_image":[{"width":1238,"height":1237,"url":"https:\/\/iha-race.com\/wp-content\/uploads\/2020\/11\/Antena-BLAZE-5.8-lhcp-rhcp-true-rc-canada-drones-fpv.jpeg","type":"image\/jpeg"}],"twitter_card":"summary_large_image","twitter_misc":{"Tempo estimado de leitura":"1 minuto"},"schema":{"@context":"https:\/\/schema.org","@graph":[{"@type":"WebPage","@id":"https:\/\/iha-race.com\/pt-pt\/produto\/antena-truerc-blaze-5-8-mmcx-90o-110mm-lhcp-rhcp-2\/","url":"https:\/\/iha-race.com\/pt-pt\/produto\/antena-truerc-blaze-5-8-mmcx-90o-110mm-lhcp-rhcp-2\/","name":"Antena TrueRC BLAZE 5.8 MMCX 90\u00ba 110mm (LHCP\/RHCP) LED VERMELHO - Iha Race","isPartOf":{"@id":"https:\/\/iha-race.com\/pt-pt\/#website"},"primaryImageOfPage":{"@id":"https:\/\/iha-race.com\/pt-pt\/produto\/antena-truerc-blaze-5-8-mmcx-90o-110mm-lhcp-rhcp-2\/#primaryimage"},"image":{"@id":"https:\/\/iha-race.com\/pt-pt\/produto\/antena-truerc-blaze-5-8-mmcx-90o-110mm-lhcp-rhcp-2\/#primaryimage"},"thumbnailUrl":"https:\/\/iha-race.com\/wp-content\/uploads\/2020\/11\/Antena-BLAZE-5.8-lhcp-rhcp-true-rc-canada-drones-fpv.jpeg","datePublished":"2020-11-17T12:06:15+00:00","dateModified":"2024-08-29T13:46:28+00:00","breadcrumb":{"@id":"https:\/\/iha-race.com\/pt-pt\/produto\/antena-truerc-blaze-5-8-mmcx-90o-110mm-lhcp-rhcp-2\/#breadcrumb"},"inLanguage":"pt-PT","potentialAction":[{"@type":"ReadAction","target":["https:\/\/iha-race.com\/pt-pt\/produto\/antena-truerc-blaze-5-8-mmcx-90o-110mm-lhcp-rhcp-2\/"]}]},{"@type":"ImageObject","inLanguage":"pt-PT","@id":"https:\/\/iha-race.com\/pt-pt\/produto\/antena-truerc-blaze-5-8-mmcx-90o-110mm-lhcp-rhcp-2\/#primaryimage","url":"https:\/\/iha-race.com\/wp-content\/uploads\/2020\/11\/Antena-BLAZE-5.8-lhcp-rhcp-true-rc-canada-drones-fpv.jpeg","contentUrl":"https:\/\/iha-race.com\/wp-content\/uploads\/2020\/11\/Antena-BLAZE-5.8-lhcp-rhcp-true-rc-canada-drones-fpv.jpeg","width":1238,"height":1237,"caption":"comprar o mais barato BLAZE 5.8 lhcp rhcp verdadeiro rc canada drones antena fpv"},{"@type":"BreadcrumbList","@id":"https:\/\/iha-race.com\/pt-pt\/produto\/antena-truerc-blaze-5-8-mmcx-90o-110mm-lhcp-rhcp-2\/#breadcrumb","itemListElement":[{"@type":"ListItem","position":1,"name":"Portada","item":"https:\/\/iha-race.com\/pt-pt\/elementor-499\/"},{"@type":"ListItem","position":2,"name":"Shop","item":"https:\/\/iha-race.com\/pt-pt\/shop\/"},{"@type":"ListItem","position":3,"name":"Antena TrueRC BLAZE 5.8 MMCX 90\u00ba 110mm (LHCP\/RHCP) LED VERMELHO"}]},{"@type":"WebSite","@id":"https:\/\/iha-race.com\/pt-pt\/#website","url":"https:\/\/iha-race.com\/pt-pt\/","name":"Iha Race","description":"Comprar drones de carreras FPV env\u00edos en un d\u00eda desde Espa\u00f1a","publisher":{"@id":"https:\/\/iha-race.com\/pt-pt\/#organization"},"potentialAction":[{"@type":"SearchAction","target":{"@type":"EntryPoint","urlTemplate":"https:\/\/iha-race.com\/pt-pt\/?s={search_term_string}"},"query-input":{"@type":"PropertyValueSpecification","valueRequired":true,"valueName":"search_term_string"}}],"inLanguage":"pt-PT"},{"@type":"Organization","@id":"https:\/\/iha-race.com\/pt-pt\/#organization","name":"Iha Race","url":"https:\/\/iha-race.com\/pt-pt\/","logo":{"@type":"ImageObject","inLanguage":"pt-PT","@id":"https:\/\/iha-race.com\/pt-pt\/#\/schema\/logo\/image\/","url":"https:\/\/iha-race.com\/wp-content\/uploads\/2018\/07\/iha-race-drones-de-carreras-tienda-comprar-drones.png","contentUrl":"https:\/\/iha-race.com\/wp-content\/uploads\/2018\/07\/iha-race-drones-de-carreras-tienda-comprar-drones.png","width":300,"height":100,"caption":"Iha Race"},"image":{"@id":"https:\/\/iha-race.com\/pt-pt\/#\/schema\/logo\/image\/"}}]}},"brands":[],"_links":{"self":[{"href":"https:\/\/iha-race.com\/pt-pt\/wp-json\/wp\/v2\/product\/113334","targetHints":{"allow":["GET"]}}],"collection":[{"href":"https:\/\/iha-race.com\/pt-pt\/wp-json\/wp\/v2\/product"}],"about":[{"href":"https:\/\/iha-race.com\/pt-pt\/wp-json\/wp\/v2\/types\/product"}],"replies":[{"embeddable":true,"href":"https:\/\/iha-race.com\/pt-pt\/wp-json\/wp\/v2\/comments?post=113334"}],"version-history":[{"count":1,"href":"https:\/\/iha-race.com\/pt-pt\/wp-json\/wp\/v2\/product\/113334\/revisions"}],"predecessor-version":[{"id":249730,"href":"https:\/\/iha-race.com\/pt-pt\/wp-json\/wp\/v2\/product\/113334\/revisions\/249730"}],"wp:featuredmedia":[{"embeddable":true,"href":"https:\/\/iha-race.com\/pt-pt\/wp-json\/wp\/v2\/media\/92323"}],"wp:attachment":[{"href":"https:\/\/iha-race.com\/pt-pt\/wp-json\/wp\/v2\/media?parent=113334"}],"wp:term":[{"taxonomy":"pwb-brand","embeddable":true,"href":"https:\/\/iha-race.com\/pt-pt\/wp-json\/wp\/v2\/pwb-brand?post=113334"},{"taxonomy":"product_cat","embeddable":true,"href":"https:\/\/iha-race.com\/pt-pt\/wp-json\/wp\/v2\/product_cat?post=113334"},{"taxonomy":"product_tag","embeddable":true,"href":"https:\/\/iha-race.com\/pt-pt\/wp-json\/wp\/v2\/product_tag?post=113334"}],"curies":[{"name":"wp","href":"https:\/\/api.w.org\/{rel}","templated":true}]}}