{"id":113277,"date":"2021-03-01T15:24:06","date_gmt":"2021-03-01T14:24:06","guid":{"rendered":"https:\/\/iha-race.com\/producto\/t-motor-f40-pro-iv-1950-kv-2400-kv\/"},"modified":"2025-09-22T18:46:16","modified_gmt":"2025-09-22T16:46:16","slug":"t-motor-f40-pro-iv-1950-kv-2400-kv","status":"publish","type":"product","link":"https:\/\/iha-race.com\/pt-pt\/produto\/t-motor-f40-pro-iv-1950-kv-2400-kv\/","title":{"rendered":"T-Motor F40 PRO IV (1950 Kv\/2400 Kv)"},"content":{"rendered":"<h2>T-Motor F40 PRO IV (1950 Kv\/2400 Kv)<\/h2>\n<p>  O F40 PRO-IV continua a linhagem dos grandes motores de corrida FPV da T-Motor. O F40 PRO-IV \u00e9 mais leve e mais \u00e1gil em compara\u00e7\u00e3o com o seu predecessor, pesando 9% menos em compara\u00e7\u00e3o com o F40 PRO III. A T-Motor trabalhou arduamente para melhorar a experi\u00eancia do utilizador, criando e melhorando cada detalhe do F40 PRO IV para ajudar a reduzir o seu peso. Os elementos considerados foram o furo interno do motor, o eixo de tit\u00e2nio de 12 mm, a chapa de a\u00e7o sil\u00edcio e o cabo de sil\u00edcio personalizado.  <\/p>\n<h2>Caracter\u00edsticas do produto:<\/h2>\n<ul>\n<li>Encurralamento f\u00e1cil<\/li>\n<li>Mais dur\u00e1vel<\/li>\n<li>Controlo exacto<\/li>\n<\/ul>\n<h2>Especifica\u00e7\u00f5es do produto:<\/h2>\n<ul>\n<li><strong>Dimens\u00f5es do motor: <\/strong> \u03a6 27,9 * 29,8 mm<\/li>\n<li><strong>Chumbo: <\/strong> 20 # AWG 150 mm<\/li>\n<li><strong>Di\u00e2metro do eixo:<\/strong> 4 mm<\/li>\n<li><strong>Corrente inactiva:<\/strong> 1.6A<\/li>\n<li><strong>Pot\u00eancia m\u00e1xima (anos 60):<\/strong> 666W<\/li>\n<li><strong>Peso (<\/strong> incluindo <strong>o cabo<\/strong> <strong>):<\/strong> 30,6 g<\/li>\n<li><strong>Resist\u00eancia interna<\/strong>: 45 m \u03a9<\/li>\n<li><strong>Configura\u00e7\u00e3o: <\/strong> 12N14P<\/li>\n<li><strong>Voltagem nominal (Lipo):<\/strong> 4S<\/li>\n<li><strong>Corrente m\u00e1xima (60 s):<\/strong> 42,9 A<\/li>\n<\/ul>\n<p>&nbsp;<\/p>\n<div id=\"news11\" class=\"tabblock\">\n<div id=\"a_news11\" class=\"tabcon\">\n<p><img decoding=\"async\" src=\"http:\/\/store-en.tmotor.com\/bdimages\/upload1\/20200527\/1590547368371890.jpg\"><img decoding=\"async\" src=\"http:\/\/store-en.tmotor.com\/bdimages\/upload1\/20200527\/1590547369332563.jpg\"><img decoding=\"async\" title=\"\" src=\"http:\/\/store-en.tmotor.com\/bdimages\/upload1\/20200527\/1590566409711251.jpg\"><img decoding=\"async\" title=\"\" src=\"http:\/\/store-en.tmotor.com\/bdimages\/upload1\/20200527\/1590566428395524.jpg\"><img decoding=\"async\" src=\"http:\/\/store-en.tmotor.com\/bdimages\/upload1\/20200527\/1590547370268786.jpg\"><img decoding=\"async\" src=\"http:\/\/store-en.tmotor.com\/bdimages\/upload1\/20200527\/1590547371259668.jpg\"><img decoding=\"async\" src=\"http:\/\/store-en.tmotor.com\/bdimages\/upload1\/20200527\/1590547372340037.jpg\"><img decoding=\"async\" src=\"http:\/\/store-en.tmotor.com\/bdimages\/upload1\/20200527\/1590547372940436.jpg\"><img decoding=\"async\" src=\"http:\/\/store-en.tmotor.com\/bdimages\/upload1\/20200527\/1590547373907643.jpg\"><img decoding=\"async\" src=\"http:\/\/store-en.tmotor.com\/bdimages\/upload1\/20200527\/1590547373107121.jpg\"><\/p>\n<h2>O pacote inclui:<\/h2>\n<ul>\n<li>1 x Motor T-Motor F40 PRO IV (1950 Kv ou 2400 Kv) (Cor aleat\u00f3ria)<\/li>\n<\/ul>\n<\/div>\n<\/div>\n","protected":false},"excerpt":{"rendered":"<p>O F40 PRO-IV \u00e9 <strong>mais leve e mais \u00e1gil<\/strong> em compara\u00e7\u00e3o com o seu predecessor, pesando 9% menos em compara\u00e7\u00e3o com o F40 PRO III.<\/p>\n","protected":false},"featured_media":94100,"comment_status":"open","ping_status":"closed","template":"","meta":{"_joinchat":[]},"pwb-brand":[],"product_cat":[46,2475],"product_tag":[],"class_list":{"0":"post-113277","1":"product","2":"type-product","3":"status-publish","4":"has-post-thumbnail","6":"product_cat-motores","7":"product_cat-sin-escobillas-con-eje","9":"first","10":"instock","11":"taxable","12":"shipping-taxable","13":"purchasable","14":"product-type-variable"},"barcode":null,"atum_controlled":true,"out_stock_date":null,"out_stock_threshold":null,"inheritable":true,"stock_on_hold":0,"sold_today":0,"sales_last_days":9,"out_stock_days":0,"lost_sales":0,"update_date":"2026-04-18T23:35:00","atum_locations":[],"atum_stock_status":"instock","restock_status":false,"low_stock_amount":"","sales_update_date":"2026-04-18T23:35:00","calc_backorders":null,"yoast_head":"<!-- This site is optimized with the Yoast SEO plugin v27.3 - https:\/\/yoast.com\/product\/yoast-seo-wordpress\/ -->\n<title>T-Motor F40 PRO IV (1950 Kv\/2400 Kv) - Iha Race<\/title>\n<meta name=\"robots\" content=\"index, follow, max-snippet:-1, max-image-preview:large, max-video-preview:-1\" \/>\n<link rel=\"canonical\" href=\"https:\/\/iha-race.com\/pt-pt\/produto\/t-motor-f40-pro-iv-1950-kv-2400-kv\/\" \/>\n<meta property=\"og:locale\" content=\"pt_PT\" \/>\n<meta property=\"og:type\" content=\"article\" \/>\n<meta property=\"og:title\" content=\"T-Motor F40 PRO IV (1950 Kv\/2400 Kv) - Iha Race\" \/>\n<meta property=\"og:description\" content=\"O F40 PRO-IV \u00e9 mais leve e mais \u00e1gil em compara\u00e7\u00e3o com o seu predecessor, pesando 9% menos em compara\u00e7\u00e3o com o F40 PRO III.\" \/>\n<meta property=\"og:url\" content=\"https:\/\/iha-race.com\/pt-pt\/produto\/t-motor-f40-pro-iv-1950-kv-2400-kv\/\" \/>\n<meta property=\"og:site_name\" content=\"Iha Race\" \/>\n<meta property=\"article:modified_time\" content=\"2025-09-22T16:46:16+00:00\" \/>\n<meta property=\"og:image\" content=\"https:\/\/iha-race.com\/wp-content\/uploads\/2020\/09\/motor-f40-pro-iv-4-2400kv-1.jpg\" \/>\n\t<meta property=\"og:image:width\" content=\"800\" \/>\n\t<meta property=\"og:image:height\" content=\"800\" \/>\n\t<meta property=\"og:image:type\" content=\"image\/jpeg\" \/>\n<meta name=\"twitter:card\" content=\"summary_large_image\" \/>\n<meta name=\"twitter:label1\" content=\"Tempo estimado de leitura\" \/>\n\t<meta name=\"twitter:data1\" content=\"1 minuto\" \/>\n<script type=\"application\/ld+json\" class=\"yoast-schema-graph\">{\"@context\":\"https:\\\/\\\/schema.org\",\"@graph\":[{\"@type\":\"WebPage\",\"@id\":\"https:\\\/\\\/iha-race.com\\\/pt-pt\\\/produto\\\/t-motor-f40-pro-iv-1950-kv-2400-kv\\\/\",\"url\":\"https:\\\/\\\/iha-race.com\\\/pt-pt\\\/produto\\\/t-motor-f40-pro-iv-1950-kv-2400-kv\\\/\",\"name\":\"T-Motor F40 PRO IV (1950 Kv\\\/2400 Kv) - Iha Race\",\"isPartOf\":{\"@id\":\"https:\\\/\\\/iha-race.com\\\/pt-pt\\\/#website\"},\"primaryImageOfPage\":{\"@id\":\"https:\\\/\\\/iha-race.com\\\/pt-pt\\\/produto\\\/t-motor-f40-pro-iv-1950-kv-2400-kv\\\/#primaryimage\"},\"image\":{\"@id\":\"https:\\\/\\\/iha-race.com\\\/pt-pt\\\/produto\\\/t-motor-f40-pro-iv-1950-kv-2400-kv\\\/#primaryimage\"},\"thumbnailUrl\":\"https:\\\/\\\/iha-race.com\\\/wp-content\\\/uploads\\\/2020\\\/09\\\/motor-f40-pro-iv-4-2400kv-1.jpg\",\"datePublished\":\"2021-03-01T14:24:06+00:00\",\"dateModified\":\"2025-09-22T16:46:16+00:00\",\"breadcrumb\":{\"@id\":\"https:\\\/\\\/iha-race.com\\\/pt-pt\\\/produto\\\/t-motor-f40-pro-iv-1950-kv-2400-kv\\\/#breadcrumb\"},\"inLanguage\":\"pt-PT\",\"potentialAction\":[{\"@type\":\"ReadAction\",\"target\":[\"https:\\\/\\\/iha-race.com\\\/pt-pt\\\/produto\\\/t-motor-f40-pro-iv-1950-kv-2400-kv\\\/\"]}]},{\"@type\":\"ImageObject\",\"inLanguage\":\"pt-PT\",\"@id\":\"https:\\\/\\\/iha-race.com\\\/pt-pt\\\/produto\\\/t-motor-f40-pro-iv-1950-kv-2400-kv\\\/#primaryimage\",\"url\":\"https:\\\/\\\/iha-race.com\\\/wp-content\\\/uploads\\\/2020\\\/09\\\/motor-f40-pro-iv-4-2400kv-1.jpg\",\"contentUrl\":\"https:\\\/\\\/iha-race.com\\\/wp-content\\\/uploads\\\/2020\\\/09\\\/motor-f40-pro-iv-4-2400kv-1.jpg\",\"width\":800,\"height\":800,\"caption\":\"motor-f40-pro-iv-4-2400kv\"},{\"@type\":\"BreadcrumbList\",\"@id\":\"https:\\\/\\\/iha-race.com\\\/pt-pt\\\/produto\\\/t-motor-f40-pro-iv-1950-kv-2400-kv\\\/#breadcrumb\",\"itemListElement\":[{\"@type\":\"ListItem\",\"position\":1,\"name\":\"Portada\",\"item\":\"https:\\\/\\\/iha-race.com\\\/pt-pt\\\/elementor-499\\\/\"},{\"@type\":\"ListItem\",\"position\":2,\"name\":\"Shop\",\"item\":\"https:\\\/\\\/iha-race.com\\\/pt-pt\\\/shop\\\/\"},{\"@type\":\"ListItem\",\"position\":3,\"name\":\"T-Motor F40 PRO IV (1950 Kv\\\/2400 Kv)\"}]},{\"@type\":\"WebSite\",\"@id\":\"https:\\\/\\\/iha-race.com\\\/pt-pt\\\/#website\",\"url\":\"https:\\\/\\\/iha-race.com\\\/pt-pt\\\/\",\"name\":\"Iha Race\",\"description\":\"Comprar drones de carreras FPV env\u00edos en un d\u00eda desde Espa\u00f1a\",\"publisher\":{\"@id\":\"https:\\\/\\\/iha-race.com\\\/pt-pt\\\/#organization\"},\"potentialAction\":[{\"@type\":\"SearchAction\",\"target\":{\"@type\":\"EntryPoint\",\"urlTemplate\":\"https:\\\/\\\/iha-race.com\\\/pt-pt\\\/?s={search_term_string}\"},\"query-input\":{\"@type\":\"PropertyValueSpecification\",\"valueRequired\":true,\"valueName\":\"search_term_string\"}}],\"inLanguage\":\"pt-PT\"},{\"@type\":\"Organization\",\"@id\":\"https:\\\/\\\/iha-race.com\\\/pt-pt\\\/#organization\",\"name\":\"Iha Race\",\"url\":\"https:\\\/\\\/iha-race.com\\\/pt-pt\\\/\",\"logo\":{\"@type\":\"ImageObject\",\"inLanguage\":\"pt-PT\",\"@id\":\"https:\\\/\\\/iha-race.com\\\/pt-pt\\\/#\\\/schema\\\/logo\\\/image\\\/\",\"url\":\"https:\\\/\\\/iha-race.com\\\/wp-content\\\/uploads\\\/2018\\\/07\\\/iha-race-drones-de-carreras-tienda-comprar-drones.png\",\"contentUrl\":\"https:\\\/\\\/iha-race.com\\\/wp-content\\\/uploads\\\/2018\\\/07\\\/iha-race-drones-de-carreras-tienda-comprar-drones.png\",\"width\":300,\"height\":100,\"caption\":\"Iha Race\"},\"image\":{\"@id\":\"https:\\\/\\\/iha-race.com\\\/pt-pt\\\/#\\\/schema\\\/logo\\\/image\\\/\"}}]}<\/script>\n<!-- \/ Yoast SEO plugin. -->","yoast_head_json":{"title":"T-Motor F40 PRO IV (1950 Kv\/2400 Kv) - Iha Race","robots":{"index":"index","follow":"follow","max-snippet":"max-snippet:-1","max-image-preview":"max-image-preview:large","max-video-preview":"max-video-preview:-1"},"canonical":"https:\/\/iha-race.com\/pt-pt\/produto\/t-motor-f40-pro-iv-1950-kv-2400-kv\/","og_locale":"pt_PT","og_type":"article","og_title":"T-Motor F40 PRO IV (1950 Kv\/2400 Kv) - Iha Race","og_description":"O F40 PRO-IV \u00e9 mais leve e mais \u00e1gil em compara\u00e7\u00e3o com o seu predecessor, pesando 9% menos em compara\u00e7\u00e3o com o F40 PRO III.","og_url":"https:\/\/iha-race.com\/pt-pt\/produto\/t-motor-f40-pro-iv-1950-kv-2400-kv\/","og_site_name":"Iha Race","article_modified_time":"2025-09-22T16:46:16+00:00","og_image":[{"width":800,"height":800,"url":"https:\/\/iha-race.com\/wp-content\/uploads\/2020\/09\/motor-f40-pro-iv-4-2400kv-1.jpg","type":"image\/jpeg"}],"twitter_card":"summary_large_image","twitter_misc":{"Tempo estimado de leitura":"1 minuto"},"schema":{"@context":"https:\/\/schema.org","@graph":[{"@type":"WebPage","@id":"https:\/\/iha-race.com\/pt-pt\/produto\/t-motor-f40-pro-iv-1950-kv-2400-kv\/","url":"https:\/\/iha-race.com\/pt-pt\/produto\/t-motor-f40-pro-iv-1950-kv-2400-kv\/","name":"T-Motor F40 PRO IV (1950 Kv\/2400 Kv) - Iha Race","isPartOf":{"@id":"https:\/\/iha-race.com\/pt-pt\/#website"},"primaryImageOfPage":{"@id":"https:\/\/iha-race.com\/pt-pt\/produto\/t-motor-f40-pro-iv-1950-kv-2400-kv\/#primaryimage"},"image":{"@id":"https:\/\/iha-race.com\/pt-pt\/produto\/t-motor-f40-pro-iv-1950-kv-2400-kv\/#primaryimage"},"thumbnailUrl":"https:\/\/iha-race.com\/wp-content\/uploads\/2020\/09\/motor-f40-pro-iv-4-2400kv-1.jpg","datePublished":"2021-03-01T14:24:06+00:00","dateModified":"2025-09-22T16:46:16+00:00","breadcrumb":{"@id":"https:\/\/iha-race.com\/pt-pt\/produto\/t-motor-f40-pro-iv-1950-kv-2400-kv\/#breadcrumb"},"inLanguage":"pt-PT","potentialAction":[{"@type":"ReadAction","target":["https:\/\/iha-race.com\/pt-pt\/produto\/t-motor-f40-pro-iv-1950-kv-2400-kv\/"]}]},{"@type":"ImageObject","inLanguage":"pt-PT","@id":"https:\/\/iha-race.com\/pt-pt\/produto\/t-motor-f40-pro-iv-1950-kv-2400-kv\/#primaryimage","url":"https:\/\/iha-race.com\/wp-content\/uploads\/2020\/09\/motor-f40-pro-iv-4-2400kv-1.jpg","contentUrl":"https:\/\/iha-race.com\/wp-content\/uploads\/2020\/09\/motor-f40-pro-iv-4-2400kv-1.jpg","width":800,"height":800,"caption":"motor-f40-pro-iv-4-2400kv"},{"@type":"BreadcrumbList","@id":"https:\/\/iha-race.com\/pt-pt\/produto\/t-motor-f40-pro-iv-1950-kv-2400-kv\/#breadcrumb","itemListElement":[{"@type":"ListItem","position":1,"name":"Portada","item":"https:\/\/iha-race.com\/pt-pt\/elementor-499\/"},{"@type":"ListItem","position":2,"name":"Shop","item":"https:\/\/iha-race.com\/pt-pt\/shop\/"},{"@type":"ListItem","position":3,"name":"T-Motor F40 PRO IV (1950 Kv\/2400 Kv)"}]},{"@type":"WebSite","@id":"https:\/\/iha-race.com\/pt-pt\/#website","url":"https:\/\/iha-race.com\/pt-pt\/","name":"Iha Race","description":"Comprar drones de carreras FPV env\u00edos en un d\u00eda desde Espa\u00f1a","publisher":{"@id":"https:\/\/iha-race.com\/pt-pt\/#organization"},"potentialAction":[{"@type":"SearchAction","target":{"@type":"EntryPoint","urlTemplate":"https:\/\/iha-race.com\/pt-pt\/?s={search_term_string}"},"query-input":{"@type":"PropertyValueSpecification","valueRequired":true,"valueName":"search_term_string"}}],"inLanguage":"pt-PT"},{"@type":"Organization","@id":"https:\/\/iha-race.com\/pt-pt\/#organization","name":"Iha Race","url":"https:\/\/iha-race.com\/pt-pt\/","logo":{"@type":"ImageObject","inLanguage":"pt-PT","@id":"https:\/\/iha-race.com\/pt-pt\/#\/schema\/logo\/image\/","url":"https:\/\/iha-race.com\/wp-content\/uploads\/2018\/07\/iha-race-drones-de-carreras-tienda-comprar-drones.png","contentUrl":"https:\/\/iha-race.com\/wp-content\/uploads\/2018\/07\/iha-race-drones-de-carreras-tienda-comprar-drones.png","width":300,"height":100,"caption":"Iha Race"},"image":{"@id":"https:\/\/iha-race.com\/pt-pt\/#\/schema\/logo\/image\/"}}]}},"jetpack_sharing_enabled":true,"brands":[],"_links":{"self":[{"href":"https:\/\/iha-race.com\/pt-pt\/wp-json\/wp\/v2\/product\/113277","targetHints":{"allow":["GET"]}}],"collection":[{"href":"https:\/\/iha-race.com\/pt-pt\/wp-json\/wp\/v2\/product"}],"about":[{"href":"https:\/\/iha-race.com\/pt-pt\/wp-json\/wp\/v2\/types\/product"}],"replies":[{"embeddable":true,"href":"https:\/\/iha-race.com\/pt-pt\/wp-json\/wp\/v2\/comments?post=113277"}],"version-history":[{"count":3,"href":"https:\/\/iha-race.com\/pt-pt\/wp-json\/wp\/v2\/product\/113277\/revisions"}],"predecessor-version":[{"id":249629,"href":"https:\/\/iha-race.com\/pt-pt\/wp-json\/wp\/v2\/product\/113277\/revisions\/249629"}],"wp:featuredmedia":[{"embeddable":true,"href":"https:\/\/iha-race.com\/pt-pt\/wp-json\/wp\/v2\/media\/94100"}],"wp:attachment":[{"href":"https:\/\/iha-race.com\/pt-pt\/wp-json\/wp\/v2\/media?parent=113277"}],"wp:term":[{"taxonomy":"pwb-brand","embeddable":true,"href":"https:\/\/iha-race.com\/pt-pt\/wp-json\/wp\/v2\/pwb-brand?post=113277"},{"taxonomy":"product_cat","embeddable":true,"href":"https:\/\/iha-race.com\/pt-pt\/wp-json\/wp\/v2\/product_cat?post=113277"},{"taxonomy":"product_tag","embeddable":true,"href":"https:\/\/iha-race.com\/pt-pt\/wp-json\/wp\/v2\/product_tag?post=113277"}],"curies":[{"name":"wp","href":"https:\/\/api.w.org\/{rel}","templated":true}]}}