{"id":113263,"date":"2020-10-19T11:55:16","date_gmt":"2020-10-19T09:55:16","guid":{"rendered":"https:\/\/iha-race.com\/producto\/tbs-tango-2-pro-gimbal\/"},"modified":"2024-08-29T15:57:15","modified_gmt":"2024-08-29T13:57:15","slug":"gimbal-tbs-tango-2-pro","status":"publish","type":"product","link":"https:\/\/iha-race.com\/pt-pt\/produto\/gimbal-tbs-tango-2-pro\/","title":{"rendered":"TBS Tango 2 Pro Gimbal"},"content":{"rendered":"<h2>Gimbal TBS Tango 2 Pro (1 Unidade)<\/h2>\n<p>  O bast\u00e3o de cardan dobr\u00e1vel TBS Tango 2. Feito para as toler\u00e2ncias dos relojoeiros. Um mecanismo de dobragem por mola permite-lhe guardar as suas cardan durante o transporte. Roscados para que possa facilmente remov\u00ea-los, limp\u00e1-los e reinstal\u00e1-los. As cardan v\u00eam pr\u00e9-montadas e podem ser usadas como configura\u00e7\u00e3o de &#8220;acelerador&#8221; ou &#8220;passo&#8221;, com acelerador suave ou fun\u00e7\u00e3o de catraca. O curso do eixo de inclina\u00e7\u00e3o tamb\u00e9m pode ser reduzido at\u00e9 10 graus com os parafusos inclu\u00eddos.  <em>*Nota: DEVE executar imediatamente a calibra\u00e7\u00e3o da suspens\u00e3o cardan no OpenTX ap\u00f3s ter instalado as suspens\u00e3o cardan no seu controlo remoto.<\/em><\/p>\n<h2>O pacote inclui:<\/h2>\n<ul>\n<li>1 x TBS Tango 2 Pro Gimbal<\/li>\n<\/ul>\n","protected":false},"excerpt":{"rendered":"<p>Gimbal TBS Tango 2 Pro (1 Unidade) O bast\u00e3o de cardan dobr\u00e1vel TBS Tango 2. Feito para as toler\u00e2ncias dos relojoeiros. Um mecanismo de dobragem por mola permite-lhe guardar as<\/p>\n","protected":false},"featured_media":93842,"comment_status":"open","ping_status":"closed","template":"","meta":{"_joinchat":[]},"pwb-brand":[],"product_cat":[1249,2448],"product_tag":[],"class_list":{"0":"post-113263","1":"product","2":"type-product","3":"status-publish","4":"has-post-thumbnail","6":"product_cat-emissoras","7":"product_cat-pecas-sobressalentes-pt-pt","9":"first","10":"instock","11":"taxable","12":"shipping-taxable","13":"purchasable","14":"product-type-simple"},"barcode":null,"atum_controlled":true,"out_stock_date":null,"out_stock_threshold":null,"inheritable":false,"stock_on_hold":0,"sold_today":0,"sales_last_days":0,"out_stock_days":0,"lost_sales":0,"update_date":"2026-04-25T20:29:12","atum_locations":[],"atum_stock_status":"instock","restock_status":false,"low_stock_amount":"","sales_update_date":"2026-04-25T20:29:12","calc_backorders":null,"yoast_head":"<!-- This site is optimized with the Yoast SEO plugin v27.3 - https:\/\/yoast.com\/product\/yoast-seo-wordpress\/ -->\n<title>TBS Tango 2 Pro Gimbal - Iha Race<\/title>\n<meta name=\"robots\" content=\"index, follow, max-snippet:-1, max-image-preview:large, max-video-preview:-1\" \/>\n<link rel=\"canonical\" href=\"https:\/\/iha-race.com\/pt-pt\/produto\/gimbal-tbs-tango-2-pro\/\" \/>\n<meta property=\"og:locale\" content=\"pt_PT\" \/>\n<meta property=\"og:type\" content=\"article\" \/>\n<meta property=\"og:title\" content=\"TBS Tango 2 Pro Gimbal - Iha Race\" \/>\n<meta property=\"og:description\" content=\"Gimbal TBS Tango 2 Pro (1 Unidade) O bast\u00e3o de cardan dobr\u00e1vel TBS Tango 2. Feito para as toler\u00e2ncias dos relojoeiros. Um mecanismo de dobragem por mola permite-lhe guardar as\" \/>\n<meta property=\"og:url\" content=\"https:\/\/iha-race.com\/pt-pt\/produto\/gimbal-tbs-tango-2-pro\/\" \/>\n<meta property=\"og:site_name\" content=\"Iha Race\" \/>\n<meta property=\"article:modified_time\" content=\"2024-08-29T13:57:15+00:00\" \/>\n<meta property=\"og:image\" content=\"https:\/\/iha-race.com\/wp-content\/uploads\/2020\/10\/Tbs-tango-2-pro-gimbal-1.jpg\" \/>\n\t<meta property=\"og:image:width\" content=\"800\" \/>\n\t<meta property=\"og:image:height\" content=\"800\" \/>\n\t<meta property=\"og:image:type\" content=\"image\/jpeg\" \/>\n<meta name=\"twitter:card\" content=\"summary_large_image\" \/>\n<meta name=\"twitter:label1\" content=\"Tempo estimado de leitura\" \/>\n\t<meta name=\"twitter:data1\" content=\"1 minuto\" \/>\n<script type=\"application\/ld+json\" class=\"yoast-schema-graph\">{\"@context\":\"https:\\\/\\\/schema.org\",\"@graph\":[{\"@type\":\"WebPage\",\"@id\":\"https:\\\/\\\/iha-race.com\\\/pt-pt\\\/produto\\\/gimbal-tbs-tango-2-pro\\\/\",\"url\":\"https:\\\/\\\/iha-race.com\\\/pt-pt\\\/produto\\\/gimbal-tbs-tango-2-pro\\\/\",\"name\":\"TBS Tango 2 Pro Gimbal - Iha Race\",\"isPartOf\":{\"@id\":\"https:\\\/\\\/iha-race.com\\\/pt-pt\\\/#website\"},\"primaryImageOfPage\":{\"@id\":\"https:\\\/\\\/iha-race.com\\\/pt-pt\\\/produto\\\/gimbal-tbs-tango-2-pro\\\/#primaryimage\"},\"image\":{\"@id\":\"https:\\\/\\\/iha-race.com\\\/pt-pt\\\/produto\\\/gimbal-tbs-tango-2-pro\\\/#primaryimage\"},\"thumbnailUrl\":\"https:\\\/\\\/iha-race.com\\\/wp-content\\\/uploads\\\/2020\\\/10\\\/Tbs-tango-2-pro-gimbal-1.jpg\",\"datePublished\":\"2020-10-19T09:55:16+00:00\",\"dateModified\":\"2024-08-29T13:57:15+00:00\",\"breadcrumb\":{\"@id\":\"https:\\\/\\\/iha-race.com\\\/pt-pt\\\/produto\\\/gimbal-tbs-tango-2-pro\\\/#breadcrumb\"},\"inLanguage\":\"pt-PT\",\"potentialAction\":[{\"@type\":\"ReadAction\",\"target\":[\"https:\\\/\\\/iha-race.com\\\/pt-pt\\\/produto\\\/gimbal-tbs-tango-2-pro\\\/\"]}]},{\"@type\":\"ImageObject\",\"inLanguage\":\"pt-PT\",\"@id\":\"https:\\\/\\\/iha-race.com\\\/pt-pt\\\/produto\\\/gimbal-tbs-tango-2-pro\\\/#primaryimage\",\"url\":\"https:\\\/\\\/iha-race.com\\\/wp-content\\\/uploads\\\/2020\\\/10\\\/Tbs-tango-2-pro-gimbal-1.jpg\",\"contentUrl\":\"https:\\\/\\\/iha-race.com\\\/wp-content\\\/uploads\\\/2020\\\/10\\\/Tbs-tango-2-pro-gimbal-1.jpg\",\"width\":800,\"height\":800,\"caption\":\"Tbs-tango-2-pro-gimbal\"},{\"@type\":\"BreadcrumbList\",\"@id\":\"https:\\\/\\\/iha-race.com\\\/pt-pt\\\/produto\\\/gimbal-tbs-tango-2-pro\\\/#breadcrumb\",\"itemListElement\":[{\"@type\":\"ListItem\",\"position\":1,\"name\":\"Portada\",\"item\":\"https:\\\/\\\/iha-race.com\\\/pt-pt\\\/elementor-499\\\/\"},{\"@type\":\"ListItem\",\"position\":2,\"name\":\"Shop\",\"item\":\"https:\\\/\\\/iha-race.com\\\/pt-pt\\\/shop\\\/\"},{\"@type\":\"ListItem\",\"position\":3,\"name\":\"TBS Tango 2 Pro Gimbal\"}]},{\"@type\":\"WebSite\",\"@id\":\"https:\\\/\\\/iha-race.com\\\/pt-pt\\\/#website\",\"url\":\"https:\\\/\\\/iha-race.com\\\/pt-pt\\\/\",\"name\":\"Iha Race\",\"description\":\"Comprar drones de carreras FPV env\u00edos en un d\u00eda desde Espa\u00f1a\",\"publisher\":{\"@id\":\"https:\\\/\\\/iha-race.com\\\/pt-pt\\\/#organization\"},\"potentialAction\":[{\"@type\":\"SearchAction\",\"target\":{\"@type\":\"EntryPoint\",\"urlTemplate\":\"https:\\\/\\\/iha-race.com\\\/pt-pt\\\/?s={search_term_string}\"},\"query-input\":{\"@type\":\"PropertyValueSpecification\",\"valueRequired\":true,\"valueName\":\"search_term_string\"}}],\"inLanguage\":\"pt-PT\"},{\"@type\":\"Organization\",\"@id\":\"https:\\\/\\\/iha-race.com\\\/pt-pt\\\/#organization\",\"name\":\"Iha Race\",\"url\":\"https:\\\/\\\/iha-race.com\\\/pt-pt\\\/\",\"logo\":{\"@type\":\"ImageObject\",\"inLanguage\":\"pt-PT\",\"@id\":\"https:\\\/\\\/iha-race.com\\\/pt-pt\\\/#\\\/schema\\\/logo\\\/image\\\/\",\"url\":\"https:\\\/\\\/iha-race.com\\\/wp-content\\\/uploads\\\/2018\\\/07\\\/iha-race-drones-de-carreras-tienda-comprar-drones.png\",\"contentUrl\":\"https:\\\/\\\/iha-race.com\\\/wp-content\\\/uploads\\\/2018\\\/07\\\/iha-race-drones-de-carreras-tienda-comprar-drones.png\",\"width\":300,\"height\":100,\"caption\":\"Iha Race\"},\"image\":{\"@id\":\"https:\\\/\\\/iha-race.com\\\/pt-pt\\\/#\\\/schema\\\/logo\\\/image\\\/\"}}]}<\/script>\n<!-- \/ Yoast SEO plugin. -->","yoast_head_json":{"title":"TBS Tango 2 Pro Gimbal - Iha Race","robots":{"index":"index","follow":"follow","max-snippet":"max-snippet:-1","max-image-preview":"max-image-preview:large","max-video-preview":"max-video-preview:-1"},"canonical":"https:\/\/iha-race.com\/pt-pt\/produto\/gimbal-tbs-tango-2-pro\/","og_locale":"pt_PT","og_type":"article","og_title":"TBS Tango 2 Pro Gimbal - Iha Race","og_description":"Gimbal TBS Tango 2 Pro (1 Unidade) O bast\u00e3o de cardan dobr\u00e1vel TBS Tango 2. Feito para as toler\u00e2ncias dos relojoeiros. Um mecanismo de dobragem por mola permite-lhe guardar as","og_url":"https:\/\/iha-race.com\/pt-pt\/produto\/gimbal-tbs-tango-2-pro\/","og_site_name":"Iha Race","article_modified_time":"2024-08-29T13:57:15+00:00","og_image":[{"width":800,"height":800,"url":"https:\/\/iha-race.com\/wp-content\/uploads\/2020\/10\/Tbs-tango-2-pro-gimbal-1.jpg","type":"image\/jpeg"}],"twitter_card":"summary_large_image","twitter_misc":{"Tempo estimado de leitura":"1 minuto"},"schema":{"@context":"https:\/\/schema.org","@graph":[{"@type":"WebPage","@id":"https:\/\/iha-race.com\/pt-pt\/produto\/gimbal-tbs-tango-2-pro\/","url":"https:\/\/iha-race.com\/pt-pt\/produto\/gimbal-tbs-tango-2-pro\/","name":"TBS Tango 2 Pro Gimbal - Iha Race","isPartOf":{"@id":"https:\/\/iha-race.com\/pt-pt\/#website"},"primaryImageOfPage":{"@id":"https:\/\/iha-race.com\/pt-pt\/produto\/gimbal-tbs-tango-2-pro\/#primaryimage"},"image":{"@id":"https:\/\/iha-race.com\/pt-pt\/produto\/gimbal-tbs-tango-2-pro\/#primaryimage"},"thumbnailUrl":"https:\/\/iha-race.com\/wp-content\/uploads\/2020\/10\/Tbs-tango-2-pro-gimbal-1.jpg","datePublished":"2020-10-19T09:55:16+00:00","dateModified":"2024-08-29T13:57:15+00:00","breadcrumb":{"@id":"https:\/\/iha-race.com\/pt-pt\/produto\/gimbal-tbs-tango-2-pro\/#breadcrumb"},"inLanguage":"pt-PT","potentialAction":[{"@type":"ReadAction","target":["https:\/\/iha-race.com\/pt-pt\/produto\/gimbal-tbs-tango-2-pro\/"]}]},{"@type":"ImageObject","inLanguage":"pt-PT","@id":"https:\/\/iha-race.com\/pt-pt\/produto\/gimbal-tbs-tango-2-pro\/#primaryimage","url":"https:\/\/iha-race.com\/wp-content\/uploads\/2020\/10\/Tbs-tango-2-pro-gimbal-1.jpg","contentUrl":"https:\/\/iha-race.com\/wp-content\/uploads\/2020\/10\/Tbs-tango-2-pro-gimbal-1.jpg","width":800,"height":800,"caption":"Tbs-tango-2-pro-gimbal"},{"@type":"BreadcrumbList","@id":"https:\/\/iha-race.com\/pt-pt\/produto\/gimbal-tbs-tango-2-pro\/#breadcrumb","itemListElement":[{"@type":"ListItem","position":1,"name":"Portada","item":"https:\/\/iha-race.com\/pt-pt\/elementor-499\/"},{"@type":"ListItem","position":2,"name":"Shop","item":"https:\/\/iha-race.com\/pt-pt\/shop\/"},{"@type":"ListItem","position":3,"name":"TBS Tango 2 Pro Gimbal"}]},{"@type":"WebSite","@id":"https:\/\/iha-race.com\/pt-pt\/#website","url":"https:\/\/iha-race.com\/pt-pt\/","name":"Iha Race","description":"Comprar drones de carreras FPV env\u00edos en un d\u00eda desde Espa\u00f1a","publisher":{"@id":"https:\/\/iha-race.com\/pt-pt\/#organization"},"potentialAction":[{"@type":"SearchAction","target":{"@type":"EntryPoint","urlTemplate":"https:\/\/iha-race.com\/pt-pt\/?s={search_term_string}"},"query-input":{"@type":"PropertyValueSpecification","valueRequired":true,"valueName":"search_term_string"}}],"inLanguage":"pt-PT"},{"@type":"Organization","@id":"https:\/\/iha-race.com\/pt-pt\/#organization","name":"Iha Race","url":"https:\/\/iha-race.com\/pt-pt\/","logo":{"@type":"ImageObject","inLanguage":"pt-PT","@id":"https:\/\/iha-race.com\/pt-pt\/#\/schema\/logo\/image\/","url":"https:\/\/iha-race.com\/wp-content\/uploads\/2018\/07\/iha-race-drones-de-carreras-tienda-comprar-drones.png","contentUrl":"https:\/\/iha-race.com\/wp-content\/uploads\/2018\/07\/iha-race-drones-de-carreras-tienda-comprar-drones.png","width":300,"height":100,"caption":"Iha Race"},"image":{"@id":"https:\/\/iha-race.com\/pt-pt\/#\/schema\/logo\/image\/"}}]}},"jetpack_sharing_enabled":true,"brands":[],"_links":{"self":[{"href":"https:\/\/iha-race.com\/pt-pt\/wp-json\/wp\/v2\/product\/113263","targetHints":{"allow":["GET"]}}],"collection":[{"href":"https:\/\/iha-race.com\/pt-pt\/wp-json\/wp\/v2\/product"}],"about":[{"href":"https:\/\/iha-race.com\/pt-pt\/wp-json\/wp\/v2\/types\/product"}],"replies":[{"embeddable":true,"href":"https:\/\/iha-race.com\/pt-pt\/wp-json\/wp\/v2\/comments?post=113263"}],"version-history":[{"count":2,"href":"https:\/\/iha-race.com\/pt-pt\/wp-json\/wp\/v2\/product\/113263\/revisions"}],"predecessor-version":[{"id":249769,"href":"https:\/\/iha-race.com\/pt-pt\/wp-json\/wp\/v2\/product\/113263\/revisions\/249769"}],"wp:featuredmedia":[{"embeddable":true,"href":"https:\/\/iha-race.com\/pt-pt\/wp-json\/wp\/v2\/media\/93842"}],"wp:attachment":[{"href":"https:\/\/iha-race.com\/pt-pt\/wp-json\/wp\/v2\/media?parent=113263"}],"wp:term":[{"taxonomy":"pwb-brand","embeddable":true,"href":"https:\/\/iha-race.com\/pt-pt\/wp-json\/wp\/v2\/pwb-brand?post=113263"},{"taxonomy":"product_cat","embeddable":true,"href":"https:\/\/iha-race.com\/pt-pt\/wp-json\/wp\/v2\/product_cat?post=113263"},{"taxonomy":"product_tag","embeddable":true,"href":"https:\/\/iha-race.com\/pt-pt\/wp-json\/wp\/v2\/product_tag?post=113263"}],"curies":[{"name":"wp","href":"https:\/\/api.w.org\/{rel}","templated":true}]}}