{"id":113216,"date":"2021-03-29T10:45:10","date_gmt":"2021-03-29T08:45:10","guid":{"rendered":"https:\/\/iha-race.com\/producto\/ethix-saco-lipo-com-aquecedor-v2\/"},"modified":"2024-08-29T12:30:00","modified_gmt":"2024-08-29T10:30:00","slug":"ethix-lipo-bag-com-calor-v2","status":"publish","type":"product","link":"https:\/\/iha-race.com\/pt-pt\/produto\/ethix-lipo-bag-com-calor-v2\/","title":{"rendered":"ETHIX Saco Lipo com Aquecedor V2"},"content":{"rendered":"<h2>ETHIX Saco Lipo com Aquecedor V2<\/h2>\n<p>  O saco de lipografia mais meticulosamente concebido e pensado que alguma vez vi. Far\u00e1 tudo o que quiser a partir de um contentor de armazenamento de pilhas! A bolsa Ethix lipo, especificamente concebida pelo Sr. Steele aquecer\u00e1 as suas mochilas a temperaturas \u00f3ptimas de rasg\u00e3o, dir-lhe-\u00e1 que voltagem s\u00e3o, carregar\u00e1 o seu gopro e at\u00e9 se sentir\u00e1 luxuoso contra as suas m\u00e3os com o interior robusto revestido de camur\u00e7a sint\u00e9tica. O elemento de aquecimento interno \u00e9 concebido para funcionar com um regulador de 12 V integrado no interior. O saco em si \u00e9 isolado termicamente e vem com um fecho elegante para manter fora toda a sujidade e alta temperatura no seu interior. O bolso exterior armazena o seu telefone enquanto carrega ou enquanto est\u00e1 fora de casa. O saco foi concebido para conter at\u00e9 30 pacotes de 1300mAh 4S ou 20 pacotes de 6S 1300mAh de forma organizada.  <\/p>\n<h2>Recalibra\u00e7\u00e3o:<\/h2>\n<ul>\n<li>Isto \u00e9 para calibrar a precis\u00e3o do ADC (tens\u00e3o) na f\u00e1brica ou para recalibrar ap\u00f3s uso prolongado.<\/li>\n<li>Manter premido o bot\u00e3o durante 2 segundos, mostrar &#8220;CAL&#8221; e depois piscar &#8220;Ol\u00e1&#8221;, aplicar &#8220;25.50V&#8221; constante, depois premir o bot\u00e3o, esperar que &#8220;Lo&#8221; pisque, aplicar &#8220;10.50V&#8221; constante, premir brevemente o bot\u00e3o e esperar que termine.<\/li>\n<li>Se a voltagem da aplica\u00e7\u00e3o estiver longe da voltagem de refer\u00eancia ideal, apresenta &#8220;Err&#8221;.<\/li>\n<\/ul>\n<h2>Especifica\u00e7\u00f5es do saco:<\/h2>\n<ul>\n<li>Altura: 165 mm<\/li>\n<li>Largura: 240 mm<\/li>\n<li>Profundidade: 140 mm<\/li>\n<li>Peso: 440g<\/li>\n<li>Temperatura alvo do aquecedor: 50C \/ 120F<\/li>\n<li>Entrada do carregador USB: 3S-6S<\/li>\n<li>Sa\u00edda do carregador USB: at\u00e9 2A<\/li>\n<li>Tens\u00f5es de corte de baixa tens\u00e3o: 3S @ 10.5, 4S @ 14V, 5S @ 17.5, 6S @ 21V<\/li>\n<li>Tens\u00e3o m\u00e1xima: 25,5 V<\/li>\n<li>Tens\u00e3o m\u00ednima: 10,5 V<\/li>\n<\/ul>\n<h2>O pacote inclui:<\/h2>\n<ul>\n<li>1 x Saco ETHIX Lipo com Aquecedor V2<\/li>\n<\/ul>\n","protected":false},"excerpt":{"rendered":"<p>O saco de lipografia mais meticulosamente concebido e pensado que alguma vez vi.  <strong>Far\u00e1 tudo o que quiser a partir de um contentor de armazenamento de pilhas!<\/strong><\/p>\n","protected":false},"featured_media":98280,"comment_status":"open","ping_status":"closed","template":"","meta":{"_joinchat":[]},"pwb-brand":[],"product_cat":[1083,1069,1068,1166],"product_tag":[],"class_list":{"0":"post-113216","1":"product","2":"type-product","3":"status-publish","4":"has-post-thumbnail","6":"product_cat-acessorios","7":"product_cat-acessorios-de-bateria","8":"product_cat-carregadores","9":"product_cat-mochilas-fpv","11":"first","12":"instock","13":"taxable","14":"shipping-taxable","15":"purchasable","16":"product-type-simple"},"barcode":null,"atum_controlled":true,"out_stock_date":null,"out_stock_threshold":null,"inheritable":false,"stock_on_hold":0,"sold_today":0,"sales_last_days":0,"out_stock_days":0,"lost_sales":0,"update_date":"2026-04-28T00:39:21","atum_locations":[],"atum_stock_status":"instock","restock_status":false,"low_stock_amount":"","sales_update_date":"2026-04-27T19:44:23","calc_backorders":null,"yoast_head":"<!-- This site is optimized with the Yoast SEO plugin v27.3 - https:\/\/yoast.com\/product\/yoast-seo-wordpress\/ -->\n<title>ETHIX Saco Lipo com Aquecedor V2 - Iha Race<\/title>\n<meta name=\"robots\" content=\"index, follow, max-snippet:-1, max-image-preview:large, max-video-preview:-1\" \/>\n<link rel=\"canonical\" href=\"https:\/\/iha-race.com\/pt-pt\/produto\/ethix-lipo-bag-com-calor-v2\/\" \/>\n<meta property=\"og:locale\" content=\"pt_PT\" \/>\n<meta property=\"og:type\" content=\"article\" \/>\n<meta property=\"og:title\" content=\"ETHIX Saco Lipo com Aquecedor V2 - Iha Race\" \/>\n<meta property=\"og:description\" content=\"O saco de lipografia mais meticulosamente concebido e pensado que alguma vez vi. Far\u00e1 tudo o que quiser a partir de um contentor de armazenamento de pilhas!\" \/>\n<meta property=\"og:url\" content=\"https:\/\/iha-race.com\/pt-pt\/produto\/ethix-lipo-bag-com-calor-v2\/\" \/>\n<meta property=\"og:site_name\" content=\"Iha Race\" \/>\n<meta property=\"article:modified_time\" content=\"2024-08-29T10:30:00+00:00\" \/>\n<meta property=\"og:image\" content=\"https:\/\/iha-race.com\/wp-content\/uploads\/2020\/10\/ETHIX-Bolsa-de-Lipo-con-Calefaccion-V2.jpg\" \/>\n\t<meta property=\"og:image:width\" content=\"800\" \/>\n\t<meta property=\"og:image:height\" content=\"800\" \/>\n\t<meta property=\"og:image:type\" content=\"image\/jpeg\" \/>\n<meta name=\"twitter:card\" content=\"summary_large_image\" \/>\n<meta name=\"twitter:label1\" content=\"Tempo estimado de leitura\" \/>\n\t<meta name=\"twitter:data1\" content=\"1 minuto\" \/>\n<script type=\"application\/ld+json\" class=\"yoast-schema-graph\">{\"@context\":\"https:\\\/\\\/schema.org\",\"@graph\":[{\"@type\":\"WebPage\",\"@id\":\"https:\\\/\\\/iha-race.com\\\/pt-pt\\\/produto\\\/ethix-lipo-bag-com-calor-v2\\\/\",\"url\":\"https:\\\/\\\/iha-race.com\\\/pt-pt\\\/produto\\\/ethix-lipo-bag-com-calor-v2\\\/\",\"name\":\"ETHIX Saco Lipo com Aquecedor V2 - Iha Race\",\"isPartOf\":{\"@id\":\"https:\\\/\\\/iha-race.com\\\/pt-pt\\\/#website\"},\"primaryImageOfPage\":{\"@id\":\"https:\\\/\\\/iha-race.com\\\/pt-pt\\\/produto\\\/ethix-lipo-bag-com-calor-v2\\\/#primaryimage\"},\"image\":{\"@id\":\"https:\\\/\\\/iha-race.com\\\/pt-pt\\\/produto\\\/ethix-lipo-bag-com-calor-v2\\\/#primaryimage\"},\"thumbnailUrl\":\"https:\\\/\\\/iha-race.com\\\/wp-content\\\/uploads\\\/2020\\\/10\\\/ETHIX-Bolsa-de-Lipo-con-Calefaccion-V2.jpg\",\"datePublished\":\"2021-03-29T08:45:10+00:00\",\"dateModified\":\"2024-08-29T10:30:00+00:00\",\"breadcrumb\":{\"@id\":\"https:\\\/\\\/iha-race.com\\\/pt-pt\\\/produto\\\/ethix-lipo-bag-com-calor-v2\\\/#breadcrumb\"},\"inLanguage\":\"pt-PT\",\"potentialAction\":[{\"@type\":\"ReadAction\",\"target\":[\"https:\\\/\\\/iha-race.com\\\/pt-pt\\\/produto\\\/ethix-lipo-bag-com-calor-v2\\\/\"]}]},{\"@type\":\"ImageObject\",\"inLanguage\":\"pt-PT\",\"@id\":\"https:\\\/\\\/iha-race.com\\\/pt-pt\\\/produto\\\/ethix-lipo-bag-com-calor-v2\\\/#primaryimage\",\"url\":\"https:\\\/\\\/iha-race.com\\\/wp-content\\\/uploads\\\/2020\\\/10\\\/ETHIX-Bolsa-de-Lipo-con-Calefaccion-V2.jpg\",\"contentUrl\":\"https:\\\/\\\/iha-race.com\\\/wp-content\\\/uploads\\\/2020\\\/10\\\/ETHIX-Bolsa-de-Lipo-con-Calefaccion-V2.jpg\",\"width\":800,\"height\":800,\"caption\":\"comprar o saco Lipo Heated ETHIX V2 mais barato\"},{\"@type\":\"BreadcrumbList\",\"@id\":\"https:\\\/\\\/iha-race.com\\\/pt-pt\\\/produto\\\/ethix-lipo-bag-com-calor-v2\\\/#breadcrumb\",\"itemListElement\":[{\"@type\":\"ListItem\",\"position\":1,\"name\":\"Portada\",\"item\":\"https:\\\/\\\/iha-race.com\\\/pt-pt\\\/elementor-499\\\/\"},{\"@type\":\"ListItem\",\"position\":2,\"name\":\"Shop\",\"item\":\"https:\\\/\\\/iha-race.com\\\/pt-pt\\\/shop\\\/\"},{\"@type\":\"ListItem\",\"position\":3,\"name\":\"ETHIX Saco Lipo com Aquecedor V2\"}]},{\"@type\":\"WebSite\",\"@id\":\"https:\\\/\\\/iha-race.com\\\/pt-pt\\\/#website\",\"url\":\"https:\\\/\\\/iha-race.com\\\/pt-pt\\\/\",\"name\":\"Iha Race\",\"description\":\"Comprar drones de carreras FPV env\u00edos en un d\u00eda desde Espa\u00f1a\",\"publisher\":{\"@id\":\"https:\\\/\\\/iha-race.com\\\/pt-pt\\\/#organization\"},\"potentialAction\":[{\"@type\":\"SearchAction\",\"target\":{\"@type\":\"EntryPoint\",\"urlTemplate\":\"https:\\\/\\\/iha-race.com\\\/pt-pt\\\/?s={search_term_string}\"},\"query-input\":{\"@type\":\"PropertyValueSpecification\",\"valueRequired\":true,\"valueName\":\"search_term_string\"}}],\"inLanguage\":\"pt-PT\"},{\"@type\":\"Organization\",\"@id\":\"https:\\\/\\\/iha-race.com\\\/pt-pt\\\/#organization\",\"name\":\"Iha Race\",\"url\":\"https:\\\/\\\/iha-race.com\\\/pt-pt\\\/\",\"logo\":{\"@type\":\"ImageObject\",\"inLanguage\":\"pt-PT\",\"@id\":\"https:\\\/\\\/iha-race.com\\\/pt-pt\\\/#\\\/schema\\\/logo\\\/image\\\/\",\"url\":\"https:\\\/\\\/iha-race.com\\\/wp-content\\\/uploads\\\/2018\\\/07\\\/iha-race-drones-de-carreras-tienda-comprar-drones.png\",\"contentUrl\":\"https:\\\/\\\/iha-race.com\\\/wp-content\\\/uploads\\\/2018\\\/07\\\/iha-race-drones-de-carreras-tienda-comprar-drones.png\",\"width\":300,\"height\":100,\"caption\":\"Iha Race\"},\"image\":{\"@id\":\"https:\\\/\\\/iha-race.com\\\/pt-pt\\\/#\\\/schema\\\/logo\\\/image\\\/\"}}]}<\/script>\n<!-- \/ Yoast SEO plugin. -->","yoast_head_json":{"title":"ETHIX Saco Lipo com Aquecedor V2 - Iha Race","robots":{"index":"index","follow":"follow","max-snippet":"max-snippet:-1","max-image-preview":"max-image-preview:large","max-video-preview":"max-video-preview:-1"},"canonical":"https:\/\/iha-race.com\/pt-pt\/produto\/ethix-lipo-bag-com-calor-v2\/","og_locale":"pt_PT","og_type":"article","og_title":"ETHIX Saco Lipo com Aquecedor V2 - Iha Race","og_description":"O saco de lipografia mais meticulosamente concebido e pensado que alguma vez vi. Far\u00e1 tudo o que quiser a partir de um contentor de armazenamento de pilhas!","og_url":"https:\/\/iha-race.com\/pt-pt\/produto\/ethix-lipo-bag-com-calor-v2\/","og_site_name":"Iha Race","article_modified_time":"2024-08-29T10:30:00+00:00","og_image":[{"width":800,"height":800,"url":"https:\/\/iha-race.com\/wp-content\/uploads\/2020\/10\/ETHIX-Bolsa-de-Lipo-con-Calefaccion-V2.jpg","type":"image\/jpeg"}],"twitter_card":"summary_large_image","twitter_misc":{"Tempo estimado de leitura":"1 minuto"},"schema":{"@context":"https:\/\/schema.org","@graph":[{"@type":"WebPage","@id":"https:\/\/iha-race.com\/pt-pt\/produto\/ethix-lipo-bag-com-calor-v2\/","url":"https:\/\/iha-race.com\/pt-pt\/produto\/ethix-lipo-bag-com-calor-v2\/","name":"ETHIX Saco Lipo com Aquecedor V2 - Iha Race","isPartOf":{"@id":"https:\/\/iha-race.com\/pt-pt\/#website"},"primaryImageOfPage":{"@id":"https:\/\/iha-race.com\/pt-pt\/produto\/ethix-lipo-bag-com-calor-v2\/#primaryimage"},"image":{"@id":"https:\/\/iha-race.com\/pt-pt\/produto\/ethix-lipo-bag-com-calor-v2\/#primaryimage"},"thumbnailUrl":"https:\/\/iha-race.com\/wp-content\/uploads\/2020\/10\/ETHIX-Bolsa-de-Lipo-con-Calefaccion-V2.jpg","datePublished":"2021-03-29T08:45:10+00:00","dateModified":"2024-08-29T10:30:00+00:00","breadcrumb":{"@id":"https:\/\/iha-race.com\/pt-pt\/produto\/ethix-lipo-bag-com-calor-v2\/#breadcrumb"},"inLanguage":"pt-PT","potentialAction":[{"@type":"ReadAction","target":["https:\/\/iha-race.com\/pt-pt\/produto\/ethix-lipo-bag-com-calor-v2\/"]}]},{"@type":"ImageObject","inLanguage":"pt-PT","@id":"https:\/\/iha-race.com\/pt-pt\/produto\/ethix-lipo-bag-com-calor-v2\/#primaryimage","url":"https:\/\/iha-race.com\/wp-content\/uploads\/2020\/10\/ETHIX-Bolsa-de-Lipo-con-Calefaccion-V2.jpg","contentUrl":"https:\/\/iha-race.com\/wp-content\/uploads\/2020\/10\/ETHIX-Bolsa-de-Lipo-con-Calefaccion-V2.jpg","width":800,"height":800,"caption":"comprar o saco Lipo Heated ETHIX V2 mais barato"},{"@type":"BreadcrumbList","@id":"https:\/\/iha-race.com\/pt-pt\/produto\/ethix-lipo-bag-com-calor-v2\/#breadcrumb","itemListElement":[{"@type":"ListItem","position":1,"name":"Portada","item":"https:\/\/iha-race.com\/pt-pt\/elementor-499\/"},{"@type":"ListItem","position":2,"name":"Shop","item":"https:\/\/iha-race.com\/pt-pt\/shop\/"},{"@type":"ListItem","position":3,"name":"ETHIX Saco Lipo com Aquecedor V2"}]},{"@type":"WebSite","@id":"https:\/\/iha-race.com\/pt-pt\/#website","url":"https:\/\/iha-race.com\/pt-pt\/","name":"Iha Race","description":"Comprar drones de carreras FPV env\u00edos en un d\u00eda desde Espa\u00f1a","publisher":{"@id":"https:\/\/iha-race.com\/pt-pt\/#organization"},"potentialAction":[{"@type":"SearchAction","target":{"@type":"EntryPoint","urlTemplate":"https:\/\/iha-race.com\/pt-pt\/?s={search_term_string}"},"query-input":{"@type":"PropertyValueSpecification","valueRequired":true,"valueName":"search_term_string"}}],"inLanguage":"pt-PT"},{"@type":"Organization","@id":"https:\/\/iha-race.com\/pt-pt\/#organization","name":"Iha Race","url":"https:\/\/iha-race.com\/pt-pt\/","logo":{"@type":"ImageObject","inLanguage":"pt-PT","@id":"https:\/\/iha-race.com\/pt-pt\/#\/schema\/logo\/image\/","url":"https:\/\/iha-race.com\/wp-content\/uploads\/2018\/07\/iha-race-drones-de-carreras-tienda-comprar-drones.png","contentUrl":"https:\/\/iha-race.com\/wp-content\/uploads\/2018\/07\/iha-race-drones-de-carreras-tienda-comprar-drones.png","width":300,"height":100,"caption":"Iha Race"},"image":{"@id":"https:\/\/iha-race.com\/pt-pt\/#\/schema\/logo\/image\/"}}]}},"jetpack_sharing_enabled":true,"brands":[],"_links":{"self":[{"href":"https:\/\/iha-race.com\/pt-pt\/wp-json\/wp\/v2\/product\/113216","targetHints":{"allow":["GET"]}}],"collection":[{"href":"https:\/\/iha-race.com\/pt-pt\/wp-json\/wp\/v2\/product"}],"about":[{"href":"https:\/\/iha-race.com\/pt-pt\/wp-json\/wp\/v2\/types\/product"}],"replies":[{"embeddable":true,"href":"https:\/\/iha-race.com\/pt-pt\/wp-json\/wp\/v2\/comments?post=113216"}],"version-history":[{"count":2,"href":"https:\/\/iha-race.com\/pt-pt\/wp-json\/wp\/v2\/product\/113216\/revisions"}],"predecessor-version":[{"id":249575,"href":"https:\/\/iha-race.com\/pt-pt\/wp-json\/wp\/v2\/product\/113216\/revisions\/249575"}],"wp:featuredmedia":[{"embeddable":true,"href":"https:\/\/iha-race.com\/pt-pt\/wp-json\/wp\/v2\/media\/98280"}],"wp:attachment":[{"href":"https:\/\/iha-race.com\/pt-pt\/wp-json\/wp\/v2\/media?parent=113216"}],"wp:term":[{"taxonomy":"pwb-brand","embeddable":true,"href":"https:\/\/iha-race.com\/pt-pt\/wp-json\/wp\/v2\/pwb-brand?post=113216"},{"taxonomy":"product_cat","embeddable":true,"href":"https:\/\/iha-race.com\/pt-pt\/wp-json\/wp\/v2\/product_cat?post=113216"},{"taxonomy":"product_tag","embeddable":true,"href":"https:\/\/iha-race.com\/pt-pt\/wp-json\/wp\/v2\/product_tag?post=113216"}],"curies":[{"name":"wp","href":"https:\/\/api.w.org\/{rel}","templated":true}]}}