{"id":113213,"date":"2020-09-11T13:08:35","date_gmt":"2020-09-11T11:08:35","guid":{"rendered":"https:\/\/iha-race.com\/producto\/samsung-inr18650-25r-3-6v-2-pcs-caixa-de-armazenamento\/"},"modified":"2025-12-28T12:05:31","modified_gmt":"2025-12-28T11:05:31","slug":"samsung-inr18650-25r-3-6v-2-unidades-caja-de-almacenamiento","status":"publish","type":"product","link":"https:\/\/iha-race.com\/pt-pt\/produto\/samsung-inr18650-25r-3-6v-2-unidades-caja-de-almacenamiento\/","title":{"rendered":"Samsung INR18650-25R 3.6V Refurbished (2 pcs + caixa de armazenamento)"},"content":{"rendered":"<h2>Samsung INR18650-25R 3.6V Refurbished (2 pcs + caixa de armazenamento)<\/h2>\n<h2>Caracter\u00edsticas do produto:<\/h2>\n<h2>Informa\u00e7\u00e3o adicional<\/h2>\n<table id=\"product-attribute-specs-table\" class=\"data-table\">\n<colgroup>\n<col width=\"25%\">\n<col><\/colgroup>\n<tbody>\n<tr class=\"first odd\">\n<th class=\"label\">EAN \/ GTIN<\/th>\n<td class=\"data last\"> 7417940527291<\/td>\n<\/tr>\n<tr class=\"even\">\n<th class=\"label\">Peso &#8211; g<\/th>\n<td class=\"data last\"> 44.0000<\/td>\n<\/tr>\n<tr class=\"odd\">\n<th class=\"label\">Marca<\/th>\n<td class=\"data last\"> Samsung<\/td>\n<\/tr>\n<tr class=\"even\">\n<th class=\"label\">Modelo<\/th>\n<td class=\"data last\"> INR18650-25R<\/td>\n<\/tr>\n<tr class=\"odd\">\n<th class=\"label\">Tamanho da bateria<\/th>\n<td class=\"data last\"> 18650<\/td>\n<\/tr>\n<tr class=\"even\">\n<th class=\"label\">Qu\u00edmica da bateria<\/th>\n<td class=\"data last\"> I\u00f5es de l\u00edtio<\/td>\n<\/tr>\n<tr class=\"odd\">\n<th class=\"label\">Tens\u00e3o<\/th>\n<td class=\"data last\"> 3.6V<\/td>\n<\/tr>\n<tr class=\"even\">\n<th class=\"label\">Capacidade m\u00ednima &#8211; mAh<\/th>\n<td class=\"data last\"><span class=\"price\"> 2.500,00<\/span><\/td>\n<\/tr>\n<tr class=\"odd\">\n<th class=\"label\">Capacidade t\u00edpica. &#8211; mAh<\/th>\n<td class=\"data last\"><span class=\"price\">  2.500,00<\/span><\/td>\n<\/tr>\n<tr class=\"even\">\n<th class=\"label\">Vers\u00e3o da bateria<\/th>\n<td class=\"data last\"> regenerada, superf\u00edcie plana<\/td>\n<\/tr>\n<tr class=\"odd\">\n<th class=\"label\">Corrente de descarga &#8211; A<\/th>\n<td class=\"data last\"><span class=\"price\"> 20,00<\/span><\/td>\n<\/tr>\n<tr class=\"even\">\n<th class=\"label\">Prote\u00e7\u00e3o do circuito<\/th>\n<td class=\"data last\"> N\u00e3o protegido<\/td>\n<\/tr>\n<tr class=\"odd\">\n<th class=\"label\">Altura &#8211; mm<\/th>\n<td class=\"data last\"><span class=\"price\"> 65,00<\/span><\/td>\n<\/tr>\n<tr class=\"last even\">\n<th class=\"label\">Di\u00e2metro &#8211; mm<\/th>\n<td class=\"data last\"><span class=\"price\"> 18,20<\/span><\/td>\n<\/tr>\n<\/tbody>\n<\/table>\n<h2><\/h2>\n<div class=\"box-collateral box-description active\">\n<div class=\"std\">  Estas pilhas prov\u00eam de conjuntos de pilhas nos quais foram detectados erros de soldadura. As pilhas nunca foram carregadas ou descarregadas. As pilhas que oferecemos t\u00eam: &#8211; Nunca carregadas durante a produ\u00e7\u00e3o (fora da caixa) (todas as c\u00e9lulas s\u00e3o testadas) &#8211; A resist\u00eancia est\u00e1 de acordo com a folha de dados, nunca pior (todas as c\u00e9lulas s\u00e3o testadas)  <\/div>\n<\/div>\n<h2><b>Aviso<\/b><\/h2>\n<ul>\n<li>As baterias de i\u00f5es de l\u00edtio podem ser perigosas quando utilizadas incorretamente, um curto-circuito ou uma utiliza\u00e7\u00e3o incorrecta podem provocar um inc\u00eandio ou uma explos\u00e3o.<\/li>\n<li>N\u00e3o coloques a bateria num carregador ou num equipamento com terminais incorretamente ligados.<\/li>\n<li>Nunca encurtes a bateria. Tem cuidado para n\u00e3o o encurtares acidentalmente, n\u00e3o o ponhas no bolso com um molho de chaves.<\/li>\n<li>N\u00e3o desmontes nem deformes a bateria. Deita-a fora se a pilha estiver deformada<\/li>\n<li>N\u00e3o mergulhes em \u00e1gua<\/li>\n<li>Evita vibra\u00e7\u00f5es excessivas ou choques f\u00edsicos<\/li>\n<li>N\u00e3o exponhas ou elimines a pilha no fogo.<\/li>\n<li>Mant\u00e9m fora do alcance das crian\u00e7as<\/li>\n<li>Nunca utilizes um carregador modificado ou danificado<\/li>\n<li>N\u00e3o deixes a bateria no carregador durante mais de 12 horas.<\/li>\n<li>Guarda a bateria num local fresco, seco e bem ventilado.<\/li>\n<li>Elimina de acordo com os regulamentos locais<\/li>\n<li>N\u00e3o soldes estas c\u00e9lulas<\/li>\n<\/ul>\n<h2><\/h2>\n<h2><\/h2>\n<h2>O pacote inclui:<\/h2>\n<ul>\n<li><span style=\"font-size: 16px;\">2 x Baterias Samsung INR18650-25R 3.6V recondicionadas<\/span><\/li>\n<li>1 x caixa de armazenamento para 2 x 18650 baterias ou 4 x 18350 baterias<\/li>\n<\/ul>\n","protected":false},"excerpt":{"rendered":"<p>Samsung INR18650-25R 3.6V Refurbished (2 pcs + caixa de armazenamento) Caracter\u00edsticas do produto: Informa\u00e7\u00e3o adicional EAN \/ GTIN 7417940527291 Peso &#8211; g 44.0000 Marca Samsung Modelo INR18650-25R Tamanho da bateria<\/p>\n","protected":false},"featured_media":98237,"comment_status":"open","ping_status":"closed","template":"","meta":{"_joinchat":[]},"pwb-brand":[],"product_cat":[1062,1120],"product_tag":[],"class_list":{"0":"post-113213","1":"product","2":"type-product","3":"status-publish","4":"has-post-thumbnail","6":"product_cat-baterias-fpv","7":"product_cat-s1-pt-pt","9":"first","10":"instock","11":"taxable","12":"shipping-taxable","13":"purchasable","14":"product-type-simple"},"barcode":null,"atum_controlled":true,"out_stock_date":null,"out_stock_threshold":null,"inheritable":false,"stock_on_hold":0,"sold_today":0,"sales_last_days":0,"out_stock_days":0,"lost_sales":0,"update_date":"2026-04-16T07:36:33","atum_locations":[],"atum_stock_status":"instock","restock_status":false,"low_stock_amount":10,"sales_update_date":"2026-04-16T07:36:33","calc_backorders":null,"yoast_head":"<!-- This site is optimized with the Yoast SEO plugin v27.3 - https:\/\/yoast.com\/product\/yoast-seo-wordpress\/ -->\n<title>Samsung INR18650-25R 3.6V Refurbished (2 pcs + caixa de armazenamento) - Iha Race<\/title>\n<meta name=\"robots\" content=\"index, follow, max-snippet:-1, max-image-preview:large, max-video-preview:-1\" \/>\n<link rel=\"canonical\" href=\"https:\/\/iha-race.com\/pt-pt\/produto\/samsung-inr18650-25r-3-6v-2-unidades-caja-de-almacenamiento\/\" \/>\n<meta property=\"og:locale\" content=\"pt_PT\" \/>\n<meta property=\"og:type\" content=\"article\" \/>\n<meta property=\"og:title\" content=\"Samsung INR18650-25R 3.6V Refurbished (2 pcs + caixa de armazenamento) - Iha Race\" \/>\n<meta property=\"og:description\" content=\"Samsung INR18650-25R 3.6V Refurbished (2 pcs + caixa de armazenamento) Caracter\u00edsticas do produto: Informa\u00e7\u00e3o adicional EAN \/ GTIN 7417940527291 Peso &#8211; g 44.0000 Marca Samsung Modelo INR18650-25R Tamanho da bateria\" \/>\n<meta property=\"og:url\" content=\"https:\/\/iha-race.com\/pt-pt\/produto\/samsung-inr18650-25r-3-6v-2-unidades-caja-de-almacenamiento\/\" \/>\n<meta property=\"og:site_name\" content=\"Iha Race\" \/>\n<meta property=\"article:modified_time\" content=\"2025-12-28T11:05:31+00:00\" \/>\n<meta property=\"og:image\" content=\"https:\/\/iha-race.com\/wp-content\/uploads\/2020\/09\/baterias-samsung-inr18650-3.6V-caja-almacenamiento.jpg\" \/>\n\t<meta property=\"og:image:width\" content=\"800\" \/>\n\t<meta property=\"og:image:height\" content=\"800\" \/>\n\t<meta property=\"og:image:type\" content=\"image\/jpeg\" \/>\n<meta name=\"twitter:card\" content=\"summary_large_image\" \/>\n<meta name=\"twitter:label1\" content=\"Tempo estimado de leitura\" \/>\n\t<meta name=\"twitter:data1\" content=\"2 minutos\" \/>\n<script type=\"application\/ld+json\" class=\"yoast-schema-graph\">{\"@context\":\"https:\\\/\\\/schema.org\",\"@graph\":[{\"@type\":\"WebPage\",\"@id\":\"https:\\\/\\\/iha-race.com\\\/pt-pt\\\/produto\\\/samsung-inr18650-25r-3-6v-2-unidades-caja-de-almacenamiento\\\/\",\"url\":\"https:\\\/\\\/iha-race.com\\\/pt-pt\\\/produto\\\/samsung-inr18650-25r-3-6v-2-unidades-caja-de-almacenamiento\\\/\",\"name\":\"Samsung INR18650-25R 3.6V Refurbished (2 pcs + caixa de armazenamento) - Iha Race\",\"isPartOf\":{\"@id\":\"https:\\\/\\\/iha-race.com\\\/pt-pt\\\/#website\"},\"primaryImageOfPage\":{\"@id\":\"https:\\\/\\\/iha-race.com\\\/pt-pt\\\/produto\\\/samsung-inr18650-25r-3-6v-2-unidades-caja-de-almacenamiento\\\/#primaryimage\"},\"image\":{\"@id\":\"https:\\\/\\\/iha-race.com\\\/pt-pt\\\/produto\\\/samsung-inr18650-25r-3-6v-2-unidades-caja-de-almacenamiento\\\/#primaryimage\"},\"thumbnailUrl\":\"https:\\\/\\\/iha-race.com\\\/wp-content\\\/uploads\\\/2020\\\/09\\\/baterias-samsung-inr18650-3.6V-caja-almacenamiento.jpg\",\"datePublished\":\"2020-09-11T11:08:35+00:00\",\"dateModified\":\"2025-12-28T11:05:31+00:00\",\"breadcrumb\":{\"@id\":\"https:\\\/\\\/iha-race.com\\\/pt-pt\\\/produto\\\/samsung-inr18650-25r-3-6v-2-unidades-caja-de-almacenamiento\\\/#breadcrumb\"},\"inLanguage\":\"pt-PT\",\"potentialAction\":[{\"@type\":\"ReadAction\",\"target\":[\"https:\\\/\\\/iha-race.com\\\/pt-pt\\\/produto\\\/samsung-inr18650-25r-3-6v-2-unidades-caja-de-almacenamiento\\\/\"]}]},{\"@type\":\"ImageObject\",\"inLanguage\":\"pt-PT\",\"@id\":\"https:\\\/\\\/iha-race.com\\\/pt-pt\\\/produto\\\/samsung-inr18650-25r-3-6v-2-unidades-caja-de-almacenamiento\\\/#primaryimage\",\"url\":\"https:\\\/\\\/iha-race.com\\\/wp-content\\\/uploads\\\/2020\\\/09\\\/baterias-samsung-inr18650-3.6V-caja-almacenamiento.jpg\",\"contentUrl\":\"https:\\\/\\\/iha-race.com\\\/wp-content\\\/uploads\\\/2020\\\/09\\\/baterias-samsung-inr18650-3.6V-caja-almacenamiento.jpg\",\"width\":800,\"height\":800,\"caption\":\"comprar as baterias mais baratas samsung-inr18650-3.6V-storage-case\"},{\"@type\":\"BreadcrumbList\",\"@id\":\"https:\\\/\\\/iha-race.com\\\/pt-pt\\\/produto\\\/samsung-inr18650-25r-3-6v-2-unidades-caja-de-almacenamiento\\\/#breadcrumb\",\"itemListElement\":[{\"@type\":\"ListItem\",\"position\":1,\"name\":\"Portada\",\"item\":\"https:\\\/\\\/iha-race.com\\\/pt-pt\\\/elementor-499\\\/\"},{\"@type\":\"ListItem\",\"position\":2,\"name\":\"Shop\",\"item\":\"https:\\\/\\\/iha-race.com\\\/pt-pt\\\/shop\\\/\"},{\"@type\":\"ListItem\",\"position\":3,\"name\":\"Samsung INR18650-25R 3.6V Refurbished (2 pcs + caixa de armazenamento)\"}]},{\"@type\":\"WebSite\",\"@id\":\"https:\\\/\\\/iha-race.com\\\/pt-pt\\\/#website\",\"url\":\"https:\\\/\\\/iha-race.com\\\/pt-pt\\\/\",\"name\":\"Iha Race\",\"description\":\"Comprar drones de carreras FPV env\u00edos en un d\u00eda desde Espa\u00f1a\",\"publisher\":{\"@id\":\"https:\\\/\\\/iha-race.com\\\/pt-pt\\\/#organization\"},\"potentialAction\":[{\"@type\":\"SearchAction\",\"target\":{\"@type\":\"EntryPoint\",\"urlTemplate\":\"https:\\\/\\\/iha-race.com\\\/pt-pt\\\/?s={search_term_string}\"},\"query-input\":{\"@type\":\"PropertyValueSpecification\",\"valueRequired\":true,\"valueName\":\"search_term_string\"}}],\"inLanguage\":\"pt-PT\"},{\"@type\":\"Organization\",\"@id\":\"https:\\\/\\\/iha-race.com\\\/pt-pt\\\/#organization\",\"name\":\"Iha Race\",\"url\":\"https:\\\/\\\/iha-race.com\\\/pt-pt\\\/\",\"logo\":{\"@type\":\"ImageObject\",\"inLanguage\":\"pt-PT\",\"@id\":\"https:\\\/\\\/iha-race.com\\\/pt-pt\\\/#\\\/schema\\\/logo\\\/image\\\/\",\"url\":\"https:\\\/\\\/iha-race.com\\\/wp-content\\\/uploads\\\/2018\\\/07\\\/iha-race-drones-de-carreras-tienda-comprar-drones.png\",\"contentUrl\":\"https:\\\/\\\/iha-race.com\\\/wp-content\\\/uploads\\\/2018\\\/07\\\/iha-race-drones-de-carreras-tienda-comprar-drones.png\",\"width\":300,\"height\":100,\"caption\":\"Iha Race\"},\"image\":{\"@id\":\"https:\\\/\\\/iha-race.com\\\/pt-pt\\\/#\\\/schema\\\/logo\\\/image\\\/\"}}]}<\/script>\n<!-- \/ Yoast SEO plugin. -->","yoast_head_json":{"title":"Samsung INR18650-25R 3.6V Refurbished (2 pcs + caixa de armazenamento) - Iha Race","robots":{"index":"index","follow":"follow","max-snippet":"max-snippet:-1","max-image-preview":"max-image-preview:large","max-video-preview":"max-video-preview:-1"},"canonical":"https:\/\/iha-race.com\/pt-pt\/produto\/samsung-inr18650-25r-3-6v-2-unidades-caja-de-almacenamiento\/","og_locale":"pt_PT","og_type":"article","og_title":"Samsung INR18650-25R 3.6V Refurbished (2 pcs + caixa de armazenamento) - Iha Race","og_description":"Samsung INR18650-25R 3.6V Refurbished (2 pcs + caixa de armazenamento) Caracter\u00edsticas do produto: Informa\u00e7\u00e3o adicional EAN \/ GTIN 7417940527291 Peso &#8211; g 44.0000 Marca Samsung Modelo INR18650-25R Tamanho da bateria","og_url":"https:\/\/iha-race.com\/pt-pt\/produto\/samsung-inr18650-25r-3-6v-2-unidades-caja-de-almacenamiento\/","og_site_name":"Iha Race","article_modified_time":"2025-12-28T11:05:31+00:00","og_image":[{"width":800,"height":800,"url":"https:\/\/iha-race.com\/wp-content\/uploads\/2020\/09\/baterias-samsung-inr18650-3.6V-caja-almacenamiento.jpg","type":"image\/jpeg"}],"twitter_card":"summary_large_image","twitter_misc":{"Tempo estimado de leitura":"2 minutos"},"schema":{"@context":"https:\/\/schema.org","@graph":[{"@type":"WebPage","@id":"https:\/\/iha-race.com\/pt-pt\/produto\/samsung-inr18650-25r-3-6v-2-unidades-caja-de-almacenamiento\/","url":"https:\/\/iha-race.com\/pt-pt\/produto\/samsung-inr18650-25r-3-6v-2-unidades-caja-de-almacenamiento\/","name":"Samsung INR18650-25R 3.6V Refurbished (2 pcs + caixa de armazenamento) - Iha Race","isPartOf":{"@id":"https:\/\/iha-race.com\/pt-pt\/#website"},"primaryImageOfPage":{"@id":"https:\/\/iha-race.com\/pt-pt\/produto\/samsung-inr18650-25r-3-6v-2-unidades-caja-de-almacenamiento\/#primaryimage"},"image":{"@id":"https:\/\/iha-race.com\/pt-pt\/produto\/samsung-inr18650-25r-3-6v-2-unidades-caja-de-almacenamiento\/#primaryimage"},"thumbnailUrl":"https:\/\/iha-race.com\/wp-content\/uploads\/2020\/09\/baterias-samsung-inr18650-3.6V-caja-almacenamiento.jpg","datePublished":"2020-09-11T11:08:35+00:00","dateModified":"2025-12-28T11:05:31+00:00","breadcrumb":{"@id":"https:\/\/iha-race.com\/pt-pt\/produto\/samsung-inr18650-25r-3-6v-2-unidades-caja-de-almacenamiento\/#breadcrumb"},"inLanguage":"pt-PT","potentialAction":[{"@type":"ReadAction","target":["https:\/\/iha-race.com\/pt-pt\/produto\/samsung-inr18650-25r-3-6v-2-unidades-caja-de-almacenamiento\/"]}]},{"@type":"ImageObject","inLanguage":"pt-PT","@id":"https:\/\/iha-race.com\/pt-pt\/produto\/samsung-inr18650-25r-3-6v-2-unidades-caja-de-almacenamiento\/#primaryimage","url":"https:\/\/iha-race.com\/wp-content\/uploads\/2020\/09\/baterias-samsung-inr18650-3.6V-caja-almacenamiento.jpg","contentUrl":"https:\/\/iha-race.com\/wp-content\/uploads\/2020\/09\/baterias-samsung-inr18650-3.6V-caja-almacenamiento.jpg","width":800,"height":800,"caption":"comprar as baterias mais baratas samsung-inr18650-3.6V-storage-case"},{"@type":"BreadcrumbList","@id":"https:\/\/iha-race.com\/pt-pt\/produto\/samsung-inr18650-25r-3-6v-2-unidades-caja-de-almacenamiento\/#breadcrumb","itemListElement":[{"@type":"ListItem","position":1,"name":"Portada","item":"https:\/\/iha-race.com\/pt-pt\/elementor-499\/"},{"@type":"ListItem","position":2,"name":"Shop","item":"https:\/\/iha-race.com\/pt-pt\/shop\/"},{"@type":"ListItem","position":3,"name":"Samsung INR18650-25R 3.6V Refurbished (2 pcs + caixa de armazenamento)"}]},{"@type":"WebSite","@id":"https:\/\/iha-race.com\/pt-pt\/#website","url":"https:\/\/iha-race.com\/pt-pt\/","name":"Iha Race","description":"Comprar drones de carreras FPV env\u00edos en un d\u00eda desde Espa\u00f1a","publisher":{"@id":"https:\/\/iha-race.com\/pt-pt\/#organization"},"potentialAction":[{"@type":"SearchAction","target":{"@type":"EntryPoint","urlTemplate":"https:\/\/iha-race.com\/pt-pt\/?s={search_term_string}"},"query-input":{"@type":"PropertyValueSpecification","valueRequired":true,"valueName":"search_term_string"}}],"inLanguage":"pt-PT"},{"@type":"Organization","@id":"https:\/\/iha-race.com\/pt-pt\/#organization","name":"Iha Race","url":"https:\/\/iha-race.com\/pt-pt\/","logo":{"@type":"ImageObject","inLanguage":"pt-PT","@id":"https:\/\/iha-race.com\/pt-pt\/#\/schema\/logo\/image\/","url":"https:\/\/iha-race.com\/wp-content\/uploads\/2018\/07\/iha-race-drones-de-carreras-tienda-comprar-drones.png","contentUrl":"https:\/\/iha-race.com\/wp-content\/uploads\/2018\/07\/iha-race-drones-de-carreras-tienda-comprar-drones.png","width":300,"height":100,"caption":"Iha Race"},"image":{"@id":"https:\/\/iha-race.com\/pt-pt\/#\/schema\/logo\/image\/"}}]}},"brands":[],"_links":{"self":[{"href":"https:\/\/iha-race.com\/pt-pt\/wp-json\/wp\/v2\/product\/113213","targetHints":{"allow":["GET"]}}],"collection":[{"href":"https:\/\/iha-race.com\/pt-pt\/wp-json\/wp\/v2\/product"}],"about":[{"href":"https:\/\/iha-race.com\/pt-pt\/wp-json\/wp\/v2\/types\/product"}],"replies":[{"embeddable":true,"href":"https:\/\/iha-race.com\/pt-pt\/wp-json\/wp\/v2\/comments?post=113213"}],"version-history":[{"count":6,"href":"https:\/\/iha-race.com\/pt-pt\/wp-json\/wp\/v2\/product\/113213\/revisions"}],"predecessor-version":[{"id":249829,"href":"https:\/\/iha-race.com\/pt-pt\/wp-json\/wp\/v2\/product\/113213\/revisions\/249829"}],"wp:featuredmedia":[{"embeddable":true,"href":"https:\/\/iha-race.com\/pt-pt\/wp-json\/wp\/v2\/media\/98237"}],"wp:attachment":[{"href":"https:\/\/iha-race.com\/pt-pt\/wp-json\/wp\/v2\/media?parent=113213"}],"wp:term":[{"taxonomy":"pwb-brand","embeddable":true,"href":"https:\/\/iha-race.com\/pt-pt\/wp-json\/wp\/v2\/pwb-brand?post=113213"},{"taxonomy":"product_cat","embeddable":true,"href":"https:\/\/iha-race.com\/pt-pt\/wp-json\/wp\/v2\/product_cat?post=113213"},{"taxonomy":"product_tag","embeddable":true,"href":"https:\/\/iha-race.com\/pt-pt\/wp-json\/wp\/v2\/product_tag?post=113213"}],"curies":[{"name":"wp","href":"https:\/\/api.w.org\/{rel}","templated":true}]}}