{"id":113188,"date":"2020-09-01T11:35:23","date_gmt":"2020-09-01T09:35:23","guid":{"rendered":"https:\/\/iha-race.com\/producto\/adaptador-micro-usb-speedybee-2-com-wifi\/"},"modified":"2024-08-29T16:01:09","modified_gmt":"2024-08-29T14:01:09","slug":"adaptador-speedybee-3","status":"publish","type":"product","link":"https:\/\/iha-race.com\/pt-pt\/produto\/adaptador-speedybee-3\/","title":{"rendered":"Cabo de carregamento super r\u00e1pido SpeedyBee 3 + 6A USB-A para adaptador USB-C"},"content":{"rendered":"<h2 class=\"productView-title\">Cabo de carregamento super r\u00e1pido SpeedyBee 3 + 6A USB-A para adaptador USB-C<\/h2>\n<div class=\"tabs-contents\">\n<div id=\"tab-description\" class=\"tab-content is-active\">\n<div class=\"Adapter3\">\n<div class=\"section section1\">\n<p><img decoding=\"async\" title=\"Adaptador SpeedyBee3\" src=\"https:\/\/store-fhxxhuiq8q.mybigcommerce.com\/product_images\/adapter3\/adapter3_web-n1.jpg\" alt=\"Adaptador SpeedyBee3\"><\/p>\n<\/div>\n<div class=\"section section2\">\n<p><img decoding=\"async\" title=\"Adaptador SpeedyBee3\" src=\"https:\/\/store-fhxxhuiq8q.mybigcommerce.com\/product_images\/adapter3\/adapter3_web-n2.jpg\" alt=\"Adaptador SpeedyBee3\"><\/p>\n<\/div>\n<div class=\"section section3\">\n<div class=\"position-absolute\">\n<h3 class=\"title\">Transforma o teu smartphone no teu companheiro m\u00f3vel de FPV<\/h3>\n<div class=\"subtitle\">Liga-te \u00e0 aplica\u00e7\u00e3o m\u00f3vel SpeedyBee e configura o teu controlador de voo em qualquer altura e em qualquer lugar. Ou actualiza para a \u00faltima vers\u00e3o do Betaflight\/Emuflight\/INAV\/Ardupilot apenas 2 minutos antes da tua sess\u00e3o de voo. A escolha \u00e9 vossa.<\/div>\n<\/div>\n<p><img decoding=\"async\" title=\"Adaptador SpeedyBee3\" src=\"https:\/\/store-fhxxhuiq8q.mybigcommerce.com\/product_images\/adapter3\/adapter3_web-n3.jpg\" alt=\"Adaptador SpeedyBee3\"><\/p>\n<\/div>\n<div class=\"section section4\">\n<div class=\"position-absolute\">\n<h3 class=\"title\">Analisar os dados da Blackbox nunca foi t\u00e3o f\u00e1cil.<\/h3>\n<div class=\"subtitle\">Sem computador port\u00e1til, sem aplica\u00e7\u00f5es separadas, sem complica\u00e7\u00f5es. Liga o teu quadriciclo \u00e0 aplica\u00e7\u00e3o m\u00f3vel SpeedyBee e analisa os dados da tua Blackbox* em apenas 1,5 minutos ap\u00f3s um voo. Tira o m\u00e1ximo partido das tuas sess\u00f5es de treino.  <em>*Atualmente, apenas o Betaflight e o Emuflight s\u00e3o suportados.<\/em><\/div>\n<\/div>\n<p><img decoding=\"async\" title=\"Adaptador SpeedyBee3\" src=\"https:\/\/store-fhxxhuiq8q.mybigcommerce.com\/product_images\/adapter3\/adapter3_web-n4.jpg\" alt=\"Adaptador SpeedyBee3\"><\/p>\n<\/div>\n<div class=\"section section6\">\n<div class=\"position-absolute\">\n<h3 class=\"title\">As tuas baterias LiPo = potentes bancos de pot\u00eancia de 30W<\/h3>\n<div class=\"subtitle\">Liga o SpeedyBee Adapter 3 a uma bateria LiPo e carrega o teu telem\u00f3vel* e tablets quando mais precisares deles. Suporta todos os principais protocolos QC3.0\/AFC\/Apple 2.4A (iPhone 6s e superior) e outros protocolos de carregamento r\u00e1pido com pot\u00eancia de carregamento at\u00e9 30W. Inclui prote\u00e7\u00e3o contra sobreintensidades, curto-circuitos e sobreaquecimento para proteger os teus aparelhos de acidentes indesejados.<\/div>\n<div><\/div>\n<table class=\"speedybee-table\">\n<tbody>\n<tr>\n<td>Modelo do telem\u00f3vel<\/td>\n<td>Capacidade da bateria<\/td>\n<td>N\u00edvel da bateria ap\u00f3s meia hora de carregamento<\/td>\n<\/tr>\n<tr>\n<td>Mi 11 Ultra<\/td>\n<td>5000mAh<\/td>\n<td>52%<\/td>\n<\/tr>\n<tr>\n<td>Samsung S10<\/td>\n<td>3400mAh<\/td>\n<td>49%<\/td>\n<\/tr>\n<tr>\n<td>HUAWEI P40 Pro<\/td>\n<td>4400mAh<\/td>\n<td>45%<\/td>\n<\/tr>\n<tr>\n<td>iPhone 11<\/td>\n<td>3110mAh<\/td>\n<td>22%<\/td>\n<\/tr>\n<\/tbody>\n<\/table>\n<div class=\"description\"><em>*A fun\u00e7\u00e3o de carregamento requer LiPo 2S e superior.<\/em><\/div>\n<\/div>\n<p><img decoding=\"async\" title=\"Adaptador SpeedyBee3\" src=\"https:\/\/store-fhxxhuiq8q.mybigcommerce.com\/product_images\/adapter3\/adapter3_web-a6.jpg\" alt=\"Adaptador SpeedyBee3\"><\/p>\n<\/div>\n<div class=\"section section7\">\n<div class=\"position-absolute\">\n<h3 class=\"title\">Esqueceu-se do seu testador de LiPo?<\/h3>\n<div class=\"title\">  N\u00e3o te preocupes Liga o teu LiPo 1S &#8211; 6S e o visor mostrar\u00e1 imediatamente a tens\u00e3o da bateria e a energia restante com um c\u00f3digo de cores espec\u00edfico*. O sinal sonoro incorporado alerta-te se a energia restante descer abaixo dos 40% para ajudar a prolongar a vida \u00fatil da bateria. *VERDE(&gt;80%), BRANCO(40-80%) e VERMELHO(&lt;40%).<\/div>\n<\/div>\n<p><img decoding=\"async\" title=\"Adaptador SpeedyBee3\" src=\"https:\/\/store-fhxxhuiq8q.mybigcommerce.com\/product_images\/adapter3\/adapter3_web-n7.jpg\" alt=\"Adaptador SpeedyBee3\"><\/p>\n<\/div>\n<div class=\"section section8\">\n<div class=\"position-absolute\">\n<h3 class=\"title\">MicroUSB ou Tipo C? Porque n\u00e3o os dois?<\/h3>\n<div><\/div>\n<div class=\"subtitle\">O SpeedyBee Adapter 3 \u00e9 fornecido com um cabo de dados de duas cabe\u00e7as, com conetor MicroUSB 2.0 e USB 3.0 Type-C em cada extremidade. N\u00e3o te preocupes mais com a compatibilidade dos conectores, independentemente do controlador de voo que est\u00e1s a utilizar na tua constru\u00e7\u00e3o.<\/div>\n<\/div>\n<p><img decoding=\"async\" title=\"Adaptador SpeedyBee3\" src=\"https:\/\/store-fhxxhuiq8q.mybigcommerce.com\/product_images\/adapter3\/adapter3_web-n8.jpg\" alt=\"Adaptador SpeedyBee3\"><\/p>\n<\/div>\n<div class=\"section section9\">\n<div class=\"position-absolute\">\n<h3 class=\"title\">WiFi + Bluetooth = o melhor dos dois mundos<\/h3>\n<div><\/div>\n<div class=\"subtitle\">Utiliza o Bluetooth para aceder rapidamente ao teu configurador de firmware, ou muda para Wi-Fi para atualizar o firmware ou descarregar dados da Blackbox a velocidades mais elevadas.<\/div>\n<\/div>\n<p><img decoding=\"async\" title=\"Adaptador SpeedyBee3\" src=\"https:\/\/store-fhxxhuiq8q.mybigcommerce.com\/product_images\/adapter3\/adapter3_web-n9.jpg\" alt=\"Adaptador SpeedyBee3\"><\/p>\n<\/div>\n<div class=\"section section10\">\n<div class=\"position-absolute\">\n<h3 class=\"title\">E tudo o que precisas \u00e9 de apenas um LiPo.<\/h3>\n<div><\/div>\n<div class=\"subtitle\">Acede \u00e0 fun\u00e7\u00e3o configuradora utilizando qualquer bateria LiPo que tenhas \u00e0 tua disposi\u00e7\u00e3o. Suporta todos os LiPo 1S &#8211; 6S com conectores PH2.0 ou XT60. Liga essa robusta bateria 6S 1500 mah, ou essa pequena bateria 1S Whoop (tens\u00e3o m\u00ednima 3,8 V), ao SpeedyBee Adapter 3 e est\u00e1s pronto para aceder ao configurador.<\/div>\n<\/div>\n<p><img decoding=\"async\" title=\"Adaptador SpeedyBee3\" src=\"https:\/\/store-fhxxhuiq8q.mybigcommerce.com\/product_images\/adapter3\/adapter3_web-a10.jpg\" alt=\"Adaptador SpeedyBee3\"><\/p>\n<\/div>\n<div class=\"section section11\">\n<div class=\"position-absolute\"><\/div>\n<p><img decoding=\"async\" title=\"Adaptador SpeedyBee3\" src=\"https:\/\/store-fhxxhuiq8q.mybigcommerce.com\/product_images\/adapter3\/20-adapter3.jpg\" alt=\"Adaptador SpeedyBee3\"><\/p>\n<\/div>\n<div class=\"section-Specifications\">\n<div class=\"position-absolute\">\n<h3 id=\"Parameters\" class=\"Specifications\">Especifica\u00e7\u00f5es<\/h3>\n<div><\/div>\n<\/div>\n<table class=\"speedybee-table\">\n<tbody>\n<tr>\n<td width=\"30%\">NOME DO PRODUTO<\/td>\n<td width=\"70%\">Adaptador SpeedyBee 3<\/td>\n<\/tr>\n<tr>\n<td>Gama de tens\u00e3o de entrada de energia<\/td>\n<td>1-6S (3,8 V+ para 1S)<\/td>\n<\/tr>\n<tr>\n<td>Conector de entrada de alimenta\u00e7\u00e3o<\/td>\n<td>XT60-Macho, PH2.0 Macho<\/td>\n<\/tr>\n<tr>\n<td>Vers\u00e3o de sistema necess\u00e1ria do dispositivo m\u00f3vel<\/td>\n<td>Android 7.0+ | iOS 12.0+<\/td>\n<\/tr>\n<tr>\n<td>Vers\u00e3o suportada da aplica\u00e7\u00e3o SpeedyBee<\/td>\n<td>V1.6.1+ para iOS | V1.5.6+ para Android<\/td>\n<\/tr>\n<tr>\n<td>Corrente m\u00e1xima de sa\u00edda para controladores de voo<\/td>\n<td>700 mA a 5 V<\/td>\n<\/tr>\n<tr>\n<td>Interface de sa\u00edda de carregamento r\u00e1pido<\/td>\n<td>Porta USB A<\/td>\n<\/tr>\n<tr>\n<td>Tens\u00e3o m\u00ednima de entrada para a sa\u00edda de carga<\/td>\n<td>7,4 V (LiPo 2S)<\/td>\n<\/tr>\n<tr>\n<td>Protocolo de carregamento r\u00e1pido suportado<\/td>\n<td>&#8211; QC3.0\/QC2.0 &#8211; AFC &#8211; FCP &#8211; SCP\/High SCP &#8211; PE2.0\/PE1.1 &#8211; SFCP<\/td>\n<\/tr>\n<tr>\n<td>Corrente m\u00e1xima de carregamento r\u00e1pido<\/td>\n<td>3.5A<\/td>\n<\/tr>\n<tr>\n<td>Pot\u00eancia m\u00e1xima de carregamento r\u00e1pido<\/td>\n<td>30W<\/td>\n<\/tr>\n<tr>\n<td>Material da caixa<\/td>\n<td>ABS + PC<\/td>\n<\/tr>\n<tr>\n<td>Comprimento do cabo de silicone l\u00edquido<\/td>\n<td>12,4 cm<\/td>\n<\/tr>\n<tr>\n<td>Dimens\u00e3o (corpo principal)<\/td>\n<td>24,8*21,8*53,6mm<\/td>\n<\/tr>\n<tr>\n<td>Peso l\u00edquido<\/td>\n<td>35g<\/td>\n<\/tr>\n<\/tbody>\n<\/table>\n<\/div>\n<div class=\"section section12\">\n<div class=\"position-absolute1\">\n<div class=\"subtitle\"><\/div>\n<\/div>\n<\/div>\n<div class=\"section section11\">\n<div class=\"position-absolute1\">\n<div class=\"title\"><\/div>\n<h3 class=\"title\">Adaptador SpeedyBee 3 VS Adaptador SpeedyBee 2 VS Adaptador OTG<\/h3>\n<div><\/div>\n<\/div>\n<table class=\"speedybee-table\">\n<tbody>\n<tr>\n<td>Artigo<\/td>\n<td>Adaptador SpeedyBee 3<\/td>\n<td>Adaptador SpeedyBee 2<\/td>\n<td>OTG<\/td>\n<\/tr>\n<tr>\n<td>Suporta a entrada de 1-6S LiPo<\/td>\n<td class=\"td-center\">\u2714<\/td>\n<td class=\"td-center\">\u2714<\/td>\n<td class=\"td-center\">N \/ A<\/td>\n<\/tr>\n<tr>\n<td>Conectores XT60 e PH2.0<\/td>\n<td class=\"td-center\">\u2714<\/td>\n<td class=\"td-center\">\u2714<\/td>\n<td class=\"td-center\">N \/ A<\/td>\n<\/tr>\n<tr>\n<td>Configura\u00e7\u00e3o BF\/INAV\/EMU<\/td>\n<td class=\"td-center\">\u2714<\/td>\n<td class=\"td-center\">\u2714<\/td>\n<td class=\"td-center\">\u2714<\/td>\n<\/tr>\n<tr>\n<td>Atualiza\u00e7\u00e3o do firmware do controlo de voo<\/td>\n<td class=\"td-center\">\u2714<\/td>\n<td class=\"td-center\">\u2714<\/td>\n<td class=\"td-center\">\u2718<\/td>\n<\/tr>\n<tr>\n<td>Wi-fi incorporado<\/td>\n<td class=\"td-center\">\u2714<\/td>\n<td class=\"td-center\">\u2714<\/td>\n<td class=\"td-center\">\u2718<\/td>\n<\/tr>\n<tr>\n<td>Bluetooth incorporado<\/td>\n<td class=\"td-center\">\u2714<\/td>\n<td class=\"td-center\">\u2718<\/td>\n<td class=\"td-center\">\u2718<\/td>\n<\/tr>\n<tr>\n<td>Blackbox Downloader e Analisador<\/td>\n<td class=\"td-center\">\u2714<\/td>\n<td class=\"td-center\">\u2718<\/td>\n<td class=\"td-center\">\u2718<\/td>\n<\/tr>\n<tr>\n<td>Conector MicroUSB e Tipo C integrados<\/td>\n<td class=\"td-center\">\u2714<\/td>\n<td class=\"td-center\">\u2718<\/td>\n<td class=\"td-center\">\u2718<\/td>\n<\/tr>\n<tr>\n<td>Sa\u00edda de carregamento r\u00e1pido at\u00e9 30W<\/td>\n<td class=\"td-center\">\u2714<\/td>\n<td class=\"td-center\">\u2718<\/td>\n<td class=\"td-center\">\u2718<\/td>\n<\/tr>\n<tr>\n<td>Testador de tens\u00e3o LiPo incorporado<\/td>\n<td class=\"td-center\">\u2714<\/td>\n<td class=\"td-center\">\u2718<\/td>\n<td class=\"td-center\">\u2718<\/td>\n<\/tr>\n<\/tbody>\n<\/table>\n<\/div>\n<\/div>\n<\/div>\n<\/div>\n<p>&nbsp;<\/p>\n<h3 class=\"title\">O pacote inclui<\/h3>\n<ul>\n<li class=\"subtitle\">1 x Adaptador 3<\/li>\n<li class=\"subtitle\">1 x cart\u00e3o de manual<\/li>\n<\/ul>\n<p>&nbsp;<\/p>\n<div class=\"tabs-contents\">\n<div id=\"tab-description\" class=\"tab-content is-active\">\n<div class=\"Adapter3\">\n<div class=\"speedybee-section section8\">\n<div id=\"Manual\" class=\"manual\">\n<h3 class=\"Title\">Manual<\/h3>\n<p><a href=\"https:\/\/store-fhxxhuiq8q.mybigcommerce.com\/product_images\/adapter3\/20230803-ADAPTER3_Manua_EN.pdf\" target=\"_blank\" rel=\"noopener\"><img decoding=\"async\" src=\"https:\/\/www.runcam.com\/images\/HD\/PDF_icon.jpg\" alt=\"Manual do utilizador\">Manual(ES)<\/a><\/p>\n<\/div>\n<\/div>\n<\/div>\n<\/div>\n<\/div>\n","protected":false},"excerpt":{"rendered":"<p>Cabo de carregamento super r\u00e1pido SpeedyBee 3 + 6A USB-A para adaptador USB-C Transforma o teu smartphone no teu companheiro m\u00f3vel de FPV Liga-te \u00e0 aplica\u00e7\u00e3o m\u00f3vel SpeedyBee e configura<\/p>\n","protected":false},"featured_media":238278,"comment_status":"open","ping_status":"closed","template":"","meta":{"_joinchat":[]},"pwb-brand":[],"product_cat":[1210],"product_tag":[],"class_list":{"0":"post-113188","1":"product","2":"type-product","3":"status-publish","4":"has-post-thumbnail","6":"product_cat-controladores-de-drone","8":"first","9":"instock","10":"taxable","11":"shipping-taxable","12":"purchasable","13":"product-type-simple"},"barcode":null,"atum_controlled":true,"out_stock_date":null,"out_stock_threshold":null,"inheritable":false,"stock_on_hold":0,"sold_today":0,"sales_last_days":0,"out_stock_days":0,"lost_sales":0,"update_date":"2026-04-16T07:36:07","atum_locations":[],"atum_stock_status":"instock","restock_status":false,"low_stock_amount":"","sales_update_date":"2026-04-16T07:36:07","calc_backorders":null,"yoast_head":"<!-- This site is optimized with the Yoast SEO plugin v27.3 - https:\/\/yoast.com\/product\/yoast-seo-wordpress\/ -->\n<title>Cabo de carregamento super r\u00e1pido SpeedyBee 3 + 6A USB-A para adaptador USB-C - Iha Race<\/title>\n<meta name=\"robots\" content=\"index, follow, max-snippet:-1, max-image-preview:large, max-video-preview:-1\" \/>\n<link rel=\"canonical\" href=\"https:\/\/iha-race.com\/pt-pt\/produto\/adaptador-speedybee-3\/\" \/>\n<meta property=\"og:locale\" content=\"pt_PT\" \/>\n<meta property=\"og:type\" content=\"article\" \/>\n<meta property=\"og:title\" content=\"Cabo de carregamento super r\u00e1pido SpeedyBee 3 + 6A USB-A para adaptador USB-C - Iha Race\" \/>\n<meta property=\"og:description\" content=\"Cabo de carregamento super r\u00e1pido SpeedyBee 3 + 6A USB-A para adaptador USB-C Transforma o teu smartphone no teu companheiro m\u00f3vel de FPV Liga-te \u00e0 aplica\u00e7\u00e3o m\u00f3vel SpeedyBee e configura\" \/>\n<meta property=\"og:url\" content=\"https:\/\/iha-race.com\/pt-pt\/produto\/adaptador-speedybee-3\/\" \/>\n<meta property=\"og:site_name\" content=\"Iha Race\" \/>\n<meta property=\"article:modified_time\" content=\"2024-08-29T14:01:09+00:00\" \/>\n<meta property=\"og:image\" content=\"https:\/\/iha-race.com\/wp-content\/uploads\/2020\/09\/103_source_1644394525.jpg\" \/>\n\t<meta property=\"og:image:width\" content=\"500\" \/>\n\t<meta property=\"og:image:height\" content=\"500\" \/>\n\t<meta property=\"og:image:type\" content=\"image\/jpeg\" \/>\n<meta name=\"twitter:card\" content=\"summary_large_image\" \/>\n<meta name=\"twitter:label1\" content=\"Tempo estimado de leitura\" \/>\n\t<meta name=\"twitter:data1\" content=\"3 minutos\" \/>\n<script type=\"application\/ld+json\" class=\"yoast-schema-graph\">{\"@context\":\"https:\\\/\\\/schema.org\",\"@graph\":[{\"@type\":\"WebPage\",\"@id\":\"https:\\\/\\\/iha-race.com\\\/pt-pt\\\/produto\\\/adaptador-speedybee-3\\\/\",\"url\":\"https:\\\/\\\/iha-race.com\\\/pt-pt\\\/produto\\\/adaptador-speedybee-3\\\/\",\"name\":\"Cabo de carregamento super r\u00e1pido SpeedyBee 3 + 6A USB-A para adaptador USB-C - Iha Race\",\"isPartOf\":{\"@id\":\"https:\\\/\\\/iha-race.com\\\/pt-pt\\\/#website\"},\"primaryImageOfPage\":{\"@id\":\"https:\\\/\\\/iha-race.com\\\/pt-pt\\\/produto\\\/adaptador-speedybee-3\\\/#primaryimage\"},\"image\":{\"@id\":\"https:\\\/\\\/iha-race.com\\\/pt-pt\\\/produto\\\/adaptador-speedybee-3\\\/#primaryimage\"},\"thumbnailUrl\":\"https:\\\/\\\/iha-race.com\\\/wp-content\\\/uploads\\\/2020\\\/09\\\/103_source_1644394525.jpg\",\"datePublished\":\"2020-09-01T09:35:23+00:00\",\"dateModified\":\"2024-08-29T14:01:09+00:00\",\"breadcrumb\":{\"@id\":\"https:\\\/\\\/iha-race.com\\\/pt-pt\\\/produto\\\/adaptador-speedybee-3\\\/#breadcrumb\"},\"inLanguage\":\"pt-PT\",\"potentialAction\":[{\"@type\":\"ReadAction\",\"target\":[\"https:\\\/\\\/iha-race.com\\\/pt-pt\\\/produto\\\/adaptador-speedybee-3\\\/\"]}]},{\"@type\":\"ImageObject\",\"inLanguage\":\"pt-PT\",\"@id\":\"https:\\\/\\\/iha-race.com\\\/pt-pt\\\/produto\\\/adaptador-speedybee-3\\\/#primaryimage\",\"url\":\"https:\\\/\\\/iha-race.com\\\/wp-content\\\/uploads\\\/2020\\\/09\\\/103_source_1644394525.jpg\",\"contentUrl\":\"https:\\\/\\\/iha-race.com\\\/wp-content\\\/uploads\\\/2020\\\/09\\\/103_source_1644394525.jpg\",\"width\":500,\"height\":500,\"caption\":\"Comprar Adaptador SpeedyBee 3\"},{\"@type\":\"BreadcrumbList\",\"@id\":\"https:\\\/\\\/iha-race.com\\\/pt-pt\\\/produto\\\/adaptador-speedybee-3\\\/#breadcrumb\",\"itemListElement\":[{\"@type\":\"ListItem\",\"position\":1,\"name\":\"Portada\",\"item\":\"https:\\\/\\\/iha-race.com\\\/pt-pt\\\/elementor-499\\\/\"},{\"@type\":\"ListItem\",\"position\":2,\"name\":\"Shop\",\"item\":\"https:\\\/\\\/iha-race.com\\\/pt-pt\\\/shop\\\/\"},{\"@type\":\"ListItem\",\"position\":3,\"name\":\"Cabo de carregamento super r\u00e1pido SpeedyBee 3 + 6A USB-A para adaptador USB-C\"}]},{\"@type\":\"WebSite\",\"@id\":\"https:\\\/\\\/iha-race.com\\\/pt-pt\\\/#website\",\"url\":\"https:\\\/\\\/iha-race.com\\\/pt-pt\\\/\",\"name\":\"Iha Race\",\"description\":\"Comprar drones de carreras FPV env\u00edos en un d\u00eda desde Espa\u00f1a\",\"publisher\":{\"@id\":\"https:\\\/\\\/iha-race.com\\\/pt-pt\\\/#organization\"},\"potentialAction\":[{\"@type\":\"SearchAction\",\"target\":{\"@type\":\"EntryPoint\",\"urlTemplate\":\"https:\\\/\\\/iha-race.com\\\/pt-pt\\\/?s={search_term_string}\"},\"query-input\":{\"@type\":\"PropertyValueSpecification\",\"valueRequired\":true,\"valueName\":\"search_term_string\"}}],\"inLanguage\":\"pt-PT\"},{\"@type\":\"Organization\",\"@id\":\"https:\\\/\\\/iha-race.com\\\/pt-pt\\\/#organization\",\"name\":\"Iha Race\",\"url\":\"https:\\\/\\\/iha-race.com\\\/pt-pt\\\/\",\"logo\":{\"@type\":\"ImageObject\",\"inLanguage\":\"pt-PT\",\"@id\":\"https:\\\/\\\/iha-race.com\\\/pt-pt\\\/#\\\/schema\\\/logo\\\/image\\\/\",\"url\":\"https:\\\/\\\/iha-race.com\\\/wp-content\\\/uploads\\\/2018\\\/07\\\/iha-race-drones-de-carreras-tienda-comprar-drones.png\",\"contentUrl\":\"https:\\\/\\\/iha-race.com\\\/wp-content\\\/uploads\\\/2018\\\/07\\\/iha-race-drones-de-carreras-tienda-comprar-drones.png\",\"width\":300,\"height\":100,\"caption\":\"Iha Race\"},\"image\":{\"@id\":\"https:\\\/\\\/iha-race.com\\\/pt-pt\\\/#\\\/schema\\\/logo\\\/image\\\/\"}}]}<\/script>\n<!-- \/ Yoast SEO plugin. -->","yoast_head_json":{"title":"Cabo de carregamento super r\u00e1pido SpeedyBee 3 + 6A USB-A para adaptador USB-C - Iha Race","robots":{"index":"index","follow":"follow","max-snippet":"max-snippet:-1","max-image-preview":"max-image-preview:large","max-video-preview":"max-video-preview:-1"},"canonical":"https:\/\/iha-race.com\/pt-pt\/produto\/adaptador-speedybee-3\/","og_locale":"pt_PT","og_type":"article","og_title":"Cabo de carregamento super r\u00e1pido SpeedyBee 3 + 6A USB-A para adaptador USB-C - Iha Race","og_description":"Cabo de carregamento super r\u00e1pido SpeedyBee 3 + 6A USB-A para adaptador USB-C Transforma o teu smartphone no teu companheiro m\u00f3vel de FPV Liga-te \u00e0 aplica\u00e7\u00e3o m\u00f3vel SpeedyBee e configura","og_url":"https:\/\/iha-race.com\/pt-pt\/produto\/adaptador-speedybee-3\/","og_site_name":"Iha Race","article_modified_time":"2024-08-29T14:01:09+00:00","og_image":[{"width":500,"height":500,"url":"https:\/\/iha-race.com\/wp-content\/uploads\/2020\/09\/103_source_1644394525.jpg","type":"image\/jpeg"}],"twitter_card":"summary_large_image","twitter_misc":{"Tempo estimado de leitura":"3 minutos"},"schema":{"@context":"https:\/\/schema.org","@graph":[{"@type":"WebPage","@id":"https:\/\/iha-race.com\/pt-pt\/produto\/adaptador-speedybee-3\/","url":"https:\/\/iha-race.com\/pt-pt\/produto\/adaptador-speedybee-3\/","name":"Cabo de carregamento super r\u00e1pido SpeedyBee 3 + 6A USB-A para adaptador USB-C - Iha Race","isPartOf":{"@id":"https:\/\/iha-race.com\/pt-pt\/#website"},"primaryImageOfPage":{"@id":"https:\/\/iha-race.com\/pt-pt\/produto\/adaptador-speedybee-3\/#primaryimage"},"image":{"@id":"https:\/\/iha-race.com\/pt-pt\/produto\/adaptador-speedybee-3\/#primaryimage"},"thumbnailUrl":"https:\/\/iha-race.com\/wp-content\/uploads\/2020\/09\/103_source_1644394525.jpg","datePublished":"2020-09-01T09:35:23+00:00","dateModified":"2024-08-29T14:01:09+00:00","breadcrumb":{"@id":"https:\/\/iha-race.com\/pt-pt\/produto\/adaptador-speedybee-3\/#breadcrumb"},"inLanguage":"pt-PT","potentialAction":[{"@type":"ReadAction","target":["https:\/\/iha-race.com\/pt-pt\/produto\/adaptador-speedybee-3\/"]}]},{"@type":"ImageObject","inLanguage":"pt-PT","@id":"https:\/\/iha-race.com\/pt-pt\/produto\/adaptador-speedybee-3\/#primaryimage","url":"https:\/\/iha-race.com\/wp-content\/uploads\/2020\/09\/103_source_1644394525.jpg","contentUrl":"https:\/\/iha-race.com\/wp-content\/uploads\/2020\/09\/103_source_1644394525.jpg","width":500,"height":500,"caption":"Comprar Adaptador SpeedyBee 3"},{"@type":"BreadcrumbList","@id":"https:\/\/iha-race.com\/pt-pt\/produto\/adaptador-speedybee-3\/#breadcrumb","itemListElement":[{"@type":"ListItem","position":1,"name":"Portada","item":"https:\/\/iha-race.com\/pt-pt\/elementor-499\/"},{"@type":"ListItem","position":2,"name":"Shop","item":"https:\/\/iha-race.com\/pt-pt\/shop\/"},{"@type":"ListItem","position":3,"name":"Cabo de carregamento super r\u00e1pido SpeedyBee 3 + 6A USB-A para adaptador USB-C"}]},{"@type":"WebSite","@id":"https:\/\/iha-race.com\/pt-pt\/#website","url":"https:\/\/iha-race.com\/pt-pt\/","name":"Iha Race","description":"Comprar drones de carreras FPV env\u00edos en un d\u00eda desde Espa\u00f1a","publisher":{"@id":"https:\/\/iha-race.com\/pt-pt\/#organization"},"potentialAction":[{"@type":"SearchAction","target":{"@type":"EntryPoint","urlTemplate":"https:\/\/iha-race.com\/pt-pt\/?s={search_term_string}"},"query-input":{"@type":"PropertyValueSpecification","valueRequired":true,"valueName":"search_term_string"}}],"inLanguage":"pt-PT"},{"@type":"Organization","@id":"https:\/\/iha-race.com\/pt-pt\/#organization","name":"Iha Race","url":"https:\/\/iha-race.com\/pt-pt\/","logo":{"@type":"ImageObject","inLanguage":"pt-PT","@id":"https:\/\/iha-race.com\/pt-pt\/#\/schema\/logo\/image\/","url":"https:\/\/iha-race.com\/wp-content\/uploads\/2018\/07\/iha-race-drones-de-carreras-tienda-comprar-drones.png","contentUrl":"https:\/\/iha-race.com\/wp-content\/uploads\/2018\/07\/iha-race-drones-de-carreras-tienda-comprar-drones.png","width":300,"height":100,"caption":"Iha Race"},"image":{"@id":"https:\/\/iha-race.com\/pt-pt\/#\/schema\/logo\/image\/"}}]}},"brands":[],"_links":{"self":[{"href":"https:\/\/iha-race.com\/pt-pt\/wp-json\/wp\/v2\/product\/113188","targetHints":{"allow":["GET"]}}],"collection":[{"href":"https:\/\/iha-race.com\/pt-pt\/wp-json\/wp\/v2\/product"}],"about":[{"href":"https:\/\/iha-race.com\/pt-pt\/wp-json\/wp\/v2\/types\/product"}],"replies":[{"embeddable":true,"href":"https:\/\/iha-race.com\/pt-pt\/wp-json\/wp\/v2\/comments?post=113188"}],"version-history":[{"count":5,"href":"https:\/\/iha-race.com\/pt-pt\/wp-json\/wp\/v2\/product\/113188\/revisions"}],"predecessor-version":[{"id":249838,"href":"https:\/\/iha-race.com\/pt-pt\/wp-json\/wp\/v2\/product\/113188\/revisions\/249838"}],"wp:featuredmedia":[{"embeddable":true,"href":"https:\/\/iha-race.com\/pt-pt\/wp-json\/wp\/v2\/media\/238278"}],"wp:attachment":[{"href":"https:\/\/iha-race.com\/pt-pt\/wp-json\/wp\/v2\/media?parent=113188"}],"wp:term":[{"taxonomy":"pwb-brand","embeddable":true,"href":"https:\/\/iha-race.com\/pt-pt\/wp-json\/wp\/v2\/pwb-brand?post=113188"},{"taxonomy":"product_cat","embeddable":true,"href":"https:\/\/iha-race.com\/pt-pt\/wp-json\/wp\/v2\/product_cat?post=113188"},{"taxonomy":"product_tag","embeddable":true,"href":"https:\/\/iha-race.com\/pt-pt\/wp-json\/wp\/v2\/product_tag?post=113188"}],"curies":[{"name":"wp","href":"https:\/\/api.w.org\/{rel}","templated":true}]}}