{"id":113068,"date":"2020-08-10T19:33:25","date_gmt":"2020-08-10T17:33:25","guid":{"rendered":"https:\/\/iha-race.com\/producto\/vifly-shortsaver-2\/"},"modified":"2026-03-30T22:53:31","modified_gmt":"2026-03-30T20:53:31","slug":"vifly-shortsaver-2-2","status":"publish","type":"product","link":"https:\/\/iha-race.com\/pt-pt\/produto\/vifly-shortsaver-2-2\/","title":{"rendered":"VIFLY ShortSaver 2"},"content":{"rendered":"<h2>VIFLY ShortSaver 2<\/h2>\n<p><em><strong>A nova vers\u00e3o 2 traz novos bot\u00f5es de ligar\/desligar para ligar o receptor muito mais facilmente!<\/strong><\/em>  O derradeiro tamp\u00e3o de fumo VILFY! N\u00e3o \u00e9 t\u00e3o pequeno como a vers\u00e3o simples do XT30 ou do XT60, mas substitui ambos e oferece carater\u00edsticas mais robustas!  <\/p>\n<h2>Caracter\u00edsticas:<\/h2>\n<p><strong>Corta completamente o fluxo de corrente e evita o &#8220;fumo m\u00e1gico&#8221;<\/strong> Para outras fichas de fumo, como a l\u00e2mpada do carro ou o fus\u00edvel reinici\u00e1vel, limitam simplesmente, n\u00e3o param o fluxo de corrente, a corrente de fuga pode ainda danificar os teus componentes.<br \/>\nVIFLY ShortSaver \u00e9 uma ficha de fumo diferente que adopta o fus\u00edvel eletr\u00f3nico para cortar completamente a corrente na tua constru\u00e7\u00e3o RC se for detectado um curto-circuito ou um erro na cablagem. <strong>Tempo de rea\u00e7\u00e3o \/ prote\u00e7\u00e3o super r\u00e1pido<\/strong> O VIFLY ShortSaver desliga a alimenta\u00e7\u00e3o de um dispositivo que exceda o limite comut\u00e1vel de 1A ou 2A em apenas 3ms!  \u00c9 muito mais eficiente do que a forma antiga de utilizar uma l\u00e2mpada ou de repor o rastilho. Quanto mais curto for o tempo de prote\u00e7\u00e3o, mais segura ser\u00e1 a tua constru\u00e7\u00e3o, uma vez que algo se pode partir quando o fus\u00edvel dispara. <strong>Interruptor On\/Off para uma liga\u00e7\u00e3o mais f\u00e1cil do recetor<\/strong> Manter premido o bot\u00e3o de liga\u00e7\u00e3o e aplicar energia pode ser um desafio por vezes.<br \/>\nA nova vers\u00e3o do VIFLY ShortSaver adicionou um interrutor on\/off que pode tornar a liga\u00e7\u00e3o do teu recetor muito mais conveniente. <strong>Seletor de limiar de 1 amp e 2 amp<\/strong> O VIFLY ShortSaver \u00e9 t\u00e3o inteligente que existe um seletor de limiar de 1 amp ou 2 amp para as tuas diferentes necessidades.<br \/>\nPara constru\u00e7\u00f5es mais pequenas com eletr\u00f3nica mais sens\u00edvel, podes selecionar a op\u00e7\u00e3o de 1 ampere, para constru\u00e7\u00f5es maiores, a op\u00e7\u00e3o de 2 amperes \u00e9 a escolha. <strong>Conectores de entrada Amass XT60 e XT30<\/strong> O VIFLY ShortSaver vem com conectores Amass XT30 e XT60, mais convenientes para as tuas diferentes baterias.<br \/>\nhttps:\/\/youtu.be\/muHZF0YgxAI     <\/p>\n<h2>Especifica\u00e7\u00f5es:<\/h2>\n<ul>\n<li>Dimens\u00f5es (C x L x L x A): 42 x 30 x 10 mm<\/li>\n<li>Conector: XT30 e XT60 (entrada e sa\u00edda)<\/li>\n<li>Limiar de corrente comut\u00e1vel: 1A \/ 2A<\/li>\n<li>Tempo de disparo: 3 ms (curto-circuito) \/ 10 ms (sobreintensidade)<\/li>\n<li>Tens\u00e3o de entrada: 7-25 V (2-6 S)<\/li>\n<\/ul>\n<h2>O pacote inclui:<\/h2>\n<ul>\n<li>1 x VIFLY ShortSaver 2 &#8211; Tampa de Fumo Inteligente<\/li>\n<\/ul>\n<dl>\n<dd><\/dd>\n<dd><\/dd>\n<dd><\/dd>\n<\/dl>\n","protected":false},"excerpt":{"rendered":"<p>A derradeira rolha de fumo VILFY! N\u00e3o \u00e9 t\u00e3o pequena como as vers\u00f5es exclusivas XT30 ou XT60, mas substitui ambas e oferece caracter\u00edsticas mais robustas! A vers\u00e3o 2 acrescenta novos bot\u00f5es para tornar a encaderna\u00e7\u00e3o mais f\u00e1cil!<\/p>\n","protected":false},"featured_media":103345,"comment_status":"open","ping_status":"closed","template":"","meta":{"_joinchat":[]},"pwb-brand":[3902],"product_cat":[1069,1118,2470],"product_tag":[],"class_list":{"0":"post-113068","1":"product","2":"type-product","3":"status-publish","4":"has-post-thumbnail","6":"pwb-brand-vifly-finder","7":"product_cat-acessorios-de-bateria","8":"product_cat-fpv-electronica-e-acessorios","9":"product_cat-interruptores-electronicos-pt-pt","11":"first","12":"outofstock","13":"taxable","14":"shipping-taxable","15":"purchasable","16":"product-type-simple"},"barcode":null,"atum_controlled":true,"out_stock_date":"2026-03-30 22:53:31","out_stock_threshold":null,"inheritable":false,"stock_on_hold":0,"sold_today":0,"sales_last_days":1,"out_stock_days":1,"lost_sales":0,"update_date":"2026-04-01T19:13:11","atum_locations":[],"atum_stock_status":"outofstock","restock_status":false,"low_stock_amount":"","sales_update_date":"2026-04-01T19:13:11","calc_backorders":null,"yoast_head":"<!-- This site is optimized with the Yoast SEO plugin v27.3 - https:\/\/yoast.com\/product\/yoast-seo-wordpress\/ -->\n<title>VIFLY ShortSaver 2 - Iha Race<\/title>\n<meta name=\"robots\" content=\"index, follow, max-snippet:-1, max-image-preview:large, max-video-preview:-1\" \/>\n<link rel=\"canonical\" href=\"https:\/\/iha-race.com\/pt-pt\/produto\/vifly-shortsaver-2-2\/\" \/>\n<meta property=\"og:locale\" content=\"pt_PT\" \/>\n<meta property=\"og:type\" content=\"article\" \/>\n<meta property=\"og:title\" content=\"VIFLY ShortSaver 2 - Iha Race\" \/>\n<meta property=\"og:description\" content=\"A derradeira rolha de fumo VILFY! N\u00e3o \u00e9 t\u00e3o pequena como as vers\u00f5es exclusivas XT30 ou XT60, mas substitui ambas e oferece caracter\u00edsticas mais robustas! A vers\u00e3o 2 acrescenta novos bot\u00f5es para tornar a encaderna\u00e7\u00e3o mais f\u00e1cil!\" \/>\n<meta property=\"og:url\" content=\"https:\/\/iha-race.com\/pt-pt\/produto\/vifly-shortsaver-2-2\/\" \/>\n<meta property=\"og:site_name\" content=\"Iha Race\" \/>\n<meta property=\"article:modified_time\" content=\"2026-03-30T20:53:31+00:00\" \/>\n<meta property=\"og:image\" content=\"https:\/\/iha-race.com\/wp-content\/uploads\/2020\/08\/vifly-shortsaver-2.jpg\" \/>\n\t<meta property=\"og:image:width\" content=\"1000\" \/>\n\t<meta property=\"og:image:height\" content=\"1000\" \/>\n\t<meta property=\"og:image:type\" content=\"image\/jpeg\" \/>\n<meta name=\"twitter:card\" content=\"summary_large_image\" \/>\n<meta name=\"twitter:label1\" content=\"Tempo estimado de leitura\" \/>\n\t<meta name=\"twitter:data1\" content=\"2 minutos\" \/>\n<script type=\"application\/ld+json\" class=\"yoast-schema-graph\">{\"@context\":\"https:\\\/\\\/schema.org\",\"@graph\":[{\"@type\":\"WebPage\",\"@id\":\"https:\\\/\\\/iha-race.com\\\/pt-pt\\\/produto\\\/vifly-shortsaver-2-2\\\/\",\"url\":\"https:\\\/\\\/iha-race.com\\\/pt-pt\\\/produto\\\/vifly-shortsaver-2-2\\\/\",\"name\":\"VIFLY ShortSaver 2 - Iha Race\",\"isPartOf\":{\"@id\":\"https:\\\/\\\/iha-race.com\\\/pt-pt\\\/#website\"},\"primaryImageOfPage\":{\"@id\":\"https:\\\/\\\/iha-race.com\\\/pt-pt\\\/produto\\\/vifly-shortsaver-2-2\\\/#primaryimage\"},\"image\":{\"@id\":\"https:\\\/\\\/iha-race.com\\\/pt-pt\\\/produto\\\/vifly-shortsaver-2-2\\\/#primaryimage\"},\"thumbnailUrl\":\"https:\\\/\\\/iha-race.com\\\/wp-content\\\/uploads\\\/2020\\\/08\\\/vifly-shortsaver-2.jpg\",\"datePublished\":\"2020-08-10T17:33:25+00:00\",\"dateModified\":\"2026-03-30T20:53:31+00:00\",\"breadcrumb\":{\"@id\":\"https:\\\/\\\/iha-race.com\\\/pt-pt\\\/produto\\\/vifly-shortsaver-2-2\\\/#breadcrumb\"},\"inLanguage\":\"pt-PT\",\"potentialAction\":[{\"@type\":\"ReadAction\",\"target\":[\"https:\\\/\\\/iha-race.com\\\/pt-pt\\\/produto\\\/vifly-shortsaver-2-2\\\/\"]}]},{\"@type\":\"ImageObject\",\"inLanguage\":\"pt-PT\",\"@id\":\"https:\\\/\\\/iha-race.com\\\/pt-pt\\\/produto\\\/vifly-shortsaver-2-2\\\/#primaryimage\",\"url\":\"https:\\\/\\\/iha-race.com\\\/wp-content\\\/uploads\\\/2020\\\/08\\\/vifly-shortsaver-2.jpg\",\"contentUrl\":\"https:\\\/\\\/iha-race.com\\\/wp-content\\\/uploads\\\/2020\\\/08\\\/vifly-shortsaver-2.jpg\",\"width\":1000,\"height\":1000,\"caption\":\"comprar mais barato\"},{\"@type\":\"BreadcrumbList\",\"@id\":\"https:\\\/\\\/iha-race.com\\\/pt-pt\\\/produto\\\/vifly-shortsaver-2-2\\\/#breadcrumb\",\"itemListElement\":[{\"@type\":\"ListItem\",\"position\":1,\"name\":\"Portada\",\"item\":\"https:\\\/\\\/iha-race.com\\\/pt-pt\\\/elementor-499\\\/\"},{\"@type\":\"ListItem\",\"position\":2,\"name\":\"Shop\",\"item\":\"https:\\\/\\\/iha-race.com\\\/pt-pt\\\/shop\\\/\"},{\"@type\":\"ListItem\",\"position\":3,\"name\":\"VIFLY ShortSaver 2\"}]},{\"@type\":\"WebSite\",\"@id\":\"https:\\\/\\\/iha-race.com\\\/pt-pt\\\/#website\",\"url\":\"https:\\\/\\\/iha-race.com\\\/pt-pt\\\/\",\"name\":\"Iha Race\",\"description\":\"Comprar drones de carreras FPV env\u00edos en un d\u00eda desde Espa\u00f1a\",\"publisher\":{\"@id\":\"https:\\\/\\\/iha-race.com\\\/pt-pt\\\/#organization\"},\"potentialAction\":[{\"@type\":\"SearchAction\",\"target\":{\"@type\":\"EntryPoint\",\"urlTemplate\":\"https:\\\/\\\/iha-race.com\\\/pt-pt\\\/?s={search_term_string}\"},\"query-input\":{\"@type\":\"PropertyValueSpecification\",\"valueRequired\":true,\"valueName\":\"search_term_string\"}}],\"inLanguage\":\"pt-PT\"},{\"@type\":\"Organization\",\"@id\":\"https:\\\/\\\/iha-race.com\\\/pt-pt\\\/#organization\",\"name\":\"Iha Race\",\"url\":\"https:\\\/\\\/iha-race.com\\\/pt-pt\\\/\",\"logo\":{\"@type\":\"ImageObject\",\"inLanguage\":\"pt-PT\",\"@id\":\"https:\\\/\\\/iha-race.com\\\/pt-pt\\\/#\\\/schema\\\/logo\\\/image\\\/\",\"url\":\"https:\\\/\\\/iha-race.com\\\/wp-content\\\/uploads\\\/2018\\\/07\\\/iha-race-drones-de-carreras-tienda-comprar-drones.png\",\"contentUrl\":\"https:\\\/\\\/iha-race.com\\\/wp-content\\\/uploads\\\/2018\\\/07\\\/iha-race-drones-de-carreras-tienda-comprar-drones.png\",\"width\":300,\"height\":100,\"caption\":\"Iha Race\"},\"image\":{\"@id\":\"https:\\\/\\\/iha-race.com\\\/pt-pt\\\/#\\\/schema\\\/logo\\\/image\\\/\"}}]}<\/script>\n<!-- \/ Yoast SEO plugin. -->","yoast_head_json":{"title":"VIFLY ShortSaver 2 - Iha Race","robots":{"index":"index","follow":"follow","max-snippet":"max-snippet:-1","max-image-preview":"max-image-preview:large","max-video-preview":"max-video-preview:-1"},"canonical":"https:\/\/iha-race.com\/pt-pt\/produto\/vifly-shortsaver-2-2\/","og_locale":"pt_PT","og_type":"article","og_title":"VIFLY ShortSaver 2 - Iha Race","og_description":"A derradeira rolha de fumo VILFY! N\u00e3o \u00e9 t\u00e3o pequena como as vers\u00f5es exclusivas XT30 ou XT60, mas substitui ambas e oferece caracter\u00edsticas mais robustas! A vers\u00e3o 2 acrescenta novos bot\u00f5es para tornar a encaderna\u00e7\u00e3o mais f\u00e1cil!","og_url":"https:\/\/iha-race.com\/pt-pt\/produto\/vifly-shortsaver-2-2\/","og_site_name":"Iha Race","article_modified_time":"2026-03-30T20:53:31+00:00","og_image":[{"width":1000,"height":1000,"url":"https:\/\/iha-race.com\/wp-content\/uploads\/2020\/08\/vifly-shortsaver-2.jpg","type":"image\/jpeg"}],"twitter_card":"summary_large_image","twitter_misc":{"Tempo estimado de leitura":"2 minutos"},"schema":{"@context":"https:\/\/schema.org","@graph":[{"@type":"WebPage","@id":"https:\/\/iha-race.com\/pt-pt\/produto\/vifly-shortsaver-2-2\/","url":"https:\/\/iha-race.com\/pt-pt\/produto\/vifly-shortsaver-2-2\/","name":"VIFLY ShortSaver 2 - Iha Race","isPartOf":{"@id":"https:\/\/iha-race.com\/pt-pt\/#website"},"primaryImageOfPage":{"@id":"https:\/\/iha-race.com\/pt-pt\/produto\/vifly-shortsaver-2-2\/#primaryimage"},"image":{"@id":"https:\/\/iha-race.com\/pt-pt\/produto\/vifly-shortsaver-2-2\/#primaryimage"},"thumbnailUrl":"https:\/\/iha-race.com\/wp-content\/uploads\/2020\/08\/vifly-shortsaver-2.jpg","datePublished":"2020-08-10T17:33:25+00:00","dateModified":"2026-03-30T20:53:31+00:00","breadcrumb":{"@id":"https:\/\/iha-race.com\/pt-pt\/produto\/vifly-shortsaver-2-2\/#breadcrumb"},"inLanguage":"pt-PT","potentialAction":[{"@type":"ReadAction","target":["https:\/\/iha-race.com\/pt-pt\/produto\/vifly-shortsaver-2-2\/"]}]},{"@type":"ImageObject","inLanguage":"pt-PT","@id":"https:\/\/iha-race.com\/pt-pt\/produto\/vifly-shortsaver-2-2\/#primaryimage","url":"https:\/\/iha-race.com\/wp-content\/uploads\/2020\/08\/vifly-shortsaver-2.jpg","contentUrl":"https:\/\/iha-race.com\/wp-content\/uploads\/2020\/08\/vifly-shortsaver-2.jpg","width":1000,"height":1000,"caption":"comprar mais barato"},{"@type":"BreadcrumbList","@id":"https:\/\/iha-race.com\/pt-pt\/produto\/vifly-shortsaver-2-2\/#breadcrumb","itemListElement":[{"@type":"ListItem","position":1,"name":"Portada","item":"https:\/\/iha-race.com\/pt-pt\/elementor-499\/"},{"@type":"ListItem","position":2,"name":"Shop","item":"https:\/\/iha-race.com\/pt-pt\/shop\/"},{"@type":"ListItem","position":3,"name":"VIFLY ShortSaver 2"}]},{"@type":"WebSite","@id":"https:\/\/iha-race.com\/pt-pt\/#website","url":"https:\/\/iha-race.com\/pt-pt\/","name":"Iha Race","description":"Comprar drones de carreras FPV env\u00edos en un d\u00eda desde Espa\u00f1a","publisher":{"@id":"https:\/\/iha-race.com\/pt-pt\/#organization"},"potentialAction":[{"@type":"SearchAction","target":{"@type":"EntryPoint","urlTemplate":"https:\/\/iha-race.com\/pt-pt\/?s={search_term_string}"},"query-input":{"@type":"PropertyValueSpecification","valueRequired":true,"valueName":"search_term_string"}}],"inLanguage":"pt-PT"},{"@type":"Organization","@id":"https:\/\/iha-race.com\/pt-pt\/#organization","name":"Iha Race","url":"https:\/\/iha-race.com\/pt-pt\/","logo":{"@type":"ImageObject","inLanguage":"pt-PT","@id":"https:\/\/iha-race.com\/pt-pt\/#\/schema\/logo\/image\/","url":"https:\/\/iha-race.com\/wp-content\/uploads\/2018\/07\/iha-race-drones-de-carreras-tienda-comprar-drones.png","contentUrl":"https:\/\/iha-race.com\/wp-content\/uploads\/2018\/07\/iha-race-drones-de-carreras-tienda-comprar-drones.png","width":300,"height":100,"caption":"Iha Race"},"image":{"@id":"https:\/\/iha-race.com\/pt-pt\/#\/schema\/logo\/image\/"}}]}},"brands":[{"id":3902,"name":"Vifly Finder","slug":"vifly-finder"}],"_links":{"self":[{"href":"https:\/\/iha-race.com\/pt-pt\/wp-json\/wp\/v2\/product\/113068","targetHints":{"allow":["GET"]}}],"collection":[{"href":"https:\/\/iha-race.com\/pt-pt\/wp-json\/wp\/v2\/product"}],"about":[{"href":"https:\/\/iha-race.com\/pt-pt\/wp-json\/wp\/v2\/types\/product"}],"replies":[{"embeddable":true,"href":"https:\/\/iha-race.com\/pt-pt\/wp-json\/wp\/v2\/comments?post=113068"}],"version-history":[{"count":3,"href":"https:\/\/iha-race.com\/pt-pt\/wp-json\/wp\/v2\/product\/113068\/revisions"}],"predecessor-version":[{"id":249853,"href":"https:\/\/iha-race.com\/pt-pt\/wp-json\/wp\/v2\/product\/113068\/revisions\/249853"}],"wp:featuredmedia":[{"embeddable":true,"href":"https:\/\/iha-race.com\/pt-pt\/wp-json\/wp\/v2\/media\/103345"}],"wp:attachment":[{"href":"https:\/\/iha-race.com\/pt-pt\/wp-json\/wp\/v2\/media?parent=113068"}],"wp:term":[{"taxonomy":"pwb-brand","embeddable":true,"href":"https:\/\/iha-race.com\/pt-pt\/wp-json\/wp\/v2\/pwb-brand?post=113068"},{"taxonomy":"product_cat","embeddable":true,"href":"https:\/\/iha-race.com\/pt-pt\/wp-json\/wp\/v2\/product_cat?post=113068"},{"taxonomy":"product_tag","embeddable":true,"href":"https:\/\/iha-race.com\/pt-pt\/wp-json\/wp\/v2\/product_tag?post=113068"}],"curies":[{"name":"wp","href":"https:\/\/api.w.org\/{rel}","templated":true}]}}