{"id":112929,"date":"2020-06-14T11:01:48","date_gmt":"2020-06-14T09:01:48","guid":{"rendered":"https:\/\/iha-race.com\/producto\/estojo-de-camara-para-gopro-lite-gopro-6-e-7-v2-com-ou-sem-placa-bec\/"},"modified":"2025-04-29T03:04:33","modified_gmt":"2025-04-29T01:04:33","slug":"caso-por-camara-gopro-lite-gopro-6-y-7-v2-com-ou-sem-placa-bec","status":"publish","type":"product","link":"https:\/\/iha-race.com\/pt-pt\/produto\/caso-por-camara-gopro-lite-gopro-6-y-7-v2-com-ou-sem-placa-bec\/","title":{"rendered":"Estojo de c\u00e2mara para GoPro Lite, GoPro 6 e 7 V2 (Com ou sem placa BEC)"},"content":{"rendered":"<h3>Estojo de c\u00e2mara para GoPro Lite, GoPro 6 e 7 V2 (Com ou sem placa BEC)<\/h3>\n<p class=\"p16ugcud\" data-key=\"100\" data-type=\"paragraph\"><span data-key=\"99\">O caso V2 para a Naked C\u00e1mera \u00e9 actualizado com um novo processo de moldagem por injec\u00e7\u00e3o e uma instala\u00e7\u00e3o mais f\u00e1cil. Melhorou um design com melhor aspecto, \u00e9 mais bonito e mais limpo. S\u00e3o fornecidas duas vers\u00f5es diferentes, mais op\u00e7\u00f5es para diferentes necessidades.  <\/span><span data-key=\"99\">Se j\u00e1 tem uma GoPro HERO6 \/ 7, esta \u00e9 a melhor op\u00e7\u00e3o para tornar a sua c\u00e2mara nua super arrumada e leve. Entretanto, pode proteger bem a placa m\u00e3e da sua m\u00e1quina fotogr\u00e1fica em caso de acidente grave. Esperem, estamos a lan\u00e7ar um novo <a href=\"https:\/\/iha-race.com\/producto\/filtro-betafpv-para-camara-smo-4k-gopro-lite-nd8-nd16-uv\/\">Filtro ND16<\/a> tamb\u00e9m para C\u00e2mara Nua. Entretanto, a BETAFPV lan\u00e7ou<a href=\"https:\/\/iha-race.com\/producto\/quadcopter-beta95x-v2-whoop-hd-digital-vtx\/\"> Beta95X HD Digital VTX<\/a>, <a href=\"https:\/\/iha-race.com\/producto\/quadcopter-beta95x-v2-whoop-para-gopro-hero\/\">Beta95X V2 e <\/a>Beta85X V2, apoia a instala\u00e7\u00e3o da C\u00e2mara Nua, que oferece as melhores grava\u00e7\u00f5es de filmes FPV necess\u00e1rias.<\/span><\/p>\n<p class=\"p16ugcud\" data-key=\"100\" data-type=\"paragraph\"><span data-key=\"99\"><em>Este estojo e placa BEC encaixam na GoPro HERO 6 e GoPro HERO 7 Black. Mas N\u00c3O para GoPro HERO 8.<\/em><\/span><\/p>\n<p class=\"p16ugcud\" data-key=\"100\" data-type=\"paragraph\"><span data-key=\"99\"><em><img decoding=\"async\" src=\"https:\/\/cdn.shopifycdn.net\/s\/files\/1\/1778\/6615\/files\/Gopro_FB_1024x1024.jpg?v=1597233351\" alt=\"\"><\/em><\/span><\/p>\n<h2 class=\"p16ugcud\" data-key=\"100\" data-type=\"paragraph\">Caracter\u00edsticas:<\/h2>\n<ul>\n<li><span data-key=\"101\">Alterou o processo de impress\u00e3o 3D para o processo de moldagem por injec\u00e7\u00e3o, proporciona um melhor design da apar\u00eancia, que \u00e9 mais bonito e mais limpo.<\/span><\/li>\n<li><span data-key=\"101\">Forneceu uma posi\u00e7\u00e3o adaptada da lente, perfeita para o novo filtro ND16, melhorando a qualidade de v\u00eddeo da C\u00e2mara Nua.<\/span><\/li>\n<li><span data-key=\"101\">F\u00e1cil de instalar, mais simples e mais conveniente de montar. Tamb\u00e9m aumenta uma luz de tubo, os pilotos podem ver mais claramente os sinais LED intermitentes da c\u00e2mara nua.<\/span><\/li>\n<li><span data-key=\"101\">A vers\u00e3o BEC vem com uma placa BEC, esta placa \u00e9 especialmente concebida para o Naked GoPro HERO que pesa cerca de 1,5g, torna o seu GoPro nu mais leve e f\u00e1cil de instalar no seu drone.<\/span><\/li>\n<li>Foi fornecida uma vers\u00e3o apenas em caixa, perfeita para aqueles que j\u00e1 compraram a placa BEC, mais op\u00e7\u00f5es para os f\u00e3s.<\/li>\n<\/ul>\n<h2>Especifica\u00e7\u00f5es:<\/h2>\n<ul>\n<li>Item: Estojo V2 para C\u00e2mara Nua<\/li>\n<li>Peso: 6,57g<\/li>\n<li>Produ\u00e7\u00e3o: 5 V a 2 A<\/li>\n<li>Voltagem: 2-4S<\/li>\n<\/ul>\n<h2>Como montar<\/h2>\n<ul>\n<li>Passo 1: Montar a placa BEC na placa-m\u00e3e GoPro.<\/li>\n<li>Passo 2: Segurar a lente e a placa da c\u00e2mara ao mesmo tempo, ter cuidado ao montar a placa na caixa.<\/li>\n<li>Passo 3, 4: Aparafusar a placa base GoPro com os parafusos M1.4 * 5 e M1.4 * 8, como se mostra abaixo.<\/li>\n<li>Passo 5: Instalar o tubo luminoso como se mostra abaixo.<\/li>\n<li>Passo 6: Instalar a caixa traseira e aparafusar a placa com M1.4 * 8 parafusos, como se mostra abaixo.<\/li>\n<\/ul>\n<p><img decoding=\"async\" src=\"https:\/\/cdn.shopifycdn.net\/s\/files\/1\/1778\/6615\/files\/WPS_1_b13329b6-89a4-455b-8525-b7b2b1c199c0_1024x1024.jpg?v=1597403993\" alt=\"\"><\/p>\n<p>&nbsp;<\/p>\n<p>&nbsp;<\/p>\n<p>&nbsp;<\/p>\n<h2>Filtro ND16<\/h2>\n<p>  Este <a href=\"https:\/\/iha-race.com\/producto\/filtro-betafpv-para-camara-smo-4k-gopro-lite-nd8-nd16-uv\/\">filtro ND16<\/a> adapta-se perfeitamente \u00e0 Naked Camera Case V2 (n\u00e3o inclu\u00edda), n\u00e3o s\u00f3 protege a c\u00e2mara como tamb\u00e9m proporciona uma melhor imagem.  <img decoding=\"async\" src=\"https:\/\/cdn.shopifycdn.net\/s\/files\/1\/1778\/6615\/files\/WPS_1_1ddd2c6b-5433-4180-81c5-98613154c1cb_600x600.jpg?v=1597065378\" alt=\"\"><\/p>\n<h2>S\u00e9rie C\u00e2mara Nua<\/h2>\n<p>  Sabemos que alguns pilotos podem ter d\u00favidas sobre qual o drone que se adequa a este novo caso. Aqui tens mais algumas op\u00e7\u00f5es.  <\/p>\n<ul>\n<li><a href=\"https:\/\/iha-race.com\/producto\/quadcopter-beta95x-v2-whoop-hd-digital-vtx\/\">Beta95X V2 HD Digital VTX<\/a><\/li>\n<li><a href=\"https:\/\/iha-race.com\/producto\/quadcopter-beta95x-v2-whoop-para-gopro-hero\/\">Drone Beta95X V2 Whoop<\/a><\/li>\n<li>Drone Beta85X V2 Whoop<\/li>\n<\/ul>\n<p>  Nota: O estojo para c\u00e2mara V2 Bare n\u00e3o \u00e9 compat\u00edvel com o suporte de c\u00e2mara anterior, sendo altamente recomendado para o novo kit BETAFPV. N\u00e3o s\u00f3 obt\u00e9ns 2 suportes de c\u00e2mara HD, como tamb\u00e9m podes atualizar o teu Beta85X e Beta95X para Beta85X V2, Beta95X V2 ou Beta95X V2 (HD Digital VTX).  <\/p>\n<ul>\n<li>Kit de empurrador Beta85X V2<\/li>\n<li><a href=\"https:\/\/iha-race.com\/producto\/set-de-accesorios-para-beta95x-v2\/\">Kit de empurrar Beta95X V2<\/a><\/li>\n<\/ul>\n<p>  Se tiveres uma impressora 3D, tamb\u00e9m fornecemos os ficheiros STL para o suporte de c\u00e2mara simples para substituir o suporte de c\u00e2mara da vers\u00e3o anterior. Consulta os <a title=\"Ficheiros STL para Pusher Whoop Drones\" href=\"https:\/\/betafpv.freshdesk.com\/support\/solutions\/articles\/27000063779-stl-file-for-pusher-whoop-drones\" target=\"_blank\" rel=\"noopener noreferrer\"><span data-identifyelement=\"467\">ficheiros STL para os<\/span> Drones Pusher Whoop<\/a>.  <\/p>\n<h2>Como desmontar o GoPro HERO 6 Black<\/h2>\n<p>  Agradecimentos especiais a JONAH BLAESER, que te forneceu o m\u00e9todo de desmontagem da GoPro HERO6 Black. Se estiveres interessado, consulta o link para veres os passos espec\u00edficos para criares a tua pr\u00f3pria GoPro nua. <a href=\"https:\/\/www.facebook.com\/notes\/naked-cinewhoop-community-gopro-insta360-and-the-others\/gopro-hero6-black-disassembly-guide\/278177150142498\/\">Guia de desmontagem da GoPro HERO6 Black<\/a> Tamb\u00e9m fornecemos o m\u00e9todo de desmontagem da GoPro HERO8 Black.<br \/>\nSe estiveres interessado, consulta a liga\u00e7\u00e3o. <a title=\"Guia de Desmontagem GoPro Hero8 Black Disassembly\" href=\"https:\/\/drive.google.com\/file\/d\/1SbetTFhECogr-prt_DqIpXEdTE3Jd8EF\/view?fbclid=IwAR0sOXk296xgcrXXDbRanmnYhMVzmSibe6zTS1s-RfiPeJYQgtsDIv5CQIQ\" target=\"_blank\" rel=\"noopener noreferrer\">Guia de desmontagem da GoPro HERO8 Black<\/a> Nota: Faz isto por tua conta e risco.  Perder\u00e1 a garantia da sua GoPro e poder\u00e1 acabar por bloquear a c\u00e2mara se algo correr mal. Este guia n\u00e3o \u00e9 autorizado pela GoPro e n\u00e3o h\u00e1 garantias de que a sua c\u00e2mara funcione depois. A BETAFPV n\u00e3o se responsabiliza por esta a\u00e7\u00e3o.  <\/p>\n<h2>Inclu\u00eddo com a compra deste produto:<\/h2>\n<p><strong>Pacote com o Conselho BEC:<\/strong><\/p>\n<ul>\n<li>1 x placa de c\u00e2mara BEC nua para GoPro Hero 6 e 7<\/li>\n<li>1 x caixa de c\u00e2mara nua V2<\/li>\n<li>1 x Cabo el\u00e9ctrico GH1,25 (90 mm 30 AWG)<\/li>\n<li>1 x Pacote de parafusos<\/li>\n<\/ul>\n<p><img decoding=\"async\" src=\"https:\/\/cdn.shopifycdn.net\/s\/files\/1\/1778\/6615\/files\/BEC__WPS_1_600x600.jpg?v=1597229661\" alt=\"\"><\/p>\n<p><strong>Pacote sem Conselho BEC:<\/strong><\/p>\n<ul>\n<li>1 x caixa de c\u00e2mara nua V2<\/li>\n<li>1 x Pacote de parafusos<\/li>\n<\/ul>\n<p><img fetchpriority=\"high\" decoding=\"async\" class=\"alignnone wp-image-66896 \" src=\"https:\/\/iha-race.com\/wp-content\/uploads\/2020\/06\/estuche-go-pro-lite-1024x797.jpg\" alt=\"\" width=\"608\" height=\"473\" srcset=\"https:\/\/iha-race.com\/wp-content\/uploads\/2020\/06\/estuche-go-pro-lite-1024x797.jpg 1024w, https:\/\/iha-race.com\/wp-content\/uploads\/2020\/06\/estuche-go-pro-lite-300x234.jpg 300w, https:\/\/iha-race.com\/wp-content\/uploads\/2020\/06\/estuche-go-pro-lite-767x597.jpg 767w, https:\/\/iha-race.com\/wp-content\/uploads\/2020\/06\/estuche-go-pro-lite-1536x1196.jpg 1536w, https:\/\/iha-race.com\/wp-content\/uploads\/2020\/06\/estuche-go-pro-lite-2048x1594.jpg 2048w, https:\/\/iha-race.com\/wp-content\/uploads\/2020\/06\/estuche-go-pro-lite-193x150.jpg 193w, https:\/\/iha-race.com\/wp-content\/uploads\/2020\/06\/estuche-go-pro-lite-100x78.jpg 100w, https:\/\/iha-race.com\/wp-content\/uploads\/2020\/06\/estuche-go-pro-lite-450x350.jpg 450w, https:\/\/iha-race.com\/wp-content\/uploads\/2020\/06\/estuche-go-pro-lite-788x613.jpg 788w, https:\/\/iha-race.com\/wp-content\/uploads\/2020\/06\/estuche-go-pro-lite.jpg 600w\" sizes=\"(max-width: 608px) 100vw, 608px\" \/><\/p>\n","protected":false},"excerpt":{"rendered":"<p>Estojo de c\u00e2mara para GoPro Lite, GoPro 6 e 7 V2 (Com ou sem placa BEC) O caso V2 para a Naked C\u00e1mera \u00e9 actualizado com um novo processo de<\/p>\n","protected":false},"featured_media":93958,"comment_status":"open","ping_status":"closed","template":"","meta":{"_joinchat":[]},"pwb-brand":[],"product_cat":[1208],"product_tag":[],"class_list":{"0":"post-112929","1":"product","2":"type-product","3":"status-publish","4":"has-post-thumbnail","6":"product_cat-pecas-sobresselentes-para-camaras","8":"first","9":"instock","10":"taxable","11":"shipping-taxable","12":"purchasable","13":"product-type-variable"},"barcode":null,"atum_controlled":true,"out_stock_date":"2021-06-11 13:06:56","out_stock_threshold":null,"inheritable":true,"stock_on_hold":0,"sold_today":0,"sales_last_days":1,"out_stock_days":1210,"lost_sales":0,"update_date":"2026-04-18T19:10:51","atum_locations":[],"atum_stock_status":"instock","restock_status":false,"low_stock_amount":"","sales_update_date":"2026-04-18T19:10:51","calc_backorders":null,"yoast_head":"<!-- This site is optimized with the Yoast SEO plugin v27.3 - https:\/\/yoast.com\/product\/yoast-seo-wordpress\/ -->\n<title>Estojo de c\u00e2mara para GoPro Lite, GoPro 6 e 7 V2 (Com ou sem placa BEC) - Iha Race<\/title>\n<meta name=\"robots\" content=\"index, follow, max-snippet:-1, max-image-preview:large, max-video-preview:-1\" \/>\n<link rel=\"canonical\" href=\"https:\/\/iha-race.com\/pt-pt\/produto\/caso-por-camara-gopro-lite-gopro-6-y-7-v2-com-ou-sem-placa-bec\/\" \/>\n<meta property=\"og:locale\" content=\"pt_PT\" \/>\n<meta property=\"og:type\" content=\"article\" \/>\n<meta property=\"og:title\" content=\"Estojo de c\u00e2mara para GoPro Lite, GoPro 6 e 7 V2 (Com ou sem placa BEC) - Iha Race\" \/>\n<meta property=\"og:description\" content=\"Estojo de c\u00e2mara para GoPro Lite, GoPro 6 e 7 V2 (Com ou sem placa BEC) O caso V2 para a Naked C\u00e1mera \u00e9 actualizado com um novo processo de\" \/>\n<meta property=\"og:url\" content=\"https:\/\/iha-race.com\/pt-pt\/produto\/caso-por-camara-gopro-lite-gopro-6-y-7-v2-com-ou-sem-placa-bec\/\" \/>\n<meta property=\"og:site_name\" content=\"Iha Race\" \/>\n<meta property=\"article:modified_time\" content=\"2025-04-29T01:04:33+00:00\" \/>\n<meta property=\"og:image\" content=\"https:\/\/iha-race.com\/wp-content\/uploads\/2020\/06\/Funda-V2-para-camara-desnuda-con-micro-bec-1.jpg\" \/>\n\t<meta property=\"og:image:width\" content=\"800\" \/>\n\t<meta property=\"og:image:height\" content=\"800\" \/>\n\t<meta property=\"og:image:type\" content=\"image\/jpeg\" \/>\n<meta name=\"twitter:card\" content=\"summary_large_image\" \/>\n<meta name=\"twitter:label1\" content=\"Tempo estimado de leitura\" \/>\n\t<meta name=\"twitter:data1\" content=\"4 minutos\" \/>\n<script type=\"application\/ld+json\" class=\"yoast-schema-graph\">{\"@context\":\"https:\\\/\\\/schema.org\",\"@graph\":[{\"@type\":\"WebPage\",\"@id\":\"https:\\\/\\\/iha-race.com\\\/pt-pt\\\/produto\\\/caso-por-camara-gopro-lite-gopro-6-y-7-v2-com-ou-sem-placa-bec\\\/\",\"url\":\"https:\\\/\\\/iha-race.com\\\/pt-pt\\\/produto\\\/caso-por-camara-gopro-lite-gopro-6-y-7-v2-com-ou-sem-placa-bec\\\/\",\"name\":\"Estojo de c\u00e2mara para GoPro Lite, GoPro 6 e 7 V2 (Com ou sem placa BEC) - Iha Race\",\"isPartOf\":{\"@id\":\"https:\\\/\\\/iha-race.com\\\/pt-pt\\\/#website\"},\"primaryImageOfPage\":{\"@id\":\"https:\\\/\\\/iha-race.com\\\/pt-pt\\\/produto\\\/caso-por-camara-gopro-lite-gopro-6-y-7-v2-com-ou-sem-placa-bec\\\/#primaryimage\"},\"image\":{\"@id\":\"https:\\\/\\\/iha-race.com\\\/pt-pt\\\/produto\\\/caso-por-camara-gopro-lite-gopro-6-y-7-v2-com-ou-sem-placa-bec\\\/#primaryimage\"},\"thumbnailUrl\":\"https:\\\/\\\/iha-race.com\\\/wp-content\\\/uploads\\\/2020\\\/06\\\/Funda-V2-para-camara-desnuda-con-micro-bec-1.jpg\",\"datePublished\":\"2020-06-14T09:01:48+00:00\",\"dateModified\":\"2025-04-29T01:04:33+00:00\",\"breadcrumb\":{\"@id\":\"https:\\\/\\\/iha-race.com\\\/pt-pt\\\/produto\\\/caso-por-camara-gopro-lite-gopro-6-y-7-v2-com-ou-sem-placa-bec\\\/#breadcrumb\"},\"inLanguage\":\"pt-PT\",\"potentialAction\":[{\"@type\":\"ReadAction\",\"target\":[\"https:\\\/\\\/iha-race.com\\\/pt-pt\\\/produto\\\/caso-por-camara-gopro-lite-gopro-6-y-7-v2-com-ou-sem-placa-bec\\\/\"]}]},{\"@type\":\"ImageObject\",\"inLanguage\":\"pt-PT\",\"@id\":\"https:\\\/\\\/iha-race.com\\\/pt-pt\\\/produto\\\/caso-por-camara-gopro-lite-gopro-6-y-7-v2-com-ou-sem-placa-bec\\\/#primaryimage\",\"url\":\"https:\\\/\\\/iha-race.com\\\/wp-content\\\/uploads\\\/2020\\\/06\\\/Funda-V2-para-camara-desnuda-con-micro-bec-1.jpg\",\"contentUrl\":\"https:\\\/\\\/iha-race.com\\\/wp-content\\\/uploads\\\/2020\\\/06\\\/Funda-V2-para-camara-desnuda-con-micro-bec-1.jpg\",\"width\":800,\"height\":800,\"caption\":\"V2-case-for-nude-camera-with-micro-bec\"},{\"@type\":\"BreadcrumbList\",\"@id\":\"https:\\\/\\\/iha-race.com\\\/pt-pt\\\/produto\\\/caso-por-camara-gopro-lite-gopro-6-y-7-v2-com-ou-sem-placa-bec\\\/#breadcrumb\",\"itemListElement\":[{\"@type\":\"ListItem\",\"position\":1,\"name\":\"Portada\",\"item\":\"https:\\\/\\\/iha-race.com\\\/pt-pt\\\/elementor-499\\\/\"},{\"@type\":\"ListItem\",\"position\":2,\"name\":\"Shop\",\"item\":\"https:\\\/\\\/iha-race.com\\\/pt-pt\\\/shop\\\/\"},{\"@type\":\"ListItem\",\"position\":3,\"name\":\"Estojo de c\u00e2mara para GoPro Lite, GoPro 6 e 7 V2 (Com ou sem placa BEC)\"}]},{\"@type\":\"WebSite\",\"@id\":\"https:\\\/\\\/iha-race.com\\\/pt-pt\\\/#website\",\"url\":\"https:\\\/\\\/iha-race.com\\\/pt-pt\\\/\",\"name\":\"Iha Race\",\"description\":\"Comprar drones de carreras FPV env\u00edos en un d\u00eda desde Espa\u00f1a\",\"publisher\":{\"@id\":\"https:\\\/\\\/iha-race.com\\\/pt-pt\\\/#organization\"},\"potentialAction\":[{\"@type\":\"SearchAction\",\"target\":{\"@type\":\"EntryPoint\",\"urlTemplate\":\"https:\\\/\\\/iha-race.com\\\/pt-pt\\\/?s={search_term_string}\"},\"query-input\":{\"@type\":\"PropertyValueSpecification\",\"valueRequired\":true,\"valueName\":\"search_term_string\"}}],\"inLanguage\":\"pt-PT\"},{\"@type\":\"Organization\",\"@id\":\"https:\\\/\\\/iha-race.com\\\/pt-pt\\\/#organization\",\"name\":\"Iha Race\",\"url\":\"https:\\\/\\\/iha-race.com\\\/pt-pt\\\/\",\"logo\":{\"@type\":\"ImageObject\",\"inLanguage\":\"pt-PT\",\"@id\":\"https:\\\/\\\/iha-race.com\\\/pt-pt\\\/#\\\/schema\\\/logo\\\/image\\\/\",\"url\":\"https:\\\/\\\/iha-race.com\\\/wp-content\\\/uploads\\\/2018\\\/07\\\/iha-race-drones-de-carreras-tienda-comprar-drones.png\",\"contentUrl\":\"https:\\\/\\\/iha-race.com\\\/wp-content\\\/uploads\\\/2018\\\/07\\\/iha-race-drones-de-carreras-tienda-comprar-drones.png\",\"width\":300,\"height\":100,\"caption\":\"Iha Race\"},\"image\":{\"@id\":\"https:\\\/\\\/iha-race.com\\\/pt-pt\\\/#\\\/schema\\\/logo\\\/image\\\/\"}}]}<\/script>\n<!-- \/ Yoast SEO plugin. -->","yoast_head_json":{"title":"Estojo de c\u00e2mara para GoPro Lite, GoPro 6 e 7 V2 (Com ou sem placa BEC) - Iha Race","robots":{"index":"index","follow":"follow","max-snippet":"max-snippet:-1","max-image-preview":"max-image-preview:large","max-video-preview":"max-video-preview:-1"},"canonical":"https:\/\/iha-race.com\/pt-pt\/produto\/caso-por-camara-gopro-lite-gopro-6-y-7-v2-com-ou-sem-placa-bec\/","og_locale":"pt_PT","og_type":"article","og_title":"Estojo de c\u00e2mara para GoPro Lite, GoPro 6 e 7 V2 (Com ou sem placa BEC) - Iha Race","og_description":"Estojo de c\u00e2mara para GoPro Lite, GoPro 6 e 7 V2 (Com ou sem placa BEC) O caso V2 para a Naked C\u00e1mera \u00e9 actualizado com um novo processo de","og_url":"https:\/\/iha-race.com\/pt-pt\/produto\/caso-por-camara-gopro-lite-gopro-6-y-7-v2-com-ou-sem-placa-bec\/","og_site_name":"Iha Race","article_modified_time":"2025-04-29T01:04:33+00:00","og_image":[{"width":800,"height":800,"url":"https:\/\/iha-race.com\/wp-content\/uploads\/2020\/06\/Funda-V2-para-camara-desnuda-con-micro-bec-1.jpg","type":"image\/jpeg"}],"twitter_card":"summary_large_image","twitter_misc":{"Tempo estimado de leitura":"4 minutos"},"schema":{"@context":"https:\/\/schema.org","@graph":[{"@type":"WebPage","@id":"https:\/\/iha-race.com\/pt-pt\/produto\/caso-por-camara-gopro-lite-gopro-6-y-7-v2-com-ou-sem-placa-bec\/","url":"https:\/\/iha-race.com\/pt-pt\/produto\/caso-por-camara-gopro-lite-gopro-6-y-7-v2-com-ou-sem-placa-bec\/","name":"Estojo de c\u00e2mara para GoPro Lite, GoPro 6 e 7 V2 (Com ou sem placa BEC) - Iha Race","isPartOf":{"@id":"https:\/\/iha-race.com\/pt-pt\/#website"},"primaryImageOfPage":{"@id":"https:\/\/iha-race.com\/pt-pt\/produto\/caso-por-camara-gopro-lite-gopro-6-y-7-v2-com-ou-sem-placa-bec\/#primaryimage"},"image":{"@id":"https:\/\/iha-race.com\/pt-pt\/produto\/caso-por-camara-gopro-lite-gopro-6-y-7-v2-com-ou-sem-placa-bec\/#primaryimage"},"thumbnailUrl":"https:\/\/iha-race.com\/wp-content\/uploads\/2020\/06\/Funda-V2-para-camara-desnuda-con-micro-bec-1.jpg","datePublished":"2020-06-14T09:01:48+00:00","dateModified":"2025-04-29T01:04:33+00:00","breadcrumb":{"@id":"https:\/\/iha-race.com\/pt-pt\/produto\/caso-por-camara-gopro-lite-gopro-6-y-7-v2-com-ou-sem-placa-bec\/#breadcrumb"},"inLanguage":"pt-PT","potentialAction":[{"@type":"ReadAction","target":["https:\/\/iha-race.com\/pt-pt\/produto\/caso-por-camara-gopro-lite-gopro-6-y-7-v2-com-ou-sem-placa-bec\/"]}]},{"@type":"ImageObject","inLanguage":"pt-PT","@id":"https:\/\/iha-race.com\/pt-pt\/produto\/caso-por-camara-gopro-lite-gopro-6-y-7-v2-com-ou-sem-placa-bec\/#primaryimage","url":"https:\/\/iha-race.com\/wp-content\/uploads\/2020\/06\/Funda-V2-para-camara-desnuda-con-micro-bec-1.jpg","contentUrl":"https:\/\/iha-race.com\/wp-content\/uploads\/2020\/06\/Funda-V2-para-camara-desnuda-con-micro-bec-1.jpg","width":800,"height":800,"caption":"V2-case-for-nude-camera-with-micro-bec"},{"@type":"BreadcrumbList","@id":"https:\/\/iha-race.com\/pt-pt\/produto\/caso-por-camara-gopro-lite-gopro-6-y-7-v2-com-ou-sem-placa-bec\/#breadcrumb","itemListElement":[{"@type":"ListItem","position":1,"name":"Portada","item":"https:\/\/iha-race.com\/pt-pt\/elementor-499\/"},{"@type":"ListItem","position":2,"name":"Shop","item":"https:\/\/iha-race.com\/pt-pt\/shop\/"},{"@type":"ListItem","position":3,"name":"Estojo de c\u00e2mara para GoPro Lite, GoPro 6 e 7 V2 (Com ou sem placa BEC)"}]},{"@type":"WebSite","@id":"https:\/\/iha-race.com\/pt-pt\/#website","url":"https:\/\/iha-race.com\/pt-pt\/","name":"Iha Race","description":"Comprar drones de carreras FPV env\u00edos en un d\u00eda desde Espa\u00f1a","publisher":{"@id":"https:\/\/iha-race.com\/pt-pt\/#organization"},"potentialAction":[{"@type":"SearchAction","target":{"@type":"EntryPoint","urlTemplate":"https:\/\/iha-race.com\/pt-pt\/?s={search_term_string}"},"query-input":{"@type":"PropertyValueSpecification","valueRequired":true,"valueName":"search_term_string"}}],"inLanguage":"pt-PT"},{"@type":"Organization","@id":"https:\/\/iha-race.com\/pt-pt\/#organization","name":"Iha Race","url":"https:\/\/iha-race.com\/pt-pt\/","logo":{"@type":"ImageObject","inLanguage":"pt-PT","@id":"https:\/\/iha-race.com\/pt-pt\/#\/schema\/logo\/image\/","url":"https:\/\/iha-race.com\/wp-content\/uploads\/2018\/07\/iha-race-drones-de-carreras-tienda-comprar-drones.png","contentUrl":"https:\/\/iha-race.com\/wp-content\/uploads\/2018\/07\/iha-race-drones-de-carreras-tienda-comprar-drones.png","width":300,"height":100,"caption":"Iha Race"},"image":{"@id":"https:\/\/iha-race.com\/pt-pt\/#\/schema\/logo\/image\/"}}]}},"brands":[],"_links":{"self":[{"href":"https:\/\/iha-race.com\/pt-pt\/wp-json\/wp\/v2\/product\/112929","targetHints":{"allow":["GET"]}}],"collection":[{"href":"https:\/\/iha-race.com\/pt-pt\/wp-json\/wp\/v2\/product"}],"about":[{"href":"https:\/\/iha-race.com\/pt-pt\/wp-json\/wp\/v2\/types\/product"}],"replies":[{"embeddable":true,"href":"https:\/\/iha-race.com\/pt-pt\/wp-json\/wp\/v2\/comments?post=112929"}],"version-history":[{"count":3,"href":"https:\/\/iha-race.com\/pt-pt\/wp-json\/wp\/v2\/product\/112929\/revisions"}],"predecessor-version":[{"id":249934,"href":"https:\/\/iha-race.com\/pt-pt\/wp-json\/wp\/v2\/product\/112929\/revisions\/249934"}],"wp:featuredmedia":[{"embeddable":true,"href":"https:\/\/iha-race.com\/pt-pt\/wp-json\/wp\/v2\/media\/93958"}],"wp:attachment":[{"href":"https:\/\/iha-race.com\/pt-pt\/wp-json\/wp\/v2\/media?parent=112929"}],"wp:term":[{"taxonomy":"pwb-brand","embeddable":true,"href":"https:\/\/iha-race.com\/pt-pt\/wp-json\/wp\/v2\/pwb-brand?post=112929"},{"taxonomy":"product_cat","embeddable":true,"href":"https:\/\/iha-race.com\/pt-pt\/wp-json\/wp\/v2\/product_cat?post=112929"},{"taxonomy":"product_tag","embeddable":true,"href":"https:\/\/iha-race.com\/pt-pt\/wp-json\/wp\/v2\/product_tag?post=112929"}],"curies":[{"name":"wp","href":"https:\/\/api.w.org\/{rel}","templated":true}]}}