{"id":112920,"date":"2020-05-07T16:03:23","date_gmt":"2020-05-07T14:03:23","guid":{"rendered":"https:\/\/iha-race.com\/producto\/micro-canopy-betafpv\/"},"modified":"2024-08-29T16:07:43","modified_gmt":"2024-08-29T14:07:43","slug":"micro-canopy-betafpv","status":"publish","type":"product","link":"https:\/\/iha-race.com\/pt-pt\/produto\/micro-canopy-betafpv\/","title":{"rendered":"Micro Canopy BetaFPV"},"content":{"rendered":"<h2>Micro Canopy BetaFPV<\/h2>\n<p><span class=\"tran\" data-group=\"10_3\">Este dossel \u00e9 mais dur\u00e1vel e <\/span> flex\u00edvel, a melhor escolha para todas as microc\u00e2maras com lentes de 1\/3&#8221; como a c\u00e2mara C01 Pro ou com lentes de 1\/4&#8221; como a c\u00e2mara C01. Tamb\u00e9m \u00e9 compat\u00edvel com todos os drones whoop com micro c\u00e2mara, como o Meteor65 e o Beta85 pro 2 .  &nbsp;<\/p>\n<p><img fetchpriority=\"high\" decoding=\"async\" class=\"size-full wp-image-48344\" src=\"https:\/\/iha-race.com\/wp-content\/uploads\/2020\/05\/Captura-de-pantalla-2020-05-07-a-las-15.56.34.png\" alt=\"Micro Canopy BetaFPV\" width=\"800\" height=\"447\" srcset=\"https:\/\/iha-race.com\/wp-content\/uploads\/2020\/05\/Captura-de-pantalla-2020-05-07-a-las-15.56.34.png 800w, https:\/\/iha-race.com\/wp-content\/uploads\/2020\/05\/Captura-de-pantalla-2020-05-07-a-las-15.56.34-600x335.png 600w, https:\/\/iha-race.com\/wp-content\/uploads\/2020\/05\/Captura-de-pantalla-2020-05-07-a-las-15.56.34-300x168.png 300w, https:\/\/iha-race.com\/wp-content\/uploads\/2020\/05\/Captura-de-pantalla-2020-05-07-a-las-15.56.34-1024x572.png 1024w, https:\/\/iha-race.com\/wp-content\/uploads\/2020\/05\/Captura-de-pantalla-2020-05-07-a-las-15.56.34-768x429.png 768w, https:\/\/iha-race.com\/wp-content\/uploads\/2020\/05\/Captura-de-pantalla-2020-05-07-a-las-15.56.34-1536x858.png 1536w, https:\/\/iha-race.com\/wp-content\/uploads\/2020\/05\/Captura-de-pantalla-2020-05-07-a-las-15.56.34-2048x1144.png 2048w, https:\/\/iha-race.com\/wp-content\/uploads\/2020\/05\/Captura-de-pantalla-2020-05-07-a-las-15.56.34-788x440.png 788w\" sizes=\"(max-width: 800px) 100vw, 800px\" \/><\/p>\n<p>&nbsp;<\/p>\n<h2>Montagens de c\u00e2mara<\/h2>\n<p>  Fornecemos 2 tamanhos diferentes de suportes de c\u00e2mara para lentes de c\u00e2mara de 1\/3&#8242; como &#8216;C01 Pro Camera&#8217; e lentes de c\u00e2mara de 1\/4&#8242; como &#8216;C01 Camera&#8217;.<img decoding=\"async\" src=\"https:\/\/cdn.shopify.com\/s\/files\/1\/1778\/6615\/files\/829229129ae5d90f597f2b94bc9b2d83_73d91c45-a96b-408d-adb7-48ea606c33ad_480x480.jpg?v=1583402593\" alt=\"\"><\/p>\n<h2>Especifica\u00e7\u00e3o<\/h2>\n<ul>\n<li>Artigo: Micro copa das \u00e1rvores<\/li>\n<li>Material: PP<\/li>\n<li>Inclina\u00e7\u00e3o: 30\u00b0 (n\u00e3o ajust\u00e1vel)<\/li>\n<li>Peso: 1,31 g \/ pc<\/li>\n<li>Estrutura adaptada: HX100SE \/ Beta65S \/ Beta65S Lite \/ Beta85 pro2 \/ Meteor65 \/ Meteor75<\/li>\n<\/ul>\n<h2>Pacote<\/h2>\n<ul>\n<li>1 * Micro Canopy Azul<\/li>\n<li>1 * montagem da c\u00e2mara 1\/3&#8243; camera lens ( C01 Pro camera )<\/li>\n<li>1 * Suporte de c\u00e2mara para c\u00e2mara com lente de 1\/4&#8243; (c\u00e2mara C01)<\/li>\n<li>1 conjunto de parafusos M1.2 * 4<\/li>\n<\/ul>\n<p>&nbsp;<\/p>\n<p>&nbsp;<\/p>\n","protected":false},"excerpt":{"rendered":"<p>Micro Canopy BetaFPV Este dossel \u00e9 mais dur\u00e1vel e flex\u00edvel, a melhor escolha para todas as microc\u00e2maras com lentes de 1\/3&#8221; como a c\u00e2mara C01 Pro ou com lentes de<\/p>\n","protected":false},"featured_media":86376,"comment_status":"open","ping_status":"closed","template":"","meta":{"_joinchat":[]},"pwb-brand":[],"product_cat":[951,27],"product_tag":[],"class_list":{"0":"post-112920","1":"product","2":"type-product","3":"status-publish","4":"has-post-thumbnail","6":"product_cat-drones-de-iniciacion-e-interior","7":"product_cat-drones-fpv","9":"first","10":"instock","11":"taxable","12":"shipping-taxable","13":"purchasable","14":"product-type-simple"},"barcode":null,"atum_controlled":true,"out_stock_date":null,"out_stock_threshold":null,"inheritable":false,"stock_on_hold":0,"sold_today":0,"sales_last_days":0,"out_stock_days":0,"lost_sales":0,"update_date":"2026-04-18T23:35:13","atum_locations":[],"atum_stock_status":"instock","restock_status":false,"low_stock_amount":"","sales_update_date":"2026-04-18T23:35:13","calc_backorders":null,"yoast_head":"<!-- This site is optimized with the Yoast SEO plugin v27.3 - https:\/\/yoast.com\/product\/yoast-seo-wordpress\/ -->\n<title>Micro Canopy BetaFPV - Iha Race<\/title>\n<meta name=\"robots\" content=\"index, follow, max-snippet:-1, max-image-preview:large, max-video-preview:-1\" \/>\n<link rel=\"canonical\" href=\"https:\/\/iha-race.com\/pt-pt\/produto\/micro-canopy-betafpv\/\" \/>\n<meta property=\"og:locale\" content=\"pt_PT\" \/>\n<meta property=\"og:type\" content=\"article\" \/>\n<meta property=\"og:title\" content=\"Micro Canopy BetaFPV - Iha Race\" \/>\n<meta property=\"og:description\" content=\"Micro Canopy BetaFPV Este dossel \u00e9 mais dur\u00e1vel e flex\u00edvel, a melhor escolha para todas as microc\u00e2maras com lentes de 1\/3&#8221; como a c\u00e2mara C01 Pro ou com lentes de\" \/>\n<meta property=\"og:url\" content=\"https:\/\/iha-race.com\/pt-pt\/produto\/micro-canopy-betafpv\/\" \/>\n<meta property=\"og:site_name\" content=\"Iha Race\" \/>\n<meta property=\"article:modified_time\" content=\"2024-08-29T14:07:43+00:00\" \/>\n<meta property=\"og:image\" content=\"https:\/\/iha-race.com\/wp-content\/uploads\/2020\/05\/Captura-de-pantalla-2020-05-07-a-las-15.53.17.png\" \/>\n\t<meta property=\"og:image:width\" content=\"564\" \/>\n\t<meta property=\"og:image:height\" content=\"557\" \/>\n\t<meta property=\"og:image:type\" content=\"image\/png\" \/>\n<meta name=\"twitter:card\" content=\"summary_large_image\" \/>\n<meta name=\"twitter:label1\" content=\"Tempo estimado de leitura\" \/>\n\t<meta name=\"twitter:data1\" content=\"1 minuto\" \/>\n<script type=\"application\/ld+json\" class=\"yoast-schema-graph\">{\"@context\":\"https:\\\/\\\/schema.org\",\"@graph\":[{\"@type\":\"WebPage\",\"@id\":\"https:\\\/\\\/iha-race.com\\\/pt-pt\\\/produto\\\/micro-canopy-betafpv\\\/\",\"url\":\"https:\\\/\\\/iha-race.com\\\/pt-pt\\\/produto\\\/micro-canopy-betafpv\\\/\",\"name\":\"Micro Canopy BetaFPV - Iha Race\",\"isPartOf\":{\"@id\":\"https:\\\/\\\/iha-race.com\\\/pt-pt\\\/#website\"},\"primaryImageOfPage\":{\"@id\":\"https:\\\/\\\/iha-race.com\\\/pt-pt\\\/produto\\\/micro-canopy-betafpv\\\/#primaryimage\"},\"image\":{\"@id\":\"https:\\\/\\\/iha-race.com\\\/pt-pt\\\/produto\\\/micro-canopy-betafpv\\\/#primaryimage\"},\"thumbnailUrl\":\"https:\\\/\\\/iha-race.com\\\/wp-content\\\/uploads\\\/2020\\\/05\\\/Captura-de-pantalla-2020-05-07-a-las-15.53.17.png\",\"datePublished\":\"2020-05-07T14:03:23+00:00\",\"dateModified\":\"2024-08-29T14:07:43+00:00\",\"breadcrumb\":{\"@id\":\"https:\\\/\\\/iha-race.com\\\/pt-pt\\\/produto\\\/micro-canopy-betafpv\\\/#breadcrumb\"},\"inLanguage\":\"pt-PT\",\"potentialAction\":[{\"@type\":\"ReadAction\",\"target\":[\"https:\\\/\\\/iha-race.com\\\/pt-pt\\\/produto\\\/micro-canopy-betafpv\\\/\"]}]},{\"@type\":\"ImageObject\",\"inLanguage\":\"pt-PT\",\"@id\":\"https:\\\/\\\/iha-race.com\\\/pt-pt\\\/produto\\\/micro-canopy-betafpv\\\/#primaryimage\",\"url\":\"https:\\\/\\\/iha-race.com\\\/wp-content\\\/uploads\\\/2020\\\/05\\\/Captura-de-pantalla-2020-05-07-a-las-15.53.17.png\",\"contentUrl\":\"https:\\\/\\\/iha-race.com\\\/wp-content\\\/uploads\\\/2020\\\/05\\\/Captura-de-pantalla-2020-05-07-a-las-15.53.17.png\",\"width\":564,\"height\":557,\"caption\":\"Micro Canopy BetaFPV\"},{\"@type\":\"BreadcrumbList\",\"@id\":\"https:\\\/\\\/iha-race.com\\\/pt-pt\\\/produto\\\/micro-canopy-betafpv\\\/#breadcrumb\",\"itemListElement\":[{\"@type\":\"ListItem\",\"position\":1,\"name\":\"Portada\",\"item\":\"https:\\\/\\\/iha-race.com\\\/pt-pt\\\/elementor-499\\\/\"},{\"@type\":\"ListItem\",\"position\":2,\"name\":\"Shop\",\"item\":\"https:\\\/\\\/iha-race.com\\\/pt-pt\\\/shop\\\/\"},{\"@type\":\"ListItem\",\"position\":3,\"name\":\"Micro Canopy BetaFPV\"}]},{\"@type\":\"WebSite\",\"@id\":\"https:\\\/\\\/iha-race.com\\\/pt-pt\\\/#website\",\"url\":\"https:\\\/\\\/iha-race.com\\\/pt-pt\\\/\",\"name\":\"Iha Race\",\"description\":\"Comprar drones de carreras FPV env\u00edos en un d\u00eda desde Espa\u00f1a\",\"publisher\":{\"@id\":\"https:\\\/\\\/iha-race.com\\\/pt-pt\\\/#organization\"},\"potentialAction\":[{\"@type\":\"SearchAction\",\"target\":{\"@type\":\"EntryPoint\",\"urlTemplate\":\"https:\\\/\\\/iha-race.com\\\/pt-pt\\\/?s={search_term_string}\"},\"query-input\":{\"@type\":\"PropertyValueSpecification\",\"valueRequired\":true,\"valueName\":\"search_term_string\"}}],\"inLanguage\":\"pt-PT\"},{\"@type\":\"Organization\",\"@id\":\"https:\\\/\\\/iha-race.com\\\/pt-pt\\\/#organization\",\"name\":\"Iha Race\",\"url\":\"https:\\\/\\\/iha-race.com\\\/pt-pt\\\/\",\"logo\":{\"@type\":\"ImageObject\",\"inLanguage\":\"pt-PT\",\"@id\":\"https:\\\/\\\/iha-race.com\\\/pt-pt\\\/#\\\/schema\\\/logo\\\/image\\\/\",\"url\":\"https:\\\/\\\/iha-race.com\\\/wp-content\\\/uploads\\\/2018\\\/07\\\/iha-race-drones-de-carreras-tienda-comprar-drones.png\",\"contentUrl\":\"https:\\\/\\\/iha-race.com\\\/wp-content\\\/uploads\\\/2018\\\/07\\\/iha-race-drones-de-carreras-tienda-comprar-drones.png\",\"width\":300,\"height\":100,\"caption\":\"Iha Race\"},\"image\":{\"@id\":\"https:\\\/\\\/iha-race.com\\\/pt-pt\\\/#\\\/schema\\\/logo\\\/image\\\/\"}}]}<\/script>\n<!-- \/ Yoast SEO plugin. -->","yoast_head_json":{"title":"Micro Canopy BetaFPV - Iha Race","robots":{"index":"index","follow":"follow","max-snippet":"max-snippet:-1","max-image-preview":"max-image-preview:large","max-video-preview":"max-video-preview:-1"},"canonical":"https:\/\/iha-race.com\/pt-pt\/produto\/micro-canopy-betafpv\/","og_locale":"pt_PT","og_type":"article","og_title":"Micro Canopy BetaFPV - Iha Race","og_description":"Micro Canopy BetaFPV Este dossel \u00e9 mais dur\u00e1vel e flex\u00edvel, a melhor escolha para todas as microc\u00e2maras com lentes de 1\/3&#8221; como a c\u00e2mara C01 Pro ou com lentes de","og_url":"https:\/\/iha-race.com\/pt-pt\/produto\/micro-canopy-betafpv\/","og_site_name":"Iha Race","article_modified_time":"2024-08-29T14:07:43+00:00","og_image":[{"width":564,"height":557,"url":"https:\/\/iha-race.com\/wp-content\/uploads\/2020\/05\/Captura-de-pantalla-2020-05-07-a-las-15.53.17.png","type":"image\/png"}],"twitter_card":"summary_large_image","twitter_misc":{"Tempo estimado de leitura":"1 minuto"},"schema":{"@context":"https:\/\/schema.org","@graph":[{"@type":"WebPage","@id":"https:\/\/iha-race.com\/pt-pt\/produto\/micro-canopy-betafpv\/","url":"https:\/\/iha-race.com\/pt-pt\/produto\/micro-canopy-betafpv\/","name":"Micro Canopy BetaFPV - Iha Race","isPartOf":{"@id":"https:\/\/iha-race.com\/pt-pt\/#website"},"primaryImageOfPage":{"@id":"https:\/\/iha-race.com\/pt-pt\/produto\/micro-canopy-betafpv\/#primaryimage"},"image":{"@id":"https:\/\/iha-race.com\/pt-pt\/produto\/micro-canopy-betafpv\/#primaryimage"},"thumbnailUrl":"https:\/\/iha-race.com\/wp-content\/uploads\/2020\/05\/Captura-de-pantalla-2020-05-07-a-las-15.53.17.png","datePublished":"2020-05-07T14:03:23+00:00","dateModified":"2024-08-29T14:07:43+00:00","breadcrumb":{"@id":"https:\/\/iha-race.com\/pt-pt\/produto\/micro-canopy-betafpv\/#breadcrumb"},"inLanguage":"pt-PT","potentialAction":[{"@type":"ReadAction","target":["https:\/\/iha-race.com\/pt-pt\/produto\/micro-canopy-betafpv\/"]}]},{"@type":"ImageObject","inLanguage":"pt-PT","@id":"https:\/\/iha-race.com\/pt-pt\/produto\/micro-canopy-betafpv\/#primaryimage","url":"https:\/\/iha-race.com\/wp-content\/uploads\/2020\/05\/Captura-de-pantalla-2020-05-07-a-las-15.53.17.png","contentUrl":"https:\/\/iha-race.com\/wp-content\/uploads\/2020\/05\/Captura-de-pantalla-2020-05-07-a-las-15.53.17.png","width":564,"height":557,"caption":"Micro Canopy BetaFPV"},{"@type":"BreadcrumbList","@id":"https:\/\/iha-race.com\/pt-pt\/produto\/micro-canopy-betafpv\/#breadcrumb","itemListElement":[{"@type":"ListItem","position":1,"name":"Portada","item":"https:\/\/iha-race.com\/pt-pt\/elementor-499\/"},{"@type":"ListItem","position":2,"name":"Shop","item":"https:\/\/iha-race.com\/pt-pt\/shop\/"},{"@type":"ListItem","position":3,"name":"Micro Canopy BetaFPV"}]},{"@type":"WebSite","@id":"https:\/\/iha-race.com\/pt-pt\/#website","url":"https:\/\/iha-race.com\/pt-pt\/","name":"Iha Race","description":"Comprar drones de carreras FPV env\u00edos en un d\u00eda desde Espa\u00f1a","publisher":{"@id":"https:\/\/iha-race.com\/pt-pt\/#organization"},"potentialAction":[{"@type":"SearchAction","target":{"@type":"EntryPoint","urlTemplate":"https:\/\/iha-race.com\/pt-pt\/?s={search_term_string}"},"query-input":{"@type":"PropertyValueSpecification","valueRequired":true,"valueName":"search_term_string"}}],"inLanguage":"pt-PT"},{"@type":"Organization","@id":"https:\/\/iha-race.com\/pt-pt\/#organization","name":"Iha Race","url":"https:\/\/iha-race.com\/pt-pt\/","logo":{"@type":"ImageObject","inLanguage":"pt-PT","@id":"https:\/\/iha-race.com\/pt-pt\/#\/schema\/logo\/image\/","url":"https:\/\/iha-race.com\/wp-content\/uploads\/2018\/07\/iha-race-drones-de-carreras-tienda-comprar-drones.png","contentUrl":"https:\/\/iha-race.com\/wp-content\/uploads\/2018\/07\/iha-race-drones-de-carreras-tienda-comprar-drones.png","width":300,"height":100,"caption":"Iha Race"},"image":{"@id":"https:\/\/iha-race.com\/pt-pt\/#\/schema\/logo\/image\/"}}]}},"jetpack_sharing_enabled":true,"brands":[],"_links":{"self":[{"href":"https:\/\/iha-race.com\/pt-pt\/wp-json\/wp\/v2\/product\/112920","targetHints":{"allow":["GET"]}}],"collection":[{"href":"https:\/\/iha-race.com\/pt-pt\/wp-json\/wp\/v2\/product"}],"about":[{"href":"https:\/\/iha-race.com\/pt-pt\/wp-json\/wp\/v2\/types\/product"}],"replies":[{"embeddable":true,"href":"https:\/\/iha-race.com\/pt-pt\/wp-json\/wp\/v2\/comments?post=112920"}],"version-history":[{"count":3,"href":"https:\/\/iha-race.com\/pt-pt\/wp-json\/wp\/v2\/product\/112920\/revisions"}],"predecessor-version":[{"id":249951,"href":"https:\/\/iha-race.com\/pt-pt\/wp-json\/wp\/v2\/product\/112920\/revisions\/249951"}],"wp:featuredmedia":[{"embeddable":true,"href":"https:\/\/iha-race.com\/pt-pt\/wp-json\/wp\/v2\/media\/86376"}],"wp:attachment":[{"href":"https:\/\/iha-race.com\/pt-pt\/wp-json\/wp\/v2\/media?parent=112920"}],"wp:term":[{"taxonomy":"pwb-brand","embeddable":true,"href":"https:\/\/iha-race.com\/pt-pt\/wp-json\/wp\/v2\/pwb-brand?post=112920"},{"taxonomy":"product_cat","embeddable":true,"href":"https:\/\/iha-race.com\/pt-pt\/wp-json\/wp\/v2\/product_cat?post=112920"},{"taxonomy":"product_tag","embeddable":true,"href":"https:\/\/iha-race.com\/pt-pt\/wp-json\/wp\/v2\/product_tag?post=112920"}],"curies":[{"name":"wp","href":"https:\/\/api.w.org\/{rel}","templated":true}]}}