{"id":112904,"date":"2020-05-05T16:53:09","date_gmt":"2020-05-05T14:53:09","guid":{"rendered":"https:\/\/iha-race.com\/producto\/saco-de-lipoaseguranca-betafpv\/"},"modified":"2025-08-04T11:55:34","modified_gmt":"2025-08-04T09:55:34","slug":"security-bag-for-betafpv-lipos","status":"publish","type":"product","link":"https:\/\/iha-race.com\/pt-pt\/produto\/security-bag-for-betafpv-lipos\/","title":{"rendered":"Saco de Lipoaseguran\u00e7a BetaFPV"},"content":{"rendered":"<h2>Saco de Lipoaseguran\u00e7a BetaFPV<\/h2>\n<p>  O saco de seguran\u00e7a \u00e9 cosido com um fio extremamente resistente ao fogo e tem uma aba com fecho de correr duplo. Oferece protec\u00e7\u00e3o adicional para a sua bateria lipo, micro drone e o seu local de carga, o que poderia proteger a sua casa e objectos de valor de um inc\u00eandio devido a falha da bateria lipo. \u00datil para arruma\u00e7\u00e3o, viagens e carga.  &nbsp;<\/p>\n<p><img fetchpriority=\"high\" decoding=\"async\" class=\"size-full wp-image-48260\" src=\"https:\/\/iha-race.com\/wp-content\/uploads\/2020\/05\/Captura-de-pantalla-2020-05-05-a-las-16.45.13.png\" alt=\"Saco de Lipoaseguran\u00e7a BetaFPV\" width=\"552\" height=\"484\" srcset=\"https:\/\/iha-race.com\/wp-content\/uploads\/2020\/05\/Captura-de-pantalla-2020-05-05-a-las-16.45.13.png 552w, https:\/\/iha-race.com\/wp-content\/uploads\/2020\/05\/Captura-de-pantalla-2020-05-05-a-las-16.45.13-600x526.png 600w, https:\/\/iha-race.com\/wp-content\/uploads\/2020\/05\/Captura-de-pantalla-2020-05-05-a-las-16.45.13-300x263.png 300w, https:\/\/iha-race.com\/wp-content\/uploads\/2020\/05\/Captura-de-pantalla-2020-05-05-a-las-16.45.13-1024x898.png 1024w, https:\/\/iha-race.com\/wp-content\/uploads\/2020\/05\/Captura-de-pantalla-2020-05-05-a-las-16.45.13-768x673.png 768w, https:\/\/iha-race.com\/wp-content\/uploads\/2020\/05\/Captura-de-pantalla-2020-05-05-a-las-16.45.13-1536x1347.png 1536w, https:\/\/iha-race.com\/wp-content\/uploads\/2020\/05\/Captura-de-pantalla-2020-05-05-a-las-16.45.13-2048x1796.png 2048w, https:\/\/iha-race.com\/wp-content\/uploads\/2020\/05\/Captura-de-pantalla-2020-05-05-a-las-16.45.13-788x690.png 788w\" sizes=\"(max-width: 552px) 100vw, 552px\" \/><\/p>\n<p>&nbsp;<\/p>\n<h2><strong>Caracter\u00edsticas:<\/strong><\/h2>\n<ul>\n<li>\u00c0 prova de \u00e1gua, de fogo e de radia\u00e7\u00e3o.<\/li>\n<li>Amplo espa\u00e7o para m\u00faltiplas baterias.<\/li>\n<li>Espa\u00e7ador m\u00e9dio, a bateria pode ser classificada como<\/li>\n<li>O fecho duplo, torna o saco de lipoaspira\u00e7\u00e3o bem selado e conveniente de usar.<\/li>\n<li>Este saco \u00e0 prova de fogo \u00e9 uma forma conveniente de proteger as suas baterias Lipo durante o carregamento, tr\u00e2nsito e armazenamento.<\/li>\n<\/ul>\n<p>&nbsp;<\/p>\n<p><img decoding=\"async\" class=\"size-full wp-image-48261\" src=\"https:\/\/iha-race.com\/wp-content\/uploads\/2020\/05\/Captura-de-pantalla-2020-05-05-a-las-16.46.42.png\" alt=\"Saco de Lipoaseguran\u00e7a BetaFPV\" width=\"450\" height=\"337\" srcset=\"https:\/\/iha-race.com\/wp-content\/uploads\/2020\/05\/Captura-de-pantalla-2020-05-05-a-las-16.46.42.png 450w, https:\/\/iha-race.com\/wp-content\/uploads\/2020\/05\/Captura-de-pantalla-2020-05-05-a-las-16.46.42-600x449.png 600w, https:\/\/iha-race.com\/wp-content\/uploads\/2020\/05\/Captura-de-pantalla-2020-05-05-a-las-16.46.42-300x225.png 300w, https:\/\/iha-race.com\/wp-content\/uploads\/2020\/05\/Captura-de-pantalla-2020-05-05-a-las-16.46.42-1024x767.png 1024w, https:\/\/iha-race.com\/wp-content\/uploads\/2020\/05\/Captura-de-pantalla-2020-05-05-a-las-16.46.42-768x575.png 768w, https:\/\/iha-race.com\/wp-content\/uploads\/2020\/05\/Captura-de-pantalla-2020-05-05-a-las-16.46.42-1536x1150.png 1536w, https:\/\/iha-race.com\/wp-content\/uploads\/2020\/05\/Captura-de-pantalla-2020-05-05-a-las-16.46.42-2048x1534.png 2048w, https:\/\/iha-race.com\/wp-content\/uploads\/2020\/05\/Captura-de-pantalla-2020-05-05-a-las-16.46.42-788x590.png 788w\" sizes=\"(max-width: 450px) 100vw, 450px\" \/><\/p>\n<h2><strong>Especifica\u00e7\u00f5es:<\/strong><\/h2>\n<ul>\n<li>Preto<\/li>\n<li>Dimens\u00e3o: 165 * 90 * 120 mm<\/li>\n<li>Peso: 130g<\/li>\n<li>Aplica\u00e7\u00e3o: Para carregamento e armazenamento mais seguro de baterias Lipo e drones<\/li>\n<li>Material: material em fibra de vidro t\u00eaxtil com revestimento ign\u00edfugo<\/li>\n<\/ul>\n<p>&nbsp;<\/p>\n<p>&nbsp;<\/p>\n<p>&nbsp;<\/p>\n<p><img decoding=\"async\" class=\"size-full wp-image-48262\" src=\"https:\/\/iha-race.com\/wp-content\/uploads\/2020\/05\/Captura-de-pantalla-2020-05-05-a-las-16.47.36.png\" alt=\"Saco de Lipoaseguran\u00e7a BetaFPV\" width=\"490\" height=\"396\" srcset=\"https:\/\/iha-race.com\/wp-content\/uploads\/2020\/05\/Captura-de-pantalla-2020-05-05-a-las-16.47.36.png 490w, https:\/\/iha-race.com\/wp-content\/uploads\/2020\/05\/Captura-de-pantalla-2020-05-05-a-las-16.47.36-599x484.png 599w, https:\/\/iha-race.com\/wp-content\/uploads\/2020\/05\/Captura-de-pantalla-2020-05-05-a-las-16.47.36-300x242.png 300w, https:\/\/iha-race.com\/wp-content\/uploads\/2020\/05\/Captura-de-pantalla-2020-05-05-a-las-16.47.36-1024x828.png 1024w, https:\/\/iha-race.com\/wp-content\/uploads\/2020\/05\/Captura-de-pantalla-2020-05-05-a-las-16.47.36-767x620.png 767w, https:\/\/iha-race.com\/wp-content\/uploads\/2020\/05\/Captura-de-pantalla-2020-05-05-a-las-16.47.36-1536x1241.png 1536w, https:\/\/iha-race.com\/wp-content\/uploads\/2020\/05\/Captura-de-pantalla-2020-05-05-a-las-16.47.36-2048x1655.png 2048w, https:\/\/iha-race.com\/wp-content\/uploads\/2020\/05\/Captura-de-pantalla-2020-05-05-a-las-16.47.36-788x636.png 788w\" sizes=\"(max-width: 490px) 100vw, 490px\" \/><\/p>\n<p>&nbsp;<\/p>\n<h2><strong>O pacote inclui:<\/strong><\/h2>\n<ul>\n<li>1 x saco de seguran\u00e7a de bateria Lipo BETAFPV<\/li>\n<\/ul>\n<p>&nbsp;<\/p>\n<p>&nbsp;<\/p>\n","protected":false},"excerpt":{"rendered":"<p>Saco de Lipoaseguran\u00e7a BetaFPV O saco de seguran\u00e7a \u00e9 cosido com um fio extremamente resistente ao fogo e tem uma aba com fecho de correr duplo. Oferece protec\u00e7\u00e3o adicional para<\/p>\n","protected":false},"featured_media":86312,"comment_status":"open","ping_status":"closed","template":"","meta":{"_joinchat":[]},"pwb-brand":[],"product_cat":[25,17,24,143],"product_tag":[],"class_list":{"0":"post-112904","1":"product","2":"type-product","3":"status-publish","4":"has-post-thumbnail","6":"product_cat-balanceadores","7":"product_cat-baterias-para-drones","8":"product_cat-cargadores","9":"product_cat-mochilas","11":"first","12":"instock","13":"taxable","14":"shipping-taxable","15":"purchasable","16":"product-type-simple"},"barcode":null,"atum_controlled":true,"out_stock_date":null,"out_stock_threshold":null,"inheritable":false,"stock_on_hold":0,"sold_today":0,"sales_last_days":1,"out_stock_days":0,"lost_sales":0,"update_date":"2026-04-08T16:36:51","atum_locations":[],"atum_stock_status":"instock","restock_status":false,"low_stock_amount":"","sales_update_date":"2026-04-06T14:11:14","calc_backorders":null,"yoast_head":"<!-- This site is optimized with the Yoast SEO plugin v27.3 - https:\/\/yoast.com\/product\/yoast-seo-wordpress\/ -->\n<title>Saco de Lipoaseguran\u00e7a BetaFPV - Iha Race<\/title>\n<meta name=\"robots\" content=\"index, follow, max-snippet:-1, max-image-preview:large, max-video-preview:-1\" \/>\n<link rel=\"canonical\" href=\"https:\/\/iha-race.com\/pt-pt\/produto\/security-bag-for-betafpv-lipos\/\" \/>\n<meta property=\"og:locale\" content=\"pt_PT\" \/>\n<meta property=\"og:type\" content=\"article\" \/>\n<meta property=\"og:title\" content=\"Saco de Lipoaseguran\u00e7a BetaFPV - Iha Race\" \/>\n<meta property=\"og:description\" content=\"Saco de Lipoaseguran\u00e7a BetaFPV O saco de seguran\u00e7a \u00e9 cosido com um fio extremamente resistente ao fogo e tem uma aba com fecho de correr duplo. Oferece protec\u00e7\u00e3o adicional para\" \/>\n<meta property=\"og:url\" content=\"https:\/\/iha-race.com\/pt-pt\/produto\/security-bag-for-betafpv-lipos\/\" \/>\n<meta property=\"og:site_name\" content=\"Iha Race\" \/>\n<meta property=\"article:modified_time\" content=\"2025-08-04T09:55:34+00:00\" \/>\n<meta property=\"og:image\" content=\"https:\/\/iha-race.com\/wp-content\/uploads\/2020\/05\/Captura-de-pantalla-2020-05-05-a-las-16.44.23.png\" \/>\n\t<meta property=\"og:image:width\" content=\"532\" \/>\n\t<meta property=\"og:image:height\" content=\"522\" \/>\n\t<meta property=\"og:image:type\" content=\"image\/png\" \/>\n<meta name=\"twitter:card\" content=\"summary_large_image\" \/>\n<meta name=\"twitter:label1\" content=\"Tempo estimado de leitura\" \/>\n\t<meta name=\"twitter:data1\" content=\"1 minuto\" \/>\n<script type=\"application\/ld+json\" class=\"yoast-schema-graph\">{\"@context\":\"https:\\\/\\\/schema.org\",\"@graph\":[{\"@type\":\"WebPage\",\"@id\":\"https:\\\/\\\/iha-race.com\\\/pt-pt\\\/produto\\\/security-bag-for-betafpv-lipos\\\/\",\"url\":\"https:\\\/\\\/iha-race.com\\\/pt-pt\\\/produto\\\/security-bag-for-betafpv-lipos\\\/\",\"name\":\"Saco de Lipoaseguran\u00e7a BetaFPV - Iha Race\",\"isPartOf\":{\"@id\":\"https:\\\/\\\/iha-race.com\\\/pt-pt\\\/#website\"},\"primaryImageOfPage\":{\"@id\":\"https:\\\/\\\/iha-race.com\\\/pt-pt\\\/produto\\\/security-bag-for-betafpv-lipos\\\/#primaryimage\"},\"image\":{\"@id\":\"https:\\\/\\\/iha-race.com\\\/pt-pt\\\/produto\\\/security-bag-for-betafpv-lipos\\\/#primaryimage\"},\"thumbnailUrl\":\"https:\\\/\\\/iha-race.com\\\/wp-content\\\/uploads\\\/2020\\\/05\\\/Captura-de-pantalla-2020-05-05-a-las-16.44.23.png\",\"datePublished\":\"2020-05-05T14:53:09+00:00\",\"dateModified\":\"2025-08-04T09:55:34+00:00\",\"breadcrumb\":{\"@id\":\"https:\\\/\\\/iha-race.com\\\/pt-pt\\\/produto\\\/security-bag-for-betafpv-lipos\\\/#breadcrumb\"},\"inLanguage\":\"pt-PT\",\"potentialAction\":[{\"@type\":\"ReadAction\",\"target\":[\"https:\\\/\\\/iha-race.com\\\/pt-pt\\\/produto\\\/security-bag-for-betafpv-lipos\\\/\"]}]},{\"@type\":\"ImageObject\",\"inLanguage\":\"pt-PT\",\"@id\":\"https:\\\/\\\/iha-race.com\\\/pt-pt\\\/produto\\\/security-bag-for-betafpv-lipos\\\/#primaryimage\",\"url\":\"https:\\\/\\\/iha-race.com\\\/wp-content\\\/uploads\\\/2020\\\/05\\\/Captura-de-pantalla-2020-05-05-a-las-16.44.23.png\",\"contentUrl\":\"https:\\\/\\\/iha-race.com\\\/wp-content\\\/uploads\\\/2020\\\/05\\\/Captura-de-pantalla-2020-05-05-a-las-16.44.23.png\",\"width\":532,\"height\":522,\"caption\":\"Saco de Lipoaseguran\u00e7a BetaFPV\"},{\"@type\":\"BreadcrumbList\",\"@id\":\"https:\\\/\\\/iha-race.com\\\/pt-pt\\\/produto\\\/security-bag-for-betafpv-lipos\\\/#breadcrumb\",\"itemListElement\":[{\"@type\":\"ListItem\",\"position\":1,\"name\":\"Portada\",\"item\":\"https:\\\/\\\/iha-race.com\\\/pt-pt\\\/elementor-499\\\/\"},{\"@type\":\"ListItem\",\"position\":2,\"name\":\"Shop\",\"item\":\"https:\\\/\\\/iha-race.com\\\/pt-pt\\\/shop\\\/\"},{\"@type\":\"ListItem\",\"position\":3,\"name\":\"Saco de Lipoaseguran\u00e7a BetaFPV\"}]},{\"@type\":\"WebSite\",\"@id\":\"https:\\\/\\\/iha-race.com\\\/pt-pt\\\/#website\",\"url\":\"https:\\\/\\\/iha-race.com\\\/pt-pt\\\/\",\"name\":\"Iha Race\",\"description\":\"Comprar drones de carreras FPV env\u00edos en un d\u00eda desde Espa\u00f1a\",\"publisher\":{\"@id\":\"https:\\\/\\\/iha-race.com\\\/pt-pt\\\/#organization\"},\"potentialAction\":[{\"@type\":\"SearchAction\",\"target\":{\"@type\":\"EntryPoint\",\"urlTemplate\":\"https:\\\/\\\/iha-race.com\\\/pt-pt\\\/?s={search_term_string}\"},\"query-input\":{\"@type\":\"PropertyValueSpecification\",\"valueRequired\":true,\"valueName\":\"search_term_string\"}}],\"inLanguage\":\"pt-PT\"},{\"@type\":\"Organization\",\"@id\":\"https:\\\/\\\/iha-race.com\\\/pt-pt\\\/#organization\",\"name\":\"Iha Race\",\"url\":\"https:\\\/\\\/iha-race.com\\\/pt-pt\\\/\",\"logo\":{\"@type\":\"ImageObject\",\"inLanguage\":\"pt-PT\",\"@id\":\"https:\\\/\\\/iha-race.com\\\/pt-pt\\\/#\\\/schema\\\/logo\\\/image\\\/\",\"url\":\"https:\\\/\\\/iha-race.com\\\/wp-content\\\/uploads\\\/2018\\\/07\\\/iha-race-drones-de-carreras-tienda-comprar-drones.png\",\"contentUrl\":\"https:\\\/\\\/iha-race.com\\\/wp-content\\\/uploads\\\/2018\\\/07\\\/iha-race-drones-de-carreras-tienda-comprar-drones.png\",\"width\":300,\"height\":100,\"caption\":\"Iha Race\"},\"image\":{\"@id\":\"https:\\\/\\\/iha-race.com\\\/pt-pt\\\/#\\\/schema\\\/logo\\\/image\\\/\"}}]}<\/script>\n<!-- \/ Yoast SEO plugin. -->","yoast_head_json":{"title":"Saco de Lipoaseguran\u00e7a BetaFPV - Iha Race","robots":{"index":"index","follow":"follow","max-snippet":"max-snippet:-1","max-image-preview":"max-image-preview:large","max-video-preview":"max-video-preview:-1"},"canonical":"https:\/\/iha-race.com\/pt-pt\/produto\/security-bag-for-betafpv-lipos\/","og_locale":"pt_PT","og_type":"article","og_title":"Saco de Lipoaseguran\u00e7a BetaFPV - Iha Race","og_description":"Saco de Lipoaseguran\u00e7a BetaFPV O saco de seguran\u00e7a \u00e9 cosido com um fio extremamente resistente ao fogo e tem uma aba com fecho de correr duplo. Oferece protec\u00e7\u00e3o adicional para","og_url":"https:\/\/iha-race.com\/pt-pt\/produto\/security-bag-for-betafpv-lipos\/","og_site_name":"Iha Race","article_modified_time":"2025-08-04T09:55:34+00:00","og_image":[{"width":532,"height":522,"url":"https:\/\/iha-race.com\/wp-content\/uploads\/2020\/05\/Captura-de-pantalla-2020-05-05-a-las-16.44.23.png","type":"image\/png"}],"twitter_card":"summary_large_image","twitter_misc":{"Tempo estimado de leitura":"1 minuto"},"schema":{"@context":"https:\/\/schema.org","@graph":[{"@type":"WebPage","@id":"https:\/\/iha-race.com\/pt-pt\/produto\/security-bag-for-betafpv-lipos\/","url":"https:\/\/iha-race.com\/pt-pt\/produto\/security-bag-for-betafpv-lipos\/","name":"Saco de Lipoaseguran\u00e7a BetaFPV - Iha Race","isPartOf":{"@id":"https:\/\/iha-race.com\/pt-pt\/#website"},"primaryImageOfPage":{"@id":"https:\/\/iha-race.com\/pt-pt\/produto\/security-bag-for-betafpv-lipos\/#primaryimage"},"image":{"@id":"https:\/\/iha-race.com\/pt-pt\/produto\/security-bag-for-betafpv-lipos\/#primaryimage"},"thumbnailUrl":"https:\/\/iha-race.com\/wp-content\/uploads\/2020\/05\/Captura-de-pantalla-2020-05-05-a-las-16.44.23.png","datePublished":"2020-05-05T14:53:09+00:00","dateModified":"2025-08-04T09:55:34+00:00","breadcrumb":{"@id":"https:\/\/iha-race.com\/pt-pt\/produto\/security-bag-for-betafpv-lipos\/#breadcrumb"},"inLanguage":"pt-PT","potentialAction":[{"@type":"ReadAction","target":["https:\/\/iha-race.com\/pt-pt\/produto\/security-bag-for-betafpv-lipos\/"]}]},{"@type":"ImageObject","inLanguage":"pt-PT","@id":"https:\/\/iha-race.com\/pt-pt\/produto\/security-bag-for-betafpv-lipos\/#primaryimage","url":"https:\/\/iha-race.com\/wp-content\/uploads\/2020\/05\/Captura-de-pantalla-2020-05-05-a-las-16.44.23.png","contentUrl":"https:\/\/iha-race.com\/wp-content\/uploads\/2020\/05\/Captura-de-pantalla-2020-05-05-a-las-16.44.23.png","width":532,"height":522,"caption":"Saco de Lipoaseguran\u00e7a BetaFPV"},{"@type":"BreadcrumbList","@id":"https:\/\/iha-race.com\/pt-pt\/produto\/security-bag-for-betafpv-lipos\/#breadcrumb","itemListElement":[{"@type":"ListItem","position":1,"name":"Portada","item":"https:\/\/iha-race.com\/pt-pt\/elementor-499\/"},{"@type":"ListItem","position":2,"name":"Shop","item":"https:\/\/iha-race.com\/pt-pt\/shop\/"},{"@type":"ListItem","position":3,"name":"Saco de Lipoaseguran\u00e7a BetaFPV"}]},{"@type":"WebSite","@id":"https:\/\/iha-race.com\/pt-pt\/#website","url":"https:\/\/iha-race.com\/pt-pt\/","name":"Iha Race","description":"Comprar drones de carreras FPV env\u00edos en un d\u00eda desde Espa\u00f1a","publisher":{"@id":"https:\/\/iha-race.com\/pt-pt\/#organization"},"potentialAction":[{"@type":"SearchAction","target":{"@type":"EntryPoint","urlTemplate":"https:\/\/iha-race.com\/pt-pt\/?s={search_term_string}"},"query-input":{"@type":"PropertyValueSpecification","valueRequired":true,"valueName":"search_term_string"}}],"inLanguage":"pt-PT"},{"@type":"Organization","@id":"https:\/\/iha-race.com\/pt-pt\/#organization","name":"Iha Race","url":"https:\/\/iha-race.com\/pt-pt\/","logo":{"@type":"ImageObject","inLanguage":"pt-PT","@id":"https:\/\/iha-race.com\/pt-pt\/#\/schema\/logo\/image\/","url":"https:\/\/iha-race.com\/wp-content\/uploads\/2018\/07\/iha-race-drones-de-carreras-tienda-comprar-drones.png","contentUrl":"https:\/\/iha-race.com\/wp-content\/uploads\/2018\/07\/iha-race-drones-de-carreras-tienda-comprar-drones.png","width":300,"height":100,"caption":"Iha Race"},"image":{"@id":"https:\/\/iha-race.com\/pt-pt\/#\/schema\/logo\/image\/"}}]}},"jetpack_sharing_enabled":true,"brands":[],"_links":{"self":[{"href":"https:\/\/iha-race.com\/pt-pt\/wp-json\/wp\/v2\/product\/112904","targetHints":{"allow":["GET"]}}],"collection":[{"href":"https:\/\/iha-race.com\/pt-pt\/wp-json\/wp\/v2\/product"}],"about":[{"href":"https:\/\/iha-race.com\/pt-pt\/wp-json\/wp\/v2\/types\/product"}],"replies":[{"embeddable":true,"href":"https:\/\/iha-race.com\/pt-pt\/wp-json\/wp\/v2\/comments?post=112904"}],"version-history":[{"count":2,"href":"https:\/\/iha-race.com\/pt-pt\/wp-json\/wp\/v2\/product\/112904\/revisions"}],"predecessor-version":[{"id":249970,"href":"https:\/\/iha-race.com\/pt-pt\/wp-json\/wp\/v2\/product\/112904\/revisions\/249970"}],"wp:featuredmedia":[{"embeddable":true,"href":"https:\/\/iha-race.com\/pt-pt\/wp-json\/wp\/v2\/media\/86312"}],"wp:attachment":[{"href":"https:\/\/iha-race.com\/pt-pt\/wp-json\/wp\/v2\/media?parent=112904"}],"wp:term":[{"taxonomy":"pwb-brand","embeddable":true,"href":"https:\/\/iha-race.com\/pt-pt\/wp-json\/wp\/v2\/pwb-brand?post=112904"},{"taxonomy":"product_cat","embeddable":true,"href":"https:\/\/iha-race.com\/pt-pt\/wp-json\/wp\/v2\/product_cat?post=112904"},{"taxonomy":"product_tag","embeddable":true,"href":"https:\/\/iha-race.com\/pt-pt\/wp-json\/wp\/v2\/product_tag?post=112904"}],"curies":[{"name":"wp","href":"https:\/\/api.w.org\/{rel}","templated":true}]}}