{"id":112890,"date":"2023-05-31T17:15:21","date_gmt":"2023-05-31T15:15:21","guid":{"rendered":"https:\/\/iha-race.com\/producto\/conector-carregador-betafpv-1s-bt2-0\/"},"modified":"2026-01-21T17:12:37","modified_gmt":"2026-01-21T16:12:37","slug":"cargador-betafpv-1s-conector-bt2-0-v-2","status":"publish","type":"product","link":"https:\/\/iha-race.com\/pt-pt\/produto\/cargador-betafpv-1s-conector-bt2-0-v-2\/","title":{"rendered":"Carregador BetaFPV 1S conector BT2.0 V.2"},"content":{"rendered":"<h2>Conector Carregador BetaFPV 1S BT2.0<\/h2>\n<p>  V\u00ea o novo carregador de bateria BT2.0 e o verificador de tens\u00e3o. Em compara\u00e7\u00e3o com a primeira vers\u00e3o, o carregador V2 utiliza a porta de entrada Tipo C para substituir a entrada USB. O carregamento j\u00e1 n\u00e3o est\u00e1 limitado pela ficha, os condutores podem ter mais op\u00e7\u00f5es de carregamento. Entretanto, o novo carregador melhorou o design de apar\u00eancia. Inclui o design oculto do visor el\u00e9ctrico e as instru\u00e7\u00f5es de carregamento, que s\u00e3o simples e bonitas. Al\u00e9m disso, este carregador \u00e9  <span class=\"tlid-translation translation\" lang=\"en\"><span class=\"\" title=\"\">Concebido para a bateria da s\u00e9rie BT2.0. N\u00e3o s\u00f3 um carregador, mas tamb\u00e9m<\/span><\/span>  um medidor de tens\u00e3o de c\u00e9lula!  &nbsp;<\/p>\n<p><img decoding=\"async\" src=\"https:\/\/cdn.shopifycdn.net\/s\/files\/1\/1778\/6615\/files\/8b465053d72bf33c227fa9eedfc2486b_c06eb958-a63e-4d29-9625-a99652d81fa7_1024x1024.jpg?v=1616740008\">  N\u00e3o tens a certeza se vale a pena mudar para o BT2.0? Ver mais do v\u00eddeo de <a href=\"https:\/\/www.youtube.com\/watch?v=Xt0yARay6nw\" target=\"_blank\" rel=\"noopener\">Joshua Bardwell <\/a>Prova (\u00c1UDIO) de que o conector BT2.0 \u00e9 melhor do que o PH 2.0. https:\/\/youtu.be\/Xt0yARay6nw<\/p>\n<h2>Caracter\u00edsticas<\/h2>\n<ul>\n<li>Especialmente concebido para a nossa bateria da s\u00e9rie BT2.0. Tem duas fun\u00e7\u00f5es de teste de tens\u00e3o e carga numa s\u00f3, \u00e9 compacto e f\u00e1cil de transportar.<\/li>\n<li>Inclui uma porta de entrada Tipo C para substituir a entrada USB, o que faz com que o carregamento deixe de estar limitado pela ficha e os utilizadores possam ter mais op\u00e7\u00f5es de carregamento.<\/li>\n<li>O novo carregador tamb\u00e9m melhora o design da apar\u00eancia. Com o design oculto do visor el\u00e9ctrico e das instru\u00e7\u00f5es de carregamento, \u00e9 simples e bonito.<\/li>\n<li>Suporta o carregamento de duas baterias ao mesmo tempo, a sua corrente de carregamento \u00e9 de 1A, a bateria BT2.0 300mah pode ser totalmente carregada em 20 minutos, a bateria BT2.0 450mah 1S pode ser totalmente carregada em 30 minutos.<\/li>\n<\/ul>\n<h2>Estado de Igni\u00e7\u00e3o<\/h2>\n<ul>\n<li>OUT1\/OUT2 podem ser carregadas simultaneamente<\/li>\n<li>Entrada: USB-5V\/2A<\/li>\n<li>Sa\u00edda: 4,35V\/1A<\/li>\n<li>A luz vermelha indica que est\u00e1 a carregar e a luz verde indica carga completa.<\/li>\n<\/ul>\n<h2><\/h2>\n<p><img decoding=\"async\" class=\"aligncenter\" src=\"https:\/\/cdn.shopifycdn.net\/s\/files\/1\/1778\/6615\/files\/1_f6381ee6-97ec-4cbe-bdf5-2145b4f2a974_600x600.jpg?v=1616641450\"><\/p>\n<p>&nbsp;<\/p>\n<h2>Fora do estado<\/h2>\n<ul>\n<li>OUT1 pode ser usado como um testador de bateria enquanto OUT2 n\u00e3o tem nenhuma fun\u00e7\u00e3o.<\/li>\n<\/ul>\n<p><img decoding=\"async\" class=\"aligncenter\" src=\"https:\/\/cdn.shopifycdn.net\/s\/files\/1\/1778\/6615\/files\/1f257bd61df9ddaf859acbd1eece8225_4912759b-73ec-4884-b57f-f2083e985b85_600x600.jpg?v=1616486324\"><\/p>\n<p>&nbsp;<\/p>\n<h2>Especifica\u00e7\u00f5es<\/h2>\n<ul>\n<li>Modelo: Testador de tens\u00e3o da bateria BT2.0 1S V2<\/li>\n<li>Plugues: BT2.0<\/li>\n<li>Conector: Tipo C<\/li>\n<li>LCD: Branco<\/li>\n<li>Peso: 12,37 g<\/li>\n<li>Dimens\u00f5es: 52,7 *23,2 *14,2mm<\/li>\n<\/ul>\n<p><img decoding=\"async\" class=\"aligncenter\" src=\"https:\/\/cdn.shopifycdn.net\/s\/files\/1\/1778\/6615\/files\/f7d7c897f798fc44c391847188c3ac79_cc8c51b6-394a-47b6-a5c0-ce9e96635ae5_600x600.jpg?v=1616752757\"><\/p>\n<h2>Conector BT2.0<\/h2>\n<p>  O conetor BT2.0 de conce\u00e7\u00e3o exclusiva da BETAFPV superou o estrangulamento do conetor PH2.0. O conetor BT2.0 reduziu eficazmente a resist\u00eancia interna do conetor para permitir a transfer\u00eancia de mais corrente, o que significa que suporta 9A de corrente cont\u00ednua (15A de rajada), oferecendo maior pot\u00eancia e maior tempo de voo em drones sem escovas 1S, enquanto o PH2.0 suporta apenas 4,5A. Podes desfrutar de um tempo de voo mais longo sem perturbar o aviso de baixa tens\u00e3o, resolvendo o problema da queda de tens\u00e3o.  <img decoding=\"async\" src=\"https:\/\/cdn.shopify.com\/s\/files\/1\/1778\/6615\/files\/1FB_480x480.jpg?v=1573558601\">  Na bateria BETAFPV 1S 300mAh, encontras um quadro comparativo entre o conetor BT2.0 e o conetor PH2.0 (vers\u00e3o de pinos s\u00f3lidos). A corrente de descarga \u00e9 de 9A neste teste. Podes ver que tem o dobro do tempo (cerca de 2 minutos) com o conetor BT2.0.  <img decoding=\"async\" src=\"https:\/\/cdn.shopify.com\/s\/files\/1\/1778\/6615\/files\/QQ_20191112174705_1024x1024.png?v=1573552068\"><\/p>\n<p><strong>Muitas mais op\u00e7\u00f5es de acess\u00f3rios na s\u00e9rie BT2.0.  <\/strong>  Sabemos que alguns pilotos podem ter d\u00favidas sobre como lidar com a antiga bateria PH2.0 1S. Por isso, fornecemos alguns acess\u00f3rios, como os conectores BT2.0 Power whoop, para quem quiser converter o conetor PH2.0 num conetor BT2.0.  <\/p>\n<ul>\n<li>Conectores BT2.0 (10 pe\u00e7as)<\/li>\n<li>BT2.0 1S Cabo espiral Whoop<\/li>\n<li>Cabo adaptador BT2.0-PH2.0<\/li>\n<\/ul>\n<p>  Recomendamos vivamente os seguintes produtos com conectores ou cabos BT2.0. No futuro, a BETAFPV trabalhar\u00e1 em estreita colabora\u00e7\u00e3o com mais fabricantes de marcas para proporcionar um melhor servi\u00e7o e experi\u00eancia aos clientes.  <\/p>\n<ul>\n<li>Bateria BT2.0 450mAh 1S<\/li>\n<li>Bateria BT2.0 300mAh 1S<\/li>\n<li>Carregador de bateria BT2.0 e testador de voltagem<\/li>\n<li>Quadcopters da s\u00e9rie BT2.0<\/li>\n<li>Carregador de bateria 1S de 6 portas e adaptador<\/li>\n<li>Carregadores e baterias de terceiros com porta BT2.0<\/li>\n<\/ul>\n<p><img decoding=\"async\" src=\"https:\/\/cdn.shopifycdn.net\/s\/files\/1\/1778\/6615\/files\/FB_95086e22-5836-4e87-95a7-3de3f811ec16_1024x1024.jpg?v=1652340406\"><\/p>\n<h2>O pacote inclui<\/h2>\n<ul>\n<li>1 x carregador de bateria BT2.0 e testador de tens\u00e3o V2<\/li>\n<\/ul>\n","protected":false},"excerpt":{"rendered":"<p>Conector Carregador BetaFPV 1S BT2.0 V\u00ea o novo carregador de bateria BT2.0 e o verificador de tens\u00e3o. Em compara\u00e7\u00e3o com a primeira vers\u00e3o, o carregador V2 utiliza a porta de<\/p>\n","protected":false},"featured_media":231413,"comment_status":"open","ping_status":"closed","template":"","meta":{"_joinchat":[]},"pwb-brand":[],"product_cat":[1068],"product_tag":[],"class_list":{"0":"post-112890","1":"product","2":"type-product","3":"status-publish","4":"has-post-thumbnail","6":"product_cat-carregadores","8":"first","9":"instock","10":"taxable","11":"shipping-taxable","12":"purchasable","13":"product-type-simple"},"barcode":null,"atum_controlled":true,"out_stock_date":null,"out_stock_threshold":null,"inheritable":false,"stock_on_hold":0,"sold_today":0,"sales_last_days":0,"out_stock_days":0,"lost_sales":0,"update_date":"2026-04-18T22:18:11","atum_locations":[],"atum_stock_status":"instock","restock_status":false,"low_stock_amount":"","sales_update_date":"2026-04-18T22:18:11","calc_backorders":null,"yoast_head":"<!-- This site is optimized with the Yoast SEO plugin v27.3 - https:\/\/yoast.com\/product\/yoast-seo-wordpress\/ -->\n<title>Carregador BetaFPV 1S conector BT2.0 V.2 - Iha Race<\/title>\n<meta name=\"robots\" content=\"index, follow, max-snippet:-1, max-image-preview:large, max-video-preview:-1\" \/>\n<link rel=\"canonical\" href=\"https:\/\/iha-race.com\/pt-pt\/produto\/cargador-betafpv-1s-conector-bt2-0-v-2\/\" \/>\n<meta property=\"og:locale\" content=\"pt_PT\" \/>\n<meta property=\"og:type\" content=\"article\" \/>\n<meta property=\"og:title\" content=\"Carregador BetaFPV 1S conector BT2.0 V.2 - Iha Race\" \/>\n<meta property=\"og:description\" content=\"Conector Carregador BetaFPV 1S BT2.0 V\u00ea o novo carregador de bateria BT2.0 e o verificador de tens\u00e3o. Em compara\u00e7\u00e3o com a primeira vers\u00e3o, o carregador V2 utiliza a porta de\" \/>\n<meta property=\"og:url\" content=\"https:\/\/iha-race.com\/pt-pt\/produto\/cargador-betafpv-1s-conector-bt2-0-v-2\/\" \/>\n<meta property=\"og:site_name\" content=\"Iha Race\" \/>\n<meta property=\"article:modified_time\" content=\"2026-01-21T16:12:37+00:00\" \/>\n<meta property=\"og:image\" content=\"https:\/\/iha-race.com\/wp-content\/uploads\/2020\/04\/Cargador-de-bateria-BT20-y-probador-de-voltaje-V2.webp\" \/>\n\t<meta property=\"og:image:width\" content=\"720\" \/>\n\t<meta property=\"og:image:height\" content=\"720\" \/>\n\t<meta property=\"og:image:type\" content=\"image\/webp\" \/>\n<meta name=\"twitter:card\" content=\"summary_large_image\" \/>\n<meta name=\"twitter:label1\" content=\"Tempo estimado de leitura\" \/>\n\t<meta name=\"twitter:data1\" content=\"3 minutos\" \/>\n<script type=\"application\/ld+json\" class=\"yoast-schema-graph\">{\"@context\":\"https:\\\/\\\/schema.org\",\"@graph\":[{\"@type\":\"WebPage\",\"@id\":\"https:\\\/\\\/iha-race.com\\\/pt-pt\\\/produto\\\/cargador-betafpv-1s-conector-bt2-0-v-2\\\/\",\"url\":\"https:\\\/\\\/iha-race.com\\\/pt-pt\\\/produto\\\/cargador-betafpv-1s-conector-bt2-0-v-2\\\/\",\"name\":\"Carregador BetaFPV 1S conector BT2.0 V.2 - Iha Race\",\"isPartOf\":{\"@id\":\"https:\\\/\\\/iha-race.com\\\/pt-pt\\\/#website\"},\"primaryImageOfPage\":{\"@id\":\"https:\\\/\\\/iha-race.com\\\/pt-pt\\\/produto\\\/cargador-betafpv-1s-conector-bt2-0-v-2\\\/#primaryimage\"},\"image\":{\"@id\":\"https:\\\/\\\/iha-race.com\\\/pt-pt\\\/produto\\\/cargador-betafpv-1s-conector-bt2-0-v-2\\\/#primaryimage\"},\"thumbnailUrl\":\"https:\\\/\\\/iha-race.com\\\/wp-content\\\/uploads\\\/2020\\\/04\\\/Cargador-de-bateria-BT20-y-probador-de-voltaje-V2.webp\",\"datePublished\":\"2023-05-31T15:15:21+00:00\",\"dateModified\":\"2026-01-21T16:12:37+00:00\",\"breadcrumb\":{\"@id\":\"https:\\\/\\\/iha-race.com\\\/pt-pt\\\/produto\\\/cargador-betafpv-1s-conector-bt2-0-v-2\\\/#breadcrumb\"},\"inLanguage\":\"pt-PT\",\"potentialAction\":[{\"@type\":\"ReadAction\",\"target\":[\"https:\\\/\\\/iha-race.com\\\/pt-pt\\\/produto\\\/cargador-betafpv-1s-conector-bt2-0-v-2\\\/\"]}]},{\"@type\":\"ImageObject\",\"inLanguage\":\"pt-PT\",\"@id\":\"https:\\\/\\\/iha-race.com\\\/pt-pt\\\/produto\\\/cargador-betafpv-1s-conector-bt2-0-v-2\\\/#primaryimage\",\"url\":\"https:\\\/\\\/iha-race.com\\\/wp-content\\\/uploads\\\/2020\\\/04\\\/Cargador-de-bateria-BT20-y-probador-de-voltaje-V2.webp\",\"contentUrl\":\"https:\\\/\\\/iha-race.com\\\/wp-content\\\/uploads\\\/2020\\\/04\\\/Cargador-de-bateria-BT20-y-probador-de-voltaje-V2.webp\",\"width\":720,\"height\":720},{\"@type\":\"BreadcrumbList\",\"@id\":\"https:\\\/\\\/iha-race.com\\\/pt-pt\\\/produto\\\/cargador-betafpv-1s-conector-bt2-0-v-2\\\/#breadcrumb\",\"itemListElement\":[{\"@type\":\"ListItem\",\"position\":1,\"name\":\"Portada\",\"item\":\"https:\\\/\\\/iha-race.com\\\/pt-pt\\\/elementor-499\\\/\"},{\"@type\":\"ListItem\",\"position\":2,\"name\":\"Shop\",\"item\":\"https:\\\/\\\/iha-race.com\\\/pt-pt\\\/shop\\\/\"},{\"@type\":\"ListItem\",\"position\":3,\"name\":\"Carregador BetaFPV 1S conector BT2.0 V.2\"}]},{\"@type\":\"WebSite\",\"@id\":\"https:\\\/\\\/iha-race.com\\\/pt-pt\\\/#website\",\"url\":\"https:\\\/\\\/iha-race.com\\\/pt-pt\\\/\",\"name\":\"Iha Race\",\"description\":\"Comprar drones de carreras FPV env\u00edos en un d\u00eda desde Espa\u00f1a\",\"publisher\":{\"@id\":\"https:\\\/\\\/iha-race.com\\\/pt-pt\\\/#organization\"},\"potentialAction\":[{\"@type\":\"SearchAction\",\"target\":{\"@type\":\"EntryPoint\",\"urlTemplate\":\"https:\\\/\\\/iha-race.com\\\/pt-pt\\\/?s={search_term_string}\"},\"query-input\":{\"@type\":\"PropertyValueSpecification\",\"valueRequired\":true,\"valueName\":\"search_term_string\"}}],\"inLanguage\":\"pt-PT\"},{\"@type\":\"Organization\",\"@id\":\"https:\\\/\\\/iha-race.com\\\/pt-pt\\\/#organization\",\"name\":\"Iha Race\",\"url\":\"https:\\\/\\\/iha-race.com\\\/pt-pt\\\/\",\"logo\":{\"@type\":\"ImageObject\",\"inLanguage\":\"pt-PT\",\"@id\":\"https:\\\/\\\/iha-race.com\\\/pt-pt\\\/#\\\/schema\\\/logo\\\/image\\\/\",\"url\":\"https:\\\/\\\/iha-race.com\\\/wp-content\\\/uploads\\\/2018\\\/07\\\/iha-race-drones-de-carreras-tienda-comprar-drones.png\",\"contentUrl\":\"https:\\\/\\\/iha-race.com\\\/wp-content\\\/uploads\\\/2018\\\/07\\\/iha-race-drones-de-carreras-tienda-comprar-drones.png\",\"width\":300,\"height\":100,\"caption\":\"Iha Race\"},\"image\":{\"@id\":\"https:\\\/\\\/iha-race.com\\\/pt-pt\\\/#\\\/schema\\\/logo\\\/image\\\/\"}}]}<\/script>\n<!-- \/ Yoast SEO plugin. -->","yoast_head_json":{"title":"Carregador BetaFPV 1S conector BT2.0 V.2 - Iha Race","robots":{"index":"index","follow":"follow","max-snippet":"max-snippet:-1","max-image-preview":"max-image-preview:large","max-video-preview":"max-video-preview:-1"},"canonical":"https:\/\/iha-race.com\/pt-pt\/produto\/cargador-betafpv-1s-conector-bt2-0-v-2\/","og_locale":"pt_PT","og_type":"article","og_title":"Carregador BetaFPV 1S conector BT2.0 V.2 - Iha Race","og_description":"Conector Carregador BetaFPV 1S BT2.0 V\u00ea o novo carregador de bateria BT2.0 e o verificador de tens\u00e3o. Em compara\u00e7\u00e3o com a primeira vers\u00e3o, o carregador V2 utiliza a porta de","og_url":"https:\/\/iha-race.com\/pt-pt\/produto\/cargador-betafpv-1s-conector-bt2-0-v-2\/","og_site_name":"Iha Race","article_modified_time":"2026-01-21T16:12:37+00:00","og_image":[{"width":720,"height":720,"url":"https:\/\/iha-race.com\/wp-content\/uploads\/2020\/04\/Cargador-de-bateria-BT20-y-probador-de-voltaje-V2.webp","type":"image\/webp"}],"twitter_card":"summary_large_image","twitter_misc":{"Tempo estimado de leitura":"3 minutos"},"schema":{"@context":"https:\/\/schema.org","@graph":[{"@type":"WebPage","@id":"https:\/\/iha-race.com\/pt-pt\/produto\/cargador-betafpv-1s-conector-bt2-0-v-2\/","url":"https:\/\/iha-race.com\/pt-pt\/produto\/cargador-betafpv-1s-conector-bt2-0-v-2\/","name":"Carregador BetaFPV 1S conector BT2.0 V.2 - Iha Race","isPartOf":{"@id":"https:\/\/iha-race.com\/pt-pt\/#website"},"primaryImageOfPage":{"@id":"https:\/\/iha-race.com\/pt-pt\/produto\/cargador-betafpv-1s-conector-bt2-0-v-2\/#primaryimage"},"image":{"@id":"https:\/\/iha-race.com\/pt-pt\/produto\/cargador-betafpv-1s-conector-bt2-0-v-2\/#primaryimage"},"thumbnailUrl":"https:\/\/iha-race.com\/wp-content\/uploads\/2020\/04\/Cargador-de-bateria-BT20-y-probador-de-voltaje-V2.webp","datePublished":"2023-05-31T15:15:21+00:00","dateModified":"2026-01-21T16:12:37+00:00","breadcrumb":{"@id":"https:\/\/iha-race.com\/pt-pt\/produto\/cargador-betafpv-1s-conector-bt2-0-v-2\/#breadcrumb"},"inLanguage":"pt-PT","potentialAction":[{"@type":"ReadAction","target":["https:\/\/iha-race.com\/pt-pt\/produto\/cargador-betafpv-1s-conector-bt2-0-v-2\/"]}]},{"@type":"ImageObject","inLanguage":"pt-PT","@id":"https:\/\/iha-race.com\/pt-pt\/produto\/cargador-betafpv-1s-conector-bt2-0-v-2\/#primaryimage","url":"https:\/\/iha-race.com\/wp-content\/uploads\/2020\/04\/Cargador-de-bateria-BT20-y-probador-de-voltaje-V2.webp","contentUrl":"https:\/\/iha-race.com\/wp-content\/uploads\/2020\/04\/Cargador-de-bateria-BT20-y-probador-de-voltaje-V2.webp","width":720,"height":720},{"@type":"BreadcrumbList","@id":"https:\/\/iha-race.com\/pt-pt\/produto\/cargador-betafpv-1s-conector-bt2-0-v-2\/#breadcrumb","itemListElement":[{"@type":"ListItem","position":1,"name":"Portada","item":"https:\/\/iha-race.com\/pt-pt\/elementor-499\/"},{"@type":"ListItem","position":2,"name":"Shop","item":"https:\/\/iha-race.com\/pt-pt\/shop\/"},{"@type":"ListItem","position":3,"name":"Carregador BetaFPV 1S conector BT2.0 V.2"}]},{"@type":"WebSite","@id":"https:\/\/iha-race.com\/pt-pt\/#website","url":"https:\/\/iha-race.com\/pt-pt\/","name":"Iha Race","description":"Comprar drones de carreras FPV env\u00edos en un d\u00eda desde Espa\u00f1a","publisher":{"@id":"https:\/\/iha-race.com\/pt-pt\/#organization"},"potentialAction":[{"@type":"SearchAction","target":{"@type":"EntryPoint","urlTemplate":"https:\/\/iha-race.com\/pt-pt\/?s={search_term_string}"},"query-input":{"@type":"PropertyValueSpecification","valueRequired":true,"valueName":"search_term_string"}}],"inLanguage":"pt-PT"},{"@type":"Organization","@id":"https:\/\/iha-race.com\/pt-pt\/#organization","name":"Iha Race","url":"https:\/\/iha-race.com\/pt-pt\/","logo":{"@type":"ImageObject","inLanguage":"pt-PT","@id":"https:\/\/iha-race.com\/pt-pt\/#\/schema\/logo\/image\/","url":"https:\/\/iha-race.com\/wp-content\/uploads\/2018\/07\/iha-race-drones-de-carreras-tienda-comprar-drones.png","contentUrl":"https:\/\/iha-race.com\/wp-content\/uploads\/2018\/07\/iha-race-drones-de-carreras-tienda-comprar-drones.png","width":300,"height":100,"caption":"Iha Race"},"image":{"@id":"https:\/\/iha-race.com\/pt-pt\/#\/schema\/logo\/image\/"}}]}},"jetpack_sharing_enabled":true,"brands":[],"_links":{"self":[{"href":"https:\/\/iha-race.com\/pt-pt\/wp-json\/wp\/v2\/product\/112890","targetHints":{"allow":["GET"]}}],"collection":[{"href":"https:\/\/iha-race.com\/pt-pt\/wp-json\/wp\/v2\/product"}],"about":[{"href":"https:\/\/iha-race.com\/pt-pt\/wp-json\/wp\/v2\/types\/product"}],"replies":[{"embeddable":true,"href":"https:\/\/iha-race.com\/pt-pt\/wp-json\/wp\/v2\/comments?post=112890"}],"version-history":[{"count":3,"href":"https:\/\/iha-race.com\/pt-pt\/wp-json\/wp\/v2\/product\/112890\/revisions"}],"predecessor-version":[{"id":248630,"href":"https:\/\/iha-race.com\/pt-pt\/wp-json\/wp\/v2\/product\/112890\/revisions\/248630"}],"wp:featuredmedia":[{"embeddable":true,"href":"https:\/\/iha-race.com\/pt-pt\/wp-json\/wp\/v2\/media\/231413"}],"wp:attachment":[{"href":"https:\/\/iha-race.com\/pt-pt\/wp-json\/wp\/v2\/media?parent=112890"}],"wp:term":[{"taxonomy":"pwb-brand","embeddable":true,"href":"https:\/\/iha-race.com\/pt-pt\/wp-json\/wp\/v2\/pwb-brand?post=112890"},{"taxonomy":"product_cat","embeddable":true,"href":"https:\/\/iha-race.com\/pt-pt\/wp-json\/wp\/v2\/product_cat?post=112890"},{"taxonomy":"product_tag","embeddable":true,"href":"https:\/\/iha-race.com\/pt-pt\/wp-json\/wp\/v2\/product_tag?post=112890"}],"curies":[{"name":"wp","href":"https:\/\/api.w.org\/{rel}","templated":true}]}}