{"id":112875,"date":"2020-04-13T17:13:01","date_gmt":"2020-04-13T15:13:01","guid":{"rendered":"https:\/\/iha-race.com\/producto\/conector-carregador-betafpv-1s-ph2-0\/"},"modified":"2024-08-29T16:09:01","modified_gmt":"2024-08-29T14:09:01","slug":"carregador-betafpv-1s-connector-ph2-0","status":"publish","type":"product","link":"https:\/\/iha-race.com\/pt-pt\/produto\/carregador-betafpv-1s-connector-ph2-0\/","title":{"rendered":"Conector Carregador BetaFPV 1S PH2.0"},"content":{"rendered":"<h2>Conector Carregador BetaFPV 1S PH2.0<\/h2>\n<p><span id=\"w_250\">O<\/span> carregador <span id=\"w_250\">PH2.0<\/span> \u00e9 <span class=\"tlid-translation translation\" lang=\"en\"><span class=\"\" title=\"\">concebido para todas as baterias PH2.0 1S <\/span><\/span><span class=\"tlid-translation translation\" lang=\"en\"><span class=\"\" title=\"\">Baterias PH2.0 1S<\/span><\/span><span class=\"tlid-translation translation\" lang=\"en\"><span class=\"\" title=\"\"> . <\/span><\/span><span class=\"tlid-translation translation\" lang=\"en\"><span class=\"\" title=\"\">N\u00e3o \u00e9 apenas um carregador, mas tamb\u00e9m<\/span><\/span> mas tamb\u00e9m um testador de tens\u00e3o de c\u00e9lula! A corrente de carga \u00e9 de at\u00e9 1 A, o que melhorou a sua efici\u00eancia e encurtou o tempo de carga.  <span id=\"w_249\"> <\/span><\/p>\n<p>&nbsp;<\/p>\n<p><img decoding=\"async\" class=\"aligncenter\" src=\"https:\/\/cdn.shopify.com\/s\/files\/1\/1778\/6615\/files\/1_65274bd4-85dd-4936-a76f-d01c68ee1f72_600x600.jpg?v=1576657132\"><\/p>\n<p>&nbsp;<\/p>\n<h2>PONTOS BULLETOS<\/h2>\n<ul>\n<li>Emparelhado com o conector de bateria PH2.0<\/li>\n<li>Suporta a carga de duas baterias ao mesmo tempo, a sua corrente de carga foi aumentada de 0,5A para 1A, o que faz com que a velocidade de carga duplique.<\/li>\n<li>Desenho inteligente de entrada USB, \u00e9 muito conveniente de carregar. Compat\u00edvel com adaptador para telem\u00f3vel, computador, etc.<\/li>\n<li>Tem duas fun\u00e7\u00f5es de teste de tens\u00e3o e carga em uma s\u00f3, compacta e f\u00e1cil de transportar.<\/li>\n<\/ul>\n<h2>INSTRU\u00c7\u00c3O<\/h2>\n<p>  Estado da igni\u00e7\u00e3o  <\/p>\n<ul>\n<li>OUT1 \/ OUT2 pode ser carregado simultaneamente<\/li>\n<li>Entrada: USB-5V \/ 2A<\/li>\n<li>Sa\u00edda: 4.35V \/ 1A<\/li>\n<li>A luz vermelha indica carga e a luz verde indica carga completa.<\/li>\n<\/ul>\n<p>&nbsp;<\/p>\n<p><img decoding=\"async\" class=\"aligncenter\" src=\"https:\/\/cdn.shopify.com\/s\/files\/1\/1778\/6615\/files\/QQ_20191109171450_480x480.png?v=1573290911\"><\/p>\n<p>&nbsp;  Desligado  <\/p>\n<ul>\n<li>OUT1 pode ser usado como um testador de bateria, enquanto que OUT2 n\u00e3o tem fun\u00e7\u00e3o.<\/li>\n<\/ul>\n<p><img decoding=\"async\" class=\"aligncenter\" src=\"https:\/\/cdn.shopify.com\/s\/files\/1\/1778\/6615\/files\/QQ_20191109165727_480x480.png?v=1573289861\"><\/p>\n<p>&nbsp;<\/p>\n<h2>ESPECIFICA\u00c7\u00d5ES<\/h2>\n<ul>\n<li>Modelo: PH 2.0 1S Testador de Voltagem de Bateria<\/li>\n<li>Plugues: PH2.0<\/li>\n<li>Tens\u00e3o: funciona com baterias normais e de alta voltagem<\/li>\n<li>Corte de tens\u00e3o: DC 2.45-4.70V<\/li>\n<li>Gama de voltagem: DC 2.50-4.70V (1S)<\/li>\n<li>LCD: vermelho<\/li>\n<li>Peso: 15,14 g<\/li>\n<li>Dimens\u00f5es: 66,3 * 23,6 * 14,4 mm<\/li>\n<li>Temperatura de trabalho: -20 ~ 75 \u2103<\/li>\n<li>Tema de armazenamento: -25 ~ 85 \u2103<\/li>\n<\/ul>\n<p><img decoding=\"async\" class=\"aligncenter\" src=\"https:\/\/cdn.shopify.com\/s\/files\/1\/1778\/6615\/files\/f7d7c897f798fc44c391847188c3ac79_d253ae8e-4ca6-4fec-86e1-fba800802102_480x480.jpg?v=1576656988\"><\/p>\n","protected":false},"excerpt":{"rendered":"<p>Conector Carregador BetaFPV 1S PH2.0 O carregador PH2.0 \u00e9 concebido para todas as baterias PH2.0 1S Baterias PH2.0 1S . N\u00e3o \u00e9 apenas um carregador, mas tamb\u00e9m mas tamb\u00e9m um<\/p>\n","protected":false},"featured_media":96570,"comment_status":"open","ping_status":"closed","template":"","meta":{"_joinchat":[]},"pwb-brand":[],"product_cat":[24],"product_tag":[],"class_list":{"0":"post-112875","1":"product","2":"type-product","3":"status-publish","4":"has-post-thumbnail","6":"product_cat-cargadores","8":"first","9":"instock","10":"taxable","11":"shipping-taxable","12":"purchasable","13":"product-type-simple"},"barcode":null,"atum_controlled":true,"out_stock_date":null,"out_stock_threshold":null,"inheritable":false,"stock_on_hold":0,"sold_today":0,"sales_last_days":0,"out_stock_days":0,"lost_sales":0,"update_date":"2026-04-18T09:22:03","atum_locations":[],"atum_stock_status":"instock","restock_status":false,"low_stock_amount":"","sales_update_date":"2026-04-18T09:22:03","calc_backorders":null,"yoast_head":"<!-- This site is optimized with the Yoast SEO plugin v27.3 - https:\/\/yoast.com\/product\/yoast-seo-wordpress\/ -->\n<title>Conector Carregador BetaFPV 1S PH2.0 - Iha Race<\/title>\n<meta name=\"robots\" content=\"index, follow, max-snippet:-1, max-image-preview:large, max-video-preview:-1\" \/>\n<link rel=\"canonical\" href=\"https:\/\/iha-race.com\/pt-pt\/produto\/carregador-betafpv-1s-connector-ph2-0\/\" \/>\n<meta property=\"og:locale\" content=\"pt_PT\" \/>\n<meta property=\"og:type\" content=\"article\" \/>\n<meta property=\"og:title\" content=\"Conector Carregador BetaFPV 1S PH2.0 - Iha Race\" \/>\n<meta property=\"og:description\" content=\"Conector Carregador BetaFPV 1S PH2.0 O carregador PH2.0 \u00e9 concebido para todas as baterias PH2.0 1S Baterias PH2.0 1S . N\u00e3o \u00e9 apenas um carregador, mas tamb\u00e9m mas tamb\u00e9m um\" \/>\n<meta property=\"og:url\" content=\"https:\/\/iha-race.com\/pt-pt\/produto\/carregador-betafpv-1s-connector-ph2-0\/\" \/>\n<meta property=\"og:site_name\" content=\"Iha Race\" \/>\n<meta property=\"article:modified_time\" content=\"2024-08-29T14:09:01+00:00\" \/>\n<meta property=\"og:image\" content=\"https:\/\/iha-race.com\/wp-content\/uploads\/2020\/04\/Cargador-BetaFPV-1S-conector-PH2.0-comprar-barato.jpg\" \/>\n\t<meta property=\"og:image:width\" content=\"800\" \/>\n\t<meta property=\"og:image:height\" content=\"800\" \/>\n\t<meta property=\"og:image:type\" content=\"image\/jpeg\" \/>\n<meta name=\"twitter:card\" content=\"summary_large_image\" \/>\n<meta name=\"twitter:label1\" content=\"Tempo estimado de leitura\" \/>\n\t<meta name=\"twitter:data1\" content=\"1 minuto\" \/>\n<script type=\"application\/ld+json\" class=\"yoast-schema-graph\">{\"@context\":\"https:\\\/\\\/schema.org\",\"@graph\":[{\"@type\":\"WebPage\",\"@id\":\"https:\\\/\\\/iha-race.com\\\/pt-pt\\\/produto\\\/carregador-betafpv-1s-connector-ph2-0\\\/\",\"url\":\"https:\\\/\\\/iha-race.com\\\/pt-pt\\\/produto\\\/carregador-betafpv-1s-connector-ph2-0\\\/\",\"name\":\"Conector Carregador BetaFPV 1S PH2.0 - Iha Race\",\"isPartOf\":{\"@id\":\"https:\\\/\\\/iha-race.com\\\/pt-pt\\\/#website\"},\"primaryImageOfPage\":{\"@id\":\"https:\\\/\\\/iha-race.com\\\/pt-pt\\\/produto\\\/carregador-betafpv-1s-connector-ph2-0\\\/#primaryimage\"},\"image\":{\"@id\":\"https:\\\/\\\/iha-race.com\\\/pt-pt\\\/produto\\\/carregador-betafpv-1s-connector-ph2-0\\\/#primaryimage\"},\"thumbnailUrl\":\"https:\\\/\\\/iha-race.com\\\/wp-content\\\/uploads\\\/2020\\\/04\\\/Cargador-BetaFPV-1S-conector-PH2.0-comprar-barato.jpg\",\"datePublished\":\"2020-04-13T15:13:01+00:00\",\"dateModified\":\"2024-08-29T14:09:01+00:00\",\"breadcrumb\":{\"@id\":\"https:\\\/\\\/iha-race.com\\\/pt-pt\\\/produto\\\/carregador-betafpv-1s-connector-ph2-0\\\/#breadcrumb\"},\"inLanguage\":\"pt-PT\",\"potentialAction\":[{\"@type\":\"ReadAction\",\"target\":[\"https:\\\/\\\/iha-race.com\\\/pt-pt\\\/produto\\\/carregador-betafpv-1s-connector-ph2-0\\\/\"]}]},{\"@type\":\"ImageObject\",\"inLanguage\":\"pt-PT\",\"@id\":\"https:\\\/\\\/iha-race.com\\\/pt-pt\\\/produto\\\/carregador-betafpv-1s-connector-ph2-0\\\/#primaryimage\",\"url\":\"https:\\\/\\\/iha-race.com\\\/wp-content\\\/uploads\\\/2020\\\/04\\\/Cargador-BetaFPV-1S-conector-PH2.0-comprar-barato.jpg\",\"contentUrl\":\"https:\\\/\\\/iha-race.com\\\/wp-content\\\/uploads\\\/2020\\\/04\\\/Cargador-BetaFPV-1S-conector-PH2.0-comprar-barato.jpg\",\"width\":800,\"height\":800,\"caption\":\"Conector Carregador BetaFPV 1S PH2.0 comprar barato\"},{\"@type\":\"BreadcrumbList\",\"@id\":\"https:\\\/\\\/iha-race.com\\\/pt-pt\\\/produto\\\/carregador-betafpv-1s-connector-ph2-0\\\/#breadcrumb\",\"itemListElement\":[{\"@type\":\"ListItem\",\"position\":1,\"name\":\"Portada\",\"item\":\"https:\\\/\\\/iha-race.com\\\/pt-pt\\\/elementor-499\\\/\"},{\"@type\":\"ListItem\",\"position\":2,\"name\":\"Shop\",\"item\":\"https:\\\/\\\/iha-race.com\\\/pt-pt\\\/shop\\\/\"},{\"@type\":\"ListItem\",\"position\":3,\"name\":\"Conector Carregador BetaFPV 1S PH2.0\"}]},{\"@type\":\"WebSite\",\"@id\":\"https:\\\/\\\/iha-race.com\\\/pt-pt\\\/#website\",\"url\":\"https:\\\/\\\/iha-race.com\\\/pt-pt\\\/\",\"name\":\"Iha Race\",\"description\":\"Comprar drones de carreras FPV env\u00edos en un d\u00eda desde Espa\u00f1a\",\"publisher\":{\"@id\":\"https:\\\/\\\/iha-race.com\\\/pt-pt\\\/#organization\"},\"potentialAction\":[{\"@type\":\"SearchAction\",\"target\":{\"@type\":\"EntryPoint\",\"urlTemplate\":\"https:\\\/\\\/iha-race.com\\\/pt-pt\\\/?s={search_term_string}\"},\"query-input\":{\"@type\":\"PropertyValueSpecification\",\"valueRequired\":true,\"valueName\":\"search_term_string\"}}],\"inLanguage\":\"pt-PT\"},{\"@type\":\"Organization\",\"@id\":\"https:\\\/\\\/iha-race.com\\\/pt-pt\\\/#organization\",\"name\":\"Iha Race\",\"url\":\"https:\\\/\\\/iha-race.com\\\/pt-pt\\\/\",\"logo\":{\"@type\":\"ImageObject\",\"inLanguage\":\"pt-PT\",\"@id\":\"https:\\\/\\\/iha-race.com\\\/pt-pt\\\/#\\\/schema\\\/logo\\\/image\\\/\",\"url\":\"https:\\\/\\\/iha-race.com\\\/wp-content\\\/uploads\\\/2018\\\/07\\\/iha-race-drones-de-carreras-tienda-comprar-drones.png\",\"contentUrl\":\"https:\\\/\\\/iha-race.com\\\/wp-content\\\/uploads\\\/2018\\\/07\\\/iha-race-drones-de-carreras-tienda-comprar-drones.png\",\"width\":300,\"height\":100,\"caption\":\"Iha Race\"},\"image\":{\"@id\":\"https:\\\/\\\/iha-race.com\\\/pt-pt\\\/#\\\/schema\\\/logo\\\/image\\\/\"}}]}<\/script>\n<!-- \/ Yoast SEO plugin. -->","yoast_head_json":{"title":"Conector Carregador BetaFPV 1S PH2.0 - Iha Race","robots":{"index":"index","follow":"follow","max-snippet":"max-snippet:-1","max-image-preview":"max-image-preview:large","max-video-preview":"max-video-preview:-1"},"canonical":"https:\/\/iha-race.com\/pt-pt\/produto\/carregador-betafpv-1s-connector-ph2-0\/","og_locale":"pt_PT","og_type":"article","og_title":"Conector Carregador BetaFPV 1S PH2.0 - Iha Race","og_description":"Conector Carregador BetaFPV 1S PH2.0 O carregador PH2.0 \u00e9 concebido para todas as baterias PH2.0 1S Baterias PH2.0 1S . N\u00e3o \u00e9 apenas um carregador, mas tamb\u00e9m mas tamb\u00e9m um","og_url":"https:\/\/iha-race.com\/pt-pt\/produto\/carregador-betafpv-1s-connector-ph2-0\/","og_site_name":"Iha Race","article_modified_time":"2024-08-29T14:09:01+00:00","og_image":[{"width":800,"height":800,"url":"https:\/\/iha-race.com\/wp-content\/uploads\/2020\/04\/Cargador-BetaFPV-1S-conector-PH2.0-comprar-barato.jpg","type":"image\/jpeg"}],"twitter_card":"summary_large_image","twitter_misc":{"Tempo estimado de leitura":"1 minuto"},"schema":{"@context":"https:\/\/schema.org","@graph":[{"@type":"WebPage","@id":"https:\/\/iha-race.com\/pt-pt\/produto\/carregador-betafpv-1s-connector-ph2-0\/","url":"https:\/\/iha-race.com\/pt-pt\/produto\/carregador-betafpv-1s-connector-ph2-0\/","name":"Conector Carregador BetaFPV 1S PH2.0 - Iha Race","isPartOf":{"@id":"https:\/\/iha-race.com\/pt-pt\/#website"},"primaryImageOfPage":{"@id":"https:\/\/iha-race.com\/pt-pt\/produto\/carregador-betafpv-1s-connector-ph2-0\/#primaryimage"},"image":{"@id":"https:\/\/iha-race.com\/pt-pt\/produto\/carregador-betafpv-1s-connector-ph2-0\/#primaryimage"},"thumbnailUrl":"https:\/\/iha-race.com\/wp-content\/uploads\/2020\/04\/Cargador-BetaFPV-1S-conector-PH2.0-comprar-barato.jpg","datePublished":"2020-04-13T15:13:01+00:00","dateModified":"2024-08-29T14:09:01+00:00","breadcrumb":{"@id":"https:\/\/iha-race.com\/pt-pt\/produto\/carregador-betafpv-1s-connector-ph2-0\/#breadcrumb"},"inLanguage":"pt-PT","potentialAction":[{"@type":"ReadAction","target":["https:\/\/iha-race.com\/pt-pt\/produto\/carregador-betafpv-1s-connector-ph2-0\/"]}]},{"@type":"ImageObject","inLanguage":"pt-PT","@id":"https:\/\/iha-race.com\/pt-pt\/produto\/carregador-betafpv-1s-connector-ph2-0\/#primaryimage","url":"https:\/\/iha-race.com\/wp-content\/uploads\/2020\/04\/Cargador-BetaFPV-1S-conector-PH2.0-comprar-barato.jpg","contentUrl":"https:\/\/iha-race.com\/wp-content\/uploads\/2020\/04\/Cargador-BetaFPV-1S-conector-PH2.0-comprar-barato.jpg","width":800,"height":800,"caption":"Conector Carregador BetaFPV 1S PH2.0 comprar barato"},{"@type":"BreadcrumbList","@id":"https:\/\/iha-race.com\/pt-pt\/produto\/carregador-betafpv-1s-connector-ph2-0\/#breadcrumb","itemListElement":[{"@type":"ListItem","position":1,"name":"Portada","item":"https:\/\/iha-race.com\/pt-pt\/elementor-499\/"},{"@type":"ListItem","position":2,"name":"Shop","item":"https:\/\/iha-race.com\/pt-pt\/shop\/"},{"@type":"ListItem","position":3,"name":"Conector Carregador BetaFPV 1S PH2.0"}]},{"@type":"WebSite","@id":"https:\/\/iha-race.com\/pt-pt\/#website","url":"https:\/\/iha-race.com\/pt-pt\/","name":"Iha Race","description":"Comprar drones de carreras FPV env\u00edos en un d\u00eda desde Espa\u00f1a","publisher":{"@id":"https:\/\/iha-race.com\/pt-pt\/#organization"},"potentialAction":[{"@type":"SearchAction","target":{"@type":"EntryPoint","urlTemplate":"https:\/\/iha-race.com\/pt-pt\/?s={search_term_string}"},"query-input":{"@type":"PropertyValueSpecification","valueRequired":true,"valueName":"search_term_string"}}],"inLanguage":"pt-PT"},{"@type":"Organization","@id":"https:\/\/iha-race.com\/pt-pt\/#organization","name":"Iha Race","url":"https:\/\/iha-race.com\/pt-pt\/","logo":{"@type":"ImageObject","inLanguage":"pt-PT","@id":"https:\/\/iha-race.com\/pt-pt\/#\/schema\/logo\/image\/","url":"https:\/\/iha-race.com\/wp-content\/uploads\/2018\/07\/iha-race-drones-de-carreras-tienda-comprar-drones.png","contentUrl":"https:\/\/iha-race.com\/wp-content\/uploads\/2018\/07\/iha-race-drones-de-carreras-tienda-comprar-drones.png","width":300,"height":100,"caption":"Iha Race"},"image":{"@id":"https:\/\/iha-race.com\/pt-pt\/#\/schema\/logo\/image\/"}}]}},"jetpack_sharing_enabled":true,"brands":[],"_links":{"self":[{"href":"https:\/\/iha-race.com\/pt-pt\/wp-json\/wp\/v2\/product\/112875","targetHints":{"allow":["GET"]}}],"collection":[{"href":"https:\/\/iha-race.com\/pt-pt\/wp-json\/wp\/v2\/product"}],"about":[{"href":"https:\/\/iha-race.com\/pt-pt\/wp-json\/wp\/v2\/types\/product"}],"replies":[{"embeddable":true,"href":"https:\/\/iha-race.com\/pt-pt\/wp-json\/wp\/v2\/comments?post=112875"}],"version-history":[{"count":2,"href":"https:\/\/iha-race.com\/pt-pt\/wp-json\/wp\/v2\/product\/112875\/revisions"}],"predecessor-version":[{"id":249981,"href":"https:\/\/iha-race.com\/pt-pt\/wp-json\/wp\/v2\/product\/112875\/revisions\/249981"}],"wp:featuredmedia":[{"embeddable":true,"href":"https:\/\/iha-race.com\/pt-pt\/wp-json\/wp\/v2\/media\/96570"}],"wp:attachment":[{"href":"https:\/\/iha-race.com\/pt-pt\/wp-json\/wp\/v2\/media?parent=112875"}],"wp:term":[{"taxonomy":"pwb-brand","embeddable":true,"href":"https:\/\/iha-race.com\/pt-pt\/wp-json\/wp\/v2\/pwb-brand?post=112875"},{"taxonomy":"product_cat","embeddable":true,"href":"https:\/\/iha-race.com\/pt-pt\/wp-json\/wp\/v2\/product_cat?post=112875"},{"taxonomy":"product_tag","embeddable":true,"href":"https:\/\/iha-race.com\/pt-pt\/wp-json\/wp\/v2\/product_tag?post=112875"}],"curies":[{"name":"wp","href":"https:\/\/api.w.org\/{rel}","templated":true}]}}