{"id":112869,"date":"2021-03-02T11:10:28","date_gmt":"2021-03-02T10:10:28","guid":{"rendered":"https:\/\/iha-race.com\/producto\/motor-t-motor-velox-v2207-v2-0-1750-kv-2550-kv\/"},"modified":"2024-11-13T11:42:24","modified_gmt":"2024-11-13T10:42:24","slug":"motor-t-motor-velox-v2207-v2-0-1750-kv-1950kv-2550-kv","status":"publish","type":"product","link":"https:\/\/iha-race.com\/pt-pt\/produto\/motor-t-motor-velox-v2207-v2-0-1750-kv-1950kv-2550-kv\/","title":{"rendered":"Motor T-Motor Velox V2207 V2.0 (1750 Kv\/1950Kv\/2550 Kv)"},"content":{"rendered":"<h2>Motor T-Motor Velox V2207 V2.0 (1750 Kv\/1950Kv\/2550 Kv)<\/h2>\n<p>  Apresentamos-te os novos motores VELOX V2 da T-Motor. Os motores V2207 V2 v\u00eam com um novo design elegante e s\u00e3o fabricados com componentes premium para dar ao seu multirotor visibilidade e velocidade no jogo! Ideal para freestyle e corridas!  <\/p>\n<h2>Especifica\u00e7\u00f5es:<\/h2>\n<h4><strong>KV:<\/strong> 1750<strong>(verde esmeralda<\/strong>)<\/h4>\n<ul>\n<li><strong>Dimens\u00f5es do motor:<\/strong> \u03a627.5 * 31.35mm<\/li>\n<li><strong>Chumbo: <\/strong> 20 # AWG 150 mm<\/li>\n<li><strong>Di\u00e2metro do eixo:<\/strong> 4 mm<\/li>\n<li><strong>Corrente inactiva (10 V):<\/strong> 1.1A<\/li>\n<li><strong>Pot\u00eancia m\u00e1xima (anos 60):<\/strong> 804W<\/li>\n<li><strong>Peso (sem cabo):<\/strong> 35,1 g<\/li>\n<li><strong>Resist\u00eancia interna<\/strong>: 59 m\u03a9<\/li>\n<li><strong>Configura\u00e7\u00e3o: <\/strong> 12N14P<\/li>\n<li><strong>Voltagem nominal (Lipo):<\/strong> 5-6S<\/li>\n<li><strong>Corrente m\u00e1xima (60 s):<\/strong> 36,6 A<\/li>\n<\/ul>\n<p><strong>KV:<\/strong>   <strong>1950 (<\/strong><strong>verde esmeralda)<\/strong><\/p>\n<ul>\n<li><strong>Dimens\u00f5es do motor:<\/strong> \u03a627.5*31.35mm<\/li>\n<li><strong>Chumbo: <\/strong> 20#AWG 150mm<\/li>\n<li><strong>Di\u00e2metro do eixo:<\/strong> 4 mm<\/li>\n<li><strong>Corrente inactiva:<\/strong> 1.3A<\/li>\n<li><strong>Max.Power (anos 60):<\/strong> 1003W<\/li>\n<li><strong>Peso (sem cabo):<\/strong> 35,2 g<\/li>\n<li><strong>Resist\u00eancia interna<\/strong>: 50m\u03a9<\/li>\n<li><strong>Configura\u00e7\u00e3o: <\/strong> 12N14P<\/li>\n<li><strong>Voltagem nominal (Lipo):<\/strong> 5-6S<\/li>\n<li><strong>Corrente m\u00e1xima (60s):<\/strong> 45.8A<\/li>\n<\/ul>\n<h4><strong>KV:<\/strong> 2550<strong>(azul gelo<\/strong>)<\/h4>\n<ul>\n<li><strong>Dimens\u00f5es do motor: <\/strong> \u03a6 27,5 * 31,35 mm<\/li>\n<li><strong>Chumbo: <\/strong> 20 # AWG 150 mm<\/li>\n<li><strong>Di\u00e2metro do eixo:<\/strong> 4 mm<\/li>\n<li><strong>Corrente inactiva:<\/strong> 1.9A<\/li>\n<li><strong>Pot\u00eancia m\u00e1xima (anos 60):<\/strong> 545W<\/li>\n<li><strong>Peso (excluindo cabo):<\/strong> 34,3 g<\/li>\n<li><strong>Resist\u00eancia interna<\/strong>: 43 m \u03a9<\/li>\n<li><strong>Configura\u00e7\u00e3o: <\/strong> 12N14P<\/li>\n<li><strong>Voltagem nominal (Lipo):<\/strong> 4S<\/li>\n<li><strong>Corrente m\u00e1xima (60 s):<\/strong> 38,6 A<\/li>\n<\/ul>\n<p>&nbsp;<\/p>\n<p><img fetchpriority=\"high\" decoding=\"async\" class=\"alignnone wp-image-61343 size-full\" src=\"https:\/\/iha-race.com\/wp-content\/uploads\/2020\/04\/new-velox.jpg\" alt=\"\" width=\"940\" height=\"974\" srcset=\"https:\/\/iha-race.com\/wp-content\/uploads\/2020\/04\/new-velox.jpg 940w, https:\/\/iha-race.com\/wp-content\/uploads\/2020\/04\/new-velox-599x621.jpg 599w, https:\/\/iha-race.com\/wp-content\/uploads\/2020\/04\/new-velox-290x300.jpg 290w, https:\/\/iha-race.com\/wp-content\/uploads\/2020\/04\/new-velox-988x1024.jpg 988w, https:\/\/iha-race.com\/wp-content\/uploads\/2020\/04\/new-velox-767x795.jpg 767w, https:\/\/iha-race.com\/wp-content\/uploads\/2020\/04\/new-velox-1482x1536.jpg 1482w, https:\/\/iha-race.com\/wp-content\/uploads\/2020\/04\/new-velox-1977x2048.jpg 1977w, https:\/\/iha-race.com\/wp-content\/uploads\/2020\/04\/new-velox-788x816.jpg 788w\" sizes=\"(max-width: 940px) 100vw, 940px\" \/> <img decoding=\"async\" class=\"alignnone wp-image-61344 size-full\" src=\"https:\/\/iha-race.com\/wp-content\/uploads\/2020\/04\/to-the-victory.jpg\" alt=\"\" width=\"940\" height=\"1220\" srcset=\"https:\/\/iha-race.com\/wp-content\/uploads\/2020\/04\/to-the-victory.jpg 940w, https:\/\/iha-race.com\/wp-content\/uploads\/2020\/04\/to-the-victory-599x778.jpg 599w, https:\/\/iha-race.com\/wp-content\/uploads\/2020\/04\/to-the-victory-231x300.jpg 231w, https:\/\/iha-race.com\/wp-content\/uploads\/2020\/04\/to-the-victory-789x1024.jpg 789w, https:\/\/iha-race.com\/wp-content\/uploads\/2020\/04\/to-the-victory-767x996.jpg 767w, https:\/\/iha-race.com\/wp-content\/uploads\/2020\/04\/to-the-victory-1183x1536.jpg 1183w, https:\/\/iha-race.com\/wp-content\/uploads\/2020\/04\/to-the-victory-1578x2048.jpg 1578w, https:\/\/iha-race.com\/wp-content\/uploads\/2020\/04\/to-the-victory-788x1022.jpg 788w\" sizes=\"(max-width: 940px) 100vw, 940px\" \/> <img decoding=\"async\" class=\"alignnone wp-image-61345 size-full\" src=\"https:\/\/iha-race.com\/wp-content\/uploads\/2020\/04\/optimized-arc-magnet.jpg\" alt=\"\" width=\"940\" height=\"793\" srcset=\"https:\/\/iha-race.com\/wp-content\/uploads\/2020\/04\/optimized-arc-magnet.jpg 940w, https:\/\/iha-race.com\/wp-content\/uploads\/2020\/04\/optimized-arc-magnet-600x506.jpg 600w, https:\/\/iha-race.com\/wp-content\/uploads\/2020\/04\/optimized-arc-magnet-300x253.jpg 300w, https:\/\/iha-race.com\/wp-content\/uploads\/2020\/04\/optimized-arc-magnet-1024x864.jpg 1024w, https:\/\/iha-race.com\/wp-content\/uploads\/2020\/04\/optimized-arc-magnet-767x647.jpg 767w, https:\/\/iha-race.com\/wp-content\/uploads\/2020\/04\/optimized-arc-magnet-1536x1296.jpg 1536w, https:\/\/iha-race.com\/wp-content\/uploads\/2020\/04\/optimized-arc-magnet-2048x1728.jpg 2048w, https:\/\/iha-race.com\/wp-content\/uploads\/2020\/04\/optimized-arc-magnet-788x664.jpg 788w\" sizes=\"(max-width: 940px) 100vw, 940px\" \/> <img loading=\"lazy\" decoding=\"async\" class=\"alignnone wp-image-61346 size-full\" src=\"https:\/\/iha-race.com\/wp-content\/uploads\/2020\/04\/3-nuevos-colores.jpg\" alt=\"\" width=\"940\" height=\"805\" srcset=\"https:\/\/iha-race.com\/wp-content\/uploads\/2020\/04\/3-nuevos-colores.jpg 940w, https:\/\/iha-race.com\/wp-content\/uploads\/2020\/04\/3-nuevos-colores-599x513.jpg 599w, https:\/\/iha-race.com\/wp-content\/uploads\/2020\/04\/3-nuevos-colores-300x257.jpg 300w, https:\/\/iha-race.com\/wp-content\/uploads\/2020\/04\/3-nuevos-colores-1024x877.jpg 1024w, https:\/\/iha-race.com\/wp-content\/uploads\/2020\/04\/3-nuevos-colores-767x657.jpg 767w, https:\/\/iha-race.com\/wp-content\/uploads\/2020\/04\/3-nuevos-colores-1536x1315.jpg 1536w, https:\/\/iha-race.com\/wp-content\/uploads\/2020\/04\/3-nuevos-colores-2048x1754.jpg 2048w, https:\/\/iha-race.com\/wp-content\/uploads\/2020\/04\/3-nuevos-colores-788x674.jpg 788w\" sizes=\"(max-width: 940px) 100vw, 940px\" \/><\/p>\n<h2>O pacote inclui:<\/h2>\n<ul>\n<li>1 x VELOX V2 V2207 T-Motor (1750 Kv ou 2550 Kv)<\/li>\n<\/ul>\n","protected":false},"excerpt":{"rendered":"<p>T-Motor&#8217;s V2207 V2 \u00e9 um grande motor para o estilo livre e de corrida!<\/p>\n","protected":false},"featured_media":97369,"comment_status":"open","ping_status":"closed","template":"","meta":{"_joinchat":[]},"pwb-brand":[],"product_cat":[1289,2477],"product_tag":[],"class_list":{"0":"post-112869","1":"product","2":"type-product","3":"status-publish","4":"has-post-thumbnail","6":"product_cat-motores-fpv","7":"product_cat-sem-escovas-com-eixo","9":"first","10":"instock","11":"taxable","12":"shipping-taxable","13":"purchasable","14":"product-type-variable"},"barcode":null,"atum_controlled":true,"out_stock_date":"2021-02-16 18:33:17","out_stock_threshold":null,"inheritable":true,"stock_on_hold":0,"sold_today":8,"sales_last_days":9,"out_stock_days":1828,"lost_sales":0,"update_date":"2026-04-18T23:35:00","atum_locations":[],"atum_stock_status":"instock","restock_status":false,"low_stock_amount":"","sales_update_date":"2026-04-18T23:35:00","calc_backorders":null,"yoast_head":"<!-- This site is optimized with the Yoast SEO plugin v27.3 - https:\/\/yoast.com\/product\/yoast-seo-wordpress\/ -->\n<title>Motor T-Motor Velox V2207 V2.0 (1750 Kv\/1950Kv\/2550 Kv) - Iha Race<\/title>\n<meta name=\"robots\" content=\"index, follow, max-snippet:-1, max-image-preview:large, max-video-preview:-1\" \/>\n<link rel=\"canonical\" href=\"https:\/\/iha-race.com\/pt-pt\/produto\/motor-t-motor-velox-v2207-v2-0-1750-kv-1950kv-2550-kv\/\" \/>\n<meta property=\"og:locale\" content=\"pt_PT\" \/>\n<meta property=\"og:type\" content=\"article\" \/>\n<meta property=\"og:title\" content=\"Motor T-Motor Velox V2207 V2.0 (1750 Kv\/1950Kv\/2550 Kv) - Iha Race\" \/>\n<meta property=\"og:description\" content=\"T-Motor&#039;s V2207 V2 \u00e9 um grande motor para o estilo livre e de corrida!\" \/>\n<meta property=\"og:url\" content=\"https:\/\/iha-race.com\/pt-pt\/produto\/motor-t-motor-velox-v2207-v2-0-1750-kv-1950kv-2550-kv\/\" \/>\n<meta property=\"og:site_name\" content=\"Iha Race\" \/>\n<meta property=\"article:modified_time\" content=\"2024-11-13T10:42:24+00:00\" \/>\n<meta property=\"og:image\" content=\"https:\/\/iha-race.com\/wp-content\/uploads\/2020\/04\/Motor-T-Motor-Velox-V2207-V2.0-1750-Kv-2550-Kv.jpg\" \/>\n\t<meta property=\"og:image:width\" content=\"1000\" \/>\n\t<meta property=\"og:image:height\" content=\"1000\" \/>\n\t<meta property=\"og:image:type\" content=\"image\/jpeg\" \/>\n<meta name=\"twitter:card\" content=\"summary_large_image\" \/>\n<meta name=\"twitter:label1\" content=\"Tempo estimado de leitura\" \/>\n\t<meta name=\"twitter:data1\" content=\"1 minuto\" \/>\n<script type=\"application\/ld+json\" class=\"yoast-schema-graph\">{\"@context\":\"https:\\\/\\\/schema.org\",\"@graph\":[{\"@type\":\"WebPage\",\"@id\":\"https:\\\/\\\/iha-race.com\\\/pt-pt\\\/produto\\\/motor-t-motor-velox-v2207-v2-0-1750-kv-1950kv-2550-kv\\\/\",\"url\":\"https:\\\/\\\/iha-race.com\\\/pt-pt\\\/produto\\\/motor-t-motor-velox-v2207-v2-0-1750-kv-1950kv-2550-kv\\\/\",\"name\":\"Motor T-Motor Velox V2207 V2.0 (1750 Kv\\\/1950Kv\\\/2550 Kv) - Iha Race\",\"isPartOf\":{\"@id\":\"https:\\\/\\\/iha-race.com\\\/pt-pt\\\/#website\"},\"primaryImageOfPage\":{\"@id\":\"https:\\\/\\\/iha-race.com\\\/pt-pt\\\/produto\\\/motor-t-motor-velox-v2207-v2-0-1750-kv-1950kv-2550-kv\\\/#primaryimage\"},\"image\":{\"@id\":\"https:\\\/\\\/iha-race.com\\\/pt-pt\\\/produto\\\/motor-t-motor-velox-v2207-v2-0-1750-kv-1950kv-2550-kv\\\/#primaryimage\"},\"thumbnailUrl\":\"https:\\\/\\\/iha-race.com\\\/wp-content\\\/uploads\\\/2020\\\/04\\\/Motor-T-Motor-Velox-V2207-V2.0-1750-Kv-2550-Kv.jpg\",\"datePublished\":\"2021-03-02T10:10:28+00:00\",\"dateModified\":\"2024-11-13T10:42:24+00:00\",\"breadcrumb\":{\"@id\":\"https:\\\/\\\/iha-race.com\\\/pt-pt\\\/produto\\\/motor-t-motor-velox-v2207-v2-0-1750-kv-1950kv-2550-kv\\\/#breadcrumb\"},\"inLanguage\":\"pt-PT\",\"potentialAction\":[{\"@type\":\"ReadAction\",\"target\":[\"https:\\\/\\\/iha-race.com\\\/pt-pt\\\/produto\\\/motor-t-motor-velox-v2207-v2-0-1750-kv-1950kv-2550-kv\\\/\"]}]},{\"@type\":\"ImageObject\",\"inLanguage\":\"pt-PT\",\"@id\":\"https:\\\/\\\/iha-race.com\\\/pt-pt\\\/produto\\\/motor-t-motor-velox-v2207-v2-0-1750-kv-1950kv-2550-kv\\\/#primaryimage\",\"url\":\"https:\\\/\\\/iha-race.com\\\/wp-content\\\/uploads\\\/2020\\\/04\\\/Motor-T-Motor-Velox-V2207-V2.0-1750-Kv-2550-Kv.jpg\",\"contentUrl\":\"https:\\\/\\\/iha-race.com\\\/wp-content\\\/uploads\\\/2020\\\/04\\\/Motor-T-Motor-Velox-V2207-V2.0-1750-Kv-2550-Kv.jpg\",\"width\":1000,\"height\":1000,\"caption\":\"comprar o mais barato Novo Motor T-Motor Velox V2207 V2.0 (1750 Kv-2550 Kv)\"},{\"@type\":\"BreadcrumbList\",\"@id\":\"https:\\\/\\\/iha-race.com\\\/pt-pt\\\/produto\\\/motor-t-motor-velox-v2207-v2-0-1750-kv-1950kv-2550-kv\\\/#breadcrumb\",\"itemListElement\":[{\"@type\":\"ListItem\",\"position\":1,\"name\":\"Portada\",\"item\":\"https:\\\/\\\/iha-race.com\\\/pt-pt\\\/elementor-499\\\/\"},{\"@type\":\"ListItem\",\"position\":2,\"name\":\"Shop\",\"item\":\"https:\\\/\\\/iha-race.com\\\/pt-pt\\\/shop\\\/\"},{\"@type\":\"ListItem\",\"position\":3,\"name\":\"Motor T-Motor Velox V2207 V2.0 (1750 Kv\\\/1950Kv\\\/2550 Kv)\"}]},{\"@type\":\"WebSite\",\"@id\":\"https:\\\/\\\/iha-race.com\\\/pt-pt\\\/#website\",\"url\":\"https:\\\/\\\/iha-race.com\\\/pt-pt\\\/\",\"name\":\"Iha Race\",\"description\":\"Comprar drones de carreras FPV env\u00edos en un d\u00eda desde Espa\u00f1a\",\"publisher\":{\"@id\":\"https:\\\/\\\/iha-race.com\\\/pt-pt\\\/#organization\"},\"potentialAction\":[{\"@type\":\"SearchAction\",\"target\":{\"@type\":\"EntryPoint\",\"urlTemplate\":\"https:\\\/\\\/iha-race.com\\\/pt-pt\\\/?s={search_term_string}\"},\"query-input\":{\"@type\":\"PropertyValueSpecification\",\"valueRequired\":true,\"valueName\":\"search_term_string\"}}],\"inLanguage\":\"pt-PT\"},{\"@type\":\"Organization\",\"@id\":\"https:\\\/\\\/iha-race.com\\\/pt-pt\\\/#organization\",\"name\":\"Iha Race\",\"url\":\"https:\\\/\\\/iha-race.com\\\/pt-pt\\\/\",\"logo\":{\"@type\":\"ImageObject\",\"inLanguage\":\"pt-PT\",\"@id\":\"https:\\\/\\\/iha-race.com\\\/pt-pt\\\/#\\\/schema\\\/logo\\\/image\\\/\",\"url\":\"https:\\\/\\\/iha-race.com\\\/wp-content\\\/uploads\\\/2018\\\/07\\\/iha-race-drones-de-carreras-tienda-comprar-drones.png\",\"contentUrl\":\"https:\\\/\\\/iha-race.com\\\/wp-content\\\/uploads\\\/2018\\\/07\\\/iha-race-drones-de-carreras-tienda-comprar-drones.png\",\"width\":300,\"height\":100,\"caption\":\"Iha Race\"},\"image\":{\"@id\":\"https:\\\/\\\/iha-race.com\\\/pt-pt\\\/#\\\/schema\\\/logo\\\/image\\\/\"}}]}<\/script>\n<!-- \/ Yoast SEO plugin. -->","yoast_head_json":{"title":"Motor T-Motor Velox V2207 V2.0 (1750 Kv\/1950Kv\/2550 Kv) - Iha Race","robots":{"index":"index","follow":"follow","max-snippet":"max-snippet:-1","max-image-preview":"max-image-preview:large","max-video-preview":"max-video-preview:-1"},"canonical":"https:\/\/iha-race.com\/pt-pt\/produto\/motor-t-motor-velox-v2207-v2-0-1750-kv-1950kv-2550-kv\/","og_locale":"pt_PT","og_type":"article","og_title":"Motor T-Motor Velox V2207 V2.0 (1750 Kv\/1950Kv\/2550 Kv) - Iha Race","og_description":"T-Motor's V2207 V2 \u00e9 um grande motor para o estilo livre e de corrida!","og_url":"https:\/\/iha-race.com\/pt-pt\/produto\/motor-t-motor-velox-v2207-v2-0-1750-kv-1950kv-2550-kv\/","og_site_name":"Iha Race","article_modified_time":"2024-11-13T10:42:24+00:00","og_image":[{"width":1000,"height":1000,"url":"https:\/\/iha-race.com\/wp-content\/uploads\/2020\/04\/Motor-T-Motor-Velox-V2207-V2.0-1750-Kv-2550-Kv.jpg","type":"image\/jpeg"}],"twitter_card":"summary_large_image","twitter_misc":{"Tempo estimado de leitura":"1 minuto"},"schema":{"@context":"https:\/\/schema.org","@graph":[{"@type":"WebPage","@id":"https:\/\/iha-race.com\/pt-pt\/produto\/motor-t-motor-velox-v2207-v2-0-1750-kv-1950kv-2550-kv\/","url":"https:\/\/iha-race.com\/pt-pt\/produto\/motor-t-motor-velox-v2207-v2-0-1750-kv-1950kv-2550-kv\/","name":"Motor T-Motor Velox V2207 V2.0 (1750 Kv\/1950Kv\/2550 Kv) - Iha Race","isPartOf":{"@id":"https:\/\/iha-race.com\/pt-pt\/#website"},"primaryImageOfPage":{"@id":"https:\/\/iha-race.com\/pt-pt\/produto\/motor-t-motor-velox-v2207-v2-0-1750-kv-1950kv-2550-kv\/#primaryimage"},"image":{"@id":"https:\/\/iha-race.com\/pt-pt\/produto\/motor-t-motor-velox-v2207-v2-0-1750-kv-1950kv-2550-kv\/#primaryimage"},"thumbnailUrl":"https:\/\/iha-race.com\/wp-content\/uploads\/2020\/04\/Motor-T-Motor-Velox-V2207-V2.0-1750-Kv-2550-Kv.jpg","datePublished":"2021-03-02T10:10:28+00:00","dateModified":"2024-11-13T10:42:24+00:00","breadcrumb":{"@id":"https:\/\/iha-race.com\/pt-pt\/produto\/motor-t-motor-velox-v2207-v2-0-1750-kv-1950kv-2550-kv\/#breadcrumb"},"inLanguage":"pt-PT","potentialAction":[{"@type":"ReadAction","target":["https:\/\/iha-race.com\/pt-pt\/produto\/motor-t-motor-velox-v2207-v2-0-1750-kv-1950kv-2550-kv\/"]}]},{"@type":"ImageObject","inLanguage":"pt-PT","@id":"https:\/\/iha-race.com\/pt-pt\/produto\/motor-t-motor-velox-v2207-v2-0-1750-kv-1950kv-2550-kv\/#primaryimage","url":"https:\/\/iha-race.com\/wp-content\/uploads\/2020\/04\/Motor-T-Motor-Velox-V2207-V2.0-1750-Kv-2550-Kv.jpg","contentUrl":"https:\/\/iha-race.com\/wp-content\/uploads\/2020\/04\/Motor-T-Motor-Velox-V2207-V2.0-1750-Kv-2550-Kv.jpg","width":1000,"height":1000,"caption":"comprar o mais barato Novo Motor T-Motor Velox V2207 V2.0 (1750 Kv-2550 Kv)"},{"@type":"BreadcrumbList","@id":"https:\/\/iha-race.com\/pt-pt\/produto\/motor-t-motor-velox-v2207-v2-0-1750-kv-1950kv-2550-kv\/#breadcrumb","itemListElement":[{"@type":"ListItem","position":1,"name":"Portada","item":"https:\/\/iha-race.com\/pt-pt\/elementor-499\/"},{"@type":"ListItem","position":2,"name":"Shop","item":"https:\/\/iha-race.com\/pt-pt\/shop\/"},{"@type":"ListItem","position":3,"name":"Motor T-Motor Velox V2207 V2.0 (1750 Kv\/1950Kv\/2550 Kv)"}]},{"@type":"WebSite","@id":"https:\/\/iha-race.com\/pt-pt\/#website","url":"https:\/\/iha-race.com\/pt-pt\/","name":"Iha Race","description":"Comprar drones de carreras FPV env\u00edos en un d\u00eda desde Espa\u00f1a","publisher":{"@id":"https:\/\/iha-race.com\/pt-pt\/#organization"},"potentialAction":[{"@type":"SearchAction","target":{"@type":"EntryPoint","urlTemplate":"https:\/\/iha-race.com\/pt-pt\/?s={search_term_string}"},"query-input":{"@type":"PropertyValueSpecification","valueRequired":true,"valueName":"search_term_string"}}],"inLanguage":"pt-PT"},{"@type":"Organization","@id":"https:\/\/iha-race.com\/pt-pt\/#organization","name":"Iha Race","url":"https:\/\/iha-race.com\/pt-pt\/","logo":{"@type":"ImageObject","inLanguage":"pt-PT","@id":"https:\/\/iha-race.com\/pt-pt\/#\/schema\/logo\/image\/","url":"https:\/\/iha-race.com\/wp-content\/uploads\/2018\/07\/iha-race-drones-de-carreras-tienda-comprar-drones.png","contentUrl":"https:\/\/iha-race.com\/wp-content\/uploads\/2018\/07\/iha-race-drones-de-carreras-tienda-comprar-drones.png","width":300,"height":100,"caption":"Iha Race"},"image":{"@id":"https:\/\/iha-race.com\/pt-pt\/#\/schema\/logo\/image\/"}}]}},"jetpack_sharing_enabled":true,"brands":[],"_links":{"self":[{"href":"https:\/\/iha-race.com\/pt-pt\/wp-json\/wp\/v2\/product\/112869","targetHints":{"allow":["GET"]}}],"collection":[{"href":"https:\/\/iha-race.com\/pt-pt\/wp-json\/wp\/v2\/product"}],"about":[{"href":"https:\/\/iha-race.com\/pt-pt\/wp-json\/wp\/v2\/types\/product"}],"replies":[{"embeddable":true,"href":"https:\/\/iha-race.com\/pt-pt\/wp-json\/wp\/v2\/comments?post=112869"}],"version-history":[{"count":4,"href":"https:\/\/iha-race.com\/pt-pt\/wp-json\/wp\/v2\/product\/112869\/revisions"}],"predecessor-version":[{"id":249634,"href":"https:\/\/iha-race.com\/pt-pt\/wp-json\/wp\/v2\/product\/112869\/revisions\/249634"}],"wp:featuredmedia":[{"embeddable":true,"href":"https:\/\/iha-race.com\/pt-pt\/wp-json\/wp\/v2\/media\/97369"}],"wp:attachment":[{"href":"https:\/\/iha-race.com\/pt-pt\/wp-json\/wp\/v2\/media?parent=112869"}],"wp:term":[{"taxonomy":"pwb-brand","embeddable":true,"href":"https:\/\/iha-race.com\/pt-pt\/wp-json\/wp\/v2\/pwb-brand?post=112869"},{"taxonomy":"product_cat","embeddable":true,"href":"https:\/\/iha-race.com\/pt-pt\/wp-json\/wp\/v2\/product_cat?post=112869"},{"taxonomy":"product_tag","embeddable":true,"href":"https:\/\/iha-race.com\/pt-pt\/wp-json\/wp\/v2\/product_tag?post=112869"}],"curies":[{"name":"wp","href":"https:\/\/api.w.org\/{rel}","templated":true}]}}