{"id":112868,"date":"2020-05-04T22:25:54","date_gmt":"2020-05-04T20:25:54","guid":{"rendered":"https:\/\/iha-race.com\/producto\/conector-2s-para-whoop-2-pecas\/"},"modified":"2024-08-29T16:08:11","modified_gmt":"2024-08-29T14:08:11","slug":"conector-2s-por-obra-2-pecas","status":"publish","type":"product","link":"https:\/\/iha-race.com\/pt-pt\/produto\/conector-2s-por-obra-2-pecas\/","title":{"rendered":"Conector 2S para Whoop (2 pe\u00e7as)"},"content":{"rendered":"<h2>Conector 2S para Whoop (2 pe\u00e7as)<\/h2>\n<p>  Este cabo de conetor duplo \u00e9 apenas para drone whoop 2S. Portanto, os pilotos poderiam ainda utilizar as mesmas baterias estilo 1S para pilotar o Beta65X ou Beta75X. Como se pode ver abaixo.  &nbsp;<\/p>\n<p><img fetchpriority=\"high\" decoding=\"async\" class=\"size-full wp-image-48231\" src=\"https:\/\/iha-race.com\/wp-content\/uploads\/2020\/05\/Captura-de-pantalla-2020-05-04-a-las-22.22.10.png\" alt=\"Conector 2S para Whoop (2 pe\u00e7as)\" width=\"802\" height=\"540\" srcset=\"https:\/\/iha-race.com\/wp-content\/uploads\/2020\/05\/Captura-de-pantalla-2020-05-04-a-las-22.22.10.png 802w, https:\/\/iha-race.com\/wp-content\/uploads\/2020\/05\/Captura-de-pantalla-2020-05-04-a-las-22.22.10-599x403.png 599w, https:\/\/iha-race.com\/wp-content\/uploads\/2020\/05\/Captura-de-pantalla-2020-05-04-a-las-22.22.10-300x202.png 300w, https:\/\/iha-race.com\/wp-content\/uploads\/2020\/05\/Captura-de-pantalla-2020-05-04-a-las-22.22.10-1024x689.png 1024w, https:\/\/iha-race.com\/wp-content\/uploads\/2020\/05\/Captura-de-pantalla-2020-05-04-a-las-22.22.10-768x517.png 768w, https:\/\/iha-race.com\/wp-content\/uploads\/2020\/05\/Captura-de-pantalla-2020-05-04-a-las-22.22.10-1536x1034.png 1536w, https:\/\/iha-race.com\/wp-content\/uploads\/2020\/05\/Captura-de-pantalla-2020-05-04-a-las-22.22.10-2048x1379.png 2048w, https:\/\/iha-race.com\/wp-content\/uploads\/2020\/05\/Captura-de-pantalla-2020-05-04-a-las-22.22.10-788x530.png 788w\" sizes=\"(max-width: 802px) 100vw, 802px\" \/><\/p>\n<p>&nbsp;<\/p>\n<figure id=\"attachment_86266\" aria-describedby=\"caption-attachment-86266\" style=\"width: 617px\" class=\"wp-caption aligncenter\"><img decoding=\"async\" class=\"size-full wp-image-48232\" src=\"https:\/\/iha-race.com\/wp-content\/uploads\/2020\/05\/Captura-de-pantalla-2020-05-04-a-las-22.22.22.png\" alt=\"Conector 2S para Whoop (2 pe\u00e7as)\" width=\"617\" height=\"369\" srcset=\"https:\/\/iha-race.com\/wp-content\/uploads\/2020\/05\/Captura-de-pantalla-2020-05-04-a-las-22.22.22.png 617w, https:\/\/iha-race.com\/wp-content\/uploads\/2020\/05\/Captura-de-pantalla-2020-05-04-a-las-22.22.22-599x358.png 599w, https:\/\/iha-race.com\/wp-content\/uploads\/2020\/05\/Captura-de-pantalla-2020-05-04-a-las-22.22.22-300x179.png 300w, https:\/\/iha-race.com\/wp-content\/uploads\/2020\/05\/Captura-de-pantalla-2020-05-04-a-las-22.22.22-1024x612.png 1024w, https:\/\/iha-race.com\/wp-content\/uploads\/2020\/05\/Captura-de-pantalla-2020-05-04-a-las-22.22.22-767x459.png 767w, https:\/\/iha-race.com\/wp-content\/uploads\/2020\/05\/Captura-de-pantalla-2020-05-04-a-las-22.22.22-1536x919.png 1536w, https:\/\/iha-race.com\/wp-content\/uploads\/2020\/05\/Captura-de-pantalla-2020-05-04-a-las-22.22.22-2048x1225.png 2048w, https:\/\/iha-race.com\/wp-content\/uploads\/2020\/05\/Captura-de-pantalla-2020-05-04-a-las-22.22.22-788x471.png 788w\" sizes=\"(max-width: 617px) 100vw, 617px\" \/><figcaption id=\"caption-attachment-86266\" class=\"wp-caption-text\">Conector 2S para Whoop (2 pe\u00e7as)<\/figcaption><\/figure>\n","protected":false},"excerpt":{"rendered":"<p>Conector 2S para Whoop (2 pe\u00e7as) Este cabo de conetor duplo \u00e9 apenas para drone whoop 2S. Portanto, os pilotos poderiam ainda utilizar as mesmas baterias estilo 1S para pilotar<\/p>\n","protected":false},"featured_media":86269,"comment_status":"open","ping_status":"closed","template":"","meta":{"_joinchat":[]},"pwb-brand":[],"product_cat":[1083,1088],"product_tag":[],"class_list":{"0":"post-112868","1":"product","2":"type-product","3":"status-publish","4":"has-post-thumbnail","6":"product_cat-acessorios","7":"product_cat-conectores-pt-pt","9":"first","10":"instock","11":"taxable","12":"shipping-taxable","13":"purchasable","14":"product-type-simple"},"barcode":null,"atum_controlled":true,"out_stock_date":null,"out_stock_threshold":null,"inheritable":false,"stock_on_hold":0,"sold_today":0,"sales_last_days":0,"out_stock_days":0,"lost_sales":0,"update_date":"2026-04-27T19:56:07","atum_locations":[],"atum_stock_status":"instock","restock_status":false,"low_stock_amount":"","sales_update_date":"2026-04-27T19:56:07","calc_backorders":null,"yoast_head":"<!-- This site is optimized with the Yoast SEO plugin v27.3 - https:\/\/yoast.com\/product\/yoast-seo-wordpress\/ -->\n<title>Conector 2S para Whoop (2 pe\u00e7as) - Iha Race<\/title>\n<meta name=\"robots\" content=\"index, follow, max-snippet:-1, max-image-preview:large, max-video-preview:-1\" \/>\n<link rel=\"canonical\" href=\"https:\/\/iha-race.com\/pt-pt\/produto\/conector-2s-por-obra-2-pecas\/\" \/>\n<meta property=\"og:locale\" content=\"pt_PT\" \/>\n<meta property=\"og:type\" content=\"article\" \/>\n<meta property=\"og:title\" content=\"Conector 2S para Whoop (2 pe\u00e7as) - Iha Race\" \/>\n<meta property=\"og:description\" content=\"Conector 2S para Whoop (2 pe\u00e7as) Este cabo de conetor duplo \u00e9 apenas para drone whoop 2S. Portanto, os pilotos poderiam ainda utilizar as mesmas baterias estilo 1S para pilotar\" \/>\n<meta property=\"og:url\" content=\"https:\/\/iha-race.com\/pt-pt\/produto\/conector-2s-por-obra-2-pecas\/\" \/>\n<meta property=\"og:site_name\" content=\"Iha Race\" \/>\n<meta property=\"article:modified_time\" content=\"2024-08-29T14:08:11+00:00\" \/>\n<meta property=\"og:image\" content=\"https:\/\/iha-race.com\/wp-content\/uploads\/2020\/05\/Captura-de-pantalla-2020-05-04-a-las-22.20.58.png\" \/>\n\t<meta property=\"og:image:width\" content=\"560\" \/>\n\t<meta property=\"og:image:height\" content=\"544\" \/>\n\t<meta property=\"og:image:type\" content=\"image\/png\" \/>\n<meta name=\"twitter:card\" content=\"summary_large_image\" \/>\n<script type=\"application\/ld+json\" class=\"yoast-schema-graph\">{\"@context\":\"https:\\\/\\\/schema.org\",\"@graph\":[{\"@type\":\"WebPage\",\"@id\":\"https:\\\/\\\/iha-race.com\\\/pt-pt\\\/produto\\\/conector-2s-por-obra-2-pecas\\\/\",\"url\":\"https:\\\/\\\/iha-race.com\\\/pt-pt\\\/produto\\\/conector-2s-por-obra-2-pecas\\\/\",\"name\":\"Conector 2S para Whoop (2 pe\u00e7as) - Iha Race\",\"isPartOf\":{\"@id\":\"https:\\\/\\\/iha-race.com\\\/pt-pt\\\/#website\"},\"primaryImageOfPage\":{\"@id\":\"https:\\\/\\\/iha-race.com\\\/pt-pt\\\/produto\\\/conector-2s-por-obra-2-pecas\\\/#primaryimage\"},\"image\":{\"@id\":\"https:\\\/\\\/iha-race.com\\\/pt-pt\\\/produto\\\/conector-2s-por-obra-2-pecas\\\/#primaryimage\"},\"thumbnailUrl\":\"https:\\\/\\\/iha-race.com\\\/wp-content\\\/uploads\\\/2020\\\/05\\\/Captura-de-pantalla-2020-05-04-a-las-22.20.58.png\",\"datePublished\":\"2020-05-04T20:25:54+00:00\",\"dateModified\":\"2024-08-29T14:08:11+00:00\",\"breadcrumb\":{\"@id\":\"https:\\\/\\\/iha-race.com\\\/pt-pt\\\/produto\\\/conector-2s-por-obra-2-pecas\\\/#breadcrumb\"},\"inLanguage\":\"pt-PT\",\"potentialAction\":[{\"@type\":\"ReadAction\",\"target\":[\"https:\\\/\\\/iha-race.com\\\/pt-pt\\\/produto\\\/conector-2s-por-obra-2-pecas\\\/\"]}]},{\"@type\":\"ImageObject\",\"inLanguage\":\"pt-PT\",\"@id\":\"https:\\\/\\\/iha-race.com\\\/pt-pt\\\/produto\\\/conector-2s-por-obra-2-pecas\\\/#primaryimage\",\"url\":\"https:\\\/\\\/iha-race.com\\\/wp-content\\\/uploads\\\/2020\\\/05\\\/Captura-de-pantalla-2020-05-04-a-las-22.20.58.png\",\"contentUrl\":\"https:\\\/\\\/iha-race.com\\\/wp-content\\\/uploads\\\/2020\\\/05\\\/Captura-de-pantalla-2020-05-04-a-las-22.20.58.png\",\"width\":560,\"height\":544,\"caption\":\"Conector 2S para Whoop (2 pe\u00e7as)\"},{\"@type\":\"BreadcrumbList\",\"@id\":\"https:\\\/\\\/iha-race.com\\\/pt-pt\\\/produto\\\/conector-2s-por-obra-2-pecas\\\/#breadcrumb\",\"itemListElement\":[{\"@type\":\"ListItem\",\"position\":1,\"name\":\"Portada\",\"item\":\"https:\\\/\\\/iha-race.com\\\/pt-pt\\\/\"},{\"@type\":\"ListItem\",\"position\":2,\"name\":\"Shop\",\"item\":\"https:\\\/\\\/iha-race.com\\\/pt-pt\\\/shop\\\/\"},{\"@type\":\"ListItem\",\"position\":3,\"name\":\"Conector 2S para Whoop (2 pe\u00e7as)\"}]},{\"@type\":\"WebSite\",\"@id\":\"https:\\\/\\\/iha-race.com\\\/pt-pt\\\/#website\",\"url\":\"https:\\\/\\\/iha-race.com\\\/pt-pt\\\/\",\"name\":\"Iha Race\",\"description\":\"Comprar drones de carreras FPV env\u00edos en un d\u00eda desde Espa\u00f1a\",\"publisher\":{\"@id\":\"https:\\\/\\\/iha-race.com\\\/pt-pt\\\/#organization\"},\"potentialAction\":[{\"@type\":\"SearchAction\",\"target\":{\"@type\":\"EntryPoint\",\"urlTemplate\":\"https:\\\/\\\/iha-race.com\\\/pt-pt\\\/?s={search_term_string}\"},\"query-input\":{\"@type\":\"PropertyValueSpecification\",\"valueRequired\":true,\"valueName\":\"search_term_string\"}}],\"inLanguage\":\"pt-PT\"},{\"@type\":\"Organization\",\"@id\":\"https:\\\/\\\/iha-race.com\\\/pt-pt\\\/#organization\",\"name\":\"Iha Race\",\"url\":\"https:\\\/\\\/iha-race.com\\\/pt-pt\\\/\",\"logo\":{\"@type\":\"ImageObject\",\"inLanguage\":\"pt-PT\",\"@id\":\"https:\\\/\\\/iha-race.com\\\/pt-pt\\\/#\\\/schema\\\/logo\\\/image\\\/\",\"url\":\"https:\\\/\\\/iha-race.com\\\/wp-content\\\/uploads\\\/2018\\\/07\\\/iha-race-drones-de-carreras-tienda-comprar-drones.png\",\"contentUrl\":\"https:\\\/\\\/iha-race.com\\\/wp-content\\\/uploads\\\/2018\\\/07\\\/iha-race-drones-de-carreras-tienda-comprar-drones.png\",\"width\":300,\"height\":100,\"caption\":\"Iha Race\"},\"image\":{\"@id\":\"https:\\\/\\\/iha-race.com\\\/pt-pt\\\/#\\\/schema\\\/logo\\\/image\\\/\"}}]}<\/script>\n<!-- \/ Yoast SEO plugin. -->","yoast_head_json":{"title":"Conector 2S para Whoop (2 pe\u00e7as) - Iha Race","robots":{"index":"index","follow":"follow","max-snippet":"max-snippet:-1","max-image-preview":"max-image-preview:large","max-video-preview":"max-video-preview:-1"},"canonical":"https:\/\/iha-race.com\/pt-pt\/produto\/conector-2s-por-obra-2-pecas\/","og_locale":"pt_PT","og_type":"article","og_title":"Conector 2S para Whoop (2 pe\u00e7as) - Iha Race","og_description":"Conector 2S para Whoop (2 pe\u00e7as) Este cabo de conetor duplo \u00e9 apenas para drone whoop 2S. Portanto, os pilotos poderiam ainda utilizar as mesmas baterias estilo 1S para pilotar","og_url":"https:\/\/iha-race.com\/pt-pt\/produto\/conector-2s-por-obra-2-pecas\/","og_site_name":"Iha Race","article_modified_time":"2024-08-29T14:08:11+00:00","og_image":[{"width":560,"height":544,"url":"https:\/\/iha-race.com\/wp-content\/uploads\/2020\/05\/Captura-de-pantalla-2020-05-04-a-las-22.20.58.png","type":"image\/png"}],"twitter_card":"summary_large_image","schema":{"@context":"https:\/\/schema.org","@graph":[{"@type":"WebPage","@id":"https:\/\/iha-race.com\/pt-pt\/produto\/conector-2s-por-obra-2-pecas\/","url":"https:\/\/iha-race.com\/pt-pt\/produto\/conector-2s-por-obra-2-pecas\/","name":"Conector 2S para Whoop (2 pe\u00e7as) - Iha Race","isPartOf":{"@id":"https:\/\/iha-race.com\/pt-pt\/#website"},"primaryImageOfPage":{"@id":"https:\/\/iha-race.com\/pt-pt\/produto\/conector-2s-por-obra-2-pecas\/#primaryimage"},"image":{"@id":"https:\/\/iha-race.com\/pt-pt\/produto\/conector-2s-por-obra-2-pecas\/#primaryimage"},"thumbnailUrl":"https:\/\/iha-race.com\/wp-content\/uploads\/2020\/05\/Captura-de-pantalla-2020-05-04-a-las-22.20.58.png","datePublished":"2020-05-04T20:25:54+00:00","dateModified":"2024-08-29T14:08:11+00:00","breadcrumb":{"@id":"https:\/\/iha-race.com\/pt-pt\/produto\/conector-2s-por-obra-2-pecas\/#breadcrumb"},"inLanguage":"pt-PT","potentialAction":[{"@type":"ReadAction","target":["https:\/\/iha-race.com\/pt-pt\/produto\/conector-2s-por-obra-2-pecas\/"]}]},{"@type":"ImageObject","inLanguage":"pt-PT","@id":"https:\/\/iha-race.com\/pt-pt\/produto\/conector-2s-por-obra-2-pecas\/#primaryimage","url":"https:\/\/iha-race.com\/wp-content\/uploads\/2020\/05\/Captura-de-pantalla-2020-05-04-a-las-22.20.58.png","contentUrl":"https:\/\/iha-race.com\/wp-content\/uploads\/2020\/05\/Captura-de-pantalla-2020-05-04-a-las-22.20.58.png","width":560,"height":544,"caption":"Conector 2S para Whoop (2 pe\u00e7as)"},{"@type":"BreadcrumbList","@id":"https:\/\/iha-race.com\/pt-pt\/produto\/conector-2s-por-obra-2-pecas\/#breadcrumb","itemListElement":[{"@type":"ListItem","position":1,"name":"Portada","item":"https:\/\/iha-race.com\/pt-pt\/"},{"@type":"ListItem","position":2,"name":"Shop","item":"https:\/\/iha-race.com\/pt-pt\/shop\/"},{"@type":"ListItem","position":3,"name":"Conector 2S para Whoop (2 pe\u00e7as)"}]},{"@type":"WebSite","@id":"https:\/\/iha-race.com\/pt-pt\/#website","url":"https:\/\/iha-race.com\/pt-pt\/","name":"Iha Race","description":"Comprar drones de carreras FPV env\u00edos en un d\u00eda desde Espa\u00f1a","publisher":{"@id":"https:\/\/iha-race.com\/pt-pt\/#organization"},"potentialAction":[{"@type":"SearchAction","target":{"@type":"EntryPoint","urlTemplate":"https:\/\/iha-race.com\/pt-pt\/?s={search_term_string}"},"query-input":{"@type":"PropertyValueSpecification","valueRequired":true,"valueName":"search_term_string"}}],"inLanguage":"pt-PT"},{"@type":"Organization","@id":"https:\/\/iha-race.com\/pt-pt\/#organization","name":"Iha Race","url":"https:\/\/iha-race.com\/pt-pt\/","logo":{"@type":"ImageObject","inLanguage":"pt-PT","@id":"https:\/\/iha-race.com\/pt-pt\/#\/schema\/logo\/image\/","url":"https:\/\/iha-race.com\/wp-content\/uploads\/2018\/07\/iha-race-drones-de-carreras-tienda-comprar-drones.png","contentUrl":"https:\/\/iha-race.com\/wp-content\/uploads\/2018\/07\/iha-race-drones-de-carreras-tienda-comprar-drones.png","width":300,"height":100,"caption":"Iha Race"},"image":{"@id":"https:\/\/iha-race.com\/pt-pt\/#\/schema\/logo\/image\/"}}]}},"jetpack_sharing_enabled":true,"brands":[],"_links":{"self":[{"href":"https:\/\/iha-race.com\/pt-pt\/wp-json\/wp\/v2\/product\/112868","targetHints":{"allow":["GET"]}}],"collection":[{"href":"https:\/\/iha-race.com\/pt-pt\/wp-json\/wp\/v2\/product"}],"about":[{"href":"https:\/\/iha-race.com\/pt-pt\/wp-json\/wp\/v2\/types\/product"}],"replies":[{"embeddable":true,"href":"https:\/\/iha-race.com\/pt-pt\/wp-json\/wp\/v2\/comments?post=112868"}],"version-history":[{"count":2,"href":"https:\/\/iha-race.com\/pt-pt\/wp-json\/wp\/v2\/product\/112868\/revisions"}],"predecessor-version":[{"id":249967,"href":"https:\/\/iha-race.com\/pt-pt\/wp-json\/wp\/v2\/product\/112868\/revisions\/249967"}],"wp:featuredmedia":[{"embeddable":true,"href":"https:\/\/iha-race.com\/pt-pt\/wp-json\/wp\/v2\/media\/86269"}],"wp:attachment":[{"href":"https:\/\/iha-race.com\/pt-pt\/wp-json\/wp\/v2\/media?parent=112868"}],"wp:term":[{"taxonomy":"pwb-brand","embeddable":true,"href":"https:\/\/iha-race.com\/pt-pt\/wp-json\/wp\/v2\/pwb-brand?post=112868"},{"taxonomy":"product_cat","embeddable":true,"href":"https:\/\/iha-race.com\/pt-pt\/wp-json\/wp\/v2\/product_cat?post=112868"},{"taxonomy":"product_tag","embeddable":true,"href":"https:\/\/iha-race.com\/pt-pt\/wp-json\/wp\/v2\/product_tag?post=112868"}],"curies":[{"name":"wp","href":"https:\/\/api.w.org\/{rel}","templated":true}]}}