{"id":112857,"date":"2020-01-30T10:40:46","date_gmt":"2020-01-30T09:40:46","guid":{"rendered":"https:\/\/iha-race.com\/producto\/antena-lumenier-dual-axii-2-de-longo-alcance-58-ghz-rhcp-lhcp\/"},"modified":"2024-08-29T16:11:10","modified_gmt":"2024-08-29T14:11:10","slug":"antena-lumenier-double-axii-2-long-range-58-ghz-rhcp-lhcp","status":"publish","type":"product","link":"https:\/\/iha-race.com\/pt-pt\/produto\/antena-lumenier-double-axii-2-long-range-58-ghz-rhcp-lhcp\/","title":{"rendered":"Antena Lumenier Dual AXII 2 de longo alcance 5,8 GHz (RHCP\/LHCP)"},"content":{"rendered":"<h2>Antena Lumenier Dual AXII 2 de longo alcance 5,8 GHz (RHCP\/LHCP)<\/h2>\n<p>  A Lumenier AXII 2 \u00e9 conhecida por ser a linha de antenas FPV mais vers\u00e1til e de melhor desempenho dispon\u00edvel atualmente. A Lumenier foi capaz de melhorar o melhor e torn\u00e1-lo ainda melhor com a nova e \u00fanica antena Double AXII 2!  <\/p>\n<h3>Duplo ganho = maior alcance<\/h3>\n<p>  Uma das carater\u00edsticas mais importantes da antena Double AXII \u00e9 a combina\u00e7\u00e3o \u00fanica de 2 elementos de antena numa \u00fanica rede de antena de alto ganho. Com fabrico de precis\u00e3o e afina\u00e7\u00e3o fina, cada Double AXII \u00e9 capaz de efectivamente duplicar o ganho de uma antena padr\u00e3o 2.2 AXII 2 para uma incr\u00edvel 4.7dBiC! Isto significa que podes voar mais longe ou atr\u00e1s de mais objectos e continuar a ter um sinal de v\u00eddeo FPV n\u00edtido.  <\/p>\n<h3>Alto ganho + omnidireccional<\/h3>\n<p>  As antenas de alto ganho n\u00e3o s\u00e3o novidade. \u00c9 poss\u00edvel encontrar muitos remendos, antenas helicoidais e transversais que oferecer\u00e3o um ganho elevado, mas a desvantagem \u00e9 que s\u00e3o extremamente direccionais. Isto significa que s\u00f3 funcionam bem na direc\u00e7\u00e3o para a qual apontam. A antena Double AXII 2 \u00e9 omni-direccional, o que significa que funciona a 360 graus \u00e0 sua volta. Pode voar \u00e0 frente, atr\u00e1s ou de lado e ainda assim ter a mesma grande recep\u00e7\u00e3o. N\u00e3o importa para onde apontes, ter\u00e1s um excelente sinal \u00e0 tua volta!  <\/p>\n<h3>Melhor para receber ou transmitir?<\/h3>\n<p>  A antena Lumenier Double AXII 2 pode funcionar tanto para rece\u00e7\u00e3o como para transmiss\u00e3o, no entanto, devido \u00e0 natureza do padr\u00e3o de radia\u00e7\u00e3o, \u00e9 mais adequada como antena recetora na maioria dos casos. O maior ganho d\u00e1 um alcance muito maior num padr\u00e3o de radia\u00e7\u00e3o ao estilo &#8220;donut&#8221;, mas tem alguns nulos directamente acima\/abaixo da antena e alguns pequenos nulos em torno das \u00e1reas de 50 graus. Como antena de recep\u00e7\u00e3o, se tiver o duplo AXII 2 numa orienta\u00e7\u00e3o vertical, ter\u00e1 um excelente sinal \u00e0 sua volta num campo de vis\u00e3o de 32 graus. Pode fazer o mesmo colocando a antena no transmissor do seu avi\u00e3o, no entanto, durante o voo, se se inclinar ou se encostar demasiado, pode correr para as \u00e1reas nulas da antena. \u00c9 por isso que \u00e9 geralmente melhor utilizada como antena de recep\u00e7\u00e3o. Mas n\u00e3o deixe que o impe\u00e7amos de ser criativo! Precisa de uma antena no seu avi\u00e3o para uma derradeira miss\u00e3o de longo alcance? Esta pode ser a solu\u00e7\u00e3o perfeita para ti.  <img decoding=\"async\" src=\"https:\/\/cdn.getfpv.com\/media\/wysiwyg\/lumenier\/Lumenier-Double-AXII-Antenna-desc-image.jpg\" alt=\"AXII 2 antena dupla\"><\/p>\n<h3>Caracter\u00edsticas melhoradas em rela\u00e7\u00e3o \u00e0 norma AXII V1<\/h3>\n<ul>\n<li>Gama significativamente melhorada com maior ganho (4.7dBiC ganho)<\/li>\n<li>Largura de banda mais larga (5,3-6,2GHz)<\/li>\n<li>Sinal mais limpo e melhor rejei\u00e7\u00e3o de interfer\u00eancias<\/li>\n<li>Mais dur\u00e1vel: melhor alojamento moldado por injec\u00e7\u00e3o<\/li>\n<li>Rela\u00e7\u00e3o axial virtualmente perfeita<\/li>\n<\/ul>\n<p>  A engenharia de precis\u00e3o deu a esta antena uma rela\u00e7\u00e3o axial de 1,0 virtualmente perfeita, resultando numa verdadeira circularidade. Para al\u00e9m disso, o Double AXII 2 tem um ganho m\u00e1ximo incr\u00edvel de 4,7dBiC, uma verdadeira melhoria em rela\u00e7\u00e3o ao AXII original.  <\/p>\n<h3>Super-resistente<\/h3>\n<p>  As antenas sofrem muitos abusos, especialmente quando colocadas num quadriciclo. A robusta caixa da antena do AXII 2 \u00e9 feita de um novo policarbonato moldado por injec\u00e7\u00e3o e \u00e9 selada com soldadura ultra-s\u00f3nica. Isto melhorou significativamente a durabilidade da carca\u00e7a do AXII. O cabo semi-r\u00edgido RG402 de 120 mm de comprimento permite 90 graus ou mais de liberdade. A liga\u00e7\u00e3o SMA \u00e9 refor\u00e7ada com um colar de metal engastado na base para suporte adicional.  <em>Nota: Ao instalar, fixar a antena usando o conector SMA, n\u00e3o rodar a tampa.<\/em><\/p>\n<p><strong>Tamb\u00e9m funciona muito bem com \u00f3culos de DJI FPV digitais! Basta adquirir adaptadores RP-SMA para SMA para que possa montar correctamente os \u00f3culos na liga\u00e7\u00e3o RP-SMA.<\/strong><\/p>\n<h2>Especifica\u00e7\u00f5es<\/h2>\n<ul>\n<li><strong>Ganho:<\/strong> 4.7dBiC<\/li>\n<li><strong>Rela\u00e7\u00e3o axial:<\/strong> 1.0 (quase perfeito)<\/li>\n<li><strong>Largura de banda:<\/strong> 5.3GHz-6.2GHz<\/li>\n<li><strong>Efici\u00eancia da radia\u00e7\u00e3o:<\/strong> 98%.<\/li>\n<li><strong>ROE:<\/strong> &lt;= 1.5: 1<\/li>\n<li><strong>Peso:<\/strong> 12g<\/li>\n<li><strong>Tamanho:<\/strong> 130 mm x 17,5 mm<\/li>\n<li><strong>Cabo:<\/strong> semi-r\u00edgido RG402<\/li>\n<li><strong>Conector:<\/strong> SMA recto<\/li>\n<\/ul>\n<h2><strong>Polariza\u00e7\u00e3o<\/strong><\/h2>\n<ul>\n<li>Curva \u00e0 direita (RHCP)<\/li>\n<li>Tr\u00e2nsito pela esquerda (LHCP)<\/li>\n<\/ul>\n<h2>O pacote inclui<\/h2>\n<ul>\n<li>1 x Duplo Lumenier AXII 2 Antena SMA 5.8GHz (RHCP ou LHCP)<\/li>\n<\/ul>\n<p><em>Concebido <a href=\"http:\/\/www.truerc.ca\/\" target=\"_blank\" rel=\"noopener\"><img decoding=\"async\" src=\"https:\/\/cdn.getfpv.com\/media\/wysiwyg\/logos\/true-rc-cananda.png\" alt=\"TrueRC do Canad\u00e1\"><\/a> e fabricado por <a href=\"http:\/\/www.lumenier.com\/\" target=\"_blank\" rel=\"noopener\"><img decoding=\"async\" src=\"https:\/\/cdn.getfpv.com\/media\/wysiwyg\/logos\/lumenier-logo.png\" alt=\"Lumenier\"><\/a> patente pendente.<\/em><\/p>\n<p>&nbsp;<\/p>\n","protected":false},"excerpt":{"rendered":"<p>O Double AXII 2 pega nas melhores partes da antena original AXII 2 e duplica o ganho para melhorar o alcance e o desempenho! \u00c9 uma antena FPV de polariza\u00e7\u00e3o circular omnidireccional de alto ganho num factor de forma compacta.<\/p>\n","protected":false},"featured_media":107233,"comment_status":"open","ping_status":"closed","template":"","meta":{"_joinchat":[]},"pwb-brand":[],"product_cat":[1198],"product_tag":[],"class_list":{"0":"post-112857","1":"product","2":"type-product","3":"status-publish","4":"has-post-thumbnail","6":"product_cat-antenas-fpv","8":"first","9":"instock","10":"taxable","11":"shipping-taxable","12":"purchasable","13":"product-type-variable"},"barcode":null,"atum_controlled":true,"out_stock_date":"2021-12-06 07:14:34","out_stock_threshold":null,"inheritable":true,"stock_on_hold":0,"sold_today":0,"sales_last_days":1,"out_stock_days":833,"lost_sales":0,"update_date":"2026-04-18T23:29:48","atum_locations":[],"atum_stock_status":"instock","restock_status":false,"low_stock_amount":"","sales_update_date":"2026-04-18T23:29:48","calc_backorders":null,"yoast_head":"<!-- This site is optimized with the Yoast SEO plugin v27.3 - https:\/\/yoast.com\/product\/yoast-seo-wordpress\/ -->\n<title>Antena Lumenier Dual AXII 2 de longo alcance 5,8 GHz (RHCP\/LHCP) - Iha Race<\/title>\n<meta name=\"robots\" content=\"index, follow, max-snippet:-1, max-image-preview:large, max-video-preview:-1\" \/>\n<link rel=\"canonical\" href=\"https:\/\/iha-race.com\/pt-pt\/produto\/antena-lumenier-double-axii-2-long-range-58-ghz-rhcp-lhcp\/\" \/>\n<meta property=\"og:locale\" content=\"pt_PT\" \/>\n<meta property=\"og:type\" content=\"article\" \/>\n<meta property=\"og:title\" content=\"Antena Lumenier Dual AXII 2 de longo alcance 5,8 GHz (RHCP\/LHCP) - Iha Race\" \/>\n<meta property=\"og:description\" content=\"O Double AXII 2 pega nas melhores partes da antena original AXII 2 e duplica o ganho para melhorar o alcance e o desempenho! \u00c9 uma antena FPV de polariza\u00e7\u00e3o circular omnidireccional de alto ganho num factor de forma compacta.\" \/>\n<meta property=\"og:url\" content=\"https:\/\/iha-race.com\/pt-pt\/produto\/antena-lumenier-double-axii-2-long-range-58-ghz-rhcp-lhcp\/\" \/>\n<meta property=\"og:site_name\" content=\"Iha Race\" \/>\n<meta property=\"article:modified_time\" content=\"2024-08-29T14:11:10+00:00\" \/>\n<meta property=\"og:image\" content=\"https:\/\/iha-race.com\/wp-content\/uploads\/2020\/01\/Antena-Lumenier-Doble-AXII-2-Long-Range-58-GHz-RHCP-LHCP.jpg\" \/>\n\t<meta property=\"og:image:width\" content=\"1000\" \/>\n\t<meta property=\"og:image:height\" content=\"1000\" \/>\n\t<meta property=\"og:image:type\" content=\"image\/jpeg\" \/>\n<meta name=\"twitter:card\" content=\"summary_large_image\" \/>\n<meta name=\"twitter:label1\" content=\"Tempo estimado de leitura\" \/>\n\t<meta name=\"twitter:data1\" content=\"3 minutos\" \/>\n<script type=\"application\/ld+json\" class=\"yoast-schema-graph\">{\"@context\":\"https:\\\/\\\/schema.org\",\"@graph\":[{\"@type\":\"WebPage\",\"@id\":\"https:\\\/\\\/iha-race.com\\\/pt-pt\\\/produto\\\/antena-lumenier-double-axii-2-long-range-58-ghz-rhcp-lhcp\\\/\",\"url\":\"https:\\\/\\\/iha-race.com\\\/pt-pt\\\/produto\\\/antena-lumenier-double-axii-2-long-range-58-ghz-rhcp-lhcp\\\/\",\"name\":\"Antena Lumenier Dual AXII 2 de longo alcance 5,8 GHz (RHCP\\\/LHCP) - Iha Race\",\"isPartOf\":{\"@id\":\"https:\\\/\\\/iha-race.com\\\/pt-pt\\\/#website\"},\"primaryImageOfPage\":{\"@id\":\"https:\\\/\\\/iha-race.com\\\/pt-pt\\\/produto\\\/antena-lumenier-double-axii-2-long-range-58-ghz-rhcp-lhcp\\\/#primaryimage\"},\"image\":{\"@id\":\"https:\\\/\\\/iha-race.com\\\/pt-pt\\\/produto\\\/antena-lumenier-double-axii-2-long-range-58-ghz-rhcp-lhcp\\\/#primaryimage\"},\"thumbnailUrl\":\"https:\\\/\\\/iha-race.com\\\/wp-content\\\/uploads\\\/2020\\\/01\\\/Antena-Lumenier-Doble-AXII-2-Long-Range-58-GHz-RHCP-LHCP.jpg\",\"datePublished\":\"2020-01-30T09:40:46+00:00\",\"dateModified\":\"2024-08-29T14:11:10+00:00\",\"breadcrumb\":{\"@id\":\"https:\\\/\\\/iha-race.com\\\/pt-pt\\\/produto\\\/antena-lumenier-double-axii-2-long-range-58-ghz-rhcp-lhcp\\\/#breadcrumb\"},\"inLanguage\":\"pt-PT\",\"potentialAction\":[{\"@type\":\"ReadAction\",\"target\":[\"https:\\\/\\\/iha-race.com\\\/pt-pt\\\/produto\\\/antena-lumenier-double-axii-2-long-range-58-ghz-rhcp-lhcp\\\/\"]}]},{\"@type\":\"ImageObject\",\"inLanguage\":\"pt-PT\",\"@id\":\"https:\\\/\\\/iha-race.com\\\/pt-pt\\\/produto\\\/antena-lumenier-double-axii-2-long-range-58-ghz-rhcp-lhcp\\\/#primaryimage\",\"url\":\"https:\\\/\\\/iha-race.com\\\/wp-content\\\/uploads\\\/2020\\\/01\\\/Antena-Lumenier-Doble-AXII-2-Long-Range-58-GHz-RHCP-LHCP.jpg\",\"contentUrl\":\"https:\\\/\\\/iha-race.com\\\/wp-content\\\/uploads\\\/2020\\\/01\\\/Antena-Lumenier-Doble-AXII-2-Long-Range-58-GHz-RHCP-LHCP.jpg\",\"width\":1000,\"height\":1000,\"caption\":\"comprar a Antena Lumenier Double AXII 2 Long Range 5,8 GHz mais barata (RHCP LHCP)\"},{\"@type\":\"BreadcrumbList\",\"@id\":\"https:\\\/\\\/iha-race.com\\\/pt-pt\\\/produto\\\/antena-lumenier-double-axii-2-long-range-58-ghz-rhcp-lhcp\\\/#breadcrumb\",\"itemListElement\":[{\"@type\":\"ListItem\",\"position\":1,\"name\":\"Portada\",\"item\":\"https:\\\/\\\/iha-race.com\\\/pt-pt\\\/elementor-499\\\/\"},{\"@type\":\"ListItem\",\"position\":2,\"name\":\"Shop\",\"item\":\"https:\\\/\\\/iha-race.com\\\/pt-pt\\\/shop\\\/\"},{\"@type\":\"ListItem\",\"position\":3,\"name\":\"Antena Lumenier Dual AXII 2 de longo alcance 5,8 GHz (RHCP\\\/LHCP)\"}]},{\"@type\":\"WebSite\",\"@id\":\"https:\\\/\\\/iha-race.com\\\/pt-pt\\\/#website\",\"url\":\"https:\\\/\\\/iha-race.com\\\/pt-pt\\\/\",\"name\":\"Iha Race\",\"description\":\"Comprar drones de carreras FPV env\u00edos en un d\u00eda desde Espa\u00f1a\",\"publisher\":{\"@id\":\"https:\\\/\\\/iha-race.com\\\/pt-pt\\\/#organization\"},\"potentialAction\":[{\"@type\":\"SearchAction\",\"target\":{\"@type\":\"EntryPoint\",\"urlTemplate\":\"https:\\\/\\\/iha-race.com\\\/pt-pt\\\/?s={search_term_string}\"},\"query-input\":{\"@type\":\"PropertyValueSpecification\",\"valueRequired\":true,\"valueName\":\"search_term_string\"}}],\"inLanguage\":\"pt-PT\"},{\"@type\":\"Organization\",\"@id\":\"https:\\\/\\\/iha-race.com\\\/pt-pt\\\/#organization\",\"name\":\"Iha Race\",\"url\":\"https:\\\/\\\/iha-race.com\\\/pt-pt\\\/\",\"logo\":{\"@type\":\"ImageObject\",\"inLanguage\":\"pt-PT\",\"@id\":\"https:\\\/\\\/iha-race.com\\\/pt-pt\\\/#\\\/schema\\\/logo\\\/image\\\/\",\"url\":\"https:\\\/\\\/iha-race.com\\\/wp-content\\\/uploads\\\/2018\\\/07\\\/iha-race-drones-de-carreras-tienda-comprar-drones.png\",\"contentUrl\":\"https:\\\/\\\/iha-race.com\\\/wp-content\\\/uploads\\\/2018\\\/07\\\/iha-race-drones-de-carreras-tienda-comprar-drones.png\",\"width\":300,\"height\":100,\"caption\":\"Iha Race\"},\"image\":{\"@id\":\"https:\\\/\\\/iha-race.com\\\/pt-pt\\\/#\\\/schema\\\/logo\\\/image\\\/\"}}]}<\/script>\n<!-- \/ Yoast SEO plugin. -->","yoast_head_json":{"title":"Antena Lumenier Dual AXII 2 de longo alcance 5,8 GHz (RHCP\/LHCP) - Iha Race","robots":{"index":"index","follow":"follow","max-snippet":"max-snippet:-1","max-image-preview":"max-image-preview:large","max-video-preview":"max-video-preview:-1"},"canonical":"https:\/\/iha-race.com\/pt-pt\/produto\/antena-lumenier-double-axii-2-long-range-58-ghz-rhcp-lhcp\/","og_locale":"pt_PT","og_type":"article","og_title":"Antena Lumenier Dual AXII 2 de longo alcance 5,8 GHz (RHCP\/LHCP) - Iha Race","og_description":"O Double AXII 2 pega nas melhores partes da antena original AXII 2 e duplica o ganho para melhorar o alcance e o desempenho! \u00c9 uma antena FPV de polariza\u00e7\u00e3o circular omnidireccional de alto ganho num factor de forma compacta.","og_url":"https:\/\/iha-race.com\/pt-pt\/produto\/antena-lumenier-double-axii-2-long-range-58-ghz-rhcp-lhcp\/","og_site_name":"Iha Race","article_modified_time":"2024-08-29T14:11:10+00:00","og_image":[{"width":1000,"height":1000,"url":"https:\/\/iha-race.com\/wp-content\/uploads\/2020\/01\/Antena-Lumenier-Doble-AXII-2-Long-Range-58-GHz-RHCP-LHCP.jpg","type":"image\/jpeg"}],"twitter_card":"summary_large_image","twitter_misc":{"Tempo estimado de leitura":"3 minutos"},"schema":{"@context":"https:\/\/schema.org","@graph":[{"@type":"WebPage","@id":"https:\/\/iha-race.com\/pt-pt\/produto\/antena-lumenier-double-axii-2-long-range-58-ghz-rhcp-lhcp\/","url":"https:\/\/iha-race.com\/pt-pt\/produto\/antena-lumenier-double-axii-2-long-range-58-ghz-rhcp-lhcp\/","name":"Antena Lumenier Dual AXII 2 de longo alcance 5,8 GHz (RHCP\/LHCP) - Iha Race","isPartOf":{"@id":"https:\/\/iha-race.com\/pt-pt\/#website"},"primaryImageOfPage":{"@id":"https:\/\/iha-race.com\/pt-pt\/produto\/antena-lumenier-double-axii-2-long-range-58-ghz-rhcp-lhcp\/#primaryimage"},"image":{"@id":"https:\/\/iha-race.com\/pt-pt\/produto\/antena-lumenier-double-axii-2-long-range-58-ghz-rhcp-lhcp\/#primaryimage"},"thumbnailUrl":"https:\/\/iha-race.com\/wp-content\/uploads\/2020\/01\/Antena-Lumenier-Doble-AXII-2-Long-Range-58-GHz-RHCP-LHCP.jpg","datePublished":"2020-01-30T09:40:46+00:00","dateModified":"2024-08-29T14:11:10+00:00","breadcrumb":{"@id":"https:\/\/iha-race.com\/pt-pt\/produto\/antena-lumenier-double-axii-2-long-range-58-ghz-rhcp-lhcp\/#breadcrumb"},"inLanguage":"pt-PT","potentialAction":[{"@type":"ReadAction","target":["https:\/\/iha-race.com\/pt-pt\/produto\/antena-lumenier-double-axii-2-long-range-58-ghz-rhcp-lhcp\/"]}]},{"@type":"ImageObject","inLanguage":"pt-PT","@id":"https:\/\/iha-race.com\/pt-pt\/produto\/antena-lumenier-double-axii-2-long-range-58-ghz-rhcp-lhcp\/#primaryimage","url":"https:\/\/iha-race.com\/wp-content\/uploads\/2020\/01\/Antena-Lumenier-Doble-AXII-2-Long-Range-58-GHz-RHCP-LHCP.jpg","contentUrl":"https:\/\/iha-race.com\/wp-content\/uploads\/2020\/01\/Antena-Lumenier-Doble-AXII-2-Long-Range-58-GHz-RHCP-LHCP.jpg","width":1000,"height":1000,"caption":"comprar a Antena Lumenier Double AXII 2 Long Range 5,8 GHz mais barata (RHCP LHCP)"},{"@type":"BreadcrumbList","@id":"https:\/\/iha-race.com\/pt-pt\/produto\/antena-lumenier-double-axii-2-long-range-58-ghz-rhcp-lhcp\/#breadcrumb","itemListElement":[{"@type":"ListItem","position":1,"name":"Portada","item":"https:\/\/iha-race.com\/pt-pt\/elementor-499\/"},{"@type":"ListItem","position":2,"name":"Shop","item":"https:\/\/iha-race.com\/pt-pt\/shop\/"},{"@type":"ListItem","position":3,"name":"Antena Lumenier Dual AXII 2 de longo alcance 5,8 GHz (RHCP\/LHCP)"}]},{"@type":"WebSite","@id":"https:\/\/iha-race.com\/pt-pt\/#website","url":"https:\/\/iha-race.com\/pt-pt\/","name":"Iha Race","description":"Comprar drones de carreras FPV env\u00edos en un d\u00eda desde Espa\u00f1a","publisher":{"@id":"https:\/\/iha-race.com\/pt-pt\/#organization"},"potentialAction":[{"@type":"SearchAction","target":{"@type":"EntryPoint","urlTemplate":"https:\/\/iha-race.com\/pt-pt\/?s={search_term_string}"},"query-input":{"@type":"PropertyValueSpecification","valueRequired":true,"valueName":"search_term_string"}}],"inLanguage":"pt-PT"},{"@type":"Organization","@id":"https:\/\/iha-race.com\/pt-pt\/#organization","name":"Iha Race","url":"https:\/\/iha-race.com\/pt-pt\/","logo":{"@type":"ImageObject","inLanguage":"pt-PT","@id":"https:\/\/iha-race.com\/pt-pt\/#\/schema\/logo\/image\/","url":"https:\/\/iha-race.com\/wp-content\/uploads\/2018\/07\/iha-race-drones-de-carreras-tienda-comprar-drones.png","contentUrl":"https:\/\/iha-race.com\/wp-content\/uploads\/2018\/07\/iha-race-drones-de-carreras-tienda-comprar-drones.png","width":300,"height":100,"caption":"Iha Race"},"image":{"@id":"https:\/\/iha-race.com\/pt-pt\/#\/schema\/logo\/image\/"}}]}},"jetpack_sharing_enabled":true,"brands":[],"_links":{"self":[{"href":"https:\/\/iha-race.com\/pt-pt\/wp-json\/wp\/v2\/product\/112857","targetHints":{"allow":["GET"]}}],"collection":[{"href":"https:\/\/iha-race.com\/pt-pt\/wp-json\/wp\/v2\/product"}],"about":[{"href":"https:\/\/iha-race.com\/pt-pt\/wp-json\/wp\/v2\/types\/product"}],"replies":[{"embeddable":true,"href":"https:\/\/iha-race.com\/pt-pt\/wp-json\/wp\/v2\/comments?post=112857"}],"version-history":[{"count":2,"href":"https:\/\/iha-race.com\/pt-pt\/wp-json\/wp\/v2\/product\/112857\/revisions"}],"predecessor-version":[{"id":250036,"href":"https:\/\/iha-race.com\/pt-pt\/wp-json\/wp\/v2\/product\/112857\/revisions\/250036"}],"wp:featuredmedia":[{"embeddable":true,"href":"https:\/\/iha-race.com\/pt-pt\/wp-json\/wp\/v2\/media\/107233"}],"wp:attachment":[{"href":"https:\/\/iha-race.com\/pt-pt\/wp-json\/wp\/v2\/media?parent=112857"}],"wp:term":[{"taxonomy":"pwb-brand","embeddable":true,"href":"https:\/\/iha-race.com\/pt-pt\/wp-json\/wp\/v2\/pwb-brand?post=112857"},{"taxonomy":"product_cat","embeddable":true,"href":"https:\/\/iha-race.com\/pt-pt\/wp-json\/wp\/v2\/product_cat?post=112857"},{"taxonomy":"product_tag","embeddable":true,"href":"https:\/\/iha-race.com\/pt-pt\/wp-json\/wp\/v2\/product_tag?post=112857"}],"curies":[{"name":"wp","href":"https:\/\/api.w.org\/{rel}","templated":true}]}}