{"id":112855,"date":"2020-03-10T16:50:51","date_gmt":"2020-03-10T15:50:51","guid":{"rendered":"https:\/\/iha-race.com\/producto\/bateria-tattu-funfly-series-1550mah-22-2v-100c-6s1p-xt60\/"},"modified":"2025-09-30T14:14:11","modified_gmt":"2025-09-30T12:14:11","slug":"bateria-tattu-funfly-series-1550mah-22-2v-100c-6s1p-xt60","status":"publish","type":"product","link":"https:\/\/iha-race.com\/pt-pt\/produto\/bateria-tattu-funfly-series-1550mah-22-2v-100c-6s1p-xt60\/","title":{"rendered":"Bateria Tattu Funfly Series 1550mAh 22.2V 100C 6S1P XT60"},"content":{"rendered":"<h2>Bateria Tattu Funfly Series 1550mAh 22.2V 100C 6S1P XT60<\/h2>\n<p><strong>Funfly<\/strong>, o encantador novo membro da fam\u00edlia Tattu, especialmente concebido para treino di\u00e1rio e estilo livre. Est\u00e1 cansado das press\u00f5es do cen\u00e1rio das corridas? Tudo o que precisa de fazer \u00e9 encontrar um local tranquilo num parque local ou em qualquer \u00e1rea aberta para iniciar a sua forma\u00e7\u00e3o. Com o seu desempenho est\u00e1vel, pode concentrar-se nos seus flips, rolos e loops de pot\u00eancia e aperfei\u00e7oar as suas linhas de fluido livre. A divers\u00e3o \u00e9 voar. A partir de agora, n\u00e3o te preocupes com o que os outros dizem, seja bom ou mau, positivo ou negativo, apenas usa os teus dispositivos de voo e come\u00e7a o teu pr\u00f3prio estilo livre. <strong>A bateria Lipo Tattu Funfly 1550mAh 6S 100C da s\u00e9rie Lipo Tattu<\/strong> foi especificamente concebida para quadric\u00f3pteros FPV que requerem altas taxas de descarga. A bateria de Tattu tem a combina\u00e7\u00e3o ideal de pot\u00eancia e peso. As baterias Tattu fornecem energia fi\u00e1vel e de alta qualidade para o teu Multirotor ou Aeronave. Todos os LiPos Tattu s\u00e3o embalados com material \u00e0 prova de vibra\u00e7\u00e3o e fogo e a nossa caixa de baterias de luxo. Certifique-se de que a sua bateria est\u00e1 em perfeitas condi\u00e7\u00f5es. Um processo autom\u00e1tico e um processo de correspond\u00eancia das c\u00e9lulas das baterias no sistema inform\u00e1tico garantem a estabilidade e qualidade das baterias. Ao contr\u00e1rio da s\u00e9rie Gens Ace original, a TATTU \u00e9 especializada para o mercado de UAV e UAS, com a sua qualidade industrial (uma vez que Gens Ace est\u00e1 baseada na \u00e1rea de Hobby), o seu lema &#8220;menos \u00e9 mais&#8221;, &#8220;mais&#8221; significa mais tempo de voo, mais prazer e mais satisfa\u00e7\u00e3o, e &#8220;menos&#8221; significa menos peso, desenho simples. A Tattu desenvolve sempre os seus produtos de acordo com estas 2 instru\u00e7\u00f5es, o que te d\u00e1 uma bateria de alta qualidade.  <\/p>\n<h3><strong>Especifica\u00e7\u00f5es:<\/strong><\/h3>\n<ul>\n<li>Capacidade: 1550mAh<\/li>\n<li>Voltagem: 22.2V \/ 6S<\/li>\n<li>Velocidade de descarga: 100C<\/li>\n<li>Peso (\u00b1 10g): 260g<\/li>\n<li>  Tamanho (\u00b1 5): 75 * 36 * 51 mm<\/li>\n<\/ul>\n","protected":false},"excerpt":{"rendered":"<p>Bateria Tattu Funfly Series 1550mAh 22.2V 100C 6S1P XT60 Funfly, o encantador novo membro da fam\u00edlia Tattu, especialmente concebido para treino di\u00e1rio e estilo livre. Est\u00e1 cansado das press\u00f5es do<\/p>\n","protected":false},"featured_media":85447,"comment_status":"open","ping_status":"closed","template":"","meta":{"_joinchat":[]},"pwb-brand":[],"product_cat":[1062,1339],"product_tag":[],"class_list":{"0":"post-112855","1":"product","2":"type-product","3":"status-publish","4":"has-post-thumbnail","6":"product_cat-baterias-fpv","7":"product_cat-s6-pt-pt","9":"first","10":"outofstock","11":"taxable","12":"shipping-taxable","13":"purchasable","14":"product-type-simple"},"barcode":null,"atum_controlled":true,"out_stock_date":"2025-09-30 14:14:11","out_stock_threshold":null,"inheritable":false,"stock_on_hold":0,"sold_today":0,"sales_last_days":0,"out_stock_days":199,"lost_sales":2302,"update_date":"2026-04-18T09:49:17","atum_locations":[],"atum_stock_status":"outofstock","restock_status":false,"low_stock_amount":"","sales_update_date":"2026-04-18T09:49:17","calc_backorders":null,"yoast_head":"<!-- This site is optimized with the Yoast SEO plugin v27.3 - https:\/\/yoast.com\/product\/yoast-seo-wordpress\/ -->\n<title>Bateria Tattu Funfly Series 1550mAh 22.2V 100C 6S1P XT60 - Iha Race<\/title>\n<meta name=\"robots\" content=\"index, follow, max-snippet:-1, max-image-preview:large, max-video-preview:-1\" \/>\n<link rel=\"canonical\" href=\"https:\/\/iha-race.com\/pt-pt\/produto\/bateria-tattu-funfly-series-1550mah-22-2v-100c-6s1p-xt60\/\" \/>\n<meta property=\"og:locale\" content=\"pt_PT\" \/>\n<meta property=\"og:type\" content=\"article\" \/>\n<meta property=\"og:title\" content=\"Bateria Tattu Funfly Series 1550mAh 22.2V 100C 6S1P XT60 - Iha Race\" \/>\n<meta property=\"og:description\" content=\"Bateria Tattu Funfly Series 1550mAh 22.2V 100C 6S1P XT60 Funfly, o encantador novo membro da fam\u00edlia Tattu, especialmente concebido para treino di\u00e1rio e estilo livre. Est\u00e1 cansado das press\u00f5es do\" \/>\n<meta property=\"og:url\" content=\"https:\/\/iha-race.com\/pt-pt\/produto\/bateria-tattu-funfly-series-1550mah-22-2v-100c-6s1p-xt60\/\" \/>\n<meta property=\"og:site_name\" content=\"Iha Race\" \/>\n<meta property=\"article:modified_time\" content=\"2025-09-30T12:14:11+00:00\" \/>\n<meta property=\"og:image\" content=\"https:\/\/iha-race.com\/wp-content\/uploads\/2020\/03\/ta-ff-100c-1550-6s1p2.jpg\" \/>\n\t<meta property=\"og:image:width\" content=\"800\" \/>\n\t<meta property=\"og:image:height\" content=\"800\" \/>\n\t<meta property=\"og:image:type\" content=\"image\/jpeg\" \/>\n<meta name=\"twitter:card\" content=\"summary_large_image\" \/>\n<meta name=\"twitter:label1\" content=\"Tempo estimado de leitura\" \/>\n\t<meta name=\"twitter:data1\" content=\"2 minutos\" \/>\n<script type=\"application\/ld+json\" class=\"yoast-schema-graph\">{\"@context\":\"https:\\\/\\\/schema.org\",\"@graph\":[{\"@type\":\"WebPage\",\"@id\":\"https:\\\/\\\/iha-race.com\\\/pt-pt\\\/produto\\\/bateria-tattu-funfly-series-1550mah-22-2v-100c-6s1p-xt60\\\/\",\"url\":\"https:\\\/\\\/iha-race.com\\\/pt-pt\\\/produto\\\/bateria-tattu-funfly-series-1550mah-22-2v-100c-6s1p-xt60\\\/\",\"name\":\"Bateria Tattu Funfly Series 1550mAh 22.2V 100C 6S1P XT60 - Iha Race\",\"isPartOf\":{\"@id\":\"https:\\\/\\\/iha-race.com\\\/pt-pt\\\/#website\"},\"primaryImageOfPage\":{\"@id\":\"https:\\\/\\\/iha-race.com\\\/pt-pt\\\/produto\\\/bateria-tattu-funfly-series-1550mah-22-2v-100c-6s1p-xt60\\\/#primaryimage\"},\"image\":{\"@id\":\"https:\\\/\\\/iha-race.com\\\/pt-pt\\\/produto\\\/bateria-tattu-funfly-series-1550mah-22-2v-100c-6s1p-xt60\\\/#primaryimage\"},\"thumbnailUrl\":\"https:\\\/\\\/iha-race.com\\\/wp-content\\\/uploads\\\/2020\\\/03\\\/ta-ff-100c-1550-6s1p2.jpg\",\"datePublished\":\"2020-03-10T15:50:51+00:00\",\"dateModified\":\"2025-09-30T12:14:11+00:00\",\"breadcrumb\":{\"@id\":\"https:\\\/\\\/iha-race.com\\\/pt-pt\\\/produto\\\/bateria-tattu-funfly-series-1550mah-22-2v-100c-6s1p-xt60\\\/#breadcrumb\"},\"inLanguage\":\"pt-PT\",\"potentialAction\":[{\"@type\":\"ReadAction\",\"target\":[\"https:\\\/\\\/iha-race.com\\\/pt-pt\\\/produto\\\/bateria-tattu-funfly-series-1550mah-22-2v-100c-6s1p-xt60\\\/\"]}]},{\"@type\":\"ImageObject\",\"inLanguage\":\"pt-PT\",\"@id\":\"https:\\\/\\\/iha-race.com\\\/pt-pt\\\/produto\\\/bateria-tattu-funfly-series-1550mah-22-2v-100c-6s1p-xt60\\\/#primaryimage\",\"url\":\"https:\\\/\\\/iha-race.com\\\/wp-content\\\/uploads\\\/2020\\\/03\\\/ta-ff-100c-1550-6s1p2.jpg\",\"contentUrl\":\"https:\\\/\\\/iha-race.com\\\/wp-content\\\/uploads\\\/2020\\\/03\\\/ta-ff-100c-1550-6s1p2.jpg\",\"width\":800,\"height\":800,\"caption\":\"Tattu Funfly Series 1550mAh 22.2V 100C 6S1P XT60\"},{\"@type\":\"BreadcrumbList\",\"@id\":\"https:\\\/\\\/iha-race.com\\\/pt-pt\\\/produto\\\/bateria-tattu-funfly-series-1550mah-22-2v-100c-6s1p-xt60\\\/#breadcrumb\",\"itemListElement\":[{\"@type\":\"ListItem\",\"position\":1,\"name\":\"Portada\",\"item\":\"https:\\\/\\\/iha-race.com\\\/pt-pt\\\/elementor-499\\\/\"},{\"@type\":\"ListItem\",\"position\":2,\"name\":\"Shop\",\"item\":\"https:\\\/\\\/iha-race.com\\\/pt-pt\\\/shop\\\/\"},{\"@type\":\"ListItem\",\"position\":3,\"name\":\"Bateria Tattu Funfly Series 1550mAh 22.2V 100C 6S1P XT60\"}]},{\"@type\":\"WebSite\",\"@id\":\"https:\\\/\\\/iha-race.com\\\/pt-pt\\\/#website\",\"url\":\"https:\\\/\\\/iha-race.com\\\/pt-pt\\\/\",\"name\":\"Iha Race\",\"description\":\"Comprar drones de carreras FPV env\u00edos en un d\u00eda desde Espa\u00f1a\",\"publisher\":{\"@id\":\"https:\\\/\\\/iha-race.com\\\/pt-pt\\\/#organization\"},\"potentialAction\":[{\"@type\":\"SearchAction\",\"target\":{\"@type\":\"EntryPoint\",\"urlTemplate\":\"https:\\\/\\\/iha-race.com\\\/pt-pt\\\/?s={search_term_string}\"},\"query-input\":{\"@type\":\"PropertyValueSpecification\",\"valueRequired\":true,\"valueName\":\"search_term_string\"}}],\"inLanguage\":\"pt-PT\"},{\"@type\":\"Organization\",\"@id\":\"https:\\\/\\\/iha-race.com\\\/pt-pt\\\/#organization\",\"name\":\"Iha Race\",\"url\":\"https:\\\/\\\/iha-race.com\\\/pt-pt\\\/\",\"logo\":{\"@type\":\"ImageObject\",\"inLanguage\":\"pt-PT\",\"@id\":\"https:\\\/\\\/iha-race.com\\\/pt-pt\\\/#\\\/schema\\\/logo\\\/image\\\/\",\"url\":\"https:\\\/\\\/iha-race.com\\\/wp-content\\\/uploads\\\/2018\\\/07\\\/iha-race-drones-de-carreras-tienda-comprar-drones.png\",\"contentUrl\":\"https:\\\/\\\/iha-race.com\\\/wp-content\\\/uploads\\\/2018\\\/07\\\/iha-race-drones-de-carreras-tienda-comprar-drones.png\",\"width\":300,\"height\":100,\"caption\":\"Iha Race\"},\"image\":{\"@id\":\"https:\\\/\\\/iha-race.com\\\/pt-pt\\\/#\\\/schema\\\/logo\\\/image\\\/\"}}]}<\/script>\n<!-- \/ Yoast SEO plugin. -->","yoast_head_json":{"title":"Bateria Tattu Funfly Series 1550mAh 22.2V 100C 6S1P XT60 - Iha Race","robots":{"index":"index","follow":"follow","max-snippet":"max-snippet:-1","max-image-preview":"max-image-preview:large","max-video-preview":"max-video-preview:-1"},"canonical":"https:\/\/iha-race.com\/pt-pt\/produto\/bateria-tattu-funfly-series-1550mah-22-2v-100c-6s1p-xt60\/","og_locale":"pt_PT","og_type":"article","og_title":"Bateria Tattu Funfly Series 1550mAh 22.2V 100C 6S1P XT60 - Iha Race","og_description":"Bateria Tattu Funfly Series 1550mAh 22.2V 100C 6S1P XT60 Funfly, o encantador novo membro da fam\u00edlia Tattu, especialmente concebido para treino di\u00e1rio e estilo livre. Est\u00e1 cansado das press\u00f5es do","og_url":"https:\/\/iha-race.com\/pt-pt\/produto\/bateria-tattu-funfly-series-1550mah-22-2v-100c-6s1p-xt60\/","og_site_name":"Iha Race","article_modified_time":"2025-09-30T12:14:11+00:00","og_image":[{"width":800,"height":800,"url":"https:\/\/iha-race.com\/wp-content\/uploads\/2020\/03\/ta-ff-100c-1550-6s1p2.jpg","type":"image\/jpeg"}],"twitter_card":"summary_large_image","twitter_misc":{"Tempo estimado de leitura":"2 minutos"},"schema":{"@context":"https:\/\/schema.org","@graph":[{"@type":"WebPage","@id":"https:\/\/iha-race.com\/pt-pt\/produto\/bateria-tattu-funfly-series-1550mah-22-2v-100c-6s1p-xt60\/","url":"https:\/\/iha-race.com\/pt-pt\/produto\/bateria-tattu-funfly-series-1550mah-22-2v-100c-6s1p-xt60\/","name":"Bateria Tattu Funfly Series 1550mAh 22.2V 100C 6S1P XT60 - Iha Race","isPartOf":{"@id":"https:\/\/iha-race.com\/pt-pt\/#website"},"primaryImageOfPage":{"@id":"https:\/\/iha-race.com\/pt-pt\/produto\/bateria-tattu-funfly-series-1550mah-22-2v-100c-6s1p-xt60\/#primaryimage"},"image":{"@id":"https:\/\/iha-race.com\/pt-pt\/produto\/bateria-tattu-funfly-series-1550mah-22-2v-100c-6s1p-xt60\/#primaryimage"},"thumbnailUrl":"https:\/\/iha-race.com\/wp-content\/uploads\/2020\/03\/ta-ff-100c-1550-6s1p2.jpg","datePublished":"2020-03-10T15:50:51+00:00","dateModified":"2025-09-30T12:14:11+00:00","breadcrumb":{"@id":"https:\/\/iha-race.com\/pt-pt\/produto\/bateria-tattu-funfly-series-1550mah-22-2v-100c-6s1p-xt60\/#breadcrumb"},"inLanguage":"pt-PT","potentialAction":[{"@type":"ReadAction","target":["https:\/\/iha-race.com\/pt-pt\/produto\/bateria-tattu-funfly-series-1550mah-22-2v-100c-6s1p-xt60\/"]}]},{"@type":"ImageObject","inLanguage":"pt-PT","@id":"https:\/\/iha-race.com\/pt-pt\/produto\/bateria-tattu-funfly-series-1550mah-22-2v-100c-6s1p-xt60\/#primaryimage","url":"https:\/\/iha-race.com\/wp-content\/uploads\/2020\/03\/ta-ff-100c-1550-6s1p2.jpg","contentUrl":"https:\/\/iha-race.com\/wp-content\/uploads\/2020\/03\/ta-ff-100c-1550-6s1p2.jpg","width":800,"height":800,"caption":"Tattu Funfly Series 1550mAh 22.2V 100C 6S1P XT60"},{"@type":"BreadcrumbList","@id":"https:\/\/iha-race.com\/pt-pt\/produto\/bateria-tattu-funfly-series-1550mah-22-2v-100c-6s1p-xt60\/#breadcrumb","itemListElement":[{"@type":"ListItem","position":1,"name":"Portada","item":"https:\/\/iha-race.com\/pt-pt\/elementor-499\/"},{"@type":"ListItem","position":2,"name":"Shop","item":"https:\/\/iha-race.com\/pt-pt\/shop\/"},{"@type":"ListItem","position":3,"name":"Bateria Tattu Funfly Series 1550mAh 22.2V 100C 6S1P XT60"}]},{"@type":"WebSite","@id":"https:\/\/iha-race.com\/pt-pt\/#website","url":"https:\/\/iha-race.com\/pt-pt\/","name":"Iha Race","description":"Comprar drones de carreras FPV env\u00edos en un d\u00eda desde Espa\u00f1a","publisher":{"@id":"https:\/\/iha-race.com\/pt-pt\/#organization"},"potentialAction":[{"@type":"SearchAction","target":{"@type":"EntryPoint","urlTemplate":"https:\/\/iha-race.com\/pt-pt\/?s={search_term_string}"},"query-input":{"@type":"PropertyValueSpecification","valueRequired":true,"valueName":"search_term_string"}}],"inLanguage":"pt-PT"},{"@type":"Organization","@id":"https:\/\/iha-race.com\/pt-pt\/#organization","name":"Iha Race","url":"https:\/\/iha-race.com\/pt-pt\/","logo":{"@type":"ImageObject","inLanguage":"pt-PT","@id":"https:\/\/iha-race.com\/pt-pt\/#\/schema\/logo\/image\/","url":"https:\/\/iha-race.com\/wp-content\/uploads\/2018\/07\/iha-race-drones-de-carreras-tienda-comprar-drones.png","contentUrl":"https:\/\/iha-race.com\/wp-content\/uploads\/2018\/07\/iha-race-drones-de-carreras-tienda-comprar-drones.png","width":300,"height":100,"caption":"Iha Race"},"image":{"@id":"https:\/\/iha-race.com\/pt-pt\/#\/schema\/logo\/image\/"}}]}},"jetpack_sharing_enabled":true,"brands":[],"_links":{"self":[{"href":"https:\/\/iha-race.com\/pt-pt\/wp-json\/wp\/v2\/product\/112855","targetHints":{"allow":["GET"]}}],"collection":[{"href":"https:\/\/iha-race.com\/pt-pt\/wp-json\/wp\/v2\/product"}],"about":[{"href":"https:\/\/iha-race.com\/pt-pt\/wp-json\/wp\/v2\/types\/product"}],"replies":[{"embeddable":true,"href":"https:\/\/iha-race.com\/pt-pt\/wp-json\/wp\/v2\/comments?post=112855"}],"version-history":[{"count":2,"href":"https:\/\/iha-race.com\/pt-pt\/wp-json\/wp\/v2\/product\/112855\/revisions"}],"predecessor-version":[{"id":249992,"href":"https:\/\/iha-race.com\/pt-pt\/wp-json\/wp\/v2\/product\/112855\/revisions\/249992"}],"wp:featuredmedia":[{"embeddable":true,"href":"https:\/\/iha-race.com\/pt-pt\/wp-json\/wp\/v2\/media\/85447"}],"wp:attachment":[{"href":"https:\/\/iha-race.com\/pt-pt\/wp-json\/wp\/v2\/media?parent=112855"}],"wp:term":[{"taxonomy":"pwb-brand","embeddable":true,"href":"https:\/\/iha-race.com\/pt-pt\/wp-json\/wp\/v2\/pwb-brand?post=112855"},{"taxonomy":"product_cat","embeddable":true,"href":"https:\/\/iha-race.com\/pt-pt\/wp-json\/wp\/v2\/product_cat?post=112855"},{"taxonomy":"product_tag","embeddable":true,"href":"https:\/\/iha-race.com\/pt-pt\/wp-json\/wp\/v2\/product_tag?post=112855"}],"curies":[{"name":"wp","href":"https:\/\/api.w.org\/{rel}","templated":true}]}}