{"id":112822,"date":"2020-03-06T18:05:48","date_gmt":"2020-03-06T17:05:48","guid":{"rendered":"https:\/\/iha-race.com\/producto\/hq-freestyle-propulsor-5x4-3x3v2s-2cw-2ccw\/"},"modified":"2026-03-17T10:57:33","modified_gmt":"2026-03-17T09:57:33","slug":"hq-freestyle-prop-5x4-3x3v2s-2cw-2ccw","status":"publish","type":"product","link":"https:\/\/iha-race.com\/pt-pt\/produto\/hq-freestyle-prop-5x4-3x3v2s-2cw-2ccw\/","title":{"rendered":"HQ Freestyle Propulsor 5X4.3X3V2S (2CW + 2CCW)"},"content":{"rendered":"<h2>HQ Freestyle Propulsor 5X4.3X3V2S (2CW + 2CCW) &#8211; V\u00e1rias Cores<\/h2>\n<p>  A HQProp dedica-se a fornecer h\u00e9lices de alta qualidade para modelos de UAV RC que se adaptam a tudo, desde Mini Racing \/ Acro Quad-Copters a multi-rotores maiores e drones de fotografia a\u00e9rea. Os designers da sede colaboraram tanto com fabricantes de quadros como com pilotos not\u00e1veis para desenvolver uma vasta gama de acess\u00f3rios de maior desempenho, mais eficientes e mesmo dur\u00e1veis para corridas de FPV. Escolhe entre quatro cores diferentes: cinzento, azul, amarelo fluorescente e roxo.  <\/p>\n<h2 class=\"p1\"><span class=\"s1\">Especifica\u00e7\u00f5es:<\/span><\/h2>\n<ul>\n<li>Di\u00e2metro da h\u00e9lice: 5 polegadas<\/li>\n<li>Breu: 4.3<\/li>\n<li>L\u00e2minas: 3<\/li>\n<li>Material: policarbonato<\/li>\n<li>Peso: 3,8 g<\/li>\n<li>Di\u00e2metro do cubo: 12,8 mm<\/li>\n<li>Espessura do cubo: 6,5 mm<\/li>\n<li>Eixo: 5 mm<\/li>\n<li>An\u00e9is adaptadores: N\u00c3O<\/li>\n<\/ul>\n<h2><span class=\"s1\">O pacote inclui:<\/span><\/h2>\n<ul>\n<li><span class=\"s1\">2 x h\u00e9lices CCW HQProp Freestyle DP 5X4.3X3V2S<\/span><\/li>\n<li><span class=\"s1\">2 x h\u00e9lices HQProp Freestyle DP 5X4.3X3V2S CW<\/span><\/li>\n<\/ul>\n","protected":false},"excerpt":{"rendered":"<p>HQ Freestyle Propulsor 5X4.3X3V2S (2CW + 2CCW) &#8211; V\u00e1rias Cores A HQProp dedica-se a fornecer h\u00e9lices de alta qualidade para modelos de UAV RC que se adaptam a tudo, desde<\/p>\n","protected":false},"featured_media":93105,"comment_status":"open","ping_status":"closed","template":"","meta":{"_joinchat":[]},"pwb-brand":[],"product_cat":[1364,1288,1405],"product_tag":[],"class_list":{"0":"post-112822","1":"product","2":"type-product","3":"status-publish","4":"has-post-thumbnail","6":"product_cat-5-pt-pt","7":"product_cat-helices-fpv","8":"product_cat-tripalas-pt-pt","10":"first","11":"outofstock","12":"taxable","13":"shipping-taxable","14":"purchasable","15":"product-type-variable"},"barcode":null,"atum_controlled":true,"out_stock_date":null,"out_stock_threshold":null,"inheritable":true,"stock_on_hold":0,"sold_today":41,"sales_last_days":43,"out_stock_days":0,"lost_sales":0,"update_date":"2026-04-16T08:25:46","atum_locations":[],"atum_stock_status":"instock","restock_status":false,"low_stock_amount":"","sales_update_date":"2026-04-16T08:25:46","calc_backorders":null,"yoast_head":"<!-- This site is optimized with the Yoast SEO plugin v27.3 - https:\/\/yoast.com\/product\/yoast-seo-wordpress\/ -->\n<title>HQ Freestyle Propulsor 5X4.3X3V2S (2CW + 2CCW) - Iha Race<\/title>\n<meta name=\"robots\" content=\"index, follow, max-snippet:-1, max-image-preview:large, max-video-preview:-1\" \/>\n<link rel=\"canonical\" href=\"https:\/\/iha-race.com\/pt-pt\/produto\/hq-freestyle-prop-5x4-3x3v2s-2cw-2ccw\/\" \/>\n<meta property=\"og:locale\" content=\"pt_PT\" \/>\n<meta property=\"og:type\" content=\"article\" \/>\n<meta property=\"og:title\" content=\"HQ Freestyle Propulsor 5X4.3X3V2S (2CW + 2CCW) - Iha Race\" \/>\n<meta property=\"og:description\" content=\"HQ Freestyle Propulsor 5X4.3X3V2S (2CW + 2CCW) &#8211; V\u00e1rias Cores A HQProp dedica-se a fornecer h\u00e9lices de alta qualidade para modelos de UAV RC que se adaptam a tudo, desde\" \/>\n<meta property=\"og:url\" content=\"https:\/\/iha-race.com\/pt-pt\/produto\/hq-freestyle-prop-5x4-3x3v2s-2cw-2ccw\/\" \/>\n<meta property=\"og:site_name\" content=\"Iha Race\" \/>\n<meta property=\"article:modified_time\" content=\"2026-03-17T09:57:33+00:00\" \/>\n<meta property=\"og:image\" content=\"https:\/\/iha-race.com\/wp-content\/uploads\/2020\/03\/comprar-helices-5-pulgadas-hq-prop-v2s-1.jpg\" \/>\n\t<meta property=\"og:image:width\" content=\"800\" \/>\n\t<meta property=\"og:image:height\" content=\"800\" \/>\n\t<meta property=\"og:image:type\" content=\"image\/jpeg\" \/>\n<meta name=\"twitter:card\" content=\"summary_large_image\" \/>\n<meta name=\"twitter:label1\" content=\"Tempo estimado de leitura\" \/>\n\t<meta name=\"twitter:data1\" content=\"1 minuto\" \/>\n<script type=\"application\/ld+json\" class=\"yoast-schema-graph\">{\"@context\":\"https:\\\/\\\/schema.org\",\"@graph\":[{\"@type\":\"WebPage\",\"@id\":\"https:\\\/\\\/iha-race.com\\\/pt-pt\\\/produto\\\/hq-freestyle-prop-5x4-3x3v2s-2cw-2ccw\\\/\",\"url\":\"https:\\\/\\\/iha-race.com\\\/pt-pt\\\/produto\\\/hq-freestyle-prop-5x4-3x3v2s-2cw-2ccw\\\/\",\"name\":\"HQ Freestyle Propulsor 5X4.3X3V2S (2CW + 2CCW) - Iha Race\",\"isPartOf\":{\"@id\":\"https:\\\/\\\/iha-race.com\\\/pt-pt\\\/#website\"},\"primaryImageOfPage\":{\"@id\":\"https:\\\/\\\/iha-race.com\\\/pt-pt\\\/produto\\\/hq-freestyle-prop-5x4-3x3v2s-2cw-2ccw\\\/#primaryimage\"},\"image\":{\"@id\":\"https:\\\/\\\/iha-race.com\\\/pt-pt\\\/produto\\\/hq-freestyle-prop-5x4-3x3v2s-2cw-2ccw\\\/#primaryimage\"},\"thumbnailUrl\":\"https:\\\/\\\/iha-race.com\\\/wp-content\\\/uploads\\\/2020\\\/03\\\/comprar-helices-5-pulgadas-hq-prop-v2s-1.jpg\",\"datePublished\":\"2020-03-06T17:05:48+00:00\",\"dateModified\":\"2026-03-17T09:57:33+00:00\",\"breadcrumb\":{\"@id\":\"https:\\\/\\\/iha-race.com\\\/pt-pt\\\/produto\\\/hq-freestyle-prop-5x4-3x3v2s-2cw-2ccw\\\/#breadcrumb\"},\"inLanguage\":\"pt-PT\",\"potentialAction\":[{\"@type\":\"ReadAction\",\"target\":[\"https:\\\/\\\/iha-race.com\\\/pt-pt\\\/produto\\\/hq-freestyle-prop-5x4-3x3v2s-2cw-2ccw\\\/\"]}]},{\"@type\":\"ImageObject\",\"inLanguage\":\"pt-PT\",\"@id\":\"https:\\\/\\\/iha-race.com\\\/pt-pt\\\/produto\\\/hq-freestyle-prop-5x4-3x3v2s-2cw-2ccw\\\/#primaryimage\",\"url\":\"https:\\\/\\\/iha-race.com\\\/wp-content\\\/uploads\\\/2020\\\/03\\\/comprar-helices-5-pulgadas-hq-prop-v2s-1.jpg\",\"contentUrl\":\"https:\\\/\\\/iha-race.com\\\/wp-content\\\/uploads\\\/2020\\\/03\\\/comprar-helices-5-pulgadas-hq-prop-v2s-1.jpg\",\"width\":800,\"height\":800,\"caption\":\"buy-helices-5-inches-hq-prop-v2s\"},{\"@type\":\"BreadcrumbList\",\"@id\":\"https:\\\/\\\/iha-race.com\\\/pt-pt\\\/produto\\\/hq-freestyle-prop-5x4-3x3v2s-2cw-2ccw\\\/#breadcrumb\",\"itemListElement\":[{\"@type\":\"ListItem\",\"position\":1,\"name\":\"Portada\",\"item\":\"https:\\\/\\\/iha-race.com\\\/pt-pt\\\/elementor-499\\\/\"},{\"@type\":\"ListItem\",\"position\":2,\"name\":\"Shop\",\"item\":\"https:\\\/\\\/iha-race.com\\\/pt-pt\\\/shop\\\/\"},{\"@type\":\"ListItem\",\"position\":3,\"name\":\"HQ Freestyle Propulsor 5X4.3X3V2S (2CW + 2CCW)\"}]},{\"@type\":\"WebSite\",\"@id\":\"https:\\\/\\\/iha-race.com\\\/pt-pt\\\/#website\",\"url\":\"https:\\\/\\\/iha-race.com\\\/pt-pt\\\/\",\"name\":\"Iha Race\",\"description\":\"Comprar drones de carreras FPV env\u00edos en un d\u00eda desde Espa\u00f1a\",\"publisher\":{\"@id\":\"https:\\\/\\\/iha-race.com\\\/pt-pt\\\/#organization\"},\"potentialAction\":[{\"@type\":\"SearchAction\",\"target\":{\"@type\":\"EntryPoint\",\"urlTemplate\":\"https:\\\/\\\/iha-race.com\\\/pt-pt\\\/?s={search_term_string}\"},\"query-input\":{\"@type\":\"PropertyValueSpecification\",\"valueRequired\":true,\"valueName\":\"search_term_string\"}}],\"inLanguage\":\"pt-PT\"},{\"@type\":\"Organization\",\"@id\":\"https:\\\/\\\/iha-race.com\\\/pt-pt\\\/#organization\",\"name\":\"Iha Race\",\"url\":\"https:\\\/\\\/iha-race.com\\\/pt-pt\\\/\",\"logo\":{\"@type\":\"ImageObject\",\"inLanguage\":\"pt-PT\",\"@id\":\"https:\\\/\\\/iha-race.com\\\/pt-pt\\\/#\\\/schema\\\/logo\\\/image\\\/\",\"url\":\"https:\\\/\\\/iha-race.com\\\/wp-content\\\/uploads\\\/2018\\\/07\\\/iha-race-drones-de-carreras-tienda-comprar-drones.png\",\"contentUrl\":\"https:\\\/\\\/iha-race.com\\\/wp-content\\\/uploads\\\/2018\\\/07\\\/iha-race-drones-de-carreras-tienda-comprar-drones.png\",\"width\":300,\"height\":100,\"caption\":\"Iha Race\"},\"image\":{\"@id\":\"https:\\\/\\\/iha-race.com\\\/pt-pt\\\/#\\\/schema\\\/logo\\\/image\\\/\"}}]}<\/script>\n<!-- \/ Yoast SEO plugin. -->","yoast_head_json":{"title":"HQ Freestyle Propulsor 5X4.3X3V2S (2CW + 2CCW) - Iha Race","robots":{"index":"index","follow":"follow","max-snippet":"max-snippet:-1","max-image-preview":"max-image-preview:large","max-video-preview":"max-video-preview:-1"},"canonical":"https:\/\/iha-race.com\/pt-pt\/produto\/hq-freestyle-prop-5x4-3x3v2s-2cw-2ccw\/","og_locale":"pt_PT","og_type":"article","og_title":"HQ Freestyle Propulsor 5X4.3X3V2S (2CW + 2CCW) - Iha Race","og_description":"HQ Freestyle Propulsor 5X4.3X3V2S (2CW + 2CCW) &#8211; V\u00e1rias Cores A HQProp dedica-se a fornecer h\u00e9lices de alta qualidade para modelos de UAV RC que se adaptam a tudo, desde","og_url":"https:\/\/iha-race.com\/pt-pt\/produto\/hq-freestyle-prop-5x4-3x3v2s-2cw-2ccw\/","og_site_name":"Iha Race","article_modified_time":"2026-03-17T09:57:33+00:00","og_image":[{"width":800,"height":800,"url":"https:\/\/iha-race.com\/wp-content\/uploads\/2020\/03\/comprar-helices-5-pulgadas-hq-prop-v2s-1.jpg","type":"image\/jpeg"}],"twitter_card":"summary_large_image","twitter_misc":{"Tempo estimado de leitura":"1 minuto"},"schema":{"@context":"https:\/\/schema.org","@graph":[{"@type":"WebPage","@id":"https:\/\/iha-race.com\/pt-pt\/produto\/hq-freestyle-prop-5x4-3x3v2s-2cw-2ccw\/","url":"https:\/\/iha-race.com\/pt-pt\/produto\/hq-freestyle-prop-5x4-3x3v2s-2cw-2ccw\/","name":"HQ Freestyle Propulsor 5X4.3X3V2S (2CW + 2CCW) - Iha Race","isPartOf":{"@id":"https:\/\/iha-race.com\/pt-pt\/#website"},"primaryImageOfPage":{"@id":"https:\/\/iha-race.com\/pt-pt\/produto\/hq-freestyle-prop-5x4-3x3v2s-2cw-2ccw\/#primaryimage"},"image":{"@id":"https:\/\/iha-race.com\/pt-pt\/produto\/hq-freestyle-prop-5x4-3x3v2s-2cw-2ccw\/#primaryimage"},"thumbnailUrl":"https:\/\/iha-race.com\/wp-content\/uploads\/2020\/03\/comprar-helices-5-pulgadas-hq-prop-v2s-1.jpg","datePublished":"2020-03-06T17:05:48+00:00","dateModified":"2026-03-17T09:57:33+00:00","breadcrumb":{"@id":"https:\/\/iha-race.com\/pt-pt\/produto\/hq-freestyle-prop-5x4-3x3v2s-2cw-2ccw\/#breadcrumb"},"inLanguage":"pt-PT","potentialAction":[{"@type":"ReadAction","target":["https:\/\/iha-race.com\/pt-pt\/produto\/hq-freestyle-prop-5x4-3x3v2s-2cw-2ccw\/"]}]},{"@type":"ImageObject","inLanguage":"pt-PT","@id":"https:\/\/iha-race.com\/pt-pt\/produto\/hq-freestyle-prop-5x4-3x3v2s-2cw-2ccw\/#primaryimage","url":"https:\/\/iha-race.com\/wp-content\/uploads\/2020\/03\/comprar-helices-5-pulgadas-hq-prop-v2s-1.jpg","contentUrl":"https:\/\/iha-race.com\/wp-content\/uploads\/2020\/03\/comprar-helices-5-pulgadas-hq-prop-v2s-1.jpg","width":800,"height":800,"caption":"buy-helices-5-inches-hq-prop-v2s"},{"@type":"BreadcrumbList","@id":"https:\/\/iha-race.com\/pt-pt\/produto\/hq-freestyle-prop-5x4-3x3v2s-2cw-2ccw\/#breadcrumb","itemListElement":[{"@type":"ListItem","position":1,"name":"Portada","item":"https:\/\/iha-race.com\/pt-pt\/elementor-499\/"},{"@type":"ListItem","position":2,"name":"Shop","item":"https:\/\/iha-race.com\/pt-pt\/shop\/"},{"@type":"ListItem","position":3,"name":"HQ Freestyle Propulsor 5X4.3X3V2S (2CW + 2CCW)"}]},{"@type":"WebSite","@id":"https:\/\/iha-race.com\/pt-pt\/#website","url":"https:\/\/iha-race.com\/pt-pt\/","name":"Iha Race","description":"Comprar drones de carreras FPV env\u00edos en un d\u00eda desde Espa\u00f1a","publisher":{"@id":"https:\/\/iha-race.com\/pt-pt\/#organization"},"potentialAction":[{"@type":"SearchAction","target":{"@type":"EntryPoint","urlTemplate":"https:\/\/iha-race.com\/pt-pt\/?s={search_term_string}"},"query-input":{"@type":"PropertyValueSpecification","valueRequired":true,"valueName":"search_term_string"}}],"inLanguage":"pt-PT"},{"@type":"Organization","@id":"https:\/\/iha-race.com\/pt-pt\/#organization","name":"Iha Race","url":"https:\/\/iha-race.com\/pt-pt\/","logo":{"@type":"ImageObject","inLanguage":"pt-PT","@id":"https:\/\/iha-race.com\/pt-pt\/#\/schema\/logo\/image\/","url":"https:\/\/iha-race.com\/wp-content\/uploads\/2018\/07\/iha-race-drones-de-carreras-tienda-comprar-drones.png","contentUrl":"https:\/\/iha-race.com\/wp-content\/uploads\/2018\/07\/iha-race-drones-de-carreras-tienda-comprar-drones.png","width":300,"height":100,"caption":"Iha Race"},"image":{"@id":"https:\/\/iha-race.com\/pt-pt\/#\/schema\/logo\/image\/"}}]}},"jetpack_sharing_enabled":true,"brands":[],"_links":{"self":[{"href":"https:\/\/iha-race.com\/pt-pt\/wp-json\/wp\/v2\/product\/112822","targetHints":{"allow":["GET"]}}],"collection":[{"href":"https:\/\/iha-race.com\/pt-pt\/wp-json\/wp\/v2\/product"}],"about":[{"href":"https:\/\/iha-race.com\/pt-pt\/wp-json\/wp\/v2\/types\/product"}],"replies":[{"embeddable":true,"href":"https:\/\/iha-race.com\/pt-pt\/wp-json\/wp\/v2\/comments?post=112822"}],"version-history":[{"count":2,"href":"https:\/\/iha-race.com\/pt-pt\/wp-json\/wp\/v2\/product\/112822\/revisions"}],"predecessor-version":[{"id":249987,"href":"https:\/\/iha-race.com\/pt-pt\/wp-json\/wp\/v2\/product\/112822\/revisions\/249987"}],"wp:featuredmedia":[{"embeddable":true,"href":"https:\/\/iha-race.com\/pt-pt\/wp-json\/wp\/v2\/media\/93105"}],"wp:attachment":[{"href":"https:\/\/iha-race.com\/pt-pt\/wp-json\/wp\/v2\/media?parent=112822"}],"wp:term":[{"taxonomy":"pwb-brand","embeddable":true,"href":"https:\/\/iha-race.com\/pt-pt\/wp-json\/wp\/v2\/pwb-brand?post=112822"},{"taxonomy":"product_cat","embeddable":true,"href":"https:\/\/iha-race.com\/pt-pt\/wp-json\/wp\/v2\/product_cat?post=112822"},{"taxonomy":"product_tag","embeddable":true,"href":"https:\/\/iha-race.com\/pt-pt\/wp-json\/wp\/v2\/product_tag?post=112822"}],"curies":[{"name":"wp","href":"https:\/\/api.w.org\/{rel}","templated":true}]}}