{"id":112818,"date":"2020-01-30T10:55:42","date_gmt":"2020-01-30T09:55:42","guid":{"rendered":"https:\/\/iha-race.com\/producto\/antena-lumenier-micro-axii-stubby-mmcx-5-8ghz-rhcp\/"},"modified":"2024-08-29T16:10:33","modified_gmt":"2024-08-29T14:10:33","slug":"antena-lumenier-micro-axii-stubby-mmcx-5-8ghz-rhcp-2","status":"publish","type":"product","link":"https:\/\/iha-race.com\/pt-pt\/produto\/antena-lumenier-micro-axii-stubby-mmcx-5-8ghz-rhcp-2\/","title":{"rendered":"Antena Lumenier Micro AXII Stubby MMCX 5.8GHz (RHCP)"},"content":{"rendered":"<h2>Antena Lumenier Micro AXII Stubby MMCX 5.8GHz (RHCP)<\/h2>\n<p>  A antena Lumenier Micro AXII Stubby leva as coisas para o pr\u00f3ximo n\u00edvel (mais pequeno). Lumenier, em colabora\u00e7\u00e3o com o famoso designer de antenas FPV Hugo de TrueRC, continua a trazer-lhe as antenas FPV mais pequenas, leves e de melhor desempenho do mundo. A antena Stubby Micro AXII \u00e9 uma inova\u00e7\u00e3o adicional na linha Micro AXII. Concebido para ser incrivelmente vers\u00e1til com o seu elemento \u00fanico de antena directa ao conector MMCX, o Stubby Micro AXII mant\u00e9m as coisas leves (2 g) e de baixo perfil, especialmente para uma antena circularmente polarizada. Com os mesmos componentes internos que o Micro AXII, obt\u00e9m um desempenho polarizado circular intransigente no seu quad quadriciclo completo ou micro, whoop escovado ou cinewhoop. A beleza do Micro AXII Stubby \u00e9 o conector MMCX. Pode ligar o Micro AXII Stubby directamente ao VTX para uma configura\u00e7\u00e3o de antena ridiculamente compacta. Para maior flexibilidade na coloca\u00e7\u00e3o da antena, utilize o cabo adaptador MMCX inclu\u00eddo para posicionar a sua antena exactamente onde a quer. Embora o Micro AXII seja pequeno e leve, n\u00e3o sacrifica o desempenho. De facto, tem um desempenho superior \u00e0 maioria das outras antenas em todas as categorias. A engenharia de precis\u00e3o deu a esta antena uma rejei\u00e7\u00e3o transversal polar quase perfeita, resultando numa verdadeira circularidade. Isto significa que uma antena RHCP Micro AXII rejeita quase 100% dos sinais LHCP, dando-lhe uma imagem clara e sem ru\u00eddo de m\u00faltiplos caminhos. Al\u00e9m disso, o Micro AXII tem um ganho m\u00e1ximo elevado de 1,6dBic, o que permite um melhor alcance e penetra\u00e7\u00e3o. Tem uma grande largura de banda que cobre a popular banda FPV de 5GHz de 5.5GHz-6.0GHz, assegurando-lhe um sinal claro e forte, independentemente da frequ\u00eancia em que se encontre. O Micro AXII foi concebido para ser ultra-dur\u00e1vel e suportar a batida que os pilotos de FPV colocam nas suas antenas. Todo o conjunto da antena \u00e9 protegido com seguran\u00e7a dentro do inv\u00f3lucro exterior moldado por injec\u00e7\u00e3o. A caixa exterior \u00e9 feita de policarbonato resistente ao impacto e est\u00e1 selada para proteger os elementos da antena no seu interior.  &nbsp;<\/p>\n<figure id=\"attachment_84981\" aria-describedby=\"caption-attachment-84981\" style=\"width: 1000px\" class=\"wp-caption aligncenter\"><img fetchpriority=\"high\" decoding=\"async\" class=\"size-full wp-image-45117\" src=\"https:\/\/iha-race.com\/wp-content\/uploads\/2020\/01\/axii-micro-stubby-cat-banner-1.jpg\" alt=\"Antena Lumenier Micro AXII Stubby MMCX 5.8GHz (RHCP)\" width=\"1000\" height=\"300\" srcset=\"https:\/\/iha-race.com\/wp-content\/uploads\/2020\/01\/axii-micro-stubby-cat-banner-1.jpg 1000w, https:\/\/iha-race.com\/wp-content\/uploads\/2020\/01\/axii-micro-stubby-cat-banner-1-600x180.jpg 600w, https:\/\/iha-race.com\/wp-content\/uploads\/2020\/01\/axii-micro-stubby-cat-banner-1-300x90.jpg 300w, https:\/\/iha-race.com\/wp-content\/uploads\/2020\/01\/axii-micro-stubby-cat-banner-1-1024x307.jpg 1024w, https:\/\/iha-race.com\/wp-content\/uploads\/2020\/01\/axii-micro-stubby-cat-banner-1-767x230.jpg 767w, https:\/\/iha-race.com\/wp-content\/uploads\/2020\/01\/axii-micro-stubby-cat-banner-1-1536x461.jpg 1536w, https:\/\/iha-race.com\/wp-content\/uploads\/2020\/01\/axii-micro-stubby-cat-banner-1-2048x614.jpg 2048w, https:\/\/iha-race.com\/wp-content\/uploads\/2020\/01\/axii-micro-stubby-cat-banner-1-788x236.jpg 788w\" sizes=\"(max-width: 1000px) 100vw, 1000px\" \/><figcaption id=\"caption-attachment-84981\" class=\"wp-caption-text\">Antena Lumenier Micro AXII Stubby MMCX 5.8GHz (RHCP)<\/figcaption><\/figure>\n<p>&nbsp;<\/p>\n<p>&nbsp;<\/p>\n<h2>Especifica\u00e7\u00f5es<\/h2>\n<ul>\n<li><strong>Ganho:<\/strong> 1.6dbic<\/li>\n<li><strong>Rejei\u00e7\u00e3o polar cruzada<\/strong>: -10 a -28dB (2,4%)<\/li>\n<li><strong>Largura de banda:<\/strong> 5.5GHz-6.0GHz<\/li>\n<li><strong>Efici\u00eancia da radia\u00e7\u00e3o:<\/strong> 98%.<\/li>\n<li><strong>SWR:<\/strong> &lt;= 1.5: 1<\/li>\n<li><strong>Peso:<\/strong> 2g<\/li>\n<li><strong>Tamanho:<\/strong> 22,1 mm x 13,5 mm<\/li>\n<li><strong>Conector:<\/strong> MMCX recto<\/li>\n<li>Compat\u00edvel com outros estilos de antenas RHCP de 5.8GHz<\/li>\n<\/ul>\n<h2><strong>Polariza\u00e7\u00e3o<\/strong><\/h2>\n<ul>\n<li>Circular da M\u00e3o Direita (RHCP)<\/li>\n<\/ul>\n<h2>Inclui<\/h2>\n<ul>\n<li>1x antena Lumenier Micro AXII Stubby MMCX 5.8GHz (RHCP)<\/li>\n<li>1x cabo adaptador MMCX f\u00eamea para MMCX macho de 145mm<\/li>\n<\/ul>\n<p><em>Conce\u00e7\u00e3o <a href=\"http:\/\/www.truerc.ca\/\" target=\"_blank\" rel=\"noopener noreferrer\"><img decoding=\"async\" src=\"https:\/\/cdn.getfpv.com\/media\/wysiwyg\/logos\/true-rc-cananda.png\" alt=\"TrueRC do Canad\u00e1\"><\/a> e fabrico por <a href=\"http:\/\/www.lumenier.com\/\" target=\"_blank\" rel=\"noopener noreferrer\"><img decoding=\"async\" src=\"https:\/\/cdn.getfpv.com\/media\/wysiwyg\/logos\/lumenier-logo.png\" alt=\"Lumenier\"><\/a> patente pendente.<\/em><\/p>\n","protected":false},"excerpt":{"rendered":"<p>Antena Lumenier Micro AXII Stubby MMCX 5.8GHz (RHCP) A antena Lumenier Micro AXII Stubby leva as coisas para o pr\u00f3ximo n\u00edvel (mais pequeno). Lumenier, em colabora\u00e7\u00e3o com o famoso designer<\/p>\n","protected":false},"featured_media":93578,"comment_status":"open","ping_status":"closed","template":"","meta":{"_joinchat":[]},"pwb-brand":[],"product_cat":[1198],"product_tag":[],"class_list":{"0":"post-112818","1":"product","2":"type-product","3":"status-publish","4":"has-post-thumbnail","6":"product_cat-antenas-fpv","8":"first","9":"instock","10":"taxable","11":"shipping-taxable","12":"purchasable","13":"product-type-simple"},"barcode":null,"atum_controlled":true,"out_stock_date":null,"out_stock_threshold":null,"inheritable":false,"stock_on_hold":0,"sold_today":0,"sales_last_days":0,"out_stock_days":0,"lost_sales":0,"update_date":"2026-04-18T19:10:51","atum_locations":[],"atum_stock_status":"instock","restock_status":false,"low_stock_amount":"","sales_update_date":"2026-04-18T19:10:51","calc_backorders":null,"yoast_head":"<!-- This site is optimized with the Yoast SEO plugin v27.3 - https:\/\/yoast.com\/product\/yoast-seo-wordpress\/ -->\n<title>Antena Lumenier Micro AXII Stubby MMCX 5.8GHz (RHCP) - Iha Race<\/title>\n<meta name=\"robots\" content=\"index, follow, max-snippet:-1, max-image-preview:large, max-video-preview:-1\" \/>\n<link rel=\"canonical\" href=\"https:\/\/iha-race.com\/pt-pt\/produto\/antena-lumenier-micro-axii-stubby-mmcx-5-8ghz-rhcp-2\/\" \/>\n<meta property=\"og:locale\" content=\"pt_PT\" \/>\n<meta property=\"og:type\" content=\"article\" \/>\n<meta property=\"og:title\" content=\"Antena Lumenier Micro AXII Stubby MMCX 5.8GHz (RHCP) - Iha Race\" \/>\n<meta property=\"og:description\" content=\"Antena Lumenier Micro AXII Stubby MMCX 5.8GHz (RHCP) A antena Lumenier Micro AXII Stubby leva as coisas para o pr\u00f3ximo n\u00edvel (mais pequeno). Lumenier, em colabora\u00e7\u00e3o com o famoso designer\" \/>\n<meta property=\"og:url\" content=\"https:\/\/iha-race.com\/pt-pt\/produto\/antena-lumenier-micro-axii-stubby-mmcx-5-8ghz-rhcp-2\/\" \/>\n<meta property=\"og:site_name\" content=\"Iha Race\" \/>\n<meta property=\"article:modified_time\" content=\"2024-08-29T14:10:33+00:00\" \/>\n<meta property=\"og:image\" content=\"https:\/\/iha-race.com\/wp-content\/uploads\/2020\/01\/Micro-AXII-5.8-S-RHCP-stubby-comprar-1.jpg\" \/>\n\t<meta property=\"og:image:width\" content=\"800\" \/>\n\t<meta property=\"og:image:height\" content=\"800\" \/>\n\t<meta property=\"og:image:type\" content=\"image\/jpeg\" \/>\n<meta name=\"twitter:card\" content=\"summary_large_image\" \/>\n<meta name=\"twitter:label1\" content=\"Tempo estimado de leitura\" \/>\n\t<meta name=\"twitter:data1\" content=\"2 minutos\" \/>\n<script type=\"application\/ld+json\" class=\"yoast-schema-graph\">{\"@context\":\"https:\\\/\\\/schema.org\",\"@graph\":[{\"@type\":\"WebPage\",\"@id\":\"https:\\\/\\\/iha-race.com\\\/pt-pt\\\/produto\\\/antena-lumenier-micro-axii-stubby-mmcx-5-8ghz-rhcp-2\\\/\",\"url\":\"https:\\\/\\\/iha-race.com\\\/pt-pt\\\/produto\\\/antena-lumenier-micro-axii-stubby-mmcx-5-8ghz-rhcp-2\\\/\",\"name\":\"Antena Lumenier Micro AXII Stubby MMCX 5.8GHz (RHCP) - Iha Race\",\"isPartOf\":{\"@id\":\"https:\\\/\\\/iha-race.com\\\/pt-pt\\\/#website\"},\"primaryImageOfPage\":{\"@id\":\"https:\\\/\\\/iha-race.com\\\/pt-pt\\\/produto\\\/antena-lumenier-micro-axii-stubby-mmcx-5-8ghz-rhcp-2\\\/#primaryimage\"},\"image\":{\"@id\":\"https:\\\/\\\/iha-race.com\\\/pt-pt\\\/produto\\\/antena-lumenier-micro-axii-stubby-mmcx-5-8ghz-rhcp-2\\\/#primaryimage\"},\"thumbnailUrl\":\"https:\\\/\\\/iha-race.com\\\/wp-content\\\/uploads\\\/2020\\\/01\\\/Micro-AXII-5.8-S-RHCP-stubby-comprar-1.jpg\",\"datePublished\":\"2020-01-30T09:55:42+00:00\",\"dateModified\":\"2024-08-29T14:10:33+00:00\",\"breadcrumb\":{\"@id\":\"https:\\\/\\\/iha-race.com\\\/pt-pt\\\/produto\\\/antena-lumenier-micro-axii-stubby-mmcx-5-8ghz-rhcp-2\\\/#breadcrumb\"},\"inLanguage\":\"pt-PT\",\"potentialAction\":[{\"@type\":\"ReadAction\",\"target\":[\"https:\\\/\\\/iha-race.com\\\/pt-pt\\\/produto\\\/antena-lumenier-micro-axii-stubby-mmcx-5-8ghz-rhcp-2\\\/\"]}]},{\"@type\":\"ImageObject\",\"inLanguage\":\"pt-PT\",\"@id\":\"https:\\\/\\\/iha-race.com\\\/pt-pt\\\/produto\\\/antena-lumenier-micro-axii-stubby-mmcx-5-8ghz-rhcp-2\\\/#primaryimage\",\"url\":\"https:\\\/\\\/iha-race.com\\\/wp-content\\\/uploads\\\/2020\\\/01\\\/Micro-AXII-5.8-S-RHCP-stubby-comprar-1.jpg\",\"contentUrl\":\"https:\\\/\\\/iha-race.com\\\/wp-content\\\/uploads\\\/2020\\\/01\\\/Micro-AXII-5.8-S-RHCP-stubby-comprar-1.jpg\",\"width\":800,\"height\":800,\"caption\":\"Micro-AXII-5.8-S-RHCP-stubby-buy\"},{\"@type\":\"BreadcrumbList\",\"@id\":\"https:\\\/\\\/iha-race.com\\\/pt-pt\\\/produto\\\/antena-lumenier-micro-axii-stubby-mmcx-5-8ghz-rhcp-2\\\/#breadcrumb\",\"itemListElement\":[{\"@type\":\"ListItem\",\"position\":1,\"name\":\"Portada\",\"item\":\"https:\\\/\\\/iha-race.com\\\/pt-pt\\\/elementor-499\\\/\"},{\"@type\":\"ListItem\",\"position\":2,\"name\":\"Shop\",\"item\":\"https:\\\/\\\/iha-race.com\\\/pt-pt\\\/shop\\\/\"},{\"@type\":\"ListItem\",\"position\":3,\"name\":\"Antena Lumenier Micro AXII Stubby MMCX 5.8GHz (RHCP)\"}]},{\"@type\":\"WebSite\",\"@id\":\"https:\\\/\\\/iha-race.com\\\/pt-pt\\\/#website\",\"url\":\"https:\\\/\\\/iha-race.com\\\/pt-pt\\\/\",\"name\":\"Iha Race\",\"description\":\"Comprar drones de carreras FPV env\u00edos en un d\u00eda desde Espa\u00f1a\",\"publisher\":{\"@id\":\"https:\\\/\\\/iha-race.com\\\/pt-pt\\\/#organization\"},\"potentialAction\":[{\"@type\":\"SearchAction\",\"target\":{\"@type\":\"EntryPoint\",\"urlTemplate\":\"https:\\\/\\\/iha-race.com\\\/pt-pt\\\/?s={search_term_string}\"},\"query-input\":{\"@type\":\"PropertyValueSpecification\",\"valueRequired\":true,\"valueName\":\"search_term_string\"}}],\"inLanguage\":\"pt-PT\"},{\"@type\":\"Organization\",\"@id\":\"https:\\\/\\\/iha-race.com\\\/pt-pt\\\/#organization\",\"name\":\"Iha Race\",\"url\":\"https:\\\/\\\/iha-race.com\\\/pt-pt\\\/\",\"logo\":{\"@type\":\"ImageObject\",\"inLanguage\":\"pt-PT\",\"@id\":\"https:\\\/\\\/iha-race.com\\\/pt-pt\\\/#\\\/schema\\\/logo\\\/image\\\/\",\"url\":\"https:\\\/\\\/iha-race.com\\\/wp-content\\\/uploads\\\/2018\\\/07\\\/iha-race-drones-de-carreras-tienda-comprar-drones.png\",\"contentUrl\":\"https:\\\/\\\/iha-race.com\\\/wp-content\\\/uploads\\\/2018\\\/07\\\/iha-race-drones-de-carreras-tienda-comprar-drones.png\",\"width\":300,\"height\":100,\"caption\":\"Iha Race\"},\"image\":{\"@id\":\"https:\\\/\\\/iha-race.com\\\/pt-pt\\\/#\\\/schema\\\/logo\\\/image\\\/\"}}]}<\/script>\n<!-- \/ Yoast SEO plugin. -->","yoast_head_json":{"title":"Antena Lumenier Micro AXII Stubby MMCX 5.8GHz (RHCP) - Iha Race","robots":{"index":"index","follow":"follow","max-snippet":"max-snippet:-1","max-image-preview":"max-image-preview:large","max-video-preview":"max-video-preview:-1"},"canonical":"https:\/\/iha-race.com\/pt-pt\/produto\/antena-lumenier-micro-axii-stubby-mmcx-5-8ghz-rhcp-2\/","og_locale":"pt_PT","og_type":"article","og_title":"Antena Lumenier Micro AXII Stubby MMCX 5.8GHz (RHCP) - Iha Race","og_description":"Antena Lumenier Micro AXII Stubby MMCX 5.8GHz (RHCP) A antena Lumenier Micro AXII Stubby leva as coisas para o pr\u00f3ximo n\u00edvel (mais pequeno). Lumenier, em colabora\u00e7\u00e3o com o famoso designer","og_url":"https:\/\/iha-race.com\/pt-pt\/produto\/antena-lumenier-micro-axii-stubby-mmcx-5-8ghz-rhcp-2\/","og_site_name":"Iha Race","article_modified_time":"2024-08-29T14:10:33+00:00","og_image":[{"width":800,"height":800,"url":"https:\/\/iha-race.com\/wp-content\/uploads\/2020\/01\/Micro-AXII-5.8-S-RHCP-stubby-comprar-1.jpg","type":"image\/jpeg"}],"twitter_card":"summary_large_image","twitter_misc":{"Tempo estimado de leitura":"2 minutos"},"schema":{"@context":"https:\/\/schema.org","@graph":[{"@type":"WebPage","@id":"https:\/\/iha-race.com\/pt-pt\/produto\/antena-lumenier-micro-axii-stubby-mmcx-5-8ghz-rhcp-2\/","url":"https:\/\/iha-race.com\/pt-pt\/produto\/antena-lumenier-micro-axii-stubby-mmcx-5-8ghz-rhcp-2\/","name":"Antena Lumenier Micro AXII Stubby MMCX 5.8GHz (RHCP) - Iha Race","isPartOf":{"@id":"https:\/\/iha-race.com\/pt-pt\/#website"},"primaryImageOfPage":{"@id":"https:\/\/iha-race.com\/pt-pt\/produto\/antena-lumenier-micro-axii-stubby-mmcx-5-8ghz-rhcp-2\/#primaryimage"},"image":{"@id":"https:\/\/iha-race.com\/pt-pt\/produto\/antena-lumenier-micro-axii-stubby-mmcx-5-8ghz-rhcp-2\/#primaryimage"},"thumbnailUrl":"https:\/\/iha-race.com\/wp-content\/uploads\/2020\/01\/Micro-AXII-5.8-S-RHCP-stubby-comprar-1.jpg","datePublished":"2020-01-30T09:55:42+00:00","dateModified":"2024-08-29T14:10:33+00:00","breadcrumb":{"@id":"https:\/\/iha-race.com\/pt-pt\/produto\/antena-lumenier-micro-axii-stubby-mmcx-5-8ghz-rhcp-2\/#breadcrumb"},"inLanguage":"pt-PT","potentialAction":[{"@type":"ReadAction","target":["https:\/\/iha-race.com\/pt-pt\/produto\/antena-lumenier-micro-axii-stubby-mmcx-5-8ghz-rhcp-2\/"]}]},{"@type":"ImageObject","inLanguage":"pt-PT","@id":"https:\/\/iha-race.com\/pt-pt\/produto\/antena-lumenier-micro-axii-stubby-mmcx-5-8ghz-rhcp-2\/#primaryimage","url":"https:\/\/iha-race.com\/wp-content\/uploads\/2020\/01\/Micro-AXII-5.8-S-RHCP-stubby-comprar-1.jpg","contentUrl":"https:\/\/iha-race.com\/wp-content\/uploads\/2020\/01\/Micro-AXII-5.8-S-RHCP-stubby-comprar-1.jpg","width":800,"height":800,"caption":"Micro-AXII-5.8-S-RHCP-stubby-buy"},{"@type":"BreadcrumbList","@id":"https:\/\/iha-race.com\/pt-pt\/produto\/antena-lumenier-micro-axii-stubby-mmcx-5-8ghz-rhcp-2\/#breadcrumb","itemListElement":[{"@type":"ListItem","position":1,"name":"Portada","item":"https:\/\/iha-race.com\/pt-pt\/elementor-499\/"},{"@type":"ListItem","position":2,"name":"Shop","item":"https:\/\/iha-race.com\/pt-pt\/shop\/"},{"@type":"ListItem","position":3,"name":"Antena Lumenier Micro AXII Stubby MMCX 5.8GHz (RHCP)"}]},{"@type":"WebSite","@id":"https:\/\/iha-race.com\/pt-pt\/#website","url":"https:\/\/iha-race.com\/pt-pt\/","name":"Iha Race","description":"Comprar drones de carreras FPV env\u00edos en un d\u00eda desde Espa\u00f1a","publisher":{"@id":"https:\/\/iha-race.com\/pt-pt\/#organization"},"potentialAction":[{"@type":"SearchAction","target":{"@type":"EntryPoint","urlTemplate":"https:\/\/iha-race.com\/pt-pt\/?s={search_term_string}"},"query-input":{"@type":"PropertyValueSpecification","valueRequired":true,"valueName":"search_term_string"}}],"inLanguage":"pt-PT"},{"@type":"Organization","@id":"https:\/\/iha-race.com\/pt-pt\/#organization","name":"Iha Race","url":"https:\/\/iha-race.com\/pt-pt\/","logo":{"@type":"ImageObject","inLanguage":"pt-PT","@id":"https:\/\/iha-race.com\/pt-pt\/#\/schema\/logo\/image\/","url":"https:\/\/iha-race.com\/wp-content\/uploads\/2018\/07\/iha-race-drones-de-carreras-tienda-comprar-drones.png","contentUrl":"https:\/\/iha-race.com\/wp-content\/uploads\/2018\/07\/iha-race-drones-de-carreras-tienda-comprar-drones.png","width":300,"height":100,"caption":"Iha Race"},"image":{"@id":"https:\/\/iha-race.com\/pt-pt\/#\/schema\/logo\/image\/"}}]}},"jetpack_sharing_enabled":true,"brands":[],"_links":{"self":[{"href":"https:\/\/iha-race.com\/pt-pt\/wp-json\/wp\/v2\/product\/112818","targetHints":{"allow":["GET"]}}],"collection":[{"href":"https:\/\/iha-race.com\/pt-pt\/wp-json\/wp\/v2\/product"}],"about":[{"href":"https:\/\/iha-race.com\/pt-pt\/wp-json\/wp\/v2\/types\/product"}],"replies":[{"embeddable":true,"href":"https:\/\/iha-race.com\/pt-pt\/wp-json\/wp\/v2\/comments?post=112818"}],"version-history":[{"count":1,"href":"https:\/\/iha-race.com\/pt-pt\/wp-json\/wp\/v2\/product\/112818\/revisions"}],"predecessor-version":[{"id":250016,"href":"https:\/\/iha-race.com\/pt-pt\/wp-json\/wp\/v2\/product\/112818\/revisions\/250016"}],"wp:featuredmedia":[{"embeddable":true,"href":"https:\/\/iha-race.com\/pt-pt\/wp-json\/wp\/v2\/media\/93578"}],"wp:attachment":[{"href":"https:\/\/iha-race.com\/pt-pt\/wp-json\/wp\/v2\/media?parent=112818"}],"wp:term":[{"taxonomy":"pwb-brand","embeddable":true,"href":"https:\/\/iha-race.com\/pt-pt\/wp-json\/wp\/v2\/pwb-brand?post=112818"},{"taxonomy":"product_cat","embeddable":true,"href":"https:\/\/iha-race.com\/pt-pt\/wp-json\/wp\/v2\/product_cat?post=112818"},{"taxonomy":"product_tag","embeddable":true,"href":"https:\/\/iha-race.com\/pt-pt\/wp-json\/wp\/v2\/product_tag?post=112818"}],"curies":[{"name":"wp","href":"https:\/\/api.w.org\/{rel}","templated":true}]}}