{"id":112729,"date":"2020-01-16T16:04:42","date_gmt":"2020-01-16T15:04:42","guid":{"rendered":"https:\/\/iha-race.com\/producto\/buzzer-sem-fios-vifly-beacon\/"},"modified":"2024-08-29T16:11:36","modified_gmt":"2024-08-29T14:11:36","slug":"vifly-beacon-autonomous-buzzer-wireless-2","status":"publish","type":"product","link":"https:\/\/iha-race.com\/pt-pt\/produto\/vifly-beacon-autonomous-buzzer-wireless-2\/","title":{"rendered":"VIFLY Beacon Buzzer sem fios aut\u00f3nomo V1.2"},"content":{"rendered":"<h2>VIFLY Beacon Buzzer sem fios aut\u00f3nomo V1.2<\/h2>\n<h2><strong>Caracter\u00edsticas<\/strong><\/h2>\n<h3><strong><span class=\"a-text-bold\">Sensor de movimento perdeu o alarme do drone<\/span><\/strong><\/h3>\n<p>  Alguns drones, como os modelos DJI, est\u00e3o instalados com GPS que apenas te d\u00e1 a localiza\u00e7\u00e3o preliminar; com a ajuda do som, podes encontrar o teu drone perdido com precis\u00e3o. Com o sensor de movimento incorporado e a bateria lipo, o VIFLY Beacon pode detetar automaticamente a queda do drone e emitir o alarme para te ajudar a localizar o drone perdido.  <\/p>\n<h3><strong><span class=\"a-text-bold\">Sem fios, sem necessidade de soldadura<\/span><\/strong><\/h3>\n<p>  O mecanismo do VIFLY Beacon \u00e9 baseado no sensor de movimento, liga-o em qualquer parte do drone para detetar movimento, sem fios ou soldaduras.  <\/p>\n<h3><strong><span class=\"a-text-bold\">Som alto e LED brilhante<\/span><\/strong><\/h3>\n<p>  Para encontrares facilmente o drone perdido a partir de uma longa dist\u00e2ncia, o VIFLY Beacon \u00e9 instalado com um sinal sonoro muito alto quando o dB \u00e9 superior a 100. Al\u00e9m disso, o LED do VIFLY Beacon pode piscar automaticamente quando o sensor de luz incorporado detecta a escurid\u00e3o da luz.  <\/p>\n<h3><strong><span class=\"a-text-bold\">Posi\u00e7\u00e3o da luz \u00e0 noite<\/span><\/strong><\/h3>\n<p>  A luz LED VIFLY Beacon pode piscar automaticamente \u00e0 noite para tornar o drone vis\u00edvel quando o sensor de luz incorporado detecta escurid\u00e3o.  &nbsp;<\/p>\n<h2><strong>Especifica\u00e7\u00e3o<\/strong><\/h2>\n<div class=\"rte__table-wrapper\">\n<table width=\"100%\">\n<tbody>\n<tr>\n<td>Tamanho (comprimento x largura x altura)<\/td>\n<td>25x14x15mm<\/td>\n<\/tr>\n<tr>\n<td>Peso<\/td>\n<td>6 gramas<\/td>\n<\/tr>\n<tr>\n<td>Volume<\/td>\n<td>At\u00e9 105dB<\/td>\n<\/tr>\n<tr>\n<td>Tempo de funcionamento<\/td>\n<td>At\u00e9 30 horas<\/td>\n<\/tr>\n<tr>\n<td>Tempo de carregamento<\/td>\n<td>1,5 horas<\/td>\n<\/tr>\n<tr>\n<td>Bateria<\/td>\n<td>Bateria Li-Po de 80 mAh<\/td>\n<\/tr>\n<tr>\n<td>Tens\u00e3o de entrada<\/td>\n<td>4,5 &#8211; 5,5 V<\/td>\n<\/tr>\n<\/tbody>\n<\/table>\n<\/div>\n<p>&nbsp;<\/p>\n<h2><strong>V\u00eddeo<\/strong><\/h2>\n<div class=\"videoWrapper\"><iframe title=\"leitor de v\u00eddeo do youtube\" src=\"https:\/\/www.youtube.com\/embed\/DNCUtpOoJHw\" width=\"560\" height=\"315\" frameborder=\"0\" allowfullscreen=\"allowfullscreen\" data-mce-fragment=\"1\"><\/iframe><\/div>\n","protected":false},"excerpt":{"rendered":"<p>VIFLY Beacon Buzzer sem fios aut\u00f3nomo V1.2 Caracter\u00edsticas Sensor de movimento perdeu o alarme do drone Alguns drones, como os modelos DJI, est\u00e3o instalados com GPS que apenas te d\u00e1<\/p>\n","protected":false},"featured_media":94550,"comment_status":"open","ping_status":"closed","template":"","meta":{"_joinchat":[]},"pwb-brand":[],"product_cat":[1083,1122],"product_tag":[],"class_list":{"0":"post-112729","1":"product","2":"type-product","3":"status-publish","4":"has-post-thumbnail","6":"product_cat-acessorios","7":"product_cat-leds-e-buzzers","9":"first","10":"instock","11":"taxable","12":"shipping-taxable","13":"purchasable","14":"product-type-simple"},"barcode":null,"atum_controlled":true,"out_stock_date":null,"out_stock_threshold":null,"inheritable":false,"stock_on_hold":0,"sold_today":2,"sales_last_days":3,"out_stock_days":0,"lost_sales":0,"update_date":"2026-04-08T16:36:18","atum_locations":[],"atum_stock_status":"instock","restock_status":false,"low_stock_amount":"","sales_update_date":"2026-04-06T13:23:53","calc_backorders":null,"yoast_head":"<!-- This site is optimized with the Yoast SEO plugin v27.3 - https:\/\/yoast.com\/product\/yoast-seo-wordpress\/ -->\n<title>VIFLY Beacon Buzzer sem fios aut\u00f3nomo V1.2 - Iha Race<\/title>\n<meta name=\"robots\" content=\"index, follow, max-snippet:-1, max-image-preview:large, max-video-preview:-1\" \/>\n<link rel=\"canonical\" href=\"https:\/\/iha-race.com\/pt-pt\/produto\/vifly-beacon-autonomous-buzzer-wireless-2\/\" \/>\n<meta property=\"og:locale\" content=\"pt_PT\" \/>\n<meta property=\"og:type\" content=\"article\" \/>\n<meta property=\"og:title\" content=\"VIFLY Beacon Buzzer sem fios aut\u00f3nomo V1.2 - Iha Race\" \/>\n<meta property=\"og:description\" content=\"VIFLY Beacon Buzzer sem fios aut\u00f3nomo V1.2 Caracter\u00edsticas Sensor de movimento perdeu o alarme do drone Alguns drones, como os modelos DJI, est\u00e3o instalados com GPS que apenas te d\u00e1\" \/>\n<meta property=\"og:url\" content=\"https:\/\/iha-race.com\/pt-pt\/produto\/vifly-beacon-autonomous-buzzer-wireless-2\/\" \/>\n<meta property=\"og:site_name\" content=\"Iha Race\" \/>\n<meta property=\"article:modified_time\" content=\"2024-08-29T14:11:36+00:00\" \/>\n<meta property=\"og:image\" content=\"https:\/\/iha-race.com\/wp-content\/uploads\/2020\/01\/vifly-beacon-zumbador-autonomo-wireless-2-1.jpg\" \/>\n\t<meta property=\"og:image:width\" content=\"800\" \/>\n\t<meta property=\"og:image:height\" content=\"800\" \/>\n\t<meta property=\"og:image:type\" content=\"image\/jpeg\" \/>\n<meta name=\"twitter:card\" content=\"summary_large_image\" \/>\n<meta name=\"twitter:label1\" content=\"Tempo estimado de leitura\" \/>\n\t<meta name=\"twitter:data1\" content=\"1 minuto\" \/>\n<script type=\"application\/ld+json\" class=\"yoast-schema-graph\">{\"@context\":\"https:\\\/\\\/schema.org\",\"@graph\":[{\"@type\":\"WebPage\",\"@id\":\"https:\\\/\\\/iha-race.com\\\/pt-pt\\\/produto\\\/vifly-beacon-autonomous-buzzer-wireless-2\\\/\",\"url\":\"https:\\\/\\\/iha-race.com\\\/pt-pt\\\/produto\\\/vifly-beacon-autonomous-buzzer-wireless-2\\\/\",\"name\":\"VIFLY Beacon Buzzer sem fios aut\u00f3nomo V1.2 - Iha Race\",\"isPartOf\":{\"@id\":\"https:\\\/\\\/iha-race.com\\\/pt-pt\\\/#website\"},\"primaryImageOfPage\":{\"@id\":\"https:\\\/\\\/iha-race.com\\\/pt-pt\\\/produto\\\/vifly-beacon-autonomous-buzzer-wireless-2\\\/#primaryimage\"},\"image\":{\"@id\":\"https:\\\/\\\/iha-race.com\\\/pt-pt\\\/produto\\\/vifly-beacon-autonomous-buzzer-wireless-2\\\/#primaryimage\"},\"thumbnailUrl\":\"https:\\\/\\\/iha-race.com\\\/wp-content\\\/uploads\\\/2020\\\/01\\\/vifly-beacon-zumbador-autonomo-wireless-2-1.jpg\",\"datePublished\":\"2020-01-16T15:04:42+00:00\",\"dateModified\":\"2024-08-29T14:11:36+00:00\",\"breadcrumb\":{\"@id\":\"https:\\\/\\\/iha-race.com\\\/pt-pt\\\/produto\\\/vifly-beacon-autonomous-buzzer-wireless-2\\\/#breadcrumb\"},\"inLanguage\":\"pt-PT\",\"potentialAction\":[{\"@type\":\"ReadAction\",\"target\":[\"https:\\\/\\\/iha-race.com\\\/pt-pt\\\/produto\\\/vifly-beacon-autonomous-buzzer-wireless-2\\\/\"]}]},{\"@type\":\"ImageObject\",\"inLanguage\":\"pt-PT\",\"@id\":\"https:\\\/\\\/iha-race.com\\\/pt-pt\\\/produto\\\/vifly-beacon-autonomous-buzzer-wireless-2\\\/#primaryimage\",\"url\":\"https:\\\/\\\/iha-race.com\\\/wp-content\\\/uploads\\\/2020\\\/01\\\/vifly-beacon-zumbador-autonomo-wireless-2-1.jpg\",\"contentUrl\":\"https:\\\/\\\/iha-race.com\\\/wp-content\\\/uploads\\\/2020\\\/01\\\/vifly-beacon-zumbador-autonomo-wireless-2-1.jpg\",\"width\":800,\"height\":800,\"caption\":\"vifly-beacon-autonomous-buzzer-wireless-2\"},{\"@type\":\"BreadcrumbList\",\"@id\":\"https:\\\/\\\/iha-race.com\\\/pt-pt\\\/produto\\\/vifly-beacon-autonomous-buzzer-wireless-2\\\/#breadcrumb\",\"itemListElement\":[{\"@type\":\"ListItem\",\"position\":1,\"name\":\"Portada\",\"item\":\"https:\\\/\\\/iha-race.com\\\/pt-pt\\\/elementor-499\\\/\"},{\"@type\":\"ListItem\",\"position\":2,\"name\":\"Shop\",\"item\":\"https:\\\/\\\/iha-race.com\\\/pt-pt\\\/shop\\\/\"},{\"@type\":\"ListItem\",\"position\":3,\"name\":\"VIFLY Beacon Buzzer sem fios aut\u00f3nomo V1.2\"}]},{\"@type\":\"WebSite\",\"@id\":\"https:\\\/\\\/iha-race.com\\\/pt-pt\\\/#website\",\"url\":\"https:\\\/\\\/iha-race.com\\\/pt-pt\\\/\",\"name\":\"Iha Race\",\"description\":\"Comprar drones de carreras FPV env\u00edos en un d\u00eda desde Espa\u00f1a\",\"publisher\":{\"@id\":\"https:\\\/\\\/iha-race.com\\\/pt-pt\\\/#organization\"},\"potentialAction\":[{\"@type\":\"SearchAction\",\"target\":{\"@type\":\"EntryPoint\",\"urlTemplate\":\"https:\\\/\\\/iha-race.com\\\/pt-pt\\\/?s={search_term_string}\"},\"query-input\":{\"@type\":\"PropertyValueSpecification\",\"valueRequired\":true,\"valueName\":\"search_term_string\"}}],\"inLanguage\":\"pt-PT\"},{\"@type\":\"Organization\",\"@id\":\"https:\\\/\\\/iha-race.com\\\/pt-pt\\\/#organization\",\"name\":\"Iha Race\",\"url\":\"https:\\\/\\\/iha-race.com\\\/pt-pt\\\/\",\"logo\":{\"@type\":\"ImageObject\",\"inLanguage\":\"pt-PT\",\"@id\":\"https:\\\/\\\/iha-race.com\\\/pt-pt\\\/#\\\/schema\\\/logo\\\/image\\\/\",\"url\":\"https:\\\/\\\/iha-race.com\\\/wp-content\\\/uploads\\\/2018\\\/07\\\/iha-race-drones-de-carreras-tienda-comprar-drones.png\",\"contentUrl\":\"https:\\\/\\\/iha-race.com\\\/wp-content\\\/uploads\\\/2018\\\/07\\\/iha-race-drones-de-carreras-tienda-comprar-drones.png\",\"width\":300,\"height\":100,\"caption\":\"Iha Race\"},\"image\":{\"@id\":\"https:\\\/\\\/iha-race.com\\\/pt-pt\\\/#\\\/schema\\\/logo\\\/image\\\/\"}}]}<\/script>\n<!-- \/ Yoast SEO plugin. -->","yoast_head_json":{"title":"VIFLY Beacon Buzzer sem fios aut\u00f3nomo V1.2 - Iha Race","robots":{"index":"index","follow":"follow","max-snippet":"max-snippet:-1","max-image-preview":"max-image-preview:large","max-video-preview":"max-video-preview:-1"},"canonical":"https:\/\/iha-race.com\/pt-pt\/produto\/vifly-beacon-autonomous-buzzer-wireless-2\/","og_locale":"pt_PT","og_type":"article","og_title":"VIFLY Beacon Buzzer sem fios aut\u00f3nomo V1.2 - Iha Race","og_description":"VIFLY Beacon Buzzer sem fios aut\u00f3nomo V1.2 Caracter\u00edsticas Sensor de movimento perdeu o alarme do drone Alguns drones, como os modelos DJI, est\u00e3o instalados com GPS que apenas te d\u00e1","og_url":"https:\/\/iha-race.com\/pt-pt\/produto\/vifly-beacon-autonomous-buzzer-wireless-2\/","og_site_name":"Iha Race","article_modified_time":"2024-08-29T14:11:36+00:00","og_image":[{"width":800,"height":800,"url":"https:\/\/iha-race.com\/wp-content\/uploads\/2020\/01\/vifly-beacon-zumbador-autonomo-wireless-2-1.jpg","type":"image\/jpeg"}],"twitter_card":"summary_large_image","twitter_misc":{"Tempo estimado de leitura":"1 minuto"},"schema":{"@context":"https:\/\/schema.org","@graph":[{"@type":"WebPage","@id":"https:\/\/iha-race.com\/pt-pt\/produto\/vifly-beacon-autonomous-buzzer-wireless-2\/","url":"https:\/\/iha-race.com\/pt-pt\/produto\/vifly-beacon-autonomous-buzzer-wireless-2\/","name":"VIFLY Beacon Buzzer sem fios aut\u00f3nomo V1.2 - Iha Race","isPartOf":{"@id":"https:\/\/iha-race.com\/pt-pt\/#website"},"primaryImageOfPage":{"@id":"https:\/\/iha-race.com\/pt-pt\/produto\/vifly-beacon-autonomous-buzzer-wireless-2\/#primaryimage"},"image":{"@id":"https:\/\/iha-race.com\/pt-pt\/produto\/vifly-beacon-autonomous-buzzer-wireless-2\/#primaryimage"},"thumbnailUrl":"https:\/\/iha-race.com\/wp-content\/uploads\/2020\/01\/vifly-beacon-zumbador-autonomo-wireless-2-1.jpg","datePublished":"2020-01-16T15:04:42+00:00","dateModified":"2024-08-29T14:11:36+00:00","breadcrumb":{"@id":"https:\/\/iha-race.com\/pt-pt\/produto\/vifly-beacon-autonomous-buzzer-wireless-2\/#breadcrumb"},"inLanguage":"pt-PT","potentialAction":[{"@type":"ReadAction","target":["https:\/\/iha-race.com\/pt-pt\/produto\/vifly-beacon-autonomous-buzzer-wireless-2\/"]}]},{"@type":"ImageObject","inLanguage":"pt-PT","@id":"https:\/\/iha-race.com\/pt-pt\/produto\/vifly-beacon-autonomous-buzzer-wireless-2\/#primaryimage","url":"https:\/\/iha-race.com\/wp-content\/uploads\/2020\/01\/vifly-beacon-zumbador-autonomo-wireless-2-1.jpg","contentUrl":"https:\/\/iha-race.com\/wp-content\/uploads\/2020\/01\/vifly-beacon-zumbador-autonomo-wireless-2-1.jpg","width":800,"height":800,"caption":"vifly-beacon-autonomous-buzzer-wireless-2"},{"@type":"BreadcrumbList","@id":"https:\/\/iha-race.com\/pt-pt\/produto\/vifly-beacon-autonomous-buzzer-wireless-2\/#breadcrumb","itemListElement":[{"@type":"ListItem","position":1,"name":"Portada","item":"https:\/\/iha-race.com\/pt-pt\/elementor-499\/"},{"@type":"ListItem","position":2,"name":"Shop","item":"https:\/\/iha-race.com\/pt-pt\/shop\/"},{"@type":"ListItem","position":3,"name":"VIFLY Beacon Buzzer sem fios aut\u00f3nomo V1.2"}]},{"@type":"WebSite","@id":"https:\/\/iha-race.com\/pt-pt\/#website","url":"https:\/\/iha-race.com\/pt-pt\/","name":"Iha Race","description":"Comprar drones de carreras FPV env\u00edos en un d\u00eda desde Espa\u00f1a","publisher":{"@id":"https:\/\/iha-race.com\/pt-pt\/#organization"},"potentialAction":[{"@type":"SearchAction","target":{"@type":"EntryPoint","urlTemplate":"https:\/\/iha-race.com\/pt-pt\/?s={search_term_string}"},"query-input":{"@type":"PropertyValueSpecification","valueRequired":true,"valueName":"search_term_string"}}],"inLanguage":"pt-PT"},{"@type":"Organization","@id":"https:\/\/iha-race.com\/pt-pt\/#organization","name":"Iha Race","url":"https:\/\/iha-race.com\/pt-pt\/","logo":{"@type":"ImageObject","inLanguage":"pt-PT","@id":"https:\/\/iha-race.com\/pt-pt\/#\/schema\/logo\/image\/","url":"https:\/\/iha-race.com\/wp-content\/uploads\/2018\/07\/iha-race-drones-de-carreras-tienda-comprar-drones.png","contentUrl":"https:\/\/iha-race.com\/wp-content\/uploads\/2018\/07\/iha-race-drones-de-carreras-tienda-comprar-drones.png","width":300,"height":100,"caption":"Iha Race"},"image":{"@id":"https:\/\/iha-race.com\/pt-pt\/#\/schema\/logo\/image\/"}}]}},"brands":[],"_links":{"self":[{"href":"https:\/\/iha-race.com\/pt-pt\/wp-json\/wp\/v2\/product\/112729","targetHints":{"allow":["GET"]}}],"collection":[{"href":"https:\/\/iha-race.com\/pt-pt\/wp-json\/wp\/v2\/product"}],"about":[{"href":"https:\/\/iha-race.com\/pt-pt\/wp-json\/wp\/v2\/types\/product"}],"replies":[{"embeddable":true,"href":"https:\/\/iha-race.com\/pt-pt\/wp-json\/wp\/v2\/comments?post=112729"}],"version-history":[{"count":4,"href":"https:\/\/iha-race.com\/pt-pt\/wp-json\/wp\/v2\/product\/112729\/revisions"}],"predecessor-version":[{"id":250039,"href":"https:\/\/iha-race.com\/pt-pt\/wp-json\/wp\/v2\/product\/112729\/revisions\/250039"}],"wp:featuredmedia":[{"embeddable":true,"href":"https:\/\/iha-race.com\/pt-pt\/wp-json\/wp\/v2\/media\/94550"}],"wp:attachment":[{"href":"https:\/\/iha-race.com\/pt-pt\/wp-json\/wp\/v2\/media?parent=112729"}],"wp:term":[{"taxonomy":"pwb-brand","embeddable":true,"href":"https:\/\/iha-race.com\/pt-pt\/wp-json\/wp\/v2\/pwb-brand?post=112729"},{"taxonomy":"product_cat","embeddable":true,"href":"https:\/\/iha-race.com\/pt-pt\/wp-json\/wp\/v2\/product_cat?post=112729"},{"taxonomy":"product_tag","embeddable":true,"href":"https:\/\/iha-race.com\/pt-pt\/wp-json\/wp\/v2\/product_tag?post=112729"}],"curies":[{"name":"wp","href":"https:\/\/api.w.org\/{rel}","templated":true}]}}