{"id":112616,"date":"2019-09-24T13:15:10","date_gmt":"2019-09-24T11:15:10","guid":{"rendered":"https:\/\/iha-race.com\/producto\/motor-tbs-2814-1030-kv-para-caipirinha-2\/"},"modified":"2024-08-29T16:15:39","modified_gmt":"2024-08-29T14:15:39","slug":"motor-tbs-2814-1030-kv-para-caipirinha-2","status":"publish","type":"product","link":"https:\/\/iha-race.com\/pt-pt\/produto\/motor-tbs-2814-1030-kv-para-caipirinha-2\/","title":{"rendered":"Motor TBS 2814 1030 Kv para Caipirinha 2"},"content":{"rendered":"<h2>Motor TBS 2814 1030 Kv para Caipirinha 2<\/h2>\n<p>&nbsp;  Motor de reserva para a Caipirinha 2.  <\/p>\n<h1>ESPECIFICA\u00c7\u00d5ES T\u00c9CNICAS:<\/h1>\n<ul>\n<li><strong>Tamanho do estator<\/strong>: 2814<\/li>\n<li><strong>classifica\u00e7\u00e3o kV<\/strong>: 1030kV<\/li>\n<li><strong>Peso<\/strong>: 126g<\/li>\n<li><strong>Cor<\/strong>: preto<\/li>\n<\/ul>\n<h1>INCLUINDO<\/h1>\n<ul>\n<li>1 x TBS Caipirinha 2 Motor<\/li>\n<li>1 x adaptador de h\u00e9lice<\/li>\n<li>4 x parafusos adaptadores<\/li>\n<li>2 x parafusos de montagem<\/li>\n<\/ul>\n","protected":false},"excerpt":{"rendered":"<p>Motor TBS 2814 1030 Kv para Caipirinha 2 &nbsp; Motor de reserva para a Caipirinha 2. ESPECIFICA\u00c7\u00d5ES T\u00c9CNICAS: Tamanho do estator: 2814 classifica\u00e7\u00e3o kV: 1030kV Peso: 126g Cor: preto INCLUINDO<\/p>\n","protected":false},"featured_media":83148,"comment_status":"open","ping_status":"closed","template":"","meta":{"_joinchat":[]},"pwb-brand":[],"product_cat":[1289,2477],"product_tag":[],"class_list":{"0":"post-112616","1":"product","2":"type-product","3":"status-publish","4":"has-post-thumbnail","6":"product_cat-motores-fpv","7":"product_cat-sem-escovas-com-eixo","9":"first","10":"instock","11":"taxable","12":"shipping-taxable","13":"purchasable","14":"product-type-simple"},"barcode":null,"atum_controlled":true,"out_stock_date":null,"out_stock_threshold":null,"inheritable":false,"stock_on_hold":0,"sold_today":0,"sales_last_days":0,"out_stock_days":0,"lost_sales":0,"update_date":"2026-04-25T20:29:12","atum_locations":[],"atum_stock_status":"instock","restock_status":false,"low_stock_amount":"","sales_update_date":"2026-04-25T20:29:12","calc_backorders":null,"yoast_head":"<!-- This site is optimized with the Yoast SEO plugin v27.3 - https:\/\/yoast.com\/product\/yoast-seo-wordpress\/ -->\n<title>Motor TBS 2814 1030 Kv para Caipirinha 2 - Iha Race<\/title>\n<meta name=\"robots\" content=\"index, follow, max-snippet:-1, max-image-preview:large, max-video-preview:-1\" \/>\n<link rel=\"canonical\" href=\"https:\/\/iha-race.com\/pt-pt\/produto\/motor-tbs-2814-1030-kv-para-caipirinha-2\/\" \/>\n<meta property=\"og:locale\" content=\"pt_PT\" \/>\n<meta property=\"og:type\" content=\"article\" \/>\n<meta property=\"og:title\" content=\"Motor TBS 2814 1030 Kv para Caipirinha 2 - Iha Race\" \/>\n<meta property=\"og:description\" content=\"Motor TBS 2814 1030 Kv para Caipirinha 2 &nbsp; Motor de reserva para a Caipirinha 2. ESPECIFICA\u00c7\u00d5ES T\u00c9CNICAS: Tamanho do estator: 2814 classifica\u00e7\u00e3o kV: 1030kV Peso: 126g Cor: preto INCLUINDO\" \/>\n<meta property=\"og:url\" content=\"https:\/\/iha-race.com\/pt-pt\/produto\/motor-tbs-2814-1030-kv-para-caipirinha-2\/\" \/>\n<meta property=\"og:site_name\" content=\"Iha Race\" \/>\n<meta property=\"article:modified_time\" content=\"2024-08-29T14:15:39+00:00\" \/>\n<meta property=\"og:image\" content=\"https:\/\/iha-race.com\/wp-content\/uploads\/2019\/09\/1DSC01452-ga.jpg\" \/>\n\t<meta property=\"og:image:width\" content=\"800\" \/>\n\t<meta property=\"og:image:height\" content=\"571\" \/>\n\t<meta property=\"og:image:type\" content=\"image\/jpeg\" \/>\n<meta name=\"twitter:card\" content=\"summary_large_image\" \/>\n<script type=\"application\/ld+json\" class=\"yoast-schema-graph\">{\"@context\":\"https:\\\/\\\/schema.org\",\"@graph\":[{\"@type\":\"WebPage\",\"@id\":\"https:\\\/\\\/iha-race.com\\\/pt-pt\\\/produto\\\/motor-tbs-2814-1030-kv-para-caipirinha-2\\\/\",\"url\":\"https:\\\/\\\/iha-race.com\\\/pt-pt\\\/produto\\\/motor-tbs-2814-1030-kv-para-caipirinha-2\\\/\",\"name\":\"Motor TBS 2814 1030 Kv para Caipirinha 2 - Iha Race\",\"isPartOf\":{\"@id\":\"https:\\\/\\\/iha-race.com\\\/pt-pt\\\/#website\"},\"primaryImageOfPage\":{\"@id\":\"https:\\\/\\\/iha-race.com\\\/pt-pt\\\/produto\\\/motor-tbs-2814-1030-kv-para-caipirinha-2\\\/#primaryimage\"},\"image\":{\"@id\":\"https:\\\/\\\/iha-race.com\\\/pt-pt\\\/produto\\\/motor-tbs-2814-1030-kv-para-caipirinha-2\\\/#primaryimage\"},\"thumbnailUrl\":\"https:\\\/\\\/iha-race.com\\\/wp-content\\\/uploads\\\/2019\\\/09\\\/1DSC01452-ga.jpg\",\"datePublished\":\"2019-09-24T11:15:10+00:00\",\"dateModified\":\"2024-08-29T14:15:39+00:00\",\"breadcrumb\":{\"@id\":\"https:\\\/\\\/iha-race.com\\\/pt-pt\\\/produto\\\/motor-tbs-2814-1030-kv-para-caipirinha-2\\\/#breadcrumb\"},\"inLanguage\":\"pt-PT\",\"potentialAction\":[{\"@type\":\"ReadAction\",\"target\":[\"https:\\\/\\\/iha-race.com\\\/pt-pt\\\/produto\\\/motor-tbs-2814-1030-kv-para-caipirinha-2\\\/\"]}]},{\"@type\":\"ImageObject\",\"inLanguage\":\"pt-PT\",\"@id\":\"https:\\\/\\\/iha-race.com\\\/pt-pt\\\/produto\\\/motor-tbs-2814-1030-kv-para-caipirinha-2\\\/#primaryimage\",\"url\":\"https:\\\/\\\/iha-race.com\\\/wp-content\\\/uploads\\\/2019\\\/09\\\/1DSC01452-ga.jpg\",\"contentUrl\":\"https:\\\/\\\/iha-race.com\\\/wp-content\\\/uploads\\\/2019\\\/09\\\/1DSC01452-ga.jpg\",\"width\":800,\"height\":571,\"caption\":\"Motor TBS 2814 1030 Kv para Caipirinha 2\"},{\"@type\":\"BreadcrumbList\",\"@id\":\"https:\\\/\\\/iha-race.com\\\/pt-pt\\\/produto\\\/motor-tbs-2814-1030-kv-para-caipirinha-2\\\/#breadcrumb\",\"itemListElement\":[{\"@type\":\"ListItem\",\"position\":1,\"name\":\"Portada\",\"item\":\"https:\\\/\\\/iha-race.com\\\/pt-pt\\\/elementor-499\\\/\"},{\"@type\":\"ListItem\",\"position\":2,\"name\":\"Shop\",\"item\":\"https:\\\/\\\/iha-race.com\\\/pt-pt\\\/shop\\\/\"},{\"@type\":\"ListItem\",\"position\":3,\"name\":\"Motor TBS 2814 1030 Kv para Caipirinha 2\"}]},{\"@type\":\"WebSite\",\"@id\":\"https:\\\/\\\/iha-race.com\\\/pt-pt\\\/#website\",\"url\":\"https:\\\/\\\/iha-race.com\\\/pt-pt\\\/\",\"name\":\"Iha Race\",\"description\":\"Comprar drones de carreras FPV env\u00edos en un d\u00eda desde Espa\u00f1a\",\"publisher\":{\"@id\":\"https:\\\/\\\/iha-race.com\\\/pt-pt\\\/#organization\"},\"potentialAction\":[{\"@type\":\"SearchAction\",\"target\":{\"@type\":\"EntryPoint\",\"urlTemplate\":\"https:\\\/\\\/iha-race.com\\\/pt-pt\\\/?s={search_term_string}\"},\"query-input\":{\"@type\":\"PropertyValueSpecification\",\"valueRequired\":true,\"valueName\":\"search_term_string\"}}],\"inLanguage\":\"pt-PT\"},{\"@type\":\"Organization\",\"@id\":\"https:\\\/\\\/iha-race.com\\\/pt-pt\\\/#organization\",\"name\":\"Iha Race\",\"url\":\"https:\\\/\\\/iha-race.com\\\/pt-pt\\\/\",\"logo\":{\"@type\":\"ImageObject\",\"inLanguage\":\"pt-PT\",\"@id\":\"https:\\\/\\\/iha-race.com\\\/pt-pt\\\/#\\\/schema\\\/logo\\\/image\\\/\",\"url\":\"https:\\\/\\\/iha-race.com\\\/wp-content\\\/uploads\\\/2018\\\/07\\\/iha-race-drones-de-carreras-tienda-comprar-drones.png\",\"contentUrl\":\"https:\\\/\\\/iha-race.com\\\/wp-content\\\/uploads\\\/2018\\\/07\\\/iha-race-drones-de-carreras-tienda-comprar-drones.png\",\"width\":300,\"height\":100,\"caption\":\"Iha Race\"},\"image\":{\"@id\":\"https:\\\/\\\/iha-race.com\\\/pt-pt\\\/#\\\/schema\\\/logo\\\/image\\\/\"}}]}<\/script>\n<!-- \/ Yoast SEO plugin. -->","yoast_head_json":{"title":"Motor TBS 2814 1030 Kv para Caipirinha 2 - Iha Race","robots":{"index":"index","follow":"follow","max-snippet":"max-snippet:-1","max-image-preview":"max-image-preview:large","max-video-preview":"max-video-preview:-1"},"canonical":"https:\/\/iha-race.com\/pt-pt\/produto\/motor-tbs-2814-1030-kv-para-caipirinha-2\/","og_locale":"pt_PT","og_type":"article","og_title":"Motor TBS 2814 1030 Kv para Caipirinha 2 - Iha Race","og_description":"Motor TBS 2814 1030 Kv para Caipirinha 2 &nbsp; Motor de reserva para a Caipirinha 2. ESPECIFICA\u00c7\u00d5ES T\u00c9CNICAS: Tamanho do estator: 2814 classifica\u00e7\u00e3o kV: 1030kV Peso: 126g Cor: preto INCLUINDO","og_url":"https:\/\/iha-race.com\/pt-pt\/produto\/motor-tbs-2814-1030-kv-para-caipirinha-2\/","og_site_name":"Iha Race","article_modified_time":"2024-08-29T14:15:39+00:00","og_image":[{"width":800,"height":571,"url":"https:\/\/iha-race.com\/wp-content\/uploads\/2019\/09\/1DSC01452-ga.jpg","type":"image\/jpeg"}],"twitter_card":"summary_large_image","schema":{"@context":"https:\/\/schema.org","@graph":[{"@type":"WebPage","@id":"https:\/\/iha-race.com\/pt-pt\/produto\/motor-tbs-2814-1030-kv-para-caipirinha-2\/","url":"https:\/\/iha-race.com\/pt-pt\/produto\/motor-tbs-2814-1030-kv-para-caipirinha-2\/","name":"Motor TBS 2814 1030 Kv para Caipirinha 2 - Iha Race","isPartOf":{"@id":"https:\/\/iha-race.com\/pt-pt\/#website"},"primaryImageOfPage":{"@id":"https:\/\/iha-race.com\/pt-pt\/produto\/motor-tbs-2814-1030-kv-para-caipirinha-2\/#primaryimage"},"image":{"@id":"https:\/\/iha-race.com\/pt-pt\/produto\/motor-tbs-2814-1030-kv-para-caipirinha-2\/#primaryimage"},"thumbnailUrl":"https:\/\/iha-race.com\/wp-content\/uploads\/2019\/09\/1DSC01452-ga.jpg","datePublished":"2019-09-24T11:15:10+00:00","dateModified":"2024-08-29T14:15:39+00:00","breadcrumb":{"@id":"https:\/\/iha-race.com\/pt-pt\/produto\/motor-tbs-2814-1030-kv-para-caipirinha-2\/#breadcrumb"},"inLanguage":"pt-PT","potentialAction":[{"@type":"ReadAction","target":["https:\/\/iha-race.com\/pt-pt\/produto\/motor-tbs-2814-1030-kv-para-caipirinha-2\/"]}]},{"@type":"ImageObject","inLanguage":"pt-PT","@id":"https:\/\/iha-race.com\/pt-pt\/produto\/motor-tbs-2814-1030-kv-para-caipirinha-2\/#primaryimage","url":"https:\/\/iha-race.com\/wp-content\/uploads\/2019\/09\/1DSC01452-ga.jpg","contentUrl":"https:\/\/iha-race.com\/wp-content\/uploads\/2019\/09\/1DSC01452-ga.jpg","width":800,"height":571,"caption":"Motor TBS 2814 1030 Kv para Caipirinha 2"},{"@type":"BreadcrumbList","@id":"https:\/\/iha-race.com\/pt-pt\/produto\/motor-tbs-2814-1030-kv-para-caipirinha-2\/#breadcrumb","itemListElement":[{"@type":"ListItem","position":1,"name":"Portada","item":"https:\/\/iha-race.com\/pt-pt\/elementor-499\/"},{"@type":"ListItem","position":2,"name":"Shop","item":"https:\/\/iha-race.com\/pt-pt\/shop\/"},{"@type":"ListItem","position":3,"name":"Motor TBS 2814 1030 Kv para Caipirinha 2"}]},{"@type":"WebSite","@id":"https:\/\/iha-race.com\/pt-pt\/#website","url":"https:\/\/iha-race.com\/pt-pt\/","name":"Iha Race","description":"Comprar drones de carreras FPV env\u00edos en un d\u00eda desde Espa\u00f1a","publisher":{"@id":"https:\/\/iha-race.com\/pt-pt\/#organization"},"potentialAction":[{"@type":"SearchAction","target":{"@type":"EntryPoint","urlTemplate":"https:\/\/iha-race.com\/pt-pt\/?s={search_term_string}"},"query-input":{"@type":"PropertyValueSpecification","valueRequired":true,"valueName":"search_term_string"}}],"inLanguage":"pt-PT"},{"@type":"Organization","@id":"https:\/\/iha-race.com\/pt-pt\/#organization","name":"Iha Race","url":"https:\/\/iha-race.com\/pt-pt\/","logo":{"@type":"ImageObject","inLanguage":"pt-PT","@id":"https:\/\/iha-race.com\/pt-pt\/#\/schema\/logo\/image\/","url":"https:\/\/iha-race.com\/wp-content\/uploads\/2018\/07\/iha-race-drones-de-carreras-tienda-comprar-drones.png","contentUrl":"https:\/\/iha-race.com\/wp-content\/uploads\/2018\/07\/iha-race-drones-de-carreras-tienda-comprar-drones.png","width":300,"height":100,"caption":"Iha Race"},"image":{"@id":"https:\/\/iha-race.com\/pt-pt\/#\/schema\/logo\/image\/"}}]}},"jetpack_sharing_enabled":true,"brands":[],"_links":{"self":[{"href":"https:\/\/iha-race.com\/pt-pt\/wp-json\/wp\/v2\/product\/112616","targetHints":{"allow":["GET"]}}],"collection":[{"href":"https:\/\/iha-race.com\/pt-pt\/wp-json\/wp\/v2\/product"}],"about":[{"href":"https:\/\/iha-race.com\/pt-pt\/wp-json\/wp\/v2\/types\/product"}],"replies":[{"embeddable":true,"href":"https:\/\/iha-race.com\/pt-pt\/wp-json\/wp\/v2\/comments?post=112616"}],"version-history":[{"count":2,"href":"https:\/\/iha-race.com\/pt-pt\/wp-json\/wp\/v2\/product\/112616\/revisions"}],"predecessor-version":[{"id":250112,"href":"https:\/\/iha-race.com\/pt-pt\/wp-json\/wp\/v2\/product\/112616\/revisions\/250112"}],"wp:featuredmedia":[{"embeddable":true,"href":"https:\/\/iha-race.com\/pt-pt\/wp-json\/wp\/v2\/media\/83148"}],"wp:attachment":[{"href":"https:\/\/iha-race.com\/pt-pt\/wp-json\/wp\/v2\/media?parent=112616"}],"wp:term":[{"taxonomy":"pwb-brand","embeddable":true,"href":"https:\/\/iha-race.com\/pt-pt\/wp-json\/wp\/v2\/pwb-brand?post=112616"},{"taxonomy":"product_cat","embeddable":true,"href":"https:\/\/iha-race.com\/pt-pt\/wp-json\/wp\/v2\/product_cat?post=112616"},{"taxonomy":"product_tag","embeddable":true,"href":"https:\/\/iha-race.com\/pt-pt\/wp-json\/wp\/v2\/product_tag?post=112616"}],"curies":[{"name":"wp","href":"https:\/\/api.w.org\/{rel}","templated":true}]}}