{"id":112612,"date":"2021-02-18T12:41:31","date_gmt":"2021-02-18T11:41:31","guid":{"rendered":"https:\/\/iha-race.com\/producto\/oculos-de-proteccao-para-tubaroes-gordos-fpv-scout\/"},"modified":"2024-08-29T12:34:10","modified_gmt":"2024-08-29T10:34:10","slug":"glasses-fpv-fat-shark-scark-scout","status":"publish","type":"product","link":"https:\/\/iha-race.com\/pt-pt\/produto\/glasses-fpv-fat-shark-scark-scout\/","title":{"rendered":"\u00d3culos de prote\u00e7\u00e3o FPV Fat Shark Videobrille Scout"},"content":{"rendered":"<h2>\u00d3culos de prote\u00e7\u00e3o FPV Fat Shark Videobrille Scout<\/h2>\n<p>  O Scout \u00e9 a nova linha de produtos Fat Shark. \u00c9 o culminar de anos de trabalho para conceber \u00f3culos de alto desempenho a um pre\u00e7o de entrada. O Escoteiro utiliza um m\u00f3dulo de \u00f3culos de painel \u00f3ptico patenteado para fornecer um campo de vis\u00e3o de 50 graus (FOV), resolu\u00e7\u00e3o de 1136 x 640 e taxa de actualiza\u00e7\u00e3o de 60 fps num auscultador que \u00e9 confort\u00e1vel de usar. Para al\u00e9m de uma exibi\u00e7\u00e3o impressionante, o Escoteiro reformulou completamente o desempenho da electr\u00f3nica. Tem uma diversidade RX com uma antena patch de 10 dB incorporada para maximizar a recep\u00e7\u00e3o, um OSD revisto, um DVR actualizado e um carregamento USB simples. O Escoteiro tamb\u00e9m tem v\u00e1rias conveni\u00eancias para o utilizador, incluindo um ventilador incorporado, espuma remov\u00edvel para permitir aos pilotos usar \u00f3culos de protec\u00e7\u00e3o enquanto voam, e at\u00e9 mesmo um indicador LED na antena para notifica\u00e7\u00e3o do canal. O Scout \u00e9 o auricular para aspirantes a pilotos que n\u00e3o pretendem atualizar durante muito tempo ou um segundo auricular para aqueles que est\u00e3o habituados a um desempenho superior.  <\/p>\n<h2>Especifica\u00e7\u00f5es:<\/h2>\n<p><strong>\u00d3ptica<\/strong><\/p>\n<ul>\n<li>FOV (campo de vis\u00e3o): 50 graus na diagonal<\/li>\n<li>Tipo: \u00f3tica pl\u00e1stica<\/li>\n<\/ul>\n<p><strong>Monitor<\/strong><\/p>\n<ul>\n<li>4,0 polegadas<\/li>\n<li>Resolu\u00e7\u00e3o 1136 X 640<\/li>\n<li>NTSC \/ PAL selec\u00e7\u00e3o autom\u00e1tica<\/li>\n<\/ul>\n<p><strong>\u00c1udio<\/strong><\/p>\n<ul>\n<li>Stereo<\/li>\n<\/ul>\n<p><strong>Controlos do utilizador  <\/strong><\/p>\n<ul>\n<li>Selec\u00e7\u00e3o de canais<\/li>\n<li>Selec\u00e7\u00e3o de bandas<\/li>\n<li>Controlo de ecr\u00e3<\/li>\n<li>Controlo de volume<\/li>\n<li>Controlo do sinal sonoro<\/li>\n<li>Montagem RX<\/li>\n<li>Controlo dos ventiladores<\/li>\n<li>Acertar rel\u00f3gio<\/li>\n<li>Selec\u00e7\u00e3o do modo (RX \/ AV \/ AUX)<\/li>\n<li>Controlo de DVR<\/li>\n<\/ul>\n<p><strong>El\u00e9ctrico<\/strong><\/p>\n<ul>\n<li>Fonte de alimenta\u00e7\u00e3o: bateria de i\u00f5es de l\u00edtio padr\u00e3o 18650<\/li>\n<li>M\u00f3dulos RF: suporte para canais infinitos em m\u00faltiplas bandas<\/li>\n<li>DVR anal\u00f3gico: suporte MicroSD at\u00e9 64 GB<\/li>\n<li>Velocidade de grava\u00e7\u00e3o: 6 Mbps (compress\u00e3o MJPG, 60 fps, MOV)<\/li>\n<li>Reprodu\u00e7\u00e3o de ficheiros: (grava\u00e7\u00e3o nativa, sem suporte de codec)<\/li>\n<li>Actualiz\u00e1vel atrav\u00e9s de cart\u00e3o SD<\/li>\n<\/ul>\n<p><strong>Bateria<\/strong><\/p>\n<ul>\n<li>3.7V, 2600mAh (18650 c\u00e9lula)<\/li>\n<\/ul>\n<p><strong>Interface<\/strong>:  <\/p>\n<ul>\n<li>Porta AV de 3,5 mm<\/li>\n<li>3,5 mm 3p porta de auscultadores<\/li>\n<li>MicroSD<\/li>\n<li>USB-C<\/li>\n<li>Porto AUX<\/li>\n<\/ul>\n<p><strong>Mec\u00e2nica<\/strong>: auriculares ergon\u00f3micos moldados com fita para a cabe\u00e7a ajust\u00e1vel  <strong>Dimens\u00f5es<\/strong>: 170 x 120 x 95 mm  <strong>Peso<\/strong>: 336,5 g  <strong>Tamanho da embalagem<\/strong>: 517 g , 189 x 133 x 100 mm  <strong>Significados das cores LED<\/strong><\/p>\n<p><img fetchpriority=\"high\" decoding=\"async\" class=\"size-full wp-image-18967\" src=\"https:\/\/iha-race.com\/wp-content\/uploads\/2019\/09\/imgpsh_mobile_save.jpg\" alt=\"\u00d3culos de protec\u00e7\u00e3o FPV FatShark Scout\" width=\"796\" height=\"221\" srcset=\"https:\/\/iha-race.com\/wp-content\/uploads\/2019\/09\/imgpsh_mobile_save.jpg 796w, https:\/\/iha-race.com\/wp-content\/uploads\/2019\/09\/imgpsh_mobile_save-598x166.jpg 598w, https:\/\/iha-race.com\/wp-content\/uploads\/2019\/09\/imgpsh_mobile_save-300x83.jpg 300w, https:\/\/iha-race.com\/wp-content\/uploads\/2019\/09\/imgpsh_mobile_save-767x213.jpg 767w, https:\/\/iha-race.com\/wp-content\/uploads\/2019\/09\/imgpsh_mobile_save-1024x284.jpg 1024w, https:\/\/iha-race.com\/wp-content\/uploads\/2019\/09\/imgpsh_mobile_save-788x218.jpg 788w\" sizes=\"(max-width: 796px) 100vw, 796px\" \/><\/p>\n<p>&nbsp;<\/p>\n<h3>Recursos:<\/h3>\n<p><a href=\"http:\/\/getfpv.com\/media\/downloads\/manuals\/Scout%20Manual.docx\" target=\"_blank\" rel=\"noopener noreferrer\">Manual do Escoteiro<\/a><\/p>\n<h2><strong>O pacote inclui:<\/strong><\/h2>\n<ul>\n<li>1 x \u00f3culos de protec\u00e7\u00e3o FPV para tubar\u00f5es gordos<\/li>\n<li>1 x Antena SMA ImmersionRC SpiroNET 5.8GHz SMA Antena SMA<\/li>\n<li>1 x 5G8 patch antena (auscultadores incorporados)<\/li>\n<li>1 x 18650 bateria 2600mAh (auscultadores integrados)<\/li>\n<\/ul>\n<p><strong><em>Aviso: A exposi\u00e7\u00e3o da lente \u00e0 luz solar directa causar\u00e1 danos no visor LCD.<\/em><\/strong><\/p>\n","protected":false},"excerpt":{"rendered":"<p><b>OSD, 1136 x 640, 50\u00baFOV<\/b><\/p>\n","protected":false},"featured_media":94050,"comment_status":"open","ping_status":"closed","template":"","meta":{"_joinchat":[]},"pwb-brand":[],"product_cat":[1132,2454],"product_tag":[],"class_list":{"0":"post-112612","1":"product","2":"type-product","3":"status-publish","4":"has-post-thumbnail","6":"product_cat-oculos-de-proteccao-fpv","7":"product_cat-vidros-e-monitores","9":"first","10":"outofstock","11":"taxable","12":"shipping-taxable","13":"purchasable","14":"product-type-simple"},"barcode":null,"atum_controlled":true,"out_stock_date":"2025-06-03 12:41:32","out_stock_threshold":null,"inheritable":false,"stock_on_hold":0,"sold_today":0,"sales_last_days":0,"out_stock_days":319,"lost_sales":0,"update_date":"2026-04-18T20:30:54","atum_locations":[],"atum_stock_status":"outofstock","restock_status":false,"low_stock_amount":"","sales_update_date":"2026-04-18T20:30:54","calc_backorders":null,"yoast_head":"<!-- This site is optimized with the Yoast SEO plugin v27.3 - https:\/\/yoast.com\/product\/yoast-seo-wordpress\/ -->\n<title>\u00d3culos de prote\u00e7\u00e3o FPV Fat Shark Videobrille Scout - Iha Race<\/title>\n<meta name=\"robots\" content=\"index, follow, max-snippet:-1, max-image-preview:large, max-video-preview:-1\" \/>\n<link rel=\"canonical\" href=\"https:\/\/iha-race.com\/pt-pt\/produto\/glasses-fpv-fat-shark-scark-scout\/\" \/>\n<meta property=\"og:locale\" content=\"pt_PT\" \/>\n<meta property=\"og:type\" content=\"article\" \/>\n<meta property=\"og:title\" content=\"\u00d3culos de prote\u00e7\u00e3o FPV Fat Shark Videobrille Scout - Iha Race\" \/>\n<meta property=\"og:description\" content=\"OSD, 1136 x 640, 50\u00baFOV\" \/>\n<meta property=\"og:url\" content=\"https:\/\/iha-race.com\/pt-pt\/produto\/glasses-fpv-fat-shark-scark-scout\/\" \/>\n<meta property=\"og:site_name\" content=\"Iha Race\" \/>\n<meta property=\"article:modified_time\" content=\"2024-08-29T10:34:10+00:00\" \/>\n<meta property=\"og:image\" content=\"https:\/\/iha-race.com\/wp-content\/uploads\/2019\/09\/gafas-fpv-fatshark-scout-1.jpg\" \/>\n\t<meta property=\"og:image:width\" content=\"800\" \/>\n\t<meta property=\"og:image:height\" content=\"800\" \/>\n\t<meta property=\"og:image:type\" content=\"image\/jpeg\" \/>\n<meta name=\"twitter:card\" content=\"summary_large_image\" \/>\n<meta name=\"twitter:label1\" content=\"Tempo estimado de leitura\" \/>\n\t<meta name=\"twitter:data1\" content=\"2 minutos\" \/>\n<script type=\"application\/ld+json\" class=\"yoast-schema-graph\">{\"@context\":\"https:\\\/\\\/schema.org\",\"@graph\":[{\"@type\":\"WebPage\",\"@id\":\"https:\\\/\\\/iha-race.com\\\/pt-pt\\\/produto\\\/glasses-fpv-fat-shark-scark-scout\\\/\",\"url\":\"https:\\\/\\\/iha-race.com\\\/pt-pt\\\/produto\\\/glasses-fpv-fat-shark-scark-scout\\\/\",\"name\":\"\u00d3culos de prote\u00e7\u00e3o FPV Fat Shark Videobrille Scout - Iha Race\",\"isPartOf\":{\"@id\":\"https:\\\/\\\/iha-race.com\\\/pt-pt\\\/#website\"},\"primaryImageOfPage\":{\"@id\":\"https:\\\/\\\/iha-race.com\\\/pt-pt\\\/produto\\\/glasses-fpv-fat-shark-scark-scout\\\/#primaryimage\"},\"image\":{\"@id\":\"https:\\\/\\\/iha-race.com\\\/pt-pt\\\/produto\\\/glasses-fpv-fat-shark-scark-scout\\\/#primaryimage\"},\"thumbnailUrl\":\"https:\\\/\\\/iha-race.com\\\/wp-content\\\/uploads\\\/2019\\\/09\\\/gafas-fpv-fatshark-scout-1.jpg\",\"datePublished\":\"2021-02-18T11:41:31+00:00\",\"dateModified\":\"2024-08-29T10:34:10+00:00\",\"breadcrumb\":{\"@id\":\"https:\\\/\\\/iha-race.com\\\/pt-pt\\\/produto\\\/glasses-fpv-fat-shark-scark-scout\\\/#breadcrumb\"},\"inLanguage\":\"pt-PT\",\"potentialAction\":[{\"@type\":\"ReadAction\",\"target\":[\"https:\\\/\\\/iha-race.com\\\/pt-pt\\\/produto\\\/glasses-fpv-fat-shark-scark-scout\\\/\"]}]},{\"@type\":\"ImageObject\",\"inLanguage\":\"pt-PT\",\"@id\":\"https:\\\/\\\/iha-race.com\\\/pt-pt\\\/produto\\\/glasses-fpv-fat-shark-scark-scout\\\/#primaryimage\",\"url\":\"https:\\\/\\\/iha-race.com\\\/wp-content\\\/uploads\\\/2019\\\/09\\\/gafas-fpv-fatshark-scout-1.jpg\",\"contentUrl\":\"https:\\\/\\\/iha-race.com\\\/wp-content\\\/uploads\\\/2019\\\/09\\\/gafas-fpv-fatshark-scout-1.jpg\",\"width\":800,\"height\":800,\"caption\":\"glasses-fpv-fatshark-scout\"},{\"@type\":\"BreadcrumbList\",\"@id\":\"https:\\\/\\\/iha-race.com\\\/pt-pt\\\/produto\\\/glasses-fpv-fat-shark-scark-scout\\\/#breadcrumb\",\"itemListElement\":[{\"@type\":\"ListItem\",\"position\":1,\"name\":\"Portada\",\"item\":\"https:\\\/\\\/iha-race.com\\\/pt-pt\\\/elementor-499\\\/\"},{\"@type\":\"ListItem\",\"position\":2,\"name\":\"Shop\",\"item\":\"https:\\\/\\\/iha-race.com\\\/pt-pt\\\/shop\\\/\"},{\"@type\":\"ListItem\",\"position\":3,\"name\":\"\u00d3culos de prote\u00e7\u00e3o FPV Fat Shark Videobrille Scout\"}]},{\"@type\":\"WebSite\",\"@id\":\"https:\\\/\\\/iha-race.com\\\/pt-pt\\\/#website\",\"url\":\"https:\\\/\\\/iha-race.com\\\/pt-pt\\\/\",\"name\":\"Iha Race\",\"description\":\"Comprar drones de carreras FPV env\u00edos en un d\u00eda desde Espa\u00f1a\",\"publisher\":{\"@id\":\"https:\\\/\\\/iha-race.com\\\/pt-pt\\\/#organization\"},\"potentialAction\":[{\"@type\":\"SearchAction\",\"target\":{\"@type\":\"EntryPoint\",\"urlTemplate\":\"https:\\\/\\\/iha-race.com\\\/pt-pt\\\/?s={search_term_string}\"},\"query-input\":{\"@type\":\"PropertyValueSpecification\",\"valueRequired\":true,\"valueName\":\"search_term_string\"}}],\"inLanguage\":\"pt-PT\"},{\"@type\":\"Organization\",\"@id\":\"https:\\\/\\\/iha-race.com\\\/pt-pt\\\/#organization\",\"name\":\"Iha Race\",\"url\":\"https:\\\/\\\/iha-race.com\\\/pt-pt\\\/\",\"logo\":{\"@type\":\"ImageObject\",\"inLanguage\":\"pt-PT\",\"@id\":\"https:\\\/\\\/iha-race.com\\\/pt-pt\\\/#\\\/schema\\\/logo\\\/image\\\/\",\"url\":\"https:\\\/\\\/iha-race.com\\\/wp-content\\\/uploads\\\/2018\\\/07\\\/iha-race-drones-de-carreras-tienda-comprar-drones.png\",\"contentUrl\":\"https:\\\/\\\/iha-race.com\\\/wp-content\\\/uploads\\\/2018\\\/07\\\/iha-race-drones-de-carreras-tienda-comprar-drones.png\",\"width\":300,\"height\":100,\"caption\":\"Iha Race\"},\"image\":{\"@id\":\"https:\\\/\\\/iha-race.com\\\/pt-pt\\\/#\\\/schema\\\/logo\\\/image\\\/\"}}]}<\/script>\n<!-- \/ Yoast SEO plugin. -->","yoast_head_json":{"title":"\u00d3culos de prote\u00e7\u00e3o FPV Fat Shark Videobrille Scout - Iha Race","robots":{"index":"index","follow":"follow","max-snippet":"max-snippet:-1","max-image-preview":"max-image-preview:large","max-video-preview":"max-video-preview:-1"},"canonical":"https:\/\/iha-race.com\/pt-pt\/produto\/glasses-fpv-fat-shark-scark-scout\/","og_locale":"pt_PT","og_type":"article","og_title":"\u00d3culos de prote\u00e7\u00e3o FPV Fat Shark Videobrille Scout - Iha Race","og_description":"OSD, 1136 x 640, 50\u00baFOV","og_url":"https:\/\/iha-race.com\/pt-pt\/produto\/glasses-fpv-fat-shark-scark-scout\/","og_site_name":"Iha Race","article_modified_time":"2024-08-29T10:34:10+00:00","og_image":[{"width":800,"height":800,"url":"https:\/\/iha-race.com\/wp-content\/uploads\/2019\/09\/gafas-fpv-fatshark-scout-1.jpg","type":"image\/jpeg"}],"twitter_card":"summary_large_image","twitter_misc":{"Tempo estimado de leitura":"2 minutos"},"schema":{"@context":"https:\/\/schema.org","@graph":[{"@type":"WebPage","@id":"https:\/\/iha-race.com\/pt-pt\/produto\/glasses-fpv-fat-shark-scark-scout\/","url":"https:\/\/iha-race.com\/pt-pt\/produto\/glasses-fpv-fat-shark-scark-scout\/","name":"\u00d3culos de prote\u00e7\u00e3o FPV Fat Shark Videobrille Scout - Iha Race","isPartOf":{"@id":"https:\/\/iha-race.com\/pt-pt\/#website"},"primaryImageOfPage":{"@id":"https:\/\/iha-race.com\/pt-pt\/produto\/glasses-fpv-fat-shark-scark-scout\/#primaryimage"},"image":{"@id":"https:\/\/iha-race.com\/pt-pt\/produto\/glasses-fpv-fat-shark-scark-scout\/#primaryimage"},"thumbnailUrl":"https:\/\/iha-race.com\/wp-content\/uploads\/2019\/09\/gafas-fpv-fatshark-scout-1.jpg","datePublished":"2021-02-18T11:41:31+00:00","dateModified":"2024-08-29T10:34:10+00:00","breadcrumb":{"@id":"https:\/\/iha-race.com\/pt-pt\/produto\/glasses-fpv-fat-shark-scark-scout\/#breadcrumb"},"inLanguage":"pt-PT","potentialAction":[{"@type":"ReadAction","target":["https:\/\/iha-race.com\/pt-pt\/produto\/glasses-fpv-fat-shark-scark-scout\/"]}]},{"@type":"ImageObject","inLanguage":"pt-PT","@id":"https:\/\/iha-race.com\/pt-pt\/produto\/glasses-fpv-fat-shark-scark-scout\/#primaryimage","url":"https:\/\/iha-race.com\/wp-content\/uploads\/2019\/09\/gafas-fpv-fatshark-scout-1.jpg","contentUrl":"https:\/\/iha-race.com\/wp-content\/uploads\/2019\/09\/gafas-fpv-fatshark-scout-1.jpg","width":800,"height":800,"caption":"glasses-fpv-fatshark-scout"},{"@type":"BreadcrumbList","@id":"https:\/\/iha-race.com\/pt-pt\/produto\/glasses-fpv-fat-shark-scark-scout\/#breadcrumb","itemListElement":[{"@type":"ListItem","position":1,"name":"Portada","item":"https:\/\/iha-race.com\/pt-pt\/elementor-499\/"},{"@type":"ListItem","position":2,"name":"Shop","item":"https:\/\/iha-race.com\/pt-pt\/shop\/"},{"@type":"ListItem","position":3,"name":"\u00d3culos de prote\u00e7\u00e3o FPV Fat Shark Videobrille Scout"}]},{"@type":"WebSite","@id":"https:\/\/iha-race.com\/pt-pt\/#website","url":"https:\/\/iha-race.com\/pt-pt\/","name":"Iha Race","description":"Comprar drones de carreras FPV env\u00edos en un d\u00eda desde Espa\u00f1a","publisher":{"@id":"https:\/\/iha-race.com\/pt-pt\/#organization"},"potentialAction":[{"@type":"SearchAction","target":{"@type":"EntryPoint","urlTemplate":"https:\/\/iha-race.com\/pt-pt\/?s={search_term_string}"},"query-input":{"@type":"PropertyValueSpecification","valueRequired":true,"valueName":"search_term_string"}}],"inLanguage":"pt-PT"},{"@type":"Organization","@id":"https:\/\/iha-race.com\/pt-pt\/#organization","name":"Iha Race","url":"https:\/\/iha-race.com\/pt-pt\/","logo":{"@type":"ImageObject","inLanguage":"pt-PT","@id":"https:\/\/iha-race.com\/pt-pt\/#\/schema\/logo\/image\/","url":"https:\/\/iha-race.com\/wp-content\/uploads\/2018\/07\/iha-race-drones-de-carreras-tienda-comprar-drones.png","contentUrl":"https:\/\/iha-race.com\/wp-content\/uploads\/2018\/07\/iha-race-drones-de-carreras-tienda-comprar-drones.png","width":300,"height":100,"caption":"Iha Race"},"image":{"@id":"https:\/\/iha-race.com\/pt-pt\/#\/schema\/logo\/image\/"}}]}},"jetpack_sharing_enabled":true,"brands":[],"_links":{"self":[{"href":"https:\/\/iha-race.com\/pt-pt\/wp-json\/wp\/v2\/product\/112612","targetHints":{"allow":["GET"]}}],"collection":[{"href":"https:\/\/iha-race.com\/pt-pt\/wp-json\/wp\/v2\/product"}],"about":[{"href":"https:\/\/iha-race.com\/pt-pt\/wp-json\/wp\/v2\/types\/product"}],"replies":[{"embeddable":true,"href":"https:\/\/iha-race.com\/pt-pt\/wp-json\/wp\/v2\/comments?post=112612"}],"version-history":[{"count":3,"href":"https:\/\/iha-race.com\/pt-pt\/wp-json\/wp\/v2\/product\/112612\/revisions"}],"predecessor-version":[{"id":249652,"href":"https:\/\/iha-race.com\/pt-pt\/wp-json\/wp\/v2\/product\/112612\/revisions\/249652"}],"wp:featuredmedia":[{"embeddable":true,"href":"https:\/\/iha-race.com\/pt-pt\/wp-json\/wp\/v2\/media\/94050"}],"wp:attachment":[{"href":"https:\/\/iha-race.com\/pt-pt\/wp-json\/wp\/v2\/media?parent=112612"}],"wp:term":[{"taxonomy":"pwb-brand","embeddable":true,"href":"https:\/\/iha-race.com\/pt-pt\/wp-json\/wp\/v2\/pwb-brand?post=112612"},{"taxonomy":"product_cat","embeddable":true,"href":"https:\/\/iha-race.com\/pt-pt\/wp-json\/wp\/v2\/product_cat?post=112612"},{"taxonomy":"product_tag","embeddable":true,"href":"https:\/\/iha-race.com\/pt-pt\/wp-json\/wp\/v2\/product_tag?post=112612"}],"curies":[{"name":"wp","href":"https:\/\/api.w.org\/{rel}","templated":true}]}}