{"id":112609,"date":"2019-09-18T20:50:06","date_gmt":"2019-09-18T18:50:06","guid":{"rendered":"https:\/\/iha-race.com\/producto\/tbs-fusion-v2-modulo-para-oculos-fatshark\/"},"modified":"2024-08-29T16:16:09","modified_gmt":"2024-08-29T14:16:09","slug":"tbs-fusion-v2-module-for-glasses-fatshark","status":"publish","type":"product","link":"https:\/\/iha-race.com\/pt-pt\/produto\/tbs-fusion-v2-module-for-glasses-fatshark\/","title":{"rendered":"TBS Fusion V2 (M\u00f3dulo para \u00f3culos Fatshark)"},"content":{"rendered":"<h2>TBS Fus\u00e3o<\/h2>\n<p>  M\u00f3dulo recetor de v\u00eddeo anal\u00f3gico melhorado com sobreposi\u00e7\u00e3o OSD e capacidade de liga\u00e7\u00e3o Crossfire. Uma fus\u00e3o do melhor: processamento de imagem desenvolvido por BrainFPV, OSD e interface de utilizador de Aquiles, e hardware concebido e fabricado pela TBS. Quando as mentes mais brilhantes da ind\u00fastria FPV trabalham em conjunto, ser o melhor na fus\u00e3o de duas transmiss\u00f5es de v\u00eddeo anal\u00f3gico simplesmente n\u00e3o era suficientemente bom! Atrav\u00e9s da fus\u00e3o v\u00eddeo activa, o v\u00eddeo exibido instantaneamente tem menos rupturas e mais alcance, sem deteriora\u00e7\u00e3o da cor ou dessincroniza\u00e7\u00e3o do v\u00eddeo muitas vezes experimentada no bordo receptor. Um motor OSD de \u00faltima gera\u00e7\u00e3o conduz a uma interactividade de ponta, reduzindo ao mesmo tempo a necessidade de OSD a bordo. TBS Fusion eleva o n\u00edvel de qualidade de recep\u00e7\u00e3o e prepara o caminho para a integra\u00e7\u00e3o de todo o sistema com TBS Crossfire e outros dispositivos. Simplificando, o TBS Fusion tem maior alcance, melhor sinal dentro de casa ou noutros ambientes cr\u00edticos, e m\u00e1xima compatibilidade com a sua liga\u00e7\u00e3o de r\u00e1dio Crossfire. O temporizador de voltas e os modos de espetador inclu\u00eddos para eventos de estilo livre ou de corrida s\u00e3o um b\u00f3nus adicional!  <\/p>\n<h3>INTEGRA\u00c7\u00c3O DE FOGO CRUZADO<\/h3>\n<p>  Atualmente em fase alfa, a integra\u00e7\u00e3o Crossfire promete uma experi\u00eancia de utiliza\u00e7\u00e3o perfeita para qualquer piloto FPV. A primeira fase ver\u00e1 mudan\u00e7as sincronizadas de canal VRx \/ VTx e a capacidade de modificar qualquer configura\u00e7\u00e3o de dispositivo CRSF atrav\u00e9s dos seus \u00f3culos de protec\u00e7\u00e3o (Crossfire, Unify Pro \/ Pro32, controladores de voo compat\u00edveis, etc.). A segunda fase ir\u00e1 acrescentar interactividade em n\u00edveis nunca antes vistos. A TBS tem tempos excitantes pela frente e, como \u00e9 t\u00edpico, o hardware j\u00e1 foi concebido para ser compat\u00edvel com futuras actualiza\u00e7\u00f5es de software e produtos futuros.  <\/p>\n<h3>Especifica\u00e7\u00e3o:<\/h3>\n<div id=\"product_text\">\n<ul>\n<li>Compatibilidade: Fatshark Dominator V1, V2, V3, HD1, HD2, HD3, HDO<\/li>\n<li>Kit de fornecimento de energia externa: inclu\u00eddo. Necess\u00e1rio para os \u00f3culos mais antigos que n\u00e3o podem fornecer energia suficiente, ou para a conectividade.<\/li>\n<li>Sensibilidade RF: -96dBm<\/li>\n<li>Pot\u00eancia: 5V @ 340mA, 500mAh com conectividade activada<\/li>\n<li>Compatibilidade com a Atitude Fatshark: ser\u00e1 necess\u00e1rio aparar a caixa de pl\u00e1stico dos \u00f3culos de protec\u00e7\u00e3o para caber.<\/li>\n<li>Actualiza\u00e7\u00e3o com: Agente TBS X V1.21 ou superior<\/li>\n<li>Colabora\u00e7\u00e3o com: BrainFPV (fus\u00e3o v\u00eddeo), AchillesFPV (UI), TBS (hardware)<\/li>\n<\/ul>\n<h3>INCLUINDO<\/h3>\n<ul>\n<li>1 x m\u00f3dulo de fus\u00e3o TBS<\/li>\n<li>1 x tampa e bot\u00e3o (preto)<\/li>\n<li>1 x PCB Power Mod<\/li>\n<li>2 x cabo de fita Power Mod<\/li>\n<li>1 x Adaptador SMA 90d<\/li>\n<\/ul>\n<\/div>\n<p>  https:\/\/youtu.be\/Qpt-KDVs65s <strong>Downloads:<\/strong><\/p>\n<ul>\n<li><a href=\"https:\/\/www.team-blacksheep.com\/tbs-fusion-manual.pdf\" target=\"_blank\" rel=\"noopener noreferrer\">Manual de Fus\u00e3o TBS<\/a><\/li>\n<li><a href=\"https:\/\/www.team-blacksheep.com\/tbs-cloud-activation.zip\">TBS Cloud &#8211; Firmware Wifi<\/a><\/li>\n<\/ul>\n<div id=\"product_text\"><\/div>\n","protected":false},"excerpt":{"rendered":"<p>TBS Fus\u00e3o M\u00f3dulo recetor de v\u00eddeo anal\u00f3gico melhorado com sobreposi\u00e7\u00e3o OSD e capacidade de liga\u00e7\u00e3o Crossfire. Uma fus\u00e3o do melhor: processamento de imagem desenvolvido por BrainFPV, OSD e interface de<\/p>\n","protected":false},"featured_media":94054,"comment_status":"open","ping_status":"closed","template":"","meta":{"_joinchat":[]},"pwb-brand":[],"product_cat":[1132,2456],"product_tag":[],"class_list":{"0":"post-112609","1":"product","2":"type-product","3":"status-publish","4":"has-post-thumbnail","6":"product_cat-oculos-de-proteccao-fpv","7":"product_cat-receptores-de-video-pt-pt","9":"first","10":"outofstock","11":"taxable","12":"shipping-taxable","13":"purchasable","14":"product-type-simple"},"barcode":null,"atum_controlled":true,"out_stock_date":"2024-08-13 08:25:06","out_stock_threshold":null,"inheritable":false,"stock_on_hold":0,"sold_today":0,"sales_last_days":0,"out_stock_days":613,"lost_sales":14002,"update_date":"2026-04-18T20:30:55","atum_locations":[],"atum_stock_status":"outofstock","restock_status":false,"low_stock_amount":"","sales_update_date":"2026-04-18T20:30:55","calc_backorders":null,"yoast_head":"<!-- This site is optimized with the Yoast SEO plugin v27.3 - https:\/\/yoast.com\/product\/yoast-seo-wordpress\/ -->\n<title>TBS Fusion V2 (M\u00f3dulo para \u00f3culos Fatshark) - Iha Race<\/title>\n<meta name=\"robots\" content=\"index, follow, max-snippet:-1, max-image-preview:large, max-video-preview:-1\" \/>\n<link rel=\"canonical\" href=\"https:\/\/iha-race.com\/pt-pt\/produto\/tbs-fusion-v2-module-for-glasses-fatshark\/\" \/>\n<meta property=\"og:locale\" content=\"pt_PT\" \/>\n<meta property=\"og:type\" content=\"article\" \/>\n<meta property=\"og:title\" content=\"TBS Fusion V2 (M\u00f3dulo para \u00f3culos Fatshark) - Iha Race\" \/>\n<meta property=\"og:description\" content=\"TBS Fus\u00e3o M\u00f3dulo recetor de v\u00eddeo anal\u00f3gico melhorado com sobreposi\u00e7\u00e3o OSD e capacidade de liga\u00e7\u00e3o Crossfire. Uma fus\u00e3o do melhor: processamento de imagem desenvolvido por BrainFPV, OSD e interface de\" \/>\n<meta property=\"og:url\" content=\"https:\/\/iha-race.com\/pt-pt\/produto\/tbs-fusion-v2-module-for-glasses-fatshark\/\" \/>\n<meta property=\"og:site_name\" content=\"Iha Race\" \/>\n<meta property=\"article:modified_time\" content=\"2024-08-29T14:16:09+00:00\" \/>\n<meta property=\"og:image\" content=\"https:\/\/iha-race.com\/wp-content\/uploads\/2019\/09\/tbs-fusion-1.jpg\" \/>\n\t<meta property=\"og:image:width\" content=\"800\" \/>\n\t<meta property=\"og:image:height\" content=\"800\" \/>\n\t<meta property=\"og:image:type\" content=\"image\/jpeg\" \/>\n<meta name=\"twitter:card\" content=\"summary_large_image\" \/>\n<meta name=\"twitter:label1\" content=\"Tempo estimado de leitura\" \/>\n\t<meta name=\"twitter:data1\" content=\"2 minutos\" \/>\n<script type=\"application\/ld+json\" class=\"yoast-schema-graph\">{\"@context\":\"https:\\\/\\\/schema.org\",\"@graph\":[{\"@type\":\"WebPage\",\"@id\":\"https:\\\/\\\/iha-race.com\\\/pt-pt\\\/produto\\\/tbs-fusion-v2-module-for-glasses-fatshark\\\/\",\"url\":\"https:\\\/\\\/iha-race.com\\\/pt-pt\\\/produto\\\/tbs-fusion-v2-module-for-glasses-fatshark\\\/\",\"name\":\"TBS Fusion V2 (M\u00f3dulo para \u00f3culos Fatshark) - Iha Race\",\"isPartOf\":{\"@id\":\"https:\\\/\\\/iha-race.com\\\/pt-pt\\\/#website\"},\"primaryImageOfPage\":{\"@id\":\"https:\\\/\\\/iha-race.com\\\/pt-pt\\\/produto\\\/tbs-fusion-v2-module-for-glasses-fatshark\\\/#primaryimage\"},\"image\":{\"@id\":\"https:\\\/\\\/iha-race.com\\\/pt-pt\\\/produto\\\/tbs-fusion-v2-module-for-glasses-fatshark\\\/#primaryimage\"},\"thumbnailUrl\":\"https:\\\/\\\/iha-race.com\\\/wp-content\\\/uploads\\\/2019\\\/09\\\/tbs-fusion-1.jpg\",\"datePublished\":\"2019-09-18T18:50:06+00:00\",\"dateModified\":\"2024-08-29T14:16:09+00:00\",\"breadcrumb\":{\"@id\":\"https:\\\/\\\/iha-race.com\\\/pt-pt\\\/produto\\\/tbs-fusion-v2-module-for-glasses-fatshark\\\/#breadcrumb\"},\"inLanguage\":\"pt-PT\",\"potentialAction\":[{\"@type\":\"ReadAction\",\"target\":[\"https:\\\/\\\/iha-race.com\\\/pt-pt\\\/produto\\\/tbs-fusion-v2-module-for-glasses-fatshark\\\/\"]}]},{\"@type\":\"ImageObject\",\"inLanguage\":\"pt-PT\",\"@id\":\"https:\\\/\\\/iha-race.com\\\/pt-pt\\\/produto\\\/tbs-fusion-v2-module-for-glasses-fatshark\\\/#primaryimage\",\"url\":\"https:\\\/\\\/iha-race.com\\\/wp-content\\\/uploads\\\/2019\\\/09\\\/tbs-fusion-1.jpg\",\"contentUrl\":\"https:\\\/\\\/iha-race.com\\\/wp-content\\\/uploads\\\/2019\\\/09\\\/tbs-fusion-1.jpg\",\"width\":800,\"height\":800,\"caption\":\"tbs-fusion comprar barato\"},{\"@type\":\"BreadcrumbList\",\"@id\":\"https:\\\/\\\/iha-race.com\\\/pt-pt\\\/produto\\\/tbs-fusion-v2-module-for-glasses-fatshark\\\/#breadcrumb\",\"itemListElement\":[{\"@type\":\"ListItem\",\"position\":1,\"name\":\"Portada\",\"item\":\"https:\\\/\\\/iha-race.com\\\/pt-pt\\\/elementor-499\\\/\"},{\"@type\":\"ListItem\",\"position\":2,\"name\":\"Shop\",\"item\":\"https:\\\/\\\/iha-race.com\\\/pt-pt\\\/shop\\\/\"},{\"@type\":\"ListItem\",\"position\":3,\"name\":\"TBS Fusion V2 (M\u00f3dulo para \u00f3culos Fatshark)\"}]},{\"@type\":\"WebSite\",\"@id\":\"https:\\\/\\\/iha-race.com\\\/pt-pt\\\/#website\",\"url\":\"https:\\\/\\\/iha-race.com\\\/pt-pt\\\/\",\"name\":\"Iha Race\",\"description\":\"Comprar drones de carreras FPV env\u00edos en un d\u00eda desde Espa\u00f1a\",\"publisher\":{\"@id\":\"https:\\\/\\\/iha-race.com\\\/pt-pt\\\/#organization\"},\"potentialAction\":[{\"@type\":\"SearchAction\",\"target\":{\"@type\":\"EntryPoint\",\"urlTemplate\":\"https:\\\/\\\/iha-race.com\\\/pt-pt\\\/?s={search_term_string}\"},\"query-input\":{\"@type\":\"PropertyValueSpecification\",\"valueRequired\":true,\"valueName\":\"search_term_string\"}}],\"inLanguage\":\"pt-PT\"},{\"@type\":\"Organization\",\"@id\":\"https:\\\/\\\/iha-race.com\\\/pt-pt\\\/#organization\",\"name\":\"Iha Race\",\"url\":\"https:\\\/\\\/iha-race.com\\\/pt-pt\\\/\",\"logo\":{\"@type\":\"ImageObject\",\"inLanguage\":\"pt-PT\",\"@id\":\"https:\\\/\\\/iha-race.com\\\/pt-pt\\\/#\\\/schema\\\/logo\\\/image\\\/\",\"url\":\"https:\\\/\\\/iha-race.com\\\/wp-content\\\/uploads\\\/2018\\\/07\\\/iha-race-drones-de-carreras-tienda-comprar-drones.png\",\"contentUrl\":\"https:\\\/\\\/iha-race.com\\\/wp-content\\\/uploads\\\/2018\\\/07\\\/iha-race-drones-de-carreras-tienda-comprar-drones.png\",\"width\":300,\"height\":100,\"caption\":\"Iha Race\"},\"image\":{\"@id\":\"https:\\\/\\\/iha-race.com\\\/pt-pt\\\/#\\\/schema\\\/logo\\\/image\\\/\"}}]}<\/script>\n<!-- \/ Yoast SEO plugin. -->","yoast_head_json":{"title":"TBS Fusion V2 (M\u00f3dulo para \u00f3culos Fatshark) - Iha Race","robots":{"index":"index","follow":"follow","max-snippet":"max-snippet:-1","max-image-preview":"max-image-preview:large","max-video-preview":"max-video-preview:-1"},"canonical":"https:\/\/iha-race.com\/pt-pt\/produto\/tbs-fusion-v2-module-for-glasses-fatshark\/","og_locale":"pt_PT","og_type":"article","og_title":"TBS Fusion V2 (M\u00f3dulo para \u00f3culos Fatshark) - Iha Race","og_description":"TBS Fus\u00e3o M\u00f3dulo recetor de v\u00eddeo anal\u00f3gico melhorado com sobreposi\u00e7\u00e3o OSD e capacidade de liga\u00e7\u00e3o Crossfire. Uma fus\u00e3o do melhor: processamento de imagem desenvolvido por BrainFPV, OSD e interface de","og_url":"https:\/\/iha-race.com\/pt-pt\/produto\/tbs-fusion-v2-module-for-glasses-fatshark\/","og_site_name":"Iha Race","article_modified_time":"2024-08-29T14:16:09+00:00","og_image":[{"width":800,"height":800,"url":"https:\/\/iha-race.com\/wp-content\/uploads\/2019\/09\/tbs-fusion-1.jpg","type":"image\/jpeg"}],"twitter_card":"summary_large_image","twitter_misc":{"Tempo estimado de leitura":"2 minutos"},"schema":{"@context":"https:\/\/schema.org","@graph":[{"@type":"WebPage","@id":"https:\/\/iha-race.com\/pt-pt\/produto\/tbs-fusion-v2-module-for-glasses-fatshark\/","url":"https:\/\/iha-race.com\/pt-pt\/produto\/tbs-fusion-v2-module-for-glasses-fatshark\/","name":"TBS Fusion V2 (M\u00f3dulo para \u00f3culos Fatshark) - Iha Race","isPartOf":{"@id":"https:\/\/iha-race.com\/pt-pt\/#website"},"primaryImageOfPage":{"@id":"https:\/\/iha-race.com\/pt-pt\/produto\/tbs-fusion-v2-module-for-glasses-fatshark\/#primaryimage"},"image":{"@id":"https:\/\/iha-race.com\/pt-pt\/produto\/tbs-fusion-v2-module-for-glasses-fatshark\/#primaryimage"},"thumbnailUrl":"https:\/\/iha-race.com\/wp-content\/uploads\/2019\/09\/tbs-fusion-1.jpg","datePublished":"2019-09-18T18:50:06+00:00","dateModified":"2024-08-29T14:16:09+00:00","breadcrumb":{"@id":"https:\/\/iha-race.com\/pt-pt\/produto\/tbs-fusion-v2-module-for-glasses-fatshark\/#breadcrumb"},"inLanguage":"pt-PT","potentialAction":[{"@type":"ReadAction","target":["https:\/\/iha-race.com\/pt-pt\/produto\/tbs-fusion-v2-module-for-glasses-fatshark\/"]}]},{"@type":"ImageObject","inLanguage":"pt-PT","@id":"https:\/\/iha-race.com\/pt-pt\/produto\/tbs-fusion-v2-module-for-glasses-fatshark\/#primaryimage","url":"https:\/\/iha-race.com\/wp-content\/uploads\/2019\/09\/tbs-fusion-1.jpg","contentUrl":"https:\/\/iha-race.com\/wp-content\/uploads\/2019\/09\/tbs-fusion-1.jpg","width":800,"height":800,"caption":"tbs-fusion comprar barato"},{"@type":"BreadcrumbList","@id":"https:\/\/iha-race.com\/pt-pt\/produto\/tbs-fusion-v2-module-for-glasses-fatshark\/#breadcrumb","itemListElement":[{"@type":"ListItem","position":1,"name":"Portada","item":"https:\/\/iha-race.com\/pt-pt\/elementor-499\/"},{"@type":"ListItem","position":2,"name":"Shop","item":"https:\/\/iha-race.com\/pt-pt\/shop\/"},{"@type":"ListItem","position":3,"name":"TBS Fusion V2 (M\u00f3dulo para \u00f3culos Fatshark)"}]},{"@type":"WebSite","@id":"https:\/\/iha-race.com\/pt-pt\/#website","url":"https:\/\/iha-race.com\/pt-pt\/","name":"Iha Race","description":"Comprar drones de carreras FPV env\u00edos en un d\u00eda desde Espa\u00f1a","publisher":{"@id":"https:\/\/iha-race.com\/pt-pt\/#organization"},"potentialAction":[{"@type":"SearchAction","target":{"@type":"EntryPoint","urlTemplate":"https:\/\/iha-race.com\/pt-pt\/?s={search_term_string}"},"query-input":{"@type":"PropertyValueSpecification","valueRequired":true,"valueName":"search_term_string"}}],"inLanguage":"pt-PT"},{"@type":"Organization","@id":"https:\/\/iha-race.com\/pt-pt\/#organization","name":"Iha Race","url":"https:\/\/iha-race.com\/pt-pt\/","logo":{"@type":"ImageObject","inLanguage":"pt-PT","@id":"https:\/\/iha-race.com\/pt-pt\/#\/schema\/logo\/image\/","url":"https:\/\/iha-race.com\/wp-content\/uploads\/2018\/07\/iha-race-drones-de-carreras-tienda-comprar-drones.png","contentUrl":"https:\/\/iha-race.com\/wp-content\/uploads\/2018\/07\/iha-race-drones-de-carreras-tienda-comprar-drones.png","width":300,"height":100,"caption":"Iha Race"},"image":{"@id":"https:\/\/iha-race.com\/pt-pt\/#\/schema\/logo\/image\/"}}]}},"jetpack_sharing_enabled":true,"brands":[],"_links":{"self":[{"href":"https:\/\/iha-race.com\/pt-pt\/wp-json\/wp\/v2\/product\/112609","targetHints":{"allow":["GET"]}}],"collection":[{"href":"https:\/\/iha-race.com\/pt-pt\/wp-json\/wp\/v2\/product"}],"about":[{"href":"https:\/\/iha-race.com\/pt-pt\/wp-json\/wp\/v2\/types\/product"}],"replies":[{"embeddable":true,"href":"https:\/\/iha-race.com\/pt-pt\/wp-json\/wp\/v2\/comments?post=112609"}],"version-history":[{"count":2,"href":"https:\/\/iha-race.com\/pt-pt\/wp-json\/wp\/v2\/product\/112609\/revisions"}],"predecessor-version":[{"id":250126,"href":"https:\/\/iha-race.com\/pt-pt\/wp-json\/wp\/v2\/product\/112609\/revisions\/250126"}],"wp:featuredmedia":[{"embeddable":true,"href":"https:\/\/iha-race.com\/pt-pt\/wp-json\/wp\/v2\/media\/94054"}],"wp:attachment":[{"href":"https:\/\/iha-race.com\/pt-pt\/wp-json\/wp\/v2\/media?parent=112609"}],"wp:term":[{"taxonomy":"pwb-brand","embeddable":true,"href":"https:\/\/iha-race.com\/pt-pt\/wp-json\/wp\/v2\/pwb-brand?post=112609"},{"taxonomy":"product_cat","embeddable":true,"href":"https:\/\/iha-race.com\/pt-pt\/wp-json\/wp\/v2\/product_cat?post=112609"},{"taxonomy":"product_tag","embeddable":true,"href":"https:\/\/iha-race.com\/pt-pt\/wp-json\/wp\/v2\/product_tag?post=112609"}],"curies":[{"name":"wp","href":"https:\/\/api.w.org\/{rel}","templated":true}]}}