{"id":112586,"date":"2019-10-29T18:10:14","date_gmt":"2019-10-29T17:10:14","guid":{"rendered":"https:\/\/iha-race.com\/producto\/tattu-r-line-500mah-3-7v-1s1p-95c-bateria\/"},"modified":"2024-08-29T16:15:16","modified_gmt":"2024-08-29T14:15:16","slug":"bateria-tattu-r-line-500mah-3-7v-1s1p-95c","status":"publish","type":"product","link":"https:\/\/iha-race.com\/pt-pt\/produto\/bateria-tattu-r-line-500mah-3-7v-1s1p-95c\/","title":{"rendered":"Tattu R-Line 500mAh 3.7V 1S1P 95C Bateria"},"content":{"rendered":"<h2>Tattu R-Line 500mAh 3.7V 1S1P 95C Bateria<\/h2>\n<p>&nbsp;<\/p>\n<p><strong>A bateria Tattu R-Line 500mAh 3.7V 95C 1S1P Lipo Tattu<\/strong> tem capacidade total e taxa de descarga. \u00c9 uma bateria de lipoaspira\u00e7\u00e3o de corrida FPV de alta taxa de descarga. O 95C d\u00e1-lhe pot\u00eancia suficiente sob carga. \u00c9 muito compacto em tamanho e muito leve em peso. Funciona perfeitamente com o teu Multirotor FPV de tamanho 100 a 180. <strong>Tattu R-Line<\/strong> \u00e9 uma nova linha de produtos concebida especificamente para competi\u00e7\u00f5es profissionais de FPV. Esta \u00e9 a vers\u00e3o de retalho das baterias Toppilot. \u00c9 tamb\u00e9m uma filial da marca Tattu. Tem maior capacidade, menor resist\u00eancia interna e temperaturas de aterragem mais baixas. S\u00e3o mais potentes do que qualquer bateria de grafeno. Em geral, as baterias R-Line t\u00eam as mesmas especifica\u00e7\u00f5es que as nossas populares baterias Toppilot. Existem diferentes vers\u00f5es do R-Line para as necessidades de diferentes competi\u00e7\u00f5es de FPV <strong>:<\/strong><\/p>\n<ul>\n<li>A not\u00e1vel tecnologia de empilhamento permite capacidades de c\u00e9lula \u00fanica de 500 mAh.<\/li>\n<li>Alto desempenho de descarga e alta densidade energ\u00e9tica.<\/li>\n<li>Mat\u00e9rias-primas superiores de pol\u00edmero de l\u00edtio do Jap\u00e3o e da Coreia.<\/li>\n<li>Servi\u00e7o p\u00f3s-venda local (localizado em D\u00fcsseldorf, Alemanha).<\/li>\n<\/ul>\n<p><strong>Especifica\u00e7\u00f5es:<\/strong><\/p>\n<ul>\n<li>Capacidade: 500 mAh<\/li>\n<li>Configura\u00e7\u00e3o: 1S1P \/ 3.7V<\/li>\n<li>Velocidade de descarga: 95C<\/li>\n<li>Taxa m\u00e1xima de descarga de ruptura: 190C<\/li>\n<li>Peso l\u00edquido (\u00b1 10g): 15g<\/li>\n<li>Dimens\u00f5es (\u00b1 5): 60 * 19 * 9 mm<\/li>\n<li>Tomada de carregamento: JST-PHR<\/li>\n<\/ul>\n<p><strong>Aplica\u00e7\u00e3o:<\/strong> A bateria Tattu R-Line 500mAh 3.7V 95C 1S1P Lipo Tattu \u00e9 adequada para FPV multirotor tamanho 100 a 180.<\/p>\n","protected":false},"excerpt":{"rendered":"<p>Tattu R-Line 500mAh 3.7V 1S1P 95C Bateria &nbsp; A bateria Tattu R-Line 500mAh 3.7V 95C 1S1P Lipo Tattu tem capacidade total e taxa de descarga. \u00c9 uma bateria de lipoaspira\u00e7\u00e3o<\/p>\n","protected":false},"featured_media":83306,"comment_status":"open","ping_status":"closed","template":"","meta":{"_joinchat":[]},"pwb-brand":[],"product_cat":[17,18],"product_tag":[],"class_list":{"0":"post-112586","1":"product","2":"type-product","3":"status-publish","4":"has-post-thumbnail","6":"product_cat-baterias-para-drones","7":"product_cat-s1","9":"first","10":"instock","11":"taxable","12":"shipping-taxable","13":"purchasable","14":"product-type-simple"},"barcode":null,"atum_controlled":true,"out_stock_date":null,"out_stock_threshold":null,"inheritable":false,"stock_on_hold":0,"sold_today":0,"sales_last_days":0,"out_stock_days":0,"lost_sales":0,"update_date":"2026-04-18T09:22:06","atum_locations":[],"atum_stock_status":"instock","restock_status":false,"low_stock_amount":"","sales_update_date":"2026-04-18T09:22:06","calc_backorders":null,"yoast_head":"<!-- This site is optimized with the Yoast SEO plugin v27.3 - https:\/\/yoast.com\/product\/yoast-seo-wordpress\/ -->\n<title>Tattu R-Line 500mAh 3.7V 1S1P 95C Bateria - Iha Race<\/title>\n<meta name=\"robots\" content=\"index, follow, max-snippet:-1, max-image-preview:large, max-video-preview:-1\" \/>\n<link rel=\"canonical\" href=\"https:\/\/iha-race.com\/pt-pt\/produto\/bateria-tattu-r-line-500mah-3-7v-1s1p-95c\/\" \/>\n<meta property=\"og:locale\" content=\"pt_PT\" \/>\n<meta property=\"og:type\" content=\"article\" \/>\n<meta property=\"og:title\" content=\"Tattu R-Line 500mAh 3.7V 1S1P 95C Bateria - Iha Race\" \/>\n<meta property=\"og:description\" content=\"Tattu R-Line 500mAh 3.7V 1S1P 95C Bateria &nbsp; A bateria Tattu R-Line 500mAh 3.7V 95C 1S1P Lipo Tattu tem capacidade total e taxa de descarga. \u00c9 uma bateria de lipoaspira\u00e7\u00e3o\" \/>\n<meta property=\"og:url\" content=\"https:\/\/iha-race.com\/pt-pt\/produto\/bateria-tattu-r-line-500mah-3-7v-1s1p-95c\/\" \/>\n<meta property=\"og:site_name\" content=\"Iha Race\" \/>\n<meta property=\"article:modified_time\" content=\"2024-08-29T14:15:16+00:00\" \/>\n<meta property=\"og:image\" content=\"https:\/\/iha-race.com\/wp-content\/uploads\/2019\/10\/3_92_42.jpg\" \/>\n\t<meta property=\"og:image:width\" content=\"800\" \/>\n\t<meta property=\"og:image:height\" content=\"800\" \/>\n\t<meta property=\"og:image:type\" content=\"image\/jpeg\" \/>\n<meta name=\"twitter:card\" content=\"summary_large_image\" \/>\n<meta name=\"twitter:label1\" content=\"Tempo estimado de leitura\" \/>\n\t<meta name=\"twitter:data1\" content=\"1 minuto\" \/>\n<script type=\"application\/ld+json\" class=\"yoast-schema-graph\">{\"@context\":\"https:\\\/\\\/schema.org\",\"@graph\":[{\"@type\":\"WebPage\",\"@id\":\"https:\\\/\\\/iha-race.com\\\/pt-pt\\\/produto\\\/bateria-tattu-r-line-500mah-3-7v-1s1p-95c\\\/\",\"url\":\"https:\\\/\\\/iha-race.com\\\/pt-pt\\\/produto\\\/bateria-tattu-r-line-500mah-3-7v-1s1p-95c\\\/\",\"name\":\"Tattu R-Line 500mAh 3.7V 1S1P 95C Bateria - Iha Race\",\"isPartOf\":{\"@id\":\"https:\\\/\\\/iha-race.com\\\/pt-pt\\\/#website\"},\"primaryImageOfPage\":{\"@id\":\"https:\\\/\\\/iha-race.com\\\/pt-pt\\\/produto\\\/bateria-tattu-r-line-500mah-3-7v-1s1p-95c\\\/#primaryimage\"},\"image\":{\"@id\":\"https:\\\/\\\/iha-race.com\\\/pt-pt\\\/produto\\\/bateria-tattu-r-line-500mah-3-7v-1s1p-95c\\\/#primaryimage\"},\"thumbnailUrl\":\"https:\\\/\\\/iha-race.com\\\/wp-content\\\/uploads\\\/2019\\\/10\\\/3_92_42.jpg\",\"datePublished\":\"2019-10-29T17:10:14+00:00\",\"dateModified\":\"2024-08-29T14:15:16+00:00\",\"breadcrumb\":{\"@id\":\"https:\\\/\\\/iha-race.com\\\/pt-pt\\\/produto\\\/bateria-tattu-r-line-500mah-3-7v-1s1p-95c\\\/#breadcrumb\"},\"inLanguage\":\"pt-PT\",\"potentialAction\":[{\"@type\":\"ReadAction\",\"target\":[\"https:\\\/\\\/iha-race.com\\\/pt-pt\\\/produto\\\/bateria-tattu-r-line-500mah-3-7v-1s1p-95c\\\/\"]}]},{\"@type\":\"ImageObject\",\"inLanguage\":\"pt-PT\",\"@id\":\"https:\\\/\\\/iha-race.com\\\/pt-pt\\\/produto\\\/bateria-tattu-r-line-500mah-3-7v-1s1p-95c\\\/#primaryimage\",\"url\":\"https:\\\/\\\/iha-race.com\\\/wp-content\\\/uploads\\\/2019\\\/10\\\/3_92_42.jpg\",\"contentUrl\":\"https:\\\/\\\/iha-race.com\\\/wp-content\\\/uploads\\\/2019\\\/10\\\/3_92_42.jpg\",\"width\":800,\"height\":800,\"caption\":\"Tattu R-Line 500mAh 3.7V 1S1P 95C bateria\"},{\"@type\":\"BreadcrumbList\",\"@id\":\"https:\\\/\\\/iha-race.com\\\/pt-pt\\\/produto\\\/bateria-tattu-r-line-500mah-3-7v-1s1p-95c\\\/#breadcrumb\",\"itemListElement\":[{\"@type\":\"ListItem\",\"position\":1,\"name\":\"Portada\",\"item\":\"https:\\\/\\\/iha-race.com\\\/pt-pt\\\/elementor-499\\\/\"},{\"@type\":\"ListItem\",\"position\":2,\"name\":\"Shop\",\"item\":\"https:\\\/\\\/iha-race.com\\\/pt-pt\\\/shop\\\/\"},{\"@type\":\"ListItem\",\"position\":3,\"name\":\"Tattu R-Line 500mAh 3.7V 1S1P 95C Bateria\"}]},{\"@type\":\"WebSite\",\"@id\":\"https:\\\/\\\/iha-race.com\\\/pt-pt\\\/#website\",\"url\":\"https:\\\/\\\/iha-race.com\\\/pt-pt\\\/\",\"name\":\"Iha Race\",\"description\":\"Comprar drones de carreras FPV env\u00edos en un d\u00eda desde Espa\u00f1a\",\"publisher\":{\"@id\":\"https:\\\/\\\/iha-race.com\\\/pt-pt\\\/#organization\"},\"potentialAction\":[{\"@type\":\"SearchAction\",\"target\":{\"@type\":\"EntryPoint\",\"urlTemplate\":\"https:\\\/\\\/iha-race.com\\\/pt-pt\\\/?s={search_term_string}\"},\"query-input\":{\"@type\":\"PropertyValueSpecification\",\"valueRequired\":true,\"valueName\":\"search_term_string\"}}],\"inLanguage\":\"pt-PT\"},{\"@type\":\"Organization\",\"@id\":\"https:\\\/\\\/iha-race.com\\\/pt-pt\\\/#organization\",\"name\":\"Iha Race\",\"url\":\"https:\\\/\\\/iha-race.com\\\/pt-pt\\\/\",\"logo\":{\"@type\":\"ImageObject\",\"inLanguage\":\"pt-PT\",\"@id\":\"https:\\\/\\\/iha-race.com\\\/pt-pt\\\/#\\\/schema\\\/logo\\\/image\\\/\",\"url\":\"https:\\\/\\\/iha-race.com\\\/wp-content\\\/uploads\\\/2018\\\/07\\\/iha-race-drones-de-carreras-tienda-comprar-drones.png\",\"contentUrl\":\"https:\\\/\\\/iha-race.com\\\/wp-content\\\/uploads\\\/2018\\\/07\\\/iha-race-drones-de-carreras-tienda-comprar-drones.png\",\"width\":300,\"height\":100,\"caption\":\"Iha Race\"},\"image\":{\"@id\":\"https:\\\/\\\/iha-race.com\\\/pt-pt\\\/#\\\/schema\\\/logo\\\/image\\\/\"}}]}<\/script>\n<!-- \/ Yoast SEO plugin. -->","yoast_head_json":{"title":"Tattu R-Line 500mAh 3.7V 1S1P 95C Bateria - Iha Race","robots":{"index":"index","follow":"follow","max-snippet":"max-snippet:-1","max-image-preview":"max-image-preview:large","max-video-preview":"max-video-preview:-1"},"canonical":"https:\/\/iha-race.com\/pt-pt\/produto\/bateria-tattu-r-line-500mah-3-7v-1s1p-95c\/","og_locale":"pt_PT","og_type":"article","og_title":"Tattu R-Line 500mAh 3.7V 1S1P 95C Bateria - Iha Race","og_description":"Tattu R-Line 500mAh 3.7V 1S1P 95C Bateria &nbsp; A bateria Tattu R-Line 500mAh 3.7V 95C 1S1P Lipo Tattu tem capacidade total e taxa de descarga. \u00c9 uma bateria de lipoaspira\u00e7\u00e3o","og_url":"https:\/\/iha-race.com\/pt-pt\/produto\/bateria-tattu-r-line-500mah-3-7v-1s1p-95c\/","og_site_name":"Iha Race","article_modified_time":"2024-08-29T14:15:16+00:00","og_image":[{"width":800,"height":800,"url":"https:\/\/iha-race.com\/wp-content\/uploads\/2019\/10\/3_92_42.jpg","type":"image\/jpeg"}],"twitter_card":"summary_large_image","twitter_misc":{"Tempo estimado de leitura":"1 minuto"},"schema":{"@context":"https:\/\/schema.org","@graph":[{"@type":"WebPage","@id":"https:\/\/iha-race.com\/pt-pt\/produto\/bateria-tattu-r-line-500mah-3-7v-1s1p-95c\/","url":"https:\/\/iha-race.com\/pt-pt\/produto\/bateria-tattu-r-line-500mah-3-7v-1s1p-95c\/","name":"Tattu R-Line 500mAh 3.7V 1S1P 95C Bateria - Iha Race","isPartOf":{"@id":"https:\/\/iha-race.com\/pt-pt\/#website"},"primaryImageOfPage":{"@id":"https:\/\/iha-race.com\/pt-pt\/produto\/bateria-tattu-r-line-500mah-3-7v-1s1p-95c\/#primaryimage"},"image":{"@id":"https:\/\/iha-race.com\/pt-pt\/produto\/bateria-tattu-r-line-500mah-3-7v-1s1p-95c\/#primaryimage"},"thumbnailUrl":"https:\/\/iha-race.com\/wp-content\/uploads\/2019\/10\/3_92_42.jpg","datePublished":"2019-10-29T17:10:14+00:00","dateModified":"2024-08-29T14:15:16+00:00","breadcrumb":{"@id":"https:\/\/iha-race.com\/pt-pt\/produto\/bateria-tattu-r-line-500mah-3-7v-1s1p-95c\/#breadcrumb"},"inLanguage":"pt-PT","potentialAction":[{"@type":"ReadAction","target":["https:\/\/iha-race.com\/pt-pt\/produto\/bateria-tattu-r-line-500mah-3-7v-1s1p-95c\/"]}]},{"@type":"ImageObject","inLanguage":"pt-PT","@id":"https:\/\/iha-race.com\/pt-pt\/produto\/bateria-tattu-r-line-500mah-3-7v-1s1p-95c\/#primaryimage","url":"https:\/\/iha-race.com\/wp-content\/uploads\/2019\/10\/3_92_42.jpg","contentUrl":"https:\/\/iha-race.com\/wp-content\/uploads\/2019\/10\/3_92_42.jpg","width":800,"height":800,"caption":"Tattu R-Line 500mAh 3.7V 1S1P 95C bateria"},{"@type":"BreadcrumbList","@id":"https:\/\/iha-race.com\/pt-pt\/produto\/bateria-tattu-r-line-500mah-3-7v-1s1p-95c\/#breadcrumb","itemListElement":[{"@type":"ListItem","position":1,"name":"Portada","item":"https:\/\/iha-race.com\/pt-pt\/elementor-499\/"},{"@type":"ListItem","position":2,"name":"Shop","item":"https:\/\/iha-race.com\/pt-pt\/shop\/"},{"@type":"ListItem","position":3,"name":"Tattu R-Line 500mAh 3.7V 1S1P 95C Bateria"}]},{"@type":"WebSite","@id":"https:\/\/iha-race.com\/pt-pt\/#website","url":"https:\/\/iha-race.com\/pt-pt\/","name":"Iha Race","description":"Comprar drones de carreras FPV env\u00edos en un d\u00eda desde Espa\u00f1a","publisher":{"@id":"https:\/\/iha-race.com\/pt-pt\/#organization"},"potentialAction":[{"@type":"SearchAction","target":{"@type":"EntryPoint","urlTemplate":"https:\/\/iha-race.com\/pt-pt\/?s={search_term_string}"},"query-input":{"@type":"PropertyValueSpecification","valueRequired":true,"valueName":"search_term_string"}}],"inLanguage":"pt-PT"},{"@type":"Organization","@id":"https:\/\/iha-race.com\/pt-pt\/#organization","name":"Iha Race","url":"https:\/\/iha-race.com\/pt-pt\/","logo":{"@type":"ImageObject","inLanguage":"pt-PT","@id":"https:\/\/iha-race.com\/pt-pt\/#\/schema\/logo\/image\/","url":"https:\/\/iha-race.com\/wp-content\/uploads\/2018\/07\/iha-race-drones-de-carreras-tienda-comprar-drones.png","contentUrl":"https:\/\/iha-race.com\/wp-content\/uploads\/2018\/07\/iha-race-drones-de-carreras-tienda-comprar-drones.png","width":300,"height":100,"caption":"Iha Race"},"image":{"@id":"https:\/\/iha-race.com\/pt-pt\/#\/schema\/logo\/image\/"}}]}},"jetpack_sharing_enabled":true,"brands":[],"_links":{"self":[{"href":"https:\/\/iha-race.com\/pt-pt\/wp-json\/wp\/v2\/product\/112586","targetHints":{"allow":["GET"]}}],"collection":[{"href":"https:\/\/iha-race.com\/pt-pt\/wp-json\/wp\/v2\/product"}],"about":[{"href":"https:\/\/iha-race.com\/pt-pt\/wp-json\/wp\/v2\/types\/product"}],"replies":[{"embeddable":true,"href":"https:\/\/iha-race.com\/pt-pt\/wp-json\/wp\/v2\/comments?post=112586"}],"version-history":[{"count":2,"href":"https:\/\/iha-race.com\/pt-pt\/wp-json\/wp\/v2\/product\/112586\/revisions"}],"predecessor-version":[{"id":250102,"href":"https:\/\/iha-race.com\/pt-pt\/wp-json\/wp\/v2\/product\/112586\/revisions\/250102"}],"wp:featuredmedia":[{"embeddable":true,"href":"https:\/\/iha-race.com\/pt-pt\/wp-json\/wp\/v2\/media\/83306"}],"wp:attachment":[{"href":"https:\/\/iha-race.com\/pt-pt\/wp-json\/wp\/v2\/media?parent=112586"}],"wp:term":[{"taxonomy":"pwb-brand","embeddable":true,"href":"https:\/\/iha-race.com\/pt-pt\/wp-json\/wp\/v2\/pwb-brand?post=112586"},{"taxonomy":"product_cat","embeddable":true,"href":"https:\/\/iha-race.com\/pt-pt\/wp-json\/wp\/v2\/product_cat?post=112586"},{"taxonomy":"product_tag","embeddable":true,"href":"https:\/\/iha-race.com\/pt-pt\/wp-json\/wp\/v2\/product_tag?post=112586"}],"curies":[{"name":"wp","href":"https:\/\/api.w.org\/{rel}","templated":true}]}}