{"id":112585,"date":"2021-02-19T12:12:36","date_gmt":"2021-02-19T11:12:36","guid":{"rendered":"https:\/\/iha-race.com\/producto\/oculos-de-proteccao-fpv-v3-fat-shark-recon-v3\/"},"modified":"2024-08-29T12:33:37","modified_gmt":"2024-08-29T10:33:37","slug":"fpv-fat-shark-recon-v3-glasses","status":"publish","type":"product","link":"https:\/\/iha-race.com\/pt-pt\/produto\/fpv-fat-shark-recon-v3-glasses\/","title":{"rendered":"\u00d3culos de protec\u00e7\u00e3o FPV V3 Fat Shark Recon V3"},"content":{"rendered":"<h2>\u00d3culos de protec\u00e7\u00e3o FPV V3 Fat Shark Recon V3<\/h2>\n<p>  A linha Recon de \u00f3culos de painel \u00e9 um excelente headset FPV de n\u00edvel de entrada. S\u00e3o simples, acess\u00edveis e t\u00eam um FOV ultra-immersivo. O Recon V3 tem um receptor integrado de quatro bandas, 32 canais e carregamento USB. Coloca a facilidade de utiliza\u00e7\u00e3o em primeiro lugar e permite aos pilotos concentrarem-se em toda a experi\u00eancia FPV sem se preocuparem com cabos de carregamento adicionais ou componentes acess\u00f3rios. A vers\u00e3o 3 dos \u00f3culos de protec\u00e7\u00e3o Recon \u00e9 um desenho muito maduro. Inclui um DVR incorporado, utiliza um scanner de canais incorporado para capturar a melhor fonte de v\u00eddeo e tem um ecr\u00e3 de resolu\u00e7\u00e3o TFT 800 x 480 melhorado para uma imagem mais n\u00edtida. O OSD incorporado mostra a intensidade do sinal de v\u00eddeo, a dura\u00e7\u00e3o da bateria e o canal seleccionado. O Recon V3 \u00e9 a escolha ideal para um novo piloto que procura um auricular completo e de alta qualidade.  <\/p>\n<h2>Caracter\u00edsticas:<\/h2>\n<h3><strong>\u00d3ptica<\/strong><\/h3>\n<ul>\n<li>FOV (campo de vis\u00e3o): <b>55\u00b0<\/b>.<\/li>\n<li>Formato: <b>16:9<\/b><\/li>\n<li>Micro visor<\/li>\n<li>Ecr\u00e3: ecr\u00e3 <b>WQVGA<\/b> de <b>4,3 polegadas<\/b> <\/li>\n<li>Resolu\u00e7\u00e3o: <b>800 X 480 TFT<\/b><\/li>\n<\/ul>\n<h2>Especifica\u00e7\u00f5es:<\/h2>\n<ul>\n<li>DVR: grava\u00e7\u00e3o de v\u00eddeo anal\u00f3gico<\/li>\n<li>Suporte de cart\u00f5es SD at\u00e9 32GB (ficheiro AVI)<\/li>\n<li>Suporte de reprodu\u00e7\u00e3o de grava\u00e7\u00e3o de arquivo<\/li>\n<li>Actualiza\u00e7\u00e3o do firmware atrav\u00e9s de cart\u00e3o SD<\/li>\n<\/ul>\n<h3>Receptor 5.8GHZ<\/h3>\n<ul>\n<li><b>40 canais<\/b>, receptor \u00fanico de alta sensibilidade incluindo frequ\u00eancias RaceBand (digitaliza\u00e7\u00e3o autom\u00e1tica e para encontrar o canal mais forte)<\/li>\n<\/ul>\n<h3>OSD<\/h3>\n<ul>\n<li>Informa\u00e7\u00e3o do canal, informa\u00e7\u00e3o <b>RSSI<\/b> e <b>estado da bateria<\/b> (desaparece ap\u00f3s 4 segundos, prima qualquer bot\u00e3o para a trazer para cima)<\/li>\n<\/ul>\n<h3>Interfaces<\/h3>\n<ul>\n<li>Porta de carregamento USB<\/li>\n<li>Slot para cart\u00e3o micro-SD<\/li>\n<\/ul>\n<h2>O pacote inclui:<\/h2>\n<div id=\"contenido-paquete-rc-innovations\" class=\"tab-pane tab-content active\">\n<ul>\n<li>1 x \u00d3culos de protec\u00e7\u00e3o FPV Recon V3<\/li>\n<li>1 x antena dipolo 5.8G<\/li>\n<li>1 x 18650 2600mAh Li-ion (instalado)<\/li>\n<\/ul>\n<p><em><strong>*Descarrega:<\/strong><\/em><a href=\"https:\/\/www.fatshark.com\/wp-content\/uploads\/2019\/06\/Recon-V3-Manual.docx\">Manual<\/a><\/p>\n<div>\n<div id=\"tab-manuals\" class=\"woocommerce-Tabs-panel woocommerce-Tabs-panel--manuals panel entry-content wc-tab\" role=\"tabpanel\" aria-labelledby=\"tab-title-manuals\"><a href=\"https:\/\/www.fatshark.com\/wp-content\/uploads\/2019\/06\/RECON-V3-Design-Doc_RevA.doc\">Ficha de Especifica\u00e7\u00f5es<\/a><\/div>\n<\/div>\n<\/div>\n<p>&nbsp;<\/p>\n","protected":false},"excerpt":{"rendered":"<p><b>800 x 480, 55\u00ba FOV, OSD, Gravador, Rx 32 canais, Carregamento USB&#8230;  <\/b><b>Inclui uma nova m\u00e1scara facial com almofada!!!<\/b><\/p>\n","protected":false},"featured_media":94056,"comment_status":"open","ping_status":"closed","template":"","meta":{"_joinchat":[]},"pwb-brand":[],"product_cat":[1132,2454],"product_tag":[],"class_list":{"0":"post-112585","1":"product","2":"type-product","3":"status-publish","4":"has-post-thumbnail","6":"product_cat-oculos-de-proteccao-fpv","7":"product_cat-vidros-e-monitores","9":"first","10":"outofstock","11":"taxable","12":"shipping-taxable","13":"purchasable","14":"product-type-simple"},"barcode":null,"atum_controlled":true,"out_stock_date":"2022-04-12 13:48:09","out_stock_threshold":null,"inheritable":false,"stock_on_hold":0,"sold_today":0,"sales_last_days":0,"out_stock_days":1467,"lost_sales":0,"update_date":"2026-04-18T20:30:54","atum_locations":[],"atum_stock_status":"outofstock","restock_status":false,"low_stock_amount":"","sales_update_date":"2026-04-18T20:30:54","calc_backorders":null,"yoast_head":"<!-- This site is optimized with the Yoast SEO plugin v27.3 - https:\/\/yoast.com\/product\/yoast-seo-wordpress\/ -->\n<title>\u00d3culos de protec\u00e7\u00e3o FPV V3 Fat Shark Recon V3 - Iha Race<\/title>\n<meta name=\"robots\" content=\"index, follow, max-snippet:-1, max-image-preview:large, max-video-preview:-1\" \/>\n<link rel=\"canonical\" href=\"https:\/\/iha-race.com\/pt-pt\/produto\/fpv-fat-shark-recon-v3-glasses\/\" \/>\n<meta property=\"og:locale\" content=\"pt_PT\" \/>\n<meta property=\"og:type\" content=\"article\" \/>\n<meta property=\"og:title\" content=\"\u00d3culos de protec\u00e7\u00e3o FPV V3 Fat Shark Recon V3 - Iha Race\" \/>\n<meta property=\"og:description\" content=\"800 x 480, 55\u00ba FOV, OSD, Gravador, Rx 32 canais, Carregamento USB... Inclui uma nova m\u00e1scara facial com almofada!!!\" \/>\n<meta property=\"og:url\" content=\"https:\/\/iha-race.com\/pt-pt\/produto\/fpv-fat-shark-recon-v3-glasses\/\" \/>\n<meta property=\"og:site_name\" content=\"Iha Race\" \/>\n<meta property=\"article:modified_time\" content=\"2024-08-29T10:33:37+00:00\" \/>\n<meta property=\"og:image\" content=\"https:\/\/iha-race.com\/wp-content\/uploads\/2019\/09\/gafas-fpv-fatshark-recon-v3-1.jpg\" \/>\n\t<meta property=\"og:image:width\" content=\"800\" \/>\n\t<meta property=\"og:image:height\" content=\"800\" \/>\n\t<meta property=\"og:image:type\" content=\"image\/jpeg\" \/>\n<meta name=\"twitter:card\" content=\"summary_large_image\" \/>\n<meta name=\"twitter:label1\" content=\"Tempo estimado de leitura\" \/>\n\t<meta name=\"twitter:data1\" content=\"2 minutos\" \/>\n<script type=\"application\/ld+json\" class=\"yoast-schema-graph\">{\"@context\":\"https:\\\/\\\/schema.org\",\"@graph\":[{\"@type\":\"WebPage\",\"@id\":\"https:\\\/\\\/iha-race.com\\\/pt-pt\\\/produto\\\/fpv-fat-shark-recon-v3-glasses\\\/\",\"url\":\"https:\\\/\\\/iha-race.com\\\/pt-pt\\\/produto\\\/fpv-fat-shark-recon-v3-glasses\\\/\",\"name\":\"\u00d3culos de protec\u00e7\u00e3o FPV V3 Fat Shark Recon V3 - Iha Race\",\"isPartOf\":{\"@id\":\"https:\\\/\\\/iha-race.com\\\/pt-pt\\\/#website\"},\"primaryImageOfPage\":{\"@id\":\"https:\\\/\\\/iha-race.com\\\/pt-pt\\\/produto\\\/fpv-fat-shark-recon-v3-glasses\\\/#primaryimage\"},\"image\":{\"@id\":\"https:\\\/\\\/iha-race.com\\\/pt-pt\\\/produto\\\/fpv-fat-shark-recon-v3-glasses\\\/#primaryimage\"},\"thumbnailUrl\":\"https:\\\/\\\/iha-race.com\\\/wp-content\\\/uploads\\\/2019\\\/09\\\/gafas-fpv-fatshark-recon-v3-1.jpg\",\"datePublished\":\"2021-02-19T11:12:36+00:00\",\"dateModified\":\"2024-08-29T10:33:37+00:00\",\"breadcrumb\":{\"@id\":\"https:\\\/\\\/iha-race.com\\\/pt-pt\\\/produto\\\/fpv-fat-shark-recon-v3-glasses\\\/#breadcrumb\"},\"inLanguage\":\"pt-PT\",\"potentialAction\":[{\"@type\":\"ReadAction\",\"target\":[\"https:\\\/\\\/iha-race.com\\\/pt-pt\\\/produto\\\/fpv-fat-shark-recon-v3-glasses\\\/\"]}]},{\"@type\":\"ImageObject\",\"inLanguage\":\"pt-PT\",\"@id\":\"https:\\\/\\\/iha-race.com\\\/pt-pt\\\/produto\\\/fpv-fat-shark-recon-v3-glasses\\\/#primaryimage\",\"url\":\"https:\\\/\\\/iha-race.com\\\/wp-content\\\/uploads\\\/2019\\\/09\\\/gafas-fpv-fatshark-recon-v3-1.jpg\",\"contentUrl\":\"https:\\\/\\\/iha-race.com\\\/wp-content\\\/uploads\\\/2019\\\/09\\\/gafas-fpv-fatshark-recon-v3-1.jpg\",\"width\":800,\"height\":800,\"caption\":\"fpv-fatshark-recon-v3-glasses\"},{\"@type\":\"BreadcrumbList\",\"@id\":\"https:\\\/\\\/iha-race.com\\\/pt-pt\\\/produto\\\/fpv-fat-shark-recon-v3-glasses\\\/#breadcrumb\",\"itemListElement\":[{\"@type\":\"ListItem\",\"position\":1,\"name\":\"Portada\",\"item\":\"https:\\\/\\\/iha-race.com\\\/pt-pt\\\/elementor-499\\\/\"},{\"@type\":\"ListItem\",\"position\":2,\"name\":\"Shop\",\"item\":\"https:\\\/\\\/iha-race.com\\\/pt-pt\\\/shop\\\/\"},{\"@type\":\"ListItem\",\"position\":3,\"name\":\"\u00d3culos de protec\u00e7\u00e3o FPV V3 Fat Shark Recon V3\"}]},{\"@type\":\"WebSite\",\"@id\":\"https:\\\/\\\/iha-race.com\\\/pt-pt\\\/#website\",\"url\":\"https:\\\/\\\/iha-race.com\\\/pt-pt\\\/\",\"name\":\"Iha Race\",\"description\":\"Comprar drones de carreras FPV env\u00edos en un d\u00eda desde Espa\u00f1a\",\"publisher\":{\"@id\":\"https:\\\/\\\/iha-race.com\\\/pt-pt\\\/#organization\"},\"potentialAction\":[{\"@type\":\"SearchAction\",\"target\":{\"@type\":\"EntryPoint\",\"urlTemplate\":\"https:\\\/\\\/iha-race.com\\\/pt-pt\\\/?s={search_term_string}\"},\"query-input\":{\"@type\":\"PropertyValueSpecification\",\"valueRequired\":true,\"valueName\":\"search_term_string\"}}],\"inLanguage\":\"pt-PT\"},{\"@type\":\"Organization\",\"@id\":\"https:\\\/\\\/iha-race.com\\\/pt-pt\\\/#organization\",\"name\":\"Iha Race\",\"url\":\"https:\\\/\\\/iha-race.com\\\/pt-pt\\\/\",\"logo\":{\"@type\":\"ImageObject\",\"inLanguage\":\"pt-PT\",\"@id\":\"https:\\\/\\\/iha-race.com\\\/pt-pt\\\/#\\\/schema\\\/logo\\\/image\\\/\",\"url\":\"https:\\\/\\\/iha-race.com\\\/wp-content\\\/uploads\\\/2018\\\/07\\\/iha-race-drones-de-carreras-tienda-comprar-drones.png\",\"contentUrl\":\"https:\\\/\\\/iha-race.com\\\/wp-content\\\/uploads\\\/2018\\\/07\\\/iha-race-drones-de-carreras-tienda-comprar-drones.png\",\"width\":300,\"height\":100,\"caption\":\"Iha Race\"},\"image\":{\"@id\":\"https:\\\/\\\/iha-race.com\\\/pt-pt\\\/#\\\/schema\\\/logo\\\/image\\\/\"}}]}<\/script>\n<!-- \/ Yoast SEO plugin. -->","yoast_head_json":{"title":"\u00d3culos de protec\u00e7\u00e3o FPV V3 Fat Shark Recon V3 - Iha Race","robots":{"index":"index","follow":"follow","max-snippet":"max-snippet:-1","max-image-preview":"max-image-preview:large","max-video-preview":"max-video-preview:-1"},"canonical":"https:\/\/iha-race.com\/pt-pt\/produto\/fpv-fat-shark-recon-v3-glasses\/","og_locale":"pt_PT","og_type":"article","og_title":"\u00d3culos de protec\u00e7\u00e3o FPV V3 Fat Shark Recon V3 - Iha Race","og_description":"800 x 480, 55\u00ba FOV, OSD, Gravador, Rx 32 canais, Carregamento USB... Inclui uma nova m\u00e1scara facial com almofada!!!","og_url":"https:\/\/iha-race.com\/pt-pt\/produto\/fpv-fat-shark-recon-v3-glasses\/","og_site_name":"Iha Race","article_modified_time":"2024-08-29T10:33:37+00:00","og_image":[{"width":800,"height":800,"url":"https:\/\/iha-race.com\/wp-content\/uploads\/2019\/09\/gafas-fpv-fatshark-recon-v3-1.jpg","type":"image\/jpeg"}],"twitter_card":"summary_large_image","twitter_misc":{"Tempo estimado de leitura":"2 minutos"},"schema":{"@context":"https:\/\/schema.org","@graph":[{"@type":"WebPage","@id":"https:\/\/iha-race.com\/pt-pt\/produto\/fpv-fat-shark-recon-v3-glasses\/","url":"https:\/\/iha-race.com\/pt-pt\/produto\/fpv-fat-shark-recon-v3-glasses\/","name":"\u00d3culos de protec\u00e7\u00e3o FPV V3 Fat Shark Recon V3 - Iha Race","isPartOf":{"@id":"https:\/\/iha-race.com\/pt-pt\/#website"},"primaryImageOfPage":{"@id":"https:\/\/iha-race.com\/pt-pt\/produto\/fpv-fat-shark-recon-v3-glasses\/#primaryimage"},"image":{"@id":"https:\/\/iha-race.com\/pt-pt\/produto\/fpv-fat-shark-recon-v3-glasses\/#primaryimage"},"thumbnailUrl":"https:\/\/iha-race.com\/wp-content\/uploads\/2019\/09\/gafas-fpv-fatshark-recon-v3-1.jpg","datePublished":"2021-02-19T11:12:36+00:00","dateModified":"2024-08-29T10:33:37+00:00","breadcrumb":{"@id":"https:\/\/iha-race.com\/pt-pt\/produto\/fpv-fat-shark-recon-v3-glasses\/#breadcrumb"},"inLanguage":"pt-PT","potentialAction":[{"@type":"ReadAction","target":["https:\/\/iha-race.com\/pt-pt\/produto\/fpv-fat-shark-recon-v3-glasses\/"]}]},{"@type":"ImageObject","inLanguage":"pt-PT","@id":"https:\/\/iha-race.com\/pt-pt\/produto\/fpv-fat-shark-recon-v3-glasses\/#primaryimage","url":"https:\/\/iha-race.com\/wp-content\/uploads\/2019\/09\/gafas-fpv-fatshark-recon-v3-1.jpg","contentUrl":"https:\/\/iha-race.com\/wp-content\/uploads\/2019\/09\/gafas-fpv-fatshark-recon-v3-1.jpg","width":800,"height":800,"caption":"fpv-fatshark-recon-v3-glasses"},{"@type":"BreadcrumbList","@id":"https:\/\/iha-race.com\/pt-pt\/produto\/fpv-fat-shark-recon-v3-glasses\/#breadcrumb","itemListElement":[{"@type":"ListItem","position":1,"name":"Portada","item":"https:\/\/iha-race.com\/pt-pt\/elementor-499\/"},{"@type":"ListItem","position":2,"name":"Shop","item":"https:\/\/iha-race.com\/pt-pt\/shop\/"},{"@type":"ListItem","position":3,"name":"\u00d3culos de protec\u00e7\u00e3o FPV V3 Fat Shark Recon V3"}]},{"@type":"WebSite","@id":"https:\/\/iha-race.com\/pt-pt\/#website","url":"https:\/\/iha-race.com\/pt-pt\/","name":"Iha Race","description":"Comprar drones de carreras FPV env\u00edos en un d\u00eda desde Espa\u00f1a","publisher":{"@id":"https:\/\/iha-race.com\/pt-pt\/#organization"},"potentialAction":[{"@type":"SearchAction","target":{"@type":"EntryPoint","urlTemplate":"https:\/\/iha-race.com\/pt-pt\/?s={search_term_string}"},"query-input":{"@type":"PropertyValueSpecification","valueRequired":true,"valueName":"search_term_string"}}],"inLanguage":"pt-PT"},{"@type":"Organization","@id":"https:\/\/iha-race.com\/pt-pt\/#organization","name":"Iha Race","url":"https:\/\/iha-race.com\/pt-pt\/","logo":{"@type":"ImageObject","inLanguage":"pt-PT","@id":"https:\/\/iha-race.com\/pt-pt\/#\/schema\/logo\/image\/","url":"https:\/\/iha-race.com\/wp-content\/uploads\/2018\/07\/iha-race-drones-de-carreras-tienda-comprar-drones.png","contentUrl":"https:\/\/iha-race.com\/wp-content\/uploads\/2018\/07\/iha-race-drones-de-carreras-tienda-comprar-drones.png","width":300,"height":100,"caption":"Iha Race"},"image":{"@id":"https:\/\/iha-race.com\/pt-pt\/#\/schema\/logo\/image\/"}}]}},"jetpack_sharing_enabled":true,"brands":[],"_links":{"self":[{"href":"https:\/\/iha-race.com\/pt-pt\/wp-json\/wp\/v2\/product\/112585","targetHints":{"allow":["GET"]}}],"collection":[{"href":"https:\/\/iha-race.com\/pt-pt\/wp-json\/wp\/v2\/product"}],"about":[{"href":"https:\/\/iha-race.com\/pt-pt\/wp-json\/wp\/v2\/types\/product"}],"replies":[{"embeddable":true,"href":"https:\/\/iha-race.com\/pt-pt\/wp-json\/wp\/v2\/comments?post=112585"}],"version-history":[{"count":2,"href":"https:\/\/iha-race.com\/pt-pt\/wp-json\/wp\/v2\/product\/112585\/revisions"}],"predecessor-version":[{"id":249638,"href":"https:\/\/iha-race.com\/pt-pt\/wp-json\/wp\/v2\/product\/112585\/revisions\/249638"}],"wp:featuredmedia":[{"embeddable":true,"href":"https:\/\/iha-race.com\/pt-pt\/wp-json\/wp\/v2\/media\/94056"}],"wp:attachment":[{"href":"https:\/\/iha-race.com\/pt-pt\/wp-json\/wp\/v2\/media?parent=112585"}],"wp:term":[{"taxonomy":"pwb-brand","embeddable":true,"href":"https:\/\/iha-race.com\/pt-pt\/wp-json\/wp\/v2\/pwb-brand?post=112585"},{"taxonomy":"product_cat","embeddable":true,"href":"https:\/\/iha-race.com\/pt-pt\/wp-json\/wp\/v2\/product_cat?post=112585"},{"taxonomy":"product_tag","embeddable":true,"href":"https:\/\/iha-race.com\/pt-pt\/wp-json\/wp\/v2\/product_tag?post=112585"}],"curies":[{"name":"wp","href":"https:\/\/api.w.org\/{rel}","templated":true}]}}