{"id":112544,"date":"2019-06-17T18:39:49","date_gmt":"2019-06-17T16:39:49","guid":{"rendered":"https:\/\/iha-race.com\/producto\/canopy-para-beta-85x-beta75x-beta75-pro-2\/"},"modified":"2024-08-29T16:18:36","modified_gmt":"2024-08-29T14:18:36","slug":"canopy-para-beta-85x-beta75x-beta75-pro-2","status":"publish","type":"product","link":"https:\/\/iha-race.com\/pt-pt\/produto\/canopy-para-beta-85x-beta75x-beta75-pro-2\/","title":{"rendered":"Canopy para Beta 85X \/ Beta75X \/ Beta75 pro 2"},"content":{"rendered":"<h2>Canopy para Beta 85X \/ Beta75X \/ Beta75 pro 2<\/h2>\n<p>  Como esta cobertura \u00e9 flex\u00edvel! Com material PE, esta capa \u00e9 perfeitamente compat\u00edvel com <a href=\"https:\/\/betafpv.com\/collections\/2s-whoop-drones\/products\/beta85x-whoop-quadcopter\" target=\"_blank\" rel=\"noopener noreferrer\">Beta85X<\/a>, <a href=\"https:\/\/betafpv.com\/collections\/2s-whoop-drones\/products\/beta75x-2s-whoop-quadcopter\" target=\"_blank\" rel=\"noopener noreferrer\">Beta75X<\/a> e <a href=\"https:\/\/betafpv.com\/collections\/pro-series\/products\/beta75-pro-2-brushless-whoop-quadcopter\">Beta75 pro 2<\/a>. Usado para uma constru\u00e7\u00e3o DIY Beta75X com c\u00e2mara Caddx Turtle V2. F\u00e1cil instala\u00e7\u00e3o e anti-fractura. Al\u00e9m disso, com a inclina\u00e7\u00e3o de 30 graus, podes obter uma vista extraordin\u00e1ria enquanto voas em estilo livre.  <\/p>\n<ul>\n<li><strong>Adequado para arma\u00e7\u00e3o Beta75X<\/strong><\/li>\n<\/ul>\n<p>  Nota: Se utilizares outros parafusos para instalar a placa DVR, tem cuidado para n\u00e3o danificares os componentes electr\u00f3nicos, caso contr\u00e1rio a c\u00e2mara pode apresentar anomalias.  <\/p>\n<ul>\n<li>O material de PE mais macio e anti-ru\u00edna impede eficazmente que o dossel se quebre.<\/li>\n<li>Vem com 2 pe\u00e7as M1.4 * 8 parafusos para facilitar a instala\u00e7\u00e3o das placas DVR.<\/li>\n<li>O \u00e2ngulo de inclina\u00e7\u00e3o do dossel \u00e9 de 30 graus e n\u00e3o \u00e9 ajust\u00e1vel.<\/li>\n<\/ul>\n<h3>Especifica\u00e7\u00e3o:<\/h3>\n<ul>\n<li>Material: PE<\/li>\n<li>Peso: 3,8g<\/li>\n<li>Adaptar c\u00e2mara: c\u00e2mara Turtle V2<\/li>\n<li>Moldura de adapta\u00e7\u00e3o: Moldura Beta85X, Moldura Beta75X, Moldura Beta75 Pro 2<\/li>\n<\/ul>\n<p>&nbsp;<\/p>\n<p><img fetchpriority=\"high\" decoding=\"async\" class=\"size-full wp-image-10675\" src=\"https:\/\/iha-race.com\/wp-content\/uploads\/2019\/06\/64dec5d26c2bf1b3dc87b209b1b418d8_1024x1024@2x.jpg\" alt=\"Canopy para Beta 85X \/ Beta75X \/ Beta75 pro 2\" width=\"1195\" height=\"1108\"><\/p>\n<p>&nbsp;<\/p>\n<p>&nbsp;<\/p>\n<p><img decoding=\"async\" class=\"size-full wp-image-10678\" src=\"https:\/\/iha-race.com\/wp-content\/uploads\/2019\/06\/02_WPS.jpg\" alt=\"Canopy para Beta 85X \/ Beta75X \/ Beta75 pro 2  \" width=\"1200\" height=\"799\" srcset=\"https:\/\/iha-race.com\/wp-content\/uploads\/2019\/06\/02_WPS.jpg 1200w, https:\/\/iha-race.com\/wp-content\/uploads\/2019\/06\/02_WPS-599x399.jpg 599w, https:\/\/iha-race.com\/wp-content\/uploads\/2019\/06\/02_WPS-300x200.jpg 300w, https:\/\/iha-race.com\/wp-content\/uploads\/2019\/06\/02_WPS-767x511.jpg 767w, https:\/\/iha-race.com\/wp-content\/uploads\/2019\/06\/02_WPS-1024x682.jpg 1024w, https:\/\/iha-race.com\/wp-content\/uploads\/2019\/06\/02_WPS-788x524.jpg 788w\" sizes=\"(max-width: 1200px) 100vw, 1200px\" \/><\/p>\n<p>&nbsp;<\/p>\n<p>&nbsp;<\/p>\n<p>&nbsp;<\/p>\n<p><img decoding=\"async\" class=\"size-full wp-image-10679\" src=\"https:\/\/iha-race.com\/wp-content\/uploads\/2019\/06\/2_b33bf6fb-391d-4bfd-9181-0e3a0f68ddfa_grande.png\" alt=\"Canopy para Beta 85X \/ Beta75X \/ Beta75 pro 2  \" width=\"600\" height=\"305\" srcset=\"https:\/\/iha-race.com\/wp-content\/uploads\/2019\/06\/2_b33bf6fb-391d-4bfd-9181-0e3a0f68ddfa_grande.png 600w, https:\/\/iha-race.com\/wp-content\/uploads\/2019\/06\/2_b33bf6fb-391d-4bfd-9181-0e3a0f68ddfa_grande-300x153.png 300w, https:\/\/iha-race.com\/wp-content\/uploads\/2019\/06\/2_b33bf6fb-391d-4bfd-9181-0e3a0f68ddfa_grande-767x390.png 767w, https:\/\/iha-race.com\/wp-content\/uploads\/2019\/06\/2_b33bf6fb-391d-4bfd-9181-0e3a0f68ddfa_grande-1024x521.png 1024w, https:\/\/iha-race.com\/wp-content\/uploads\/2019\/06\/2_b33bf6fb-391d-4bfd-9181-0e3a0f68ddfa_grande-788x400.png 788w\" sizes=\"(max-width: 600px) 100vw, 600px\" \/><\/p>\n<h2><\/h2>\n<p>&nbsp;<\/p>\n<p>&nbsp;<\/p>\n<p>&nbsp;<\/p>\n<p>&nbsp;<\/p>\n<p><img loading=\"lazy\" decoding=\"async\" class=\"size-full wp-image-10680\" src=\"https:\/\/iha-race.com\/wp-content\/uploads\/2019\/06\/8_WPS.png\" alt=\"Canopy para Beta 85X \/ Beta75X \/ Beta75 pro 2  \" width=\"1024\" height=\"682\" srcset=\"https:\/\/iha-race.com\/wp-content\/uploads\/2019\/06\/8_WPS.png 1024w, https:\/\/iha-race.com\/wp-content\/uploads\/2019\/06\/8_WPS-599x399.png 599w, https:\/\/iha-race.com\/wp-content\/uploads\/2019\/06\/8_WPS-300x200.png 300w, https:\/\/iha-race.com\/wp-content\/uploads\/2019\/06\/8_WPS-767x511.png 767w, https:\/\/iha-race.com\/wp-content\/uploads\/2019\/06\/8_WPS-788x524.png 788w\" sizes=\"(max-width: 1024px) 100vw, 1024px\" \/><\/p>\n<p>&nbsp;<\/p>\n","protected":false},"excerpt":{"rendered":"<p>Canopy para Beta 85X \/ Beta75X \/ Beta75 pro 2 Como esta cobertura \u00e9 flex\u00edvel! Com material PE, esta capa \u00e9 perfeitamente compat\u00edvel com Beta85X, Beta75X e Beta75 pro 2.<\/p>\n","protected":false},"featured_media":82360,"comment_status":"open","ping_status":"closed","template":"","meta":{"_joinchat":[]},"pwb-brand":[],"product_cat":[951,27],"product_tag":[],"class_list":{"0":"post-112544","1":"product","2":"type-product","3":"status-publish","4":"has-post-thumbnail","6":"product_cat-drones-de-iniciacion-e-interior","7":"product_cat-drones-fpv","9":"first","10":"instock","11":"taxable","12":"shipping-taxable","13":"purchasable","14":"product-type-simple"},"barcode":null,"atum_controlled":true,"out_stock_date":null,"out_stock_threshold":null,"inheritable":false,"stock_on_hold":0,"sold_today":0,"sales_last_days":0,"out_stock_days":0,"lost_sales":0,"update_date":"2026-04-08T16:35:01","atum_locations":[],"atum_stock_status":"instock","restock_status":false,"low_stock_amount":"","sales_update_date":"2026-03-21T11:17:12","calc_backorders":null,"yoast_head":"<!-- This site is optimized with the Yoast SEO plugin v27.3 - https:\/\/yoast.com\/product\/yoast-seo-wordpress\/ -->\n<title>Canopy para Beta 85X \/ Beta75X \/ Beta75 pro 2 - Iha Race<\/title>\n<meta name=\"robots\" content=\"index, follow, max-snippet:-1, max-image-preview:large, max-video-preview:-1\" \/>\n<link rel=\"canonical\" href=\"https:\/\/iha-race.com\/pt-pt\/produto\/canopy-para-beta-85x-beta75x-beta75-pro-2\/\" \/>\n<meta property=\"og:locale\" content=\"pt_PT\" \/>\n<meta property=\"og:type\" content=\"article\" \/>\n<meta property=\"og:title\" content=\"Canopy para Beta 85X \/ Beta75X \/ Beta75 pro 2 - Iha Race\" \/>\n<meta property=\"og:description\" content=\"Canopy para Beta 85X \/ Beta75X \/ Beta75 pro 2 Como esta cobertura \u00e9 flex\u00edvel! Com material PE, esta capa \u00e9 perfeitamente compat\u00edvel com Beta85X, Beta75X e Beta75 pro 2.\" \/>\n<meta property=\"og:url\" content=\"https:\/\/iha-race.com\/pt-pt\/produto\/canopy-para-beta-85x-beta75x-beta75-pro-2\/\" \/>\n<meta property=\"og:site_name\" content=\"Iha Race\" \/>\n<meta property=\"article:modified_time\" content=\"2024-08-29T14:18:36+00:00\" \/>\n<meta property=\"og:image\" content=\"https:\/\/iha-race.com\/wp-content\/uploads\/2019\/06\/canopy-para-beta-85x-beta75x-beta75-pro-2.jpg\" \/>\n\t<meta property=\"og:image:width\" content=\"2222\" \/>\n\t<meta property=\"og:image:height\" content=\"2222\" \/>\n\t<meta property=\"og:image:type\" content=\"image\/jpeg\" \/>\n<meta name=\"twitter:card\" content=\"summary_large_image\" \/>\n<meta name=\"twitter:label1\" content=\"Tempo estimado de leitura\" \/>\n\t<meta name=\"twitter:data1\" content=\"1 minuto\" \/>\n<script type=\"application\/ld+json\" class=\"yoast-schema-graph\">{\"@context\":\"https:\\\/\\\/schema.org\",\"@graph\":[{\"@type\":\"WebPage\",\"@id\":\"https:\\\/\\\/iha-race.com\\\/pt-pt\\\/produto\\\/canopy-para-beta-85x-beta75x-beta75-pro-2\\\/\",\"url\":\"https:\\\/\\\/iha-race.com\\\/pt-pt\\\/produto\\\/canopy-para-beta-85x-beta75x-beta75-pro-2\\\/\",\"name\":\"Canopy para Beta 85X \\\/ Beta75X \\\/ Beta75 pro 2 - Iha Race\",\"isPartOf\":{\"@id\":\"https:\\\/\\\/iha-race.com\\\/pt-pt\\\/#website\"},\"primaryImageOfPage\":{\"@id\":\"https:\\\/\\\/iha-race.com\\\/pt-pt\\\/produto\\\/canopy-para-beta-85x-beta75x-beta75-pro-2\\\/#primaryimage\"},\"image\":{\"@id\":\"https:\\\/\\\/iha-race.com\\\/pt-pt\\\/produto\\\/canopy-para-beta-85x-beta75x-beta75-pro-2\\\/#primaryimage\"},\"thumbnailUrl\":\"https:\\\/\\\/iha-race.com\\\/wp-content\\\/uploads\\\/2019\\\/06\\\/canopy-para-beta-85x-beta75x-beta75-pro-2.jpg\",\"datePublished\":\"2019-06-17T16:39:49+00:00\",\"dateModified\":\"2024-08-29T14:18:36+00:00\",\"breadcrumb\":{\"@id\":\"https:\\\/\\\/iha-race.com\\\/pt-pt\\\/produto\\\/canopy-para-beta-85x-beta75x-beta75-pro-2\\\/#breadcrumb\"},\"inLanguage\":\"pt-PT\",\"potentialAction\":[{\"@type\":\"ReadAction\",\"target\":[\"https:\\\/\\\/iha-race.com\\\/pt-pt\\\/produto\\\/canopy-para-beta-85x-beta75x-beta75-pro-2\\\/\"]}]},{\"@type\":\"ImageObject\",\"inLanguage\":\"pt-PT\",\"@id\":\"https:\\\/\\\/iha-race.com\\\/pt-pt\\\/produto\\\/canopy-para-beta-85x-beta75x-beta75-pro-2\\\/#primaryimage\",\"url\":\"https:\\\/\\\/iha-race.com\\\/wp-content\\\/uploads\\\/2019\\\/06\\\/canopy-para-beta-85x-beta75x-beta75-pro-2.jpg\",\"contentUrl\":\"https:\\\/\\\/iha-race.com\\\/wp-content\\\/uploads\\\/2019\\\/06\\\/canopy-para-beta-85x-beta75x-beta75-pro-2.jpg\",\"width\":2222,\"height\":2222,\"caption\":\"Canopy para Beta 85X comprar Canopy barato para Beta 85X loja online fpv drone shop barato\"},{\"@type\":\"BreadcrumbList\",\"@id\":\"https:\\\/\\\/iha-race.com\\\/pt-pt\\\/produto\\\/canopy-para-beta-85x-beta75x-beta75-pro-2\\\/#breadcrumb\",\"itemListElement\":[{\"@type\":\"ListItem\",\"position\":1,\"name\":\"Portada\",\"item\":\"https:\\\/\\\/iha-race.com\\\/pt-pt\\\/elementor-499\\\/\"},{\"@type\":\"ListItem\",\"position\":2,\"name\":\"Shop\",\"item\":\"https:\\\/\\\/iha-race.com\\\/pt-pt\\\/shop\\\/\"},{\"@type\":\"ListItem\",\"position\":3,\"name\":\"Canopy para Beta 85X \\\/ Beta75X \\\/ Beta75 pro 2\"}]},{\"@type\":\"WebSite\",\"@id\":\"https:\\\/\\\/iha-race.com\\\/pt-pt\\\/#website\",\"url\":\"https:\\\/\\\/iha-race.com\\\/pt-pt\\\/\",\"name\":\"Iha Race\",\"description\":\"Comprar drones de carreras FPV env\u00edos en un d\u00eda desde Espa\u00f1a\",\"publisher\":{\"@id\":\"https:\\\/\\\/iha-race.com\\\/pt-pt\\\/#organization\"},\"potentialAction\":[{\"@type\":\"SearchAction\",\"target\":{\"@type\":\"EntryPoint\",\"urlTemplate\":\"https:\\\/\\\/iha-race.com\\\/pt-pt\\\/?s={search_term_string}\"},\"query-input\":{\"@type\":\"PropertyValueSpecification\",\"valueRequired\":true,\"valueName\":\"search_term_string\"}}],\"inLanguage\":\"pt-PT\"},{\"@type\":\"Organization\",\"@id\":\"https:\\\/\\\/iha-race.com\\\/pt-pt\\\/#organization\",\"name\":\"Iha Race\",\"url\":\"https:\\\/\\\/iha-race.com\\\/pt-pt\\\/\",\"logo\":{\"@type\":\"ImageObject\",\"inLanguage\":\"pt-PT\",\"@id\":\"https:\\\/\\\/iha-race.com\\\/pt-pt\\\/#\\\/schema\\\/logo\\\/image\\\/\",\"url\":\"https:\\\/\\\/iha-race.com\\\/wp-content\\\/uploads\\\/2018\\\/07\\\/iha-race-drones-de-carreras-tienda-comprar-drones.png\",\"contentUrl\":\"https:\\\/\\\/iha-race.com\\\/wp-content\\\/uploads\\\/2018\\\/07\\\/iha-race-drones-de-carreras-tienda-comprar-drones.png\",\"width\":300,\"height\":100,\"caption\":\"Iha Race\"},\"image\":{\"@id\":\"https:\\\/\\\/iha-race.com\\\/pt-pt\\\/#\\\/schema\\\/logo\\\/image\\\/\"}}]}<\/script>\n<!-- \/ Yoast SEO plugin. -->","yoast_head_json":{"title":"Canopy para Beta 85X \/ Beta75X \/ Beta75 pro 2 - Iha Race","robots":{"index":"index","follow":"follow","max-snippet":"max-snippet:-1","max-image-preview":"max-image-preview:large","max-video-preview":"max-video-preview:-1"},"canonical":"https:\/\/iha-race.com\/pt-pt\/produto\/canopy-para-beta-85x-beta75x-beta75-pro-2\/","og_locale":"pt_PT","og_type":"article","og_title":"Canopy para Beta 85X \/ Beta75X \/ Beta75 pro 2 - Iha Race","og_description":"Canopy para Beta 85X \/ Beta75X \/ Beta75 pro 2 Como esta cobertura \u00e9 flex\u00edvel! Com material PE, esta capa \u00e9 perfeitamente compat\u00edvel com Beta85X, Beta75X e Beta75 pro 2.","og_url":"https:\/\/iha-race.com\/pt-pt\/produto\/canopy-para-beta-85x-beta75x-beta75-pro-2\/","og_site_name":"Iha Race","article_modified_time":"2024-08-29T14:18:36+00:00","og_image":[{"width":2222,"height":2222,"url":"https:\/\/iha-race.com\/wp-content\/uploads\/2019\/06\/canopy-para-beta-85x-beta75x-beta75-pro-2.jpg","type":"image\/jpeg"}],"twitter_card":"summary_large_image","twitter_misc":{"Tempo estimado de leitura":"1 minuto"},"schema":{"@context":"https:\/\/schema.org","@graph":[{"@type":"WebPage","@id":"https:\/\/iha-race.com\/pt-pt\/produto\/canopy-para-beta-85x-beta75x-beta75-pro-2\/","url":"https:\/\/iha-race.com\/pt-pt\/produto\/canopy-para-beta-85x-beta75x-beta75-pro-2\/","name":"Canopy para Beta 85X \/ Beta75X \/ Beta75 pro 2 - Iha Race","isPartOf":{"@id":"https:\/\/iha-race.com\/pt-pt\/#website"},"primaryImageOfPage":{"@id":"https:\/\/iha-race.com\/pt-pt\/produto\/canopy-para-beta-85x-beta75x-beta75-pro-2\/#primaryimage"},"image":{"@id":"https:\/\/iha-race.com\/pt-pt\/produto\/canopy-para-beta-85x-beta75x-beta75-pro-2\/#primaryimage"},"thumbnailUrl":"https:\/\/iha-race.com\/wp-content\/uploads\/2019\/06\/canopy-para-beta-85x-beta75x-beta75-pro-2.jpg","datePublished":"2019-06-17T16:39:49+00:00","dateModified":"2024-08-29T14:18:36+00:00","breadcrumb":{"@id":"https:\/\/iha-race.com\/pt-pt\/produto\/canopy-para-beta-85x-beta75x-beta75-pro-2\/#breadcrumb"},"inLanguage":"pt-PT","potentialAction":[{"@type":"ReadAction","target":["https:\/\/iha-race.com\/pt-pt\/produto\/canopy-para-beta-85x-beta75x-beta75-pro-2\/"]}]},{"@type":"ImageObject","inLanguage":"pt-PT","@id":"https:\/\/iha-race.com\/pt-pt\/produto\/canopy-para-beta-85x-beta75x-beta75-pro-2\/#primaryimage","url":"https:\/\/iha-race.com\/wp-content\/uploads\/2019\/06\/canopy-para-beta-85x-beta75x-beta75-pro-2.jpg","contentUrl":"https:\/\/iha-race.com\/wp-content\/uploads\/2019\/06\/canopy-para-beta-85x-beta75x-beta75-pro-2.jpg","width":2222,"height":2222,"caption":"Canopy para Beta 85X comprar Canopy barato para Beta 85X loja online fpv drone shop barato"},{"@type":"BreadcrumbList","@id":"https:\/\/iha-race.com\/pt-pt\/produto\/canopy-para-beta-85x-beta75x-beta75-pro-2\/#breadcrumb","itemListElement":[{"@type":"ListItem","position":1,"name":"Portada","item":"https:\/\/iha-race.com\/pt-pt\/elementor-499\/"},{"@type":"ListItem","position":2,"name":"Shop","item":"https:\/\/iha-race.com\/pt-pt\/shop\/"},{"@type":"ListItem","position":3,"name":"Canopy para Beta 85X \/ Beta75X \/ Beta75 pro 2"}]},{"@type":"WebSite","@id":"https:\/\/iha-race.com\/pt-pt\/#website","url":"https:\/\/iha-race.com\/pt-pt\/","name":"Iha Race","description":"Comprar drones de carreras FPV env\u00edos en un d\u00eda desde Espa\u00f1a","publisher":{"@id":"https:\/\/iha-race.com\/pt-pt\/#organization"},"potentialAction":[{"@type":"SearchAction","target":{"@type":"EntryPoint","urlTemplate":"https:\/\/iha-race.com\/pt-pt\/?s={search_term_string}"},"query-input":{"@type":"PropertyValueSpecification","valueRequired":true,"valueName":"search_term_string"}}],"inLanguage":"pt-PT"},{"@type":"Organization","@id":"https:\/\/iha-race.com\/pt-pt\/#organization","name":"Iha Race","url":"https:\/\/iha-race.com\/pt-pt\/","logo":{"@type":"ImageObject","inLanguage":"pt-PT","@id":"https:\/\/iha-race.com\/pt-pt\/#\/schema\/logo\/image\/","url":"https:\/\/iha-race.com\/wp-content\/uploads\/2018\/07\/iha-race-drones-de-carreras-tienda-comprar-drones.png","contentUrl":"https:\/\/iha-race.com\/wp-content\/uploads\/2018\/07\/iha-race-drones-de-carreras-tienda-comprar-drones.png","width":300,"height":100,"caption":"Iha Race"},"image":{"@id":"https:\/\/iha-race.com\/pt-pt\/#\/schema\/logo\/image\/"}}]}},"jetpack_sharing_enabled":true,"brands":[],"_links":{"self":[{"href":"https:\/\/iha-race.com\/pt-pt\/wp-json\/wp\/v2\/product\/112544","targetHints":{"allow":["GET"]}}],"collection":[{"href":"https:\/\/iha-race.com\/pt-pt\/wp-json\/wp\/v2\/product"}],"about":[{"href":"https:\/\/iha-race.com\/pt-pt\/wp-json\/wp\/v2\/types\/product"}],"replies":[{"embeddable":true,"href":"https:\/\/iha-race.com\/pt-pt\/wp-json\/wp\/v2\/comments?post=112544"}],"version-history":[{"count":3,"href":"https:\/\/iha-race.com\/pt-pt\/wp-json\/wp\/v2\/product\/112544\/revisions"}],"predecessor-version":[{"id":250169,"href":"https:\/\/iha-race.com\/pt-pt\/wp-json\/wp\/v2\/product\/112544\/revisions\/250169"}],"wp:featuredmedia":[{"embeddable":true,"href":"https:\/\/iha-race.com\/pt-pt\/wp-json\/wp\/v2\/media\/82360"}],"wp:attachment":[{"href":"https:\/\/iha-race.com\/pt-pt\/wp-json\/wp\/v2\/media?parent=112544"}],"wp:term":[{"taxonomy":"pwb-brand","embeddable":true,"href":"https:\/\/iha-race.com\/pt-pt\/wp-json\/wp\/v2\/pwb-brand?post=112544"},{"taxonomy":"product_cat","embeddable":true,"href":"https:\/\/iha-race.com\/pt-pt\/wp-json\/wp\/v2\/product_cat?post=112544"},{"taxonomy":"product_tag","embeddable":true,"href":"https:\/\/iha-race.com\/pt-pt\/wp-json\/wp\/v2\/product_tag?post=112544"}],"curies":[{"name":"wp","href":"https:\/\/api.w.org\/{rel}","templated":true}]}}