{"id":112447,"date":"2019-06-11T18:24:27","date_gmt":"2019-06-11T16:24:27","guid":{"rendered":"https:\/\/iha-race.com\/producto\/frsky-m9-hall-sensor-gimbal-taranis-x9d-e-x9d\/"},"modified":"2025-02-19T11:31:18","modified_gmt":"2025-02-19T10:31:18","slug":"frsky-m9-hall-sensor-gimbal-taranis-x9d-y-x9d","status":"publish","type":"product","link":"https:\/\/iha-race.com\/pt-pt\/produto\/frsky-m9-hall-sensor-gimbal-taranis-x9d-y-x9d\/","title":{"rendered":"Frsky M9 Hall Sensor Gimbal Taranis X9D e X9D+"},"content":{"rendered":"<h2>Frsky M9 Hall Sensor Gimbal Taranis X9D e X9D+<\/h2>\n<p>  Melhora o teu Taranis X9D com este gimbal M9 plug-n-play de alta resolu\u00e7\u00e3o da FrSky. Os sensores de Hall, altamente sens\u00edveis, n\u00e3o se desgastar\u00e3o rapidamente. Tem um toque extremamente suave com os rolamentos de esferas qu\u00e1druplos e a constru\u00e7\u00e3o exterior met\u00e1lica. As extremidades mais espessas dos tacos de 4mm d\u00e3o-lhe uma liga\u00e7\u00e3o s\u00f3lida aos seus controlos. Tens\u00e3o totalmente ajust\u00e1vel e desactiva facilmente o fuso auto-centrante com um parafuso. Este \u00e9 um acess\u00f3rio indispens\u00e1vel para as manobras de voo de precis\u00e3o.  <\/p>\n<h2>Especifica\u00e7\u00f5es:<\/h2>\n<ul>\n<li>Cor da suspens\u00e3o cardan: preto \/ vermelho<\/li>\n<li>Tens\u00e3o de alimenta\u00e7\u00e3o (VDC): DC 3.0 ~ \u00b1 0.5V<\/li>\n<li>  Sensibilidade: 2.50 mV \/ G<\/li>\n<li>  Gama de tens\u00e3o linear de sa\u00edda:<\/li>\n<li>  0.1 ~ 1\uff09 +0.1\uff09 V<\/li>\n<li>  Sa\u00edda inactiva (TA = 25 \u00b0 C, B = 0 G): 0,5 \u00d7 VDC<\/li>\n<li>  Ru\u00eddo (sem carga): \u226440mVpp<\/li>\n<li>Di\u00e2metro da extremidade do bast\u00e3o 4 mm<\/li>\n<\/ul>\n<h2>Caracter\u00edsticas:<\/h2>\n<ul>\n<li>  Sensor de corredor<\/li>\n<li>  4 rolamentos de esferas<\/li>\n<li>  Tens\u00e3o ajust\u00e1vel<\/li>\n<li>A auto-centraliza\u00e7\u00e3o pode ser activada ou desactivada em ambos os eixos e a catraca no eixo Y.<\/li>\n<li>Qualidade especial do material que se veste bem<\/li>\n<\/ul>\n<p>&nbsp;<br \/>\n<iframe title=\"FrSky M9 Hall Sensor Gimbal Installation For Taranis X9D Plus\" width=\"1200\" height=\"675\" src=\"https:\/\/www.youtube.com\/embed\/4v3xhhjqOmY?feature=oembed\" frameborder=\"0\" allow=\"accelerometer; autoplay; clipboard-write; encrypted-media; gyroscope; picture-in-picture; web-share\" referrerpolicy=\"strict-origin-when-cross-origin\" allowfullscreen><\/iframe><br \/>\n &nbsp;<\/p>\n<p>&nbsp;<\/p>\n","protected":false},"excerpt":{"rendered":"<p>Frsky M9 Hall Sensor Gimbal Taranis X9D e X9D+ Melhora o teu Taranis X9D com este gimbal M9 plug-n-play de alta resolu\u00e7\u00e3o da FrSky. Os sensores de Hall, altamente sens\u00edveis,<\/p>\n","protected":false},"featured_media":93850,"comment_status":"open","ping_status":"closed","template":"","meta":{"_joinchat":[]},"pwb-brand":[],"product_cat":[1249,2448],"product_tag":[],"class_list":{"0":"post-112447","1":"product","2":"type-product","3":"status-publish","4":"has-post-thumbnail","6":"product_cat-emissoras","7":"product_cat-pecas-sobressalentes-pt-pt","9":"first","10":"instock","11":"taxable","12":"shipping-taxable","13":"purchasable","14":"product-type-variable"},"barcode":null,"atum_controlled":true,"out_stock_date":null,"out_stock_threshold":null,"inheritable":true,"stock_on_hold":0,"sold_today":0,"sales_last_days":1,"out_stock_days":0,"lost_sales":0,"update_date":"2026-04-18T23:35:00","atum_locations":[],"atum_stock_status":"instock","restock_status":false,"low_stock_amount":"","sales_update_date":"2026-04-18T23:35:00","calc_backorders":null,"yoast_head":"<!-- This site is optimized with the Yoast SEO plugin v27.3 - https:\/\/yoast.com\/product\/yoast-seo-wordpress\/ -->\n<title>Frsky M9 Hall Sensor Gimbal Taranis X9D e X9D+ - Iha Race<\/title>\n<meta name=\"robots\" content=\"index, follow, max-snippet:-1, max-image-preview:large, max-video-preview:-1\" \/>\n<link rel=\"canonical\" href=\"https:\/\/iha-race.com\/pt-pt\/produto\/frsky-m9-hall-sensor-gimbal-taranis-x9d-y-x9d\/\" \/>\n<meta property=\"og:locale\" content=\"pt_PT\" \/>\n<meta property=\"og:type\" content=\"article\" \/>\n<meta property=\"og:title\" content=\"Frsky M9 Hall Sensor Gimbal Taranis X9D e X9D+ - Iha Race\" \/>\n<meta property=\"og:description\" content=\"Frsky M9 Hall Sensor Gimbal Taranis X9D e X9D+ Melhora o teu Taranis X9D com este gimbal M9 plug-n-play de alta resolu\u00e7\u00e3o da FrSky. Os sensores de Hall, altamente sens\u00edveis,\" \/>\n<meta property=\"og:url\" content=\"https:\/\/iha-race.com\/pt-pt\/produto\/frsky-m9-hall-sensor-gimbal-taranis-x9d-y-x9d\/\" \/>\n<meta property=\"og:site_name\" content=\"Iha Race\" \/>\n<meta property=\"article:modified_time\" content=\"2025-02-19T10:31:18+00:00\" \/>\n<meta property=\"og:image\" content=\"https:\/\/iha-race.com\/wp-content\/uploads\/2019\/06\/frsky-m9-hall-sensor-gimbal-taranis-x9d-y-x9d-1.jpg\" \/>\n\t<meta property=\"og:image:width\" content=\"800\" \/>\n\t<meta property=\"og:image:height\" content=\"800\" \/>\n\t<meta property=\"og:image:type\" content=\"image\/jpeg\" \/>\n<meta name=\"twitter:card\" content=\"summary_large_image\" \/>\n<meta name=\"twitter:label1\" content=\"Tempo estimado de leitura\" \/>\n\t<meta name=\"twitter:data1\" content=\"1 minuto\" \/>\n<script type=\"application\/ld+json\" class=\"yoast-schema-graph\">{\"@context\":\"https:\\\/\\\/schema.org\",\"@graph\":[{\"@type\":\"WebPage\",\"@id\":\"https:\\\/\\\/iha-race.com\\\/pt-pt\\\/produto\\\/frsky-m9-hall-sensor-gimbal-taranis-x9d-y-x9d\\\/\",\"url\":\"https:\\\/\\\/iha-race.com\\\/pt-pt\\\/produto\\\/frsky-m9-hall-sensor-gimbal-taranis-x9d-y-x9d\\\/\",\"name\":\"Frsky M9 Hall Sensor Gimbal Taranis X9D e X9D+ - Iha Race\",\"isPartOf\":{\"@id\":\"https:\\\/\\\/iha-race.com\\\/pt-pt\\\/#website\"},\"primaryImageOfPage\":{\"@id\":\"https:\\\/\\\/iha-race.com\\\/pt-pt\\\/produto\\\/frsky-m9-hall-sensor-gimbal-taranis-x9d-y-x9d\\\/#primaryimage\"},\"image\":{\"@id\":\"https:\\\/\\\/iha-race.com\\\/pt-pt\\\/produto\\\/frsky-m9-hall-sensor-gimbal-taranis-x9d-y-x9d\\\/#primaryimage\"},\"thumbnailUrl\":\"https:\\\/\\\/iha-race.com\\\/wp-content\\\/uploads\\\/2019\\\/06\\\/frsky-m9-hall-sensor-gimbal-taranis-x9d-y-x9d-1.jpg\",\"datePublished\":\"2019-06-11T16:24:27+00:00\",\"dateModified\":\"2025-02-19T10:31:18+00:00\",\"breadcrumb\":{\"@id\":\"https:\\\/\\\/iha-race.com\\\/pt-pt\\\/produto\\\/frsky-m9-hall-sensor-gimbal-taranis-x9d-y-x9d\\\/#breadcrumb\"},\"inLanguage\":\"pt-PT\",\"potentialAction\":[{\"@type\":\"ReadAction\",\"target\":[\"https:\\\/\\\/iha-race.com\\\/pt-pt\\\/produto\\\/frsky-m9-hall-sensor-gimbal-taranis-x9d-y-x9d\\\/\"]}]},{\"@type\":\"ImageObject\",\"inLanguage\":\"pt-PT\",\"@id\":\"https:\\\/\\\/iha-race.com\\\/pt-pt\\\/produto\\\/frsky-m9-hall-sensor-gimbal-taranis-x9d-y-x9d\\\/#primaryimage\",\"url\":\"https:\\\/\\\/iha-race.com\\\/wp-content\\\/uploads\\\/2019\\\/06\\\/frsky-m9-hall-sensor-gimbal-taranis-x9d-y-x9d-1.jpg\",\"contentUrl\":\"https:\\\/\\\/iha-race.com\\\/wp-content\\\/uploads\\\/2019\\\/06\\\/frsky-m9-hall-sensor-gimbal-taranis-x9d-y-x9d-1.jpg\",\"width\":800,\"height\":800,\"caption\":\"frsky-m9-hall-sensor-gimbal-taranis-x9d-y-x9d\"},{\"@type\":\"BreadcrumbList\",\"@id\":\"https:\\\/\\\/iha-race.com\\\/pt-pt\\\/produto\\\/frsky-m9-hall-sensor-gimbal-taranis-x9d-y-x9d\\\/#breadcrumb\",\"itemListElement\":[{\"@type\":\"ListItem\",\"position\":1,\"name\":\"Portada\",\"item\":\"https:\\\/\\\/iha-race.com\\\/pt-pt\\\/\"},{\"@type\":\"ListItem\",\"position\":2,\"name\":\"Shop\",\"item\":\"https:\\\/\\\/iha-race.com\\\/pt-pt\\\/shop\\\/\"},{\"@type\":\"ListItem\",\"position\":3,\"name\":\"Frsky M9 Hall Sensor Gimbal Taranis X9D e X9D+\"}]},{\"@type\":\"WebSite\",\"@id\":\"https:\\\/\\\/iha-race.com\\\/pt-pt\\\/#website\",\"url\":\"https:\\\/\\\/iha-race.com\\\/pt-pt\\\/\",\"name\":\"Iha Race\",\"description\":\"Comprar drones de carreras FPV env\u00edos en un d\u00eda desde Espa\u00f1a\",\"publisher\":{\"@id\":\"https:\\\/\\\/iha-race.com\\\/pt-pt\\\/#organization\"},\"potentialAction\":[{\"@type\":\"SearchAction\",\"target\":{\"@type\":\"EntryPoint\",\"urlTemplate\":\"https:\\\/\\\/iha-race.com\\\/pt-pt\\\/?s={search_term_string}\"},\"query-input\":{\"@type\":\"PropertyValueSpecification\",\"valueRequired\":true,\"valueName\":\"search_term_string\"}}],\"inLanguage\":\"pt-PT\"},{\"@type\":\"Organization\",\"@id\":\"https:\\\/\\\/iha-race.com\\\/pt-pt\\\/#organization\",\"name\":\"Iha Race\",\"url\":\"https:\\\/\\\/iha-race.com\\\/pt-pt\\\/\",\"logo\":{\"@type\":\"ImageObject\",\"inLanguage\":\"pt-PT\",\"@id\":\"https:\\\/\\\/iha-race.com\\\/pt-pt\\\/#\\\/schema\\\/logo\\\/image\\\/\",\"url\":\"https:\\\/\\\/iha-race.com\\\/wp-content\\\/uploads\\\/2018\\\/07\\\/iha-race-drones-de-carreras-tienda-comprar-drones.png\",\"contentUrl\":\"https:\\\/\\\/iha-race.com\\\/wp-content\\\/uploads\\\/2018\\\/07\\\/iha-race-drones-de-carreras-tienda-comprar-drones.png\",\"width\":300,\"height\":100,\"caption\":\"Iha Race\"},\"image\":{\"@id\":\"https:\\\/\\\/iha-race.com\\\/pt-pt\\\/#\\\/schema\\\/logo\\\/image\\\/\"}}]}<\/script>\n<!-- \/ Yoast SEO plugin. -->","yoast_head_json":{"title":"Frsky M9 Hall Sensor Gimbal Taranis X9D e X9D+ - Iha Race","robots":{"index":"index","follow":"follow","max-snippet":"max-snippet:-1","max-image-preview":"max-image-preview:large","max-video-preview":"max-video-preview:-1"},"canonical":"https:\/\/iha-race.com\/pt-pt\/produto\/frsky-m9-hall-sensor-gimbal-taranis-x9d-y-x9d\/","og_locale":"pt_PT","og_type":"article","og_title":"Frsky M9 Hall Sensor Gimbal Taranis X9D e X9D+ - Iha Race","og_description":"Frsky M9 Hall Sensor Gimbal Taranis X9D e X9D+ Melhora o teu Taranis X9D com este gimbal M9 plug-n-play de alta resolu\u00e7\u00e3o da FrSky. Os sensores de Hall, altamente sens\u00edveis,","og_url":"https:\/\/iha-race.com\/pt-pt\/produto\/frsky-m9-hall-sensor-gimbal-taranis-x9d-y-x9d\/","og_site_name":"Iha Race","article_modified_time":"2025-02-19T10:31:18+00:00","og_image":[{"width":800,"height":800,"url":"https:\/\/iha-race.com\/wp-content\/uploads\/2019\/06\/frsky-m9-hall-sensor-gimbal-taranis-x9d-y-x9d-1.jpg","type":"image\/jpeg"}],"twitter_card":"summary_large_image","twitter_misc":{"Tempo estimado de leitura":"1 minuto"},"schema":{"@context":"https:\/\/schema.org","@graph":[{"@type":"WebPage","@id":"https:\/\/iha-race.com\/pt-pt\/produto\/frsky-m9-hall-sensor-gimbal-taranis-x9d-y-x9d\/","url":"https:\/\/iha-race.com\/pt-pt\/produto\/frsky-m9-hall-sensor-gimbal-taranis-x9d-y-x9d\/","name":"Frsky M9 Hall Sensor Gimbal Taranis X9D e X9D+ - Iha Race","isPartOf":{"@id":"https:\/\/iha-race.com\/pt-pt\/#website"},"primaryImageOfPage":{"@id":"https:\/\/iha-race.com\/pt-pt\/produto\/frsky-m9-hall-sensor-gimbal-taranis-x9d-y-x9d\/#primaryimage"},"image":{"@id":"https:\/\/iha-race.com\/pt-pt\/produto\/frsky-m9-hall-sensor-gimbal-taranis-x9d-y-x9d\/#primaryimage"},"thumbnailUrl":"https:\/\/iha-race.com\/wp-content\/uploads\/2019\/06\/frsky-m9-hall-sensor-gimbal-taranis-x9d-y-x9d-1.jpg","datePublished":"2019-06-11T16:24:27+00:00","dateModified":"2025-02-19T10:31:18+00:00","breadcrumb":{"@id":"https:\/\/iha-race.com\/pt-pt\/produto\/frsky-m9-hall-sensor-gimbal-taranis-x9d-y-x9d\/#breadcrumb"},"inLanguage":"pt-PT","potentialAction":[{"@type":"ReadAction","target":["https:\/\/iha-race.com\/pt-pt\/produto\/frsky-m9-hall-sensor-gimbal-taranis-x9d-y-x9d\/"]}]},{"@type":"ImageObject","inLanguage":"pt-PT","@id":"https:\/\/iha-race.com\/pt-pt\/produto\/frsky-m9-hall-sensor-gimbal-taranis-x9d-y-x9d\/#primaryimage","url":"https:\/\/iha-race.com\/wp-content\/uploads\/2019\/06\/frsky-m9-hall-sensor-gimbal-taranis-x9d-y-x9d-1.jpg","contentUrl":"https:\/\/iha-race.com\/wp-content\/uploads\/2019\/06\/frsky-m9-hall-sensor-gimbal-taranis-x9d-y-x9d-1.jpg","width":800,"height":800,"caption":"frsky-m9-hall-sensor-gimbal-taranis-x9d-y-x9d"},{"@type":"BreadcrumbList","@id":"https:\/\/iha-race.com\/pt-pt\/produto\/frsky-m9-hall-sensor-gimbal-taranis-x9d-y-x9d\/#breadcrumb","itemListElement":[{"@type":"ListItem","position":1,"name":"Portada","item":"https:\/\/iha-race.com\/pt-pt\/"},{"@type":"ListItem","position":2,"name":"Shop","item":"https:\/\/iha-race.com\/pt-pt\/shop\/"},{"@type":"ListItem","position":3,"name":"Frsky M9 Hall Sensor Gimbal Taranis X9D e X9D+"}]},{"@type":"WebSite","@id":"https:\/\/iha-race.com\/pt-pt\/#website","url":"https:\/\/iha-race.com\/pt-pt\/","name":"Iha Race","description":"Comprar drones de carreras FPV env\u00edos en un d\u00eda desde Espa\u00f1a","publisher":{"@id":"https:\/\/iha-race.com\/pt-pt\/#organization"},"potentialAction":[{"@type":"SearchAction","target":{"@type":"EntryPoint","urlTemplate":"https:\/\/iha-race.com\/pt-pt\/?s={search_term_string}"},"query-input":{"@type":"PropertyValueSpecification","valueRequired":true,"valueName":"search_term_string"}}],"inLanguage":"pt-PT"},{"@type":"Organization","@id":"https:\/\/iha-race.com\/pt-pt\/#organization","name":"Iha Race","url":"https:\/\/iha-race.com\/pt-pt\/","logo":{"@type":"ImageObject","inLanguage":"pt-PT","@id":"https:\/\/iha-race.com\/pt-pt\/#\/schema\/logo\/image\/","url":"https:\/\/iha-race.com\/wp-content\/uploads\/2018\/07\/iha-race-drones-de-carreras-tienda-comprar-drones.png","contentUrl":"https:\/\/iha-race.com\/wp-content\/uploads\/2018\/07\/iha-race-drones-de-carreras-tienda-comprar-drones.png","width":300,"height":100,"caption":"Iha Race"},"image":{"@id":"https:\/\/iha-race.com\/pt-pt\/#\/schema\/logo\/image\/"}}]}},"jetpack_sharing_enabled":true,"brands":[],"_links":{"self":[{"href":"https:\/\/iha-race.com\/pt-pt\/wp-json\/wp\/v2\/product\/112447","targetHints":{"allow":["GET"]}}],"collection":[{"href":"https:\/\/iha-race.com\/pt-pt\/wp-json\/wp\/v2\/product"}],"about":[{"href":"https:\/\/iha-race.com\/pt-pt\/wp-json\/wp\/v2\/types\/product"}],"replies":[{"embeddable":true,"href":"https:\/\/iha-race.com\/pt-pt\/wp-json\/wp\/v2\/comments?post=112447"}],"version-history":[{"count":3,"href":"https:\/\/iha-race.com\/pt-pt\/wp-json\/wp\/v2\/product\/112447\/revisions"}],"predecessor-version":[{"id":250183,"href":"https:\/\/iha-race.com\/pt-pt\/wp-json\/wp\/v2\/product\/112447\/revisions\/250183"}],"wp:featuredmedia":[{"embeddable":true,"href":"https:\/\/iha-race.com\/pt-pt\/wp-json\/wp\/v2\/media\/93850"}],"wp:attachment":[{"href":"https:\/\/iha-race.com\/pt-pt\/wp-json\/wp\/v2\/media?parent=112447"}],"wp:term":[{"taxonomy":"pwb-brand","embeddable":true,"href":"https:\/\/iha-race.com\/pt-pt\/wp-json\/wp\/v2\/pwb-brand?post=112447"},{"taxonomy":"product_cat","embeddable":true,"href":"https:\/\/iha-race.com\/pt-pt\/wp-json\/wp\/v2\/product_cat?post=112447"},{"taxonomy":"product_tag","embeddable":true,"href":"https:\/\/iha-race.com\/pt-pt\/wp-json\/wp\/v2\/product_tag?post=112447"}],"curies":[{"name":"wp","href":"https:\/\/api.w.org\/{rel}","templated":true}]}}