{"id":112438,"date":"2019-05-28T19:50:31","date_gmt":"2019-05-28T17:50:31","guid":{"rendered":"https:\/\/iha-race.com\/producto\/runcam-swift-1-swift-2-swift-mini-1-3-21-mm-lente-runcam-modelo-bb0001\/"},"modified":"2024-08-29T16:20:37","modified_gmt":"2024-08-29T14:20:37","slug":"lente-runcam-swift-1-swift-2-swift-mini-1-3-2-1-mm","status":"publish","type":"product","link":"https:\/\/iha-race.com\/pt-pt\/produto\/lente-runcam-swift-1-swift-2-swift-mini-1-3-2-1-mm\/","title":{"rendered":"RunCam Swift 1 Swift 2 Swift Mini 1\/3&#8243; 2,1 mm Lente RunCam (Modelo BB0001)"},"content":{"rendered":"<h2>RunCam Swift 1 Swift 2 Swift Mini 1\/3&#8243; 2,1 mm Lente RunCam<\/h2>\n<pre><\/pre>\n<h4>Especifica\u00e7\u00e3o:<\/h4>\n<ul>\n<li>Dist\u00e2ncia focal (mm): 2.1<\/li>\n<li>FOV Horizontal: 115\u00b0 FOV Horizontal: 115\u00b0 FOV Horizontal: 115<\/li>\n<li>FOV Vertical: 83 \u00b0.<\/li>\n<li>FOV: 150 \u00b0.<\/li>\n<li>Abertura (F): 2.0<\/li>\n<li>Montagem: M12 * P0.5mm<\/li>\n<li>Formato (polegadas): 1\/3 &#8220;<\/li>\n<li>MOD (m): 0.1<\/li>\n<\/ul>\n<p><strong>Pacote<\/strong><\/p>\n<ul>\n<li>1 X lente <span style=\"color: #ff0000;\"><strong>( <\/strong><\/span><span style=\"color: #ff0000;\"><strong>o anel de bloqueio n\u00e3o est\u00e1 inclu\u00eddo. )<\/strong><\/span><\/li>\n<\/ul>\n","protected":false},"excerpt":{"rendered":"<p>RunCam Swift 1 Swift 2 Swift Mini 1\/3&#8243; 2,1 mm Lente RunCam Especifica\u00e7\u00e3o: Dist\u00e2ncia focal (mm): 2.1 FOV Horizontal: 115\u00b0 FOV Horizontal: 115\u00b0 FOV Horizontal: 115 FOV Vertical: 83 \u00b0.<\/p>\n","protected":false},"featured_media":93996,"comment_status":"open","ping_status":"closed","template":"","meta":{"_joinchat":[]},"pwb-brand":[],"product_cat":[1168,1177],"product_tag":[],"class_list":{"0":"post-112438","1":"product","2":"type-product","3":"status-publish","4":"has-post-thumbnail","6":"product_cat-camaras-fpv","7":"product_cat-lentes-pt-pt","9":"first","10":"instock","11":"taxable","12":"shipping-taxable","13":"purchasable","14":"product-type-simple"},"barcode":null,"atum_controlled":true,"out_stock_date":null,"out_stock_threshold":null,"inheritable":false,"stock_on_hold":0,"sold_today":0,"sales_last_days":0,"out_stock_days":0,"lost_sales":0,"update_date":"2026-04-08T16:35:01","atum_locations":[],"atum_stock_status":"instock","restock_status":false,"low_stock_amount":"","sales_update_date":"2026-03-21T10:55:19","calc_backorders":null,"yoast_head":"<!-- This site is optimized with the Yoast SEO plugin v27.3 - https:\/\/yoast.com\/product\/yoast-seo-wordpress\/ -->\n<title>RunCam Swift 1 Swift 2 Swift Mini 1\/3&quot; 2,1 mm Lente RunCam (Modelo BB0001) - Iha Race<\/title>\n<meta name=\"robots\" content=\"index, follow, max-snippet:-1, max-image-preview:large, max-video-preview:-1\" \/>\n<link rel=\"canonical\" href=\"https:\/\/iha-race.com\/pt-pt\/produto\/lente-runcam-swift-1-swift-2-swift-mini-1-3-2-1-mm\/\" \/>\n<meta property=\"og:locale\" content=\"pt_PT\" \/>\n<meta property=\"og:type\" content=\"article\" \/>\n<meta property=\"og:title\" content=\"RunCam Swift 1 Swift 2 Swift Mini 1\/3&quot; 2,1 mm Lente RunCam (Modelo BB0001) - Iha Race\" \/>\n<meta property=\"og:description\" content=\"RunCam Swift 1 Swift 2 Swift Mini 1\/3&#8243; 2,1 mm Lente RunCam Especifica\u00e7\u00e3o: Dist\u00e2ncia focal (mm): 2.1 FOV Horizontal: 115\u00b0 FOV Horizontal: 115\u00b0 FOV Horizontal: 115 FOV Vertical: 83 \u00b0.\" \/>\n<meta property=\"og:url\" content=\"https:\/\/iha-race.com\/pt-pt\/produto\/lente-runcam-swift-1-swift-2-swift-mini-1-3-2-1-mm\/\" \/>\n<meta property=\"og:site_name\" content=\"Iha Race\" \/>\n<meta property=\"article:modified_time\" content=\"2024-08-29T14:20:37+00:00\" \/>\n<meta property=\"og:image\" content=\"https:\/\/iha-race.com\/wp-content\/uploads\/2019\/05\/lente-runcam-swift-1-swift-2-swift-mini-1-3-2-1-mm-1.jpg\" \/>\n\t<meta property=\"og:image:width\" content=\"800\" \/>\n\t<meta property=\"og:image:height\" content=\"800\" \/>\n\t<meta property=\"og:image:type\" content=\"image\/jpeg\" \/>\n<meta name=\"twitter:card\" content=\"summary_large_image\" \/>\n<script type=\"application\/ld+json\" class=\"yoast-schema-graph\">{\"@context\":\"https:\\\/\\\/schema.org\",\"@graph\":[{\"@type\":\"WebPage\",\"@id\":\"https:\\\/\\\/iha-race.com\\\/pt-pt\\\/produto\\\/lente-runcam-swift-1-swift-2-swift-mini-1-3-2-1-mm\\\/\",\"url\":\"https:\\\/\\\/iha-race.com\\\/pt-pt\\\/produto\\\/lente-runcam-swift-1-swift-2-swift-mini-1-3-2-1-mm\\\/\",\"name\":\"RunCam Swift 1 Swift 2 Swift Mini 1\\\/3\\\" 2,1 mm Lente RunCam (Modelo BB0001) - Iha Race\",\"isPartOf\":{\"@id\":\"https:\\\/\\\/iha-race.com\\\/pt-pt\\\/#website\"},\"primaryImageOfPage\":{\"@id\":\"https:\\\/\\\/iha-race.com\\\/pt-pt\\\/produto\\\/lente-runcam-swift-1-swift-2-swift-mini-1-3-2-1-mm\\\/#primaryimage\"},\"image\":{\"@id\":\"https:\\\/\\\/iha-race.com\\\/pt-pt\\\/produto\\\/lente-runcam-swift-1-swift-2-swift-mini-1-3-2-1-mm\\\/#primaryimage\"},\"thumbnailUrl\":\"https:\\\/\\\/iha-race.com\\\/wp-content\\\/uploads\\\/2019\\\/05\\\/lente-runcam-swift-1-swift-2-swift-mini-1-3-2-1-mm-1.jpg\",\"datePublished\":\"2019-05-28T17:50:31+00:00\",\"dateModified\":\"2024-08-29T14:20:37+00:00\",\"breadcrumb\":{\"@id\":\"https:\\\/\\\/iha-race.com\\\/pt-pt\\\/produto\\\/lente-runcam-swift-1-swift-2-swift-mini-1-3-2-1-mm\\\/#breadcrumb\"},\"inLanguage\":\"pt-PT\",\"potentialAction\":[{\"@type\":\"ReadAction\",\"target\":[\"https:\\\/\\\/iha-race.com\\\/pt-pt\\\/produto\\\/lente-runcam-swift-1-swift-2-swift-mini-1-3-2-1-mm\\\/\"]}]},{\"@type\":\"ImageObject\",\"inLanguage\":\"pt-PT\",\"@id\":\"https:\\\/\\\/iha-race.com\\\/pt-pt\\\/produto\\\/lente-runcam-swift-1-swift-2-swift-mini-1-3-2-1-mm\\\/#primaryimage\",\"url\":\"https:\\\/\\\/iha-race.com\\\/wp-content\\\/uploads\\\/2019\\\/05\\\/lente-runcam-swift-1-swift-2-swift-mini-1-3-2-1-mm-1.jpg\",\"contentUrl\":\"https:\\\/\\\/iha-race.com\\\/wp-content\\\/uploads\\\/2019\\\/05\\\/lente-runcam-swift-1-swift-2-swift-mini-1-3-2-1-mm-1.jpg\",\"width\":800,\"height\":800,\"caption\":\"lente-runcam-swift-1-swift-2-swift-mini-1-3-2-1-mm\"},{\"@type\":\"BreadcrumbList\",\"@id\":\"https:\\\/\\\/iha-race.com\\\/pt-pt\\\/produto\\\/lente-runcam-swift-1-swift-2-swift-mini-1-3-2-1-mm\\\/#breadcrumb\",\"itemListElement\":[{\"@type\":\"ListItem\",\"position\":1,\"name\":\"Portada\",\"item\":\"https:\\\/\\\/iha-race.com\\\/pt-pt\\\/elementor-499\\\/\"},{\"@type\":\"ListItem\",\"position\":2,\"name\":\"Shop\",\"item\":\"https:\\\/\\\/iha-race.com\\\/pt-pt\\\/shop\\\/\"},{\"@type\":\"ListItem\",\"position\":3,\"name\":\"RunCam Swift 1 Swift 2 Swift Mini 1\\\/3&#8243; 2,1 mm Lente RunCam (Modelo BB0001)\"}]},{\"@type\":\"WebSite\",\"@id\":\"https:\\\/\\\/iha-race.com\\\/pt-pt\\\/#website\",\"url\":\"https:\\\/\\\/iha-race.com\\\/pt-pt\\\/\",\"name\":\"Iha Race\",\"description\":\"Comprar drones de carreras FPV env\u00edos en un d\u00eda desde Espa\u00f1a\",\"publisher\":{\"@id\":\"https:\\\/\\\/iha-race.com\\\/pt-pt\\\/#organization\"},\"potentialAction\":[{\"@type\":\"SearchAction\",\"target\":{\"@type\":\"EntryPoint\",\"urlTemplate\":\"https:\\\/\\\/iha-race.com\\\/pt-pt\\\/?s={search_term_string}\"},\"query-input\":{\"@type\":\"PropertyValueSpecification\",\"valueRequired\":true,\"valueName\":\"search_term_string\"}}],\"inLanguage\":\"pt-PT\"},{\"@type\":\"Organization\",\"@id\":\"https:\\\/\\\/iha-race.com\\\/pt-pt\\\/#organization\",\"name\":\"Iha Race\",\"url\":\"https:\\\/\\\/iha-race.com\\\/pt-pt\\\/\",\"logo\":{\"@type\":\"ImageObject\",\"inLanguage\":\"pt-PT\",\"@id\":\"https:\\\/\\\/iha-race.com\\\/pt-pt\\\/#\\\/schema\\\/logo\\\/image\\\/\",\"url\":\"https:\\\/\\\/iha-race.com\\\/wp-content\\\/uploads\\\/2018\\\/07\\\/iha-race-drones-de-carreras-tienda-comprar-drones.png\",\"contentUrl\":\"https:\\\/\\\/iha-race.com\\\/wp-content\\\/uploads\\\/2018\\\/07\\\/iha-race-drones-de-carreras-tienda-comprar-drones.png\",\"width\":300,\"height\":100,\"caption\":\"Iha Race\"},\"image\":{\"@id\":\"https:\\\/\\\/iha-race.com\\\/pt-pt\\\/#\\\/schema\\\/logo\\\/image\\\/\"}}]}<\/script>\n<!-- \/ Yoast SEO plugin. -->","yoast_head_json":{"title":"RunCam Swift 1 Swift 2 Swift Mini 1\/3\" 2,1 mm Lente RunCam (Modelo BB0001) - Iha Race","robots":{"index":"index","follow":"follow","max-snippet":"max-snippet:-1","max-image-preview":"max-image-preview:large","max-video-preview":"max-video-preview:-1"},"canonical":"https:\/\/iha-race.com\/pt-pt\/produto\/lente-runcam-swift-1-swift-2-swift-mini-1-3-2-1-mm\/","og_locale":"pt_PT","og_type":"article","og_title":"RunCam Swift 1 Swift 2 Swift Mini 1\/3\" 2,1 mm Lente RunCam (Modelo BB0001) - Iha Race","og_description":"RunCam Swift 1 Swift 2 Swift Mini 1\/3&#8243; 2,1 mm Lente RunCam Especifica\u00e7\u00e3o: Dist\u00e2ncia focal (mm): 2.1 FOV Horizontal: 115\u00b0 FOV Horizontal: 115\u00b0 FOV Horizontal: 115 FOV Vertical: 83 \u00b0.","og_url":"https:\/\/iha-race.com\/pt-pt\/produto\/lente-runcam-swift-1-swift-2-swift-mini-1-3-2-1-mm\/","og_site_name":"Iha Race","article_modified_time":"2024-08-29T14:20:37+00:00","og_image":[{"width":800,"height":800,"url":"https:\/\/iha-race.com\/wp-content\/uploads\/2019\/05\/lente-runcam-swift-1-swift-2-swift-mini-1-3-2-1-mm-1.jpg","type":"image\/jpeg"}],"twitter_card":"summary_large_image","schema":{"@context":"https:\/\/schema.org","@graph":[{"@type":"WebPage","@id":"https:\/\/iha-race.com\/pt-pt\/produto\/lente-runcam-swift-1-swift-2-swift-mini-1-3-2-1-mm\/","url":"https:\/\/iha-race.com\/pt-pt\/produto\/lente-runcam-swift-1-swift-2-swift-mini-1-3-2-1-mm\/","name":"RunCam Swift 1 Swift 2 Swift Mini 1\/3\" 2,1 mm Lente RunCam (Modelo BB0001) - Iha Race","isPartOf":{"@id":"https:\/\/iha-race.com\/pt-pt\/#website"},"primaryImageOfPage":{"@id":"https:\/\/iha-race.com\/pt-pt\/produto\/lente-runcam-swift-1-swift-2-swift-mini-1-3-2-1-mm\/#primaryimage"},"image":{"@id":"https:\/\/iha-race.com\/pt-pt\/produto\/lente-runcam-swift-1-swift-2-swift-mini-1-3-2-1-mm\/#primaryimage"},"thumbnailUrl":"https:\/\/iha-race.com\/wp-content\/uploads\/2019\/05\/lente-runcam-swift-1-swift-2-swift-mini-1-3-2-1-mm-1.jpg","datePublished":"2019-05-28T17:50:31+00:00","dateModified":"2024-08-29T14:20:37+00:00","breadcrumb":{"@id":"https:\/\/iha-race.com\/pt-pt\/produto\/lente-runcam-swift-1-swift-2-swift-mini-1-3-2-1-mm\/#breadcrumb"},"inLanguage":"pt-PT","potentialAction":[{"@type":"ReadAction","target":["https:\/\/iha-race.com\/pt-pt\/produto\/lente-runcam-swift-1-swift-2-swift-mini-1-3-2-1-mm\/"]}]},{"@type":"ImageObject","inLanguage":"pt-PT","@id":"https:\/\/iha-race.com\/pt-pt\/produto\/lente-runcam-swift-1-swift-2-swift-mini-1-3-2-1-mm\/#primaryimage","url":"https:\/\/iha-race.com\/wp-content\/uploads\/2019\/05\/lente-runcam-swift-1-swift-2-swift-mini-1-3-2-1-mm-1.jpg","contentUrl":"https:\/\/iha-race.com\/wp-content\/uploads\/2019\/05\/lente-runcam-swift-1-swift-2-swift-mini-1-3-2-1-mm-1.jpg","width":800,"height":800,"caption":"lente-runcam-swift-1-swift-2-swift-mini-1-3-2-1-mm"},{"@type":"BreadcrumbList","@id":"https:\/\/iha-race.com\/pt-pt\/produto\/lente-runcam-swift-1-swift-2-swift-mini-1-3-2-1-mm\/#breadcrumb","itemListElement":[{"@type":"ListItem","position":1,"name":"Portada","item":"https:\/\/iha-race.com\/pt-pt\/elementor-499\/"},{"@type":"ListItem","position":2,"name":"Shop","item":"https:\/\/iha-race.com\/pt-pt\/shop\/"},{"@type":"ListItem","position":3,"name":"RunCam Swift 1 Swift 2 Swift Mini 1\/3&#8243; 2,1 mm Lente RunCam (Modelo BB0001)"}]},{"@type":"WebSite","@id":"https:\/\/iha-race.com\/pt-pt\/#website","url":"https:\/\/iha-race.com\/pt-pt\/","name":"Iha Race","description":"Comprar drones de carreras FPV env\u00edos en un d\u00eda desde Espa\u00f1a","publisher":{"@id":"https:\/\/iha-race.com\/pt-pt\/#organization"},"potentialAction":[{"@type":"SearchAction","target":{"@type":"EntryPoint","urlTemplate":"https:\/\/iha-race.com\/pt-pt\/?s={search_term_string}"},"query-input":{"@type":"PropertyValueSpecification","valueRequired":true,"valueName":"search_term_string"}}],"inLanguage":"pt-PT"},{"@type":"Organization","@id":"https:\/\/iha-race.com\/pt-pt\/#organization","name":"Iha Race","url":"https:\/\/iha-race.com\/pt-pt\/","logo":{"@type":"ImageObject","inLanguage":"pt-PT","@id":"https:\/\/iha-race.com\/pt-pt\/#\/schema\/logo\/image\/","url":"https:\/\/iha-race.com\/wp-content\/uploads\/2018\/07\/iha-race-drones-de-carreras-tienda-comprar-drones.png","contentUrl":"https:\/\/iha-race.com\/wp-content\/uploads\/2018\/07\/iha-race-drones-de-carreras-tienda-comprar-drones.png","width":300,"height":100,"caption":"Iha Race"},"image":{"@id":"https:\/\/iha-race.com\/pt-pt\/#\/schema\/logo\/image\/"}}]}},"brands":[],"_links":{"self":[{"href":"https:\/\/iha-race.com\/pt-pt\/wp-json\/wp\/v2\/product\/112438","targetHints":{"allow":["GET"]}}],"collection":[{"href":"https:\/\/iha-race.com\/pt-pt\/wp-json\/wp\/v2\/product"}],"about":[{"href":"https:\/\/iha-race.com\/pt-pt\/wp-json\/wp\/v2\/types\/product"}],"replies":[{"embeddable":true,"href":"https:\/\/iha-race.com\/pt-pt\/wp-json\/wp\/v2\/comments?post=112438"}],"version-history":[{"count":2,"href":"https:\/\/iha-race.com\/pt-pt\/wp-json\/wp\/v2\/product\/112438\/revisions"}],"predecessor-version":[{"id":250217,"href":"https:\/\/iha-race.com\/pt-pt\/wp-json\/wp\/v2\/product\/112438\/revisions\/250217"}],"wp:featuredmedia":[{"embeddable":true,"href":"https:\/\/iha-race.com\/pt-pt\/wp-json\/wp\/v2\/media\/93996"}],"wp:attachment":[{"href":"https:\/\/iha-race.com\/pt-pt\/wp-json\/wp\/v2\/media?parent=112438"}],"wp:term":[{"taxonomy":"pwb-brand","embeddable":true,"href":"https:\/\/iha-race.com\/pt-pt\/wp-json\/wp\/v2\/pwb-brand?post=112438"},{"taxonomy":"product_cat","embeddable":true,"href":"https:\/\/iha-race.com\/pt-pt\/wp-json\/wp\/v2\/product_cat?post=112438"},{"taxonomy":"product_tag","embeddable":true,"href":"https:\/\/iha-race.com\/pt-pt\/wp-json\/wp\/v2\/product_tag?post=112438"}],"curies":[{"name":"wp","href":"https:\/\/api.w.org\/{rel}","templated":true}]}}