{"id":112336,"date":"2019-04-30T10:50:30","date_gmt":"2019-04-30T08:50:30","guid":{"rendered":"https:\/\/iha-race.com\/producto\/bracos-de-fibra-de-carbono-para-a-iha-race-strix\/"},"modified":"2026-03-21T19:38:56","modified_gmt":"2026-03-21T18:38:56","slug":"iha-race-strix-carbon-fibre-frame","status":"publish","type":"product","link":"https:\/\/iha-race.com\/pt-pt\/produto\/iha-race-strix-carbon-fibre-frame\/","title":{"rendered":"Bra\u00e7os em fibra de carbono para IHA-Race Strix (1 pe\u00e7a)"},"content":{"rendered":"<h2>Bra\u00e7os de fibra de carbono para a IHA-Race Strix<\/h2>\n<p>  Bra\u00e7os Strix em fibra de carbono de alta resist\u00eancia. Dispon\u00edvel em dois tamanhos, 5&#8242; e 5.5&#8242;.  <\/p>\n<h3>O pacote inclui<\/h3>\n<ul>\n<li>1 x pe\u00e7a com dois bra\u00e7os em fibra de carbono para IHA-Race Strix<\/li>\n<\/ul>\n<p>&nbsp;<\/p>\n","protected":false},"excerpt":{"rendered":"<p>Bra\u00e7os de fibra de carbono para a IHA-Race Strix Bra\u00e7os Strix em fibra de carbono de alta resist\u00eancia. Dispon\u00edvel em dois tamanhos, 5&#8242; e 5.5&#8242;. O pacote inclui 1 x<\/p>\n","protected":false},"featured_media":92983,"comment_status":"open","ping_status":"closed","template":"","meta":{"_joinchat":[]},"pwb-brand":[3586],"product_cat":[1458,3671],"product_tag":[],"class_list":{"0":"post-112336","1":"product","2":"type-product","3":"status-publish","4":"has-post-thumbnail","6":"pwb-brand-iha-race","7":"product_cat-fpv-drones","8":"product_cat-molduras","10":"first","11":"instock","12":"taxable","13":"shipping-taxable","14":"purchasable","15":"product-type-variable"},"barcode":null,"atum_controlled":true,"out_stock_date":null,"out_stock_threshold":null,"inheritable":true,"stock_on_hold":0,"sold_today":1,"sales_last_days":5,"out_stock_days":0,"lost_sales":0,"update_date":"2026-04-18T19:10:46","atum_locations":[],"atum_stock_status":"instock","restock_status":false,"low_stock_amount":"","sales_update_date":"2026-04-18T19:10:46","calc_backorders":null,"yoast_head":"<!-- This site is optimized with the Yoast SEO plugin v27.3 - https:\/\/yoast.com\/product\/yoast-seo-wordpress\/ -->\n<title>\ud83e\udd47 Strix &quot; Melhor quadro FPV \u3010 2019 \u3011Racing Drones | Iha Race<\/title>\n<meta name=\"description\" content=\"Conhece o novo drone de corrida da Iha-Race? N\u00e3o? Bem, \u00e9 concebido por pilotos profissionais com caracter\u00edsticas \u00fanicas \u2705 Entre para os descobrir!\" \/>\n<meta name=\"robots\" content=\"index, follow, max-snippet:-1, max-image-preview:large, max-video-preview:-1\" \/>\n<link rel=\"canonical\" href=\"https:\/\/iha-race.com\/pt-pt\/produto\/iha-race-strix-carbon-fibre-frame\/\" \/>\n<meta property=\"og:locale\" content=\"pt_PT\" \/>\n<meta property=\"og:type\" content=\"article\" \/>\n<meta property=\"og:title\" content=\"\ud83e\udd47 Strix &quot; Melhor quadro FPV \u3010 2019 \u3011Racing Drones | Iha Race\" \/>\n<meta property=\"og:description\" content=\"Conhece o novo drone de corrida da Iha-Race? N\u00e3o? Bem, \u00e9 concebido por pilotos profissionais com caracter\u00edsticas \u00fanicas \u2705 Entre para os descobrir!\" \/>\n<meta property=\"og:url\" content=\"https:\/\/iha-race.com\/pt-pt\/produto\/iha-race-strix-carbon-fibre-frame\/\" \/>\n<meta property=\"og:site_name\" content=\"Iha Race\" \/>\n<meta property=\"article:modified_time\" content=\"2026-03-21T18:38:56+00:00\" \/>\n<meta property=\"og:image\" content=\"https:\/\/iha-race.com\/wp-content\/uploads\/2019\/04\/Palas-brazos-de-fibra-para-strix-comprar-barato-1.jpg\" \/>\n\t<meta property=\"og:image:width\" content=\"1500\" \/>\n\t<meta property=\"og:image:height\" content=\"1500\" \/>\n\t<meta property=\"og:image:type\" content=\"image\/jpeg\" \/>\n<meta name=\"twitter:card\" content=\"summary_large_image\" \/>\n<script type=\"application\/ld+json\" class=\"yoast-schema-graph\">{\"@context\":\"https:\\\/\\\/schema.org\",\"@graph\":[{\"@type\":\"WebPage\",\"@id\":\"https:\\\/\\\/iha-race.com\\\/pt-pt\\\/produto\\\/iha-race-strix-carbon-fibre-frame\\\/\",\"url\":\"https:\\\/\\\/iha-race.com\\\/pt-pt\\\/produto\\\/iha-race-strix-carbon-fibre-frame\\\/\",\"name\":\"\ud83e\udd47 Strix \\\" Melhor quadro FPV \u3010 2019 \u3011Racing Drones | Iha Race\",\"isPartOf\":{\"@id\":\"https:\\\/\\\/iha-race.com\\\/pt-pt\\\/#website\"},\"primaryImageOfPage\":{\"@id\":\"https:\\\/\\\/iha-race.com\\\/pt-pt\\\/produto\\\/iha-race-strix-carbon-fibre-frame\\\/#primaryimage\"},\"image\":{\"@id\":\"https:\\\/\\\/iha-race.com\\\/pt-pt\\\/produto\\\/iha-race-strix-carbon-fibre-frame\\\/#primaryimage\"},\"thumbnailUrl\":\"https:\\\/\\\/iha-race.com\\\/wp-content\\\/uploads\\\/2019\\\/04\\\/Palas-brazos-de-fibra-para-strix-comprar-barato-1.jpg\",\"datePublished\":\"2019-04-30T08:50:30+00:00\",\"dateModified\":\"2026-03-21T18:38:56+00:00\",\"description\":\"Conhece o novo drone de corrida da Iha-Race? N\u00e3o? Bem, \u00e9 concebido por pilotos profissionais com caracter\u00edsticas \u00fanicas \u2705 Entre para os descobrir!\",\"breadcrumb\":{\"@id\":\"https:\\\/\\\/iha-race.com\\\/pt-pt\\\/produto\\\/iha-race-strix-carbon-fibre-frame\\\/#breadcrumb\"},\"inLanguage\":\"pt-PT\",\"potentialAction\":[{\"@type\":\"ReadAction\",\"target\":[\"https:\\\/\\\/iha-race.com\\\/pt-pt\\\/produto\\\/iha-race-strix-carbon-fibre-frame\\\/\"]}]},{\"@type\":\"ImageObject\",\"inLanguage\":\"pt-PT\",\"@id\":\"https:\\\/\\\/iha-race.com\\\/pt-pt\\\/produto\\\/iha-race-strix-carbon-fibre-frame\\\/#primaryimage\",\"url\":\"https:\\\/\\\/iha-race.com\\\/wp-content\\\/uploads\\\/2019\\\/04\\\/Palas-brazos-de-fibra-para-strix-comprar-barato-1.jpg\",\"contentUrl\":\"https:\\\/\\\/iha-race.com\\\/wp-content\\\/uploads\\\/2019\\\/04\\\/Palas-brazos-de-fibra-para-strix-comprar-barato-1.jpg\",\"width\":1500,\"height\":1500,\"caption\":\"oferecer bra\u00e7os de l\u00e2mina de zang\u00e3o de corrida de fpv\"},{\"@type\":\"BreadcrumbList\",\"@id\":\"https:\\\/\\\/iha-race.com\\\/pt-pt\\\/produto\\\/iha-race-strix-carbon-fibre-frame\\\/#breadcrumb\",\"itemListElement\":[{\"@type\":\"ListItem\",\"position\":1,\"name\":\"Portada\",\"item\":\"https:\\\/\\\/iha-race.com\\\/pt-pt\\\/elementor-499\\\/\"},{\"@type\":\"ListItem\",\"position\":2,\"name\":\"Shop\",\"item\":\"https:\\\/\\\/iha-race.com\\\/pt-pt\\\/shop\\\/\"},{\"@type\":\"ListItem\",\"position\":3,\"name\":\"Bra\u00e7os em fibra de carbono para IHA-Race Strix (1 pe\u00e7a)\"}]},{\"@type\":\"WebSite\",\"@id\":\"https:\\\/\\\/iha-race.com\\\/pt-pt\\\/#website\",\"url\":\"https:\\\/\\\/iha-race.com\\\/pt-pt\\\/\",\"name\":\"Iha Race\",\"description\":\"Comprar drones de carreras FPV env\u00edos en un d\u00eda desde Espa\u00f1a\",\"publisher\":{\"@id\":\"https:\\\/\\\/iha-race.com\\\/pt-pt\\\/#organization\"},\"potentialAction\":[{\"@type\":\"SearchAction\",\"target\":{\"@type\":\"EntryPoint\",\"urlTemplate\":\"https:\\\/\\\/iha-race.com\\\/pt-pt\\\/?s={search_term_string}\"},\"query-input\":{\"@type\":\"PropertyValueSpecification\",\"valueRequired\":true,\"valueName\":\"search_term_string\"}}],\"inLanguage\":\"pt-PT\"},{\"@type\":\"Organization\",\"@id\":\"https:\\\/\\\/iha-race.com\\\/pt-pt\\\/#organization\",\"name\":\"Iha Race\",\"url\":\"https:\\\/\\\/iha-race.com\\\/pt-pt\\\/\",\"logo\":{\"@type\":\"ImageObject\",\"inLanguage\":\"pt-PT\",\"@id\":\"https:\\\/\\\/iha-race.com\\\/pt-pt\\\/#\\\/schema\\\/logo\\\/image\\\/\",\"url\":\"https:\\\/\\\/iha-race.com\\\/wp-content\\\/uploads\\\/2018\\\/07\\\/iha-race-drones-de-carreras-tienda-comprar-drones.png\",\"contentUrl\":\"https:\\\/\\\/iha-race.com\\\/wp-content\\\/uploads\\\/2018\\\/07\\\/iha-race-drones-de-carreras-tienda-comprar-drones.png\",\"width\":300,\"height\":100,\"caption\":\"Iha Race\"},\"image\":{\"@id\":\"https:\\\/\\\/iha-race.com\\\/pt-pt\\\/#\\\/schema\\\/logo\\\/image\\\/\"}}]}<\/script>\n<!-- \/ Yoast SEO plugin. -->","yoast_head_json":{"title":"\ud83e\udd47 Strix \" Melhor quadro FPV \u3010 2019 \u3011Racing Drones | Iha Race","description":"Conhece o novo drone de corrida da Iha-Race? N\u00e3o? Bem, \u00e9 concebido por pilotos profissionais com caracter\u00edsticas \u00fanicas \u2705 Entre para os descobrir!","robots":{"index":"index","follow":"follow","max-snippet":"max-snippet:-1","max-image-preview":"max-image-preview:large","max-video-preview":"max-video-preview:-1"},"canonical":"https:\/\/iha-race.com\/pt-pt\/produto\/iha-race-strix-carbon-fibre-frame\/","og_locale":"pt_PT","og_type":"article","og_title":"\ud83e\udd47 Strix \" Melhor quadro FPV \u3010 2019 \u3011Racing Drones | Iha Race","og_description":"Conhece o novo drone de corrida da Iha-Race? N\u00e3o? Bem, \u00e9 concebido por pilotos profissionais com caracter\u00edsticas \u00fanicas \u2705 Entre para os descobrir!","og_url":"https:\/\/iha-race.com\/pt-pt\/produto\/iha-race-strix-carbon-fibre-frame\/","og_site_name":"Iha Race","article_modified_time":"2026-03-21T18:38:56+00:00","og_image":[{"width":1500,"height":1500,"url":"https:\/\/iha-race.com\/wp-content\/uploads\/2019\/04\/Palas-brazos-de-fibra-para-strix-comprar-barato-1.jpg","type":"image\/jpeg"}],"twitter_card":"summary_large_image","schema":{"@context":"https:\/\/schema.org","@graph":[{"@type":"WebPage","@id":"https:\/\/iha-race.com\/pt-pt\/produto\/iha-race-strix-carbon-fibre-frame\/","url":"https:\/\/iha-race.com\/pt-pt\/produto\/iha-race-strix-carbon-fibre-frame\/","name":"\ud83e\udd47 Strix \" Melhor quadro FPV \u3010 2019 \u3011Racing Drones | Iha Race","isPartOf":{"@id":"https:\/\/iha-race.com\/pt-pt\/#website"},"primaryImageOfPage":{"@id":"https:\/\/iha-race.com\/pt-pt\/produto\/iha-race-strix-carbon-fibre-frame\/#primaryimage"},"image":{"@id":"https:\/\/iha-race.com\/pt-pt\/produto\/iha-race-strix-carbon-fibre-frame\/#primaryimage"},"thumbnailUrl":"https:\/\/iha-race.com\/wp-content\/uploads\/2019\/04\/Palas-brazos-de-fibra-para-strix-comprar-barato-1.jpg","datePublished":"2019-04-30T08:50:30+00:00","dateModified":"2026-03-21T18:38:56+00:00","description":"Conhece o novo drone de corrida da Iha-Race? N\u00e3o? Bem, \u00e9 concebido por pilotos profissionais com caracter\u00edsticas \u00fanicas \u2705 Entre para os descobrir!","breadcrumb":{"@id":"https:\/\/iha-race.com\/pt-pt\/produto\/iha-race-strix-carbon-fibre-frame\/#breadcrumb"},"inLanguage":"pt-PT","potentialAction":[{"@type":"ReadAction","target":["https:\/\/iha-race.com\/pt-pt\/produto\/iha-race-strix-carbon-fibre-frame\/"]}]},{"@type":"ImageObject","inLanguage":"pt-PT","@id":"https:\/\/iha-race.com\/pt-pt\/produto\/iha-race-strix-carbon-fibre-frame\/#primaryimage","url":"https:\/\/iha-race.com\/wp-content\/uploads\/2019\/04\/Palas-brazos-de-fibra-para-strix-comprar-barato-1.jpg","contentUrl":"https:\/\/iha-race.com\/wp-content\/uploads\/2019\/04\/Palas-brazos-de-fibra-para-strix-comprar-barato-1.jpg","width":1500,"height":1500,"caption":"oferecer bra\u00e7os de l\u00e2mina de zang\u00e3o de corrida de fpv"},{"@type":"BreadcrumbList","@id":"https:\/\/iha-race.com\/pt-pt\/produto\/iha-race-strix-carbon-fibre-frame\/#breadcrumb","itemListElement":[{"@type":"ListItem","position":1,"name":"Portada","item":"https:\/\/iha-race.com\/pt-pt\/elementor-499\/"},{"@type":"ListItem","position":2,"name":"Shop","item":"https:\/\/iha-race.com\/pt-pt\/shop\/"},{"@type":"ListItem","position":3,"name":"Bra\u00e7os em fibra de carbono para IHA-Race Strix (1 pe\u00e7a)"}]},{"@type":"WebSite","@id":"https:\/\/iha-race.com\/pt-pt\/#website","url":"https:\/\/iha-race.com\/pt-pt\/","name":"Iha Race","description":"Comprar drones de carreras FPV env\u00edos en un d\u00eda desde Espa\u00f1a","publisher":{"@id":"https:\/\/iha-race.com\/pt-pt\/#organization"},"potentialAction":[{"@type":"SearchAction","target":{"@type":"EntryPoint","urlTemplate":"https:\/\/iha-race.com\/pt-pt\/?s={search_term_string}"},"query-input":{"@type":"PropertyValueSpecification","valueRequired":true,"valueName":"search_term_string"}}],"inLanguage":"pt-PT"},{"@type":"Organization","@id":"https:\/\/iha-race.com\/pt-pt\/#organization","name":"Iha Race","url":"https:\/\/iha-race.com\/pt-pt\/","logo":{"@type":"ImageObject","inLanguage":"pt-PT","@id":"https:\/\/iha-race.com\/pt-pt\/#\/schema\/logo\/image\/","url":"https:\/\/iha-race.com\/wp-content\/uploads\/2018\/07\/iha-race-drones-de-carreras-tienda-comprar-drones.png","contentUrl":"https:\/\/iha-race.com\/wp-content\/uploads\/2018\/07\/iha-race-drones-de-carreras-tienda-comprar-drones.png","width":300,"height":100,"caption":"Iha Race"},"image":{"@id":"https:\/\/iha-race.com\/pt-pt\/#\/schema\/logo\/image\/"}}]}},"jetpack_sharing_enabled":true,"brands":[{"id":3586,"name":"IHA Race","slug":"iha-race"}],"_links":{"self":[{"href":"https:\/\/iha-race.com\/pt-pt\/wp-json\/wp\/v2\/product\/112336","targetHints":{"allow":["GET"]}}],"collection":[{"href":"https:\/\/iha-race.com\/pt-pt\/wp-json\/wp\/v2\/product"}],"about":[{"href":"https:\/\/iha-race.com\/pt-pt\/wp-json\/wp\/v2\/types\/product"}],"replies":[{"embeddable":true,"href":"https:\/\/iha-race.com\/pt-pt\/wp-json\/wp\/v2\/comments?post=112336"}],"version-history":[{"count":3,"href":"https:\/\/iha-race.com\/pt-pt\/wp-json\/wp\/v2\/product\/112336\/revisions"}],"predecessor-version":[{"id":250232,"href":"https:\/\/iha-race.com\/pt-pt\/wp-json\/wp\/v2\/product\/112336\/revisions\/250232"}],"wp:featuredmedia":[{"embeddable":true,"href":"https:\/\/iha-race.com\/pt-pt\/wp-json\/wp\/v2\/media\/92983"}],"wp:attachment":[{"href":"https:\/\/iha-race.com\/pt-pt\/wp-json\/wp\/v2\/media?parent=112336"}],"wp:term":[{"taxonomy":"pwb-brand","embeddable":true,"href":"https:\/\/iha-race.com\/pt-pt\/wp-json\/wp\/v2\/pwb-brand?post=112336"},{"taxonomy":"product_cat","embeddable":true,"href":"https:\/\/iha-race.com\/pt-pt\/wp-json\/wp\/v2\/product_cat?post=112336"},{"taxonomy":"product_tag","embeddable":true,"href":"https:\/\/iha-race.com\/pt-pt\/wp-json\/wp\/v2\/product_tag?post=112336"}],"curies":[{"name":"wp","href":"https:\/\/api.w.org\/{rel}","templated":true}]}}