{"id":112146,"date":"2019-02-28T14:14:01","date_gmt":"2019-02-28T13:14:01","guid":{"rendered":"https:\/\/iha-race.com\/producto\/turbo-cauda-ponal-de-madeira-com-rabo-de-boi-10g\/"},"modified":"2024-08-29T16:25:52","modified_gmt":"2024-08-29T14:25:52","slug":"turbo-tail-ponal-madeira-combi-cola-tail-10g","status":"publish","type":"product","link":"https:\/\/iha-race.com\/pt-pt\/produto\/turbo-tail-ponal-madeira-combi-cola-tail-10g\/","title":{"rendered":"Turbo cauda ponal de madeira com rabo de boi 10g"},"content":{"rendered":"<h1 class=\"fn product-title\">Turbo cauda ponal de madeira com rabo de boi 10g<\/h1>\n<h3>Particularmente alta for\u00e7a adesiva<\/h3>\n<p>  O Ponal Turbo Adhesive \u00e9 particularmente adequado para modelar, colar molduras de quadros e molduras de madeira, bem como para colar madeira a cer\u00e2mica, porcelana, couro, metal, pedra, borracha, cart\u00e3o e muitos pl\u00e1sticos.  <\/p>\n<h3>Caracter\u00edsticas:<\/h3>\n<ul type=\"disc\">\n<li>A articula\u00e7\u00e3o pode ser corrigida durante alguns segundos e \u00e9 fixada ap\u00f3s 60 segundos.<\/li>\n<li>poss\u00edvel aplica\u00e7\u00e3o precisa<\/li>\n<li>Aplica\u00e7\u00e3o limpa sem fluxo descontrolado.<\/li>\n<li>Imperme\u00e1vel de acordo com DIN \/ EN 204 D3<\/li>\n<\/ul>\n<h3>Ficha de Dados de Seguran\u00e7a do Material (MSDS)<\/h3>\n<p>  A ficha de dados de seguran\u00e7a pode ser descarregada em formato PDF a partir do separador Documentos.  <\/p>\n<h3>Classifica\u00e7\u00e3o da subst\u00e2ncia ou mistura (CLP)<\/h3>\n<p><b>Irrita\u00e7\u00e3o cut\u00e2nea (Categoria 2)<\/b> H315 Provoca irrita\u00e7\u00e3o cut\u00e2nea.<br \/>\n<b>Irrita\u00e7\u00e3o ocular grave (Categoria 2)<\/b> H319 Provoca irrita\u00e7\u00e3o ocular grave.<br \/>\n<b>Toxicidade para \u00f3rg\u00e3os-alvo espec\u00edficos (categoria 3)<\/b> H335 Pode provocar irrita\u00e7\u00e3o das vias respirat\u00f3rias.    <\/p>\n<h3>Pictogramas do CLP<\/h3>\n<p><img decoding=\"async\" src=\"https:\/\/yuki-model.de\/bilder\/intern\/grafiken\/ghs-ausrufezeichen.png\" alt=\"Ponto de exclama\u00e7\u00e3o do GHS\"><\/p>\n<h3>Declara\u00e7\u00f5es<\/h3>\n<p>  H315 Provoca irrita\u00e7\u00e3o cut\u00e2nea. H319 Provoca grave irrita\u00e7\u00e3o ocular. H335 Pode provocar irrita\u00e7\u00e3o das vias respirat\u00f3rias.  <\/p>\n<h3>Informa\u00e7\u00e3o suplementar<\/h3>\n<p>  Cianoacrilato EUH202. Perigo. Adere \u00e0 pele e \u00e0s p\u00e1lpebras em segundos. Mant\u00e9m fora do alcance das crian\u00e7as.  <\/p>\n<h3>Instru\u00e7\u00f5es de seguran\u00e7a Preven\u00e7\u00e3o<\/h3>\n<p>  P261 Evita respirar os vapores.  <\/p>\n<h3>Instru\u00e7\u00f5es de seguran\u00e7a Reac\u00e7\u00e3o<\/h3>\n<p>  P305 + P351 + P338 EM CASO DE CONTACTO COM OS OLHOS: Enxaguar cuidadosamente com \u00e1gua durante v\u00e1rios minutos. Remover as lentes de contacto existentes, se poss\u00edvel. Continuar o enxaguamento. P302 + P350 SE ENTRAR EM CONTACTO COM A PELE: Lavar suavemente com bastante \u00e1gua e sab\u00e3o.  <\/p>\n<h3>Outros perigos<\/h3>\n<p>  As pessoas al\u00e9rgicas aos acrilatos devem evitar manusear o produto.<\/p>\n","protected":false},"excerpt":{"rendered":"<p>Turbo cauda ponal de madeira com rabo de boi 10g Particularmente alta for\u00e7a adesiva O Ponal Turbo Adhesive \u00e9 particularmente adequado para modelar, colar molduras de quadros e molduras de<\/p>\n","protected":false},"featured_media":94618,"comment_status":"open","ping_status":"closed","template":"","meta":{"_joinchat":[]},"pwb-brand":[],"product_cat":[1153],"product_tag":[],"class_list":{"0":"post-112146","1":"product","2":"type-product","3":"status-publish","4":"has-post-thumbnail","6":"product_cat-outlet-pt-pt","8":"first","9":"instock","10":"taxable","11":"shipping-taxable","12":"purchasable","13":"product-type-simple"},"barcode":null,"atum_controlled":true,"out_stock_date":null,"out_stock_threshold":null,"inheritable":false,"stock_on_hold":0,"sold_today":0,"sales_last_days":0,"out_stock_days":0,"lost_sales":0,"update_date":"2026-04-08T16:33:52","atum_locations":[],"atum_stock_status":"instock","restock_status":false,"low_stock_amount":"","sales_update_date":"2025-11-24T10:08:21","calc_backorders":null,"yoast_head":"<!-- This site is optimized with the Yoast SEO plugin v27.3 - https:\/\/yoast.com\/product\/yoast-seo-wordpress\/ -->\n<title>Turbo cauda ponal de madeira com rabo de boi 10g - Iha Race<\/title>\n<meta name=\"robots\" content=\"index, follow, max-snippet:-1, max-image-preview:large, max-video-preview:-1\" \/>\n<link rel=\"canonical\" href=\"https:\/\/iha-race.com\/pt-pt\/produto\/turbo-tail-ponal-madeira-combi-cola-tail-10g\/\" \/>\n<meta property=\"og:locale\" content=\"pt_PT\" \/>\n<meta property=\"og:type\" content=\"article\" \/>\n<meta property=\"og:title\" content=\"Turbo cauda ponal de madeira com rabo de boi 10g - Iha Race\" \/>\n<meta property=\"og:description\" content=\"Turbo cauda ponal de madeira com rabo de boi 10g Particularmente alta for\u00e7a adesiva O Ponal Turbo Adhesive \u00e9 particularmente adequado para modelar, colar molduras de quadros e molduras de\" \/>\n<meta property=\"og:url\" content=\"https:\/\/iha-race.com\/pt-pt\/produto\/turbo-tail-ponal-madeira-combi-cola-tail-10g\/\" \/>\n<meta property=\"og:site_name\" content=\"Iha Race\" \/>\n<meta property=\"article:modified_time\" content=\"2024-08-29T14:25:52+00:00\" \/>\n<meta property=\"og:image\" content=\"https:\/\/iha-race.com\/wp-content\/uploads\/2019\/02\/turbo-cola-ponal-madera-combi-cola-10g-1.jpg\" \/>\n\t<meta property=\"og:image:width\" content=\"800\" \/>\n\t<meta property=\"og:image:height\" content=\"800\" \/>\n\t<meta property=\"og:image:type\" content=\"image\/jpeg\" \/>\n<meta name=\"twitter:card\" content=\"summary_large_image\" \/>\n<meta name=\"twitter:label1\" content=\"Tempo estimado de leitura\" \/>\n\t<meta name=\"twitter:data1\" content=\"1 minuto\" \/>\n<script type=\"application\/ld+json\" class=\"yoast-schema-graph\">{\"@context\":\"https:\\\/\\\/schema.org\",\"@graph\":[{\"@type\":\"WebPage\",\"@id\":\"https:\\\/\\\/iha-race.com\\\/pt-pt\\\/produto\\\/turbo-tail-ponal-madeira-combi-cola-tail-10g\\\/\",\"url\":\"https:\\\/\\\/iha-race.com\\\/pt-pt\\\/produto\\\/turbo-tail-ponal-madeira-combi-cola-tail-10g\\\/\",\"name\":\"Turbo cauda ponal de madeira com rabo de boi 10g - Iha Race\",\"isPartOf\":{\"@id\":\"https:\\\/\\\/iha-race.com\\\/pt-pt\\\/#website\"},\"primaryImageOfPage\":{\"@id\":\"https:\\\/\\\/iha-race.com\\\/pt-pt\\\/produto\\\/turbo-tail-ponal-madeira-combi-cola-tail-10g\\\/#primaryimage\"},\"image\":{\"@id\":\"https:\\\/\\\/iha-race.com\\\/pt-pt\\\/produto\\\/turbo-tail-ponal-madeira-combi-cola-tail-10g\\\/#primaryimage\"},\"thumbnailUrl\":\"https:\\\/\\\/iha-race.com\\\/wp-content\\\/uploads\\\/2019\\\/02\\\/turbo-cola-ponal-madera-combi-cola-10g-1.jpg\",\"datePublished\":\"2019-02-28T13:14:01+00:00\",\"dateModified\":\"2024-08-29T14:25:52+00:00\",\"breadcrumb\":{\"@id\":\"https:\\\/\\\/iha-race.com\\\/pt-pt\\\/produto\\\/turbo-tail-ponal-madeira-combi-cola-tail-10g\\\/#breadcrumb\"},\"inLanguage\":\"pt-PT\",\"potentialAction\":[{\"@type\":\"ReadAction\",\"target\":[\"https:\\\/\\\/iha-race.com\\\/pt-pt\\\/produto\\\/turbo-tail-ponal-madeira-combi-cola-tail-10g\\\/\"]}]},{\"@type\":\"ImageObject\",\"inLanguage\":\"pt-PT\",\"@id\":\"https:\\\/\\\/iha-race.com\\\/pt-pt\\\/produto\\\/turbo-tail-ponal-madeira-combi-cola-tail-10g\\\/#primaryimage\",\"url\":\"https:\\\/\\\/iha-race.com\\\/wp-content\\\/uploads\\\/2019\\\/02\\\/turbo-cola-ponal-madera-combi-cola-10g-1.jpg\",\"contentUrl\":\"https:\\\/\\\/iha-race.com\\\/wp-content\\\/uploads\\\/2019\\\/02\\\/turbo-cola-ponal-madera-combi-cola-10g-1.jpg\",\"width\":800,\"height\":800,\"caption\":\"turbo-tail-ponal- madeira-combi-cola-tail-10g\"},{\"@type\":\"BreadcrumbList\",\"@id\":\"https:\\\/\\\/iha-race.com\\\/pt-pt\\\/produto\\\/turbo-tail-ponal-madeira-combi-cola-tail-10g\\\/#breadcrumb\",\"itemListElement\":[{\"@type\":\"ListItem\",\"position\":1,\"name\":\"Portada\",\"item\":\"https:\\\/\\\/iha-race.com\\\/pt-pt\\\/elementor-499\\\/\"},{\"@type\":\"ListItem\",\"position\":2,\"name\":\"Shop\",\"item\":\"https:\\\/\\\/iha-race.com\\\/pt-pt\\\/shop\\\/\"},{\"@type\":\"ListItem\",\"position\":3,\"name\":\"Turbo cauda ponal de madeira com rabo de boi 10g\"}]},{\"@type\":\"WebSite\",\"@id\":\"https:\\\/\\\/iha-race.com\\\/pt-pt\\\/#website\",\"url\":\"https:\\\/\\\/iha-race.com\\\/pt-pt\\\/\",\"name\":\"Iha Race\",\"description\":\"Comprar drones de carreras FPV env\u00edos en un d\u00eda desde Espa\u00f1a\",\"publisher\":{\"@id\":\"https:\\\/\\\/iha-race.com\\\/pt-pt\\\/#organization\"},\"potentialAction\":[{\"@type\":\"SearchAction\",\"target\":{\"@type\":\"EntryPoint\",\"urlTemplate\":\"https:\\\/\\\/iha-race.com\\\/pt-pt\\\/?s={search_term_string}\"},\"query-input\":{\"@type\":\"PropertyValueSpecification\",\"valueRequired\":true,\"valueName\":\"search_term_string\"}}],\"inLanguage\":\"pt-PT\"},{\"@type\":\"Organization\",\"@id\":\"https:\\\/\\\/iha-race.com\\\/pt-pt\\\/#organization\",\"name\":\"Iha Race\",\"url\":\"https:\\\/\\\/iha-race.com\\\/pt-pt\\\/\",\"logo\":{\"@type\":\"ImageObject\",\"inLanguage\":\"pt-PT\",\"@id\":\"https:\\\/\\\/iha-race.com\\\/pt-pt\\\/#\\\/schema\\\/logo\\\/image\\\/\",\"url\":\"https:\\\/\\\/iha-race.com\\\/wp-content\\\/uploads\\\/2018\\\/07\\\/iha-race-drones-de-carreras-tienda-comprar-drones.png\",\"contentUrl\":\"https:\\\/\\\/iha-race.com\\\/wp-content\\\/uploads\\\/2018\\\/07\\\/iha-race-drones-de-carreras-tienda-comprar-drones.png\",\"width\":300,\"height\":100,\"caption\":\"Iha Race\"},\"image\":{\"@id\":\"https:\\\/\\\/iha-race.com\\\/pt-pt\\\/#\\\/schema\\\/logo\\\/image\\\/\"}}]}<\/script>\n<!-- \/ Yoast SEO plugin. -->","yoast_head_json":{"title":"Turbo cauda ponal de madeira com rabo de boi 10g - Iha Race","robots":{"index":"index","follow":"follow","max-snippet":"max-snippet:-1","max-image-preview":"max-image-preview:large","max-video-preview":"max-video-preview:-1"},"canonical":"https:\/\/iha-race.com\/pt-pt\/produto\/turbo-tail-ponal-madeira-combi-cola-tail-10g\/","og_locale":"pt_PT","og_type":"article","og_title":"Turbo cauda ponal de madeira com rabo de boi 10g - Iha Race","og_description":"Turbo cauda ponal de madeira com rabo de boi 10g Particularmente alta for\u00e7a adesiva O Ponal Turbo Adhesive \u00e9 particularmente adequado para modelar, colar molduras de quadros e molduras de","og_url":"https:\/\/iha-race.com\/pt-pt\/produto\/turbo-tail-ponal-madeira-combi-cola-tail-10g\/","og_site_name":"Iha Race","article_modified_time":"2024-08-29T14:25:52+00:00","og_image":[{"width":800,"height":800,"url":"https:\/\/iha-race.com\/wp-content\/uploads\/2019\/02\/turbo-cola-ponal-madera-combi-cola-10g-1.jpg","type":"image\/jpeg"}],"twitter_card":"summary_large_image","twitter_misc":{"Tempo estimado de leitura":"1 minuto"},"schema":{"@context":"https:\/\/schema.org","@graph":[{"@type":"WebPage","@id":"https:\/\/iha-race.com\/pt-pt\/produto\/turbo-tail-ponal-madeira-combi-cola-tail-10g\/","url":"https:\/\/iha-race.com\/pt-pt\/produto\/turbo-tail-ponal-madeira-combi-cola-tail-10g\/","name":"Turbo cauda ponal de madeira com rabo de boi 10g - Iha Race","isPartOf":{"@id":"https:\/\/iha-race.com\/pt-pt\/#website"},"primaryImageOfPage":{"@id":"https:\/\/iha-race.com\/pt-pt\/produto\/turbo-tail-ponal-madeira-combi-cola-tail-10g\/#primaryimage"},"image":{"@id":"https:\/\/iha-race.com\/pt-pt\/produto\/turbo-tail-ponal-madeira-combi-cola-tail-10g\/#primaryimage"},"thumbnailUrl":"https:\/\/iha-race.com\/wp-content\/uploads\/2019\/02\/turbo-cola-ponal-madera-combi-cola-10g-1.jpg","datePublished":"2019-02-28T13:14:01+00:00","dateModified":"2024-08-29T14:25:52+00:00","breadcrumb":{"@id":"https:\/\/iha-race.com\/pt-pt\/produto\/turbo-tail-ponal-madeira-combi-cola-tail-10g\/#breadcrumb"},"inLanguage":"pt-PT","potentialAction":[{"@type":"ReadAction","target":["https:\/\/iha-race.com\/pt-pt\/produto\/turbo-tail-ponal-madeira-combi-cola-tail-10g\/"]}]},{"@type":"ImageObject","inLanguage":"pt-PT","@id":"https:\/\/iha-race.com\/pt-pt\/produto\/turbo-tail-ponal-madeira-combi-cola-tail-10g\/#primaryimage","url":"https:\/\/iha-race.com\/wp-content\/uploads\/2019\/02\/turbo-cola-ponal-madera-combi-cola-10g-1.jpg","contentUrl":"https:\/\/iha-race.com\/wp-content\/uploads\/2019\/02\/turbo-cola-ponal-madera-combi-cola-10g-1.jpg","width":800,"height":800,"caption":"turbo-tail-ponal- madeira-combi-cola-tail-10g"},{"@type":"BreadcrumbList","@id":"https:\/\/iha-race.com\/pt-pt\/produto\/turbo-tail-ponal-madeira-combi-cola-tail-10g\/#breadcrumb","itemListElement":[{"@type":"ListItem","position":1,"name":"Portada","item":"https:\/\/iha-race.com\/pt-pt\/elementor-499\/"},{"@type":"ListItem","position":2,"name":"Shop","item":"https:\/\/iha-race.com\/pt-pt\/shop\/"},{"@type":"ListItem","position":3,"name":"Turbo cauda ponal de madeira com rabo de boi 10g"}]},{"@type":"WebSite","@id":"https:\/\/iha-race.com\/pt-pt\/#website","url":"https:\/\/iha-race.com\/pt-pt\/","name":"Iha Race","description":"Comprar drones de carreras FPV env\u00edos en un d\u00eda desde Espa\u00f1a","publisher":{"@id":"https:\/\/iha-race.com\/pt-pt\/#organization"},"potentialAction":[{"@type":"SearchAction","target":{"@type":"EntryPoint","urlTemplate":"https:\/\/iha-race.com\/pt-pt\/?s={search_term_string}"},"query-input":{"@type":"PropertyValueSpecification","valueRequired":true,"valueName":"search_term_string"}}],"inLanguage":"pt-PT"},{"@type":"Organization","@id":"https:\/\/iha-race.com\/pt-pt\/#organization","name":"Iha Race","url":"https:\/\/iha-race.com\/pt-pt\/","logo":{"@type":"ImageObject","inLanguage":"pt-PT","@id":"https:\/\/iha-race.com\/pt-pt\/#\/schema\/logo\/image\/","url":"https:\/\/iha-race.com\/wp-content\/uploads\/2018\/07\/iha-race-drones-de-carreras-tienda-comprar-drones.png","contentUrl":"https:\/\/iha-race.com\/wp-content\/uploads\/2018\/07\/iha-race-drones-de-carreras-tienda-comprar-drones.png","width":300,"height":100,"caption":"Iha Race"},"image":{"@id":"https:\/\/iha-race.com\/pt-pt\/#\/schema\/logo\/image\/"}}]}},"brands":[],"_links":{"self":[{"href":"https:\/\/iha-race.com\/pt-pt\/wp-json\/wp\/v2\/product\/112146","targetHints":{"allow":["GET"]}}],"collection":[{"href":"https:\/\/iha-race.com\/pt-pt\/wp-json\/wp\/v2\/product"}],"about":[{"href":"https:\/\/iha-race.com\/pt-pt\/wp-json\/wp\/v2\/types\/product"}],"replies":[{"embeddable":true,"href":"https:\/\/iha-race.com\/pt-pt\/wp-json\/wp\/v2\/comments?post=112146"}],"version-history":[{"count":2,"href":"https:\/\/iha-race.com\/pt-pt\/wp-json\/wp\/v2\/product\/112146\/revisions"}],"predecessor-version":[{"id":250289,"href":"https:\/\/iha-race.com\/pt-pt\/wp-json\/wp\/v2\/product\/112146\/revisions\/250289"}],"wp:featuredmedia":[{"embeddable":true,"href":"https:\/\/iha-race.com\/pt-pt\/wp-json\/wp\/v2\/media\/94618"}],"wp:attachment":[{"href":"https:\/\/iha-race.com\/pt-pt\/wp-json\/wp\/v2\/media?parent=112146"}],"wp:term":[{"taxonomy":"pwb-brand","embeddable":true,"href":"https:\/\/iha-race.com\/pt-pt\/wp-json\/wp\/v2\/pwb-brand?post=112146"},{"taxonomy":"product_cat","embeddable":true,"href":"https:\/\/iha-race.com\/pt-pt\/wp-json\/wp\/v2\/product_cat?post=112146"},{"taxonomy":"product_tag","embeddable":true,"href":"https:\/\/iha-race.com\/pt-pt\/wp-json\/wp\/v2\/product_tag?post=112146"}],"curies":[{"name":"wp","href":"https:\/\/api.w.org\/{rel}","templated":true}]}}