{"id":112125,"date":"2019-02-28T14:21:26","date_gmt":"2019-02-28T13:21:26","guid":{"rendered":"https:\/\/iha-race.com\/producto\/cola-de-madeira-ponal-impermeavel-60g\/"},"modified":"2024-08-29T16:25:25","modified_gmt":"2024-08-29T14:25:25","slug":"madeira-cola-madeira-cola-impermeavel-ponal-60g","status":"publish","type":"product","link":"https:\/\/iha-race.com\/pt-pt\/produto\/madeira-cola-madeira-cola-impermeavel-ponal-60g\/","title":{"rendered":"Cola de Madeira Ponal Imperme\u00e1vel 60g"},"content":{"rendered":"<h1 class=\"fn product-title\">Cola de Madeira Ponal Imperme\u00e1vel 60g<\/h1>\n<h3>A cauda branca<\/h3>\n<p>  Ponal Waterproof \u00e9 uma cola branca para colagem \u00e0 prova de \u00e1gua de acordo com a norma DIN \/ EN 204 D3.  <\/p>\n<h3>as caracter\u00edsticas do produto<\/h3>\n<ul type=\"disc\">\n<li>Sem solventes<\/li>\n<li>Cola fresca remov\u00edvel com \u00e1gua.<\/li>\n<li>Imperme\u00e1vel de acordo com DIN \/ EN 204 D3<\/li>\n<\/ul>\n<h3>Ficha de Dados de Seguran\u00e7a do Material (MSDS)<\/h3>\n<p>  A ficha de dados de seguran\u00e7a pode ser descarregada em formato PDF a partir do separador Documentos.  <\/p>\n<h3>Classifica\u00e7\u00e3o da subst\u00e2ncia ou mistura (CLP)<\/h3>\n<p><b>Irrita\u00e7\u00e3o ocular grave (categoria 2)<\/b> H319 Provoca irrita\u00e7\u00e3o ocular <b>grave<\/b>.  <\/p>\n<h3>Pictogramas do CLP<\/h3>\n<p><img decoding=\"async\" src=\"https:\/\/yuki-model.de\/bilder\/intern\/grafiken\/ghs-ausrufezeichen.png\" alt=\"Ponto de exclama\u00e7\u00e3o do GHS\"><\/p>\n<h3>Declara\u00e7\u00f5es<\/h3>\n<p>  H319 Provoca irrita\u00e7\u00e3o ocular grave.  <\/p>\n<h3>Seguran\u00e7a<\/h3>\n<p>  P101 Em caso de necessidade de aconselhamento m\u00e9dico, tem \u00e0 m\u00e3o a embalagem ou o r\u00f3tulo do produto. P102 Manter fora do alcance das crian\u00e7as.  <\/p>\n<h3>Instru\u00e7\u00f5es de seguran\u00e7a Preven\u00e7\u00e3o<\/h3>\n<p>  P280 Usa prote\u00e7\u00e3o para os olhos\/face.  <\/p>\n<h3>Instru\u00e7\u00f5es de seguran\u00e7a Reac\u00e7\u00e3o<\/h3>\n<p>  P305 + P351 + P338 EM CASO DE CONTACTO COM OS OLHOS: Enxaguar cuidadosamente com \u00e1gua durante v\u00e1rios minutos. Remover as lentes de contacto existentes, se poss\u00edvel. Continuar o enxaguamento. P337 + P313 Se a irrita\u00e7\u00e3o ocular persistir: Consulta um m\u00e9dico.  <\/p>\n<h3>Outros perigos<\/h3>\n<p>  Nenhum em condi\u00e7\u00f5es normais de utiliza\u00e7\u00e3o.<\/p>\n","protected":false},"excerpt":{"rendered":"<p>Cola de Madeira Ponal Imperme\u00e1vel 60g A cauda branca Ponal Waterproof \u00e9 uma cola branca para colagem \u00e0 prova de \u00e1gua de acordo com a norma DIN \/ EN 204<\/p>\n","protected":false},"featured_media":94773,"comment_status":"open","ping_status":"closed","template":"","meta":{"_joinchat":[]},"pwb-brand":[],"product_cat":[1153],"product_tag":[],"class_list":{"0":"post-112125","1":"product","2":"type-product","3":"status-publish","4":"has-post-thumbnail","6":"product_cat-outlet-pt-pt","8":"first","9":"instock","10":"taxable","11":"shipping-taxable","12":"purchasable","13":"product-type-simple"},"barcode":null,"atum_controlled":true,"out_stock_date":null,"out_stock_threshold":null,"inheritable":false,"stock_on_hold":0,"sold_today":0,"sales_last_days":0,"out_stock_days":0,"lost_sales":0,"update_date":"2026-04-18T23:29:49","atum_locations":[],"atum_stock_status":"instock","restock_status":false,"low_stock_amount":"","sales_update_date":"2026-04-18T23:29:49","calc_backorders":null,"yoast_head":"<!-- This site is optimized with the Yoast SEO plugin v27.3 - https:\/\/yoast.com\/product\/yoast-seo-wordpress\/ -->\n<title>Cola de Madeira Ponal Imperme\u00e1vel 60g - Iha Race<\/title>\n<meta name=\"robots\" content=\"index, follow, max-snippet:-1, max-image-preview:large, max-video-preview:-1\" \/>\n<link rel=\"canonical\" href=\"https:\/\/iha-race.com\/pt-pt\/produto\/madeira-cola-madeira-cola-impermeavel-ponal-60g\/\" \/>\n<meta property=\"og:locale\" content=\"pt_PT\" \/>\n<meta property=\"og:type\" content=\"article\" \/>\n<meta property=\"og:title\" content=\"Cola de Madeira Ponal Imperme\u00e1vel 60g - Iha Race\" \/>\n<meta property=\"og:description\" content=\"Cola de Madeira Ponal Imperme\u00e1vel 60g A cauda branca Ponal Waterproof \u00e9 uma cola branca para colagem \u00e0 prova de \u00e1gua de acordo com a norma DIN \/ EN 204\" \/>\n<meta property=\"og:url\" content=\"https:\/\/iha-race.com\/pt-pt\/produto\/madeira-cola-madeira-cola-impermeavel-ponal-60g\/\" \/>\n<meta property=\"og:site_name\" content=\"Iha Race\" \/>\n<meta property=\"article:modified_time\" content=\"2024-08-29T14:25:25+00:00\" \/>\n<meta property=\"og:image\" content=\"https:\/\/iha-race.com\/wp-content\/uploads\/2019\/02\/pegamento-de-madera-impermeable-ponal-60g-1.jpg\" \/>\n\t<meta property=\"og:image:width\" content=\"800\" \/>\n\t<meta property=\"og:image:height\" content=\"800\" \/>\n\t<meta property=\"og:image:type\" content=\"image\/jpeg\" \/>\n<meta name=\"twitter:card\" content=\"summary_large_image\" \/>\n<meta name=\"twitter:label1\" content=\"Tempo estimado de leitura\" \/>\n\t<meta name=\"twitter:data1\" content=\"1 minuto\" \/>\n<script type=\"application\/ld+json\" class=\"yoast-schema-graph\">{\"@context\":\"https:\\\/\\\/schema.org\",\"@graph\":[{\"@type\":\"WebPage\",\"@id\":\"https:\\\/\\\/iha-race.com\\\/pt-pt\\\/produto\\\/madeira-cola-madeira-cola-impermeavel-ponal-60g\\\/\",\"url\":\"https:\\\/\\\/iha-race.com\\\/pt-pt\\\/produto\\\/madeira-cola-madeira-cola-impermeavel-ponal-60g\\\/\",\"name\":\"Cola de Madeira Ponal Imperme\u00e1vel 60g - Iha Race\",\"isPartOf\":{\"@id\":\"https:\\\/\\\/iha-race.com\\\/pt-pt\\\/#website\"},\"primaryImageOfPage\":{\"@id\":\"https:\\\/\\\/iha-race.com\\\/pt-pt\\\/produto\\\/madeira-cola-madeira-cola-impermeavel-ponal-60g\\\/#primaryimage\"},\"image\":{\"@id\":\"https:\\\/\\\/iha-race.com\\\/pt-pt\\\/produto\\\/madeira-cola-madeira-cola-impermeavel-ponal-60g\\\/#primaryimage\"},\"thumbnailUrl\":\"https:\\\/\\\/iha-race.com\\\/wp-content\\\/uploads\\\/2019\\\/02\\\/pegamento-de-madera-impermeable-ponal-60g-1.jpg\",\"datePublished\":\"2019-02-28T13:21:26+00:00\",\"dateModified\":\"2024-08-29T14:25:25+00:00\",\"breadcrumb\":{\"@id\":\"https:\\\/\\\/iha-race.com\\\/pt-pt\\\/produto\\\/madeira-cola-madeira-cola-impermeavel-ponal-60g\\\/#breadcrumb\"},\"inLanguage\":\"pt-PT\",\"potentialAction\":[{\"@type\":\"ReadAction\",\"target\":[\"https:\\\/\\\/iha-race.com\\\/pt-pt\\\/produto\\\/madeira-cola-madeira-cola-impermeavel-ponal-60g\\\/\"]}]},{\"@type\":\"ImageObject\",\"inLanguage\":\"pt-PT\",\"@id\":\"https:\\\/\\\/iha-race.com\\\/pt-pt\\\/produto\\\/madeira-cola-madeira-cola-impermeavel-ponal-60g\\\/#primaryimage\",\"url\":\"https:\\\/\\\/iha-race.com\\\/wp-content\\\/uploads\\\/2019\\\/02\\\/pegamento-de-madera-impermeable-ponal-60g-1.jpg\",\"contentUrl\":\"https:\\\/\\\/iha-race.com\\\/wp-content\\\/uploads\\\/2019\\\/02\\\/pegamento-de-madera-impermeable-ponal-60g-1.jpg\",\"width\":800,\"height\":800,\"caption\":\"madeira-cola-madeira-cola-imperme\u00e1vel-ponal-60g\"},{\"@type\":\"BreadcrumbList\",\"@id\":\"https:\\\/\\\/iha-race.com\\\/pt-pt\\\/produto\\\/madeira-cola-madeira-cola-impermeavel-ponal-60g\\\/#breadcrumb\",\"itemListElement\":[{\"@type\":\"ListItem\",\"position\":1,\"name\":\"Portada\",\"item\":\"https:\\\/\\\/iha-race.com\\\/pt-pt\\\/elementor-499\\\/\"},{\"@type\":\"ListItem\",\"position\":2,\"name\":\"Shop\",\"item\":\"https:\\\/\\\/iha-race.com\\\/pt-pt\\\/shop\\\/\"},{\"@type\":\"ListItem\",\"position\":3,\"name\":\"Cola de Madeira Ponal Imperme\u00e1vel 60g\"}]},{\"@type\":\"WebSite\",\"@id\":\"https:\\\/\\\/iha-race.com\\\/pt-pt\\\/#website\",\"url\":\"https:\\\/\\\/iha-race.com\\\/pt-pt\\\/\",\"name\":\"Iha Race\",\"description\":\"Comprar drones de carreras FPV env\u00edos en un d\u00eda desde Espa\u00f1a\",\"publisher\":{\"@id\":\"https:\\\/\\\/iha-race.com\\\/pt-pt\\\/#organization\"},\"potentialAction\":[{\"@type\":\"SearchAction\",\"target\":{\"@type\":\"EntryPoint\",\"urlTemplate\":\"https:\\\/\\\/iha-race.com\\\/pt-pt\\\/?s={search_term_string}\"},\"query-input\":{\"@type\":\"PropertyValueSpecification\",\"valueRequired\":true,\"valueName\":\"search_term_string\"}}],\"inLanguage\":\"pt-PT\"},{\"@type\":\"Organization\",\"@id\":\"https:\\\/\\\/iha-race.com\\\/pt-pt\\\/#organization\",\"name\":\"Iha Race\",\"url\":\"https:\\\/\\\/iha-race.com\\\/pt-pt\\\/\",\"logo\":{\"@type\":\"ImageObject\",\"inLanguage\":\"pt-PT\",\"@id\":\"https:\\\/\\\/iha-race.com\\\/pt-pt\\\/#\\\/schema\\\/logo\\\/image\\\/\",\"url\":\"https:\\\/\\\/iha-race.com\\\/wp-content\\\/uploads\\\/2018\\\/07\\\/iha-race-drones-de-carreras-tienda-comprar-drones.png\",\"contentUrl\":\"https:\\\/\\\/iha-race.com\\\/wp-content\\\/uploads\\\/2018\\\/07\\\/iha-race-drones-de-carreras-tienda-comprar-drones.png\",\"width\":300,\"height\":100,\"caption\":\"Iha Race\"},\"image\":{\"@id\":\"https:\\\/\\\/iha-race.com\\\/pt-pt\\\/#\\\/schema\\\/logo\\\/image\\\/\"}}]}<\/script>\n<!-- \/ Yoast SEO plugin. -->","yoast_head_json":{"title":"Cola de Madeira Ponal Imperme\u00e1vel 60g - Iha Race","robots":{"index":"index","follow":"follow","max-snippet":"max-snippet:-1","max-image-preview":"max-image-preview:large","max-video-preview":"max-video-preview:-1"},"canonical":"https:\/\/iha-race.com\/pt-pt\/produto\/madeira-cola-madeira-cola-impermeavel-ponal-60g\/","og_locale":"pt_PT","og_type":"article","og_title":"Cola de Madeira Ponal Imperme\u00e1vel 60g - Iha Race","og_description":"Cola de Madeira Ponal Imperme\u00e1vel 60g A cauda branca Ponal Waterproof \u00e9 uma cola branca para colagem \u00e0 prova de \u00e1gua de acordo com a norma DIN \/ EN 204","og_url":"https:\/\/iha-race.com\/pt-pt\/produto\/madeira-cola-madeira-cola-impermeavel-ponal-60g\/","og_site_name":"Iha Race","article_modified_time":"2024-08-29T14:25:25+00:00","og_image":[{"width":800,"height":800,"url":"https:\/\/iha-race.com\/wp-content\/uploads\/2019\/02\/pegamento-de-madera-impermeable-ponal-60g-1.jpg","type":"image\/jpeg"}],"twitter_card":"summary_large_image","twitter_misc":{"Tempo estimado de leitura":"1 minuto"},"schema":{"@context":"https:\/\/schema.org","@graph":[{"@type":"WebPage","@id":"https:\/\/iha-race.com\/pt-pt\/produto\/madeira-cola-madeira-cola-impermeavel-ponal-60g\/","url":"https:\/\/iha-race.com\/pt-pt\/produto\/madeira-cola-madeira-cola-impermeavel-ponal-60g\/","name":"Cola de Madeira Ponal Imperme\u00e1vel 60g - Iha Race","isPartOf":{"@id":"https:\/\/iha-race.com\/pt-pt\/#website"},"primaryImageOfPage":{"@id":"https:\/\/iha-race.com\/pt-pt\/produto\/madeira-cola-madeira-cola-impermeavel-ponal-60g\/#primaryimage"},"image":{"@id":"https:\/\/iha-race.com\/pt-pt\/produto\/madeira-cola-madeira-cola-impermeavel-ponal-60g\/#primaryimage"},"thumbnailUrl":"https:\/\/iha-race.com\/wp-content\/uploads\/2019\/02\/pegamento-de-madera-impermeable-ponal-60g-1.jpg","datePublished":"2019-02-28T13:21:26+00:00","dateModified":"2024-08-29T14:25:25+00:00","breadcrumb":{"@id":"https:\/\/iha-race.com\/pt-pt\/produto\/madeira-cola-madeira-cola-impermeavel-ponal-60g\/#breadcrumb"},"inLanguage":"pt-PT","potentialAction":[{"@type":"ReadAction","target":["https:\/\/iha-race.com\/pt-pt\/produto\/madeira-cola-madeira-cola-impermeavel-ponal-60g\/"]}]},{"@type":"ImageObject","inLanguage":"pt-PT","@id":"https:\/\/iha-race.com\/pt-pt\/produto\/madeira-cola-madeira-cola-impermeavel-ponal-60g\/#primaryimage","url":"https:\/\/iha-race.com\/wp-content\/uploads\/2019\/02\/pegamento-de-madera-impermeable-ponal-60g-1.jpg","contentUrl":"https:\/\/iha-race.com\/wp-content\/uploads\/2019\/02\/pegamento-de-madera-impermeable-ponal-60g-1.jpg","width":800,"height":800,"caption":"madeira-cola-madeira-cola-imperme\u00e1vel-ponal-60g"},{"@type":"BreadcrumbList","@id":"https:\/\/iha-race.com\/pt-pt\/produto\/madeira-cola-madeira-cola-impermeavel-ponal-60g\/#breadcrumb","itemListElement":[{"@type":"ListItem","position":1,"name":"Portada","item":"https:\/\/iha-race.com\/pt-pt\/elementor-499\/"},{"@type":"ListItem","position":2,"name":"Shop","item":"https:\/\/iha-race.com\/pt-pt\/shop\/"},{"@type":"ListItem","position":3,"name":"Cola de Madeira Ponal Imperme\u00e1vel 60g"}]},{"@type":"WebSite","@id":"https:\/\/iha-race.com\/pt-pt\/#website","url":"https:\/\/iha-race.com\/pt-pt\/","name":"Iha Race","description":"Comprar drones de carreras FPV env\u00edos en un d\u00eda desde Espa\u00f1a","publisher":{"@id":"https:\/\/iha-race.com\/pt-pt\/#organization"},"potentialAction":[{"@type":"SearchAction","target":{"@type":"EntryPoint","urlTemplate":"https:\/\/iha-race.com\/pt-pt\/?s={search_term_string}"},"query-input":{"@type":"PropertyValueSpecification","valueRequired":true,"valueName":"search_term_string"}}],"inLanguage":"pt-PT"},{"@type":"Organization","@id":"https:\/\/iha-race.com\/pt-pt\/#organization","name":"Iha Race","url":"https:\/\/iha-race.com\/pt-pt\/","logo":{"@type":"ImageObject","inLanguage":"pt-PT","@id":"https:\/\/iha-race.com\/pt-pt\/#\/schema\/logo\/image\/","url":"https:\/\/iha-race.com\/wp-content\/uploads\/2018\/07\/iha-race-drones-de-carreras-tienda-comprar-drones.png","contentUrl":"https:\/\/iha-race.com\/wp-content\/uploads\/2018\/07\/iha-race-drones-de-carreras-tienda-comprar-drones.png","width":300,"height":100,"caption":"Iha Race"},"image":{"@id":"https:\/\/iha-race.com\/pt-pt\/#\/schema\/logo\/image\/"}}]}},"jetpack_sharing_enabled":true,"brands":[],"_links":{"self":[{"href":"https:\/\/iha-race.com\/pt-pt\/wp-json\/wp\/v2\/product\/112125","targetHints":{"allow":["GET"]}}],"collection":[{"href":"https:\/\/iha-race.com\/pt-pt\/wp-json\/wp\/v2\/product"}],"about":[{"href":"https:\/\/iha-race.com\/pt-pt\/wp-json\/wp\/v2\/types\/product"}],"replies":[{"embeddable":true,"href":"https:\/\/iha-race.com\/pt-pt\/wp-json\/wp\/v2\/comments?post=112125"}],"version-history":[{"count":2,"href":"https:\/\/iha-race.com\/pt-pt\/wp-json\/wp\/v2\/product\/112125\/revisions"}],"predecessor-version":[{"id":250281,"href":"https:\/\/iha-race.com\/pt-pt\/wp-json\/wp\/v2\/product\/112125\/revisions\/250281"}],"wp:featuredmedia":[{"embeddable":true,"href":"https:\/\/iha-race.com\/pt-pt\/wp-json\/wp\/v2\/media\/94773"}],"wp:attachment":[{"href":"https:\/\/iha-race.com\/pt-pt\/wp-json\/wp\/v2\/media?parent=112125"}],"wp:term":[{"taxonomy":"pwb-brand","embeddable":true,"href":"https:\/\/iha-race.com\/pt-pt\/wp-json\/wp\/v2\/pwb-brand?post=112125"},{"taxonomy":"product_cat","embeddable":true,"href":"https:\/\/iha-race.com\/pt-pt\/wp-json\/wp\/v2\/product_cat?post=112125"},{"taxonomy":"product_tag","embeddable":true,"href":"https:\/\/iha-race.com\/pt-pt\/wp-json\/wp\/v2\/product_tag?post=112125"}],"curies":[{"name":"wp","href":"https:\/\/api.w.org\/{rel}","templated":true}]}}