{"id":112113,"date":"2018-12-21T12:56:51","date_gmt":"2018-12-21T11:56:51","guid":{"rendered":"https:\/\/iha-race.com\/producto\/moldura-tbs-fonte-two-v-1-220-mm\/"},"modified":"2024-08-29T16:29:18","modified_gmt":"2024-08-29T14:29:18","slug":"frame-tbs-source-two-v-1-220-mm","status":"publish","type":"product","link":"https:\/\/iha-race.com\/pt-pt\/produto\/frame-tbs-source-two-v-1-220-mm\/","title":{"rendered":"Moldura TBS Fonte TWO V.1 220 mm."},"content":{"rendered":"<h2>Moldura TBS Fonte TWO V.1 220 mm.<\/h2>\n<p>  O SOURCE TWO \u00e9 um quadro de corrida ultra-leve de sec\u00e7\u00e3o inferior \u00fanica, feito para viciados em velocidade e pilotos FPV de base. Foi concebido para maximizar a velocidade e minimizar o arrasto. Encaixa e protege todos os componentes FPV cl\u00e1ssicos e \u00e9 optimizado para peso leve. O SOURCE TWO \u00e9 o vencedor perfeito da tua corrida de domingo, e \u00e9 recomendado apenas para pilotos de corrida profissionais. <strong>SOBRE O PROJECTO<\/strong> O projeto SOURCE TWO \u00e9 um projeto de colabora\u00e7\u00e3o FPV iniciado pela Team BlackSheep. O quadro \u00e9 doado \u00e0 comunidade para capacitar os fabricantes e criadores, e integrar mais rapidamente as melhores pr\u00e1ticas e tend\u00eancias actuais num produto fabricado continuamente. Em troca, permite que a rede de distribui\u00e7\u00e3o local tenha acesso barato e directo a um bom enquadramento para lhes permitir competir num mercado cada vez mais predat\u00f3rio. Espera-se que este quadro permita um amplo acesso \u00e0 FPV atrav\u00e9s de um pre\u00e7o baixo, de uma excelente documenta\u00e7\u00e3o e de uma grande disponibilidade de pe\u00e7as e acess\u00f3rios compat\u00edveis, sem infringir a propriedade intelectual de terceiros.  <\/p>\n<h3>Quer fazer parte da Fonte Dois?<\/h3>\n<ul>\n<li>Discuss\u00e3o do projecto: <a href=\"https:\/\/discordapp.com\/invite\/ZJGkHwF\">https:\/\/discordapp.com\/invite\/ZJGkHwF<\/a><\/li>\n<li>Ficheiros do projecto: <a href=\"https:\/\/github.com\/ps915\/source_two\">https:\/\/github.com\/ps915\/source_two<\/a><\/li>\n<li>Ficheiros impressos em 3D no Thingiverse: <a href=\"https:\/\/www.thingiverse.com\/tag:sourcetwo\">https:\/\/www.thingiverse.com\/tag:sourcetwo<\/a><\/li>\n<li>Pe\u00e7as impressas em 3D (STL) tamb\u00e9m dispon\u00edveis no github!<\/li>\n<\/ul>\n<h3>Ao comprar a Fonte TWO V.1 220 mm:<\/h3>\n<ul>\n<li>1 x Moldura (placa superior, placa inferior, 4 x bra\u00e7os)<\/li>\n<li>1 x montagem de c\u00e2mara TPU para micro-c\u00e2maras<\/li>\n<li>1 x Conjunto de parafusos e espa\u00e7adores 1x<\/li>\n<li>1 x Almofada de bateria<\/li>\n<\/ul>\n<h3>Especifica\u00e7\u00f5es quadro TBS Fonte 2:<\/h3>\n<ul>\n<li><strong>Dist\u00e2ncia entre eixos 5 &#8220;:<\/strong> 220m<\/li>\n<li><strong>Placa superior:<\/strong> 2mm<\/li>\n<li><strong>Placa inferior:<\/strong> 3mm<\/li>\n<li><strong>Altura livre:<\/strong> 25 mm<\/li>\n<li><strong>Espessura do bra\u00e7o:<\/strong> 4mm.<\/li>\n<li><strong>Montagem da bateria: <\/strong> 30,5 \u00d7 30,5mm e 20mm x 20mm<\/li>\n<li><strong>Peso 5 &#8220;:<\/strong> 72g<\/li>\n<\/ul>\n<h3>Fonte: hardware TBS:<\/h3>\n<ul>\n<li>Parafuso Allen 20x M3x10<\/li>\n<li>Parafuso Allen 4x M3x14<\/li>\n<li>Espa\u00e7ador 8X OD 5 mm M3 30 mm<\/li>\n<li>8x M3 M3 press-in porca<\/li>\n<\/ul>\n","protected":false},"excerpt":{"rendered":"<p>Moldura TBS Fonte TWO V.1 220 mm. O SOURCE TWO \u00e9 um quadro de corrida ultra-leve de sec\u00e7\u00e3o inferior \u00fanica, feito para viciados em velocidade e pilotos FPV de base.<\/p>\n","protected":false},"featured_media":92080,"comment_status":"open","ping_status":"closed","template":"","meta":{"_joinchat":[]},"pwb-brand":[],"product_cat":[27,3667],"product_tag":[],"class_list":{"0":"post-112113","1":"product","2":"type-product","3":"status-publish","4":"has-post-thumbnail","6":"product_cat-drones-fpv","7":"product_cat-cuadros-frame","9":"first","10":"instock","11":"taxable","12":"shipping-taxable","13":"purchasable","14":"product-type-simple"},"barcode":null,"atum_controlled":true,"out_stock_date":null,"out_stock_threshold":null,"inheritable":false,"stock_on_hold":0,"sold_today":0,"sales_last_days":0,"out_stock_days":0,"lost_sales":0,"update_date":"2026-04-16T07:36:06","atum_locations":[],"atum_stock_status":"instock","restock_status":false,"low_stock_amount":0,"sales_update_date":"2026-04-16T07:36:06","calc_backorders":null,"yoast_head":"<!-- This site is optimized with the Yoast SEO plugin v27.3 - https:\/\/yoast.com\/product\/yoast-seo-wordpress\/ -->\n<title>\u2192 TBS Source two | Frame by Team BlackSheep | Iha Race \u2469<\/title>\n<meta name=\"description\" content=\"Discover\u23eb o quadro ultraleve, apenas para viciados em velocidade! Desenhado pela comunidade! Entregas em 24 hours\u2708 a toda a Espanha. \u260e676757149.\" \/>\n<meta name=\"robots\" content=\"index, follow, max-snippet:-1, max-image-preview:large, max-video-preview:-1\" \/>\n<link rel=\"canonical\" href=\"https:\/\/iha-race.com\/pt-pt\/produto\/frame-tbs-source-two-v-1-220-mm\/\" \/>\n<meta property=\"og:locale\" content=\"pt_PT\" \/>\n<meta property=\"og:type\" content=\"article\" \/>\n<meta property=\"og:title\" content=\"\u2192 TBS Source two | Frame by Team BlackSheep | Iha Race \u2469\" \/>\n<meta property=\"og:description\" content=\"Discover\u23eb o quadro ultraleve, apenas para viciados em velocidade! Desenhado pela comunidade! Entregas em 24 hours\u2708 a toda a Espanha. \u260e676757149.\" \/>\n<meta property=\"og:url\" content=\"https:\/\/iha-race.com\/pt-pt\/produto\/frame-tbs-source-two-v-1-220-mm\/\" \/>\n<meta property=\"og:site_name\" content=\"Iha Race\" \/>\n<meta property=\"article:modified_time\" content=\"2024-08-29T14:29:18+00:00\" \/>\n<meta property=\"og:image\" content=\"https:\/\/iha-race.com\/wp-content\/uploads\/2018\/12\/frame-tbs-drone-1.jpg\" \/>\n\t<meta property=\"og:image:width\" content=\"2222\" \/>\n\t<meta property=\"og:image:height\" content=\"2222\" \/>\n\t<meta property=\"og:image:type\" content=\"image\/jpeg\" \/>\n<meta name=\"twitter:card\" content=\"summary_large_image\" \/>\n<meta name=\"twitter:label1\" content=\"Tempo estimado de leitura\" \/>\n\t<meta name=\"twitter:data1\" content=\"2 minutos\" \/>\n<script type=\"application\/ld+json\" class=\"yoast-schema-graph\">{\"@context\":\"https:\\\/\\\/schema.org\",\"@graph\":[{\"@type\":\"WebPage\",\"@id\":\"https:\\\/\\\/iha-race.com\\\/pt-pt\\\/produto\\\/frame-tbs-source-two-v-1-220-mm\\\/\",\"url\":\"https:\\\/\\\/iha-race.com\\\/pt-pt\\\/produto\\\/frame-tbs-source-two-v-1-220-mm\\\/\",\"name\":\"\u2192 TBS Source two | Frame by Team BlackSheep | Iha Race \u2469\",\"isPartOf\":{\"@id\":\"https:\\\/\\\/iha-race.com\\\/pt-pt\\\/#website\"},\"primaryImageOfPage\":{\"@id\":\"https:\\\/\\\/iha-race.com\\\/pt-pt\\\/produto\\\/frame-tbs-source-two-v-1-220-mm\\\/#primaryimage\"},\"image\":{\"@id\":\"https:\\\/\\\/iha-race.com\\\/pt-pt\\\/produto\\\/frame-tbs-source-two-v-1-220-mm\\\/#primaryimage\"},\"thumbnailUrl\":\"https:\\\/\\\/iha-race.com\\\/wp-content\\\/uploads\\\/2018\\\/12\\\/frame-tbs-drone-1.jpg\",\"datePublished\":\"2018-12-21T11:56:51+00:00\",\"dateModified\":\"2024-08-29T14:29:18+00:00\",\"description\":\"Discover\u23eb o quadro ultraleve, apenas para viciados em velocidade! Desenhado pela comunidade! Entregas em 24 hours\u2708 a toda a Espanha. \u260e676757149.\",\"breadcrumb\":{\"@id\":\"https:\\\/\\\/iha-race.com\\\/pt-pt\\\/produto\\\/frame-tbs-source-two-v-1-220-mm\\\/#breadcrumb\"},\"inLanguage\":\"pt-PT\",\"potentialAction\":[{\"@type\":\"ReadAction\",\"target\":[\"https:\\\/\\\/iha-race.com\\\/pt-pt\\\/produto\\\/frame-tbs-source-two-v-1-220-mm\\\/\"]}]},{\"@type\":\"ImageObject\",\"inLanguage\":\"pt-PT\",\"@id\":\"https:\\\/\\\/iha-race.com\\\/pt-pt\\\/produto\\\/frame-tbs-source-two-v-1-220-mm\\\/#primaryimage\",\"url\":\"https:\\\/\\\/iha-race.com\\\/wp-content\\\/uploads\\\/2018\\\/12\\\/frame-tbs-drone-1.jpg\",\"contentUrl\":\"https:\\\/\\\/iha-race.com\\\/wp-content\\\/uploads\\\/2018\\\/12\\\/frame-tbs-drone-1.jpg\",\"width\":2222,\"height\":2222,\"caption\":\"comprar o frame-tbs-drone mais barato\"},{\"@type\":\"BreadcrumbList\",\"@id\":\"https:\\\/\\\/iha-race.com\\\/pt-pt\\\/produto\\\/frame-tbs-source-two-v-1-220-mm\\\/#breadcrumb\",\"itemListElement\":[{\"@type\":\"ListItem\",\"position\":1,\"name\":\"Portada\",\"item\":\"https:\\\/\\\/iha-race.com\\\/pt-pt\\\/elementor-499\\\/\"},{\"@type\":\"ListItem\",\"position\":2,\"name\":\"Shop\",\"item\":\"https:\\\/\\\/iha-race.com\\\/pt-pt\\\/shop\\\/\"},{\"@type\":\"ListItem\",\"position\":3,\"name\":\"Moldura TBS Fonte TWO V.1 220 mm.\"}]},{\"@type\":\"WebSite\",\"@id\":\"https:\\\/\\\/iha-race.com\\\/pt-pt\\\/#website\",\"url\":\"https:\\\/\\\/iha-race.com\\\/pt-pt\\\/\",\"name\":\"Iha Race\",\"description\":\"Comprar drones de carreras FPV env\u00edos en un d\u00eda desde Espa\u00f1a\",\"publisher\":{\"@id\":\"https:\\\/\\\/iha-race.com\\\/pt-pt\\\/#organization\"},\"potentialAction\":[{\"@type\":\"SearchAction\",\"target\":{\"@type\":\"EntryPoint\",\"urlTemplate\":\"https:\\\/\\\/iha-race.com\\\/pt-pt\\\/?s={search_term_string}\"},\"query-input\":{\"@type\":\"PropertyValueSpecification\",\"valueRequired\":true,\"valueName\":\"search_term_string\"}}],\"inLanguage\":\"pt-PT\"},{\"@type\":\"Organization\",\"@id\":\"https:\\\/\\\/iha-race.com\\\/pt-pt\\\/#organization\",\"name\":\"Iha Race\",\"url\":\"https:\\\/\\\/iha-race.com\\\/pt-pt\\\/\",\"logo\":{\"@type\":\"ImageObject\",\"inLanguage\":\"pt-PT\",\"@id\":\"https:\\\/\\\/iha-race.com\\\/pt-pt\\\/#\\\/schema\\\/logo\\\/image\\\/\",\"url\":\"https:\\\/\\\/iha-race.com\\\/wp-content\\\/uploads\\\/2018\\\/07\\\/iha-race-drones-de-carreras-tienda-comprar-drones.png\",\"contentUrl\":\"https:\\\/\\\/iha-race.com\\\/wp-content\\\/uploads\\\/2018\\\/07\\\/iha-race-drones-de-carreras-tienda-comprar-drones.png\",\"width\":300,\"height\":100,\"caption\":\"Iha Race\"},\"image\":{\"@id\":\"https:\\\/\\\/iha-race.com\\\/pt-pt\\\/#\\\/schema\\\/logo\\\/image\\\/\"}}]}<\/script>\n<!-- \/ Yoast SEO plugin. -->","yoast_head_json":{"title":"\u2192 TBS Source two | Frame by Team BlackSheep | Iha Race \u2469","description":"Discover\u23eb o quadro ultraleve, apenas para viciados em velocidade! Desenhado pela comunidade! Entregas em 24 hours\u2708 a toda a Espanha. \u260e676757149.","robots":{"index":"index","follow":"follow","max-snippet":"max-snippet:-1","max-image-preview":"max-image-preview:large","max-video-preview":"max-video-preview:-1"},"canonical":"https:\/\/iha-race.com\/pt-pt\/produto\/frame-tbs-source-two-v-1-220-mm\/","og_locale":"pt_PT","og_type":"article","og_title":"\u2192 TBS Source two | Frame by Team BlackSheep | Iha Race \u2469","og_description":"Discover\u23eb o quadro ultraleve, apenas para viciados em velocidade! Desenhado pela comunidade! Entregas em 24 hours\u2708 a toda a Espanha. \u260e676757149.","og_url":"https:\/\/iha-race.com\/pt-pt\/produto\/frame-tbs-source-two-v-1-220-mm\/","og_site_name":"Iha Race","article_modified_time":"2024-08-29T14:29:18+00:00","og_image":[{"width":2222,"height":2222,"url":"https:\/\/iha-race.com\/wp-content\/uploads\/2018\/12\/frame-tbs-drone-1.jpg","type":"image\/jpeg"}],"twitter_card":"summary_large_image","twitter_misc":{"Tempo estimado de leitura":"2 minutos"},"schema":{"@context":"https:\/\/schema.org","@graph":[{"@type":"WebPage","@id":"https:\/\/iha-race.com\/pt-pt\/produto\/frame-tbs-source-two-v-1-220-mm\/","url":"https:\/\/iha-race.com\/pt-pt\/produto\/frame-tbs-source-two-v-1-220-mm\/","name":"\u2192 TBS Source two | Frame by Team BlackSheep | Iha Race \u2469","isPartOf":{"@id":"https:\/\/iha-race.com\/pt-pt\/#website"},"primaryImageOfPage":{"@id":"https:\/\/iha-race.com\/pt-pt\/produto\/frame-tbs-source-two-v-1-220-mm\/#primaryimage"},"image":{"@id":"https:\/\/iha-race.com\/pt-pt\/produto\/frame-tbs-source-two-v-1-220-mm\/#primaryimage"},"thumbnailUrl":"https:\/\/iha-race.com\/wp-content\/uploads\/2018\/12\/frame-tbs-drone-1.jpg","datePublished":"2018-12-21T11:56:51+00:00","dateModified":"2024-08-29T14:29:18+00:00","description":"Discover\u23eb o quadro ultraleve, apenas para viciados em velocidade! Desenhado pela comunidade! Entregas em 24 hours\u2708 a toda a Espanha. \u260e676757149.","breadcrumb":{"@id":"https:\/\/iha-race.com\/pt-pt\/produto\/frame-tbs-source-two-v-1-220-mm\/#breadcrumb"},"inLanguage":"pt-PT","potentialAction":[{"@type":"ReadAction","target":["https:\/\/iha-race.com\/pt-pt\/produto\/frame-tbs-source-two-v-1-220-mm\/"]}]},{"@type":"ImageObject","inLanguage":"pt-PT","@id":"https:\/\/iha-race.com\/pt-pt\/produto\/frame-tbs-source-two-v-1-220-mm\/#primaryimage","url":"https:\/\/iha-race.com\/wp-content\/uploads\/2018\/12\/frame-tbs-drone-1.jpg","contentUrl":"https:\/\/iha-race.com\/wp-content\/uploads\/2018\/12\/frame-tbs-drone-1.jpg","width":2222,"height":2222,"caption":"comprar o frame-tbs-drone mais barato"},{"@type":"BreadcrumbList","@id":"https:\/\/iha-race.com\/pt-pt\/produto\/frame-tbs-source-two-v-1-220-mm\/#breadcrumb","itemListElement":[{"@type":"ListItem","position":1,"name":"Portada","item":"https:\/\/iha-race.com\/pt-pt\/elementor-499\/"},{"@type":"ListItem","position":2,"name":"Shop","item":"https:\/\/iha-race.com\/pt-pt\/shop\/"},{"@type":"ListItem","position":3,"name":"Moldura TBS Fonte TWO V.1 220 mm."}]},{"@type":"WebSite","@id":"https:\/\/iha-race.com\/pt-pt\/#website","url":"https:\/\/iha-race.com\/pt-pt\/","name":"Iha Race","description":"Comprar drones de carreras FPV env\u00edos en un d\u00eda desde Espa\u00f1a","publisher":{"@id":"https:\/\/iha-race.com\/pt-pt\/#organization"},"potentialAction":[{"@type":"SearchAction","target":{"@type":"EntryPoint","urlTemplate":"https:\/\/iha-race.com\/pt-pt\/?s={search_term_string}"},"query-input":{"@type":"PropertyValueSpecification","valueRequired":true,"valueName":"search_term_string"}}],"inLanguage":"pt-PT"},{"@type":"Organization","@id":"https:\/\/iha-race.com\/pt-pt\/#organization","name":"Iha Race","url":"https:\/\/iha-race.com\/pt-pt\/","logo":{"@type":"ImageObject","inLanguage":"pt-PT","@id":"https:\/\/iha-race.com\/pt-pt\/#\/schema\/logo\/image\/","url":"https:\/\/iha-race.com\/wp-content\/uploads\/2018\/07\/iha-race-drones-de-carreras-tienda-comprar-drones.png","contentUrl":"https:\/\/iha-race.com\/wp-content\/uploads\/2018\/07\/iha-race-drones-de-carreras-tienda-comprar-drones.png","width":300,"height":100,"caption":"Iha Race"},"image":{"@id":"https:\/\/iha-race.com\/pt-pt\/#\/schema\/logo\/image\/"}}]}},"jetpack_sharing_enabled":true,"brands":[],"_links":{"self":[{"href":"https:\/\/iha-race.com\/pt-pt\/wp-json\/wp\/v2\/product\/112113","targetHints":{"allow":["GET"]}}],"collection":[{"href":"https:\/\/iha-race.com\/pt-pt\/wp-json\/wp\/v2\/product"}],"about":[{"href":"https:\/\/iha-race.com\/pt-pt\/wp-json\/wp\/v2\/types\/product"}],"replies":[{"embeddable":true,"href":"https:\/\/iha-race.com\/pt-pt\/wp-json\/wp\/v2\/comments?post=112113"}],"version-history":[{"count":2,"href":"https:\/\/iha-race.com\/pt-pt\/wp-json\/wp\/v2\/product\/112113\/revisions"}],"predecessor-version":[{"id":250349,"href":"https:\/\/iha-race.com\/pt-pt\/wp-json\/wp\/v2\/product\/112113\/revisions\/250349"}],"wp:featuredmedia":[{"embeddable":true,"href":"https:\/\/iha-race.com\/pt-pt\/wp-json\/wp\/v2\/media\/92080"}],"wp:attachment":[{"href":"https:\/\/iha-race.com\/pt-pt\/wp-json\/wp\/v2\/media?parent=112113"}],"wp:term":[{"taxonomy":"pwb-brand","embeddable":true,"href":"https:\/\/iha-race.com\/pt-pt\/wp-json\/wp\/v2\/pwb-brand?post=112113"},{"taxonomy":"product_cat","embeddable":true,"href":"https:\/\/iha-race.com\/pt-pt\/wp-json\/wp\/v2\/product_cat?post=112113"},{"taxonomy":"product_tag","embeddable":true,"href":"https:\/\/iha-race.com\/pt-pt\/wp-json\/wp\/v2\/product_tag?post=112113"}],"curies":[{"name":"wp","href":"https:\/\/api.w.org\/{rel}","templated":true}]}}