{"id":112100,"date":"2019-01-23T19:35:52","date_gmt":"2019-01-23T18:35:52","guid":{"rendered":"https:\/\/iha-race.com\/producto\/tbs-source-one-v0-2-7-arms-set-4-pecas\/"},"modified":"2024-08-29T16:27:12","modified_gmt":"2024-08-29T14:27:12","slug":"juego-de-brazos-tbs-source-one-v0-2-de-7-4-piezas","status":"publish","type":"product","link":"https:\/\/iha-race.com\/pt-pt\/produto\/juego-de-brazos-tbs-source-one-v0-2-de-7-4-piezas\/","title":{"rendered":"TBS SOURCE ONE V0.2 7&#8243; ARMS SET (4 pe\u00e7as)"},"content":{"rendered":"<h2>TBS SOURCE ONE V0.2 7&#8243; ARMS SET (4 pe\u00e7as)<\/h2>\n<div id=\"product_text\">  Inclui quatro (4) bra\u00e7os de substitui\u00e7\u00e3o de 7&#8243; para o quadro de carbono SOURCE ONE. Parafusos <strong>N\u00c3O<\/strong> inclu\u00eddos.  <\/p>\n<h4>Especifica\u00e7\u00e3o:<\/h4>\n<ul>\n<li>Espessura do bra\u00e7o : 6 mm<\/li>\n<li>Peso de um bra\u00e7o : 21.5g<\/li>\n<li>Largura do centro do bra\u00e7o : 15 mm<\/li>\n<li>Largura de montagem do motor : 26 mm<\/li>\n<\/ul>\n<\/div>\n","protected":false},"excerpt":{"rendered":"<p>TBS SOURCE ONE V0.2 7&#8243; ARMS SET (4 pe\u00e7as) Inclui quatro (4) bra\u00e7os de substitui\u00e7\u00e3o de 7&#8243; para o quadro de carbono SOURCE ONE. Parafusos N\u00c3O inclu\u00eddos. Especifica\u00e7\u00e3o: Espessura do<\/p>\n","protected":false},"featured_media":92952,"comment_status":"open","ping_status":"closed","template":"","meta":{"_joinchat":[]},"pwb-brand":[],"product_cat":[1458,3671],"product_tag":[],"class_list":{"0":"post-112100","1":"product","2":"type-product","3":"status-publish","4":"has-post-thumbnail","6":"product_cat-fpv-drones","7":"product_cat-molduras","9":"first","10":"instock","11":"taxable","12":"shipping-taxable","13":"purchasable","14":"product-type-simple"},"barcode":null,"atum_controlled":true,"out_stock_date":null,"out_stock_threshold":null,"inheritable":false,"stock_on_hold":0,"sold_today":0,"sales_last_days":0,"out_stock_days":0,"lost_sales":0,"update_date":"2026-04-16T07:36:07","atum_locations":[],"atum_stock_status":"instock","restock_status":false,"low_stock_amount":0,"sales_update_date":"2026-04-16T07:36:07","calc_backorders":null,"yoast_head":"<!-- This site is optimized with the Yoast SEO plugin v27.3 - https:\/\/yoast.com\/product\/yoast-seo-wordpress\/ -->\n<title>TBS SOURCE ONE V0.2 7&quot; ARMS SET (4 pe\u00e7as) - Iha Race<\/title>\n<meta name=\"description\" content=\"TBS SOURCE ONE V0.2 7&quot; ARMS SET (4 pe\u00e7as) Inclui quatro (4) bra\u00e7os de substitui\u00e7\u00e3o de 7&quot; para o quadro de carbono SOURCE ONE. Parafusos N\u00c3O inclu\u00eddos. \u2705\" \/>\n<meta name=\"robots\" content=\"index, follow, max-snippet:-1, max-image-preview:large, max-video-preview:-1\" \/>\n<link rel=\"canonical\" href=\"https:\/\/iha-race.com\/pt-pt\/produto\/juego-de-brazos-tbs-source-one-v0-2-de-7-4-piezas\/\" \/>\n<meta property=\"og:locale\" content=\"pt_PT\" \/>\n<meta property=\"og:type\" content=\"article\" \/>\n<meta property=\"og:title\" content=\"TBS SOURCE ONE V0.2 7&quot; ARMS SET (4 pe\u00e7as) - Iha Race\" \/>\n<meta property=\"og:description\" content=\"TBS SOURCE ONE V0.2 7&quot; ARMS SET (4 pe\u00e7as) Inclui quatro (4) bra\u00e7os de substitui\u00e7\u00e3o de 7&quot; para o quadro de carbono SOURCE ONE. Parafusos N\u00c3O inclu\u00eddos. \u2705\" \/>\n<meta property=\"og:url\" content=\"https:\/\/iha-race.com\/pt-pt\/produto\/juego-de-brazos-tbs-source-one-v0-2-de-7-4-piezas\/\" \/>\n<meta property=\"og:site_name\" content=\"Iha Race\" \/>\n<meta property=\"article:modified_time\" content=\"2024-08-29T14:27:12+00:00\" \/>\n<meta property=\"og:image\" content=\"https:\/\/iha-race.com\/wp-content\/uploads\/2019\/01\/juego-de-brazos-tbs-source-one-v0-2-de-7-4-piezas-comprar-barato-1.jpg\" \/>\n\t<meta property=\"og:image:width\" content=\"2222\" \/>\n\t<meta property=\"og:image:height\" content=\"2222\" \/>\n\t<meta property=\"og:image:type\" content=\"image\/jpeg\" \/>\n<meta name=\"twitter:card\" content=\"summary_large_image\" \/>\n<script type=\"application\/ld+json\" class=\"yoast-schema-graph\">{\"@context\":\"https:\\\/\\\/schema.org\",\"@graph\":[{\"@type\":\"WebPage\",\"@id\":\"https:\\\/\\\/iha-race.com\\\/pt-pt\\\/produto\\\/juego-de-brazos-tbs-source-one-v0-2-de-7-4-piezas\\\/\",\"url\":\"https:\\\/\\\/iha-race.com\\\/pt-pt\\\/produto\\\/juego-de-brazos-tbs-source-one-v0-2-de-7-4-piezas\\\/\",\"name\":\"TBS SOURCE ONE V0.2 7\\\" ARMS SET (4 pe\u00e7as) - Iha Race\",\"isPartOf\":{\"@id\":\"https:\\\/\\\/iha-race.com\\\/pt-pt\\\/#website\"},\"primaryImageOfPage\":{\"@id\":\"https:\\\/\\\/iha-race.com\\\/pt-pt\\\/produto\\\/juego-de-brazos-tbs-source-one-v0-2-de-7-4-piezas\\\/#primaryimage\"},\"image\":{\"@id\":\"https:\\\/\\\/iha-race.com\\\/pt-pt\\\/produto\\\/juego-de-brazos-tbs-source-one-v0-2-de-7-4-piezas\\\/#primaryimage\"},\"thumbnailUrl\":\"https:\\\/\\\/iha-race.com\\\/wp-content\\\/uploads\\\/2019\\\/01\\\/juego-de-brazos-tbs-source-one-v0-2-de-7-4-piezas-comprar-barato-1.jpg\",\"datePublished\":\"2019-01-23T18:35:52+00:00\",\"dateModified\":\"2024-08-29T14:27:12+00:00\",\"description\":\"TBS SOURCE ONE V0.2 7\\\" ARMS SET (4 pe\u00e7as) Inclui quatro (4) bra\u00e7os de substitui\u00e7\u00e3o de 7\\\" para o quadro de carbono SOURCE ONE. Parafusos N\u00c3O inclu\u00eddos. \u2705\",\"breadcrumb\":{\"@id\":\"https:\\\/\\\/iha-race.com\\\/pt-pt\\\/produto\\\/juego-de-brazos-tbs-source-one-v0-2-de-7-4-piezas\\\/#breadcrumb\"},\"inLanguage\":\"pt-PT\",\"potentialAction\":[{\"@type\":\"ReadAction\",\"target\":[\"https:\\\/\\\/iha-race.com\\\/pt-pt\\\/produto\\\/juego-de-brazos-tbs-source-one-v0-2-de-7-4-piezas\\\/\"]}]},{\"@type\":\"ImageObject\",\"inLanguage\":\"pt-PT\",\"@id\":\"https:\\\/\\\/iha-race.com\\\/pt-pt\\\/produto\\\/juego-de-brazos-tbs-source-one-v0-2-de-7-4-piezas\\\/#primaryimage\",\"url\":\"https:\\\/\\\/iha-race.com\\\/wp-content\\\/uploads\\\/2019\\\/01\\\/juego-de-brazos-tbs-source-one-v0-2-de-7-4-piezas-comprar-barato-1.jpg\",\"contentUrl\":\"https:\\\/\\\/iha-race.com\\\/wp-content\\\/uploads\\\/2019\\\/01\\\/juego-de-brazos-tbs-source-one-v0-2-de-7-4-piezas-comprar-barato-1.jpg\",\"width\":2222,\"height\":2222,\"caption\":\"conjunto de armas-tbs-source-one-v0-2-of-7-4-pe\u00e7as-compra o melhor pre\u00e7o\"},{\"@type\":\"BreadcrumbList\",\"@id\":\"https:\\\/\\\/iha-race.com\\\/pt-pt\\\/produto\\\/juego-de-brazos-tbs-source-one-v0-2-de-7-4-piezas\\\/#breadcrumb\",\"itemListElement\":[{\"@type\":\"ListItem\",\"position\":1,\"name\":\"Portada\",\"item\":\"https:\\\/\\\/iha-race.com\\\/pt-pt\\\/elementor-499\\\/\"},{\"@type\":\"ListItem\",\"position\":2,\"name\":\"Shop\",\"item\":\"https:\\\/\\\/iha-race.com\\\/pt-pt\\\/shop\\\/\"},{\"@type\":\"ListItem\",\"position\":3,\"name\":\"TBS SOURCE ONE V0.2 7&#8243; ARMS SET (4 pe\u00e7as)\"}]},{\"@type\":\"WebSite\",\"@id\":\"https:\\\/\\\/iha-race.com\\\/pt-pt\\\/#website\",\"url\":\"https:\\\/\\\/iha-race.com\\\/pt-pt\\\/\",\"name\":\"Iha Race\",\"description\":\"Comprar drones de carreras FPV env\u00edos en un d\u00eda desde Espa\u00f1a\",\"publisher\":{\"@id\":\"https:\\\/\\\/iha-race.com\\\/pt-pt\\\/#organization\"},\"potentialAction\":[{\"@type\":\"SearchAction\",\"target\":{\"@type\":\"EntryPoint\",\"urlTemplate\":\"https:\\\/\\\/iha-race.com\\\/pt-pt\\\/?s={search_term_string}\"},\"query-input\":{\"@type\":\"PropertyValueSpecification\",\"valueRequired\":true,\"valueName\":\"search_term_string\"}}],\"inLanguage\":\"pt-PT\"},{\"@type\":\"Organization\",\"@id\":\"https:\\\/\\\/iha-race.com\\\/pt-pt\\\/#organization\",\"name\":\"Iha Race\",\"url\":\"https:\\\/\\\/iha-race.com\\\/pt-pt\\\/\",\"logo\":{\"@type\":\"ImageObject\",\"inLanguage\":\"pt-PT\",\"@id\":\"https:\\\/\\\/iha-race.com\\\/pt-pt\\\/#\\\/schema\\\/logo\\\/image\\\/\",\"url\":\"https:\\\/\\\/iha-race.com\\\/wp-content\\\/uploads\\\/2018\\\/07\\\/iha-race-drones-de-carreras-tienda-comprar-drones.png\",\"contentUrl\":\"https:\\\/\\\/iha-race.com\\\/wp-content\\\/uploads\\\/2018\\\/07\\\/iha-race-drones-de-carreras-tienda-comprar-drones.png\",\"width\":300,\"height\":100,\"caption\":\"Iha Race\"},\"image\":{\"@id\":\"https:\\\/\\\/iha-race.com\\\/pt-pt\\\/#\\\/schema\\\/logo\\\/image\\\/\"}}]}<\/script>\n<!-- \/ Yoast SEO plugin. -->","yoast_head_json":{"title":"TBS SOURCE ONE V0.2 7\" ARMS SET (4 pe\u00e7as) - Iha Race","description":"TBS SOURCE ONE V0.2 7\" ARMS SET (4 pe\u00e7as) Inclui quatro (4) bra\u00e7os de substitui\u00e7\u00e3o de 7\" para o quadro de carbono SOURCE ONE. Parafusos N\u00c3O inclu\u00eddos. \u2705","robots":{"index":"index","follow":"follow","max-snippet":"max-snippet:-1","max-image-preview":"max-image-preview:large","max-video-preview":"max-video-preview:-1"},"canonical":"https:\/\/iha-race.com\/pt-pt\/produto\/juego-de-brazos-tbs-source-one-v0-2-de-7-4-piezas\/","og_locale":"pt_PT","og_type":"article","og_title":"TBS SOURCE ONE V0.2 7\" ARMS SET (4 pe\u00e7as) - Iha Race","og_description":"TBS SOURCE ONE V0.2 7\" ARMS SET (4 pe\u00e7as) Inclui quatro (4) bra\u00e7os de substitui\u00e7\u00e3o de 7\" para o quadro de carbono SOURCE ONE. Parafusos N\u00c3O inclu\u00eddos. \u2705","og_url":"https:\/\/iha-race.com\/pt-pt\/produto\/juego-de-brazos-tbs-source-one-v0-2-de-7-4-piezas\/","og_site_name":"Iha Race","article_modified_time":"2024-08-29T14:27:12+00:00","og_image":[{"width":2222,"height":2222,"url":"https:\/\/iha-race.com\/wp-content\/uploads\/2019\/01\/juego-de-brazos-tbs-source-one-v0-2-de-7-4-piezas-comprar-barato-1.jpg","type":"image\/jpeg"}],"twitter_card":"summary_large_image","schema":{"@context":"https:\/\/schema.org","@graph":[{"@type":"WebPage","@id":"https:\/\/iha-race.com\/pt-pt\/produto\/juego-de-brazos-tbs-source-one-v0-2-de-7-4-piezas\/","url":"https:\/\/iha-race.com\/pt-pt\/produto\/juego-de-brazos-tbs-source-one-v0-2-de-7-4-piezas\/","name":"TBS SOURCE ONE V0.2 7\" ARMS SET (4 pe\u00e7as) - Iha Race","isPartOf":{"@id":"https:\/\/iha-race.com\/pt-pt\/#website"},"primaryImageOfPage":{"@id":"https:\/\/iha-race.com\/pt-pt\/produto\/juego-de-brazos-tbs-source-one-v0-2-de-7-4-piezas\/#primaryimage"},"image":{"@id":"https:\/\/iha-race.com\/pt-pt\/produto\/juego-de-brazos-tbs-source-one-v0-2-de-7-4-piezas\/#primaryimage"},"thumbnailUrl":"https:\/\/iha-race.com\/wp-content\/uploads\/2019\/01\/juego-de-brazos-tbs-source-one-v0-2-de-7-4-piezas-comprar-barato-1.jpg","datePublished":"2019-01-23T18:35:52+00:00","dateModified":"2024-08-29T14:27:12+00:00","description":"TBS SOURCE ONE V0.2 7\" ARMS SET (4 pe\u00e7as) Inclui quatro (4) bra\u00e7os de substitui\u00e7\u00e3o de 7\" para o quadro de carbono SOURCE ONE. Parafusos N\u00c3O inclu\u00eddos. \u2705","breadcrumb":{"@id":"https:\/\/iha-race.com\/pt-pt\/produto\/juego-de-brazos-tbs-source-one-v0-2-de-7-4-piezas\/#breadcrumb"},"inLanguage":"pt-PT","potentialAction":[{"@type":"ReadAction","target":["https:\/\/iha-race.com\/pt-pt\/produto\/juego-de-brazos-tbs-source-one-v0-2-de-7-4-piezas\/"]}]},{"@type":"ImageObject","inLanguage":"pt-PT","@id":"https:\/\/iha-race.com\/pt-pt\/produto\/juego-de-brazos-tbs-source-one-v0-2-de-7-4-piezas\/#primaryimage","url":"https:\/\/iha-race.com\/wp-content\/uploads\/2019\/01\/juego-de-brazos-tbs-source-one-v0-2-de-7-4-piezas-comprar-barato-1.jpg","contentUrl":"https:\/\/iha-race.com\/wp-content\/uploads\/2019\/01\/juego-de-brazos-tbs-source-one-v0-2-de-7-4-piezas-comprar-barato-1.jpg","width":2222,"height":2222,"caption":"conjunto de armas-tbs-source-one-v0-2-of-7-4-pe\u00e7as-compra o melhor pre\u00e7o"},{"@type":"BreadcrumbList","@id":"https:\/\/iha-race.com\/pt-pt\/produto\/juego-de-brazos-tbs-source-one-v0-2-de-7-4-piezas\/#breadcrumb","itemListElement":[{"@type":"ListItem","position":1,"name":"Portada","item":"https:\/\/iha-race.com\/pt-pt\/elementor-499\/"},{"@type":"ListItem","position":2,"name":"Shop","item":"https:\/\/iha-race.com\/pt-pt\/shop\/"},{"@type":"ListItem","position":3,"name":"TBS SOURCE ONE V0.2 7&#8243; ARMS SET (4 pe\u00e7as)"}]},{"@type":"WebSite","@id":"https:\/\/iha-race.com\/pt-pt\/#website","url":"https:\/\/iha-race.com\/pt-pt\/","name":"Iha Race","description":"Comprar drones de carreras FPV env\u00edos en un d\u00eda desde Espa\u00f1a","publisher":{"@id":"https:\/\/iha-race.com\/pt-pt\/#organization"},"potentialAction":[{"@type":"SearchAction","target":{"@type":"EntryPoint","urlTemplate":"https:\/\/iha-race.com\/pt-pt\/?s={search_term_string}"},"query-input":{"@type":"PropertyValueSpecification","valueRequired":true,"valueName":"search_term_string"}}],"inLanguage":"pt-PT"},{"@type":"Organization","@id":"https:\/\/iha-race.com\/pt-pt\/#organization","name":"Iha Race","url":"https:\/\/iha-race.com\/pt-pt\/","logo":{"@type":"ImageObject","inLanguage":"pt-PT","@id":"https:\/\/iha-race.com\/pt-pt\/#\/schema\/logo\/image\/","url":"https:\/\/iha-race.com\/wp-content\/uploads\/2018\/07\/iha-race-drones-de-carreras-tienda-comprar-drones.png","contentUrl":"https:\/\/iha-race.com\/wp-content\/uploads\/2018\/07\/iha-race-drones-de-carreras-tienda-comprar-drones.png","width":300,"height":100,"caption":"Iha Race"},"image":{"@id":"https:\/\/iha-race.com\/pt-pt\/#\/schema\/logo\/image\/"}}]}},"brands":[],"_links":{"self":[{"href":"https:\/\/iha-race.com\/pt-pt\/wp-json\/wp\/v2\/product\/112100","targetHints":{"allow":["GET"]}}],"collection":[{"href":"https:\/\/iha-race.com\/pt-pt\/wp-json\/wp\/v2\/product"}],"about":[{"href":"https:\/\/iha-race.com\/pt-pt\/wp-json\/wp\/v2\/types\/product"}],"replies":[{"embeddable":true,"href":"https:\/\/iha-race.com\/pt-pt\/wp-json\/wp\/v2\/comments?post=112100"}],"version-history":[{"count":2,"href":"https:\/\/iha-race.com\/pt-pt\/wp-json\/wp\/v2\/product\/112100\/revisions"}],"predecessor-version":[{"id":250300,"href":"https:\/\/iha-race.com\/pt-pt\/wp-json\/wp\/v2\/product\/112100\/revisions\/250300"}],"wp:featuredmedia":[{"embeddable":true,"href":"https:\/\/iha-race.com\/pt-pt\/wp-json\/wp\/v2\/media\/92952"}],"wp:attachment":[{"href":"https:\/\/iha-race.com\/pt-pt\/wp-json\/wp\/v2\/media?parent=112100"}],"wp:term":[{"taxonomy":"pwb-brand","embeddable":true,"href":"https:\/\/iha-race.com\/pt-pt\/wp-json\/wp\/v2\/pwb-brand?post=112100"},{"taxonomy":"product_cat","embeddable":true,"href":"https:\/\/iha-race.com\/pt-pt\/wp-json\/wp\/v2\/product_cat?post=112100"},{"taxonomy":"product_tag","embeddable":true,"href":"https:\/\/iha-race.com\/pt-pt\/wp-json\/wp\/v2\/product_tag?post=112100"}],"curies":[{"name":"wp","href":"https:\/\/api.w.org\/{rel}","templated":true}]}}