{"id":112075,"date":"2019-01-23T18:47:05","date_gmt":"2019-01-23T17:47:05","guid":{"rendered":"https:\/\/iha-race.com\/producto\/moldura-tbs-g2-5-fibra-de-carbono\/"},"modified":"2024-08-14T10:56:38","modified_gmt":"2024-08-14T08:56:38","slug":"frame-tbs-g2-5-carbono-fibra","status":"publish","type":"product","link":"https:\/\/iha-race.com\/pt-pt\/produto\/frame-tbs-g2-5-carbono-fibra\/","title":{"rendered":"Moldura TBS G2 5&#8243; fibra de carbono"},"content":{"rendered":"<h1>TBS G2 FRAME 5&#8243; FIBRA DE CARBONO<\/h1>\n<h4>TEM O PEDIGREE<\/h4>\n<p>  O G2 \u00e9 um drone concetual inspirado no XBR220 da BlackBoltRC, destinado a estudar a aerodin\u00e2mica e os materiais avan\u00e7ados em estruturas de corrida. Decidimos finalmente traz\u00ea-lo para o mercado! A disposi\u00e7\u00e3o da caixa fornece a for\u00e7a necess\u00e1ria e permite que os bra\u00e7os sejam emagrecidos, permitindo que os motores produzam mais impulso. Em voo r\u00e1pido em frente, o peso leve do quadro emparelhado com a sua incr\u00edvel rela\u00e7\u00e3o pot\u00eancia\/peso pode ser voado a quase 90 graus. Com um imbat\u00edvel centro de massa, esquina e manuseamento quase se sentir\u00e1 irreal. Com o objectivo de utilizar o TBS PowerCube ou solu\u00e7\u00f5es AIO semelhantes, pode construir este cachorro como quiser. N\u00e3o sugerimos os ESC montados em bra\u00e7o, uma vez que os bra\u00e7os actuais s\u00e3o t\u00e3o finos para reduzir a quantidade de fluxo de ar, e a localiza\u00e7\u00e3o central dos ESC \u00e9 a chave para este desenho. O TBS FPVision OSD &amp; VTx, com o ESC TBS PowerCube torna esta solu\u00e7\u00e3o uma solu\u00e7\u00e3o muito f\u00e1cil de montar. Os restantes acess\u00f3rios incluem parafusos e porcas de alum\u00ednio anodizado roxo da mais alta qualidade, cintas e almofadas de bateria de borracha. S\u00f3 a melhor qualidade era suficiente!  <\/p>\n<h4>TBS CARBONO OU CARBONO TOTAL?<\/h4>\n<p>  A TBS desenvolveu uma t\u00e9cnica de fabrico de um material comp\u00f3sito de fibra de carbono. \u00c9 quase metade do peso da fibra de carbono tradicional a quase o dobro da espessura, com uma perda m\u00ednima de rigidez quando devidamente aplicada. O G2 \u00e9 o primeiro na linha de arma\u00e7\u00f5es TBS a utilizar esta tecnologia. Tamb\u00e9m est\u00e1 dispon\u00edvel numa edi\u00e7\u00e3o em fibra de carbono de 4 mm para aqueles que n\u00e3o querem exagerar no conceito do quadro.  <\/p>\n<h4>M\u00daLTIPLAS PERSONALIDADES<\/h4>\n<p>  O G2 est\u00e1 dispon\u00edvel em 2 sabores. &#8220;Snoopy&#8221; e &#8220;Hero&#8221;. O Snoopy desporta um dossel para montagem de c\u00e2maras HD e especialmente para corridas, freestyle ou equita\u00e7\u00e3o casual. Quando a acelera\u00e7\u00e3o m\u00e1xima parece um pouco lenta, fornecemos um dossel aerodin\u00e2mico &#8220;Hero&#8221;. Permite \u00e2ngulos de c\u00e2mara de at\u00e9 90 graus utilizando o policarbonato moldado por injec\u00e7\u00e3o inclu\u00eddo, &#8220;aparafus\u00e1-lo, estou a ficar supers\u00f3nico&#8221;, suporte da c\u00e2mara. Independentemente do caminho que escolheres, olha com aten\u00e7\u00e3o porque a velocidade \u00e9 real.  <strong>Nota: \u00c9 necess\u00e1ria uma impressora 3D para imprimir o dossel!<\/strong><\/p>\n<h4>O pacote inclui:<\/h4>\n<ul>\n<li>1x Estrutura de TBS G2 5&#8243;, feita de TBS-Carbono<\/li>\n<li>1x Suporte para c\u00e2mara PC para ZeroZero (V2), HS1177, etc. para moldura estilo HERO<\/li>\n<li>24x M3x9mm Parafusos de a\u00e7o preto com loctite pr\u00e9-aplicada<\/li>\n<li>2x M3x12mm alum\u00ednio anodizado p\u00farpura T7051<\/li>\n<li>4x M3x19mm Alum\u00ednio T7051 anodizado p\u00farpura<\/li>\n<li>PowerCube porcas de cobre 4x<\/li>\n<li>1x Correia de bateria TBS<\/li>\n<\/ul>\n<h4>DOWNLOAD<\/h4>\n<ul>\n<li><a href=\"https:\/\/www.team-blacksheep.com\/tbs_g2_snoopy_canopy.zip\" target=\"_blank\" rel=\"noopener noreferrer\">SNOOPY Canopy 3D impress\u00e3o STL<\/a><\/li>\n<li><a href=\"https:\/\/www.team-blacksheep.com\/tbs_g2_hero_canopy.zip\" target=\"_blank\" rel=\"noopener noreferrer\">HERO Canopy 3D impress\u00e3o STL<\/a><\/li>\n<\/ul>\n","protected":false},"excerpt":{"rendered":"<p>TBS G2 FRAME 5&#8243; FIBRA DE CARBONO TEM O PEDIGREE O G2 \u00e9 um drone concetual inspirado no XBR220 da BlackBoltRC, destinado a estudar a aerodin\u00e2mica e os materiais avan\u00e7ados<\/p>\n","protected":false},"featured_media":92741,"comment_status":"open","ping_status":"closed","template":"","meta":{"_joinchat":[]},"pwb-brand":[],"product_cat":[1153],"product_tag":[],"class_list":{"0":"post-112075","1":"product","2":"type-product","3":"status-publish","4":"has-post-thumbnail","6":"product_cat-outlet-pt-pt","8":"first","9":"instock","10":"taxable","11":"shipping-taxable","12":"purchasable","13":"product-type-simple"},"barcode":null,"atum_controlled":true,"out_stock_date":null,"out_stock_threshold":null,"inheritable":false,"stock_on_hold":0,"sold_today":0,"sales_last_days":0,"out_stock_days":0,"lost_sales":0,"update_date":"2026-04-25T20:29:13","atum_locations":[],"atum_stock_status":"instock","restock_status":false,"low_stock_amount":0,"sales_update_date":"2026-04-25T20:29:13","calc_backorders":null,"yoast_head":"<!-- This site is optimized with the Yoast SEO plugin v27.3 - https:\/\/yoast.com\/product\/yoast-seo-wordpress\/ -->\n<title>Moldura TBS G2 5&quot; fibra de carbono - Iha Race<\/title>\n<meta name=\"robots\" content=\"index, follow, max-snippet:-1, max-image-preview:large, max-video-preview:-1\" \/>\n<link rel=\"canonical\" href=\"https:\/\/iha-race.com\/pt-pt\/produto\/frame-tbs-g2-5-carbono-fibra\/\" \/>\n<meta property=\"og:locale\" content=\"pt_PT\" \/>\n<meta property=\"og:type\" content=\"article\" \/>\n<meta property=\"og:title\" content=\"Moldura TBS G2 5&quot; fibra de carbono - Iha Race\" \/>\n<meta property=\"og:description\" content=\"TBS G2 FRAME 5&#8243; FIBRA DE CARBONO TEM O PEDIGREE O G2 \u00e9 um drone concetual inspirado no XBR220 da BlackBoltRC, destinado a estudar a aerodin\u00e2mica e os materiais avan\u00e7ados\" \/>\n<meta property=\"og:url\" content=\"https:\/\/iha-race.com\/pt-pt\/produto\/frame-tbs-g2-5-carbono-fibra\/\" \/>\n<meta property=\"og:site_name\" content=\"Iha Race\" \/>\n<meta property=\"article:modified_time\" content=\"2024-08-14T08:56:38+00:00\" \/>\n<meta property=\"og:image\" content=\"https:\/\/iha-race.com\/wp-content\/uploads\/2019\/01\/tbs-g2-frame-5-fibra-de-carbono-1.jpg\" \/>\n\t<meta property=\"og:image:width\" content=\"2222\" \/>\n\t<meta property=\"og:image:height\" content=\"2222\" \/>\n\t<meta property=\"og:image:type\" content=\"image\/jpeg\" \/>\n<meta name=\"twitter:card\" content=\"summary_large_image\" \/>\n<meta name=\"twitter:label1\" content=\"Tempo estimado de leitura\" \/>\n\t<meta name=\"twitter:data1\" content=\"2 minutos\" \/>\n<script type=\"application\/ld+json\" class=\"yoast-schema-graph\">{\"@context\":\"https:\\\/\\\/schema.org\",\"@graph\":[{\"@type\":\"WebPage\",\"@id\":\"https:\\\/\\\/iha-race.com\\\/pt-pt\\\/produto\\\/frame-tbs-g2-5-carbono-fibra\\\/\",\"url\":\"https:\\\/\\\/iha-race.com\\\/pt-pt\\\/produto\\\/frame-tbs-g2-5-carbono-fibra\\\/\",\"name\":\"Moldura TBS G2 5\\\" fibra de carbono - Iha Race\",\"isPartOf\":{\"@id\":\"https:\\\/\\\/iha-race.com\\\/pt-pt\\\/#website\"},\"primaryImageOfPage\":{\"@id\":\"https:\\\/\\\/iha-race.com\\\/pt-pt\\\/produto\\\/frame-tbs-g2-5-carbono-fibra\\\/#primaryimage\"},\"image\":{\"@id\":\"https:\\\/\\\/iha-race.com\\\/pt-pt\\\/produto\\\/frame-tbs-g2-5-carbono-fibra\\\/#primaryimage\"},\"thumbnailUrl\":\"https:\\\/\\\/iha-race.com\\\/wp-content\\\/uploads\\\/2019\\\/01\\\/tbs-g2-frame-5-fibra-de-carbono-1.jpg\",\"datePublished\":\"2019-01-23T17:47:05+00:00\",\"dateModified\":\"2024-08-14T08:56:38+00:00\",\"breadcrumb\":{\"@id\":\"https:\\\/\\\/iha-race.com\\\/pt-pt\\\/produto\\\/frame-tbs-g2-5-carbono-fibra\\\/#breadcrumb\"},\"inLanguage\":\"pt-PT\",\"potentialAction\":[{\"@type\":\"ReadAction\",\"target\":[\"https:\\\/\\\/iha-race.com\\\/pt-pt\\\/produto\\\/frame-tbs-g2-5-carbono-fibra\\\/\"]}]},{\"@type\":\"ImageObject\",\"inLanguage\":\"pt-PT\",\"@id\":\"https:\\\/\\\/iha-race.com\\\/pt-pt\\\/produto\\\/frame-tbs-g2-5-carbono-fibra\\\/#primaryimage\",\"url\":\"https:\\\/\\\/iha-race.com\\\/wp-content\\\/uploads\\\/2019\\\/01\\\/tbs-g2-frame-5-fibra-de-carbono-1.jpg\",\"contentUrl\":\"https:\\\/\\\/iha-race.com\\\/wp-content\\\/uploads\\\/2019\\\/01\\\/tbs-g2-frame-5-fibra-de-carbono-1.jpg\",\"width\":2222,\"height\":2222,\"caption\":\"comprar tbs-g2-frame-5-fibra-fibra-carbono-fibra\"},{\"@type\":\"BreadcrumbList\",\"@id\":\"https:\\\/\\\/iha-race.com\\\/pt-pt\\\/produto\\\/frame-tbs-g2-5-carbono-fibra\\\/#breadcrumb\",\"itemListElement\":[{\"@type\":\"ListItem\",\"position\":1,\"name\":\"Portada\",\"item\":\"https:\\\/\\\/iha-race.com\\\/pt-pt\\\/\"},{\"@type\":\"ListItem\",\"position\":2,\"name\":\"Shop\",\"item\":\"https:\\\/\\\/iha-race.com\\\/pt-pt\\\/shop\\\/\"},{\"@type\":\"ListItem\",\"position\":3,\"name\":\"Moldura TBS G2 5&#8243; fibra de carbono\"}]},{\"@type\":\"WebSite\",\"@id\":\"https:\\\/\\\/iha-race.com\\\/pt-pt\\\/#website\",\"url\":\"https:\\\/\\\/iha-race.com\\\/pt-pt\\\/\",\"name\":\"Iha Race\",\"description\":\"Comprar drones de carreras FPV env\u00edos en un d\u00eda desde Espa\u00f1a\",\"publisher\":{\"@id\":\"https:\\\/\\\/iha-race.com\\\/pt-pt\\\/#organization\"},\"potentialAction\":[{\"@type\":\"SearchAction\",\"target\":{\"@type\":\"EntryPoint\",\"urlTemplate\":\"https:\\\/\\\/iha-race.com\\\/pt-pt\\\/?s={search_term_string}\"},\"query-input\":{\"@type\":\"PropertyValueSpecification\",\"valueRequired\":true,\"valueName\":\"search_term_string\"}}],\"inLanguage\":\"pt-PT\"},{\"@type\":\"Organization\",\"@id\":\"https:\\\/\\\/iha-race.com\\\/pt-pt\\\/#organization\",\"name\":\"Iha Race\",\"url\":\"https:\\\/\\\/iha-race.com\\\/pt-pt\\\/\",\"logo\":{\"@type\":\"ImageObject\",\"inLanguage\":\"pt-PT\",\"@id\":\"https:\\\/\\\/iha-race.com\\\/pt-pt\\\/#\\\/schema\\\/logo\\\/image\\\/\",\"url\":\"https:\\\/\\\/iha-race.com\\\/wp-content\\\/uploads\\\/2018\\\/07\\\/iha-race-drones-de-carreras-tienda-comprar-drones.png\",\"contentUrl\":\"https:\\\/\\\/iha-race.com\\\/wp-content\\\/uploads\\\/2018\\\/07\\\/iha-race-drones-de-carreras-tienda-comprar-drones.png\",\"width\":300,\"height\":100,\"caption\":\"Iha Race\"},\"image\":{\"@id\":\"https:\\\/\\\/iha-race.com\\\/pt-pt\\\/#\\\/schema\\\/logo\\\/image\\\/\"}}]}<\/script>\n<!-- \/ Yoast SEO plugin. -->","yoast_head_json":{"title":"Moldura TBS G2 5\" fibra de carbono - Iha Race","robots":{"index":"index","follow":"follow","max-snippet":"max-snippet:-1","max-image-preview":"max-image-preview:large","max-video-preview":"max-video-preview:-1"},"canonical":"https:\/\/iha-race.com\/pt-pt\/produto\/frame-tbs-g2-5-carbono-fibra\/","og_locale":"pt_PT","og_type":"article","og_title":"Moldura TBS G2 5\" fibra de carbono - Iha Race","og_description":"TBS G2 FRAME 5&#8243; FIBRA DE CARBONO TEM O PEDIGREE O G2 \u00e9 um drone concetual inspirado no XBR220 da BlackBoltRC, destinado a estudar a aerodin\u00e2mica e os materiais avan\u00e7ados","og_url":"https:\/\/iha-race.com\/pt-pt\/produto\/frame-tbs-g2-5-carbono-fibra\/","og_site_name":"Iha Race","article_modified_time":"2024-08-14T08:56:38+00:00","og_image":[{"width":2222,"height":2222,"url":"https:\/\/iha-race.com\/wp-content\/uploads\/2019\/01\/tbs-g2-frame-5-fibra-de-carbono-1.jpg","type":"image\/jpeg"}],"twitter_card":"summary_large_image","twitter_misc":{"Tempo estimado de leitura":"2 minutos"},"schema":{"@context":"https:\/\/schema.org","@graph":[{"@type":"WebPage","@id":"https:\/\/iha-race.com\/pt-pt\/produto\/frame-tbs-g2-5-carbono-fibra\/","url":"https:\/\/iha-race.com\/pt-pt\/produto\/frame-tbs-g2-5-carbono-fibra\/","name":"Moldura TBS G2 5\" fibra de carbono - Iha Race","isPartOf":{"@id":"https:\/\/iha-race.com\/pt-pt\/#website"},"primaryImageOfPage":{"@id":"https:\/\/iha-race.com\/pt-pt\/produto\/frame-tbs-g2-5-carbono-fibra\/#primaryimage"},"image":{"@id":"https:\/\/iha-race.com\/pt-pt\/produto\/frame-tbs-g2-5-carbono-fibra\/#primaryimage"},"thumbnailUrl":"https:\/\/iha-race.com\/wp-content\/uploads\/2019\/01\/tbs-g2-frame-5-fibra-de-carbono-1.jpg","datePublished":"2019-01-23T17:47:05+00:00","dateModified":"2024-08-14T08:56:38+00:00","breadcrumb":{"@id":"https:\/\/iha-race.com\/pt-pt\/produto\/frame-tbs-g2-5-carbono-fibra\/#breadcrumb"},"inLanguage":"pt-PT","potentialAction":[{"@type":"ReadAction","target":["https:\/\/iha-race.com\/pt-pt\/produto\/frame-tbs-g2-5-carbono-fibra\/"]}]},{"@type":"ImageObject","inLanguage":"pt-PT","@id":"https:\/\/iha-race.com\/pt-pt\/produto\/frame-tbs-g2-5-carbono-fibra\/#primaryimage","url":"https:\/\/iha-race.com\/wp-content\/uploads\/2019\/01\/tbs-g2-frame-5-fibra-de-carbono-1.jpg","contentUrl":"https:\/\/iha-race.com\/wp-content\/uploads\/2019\/01\/tbs-g2-frame-5-fibra-de-carbono-1.jpg","width":2222,"height":2222,"caption":"comprar tbs-g2-frame-5-fibra-fibra-carbono-fibra"},{"@type":"BreadcrumbList","@id":"https:\/\/iha-race.com\/pt-pt\/produto\/frame-tbs-g2-5-carbono-fibra\/#breadcrumb","itemListElement":[{"@type":"ListItem","position":1,"name":"Portada","item":"https:\/\/iha-race.com\/pt-pt\/"},{"@type":"ListItem","position":2,"name":"Shop","item":"https:\/\/iha-race.com\/pt-pt\/shop\/"},{"@type":"ListItem","position":3,"name":"Moldura TBS G2 5&#8243; fibra de carbono"}]},{"@type":"WebSite","@id":"https:\/\/iha-race.com\/pt-pt\/#website","url":"https:\/\/iha-race.com\/pt-pt\/","name":"Iha Race","description":"Comprar drones de carreras FPV env\u00edos en un d\u00eda desde Espa\u00f1a","publisher":{"@id":"https:\/\/iha-race.com\/pt-pt\/#organization"},"potentialAction":[{"@type":"SearchAction","target":{"@type":"EntryPoint","urlTemplate":"https:\/\/iha-race.com\/pt-pt\/?s={search_term_string}"},"query-input":{"@type":"PropertyValueSpecification","valueRequired":true,"valueName":"search_term_string"}}],"inLanguage":"pt-PT"},{"@type":"Organization","@id":"https:\/\/iha-race.com\/pt-pt\/#organization","name":"Iha Race","url":"https:\/\/iha-race.com\/pt-pt\/","logo":{"@type":"ImageObject","inLanguage":"pt-PT","@id":"https:\/\/iha-race.com\/pt-pt\/#\/schema\/logo\/image\/","url":"https:\/\/iha-race.com\/wp-content\/uploads\/2018\/07\/iha-race-drones-de-carreras-tienda-comprar-drones.png","contentUrl":"https:\/\/iha-race.com\/wp-content\/uploads\/2018\/07\/iha-race-drones-de-carreras-tienda-comprar-drones.png","width":300,"height":100,"caption":"Iha Race"},"image":{"@id":"https:\/\/iha-race.com\/pt-pt\/#\/schema\/logo\/image\/"}}]}},"jetpack_sharing_enabled":true,"brands":[],"_links":{"self":[{"href":"https:\/\/iha-race.com\/pt-pt\/wp-json\/wp\/v2\/product\/112075","targetHints":{"allow":["GET"]}}],"collection":[{"href":"https:\/\/iha-race.com\/pt-pt\/wp-json\/wp\/v2\/product"}],"about":[{"href":"https:\/\/iha-race.com\/pt-pt\/wp-json\/wp\/v2\/types\/product"}],"replies":[{"embeddable":true,"href":"https:\/\/iha-race.com\/pt-pt\/wp-json\/wp\/v2\/comments?post=112075"}],"version-history":[{"count":1,"href":"https:\/\/iha-race.com\/pt-pt\/wp-json\/wp\/v2\/product\/112075\/revisions"}],"predecessor-version":[{"id":248053,"href":"https:\/\/iha-race.com\/pt-pt\/wp-json\/wp\/v2\/product\/112075\/revisions\/248053"}],"wp:featuredmedia":[{"embeddable":true,"href":"https:\/\/iha-race.com\/pt-pt\/wp-json\/wp\/v2\/media\/92741"}],"wp:attachment":[{"href":"https:\/\/iha-race.com\/pt-pt\/wp-json\/wp\/v2\/media?parent=112075"}],"wp:term":[{"taxonomy":"pwb-brand","embeddable":true,"href":"https:\/\/iha-race.com\/pt-pt\/wp-json\/wp\/v2\/pwb-brand?post=112075"},{"taxonomy":"product_cat","embeddable":true,"href":"https:\/\/iha-race.com\/pt-pt\/wp-json\/wp\/v2\/product_cat?post=112075"},{"taxonomy":"product_tag","embeddable":true,"href":"https:\/\/iha-race.com\/pt-pt\/wp-json\/wp\/v2\/product_tag?post=112075"}],"curies":[{"name":"wp","href":"https:\/\/api.w.org\/{rel}","templated":true}]}}