{"id":112062,"date":"2019-01-01T12:13:25","date_gmt":"2019-01-01T11:13:25","guid":{"rendered":"https:\/\/iha-race.com\/producto\/estojo-tbs-ethix-para-gopro\/"},"modified":"2024-08-29T16:28:50","modified_gmt":"2024-08-29T14:28:50","slug":"casetbs-ethix-for-gopro","status":"publish","type":"product","link":"https:\/\/iha-race.com\/pt-pt\/produto\/casetbs-ethix-for-gopro\/","title":{"rendered":"Estojo TBS ETHIX para GOPRO"},"content":{"rendered":"<div id=\"product_text\">\n<h1>Estojo TBS ETHIX para GOPRO<\/h1>\n<p>  Protege a tua GoPro Hero 5, 6 e 7 de um impacto ocasional e prende-a firmemente ao teu quadriciclo para que n\u00e3o se solte. O Facehugger GoPro da ETHIX faz tudo isto sem adicionar muito peso!  <\/p>\n<h3>Especifica\u00e7\u00e3o:<\/h3>\n<ul>\n<li>Material: TPU (injectado, n\u00e3o impresso em 3D)<\/li>\n<li>Peso: 10g<\/li>\n<li>Compat\u00edvel com: GoPro Hero 5, 6, 7<\/li>\n<li>Largura da cinta sugerida: 20mm<\/li>\n<\/ul>\n<p><iframe title=\"GoPro 5\/6\/7 Mask Protection (FaceHugger) | ETHiX\" width=\"1200\" height=\"675\" src=\"https:\/\/www.youtube.com\/embed\/ElNjWTBQuAI?feature=oembed\" frameborder=\"0\" allow=\"accelerometer; autoplay; clipboard-write; encrypted-media; gyroscope; picture-in-picture; web-share\" referrerpolicy=\"strict-origin-when-cross-origin\" allowfullscreen><\/iframe>\n <\/div>\n","protected":false},"excerpt":{"rendered":"<p>Estojo TBS ETHIX para GOPRO Protege a tua GoPro Hero 5, 6 e 7 de um impacto ocasional e prende-a firmemente ao teu quadriciclo para que n\u00e3o se solte. O<\/p>\n","protected":false},"featured_media":93968,"comment_status":"open","ping_status":"closed","template":"","meta":{"_joinchat":[]},"pwb-brand":[],"product_cat":[1208],"product_tag":[],"class_list":{"0":"post-112062","1":"product","2":"type-product","3":"status-publish","4":"has-post-thumbnail","6":"product_cat-pecas-sobresselentes-para-camaras","8":"first","9":"instock","10":"taxable","11":"shipping-taxable","12":"purchasable","13":"product-type-simple"},"barcode":null,"atum_controlled":true,"out_stock_date":null,"out_stock_threshold":null,"inheritable":false,"stock_on_hold":0,"sold_today":0,"sales_last_days":0,"out_stock_days":0,"lost_sales":0,"update_date":"2026-04-08T16:33:51","atum_locations":[],"atum_stock_status":"instock","restock_status":false,"low_stock_amount":0,"sales_update_date":"2026-04-08T10:19:01","calc_backorders":null,"yoast_head":"<!-- This site is optimized with the Yoast SEO plugin v27.3 - https:\/\/yoast.com\/product\/yoast-seo-wordpress\/ -->\n<title>Estojo TBS ETHIX para GOPRO - Iha Race \u2757<\/title>\n<meta name=\"robots\" content=\"index, follow, max-snippet:-1, max-image-preview:large, max-video-preview:-1\" \/>\n<link rel=\"canonical\" href=\"https:\/\/iha-race.com\/pt-pt\/produto\/casetbs-ethix-for-gopro\/\" \/>\n<meta property=\"og:locale\" content=\"pt_PT\" \/>\n<meta property=\"og:type\" content=\"article\" \/>\n<meta property=\"og:title\" content=\"Estojo TBS ETHIX para GOPRO - Iha Race \u2757\" \/>\n<meta property=\"og:description\" content=\"Estojo TBS ETHIX para GOPRO Protege a tua GoPro Hero 5, 6 e 7 de um impacto ocasional e prende-a firmemente ao teu quadriciclo para que n\u00e3o se solte. O\" \/>\n<meta property=\"og:url\" content=\"https:\/\/iha-race.com\/pt-pt\/produto\/casetbs-ethix-for-gopro\/\" \/>\n<meta property=\"og:site_name\" content=\"Iha Race\" \/>\n<meta property=\"article:modified_time\" content=\"2024-08-29T14:28:50+00:00\" \/>\n<meta property=\"og:image\" content=\"https:\/\/iha-race.com\/wp-content\/uploads\/2019\/01\/tbs-ethix-mascarilla-facial-para-gopro-1.jpg\" \/>\n\t<meta property=\"og:image:width\" content=\"800\" \/>\n\t<meta property=\"og:image:height\" content=\"800\" \/>\n\t<meta property=\"og:image:type\" content=\"image\/jpeg\" \/>\n<meta name=\"twitter:card\" content=\"summary_large_image\" \/>\n<script type=\"application\/ld+json\" class=\"yoast-schema-graph\">{\"@context\":\"https:\\\/\\\/schema.org\",\"@graph\":[{\"@type\":\"WebPage\",\"@id\":\"https:\\\/\\\/iha-race.com\\\/pt-pt\\\/produto\\\/casetbs-ethix-for-gopro\\\/\",\"url\":\"https:\\\/\\\/iha-race.com\\\/pt-pt\\\/produto\\\/casetbs-ethix-for-gopro\\\/\",\"name\":\"Estojo TBS ETHIX para GOPRO - Iha Race \u2757\",\"isPartOf\":{\"@id\":\"https:\\\/\\\/iha-race.com\\\/pt-pt\\\/#website\"},\"primaryImageOfPage\":{\"@id\":\"https:\\\/\\\/iha-race.com\\\/pt-pt\\\/produto\\\/casetbs-ethix-for-gopro\\\/#primaryimage\"},\"image\":{\"@id\":\"https:\\\/\\\/iha-race.com\\\/pt-pt\\\/produto\\\/casetbs-ethix-for-gopro\\\/#primaryimage\"},\"thumbnailUrl\":\"https:\\\/\\\/iha-race.com\\\/wp-content\\\/uploads\\\/2019\\\/01\\\/tbs-ethix-mascarilla-facial-para-gopro-1.jpg\",\"datePublished\":\"2019-01-01T11:13:25+00:00\",\"dateModified\":\"2024-08-29T14:28:50+00:00\",\"breadcrumb\":{\"@id\":\"https:\\\/\\\/iha-race.com\\\/pt-pt\\\/produto\\\/casetbs-ethix-for-gopro\\\/#breadcrumb\"},\"inLanguage\":\"pt-PT\",\"potentialAction\":[{\"@type\":\"ReadAction\",\"target\":[\"https:\\\/\\\/iha-race.com\\\/pt-pt\\\/produto\\\/casetbs-ethix-for-gopro\\\/\"]}]},{\"@type\":\"ImageObject\",\"inLanguage\":\"pt-PT\",\"@id\":\"https:\\\/\\\/iha-race.com\\\/pt-pt\\\/produto\\\/casetbs-ethix-for-gopro\\\/#primaryimage\",\"url\":\"https:\\\/\\\/iha-race.com\\\/wp-content\\\/uploads\\\/2019\\\/01\\\/tbs-ethix-mascarilla-facial-para-gopro-1.jpg\",\"contentUrl\":\"https:\\\/\\\/iha-race.com\\\/wp-content\\\/uploads\\\/2019\\\/01\\\/tbs-ethix-mascarilla-facial-para-gopro-1.jpg\",\"width\":800,\"height\":800,\"caption\":\"tbs-ethix-facial-m\u00e1scara por-gopro\"},{\"@type\":\"BreadcrumbList\",\"@id\":\"https:\\\/\\\/iha-race.com\\\/pt-pt\\\/produto\\\/casetbs-ethix-for-gopro\\\/#breadcrumb\",\"itemListElement\":[{\"@type\":\"ListItem\",\"position\":1,\"name\":\"Portada\",\"item\":\"https:\\\/\\\/iha-race.com\\\/pt-pt\\\/elementor-499\\\/\"},{\"@type\":\"ListItem\",\"position\":2,\"name\":\"Shop\",\"item\":\"https:\\\/\\\/iha-race.com\\\/pt-pt\\\/shop\\\/\"},{\"@type\":\"ListItem\",\"position\":3,\"name\":\"Estojo TBS ETHIX para GOPRO\"}]},{\"@type\":\"WebSite\",\"@id\":\"https:\\\/\\\/iha-race.com\\\/pt-pt\\\/#website\",\"url\":\"https:\\\/\\\/iha-race.com\\\/pt-pt\\\/\",\"name\":\"Iha Race\",\"description\":\"Comprar drones de carreras FPV env\u00edos en un d\u00eda desde Espa\u00f1a\",\"publisher\":{\"@id\":\"https:\\\/\\\/iha-race.com\\\/pt-pt\\\/#organization\"},\"potentialAction\":[{\"@type\":\"SearchAction\",\"target\":{\"@type\":\"EntryPoint\",\"urlTemplate\":\"https:\\\/\\\/iha-race.com\\\/pt-pt\\\/?s={search_term_string}\"},\"query-input\":{\"@type\":\"PropertyValueSpecification\",\"valueRequired\":true,\"valueName\":\"search_term_string\"}}],\"inLanguage\":\"pt-PT\"},{\"@type\":\"Organization\",\"@id\":\"https:\\\/\\\/iha-race.com\\\/pt-pt\\\/#organization\",\"name\":\"Iha Race\",\"url\":\"https:\\\/\\\/iha-race.com\\\/pt-pt\\\/\",\"logo\":{\"@type\":\"ImageObject\",\"inLanguage\":\"pt-PT\",\"@id\":\"https:\\\/\\\/iha-race.com\\\/pt-pt\\\/#\\\/schema\\\/logo\\\/image\\\/\",\"url\":\"https:\\\/\\\/iha-race.com\\\/wp-content\\\/uploads\\\/2018\\\/07\\\/iha-race-drones-de-carreras-tienda-comprar-drones.png\",\"contentUrl\":\"https:\\\/\\\/iha-race.com\\\/wp-content\\\/uploads\\\/2018\\\/07\\\/iha-race-drones-de-carreras-tienda-comprar-drones.png\",\"width\":300,\"height\":100,\"caption\":\"Iha Race\"},\"image\":{\"@id\":\"https:\\\/\\\/iha-race.com\\\/pt-pt\\\/#\\\/schema\\\/logo\\\/image\\\/\"}}]}<\/script>\n<!-- \/ Yoast SEO plugin. -->","yoast_head_json":{"title":"Estojo TBS ETHIX para GOPRO - Iha Race \u2757","robots":{"index":"index","follow":"follow","max-snippet":"max-snippet:-1","max-image-preview":"max-image-preview:large","max-video-preview":"max-video-preview:-1"},"canonical":"https:\/\/iha-race.com\/pt-pt\/produto\/casetbs-ethix-for-gopro\/","og_locale":"pt_PT","og_type":"article","og_title":"Estojo TBS ETHIX para GOPRO - Iha Race \u2757","og_description":"Estojo TBS ETHIX para GOPRO Protege a tua GoPro Hero 5, 6 e 7 de um impacto ocasional e prende-a firmemente ao teu quadriciclo para que n\u00e3o se solte. O","og_url":"https:\/\/iha-race.com\/pt-pt\/produto\/casetbs-ethix-for-gopro\/","og_site_name":"Iha Race","article_modified_time":"2024-08-29T14:28:50+00:00","og_image":[{"width":800,"height":800,"url":"https:\/\/iha-race.com\/wp-content\/uploads\/2019\/01\/tbs-ethix-mascarilla-facial-para-gopro-1.jpg","type":"image\/jpeg"}],"twitter_card":"summary_large_image","schema":{"@context":"https:\/\/schema.org","@graph":[{"@type":"WebPage","@id":"https:\/\/iha-race.com\/pt-pt\/produto\/casetbs-ethix-for-gopro\/","url":"https:\/\/iha-race.com\/pt-pt\/produto\/casetbs-ethix-for-gopro\/","name":"Estojo TBS ETHIX para GOPRO - Iha Race \u2757","isPartOf":{"@id":"https:\/\/iha-race.com\/pt-pt\/#website"},"primaryImageOfPage":{"@id":"https:\/\/iha-race.com\/pt-pt\/produto\/casetbs-ethix-for-gopro\/#primaryimage"},"image":{"@id":"https:\/\/iha-race.com\/pt-pt\/produto\/casetbs-ethix-for-gopro\/#primaryimage"},"thumbnailUrl":"https:\/\/iha-race.com\/wp-content\/uploads\/2019\/01\/tbs-ethix-mascarilla-facial-para-gopro-1.jpg","datePublished":"2019-01-01T11:13:25+00:00","dateModified":"2024-08-29T14:28:50+00:00","breadcrumb":{"@id":"https:\/\/iha-race.com\/pt-pt\/produto\/casetbs-ethix-for-gopro\/#breadcrumb"},"inLanguage":"pt-PT","potentialAction":[{"@type":"ReadAction","target":["https:\/\/iha-race.com\/pt-pt\/produto\/casetbs-ethix-for-gopro\/"]}]},{"@type":"ImageObject","inLanguage":"pt-PT","@id":"https:\/\/iha-race.com\/pt-pt\/produto\/casetbs-ethix-for-gopro\/#primaryimage","url":"https:\/\/iha-race.com\/wp-content\/uploads\/2019\/01\/tbs-ethix-mascarilla-facial-para-gopro-1.jpg","contentUrl":"https:\/\/iha-race.com\/wp-content\/uploads\/2019\/01\/tbs-ethix-mascarilla-facial-para-gopro-1.jpg","width":800,"height":800,"caption":"tbs-ethix-facial-m\u00e1scara por-gopro"},{"@type":"BreadcrumbList","@id":"https:\/\/iha-race.com\/pt-pt\/produto\/casetbs-ethix-for-gopro\/#breadcrumb","itemListElement":[{"@type":"ListItem","position":1,"name":"Portada","item":"https:\/\/iha-race.com\/pt-pt\/elementor-499\/"},{"@type":"ListItem","position":2,"name":"Shop","item":"https:\/\/iha-race.com\/pt-pt\/shop\/"},{"@type":"ListItem","position":3,"name":"Estojo TBS ETHIX para GOPRO"}]},{"@type":"WebSite","@id":"https:\/\/iha-race.com\/pt-pt\/#website","url":"https:\/\/iha-race.com\/pt-pt\/","name":"Iha Race","description":"Comprar drones de carreras FPV env\u00edos en un d\u00eda desde Espa\u00f1a","publisher":{"@id":"https:\/\/iha-race.com\/pt-pt\/#organization"},"potentialAction":[{"@type":"SearchAction","target":{"@type":"EntryPoint","urlTemplate":"https:\/\/iha-race.com\/pt-pt\/?s={search_term_string}"},"query-input":{"@type":"PropertyValueSpecification","valueRequired":true,"valueName":"search_term_string"}}],"inLanguage":"pt-PT"},{"@type":"Organization","@id":"https:\/\/iha-race.com\/pt-pt\/#organization","name":"Iha Race","url":"https:\/\/iha-race.com\/pt-pt\/","logo":{"@type":"ImageObject","inLanguage":"pt-PT","@id":"https:\/\/iha-race.com\/pt-pt\/#\/schema\/logo\/image\/","url":"https:\/\/iha-race.com\/wp-content\/uploads\/2018\/07\/iha-race-drones-de-carreras-tienda-comprar-drones.png","contentUrl":"https:\/\/iha-race.com\/wp-content\/uploads\/2018\/07\/iha-race-drones-de-carreras-tienda-comprar-drones.png","width":300,"height":100,"caption":"Iha Race"},"image":{"@id":"https:\/\/iha-race.com\/pt-pt\/#\/schema\/logo\/image\/"}}]}},"brands":[],"_links":{"self":[{"href":"https:\/\/iha-race.com\/pt-pt\/wp-json\/wp\/v2\/product\/112062","targetHints":{"allow":["GET"]}}],"collection":[{"href":"https:\/\/iha-race.com\/pt-pt\/wp-json\/wp\/v2\/product"}],"about":[{"href":"https:\/\/iha-race.com\/pt-pt\/wp-json\/wp\/v2\/types\/product"}],"replies":[{"embeddable":true,"href":"https:\/\/iha-race.com\/pt-pt\/wp-json\/wp\/v2\/comments?post=112062"}],"version-history":[{"count":1,"href":"https:\/\/iha-race.com\/pt-pt\/wp-json\/wp\/v2\/product\/112062\/revisions"}],"predecessor-version":[{"id":250337,"href":"https:\/\/iha-race.com\/pt-pt\/wp-json\/wp\/v2\/product\/112062\/revisions\/250337"}],"wp:featuredmedia":[{"embeddable":true,"href":"https:\/\/iha-race.com\/pt-pt\/wp-json\/wp\/v2\/media\/93968"}],"wp:attachment":[{"href":"https:\/\/iha-race.com\/pt-pt\/wp-json\/wp\/v2\/media?parent=112062"}],"wp:term":[{"taxonomy":"pwb-brand","embeddable":true,"href":"https:\/\/iha-race.com\/pt-pt\/wp-json\/wp\/v2\/pwb-brand?post=112062"},{"taxonomy":"product_cat","embeddable":true,"href":"https:\/\/iha-race.com\/pt-pt\/wp-json\/wp\/v2\/product_cat?post=112062"},{"taxonomy":"product_tag","embeddable":true,"href":"https:\/\/iha-race.com\/pt-pt\/wp-json\/wp\/v2\/product_tag?post=112062"}],"curies":[{"name":"wp","href":"https:\/\/api.w.org\/{rel}","templated":true}]}}