{"id":112030,"date":"2018-12-11T09:39:01","date_gmt":"2018-12-11T08:39:01","guid":{"rendered":"https:\/\/iha-race.com\/producto\/cartao-de-oferta-fpv-da-iha\/"},"modified":"2024-08-29T16:29:15","modified_gmt":"2024-08-29T14:29:15","slug":"cartao-presente","status":"publish","type":"product","link":"https:\/\/iha-race.com\/pt-pt\/produto\/cartao-presente\/","title":{"rendered":"Cart\u00e3o de oferta FPV da IHA"},"content":{"rendered":"<p>N\u00e3o sabe que produto da nossa loja \u00e9 o melhor presente para o seu filho, amigo, namorado? Agora na Iha Race tem a possibilidade de dar um cart\u00e3o oferta a essa pessoa, para que possa comprar o que quiser com esse cart\u00e3o. N\u00e3o poder\u00e1s comprar um cart\u00e3o de oferta e produtos f\u00edsicos da loja ao mesmo tempo, devido a problemas de pagamento e envio.  <\/p>\n<h2>Como funciona o cart\u00e3o oferta?<\/h2>\n<ol>\n<li>Seleccione a quantia de dinheiro que deseja dar.<\/li>\n<li>Seleccionar o desenho do cart\u00e3o de acordo com a celebra\u00e7\u00e3o: cart\u00e3o de Natal, cart\u00e3o de anivers\u00e1rio, cart\u00e3o do Dia dos Namorados&#8230;<\/li>\n<li>Preencher o conte\u00fado do cart\u00e3o:<\/li>\n<\/ol>\n<ul>\n<li>Se quiser que v\u00e1 directamente a essa pessoa, deixe o seu endere\u00e7o de correio electr\u00f3nico e nome, caso contr\u00e1rio deixe os seus dados.<\/li>\n<li>Pode escrever uma mensagem para o destinat\u00e1rio que ser\u00e1 enviada por correio.<\/li>\n<\/ul>\n<h2>Caracter\u00edsticas do cart\u00e3o de oferta da IHA<\/h2>\n<ul>\n<li>O cart\u00e3o \u00e9 digital, n\u00e3o ser\u00e1 enviado fisicamente, pelo que n\u00e3o ser\u00e1 cobrado qualquer custo de envio se apenas comprar este cart\u00e3o.<\/li>\n<li>Para resgatar o cart\u00e3o deve colocar o c\u00f3digo do cart\u00e3o no carrinho de compras no fundo.<\/li>\n<li>O montante do cart\u00e3o pode ser resgatado em compras m\u00faltiplas, ou seja, se o seu cart\u00e3o valer 50 euros e gastar 28 euros, ter\u00e1 ainda 22 euros para gastar com o mesmo c\u00f3digo.<\/li>\n<li>O cart\u00e3o tem uma garantia de 15 dias de devolu\u00e7\u00e3o do dinheiro. Em rela\u00e7\u00e3o \u00e0 data de compra. Portanto, compre-o sem se preocupar se essa pessoa vai gostar dele.<\/li>\n<li>O cart\u00e3o chega instantaneamente ou pode escolher a data em que o quer receber!<\/li>\n<li>Pode adicionar v\u00e1rios destinat\u00e1rios para o mesmo cart\u00e3o oferta.<\/li>\n<li>N\u00e3o tem data de expira\u00e7\u00e3o.<\/li>\n<\/ul>\n<h3>Como \u00e9 enviado o cart\u00e3o oferta?<\/h3>\n<p>  Por correio eletr\u00f3nico para o destinat\u00e1rio, eis um exemplo:  &nbsp;<\/p>\n<p><img fetchpriority=\"high\" decoding=\"async\" class=\"size-large wp-image-4556\" src=\"https:\/\/iha-race.com\/wp-content\/uploads\/2018\/12\/tarjeta-regalo-drone-racing-fpv-carreras-834x1024.jpg\" alt=\"os melhores drones de corrida de reis baratos\" width=\"834\" height=\"1024\" srcset=\"https:\/\/iha-race.com\/wp-content\/uploads\/2018\/12\/tarjeta-regalo-drone-racing-fpv-carreras-834x1024.jpg 834w, https:\/\/iha-race.com\/wp-content\/uploads\/2018\/12\/tarjeta-regalo-drone-racing-fpv-carreras-600x736.jpg 600w, https:\/\/iha-race.com\/wp-content\/uploads\/2018\/12\/tarjeta-regalo-drone-racing-fpv-carreras-244x300.jpg 244w, https:\/\/iha-race.com\/wp-content\/uploads\/2018\/12\/tarjeta-regalo-drone-racing-fpv-carreras-767x942.jpg 767w, https:\/\/iha-race.com\/wp-content\/uploads\/2018\/12\/tarjeta-regalo-drone-racing-fpv-carreras-788x967.jpg 788w, https:\/\/iha-race.com\/wp-content\/uploads\/2018\/12\/tarjeta-regalo-drone-racing-fpv-carreras.jpg 457w\" sizes=\"(max-width: 834px) 100vw, 834px\" \/>  Para qualquer d\u00favida ou personaliza\u00e7\u00e3o, <a href=\"https:\/\/iha-race.com\/servicio-y-contacto-con-el-cliente\/\" target=\"_blank\" rel=\"noopener noreferrer\">contacta-nos<\/a>.<\/p>\n","protected":false},"excerpt":{"rendered":"<p>N\u00e3o sabe que produto da nossa loja \u00e9 o melhor presente para o seu filho, amigo, namorado? Agora na Iha Race tem a possibilidade de dar um cart\u00e3o oferta a<\/p>\n","protected":false},"featured_media":80094,"comment_status":"open","ping_status":"closed","template":"","meta":{"_joinchat":[]},"pwb-brand":[3586],"product_cat":[451],"product_tag":[],"class_list":{"0":"post-112030","1":"product","2":"type-product","3":"status-publish","4":"has-post-thumbnail","6":"pwb-brand-iha-race","7":"product_cat-tarjeta-regalo","9":"first","10":"instock","11":"virtual","12":"taxable","13":"product-type-simple"},"barcode":null,"atum_controlled":true,"out_stock_date":null,"out_stock_threshold":null,"inheritable":false,"stock_on_hold":0,"sold_today":0,"sales_last_days":0,"out_stock_days":0,"lost_sales":0,"update_date":"2026-04-16T07:36:04","atum_locations":[],"atum_stock_status":"instock","restock_status":false,"low_stock_amount":"","sales_update_date":"2026-04-16T07:36:04","calc_backorders":null,"yoast_head":"<!-- This site is optimized with the Yoast SEO plugin v27.3 - https:\/\/yoast.com\/product\/yoast-seo-wordpress\/ -->\n<title>Cart\u00e3o de Presente de Natal e Tr\u00eas Reis Magos - Iha Race FPV Specialists<\/title>\n<meta name=\"description\" content=\"N\u00e3o sabe o que dar ao seu amigo, filho ou namorado? Compre o vale de oferta mais popular neste Natal para aquele fan\u00e1tico por zang\u00f5es FPV.\" \/>\n<meta name=\"robots\" content=\"index, follow, max-snippet:-1, max-image-preview:large, max-video-preview:-1\" \/>\n<link rel=\"canonical\" href=\"https:\/\/iha-race.com\/pt-pt\/produto\/cartao-presente\/\" \/>\n<meta property=\"og:locale\" content=\"pt_PT\" \/>\n<meta property=\"og:type\" content=\"article\" \/>\n<meta property=\"og:title\" content=\"Cart\u00e3o de Presente de Natal e Tr\u00eas Reis Magos - Iha Race FPV Specialists\" \/>\n<meta property=\"og:description\" content=\"N\u00e3o sabe o que dar ao seu amigo, filho ou namorado? Compre o vale de oferta mais popular neste Natal para aquele fan\u00e1tico por zang\u00f5es FPV.\" \/>\n<meta property=\"og:url\" content=\"https:\/\/iha-race.com\/pt-pt\/produto\/cartao-presente\/\" \/>\n<meta property=\"og:site_name\" content=\"Iha Race\" \/>\n<meta property=\"article:modified_time\" content=\"2024-08-29T14:29:15+00:00\" \/>\n<meta property=\"og:image\" content=\"https:\/\/iha-race.com\/wp-content\/uploads\/2018\/12\/tarjeta-de-regalo-navidad-reyes-magos-drones-fpv.jpg\" \/>\n\t<meta property=\"og:image:width\" content=\"1920\" \/>\n\t<meta property=\"og:image:height\" content=\"1152\" \/>\n\t<meta property=\"og:image:type\" content=\"image\/jpeg\" \/>\n<meta name=\"twitter:card\" content=\"summary_large_image\" \/>\n<meta name=\"twitter:label1\" content=\"Tempo estimado de leitura\" \/>\n\t<meta name=\"twitter:data1\" content=\"2 minutos\" \/>\n<script type=\"application\/ld+json\" class=\"yoast-schema-graph\">{\"@context\":\"https:\\\/\\\/schema.org\",\"@graph\":[{\"@type\":\"WebPage\",\"@id\":\"https:\\\/\\\/iha-race.com\\\/pt-pt\\\/produto\\\/cartao-presente\\\/\",\"url\":\"https:\\\/\\\/iha-race.com\\\/pt-pt\\\/produto\\\/cartao-presente\\\/\",\"name\":\"Cart\u00e3o de Presente de Natal e Tr\u00eas Reis Magos - Iha Race FPV Specialists\",\"isPartOf\":{\"@id\":\"https:\\\/\\\/iha-race.com\\\/pt-pt\\\/#website\"},\"primaryImageOfPage\":{\"@id\":\"https:\\\/\\\/iha-race.com\\\/pt-pt\\\/produto\\\/cartao-presente\\\/#primaryimage\"},\"image\":{\"@id\":\"https:\\\/\\\/iha-race.com\\\/pt-pt\\\/produto\\\/cartao-presente\\\/#primaryimage\"},\"thumbnailUrl\":\"https:\\\/\\\/iha-race.com\\\/wp-content\\\/uploads\\\/2018\\\/12\\\/tarjeta-de-regalo-navidad-reyes-magos-drones-fpv.jpg\",\"datePublished\":\"2018-12-11T08:39:01+00:00\",\"dateModified\":\"2024-08-29T14:29:15+00:00\",\"description\":\"N\u00e3o sabe o que dar ao seu amigo, filho ou namorado? Compre o vale de oferta mais popular neste Natal para aquele fan\u00e1tico por zang\u00f5es FPV.\",\"breadcrumb\":{\"@id\":\"https:\\\/\\\/iha-race.com\\\/pt-pt\\\/produto\\\/cartao-presente\\\/#breadcrumb\"},\"inLanguage\":\"pt-PT\",\"potentialAction\":[{\"@type\":\"ReadAction\",\"target\":[\"https:\\\/\\\/iha-race.com\\\/pt-pt\\\/produto\\\/cartao-presente\\\/\"]}]},{\"@type\":\"ImageObject\",\"inLanguage\":\"pt-PT\",\"@id\":\"https:\\\/\\\/iha-race.com\\\/pt-pt\\\/produto\\\/cartao-presente\\\/#primaryimage\",\"url\":\"https:\\\/\\\/iha-race.com\\\/wp-content\\\/uploads\\\/2018\\\/12\\\/tarjeta-de-regalo-navidad-reyes-magos-drones-fpv.jpg\",\"contentUrl\":\"https:\\\/\\\/iha-race.com\\\/wp-content\\\/uploads\\\/2018\\\/12\\\/tarjeta-de-regalo-navidad-reyes-magos-drones-fpv.jpg\",\"width\":1920,\"height\":1152,\"caption\":\"o que dar ao meu filho no Natal se ele tiver prefer\u00eancia por zang\u00f5es\"},{\"@type\":\"BreadcrumbList\",\"@id\":\"https:\\\/\\\/iha-race.com\\\/pt-pt\\\/produto\\\/cartao-presente\\\/#breadcrumb\",\"itemListElement\":[{\"@type\":\"ListItem\",\"position\":1,\"name\":\"Portada\",\"item\":\"https:\\\/\\\/iha-race.com\\\/pt-pt\\\/elementor-499\\\/\"},{\"@type\":\"ListItem\",\"position\":2,\"name\":\"Shop\",\"item\":\"https:\\\/\\\/iha-race.com\\\/pt-pt\\\/shop\\\/\"},{\"@type\":\"ListItem\",\"position\":3,\"name\":\"Cart\u00e3o de oferta FPV da IHA\"}]},{\"@type\":\"WebSite\",\"@id\":\"https:\\\/\\\/iha-race.com\\\/pt-pt\\\/#website\",\"url\":\"https:\\\/\\\/iha-race.com\\\/pt-pt\\\/\",\"name\":\"Iha Race\",\"description\":\"Comprar drones de carreras FPV env\u00edos en un d\u00eda desde Espa\u00f1a\",\"publisher\":{\"@id\":\"https:\\\/\\\/iha-race.com\\\/pt-pt\\\/#organization\"},\"potentialAction\":[{\"@type\":\"SearchAction\",\"target\":{\"@type\":\"EntryPoint\",\"urlTemplate\":\"https:\\\/\\\/iha-race.com\\\/pt-pt\\\/?s={search_term_string}\"},\"query-input\":{\"@type\":\"PropertyValueSpecification\",\"valueRequired\":true,\"valueName\":\"search_term_string\"}}],\"inLanguage\":\"pt-PT\"},{\"@type\":\"Organization\",\"@id\":\"https:\\\/\\\/iha-race.com\\\/pt-pt\\\/#organization\",\"name\":\"Iha Race\",\"url\":\"https:\\\/\\\/iha-race.com\\\/pt-pt\\\/\",\"logo\":{\"@type\":\"ImageObject\",\"inLanguage\":\"pt-PT\",\"@id\":\"https:\\\/\\\/iha-race.com\\\/pt-pt\\\/#\\\/schema\\\/logo\\\/image\\\/\",\"url\":\"https:\\\/\\\/iha-race.com\\\/wp-content\\\/uploads\\\/2018\\\/07\\\/iha-race-drones-de-carreras-tienda-comprar-drones.png\",\"contentUrl\":\"https:\\\/\\\/iha-race.com\\\/wp-content\\\/uploads\\\/2018\\\/07\\\/iha-race-drones-de-carreras-tienda-comprar-drones.png\",\"width\":300,\"height\":100,\"caption\":\"Iha Race\"},\"image\":{\"@id\":\"https:\\\/\\\/iha-race.com\\\/pt-pt\\\/#\\\/schema\\\/logo\\\/image\\\/\"}}]}<\/script>\n<!-- \/ Yoast SEO plugin. -->","yoast_head_json":{"title":"Cart\u00e3o de Presente de Natal e Tr\u00eas Reis Magos - Iha Race FPV Specialists","description":"N\u00e3o sabe o que dar ao seu amigo, filho ou namorado? Compre o vale de oferta mais popular neste Natal para aquele fan\u00e1tico por zang\u00f5es FPV.","robots":{"index":"index","follow":"follow","max-snippet":"max-snippet:-1","max-image-preview":"max-image-preview:large","max-video-preview":"max-video-preview:-1"},"canonical":"https:\/\/iha-race.com\/pt-pt\/produto\/cartao-presente\/","og_locale":"pt_PT","og_type":"article","og_title":"Cart\u00e3o de Presente de Natal e Tr\u00eas Reis Magos - Iha Race FPV Specialists","og_description":"N\u00e3o sabe o que dar ao seu amigo, filho ou namorado? Compre o vale de oferta mais popular neste Natal para aquele fan\u00e1tico por zang\u00f5es FPV.","og_url":"https:\/\/iha-race.com\/pt-pt\/produto\/cartao-presente\/","og_site_name":"Iha Race","article_modified_time":"2024-08-29T14:29:15+00:00","og_image":[{"width":1920,"height":1152,"url":"https:\/\/iha-race.com\/wp-content\/uploads\/2018\/12\/tarjeta-de-regalo-navidad-reyes-magos-drones-fpv.jpg","type":"image\/jpeg"}],"twitter_card":"summary_large_image","twitter_misc":{"Tempo estimado de leitura":"2 minutos"},"schema":{"@context":"https:\/\/schema.org","@graph":[{"@type":"WebPage","@id":"https:\/\/iha-race.com\/pt-pt\/produto\/cartao-presente\/","url":"https:\/\/iha-race.com\/pt-pt\/produto\/cartao-presente\/","name":"Cart\u00e3o de Presente de Natal e Tr\u00eas Reis Magos - Iha Race FPV Specialists","isPartOf":{"@id":"https:\/\/iha-race.com\/pt-pt\/#website"},"primaryImageOfPage":{"@id":"https:\/\/iha-race.com\/pt-pt\/produto\/cartao-presente\/#primaryimage"},"image":{"@id":"https:\/\/iha-race.com\/pt-pt\/produto\/cartao-presente\/#primaryimage"},"thumbnailUrl":"https:\/\/iha-race.com\/wp-content\/uploads\/2018\/12\/tarjeta-de-regalo-navidad-reyes-magos-drones-fpv.jpg","datePublished":"2018-12-11T08:39:01+00:00","dateModified":"2024-08-29T14:29:15+00:00","description":"N\u00e3o sabe o que dar ao seu amigo, filho ou namorado? Compre o vale de oferta mais popular neste Natal para aquele fan\u00e1tico por zang\u00f5es FPV.","breadcrumb":{"@id":"https:\/\/iha-race.com\/pt-pt\/produto\/cartao-presente\/#breadcrumb"},"inLanguage":"pt-PT","potentialAction":[{"@type":"ReadAction","target":["https:\/\/iha-race.com\/pt-pt\/produto\/cartao-presente\/"]}]},{"@type":"ImageObject","inLanguage":"pt-PT","@id":"https:\/\/iha-race.com\/pt-pt\/produto\/cartao-presente\/#primaryimage","url":"https:\/\/iha-race.com\/wp-content\/uploads\/2018\/12\/tarjeta-de-regalo-navidad-reyes-magos-drones-fpv.jpg","contentUrl":"https:\/\/iha-race.com\/wp-content\/uploads\/2018\/12\/tarjeta-de-regalo-navidad-reyes-magos-drones-fpv.jpg","width":1920,"height":1152,"caption":"o que dar ao meu filho no Natal se ele tiver prefer\u00eancia por zang\u00f5es"},{"@type":"BreadcrumbList","@id":"https:\/\/iha-race.com\/pt-pt\/produto\/cartao-presente\/#breadcrumb","itemListElement":[{"@type":"ListItem","position":1,"name":"Portada","item":"https:\/\/iha-race.com\/pt-pt\/elementor-499\/"},{"@type":"ListItem","position":2,"name":"Shop","item":"https:\/\/iha-race.com\/pt-pt\/shop\/"},{"@type":"ListItem","position":3,"name":"Cart\u00e3o de oferta FPV da IHA"}]},{"@type":"WebSite","@id":"https:\/\/iha-race.com\/pt-pt\/#website","url":"https:\/\/iha-race.com\/pt-pt\/","name":"Iha Race","description":"Comprar drones de carreras FPV env\u00edos en un d\u00eda desde Espa\u00f1a","publisher":{"@id":"https:\/\/iha-race.com\/pt-pt\/#organization"},"potentialAction":[{"@type":"SearchAction","target":{"@type":"EntryPoint","urlTemplate":"https:\/\/iha-race.com\/pt-pt\/?s={search_term_string}"},"query-input":{"@type":"PropertyValueSpecification","valueRequired":true,"valueName":"search_term_string"}}],"inLanguage":"pt-PT"},{"@type":"Organization","@id":"https:\/\/iha-race.com\/pt-pt\/#organization","name":"Iha Race","url":"https:\/\/iha-race.com\/pt-pt\/","logo":{"@type":"ImageObject","inLanguage":"pt-PT","@id":"https:\/\/iha-race.com\/pt-pt\/#\/schema\/logo\/image\/","url":"https:\/\/iha-race.com\/wp-content\/uploads\/2018\/07\/iha-race-drones-de-carreras-tienda-comprar-drones.png","contentUrl":"https:\/\/iha-race.com\/wp-content\/uploads\/2018\/07\/iha-race-drones-de-carreras-tienda-comprar-drones.png","width":300,"height":100,"caption":"Iha Race"},"image":{"@id":"https:\/\/iha-race.com\/pt-pt\/#\/schema\/logo\/image\/"}}]}},"brands":[{"id":3586,"name":"IHA Race","slug":"iha-race"}],"_links":{"self":[{"href":"https:\/\/iha-race.com\/pt-pt\/wp-json\/wp\/v2\/product\/112030","targetHints":{"allow":["GET"]}}],"collection":[{"href":"https:\/\/iha-race.com\/pt-pt\/wp-json\/wp\/v2\/product"}],"about":[{"href":"https:\/\/iha-race.com\/pt-pt\/wp-json\/wp\/v2\/types\/product"}],"replies":[{"embeddable":true,"href":"https:\/\/iha-race.com\/pt-pt\/wp-json\/wp\/v2\/comments?post=112030"}],"version-history":[{"count":1,"href":"https:\/\/iha-race.com\/pt-pt\/wp-json\/wp\/v2\/product\/112030\/revisions"}],"predecessor-version":[{"id":250346,"href":"https:\/\/iha-race.com\/pt-pt\/wp-json\/wp\/v2\/product\/112030\/revisions\/250346"}],"wp:featuredmedia":[{"embeddable":true,"href":"https:\/\/iha-race.com\/pt-pt\/wp-json\/wp\/v2\/media\/80094"}],"wp:attachment":[{"href":"https:\/\/iha-race.com\/pt-pt\/wp-json\/wp\/v2\/media?parent=112030"}],"wp:term":[{"taxonomy":"pwb-brand","embeddable":true,"href":"https:\/\/iha-race.com\/pt-pt\/wp-json\/wp\/v2\/pwb-brand?post=112030"},{"taxonomy":"product_cat","embeddable":true,"href":"https:\/\/iha-race.com\/pt-pt\/wp-json\/wp\/v2\/product_cat?post=112030"},{"taxonomy":"product_tag","embeddable":true,"href":"https:\/\/iha-race.com\/pt-pt\/wp-json\/wp\/v2\/product_tag?post=112030"}],"curies":[{"name":"wp","href":"https:\/\/api.w.org\/{rel}","templated":true}]}}