{"id":111923,"date":"2018-09-04T18:43:00","date_gmt":"2018-09-04T16:43:00","guid":{"rendered":"https:\/\/iha-race.com\/producto\/aomway-ant005-5-8ghz-antena-fpv-de-14dbi-direita-rp-sma\/"},"modified":"2024-08-29T16:34:46","modified_gmt":"2024-08-29T14:34:46","slug":"antena-aowmway-ant005-5-8ghz-14dbi-diestro-sma-2","status":"publish","type":"product","link":"https:\/\/iha-race.com\/pt-pt\/produto\/antena-aowmway-ant005-5-8ghz-14dbi-diestro-sma-2\/","title":{"rendered":"Aomway ANT005 5.8GHz Antena FPV de 14dbi (direita) RP-SMA"},"content":{"rendered":"<h2>Aomway ANT005 5.8GHz 14dbi (destro) RP-SMA Painel Polarizado Circularmente RP-SMA Antena V1<\/h2>\n<p>  Antena ideal para longo alcance, com \u00f3ptima qualidade de rece\u00e7\u00e3o de sinal e qualidade de imagem mesmo a longas dist\u00e2ncias. A antena Aomway \u00e9 de alto desempenho e suficientemente leve para ser montada no seu equipamento FPV. Polariza\u00e7\u00e3o circular para transmiss\u00e3o a longa dist\u00e2ncia.  <\/p>\n<h3>Aomway ANT005 especifica\u00e7\u00f5es da antena fpv:<\/h3>\n<ul>\n<li>Conector: RP-SMA<\/li>\n<li>Polariza\u00e7\u00e3o: banda ISM de 5,8 GHz circularmente polarizada do lado direito<\/li>\n<li>Ganho: 14dBi<\/li>\n<li>Largura do feixe: 36 graus (H + V)<\/li>\n<li>Rela\u00e7\u00e3o frente-costas da antena: 26dB, VSWR \u00e9 &lt;1.5: 1 (5740 ~ 5860MHz)<\/li>\n<li>Imped\u00e2ncia: 50 ohms<\/li>\n<li>Tamanho: 85 x 85 x 8 mm<\/li>\n<li>Peso: 46<\/li>\n<\/ul>\n<h4>Quando se compra uma Antena Aomway com painel Polarizado Circularmente, cont\u00e9m:<\/h4>\n<p>  1 x Antena FPV<\/p>\n","protected":false},"excerpt":{"rendered":"<p><strong><span style=\"color: #ff0000;\">COR CINZA<\/span><\/strong><\/p>\n","protected":false},"featured_media":95855,"comment_status":"open","ping_status":"closed","template":"","meta":{"_joinchat":[]},"pwb-brand":[],"product_cat":[1153],"product_tag":[],"class_list":{"0":"post-111923","1":"product","2":"type-product","3":"status-publish","4":"has-post-thumbnail","6":"product_cat-outlet-pt-pt","8":"first","9":"instock","10":"taxable","11":"shipping-taxable","12":"purchasable","13":"product-type-simple"},"barcode":null,"atum_controlled":true,"out_stock_date":null,"out_stock_threshold":null,"inheritable":false,"stock_on_hold":0,"sold_today":0,"sales_last_days":0,"out_stock_days":0,"lost_sales":0,"update_date":"2026-04-16T08:17:49","atum_locations":[],"atum_stock_status":"instock","restock_status":false,"low_stock_amount":"","sales_update_date":"2026-04-16T08:17:49","calc_backorders":null,"yoast_head":"<!-- This site is optimized with the Yoast SEO plugin v27.3 - https:\/\/yoast.com\/product\/yoast-seo-wordpress\/ -->\n<title>\u3010Aomway ANT005\u30115.8GHz 14dbi SMAsep Iha Race \u2469 antena FPV<\/title>\n<meta name=\"description\" content=\"Profissional FPV\u261d A Antena Aomway ANT005 \u00e9 ideal para corridas longas gra\u00e7as \u00e0 sua polariza\u00e7\u00e3o circular. Alto performance\u2705 e luz suficiente. \u260e676757149\" \/>\n<meta name=\"robots\" content=\"index, follow, max-snippet:-1, max-image-preview:large, max-video-preview:-1\" \/>\n<link rel=\"canonical\" href=\"https:\/\/iha-race.com\/pt-pt\/produto\/antena-aowmway-ant005-5-8ghz-14dbi-diestro-sma-2\/\" \/>\n<meta property=\"og:locale\" content=\"pt_PT\" \/>\n<meta property=\"og:type\" content=\"article\" \/>\n<meta property=\"og:title\" content=\"\u3010Aomway ANT005\u30115.8GHz 14dbi SMAsep Iha Race \u2469 antena FPV\" \/>\n<meta property=\"og:description\" content=\"Profissional FPV\u261d A Antena Aomway ANT005 \u00e9 ideal para corridas longas gra\u00e7as \u00e0 sua polariza\u00e7\u00e3o circular. Alto performance\u2705 e luz suficiente. \u260e676757149\" \/>\n<meta property=\"og:url\" content=\"https:\/\/iha-race.com\/pt-pt\/produto\/antena-aowmway-ant005-5-8ghz-14dbi-diestro-sma-2\/\" \/>\n<meta property=\"og:site_name\" content=\"Iha Race\" \/>\n<meta property=\"article:modified_time\" content=\"2024-08-29T14:34:46+00:00\" \/>\n<meta property=\"og:image\" content=\"https:\/\/iha-race.com\/wp-content\/uploads\/2018\/09\/Antena-fpv-Aomway-ANT005-2.jpg\" \/>\n\t<meta property=\"og:image:width\" content=\"800\" \/>\n\t<meta property=\"og:image:height\" content=\"800\" \/>\n\t<meta property=\"og:image:type\" content=\"image\/jpeg\" \/>\n<meta name=\"twitter:card\" content=\"summary_large_image\" \/>\n<meta name=\"twitter:label1\" content=\"Tempo estimado de leitura\" \/>\n\t<meta name=\"twitter:data1\" content=\"1 minuto\" \/>\n<script type=\"application\/ld+json\" class=\"yoast-schema-graph\">{\"@context\":\"https:\\\/\\\/schema.org\",\"@graph\":[{\"@type\":\"WebPage\",\"@id\":\"https:\\\/\\\/iha-race.com\\\/pt-pt\\\/produto\\\/antena-aowmway-ant005-5-8ghz-14dbi-diestro-sma-2\\\/\",\"url\":\"https:\\\/\\\/iha-race.com\\\/pt-pt\\\/produto\\\/antena-aowmway-ant005-5-8ghz-14dbi-diestro-sma-2\\\/\",\"name\":\"\u3010Aomway ANT005\u30115.8GHz 14dbi SMAsep Iha Race \u2469 antena FPV\",\"isPartOf\":{\"@id\":\"https:\\\/\\\/iha-race.com\\\/pt-pt\\\/#website\"},\"primaryImageOfPage\":{\"@id\":\"https:\\\/\\\/iha-race.com\\\/pt-pt\\\/produto\\\/antena-aowmway-ant005-5-8ghz-14dbi-diestro-sma-2\\\/#primaryimage\"},\"image\":{\"@id\":\"https:\\\/\\\/iha-race.com\\\/pt-pt\\\/produto\\\/antena-aowmway-ant005-5-8ghz-14dbi-diestro-sma-2\\\/#primaryimage\"},\"thumbnailUrl\":\"https:\\\/\\\/iha-race.com\\\/wp-content\\\/uploads\\\/2018\\\/09\\\/Antena-fpv-Aomway-ANT005-2.jpg\",\"datePublished\":\"2018-09-04T16:43:00+00:00\",\"dateModified\":\"2024-08-29T14:34:46+00:00\",\"description\":\"Profissional FPV\u261d A Antena Aomway ANT005 \u00e9 ideal para corridas longas gra\u00e7as \u00e0 sua polariza\u00e7\u00e3o circular. Alto performance\u2705 e luz suficiente. \u260e676757149\",\"breadcrumb\":{\"@id\":\"https:\\\/\\\/iha-race.com\\\/pt-pt\\\/produto\\\/antena-aowmway-ant005-5-8ghz-14dbi-diestro-sma-2\\\/#breadcrumb\"},\"inLanguage\":\"pt-PT\",\"potentialAction\":[{\"@type\":\"ReadAction\",\"target\":[\"https:\\\/\\\/iha-race.com\\\/pt-pt\\\/produto\\\/antena-aowmway-ant005-5-8ghz-14dbi-diestro-sma-2\\\/\"]}]},{\"@type\":\"ImageObject\",\"inLanguage\":\"pt-PT\",\"@id\":\"https:\\\/\\\/iha-race.com\\\/pt-pt\\\/produto\\\/antena-aowmway-ant005-5-8ghz-14dbi-diestro-sma-2\\\/#primaryimage\",\"url\":\"https:\\\/\\\/iha-race.com\\\/wp-content\\\/uploads\\\/2018\\\/09\\\/Antena-fpv-Aomway-ANT005-2.jpg\",\"contentUrl\":\"https:\\\/\\\/iha-race.com\\\/wp-content\\\/uploads\\\/2018\\\/09\\\/Antena-fpv-Aomway-ANT005-2.jpg\",\"width\":800,\"height\":800,\"caption\":\"Antenna-fpv-Aomway-ANT005\"},{\"@type\":\"BreadcrumbList\",\"@id\":\"https:\\\/\\\/iha-race.com\\\/pt-pt\\\/produto\\\/antena-aowmway-ant005-5-8ghz-14dbi-diestro-sma-2\\\/#breadcrumb\",\"itemListElement\":[{\"@type\":\"ListItem\",\"position\":1,\"name\":\"Portada\",\"item\":\"https:\\\/\\\/iha-race.com\\\/pt-pt\\\/\"},{\"@type\":\"ListItem\",\"position\":2,\"name\":\"Shop\",\"item\":\"https:\\\/\\\/iha-race.com\\\/pt-pt\\\/shop\\\/\"},{\"@type\":\"ListItem\",\"position\":3,\"name\":\"Aomway ANT005 5.8GHz Antena FPV de 14dbi (direita) RP-SMA\"}]},{\"@type\":\"WebSite\",\"@id\":\"https:\\\/\\\/iha-race.com\\\/pt-pt\\\/#website\",\"url\":\"https:\\\/\\\/iha-race.com\\\/pt-pt\\\/\",\"name\":\"Iha Race\",\"description\":\"Comprar drones de carreras FPV env\u00edos en un d\u00eda desde Espa\u00f1a\",\"publisher\":{\"@id\":\"https:\\\/\\\/iha-race.com\\\/pt-pt\\\/#organization\"},\"potentialAction\":[{\"@type\":\"SearchAction\",\"target\":{\"@type\":\"EntryPoint\",\"urlTemplate\":\"https:\\\/\\\/iha-race.com\\\/pt-pt\\\/?s={search_term_string}\"},\"query-input\":{\"@type\":\"PropertyValueSpecification\",\"valueRequired\":true,\"valueName\":\"search_term_string\"}}],\"inLanguage\":\"pt-PT\"},{\"@type\":\"Organization\",\"@id\":\"https:\\\/\\\/iha-race.com\\\/pt-pt\\\/#organization\",\"name\":\"Iha Race\",\"url\":\"https:\\\/\\\/iha-race.com\\\/pt-pt\\\/\",\"logo\":{\"@type\":\"ImageObject\",\"inLanguage\":\"pt-PT\",\"@id\":\"https:\\\/\\\/iha-race.com\\\/pt-pt\\\/#\\\/schema\\\/logo\\\/image\\\/\",\"url\":\"https:\\\/\\\/iha-race.com\\\/wp-content\\\/uploads\\\/2018\\\/07\\\/iha-race-drones-de-carreras-tienda-comprar-drones.png\",\"contentUrl\":\"https:\\\/\\\/iha-race.com\\\/wp-content\\\/uploads\\\/2018\\\/07\\\/iha-race-drones-de-carreras-tienda-comprar-drones.png\",\"width\":300,\"height\":100,\"caption\":\"Iha Race\"},\"image\":{\"@id\":\"https:\\\/\\\/iha-race.com\\\/pt-pt\\\/#\\\/schema\\\/logo\\\/image\\\/\"}}]}<\/script>\n<!-- \/ Yoast SEO plugin. -->","yoast_head_json":{"title":"\u3010Aomway ANT005\u30115.8GHz 14dbi SMAsep Iha Race \u2469 antena FPV","description":"Profissional FPV\u261d A Antena Aomway ANT005 \u00e9 ideal para corridas longas gra\u00e7as \u00e0 sua polariza\u00e7\u00e3o circular. Alto performance\u2705 e luz suficiente. \u260e676757149","robots":{"index":"index","follow":"follow","max-snippet":"max-snippet:-1","max-image-preview":"max-image-preview:large","max-video-preview":"max-video-preview:-1"},"canonical":"https:\/\/iha-race.com\/pt-pt\/produto\/antena-aowmway-ant005-5-8ghz-14dbi-diestro-sma-2\/","og_locale":"pt_PT","og_type":"article","og_title":"\u3010Aomway ANT005\u30115.8GHz 14dbi SMAsep Iha Race \u2469 antena FPV","og_description":"Profissional FPV\u261d A Antena Aomway ANT005 \u00e9 ideal para corridas longas gra\u00e7as \u00e0 sua polariza\u00e7\u00e3o circular. Alto performance\u2705 e luz suficiente. \u260e676757149","og_url":"https:\/\/iha-race.com\/pt-pt\/produto\/antena-aowmway-ant005-5-8ghz-14dbi-diestro-sma-2\/","og_site_name":"Iha Race","article_modified_time":"2024-08-29T14:34:46+00:00","og_image":[{"width":800,"height":800,"url":"https:\/\/iha-race.com\/wp-content\/uploads\/2018\/09\/Antena-fpv-Aomway-ANT005-2.jpg","type":"image\/jpeg"}],"twitter_card":"summary_large_image","twitter_misc":{"Tempo estimado de leitura":"1 minuto"},"schema":{"@context":"https:\/\/schema.org","@graph":[{"@type":"WebPage","@id":"https:\/\/iha-race.com\/pt-pt\/produto\/antena-aowmway-ant005-5-8ghz-14dbi-diestro-sma-2\/","url":"https:\/\/iha-race.com\/pt-pt\/produto\/antena-aowmway-ant005-5-8ghz-14dbi-diestro-sma-2\/","name":"\u3010Aomway ANT005\u30115.8GHz 14dbi SMAsep Iha Race \u2469 antena FPV","isPartOf":{"@id":"https:\/\/iha-race.com\/pt-pt\/#website"},"primaryImageOfPage":{"@id":"https:\/\/iha-race.com\/pt-pt\/produto\/antena-aowmway-ant005-5-8ghz-14dbi-diestro-sma-2\/#primaryimage"},"image":{"@id":"https:\/\/iha-race.com\/pt-pt\/produto\/antena-aowmway-ant005-5-8ghz-14dbi-diestro-sma-2\/#primaryimage"},"thumbnailUrl":"https:\/\/iha-race.com\/wp-content\/uploads\/2018\/09\/Antena-fpv-Aomway-ANT005-2.jpg","datePublished":"2018-09-04T16:43:00+00:00","dateModified":"2024-08-29T14:34:46+00:00","description":"Profissional FPV\u261d A Antena Aomway ANT005 \u00e9 ideal para corridas longas gra\u00e7as \u00e0 sua polariza\u00e7\u00e3o circular. Alto performance\u2705 e luz suficiente. \u260e676757149","breadcrumb":{"@id":"https:\/\/iha-race.com\/pt-pt\/produto\/antena-aowmway-ant005-5-8ghz-14dbi-diestro-sma-2\/#breadcrumb"},"inLanguage":"pt-PT","potentialAction":[{"@type":"ReadAction","target":["https:\/\/iha-race.com\/pt-pt\/produto\/antena-aowmway-ant005-5-8ghz-14dbi-diestro-sma-2\/"]}]},{"@type":"ImageObject","inLanguage":"pt-PT","@id":"https:\/\/iha-race.com\/pt-pt\/produto\/antena-aowmway-ant005-5-8ghz-14dbi-diestro-sma-2\/#primaryimage","url":"https:\/\/iha-race.com\/wp-content\/uploads\/2018\/09\/Antena-fpv-Aomway-ANT005-2.jpg","contentUrl":"https:\/\/iha-race.com\/wp-content\/uploads\/2018\/09\/Antena-fpv-Aomway-ANT005-2.jpg","width":800,"height":800,"caption":"Antenna-fpv-Aomway-ANT005"},{"@type":"BreadcrumbList","@id":"https:\/\/iha-race.com\/pt-pt\/produto\/antena-aowmway-ant005-5-8ghz-14dbi-diestro-sma-2\/#breadcrumb","itemListElement":[{"@type":"ListItem","position":1,"name":"Portada","item":"https:\/\/iha-race.com\/pt-pt\/"},{"@type":"ListItem","position":2,"name":"Shop","item":"https:\/\/iha-race.com\/pt-pt\/shop\/"},{"@type":"ListItem","position":3,"name":"Aomway ANT005 5.8GHz Antena FPV de 14dbi (direita) RP-SMA"}]},{"@type":"WebSite","@id":"https:\/\/iha-race.com\/pt-pt\/#website","url":"https:\/\/iha-race.com\/pt-pt\/","name":"Iha Race","description":"Comprar drones de carreras FPV env\u00edos en un d\u00eda desde Espa\u00f1a","publisher":{"@id":"https:\/\/iha-race.com\/pt-pt\/#organization"},"potentialAction":[{"@type":"SearchAction","target":{"@type":"EntryPoint","urlTemplate":"https:\/\/iha-race.com\/pt-pt\/?s={search_term_string}"},"query-input":{"@type":"PropertyValueSpecification","valueRequired":true,"valueName":"search_term_string"}}],"inLanguage":"pt-PT"},{"@type":"Organization","@id":"https:\/\/iha-race.com\/pt-pt\/#organization","name":"Iha Race","url":"https:\/\/iha-race.com\/pt-pt\/","logo":{"@type":"ImageObject","inLanguage":"pt-PT","@id":"https:\/\/iha-race.com\/pt-pt\/#\/schema\/logo\/image\/","url":"https:\/\/iha-race.com\/wp-content\/uploads\/2018\/07\/iha-race-drones-de-carreras-tienda-comprar-drones.png","contentUrl":"https:\/\/iha-race.com\/wp-content\/uploads\/2018\/07\/iha-race-drones-de-carreras-tienda-comprar-drones.png","width":300,"height":100,"caption":"Iha Race"},"image":{"@id":"https:\/\/iha-race.com\/pt-pt\/#\/schema\/logo\/image\/"}}]}},"jetpack_sharing_enabled":true,"brands":[],"_links":{"self":[{"href":"https:\/\/iha-race.com\/pt-pt\/wp-json\/wp\/v2\/product\/111923","targetHints":{"allow":["GET"]}}],"collection":[{"href":"https:\/\/iha-race.com\/pt-pt\/wp-json\/wp\/v2\/product"}],"about":[{"href":"https:\/\/iha-race.com\/pt-pt\/wp-json\/wp\/v2\/types\/product"}],"replies":[{"embeddable":true,"href":"https:\/\/iha-race.com\/pt-pt\/wp-json\/wp\/v2\/comments?post=111923"}],"version-history":[{"count":1,"href":"https:\/\/iha-race.com\/pt-pt\/wp-json\/wp\/v2\/product\/111923\/revisions"}],"predecessor-version":[{"id":250437,"href":"https:\/\/iha-race.com\/pt-pt\/wp-json\/wp\/v2\/product\/111923\/revisions\/250437"}],"wp:featuredmedia":[{"embeddable":true,"href":"https:\/\/iha-race.com\/pt-pt\/wp-json\/wp\/v2\/media\/95855"}],"wp:attachment":[{"href":"https:\/\/iha-race.com\/pt-pt\/wp-json\/wp\/v2\/media?parent=111923"}],"wp:term":[{"taxonomy":"pwb-brand","embeddable":true,"href":"https:\/\/iha-race.com\/pt-pt\/wp-json\/wp\/v2\/pwb-brand?post=111923"},{"taxonomy":"product_cat","embeddable":true,"href":"https:\/\/iha-race.com\/pt-pt\/wp-json\/wp\/v2\/product_cat?post=111923"},{"taxonomy":"product_tag","embeddable":true,"href":"https:\/\/iha-race.com\/pt-pt\/wp-json\/wp\/v2\/product_tag?post=111923"}],"curies":[{"name":"wp","href":"https:\/\/api.w.org\/{rel}","templated":true}]}}