{"id":111897,"date":"2018-08-09T11:20:05","date_gmt":"2018-08-09T09:20:05","guid":{"rendered":"https:\/\/iha-race.com\/producto\/runcam-rc18g-fpv-super-fov-lente-para-dji-fpv-phoenix-e-swift-2-camara\/"},"modified":"2026-04-19T09:57:15","modified_gmt":"2026-04-19T07:57:15","slug":"lente-runcam-rc18g-micro-sparrow2pro-swift2-microswift3-fov165-180","status":"publish","type":"product","link":"https:\/\/iha-race.com\/pt-pt\/produto\/lente-runcam-rc18g-micro-sparrow2pro-swift2-microswift3-fov165-180\/","title":{"rendered":"RunCam RC18G FPV Super FOV Lente para DJI FPV, Phoenix e Swift 2 C\u00e2mara"},"content":{"rendered":"<h1>RunCam RC18G FPV Super FOV Lente para DJI FPV, Phoenix e Swift 2 C\u00e2mara<\/h1>\n<div class=\"ProductDescriptionContainer prodAccordionContent\">\n<p><img fetchpriority=\"high\" decoding=\"async\" class=\"size-full wp-image-42782\" src=\"https:\/\/iha-race.com\/wp-content\/uploads\/2018\/08\/RC18G-5.jpg\" alt=\"RunCam RC18G FPV Super FOV Lente para DJI FPV, Phoenix e Swift 2 C\u00e2mara\" width=\"800\" height=\"800\" srcset=\"https:\/\/iha-race.com\/wp-content\/uploads\/2018\/08\/RC18G-5.jpg 800w, https:\/\/iha-race.com\/wp-content\/uploads\/2018\/08\/RC18G-5-300x300.jpg 300w, https:\/\/iha-race.com\/wp-content\/uploads\/2018\/08\/RC18G-5-100x100.jpg 100w, https:\/\/iha-race.com\/wp-content\/uploads\/2018\/08\/RC18G-5-600x600.jpg 600w, https:\/\/iha-race.com\/wp-content\/uploads\/2018\/08\/RC18G-5-1024x1024.jpg 1024w, https:\/\/iha-race.com\/wp-content\/uploads\/2018\/08\/RC18G-5-150x150.jpg 150w, https:\/\/iha-race.com\/wp-content\/uploads\/2018\/08\/RC18G-5-768x768.jpg 768w, https:\/\/iha-race.com\/wp-content\/uploads\/2018\/08\/RC18G-5-1536x1536.jpg 1536w, https:\/\/iha-race.com\/wp-content\/uploads\/2018\/08\/RC18G-5-2048x2048.jpg 2048w, https:\/\/iha-race.com\/wp-content\/uploads\/2018\/08\/RC18G-5-788x788.jpg 788w, https:\/\/iha-race.com\/wp-content\/uploads\/2018\/08\/RC18G-5-80x80.jpg 80w, https:\/\/iha-race.com\/wp-content\/uploads\/2018\/08\/RC18G-5-135x135.jpg 135w\" sizes=\"(max-width: 800px) 100vw, 800px\" \/><\/p>\n<\/div>\n","protected":false},"excerpt":{"rendered":"<p>RunCam RC18G FPV Super FOV Lente para DJI FPV, Phoenix e Swift 2 C\u00e2mara<\/p>\n","protected":false},"featured_media":93970,"comment_status":"open","ping_status":"closed","template":"","meta":{"_joinchat":[]},"pwb-brand":[],"product_cat":[41,122],"product_tag":[],"class_list":{"0":"post-111897","1":"product","2":"type-product","3":"status-publish","4":"has-post-thumbnail","6":"product_cat-camaras","7":"product_cat-lentes","9":"first","10":"instock","11":"taxable","12":"shipping-taxable","13":"purchasable","14":"product-type-simple"},"barcode":null,"atum_controlled":true,"out_stock_date":null,"out_stock_threshold":null,"inheritable":false,"stock_on_hold":0,"sold_today":0,"sales_last_days":0,"out_stock_days":0,"lost_sales":0,"update_date":"2026-04-20T12:40:21","atum_locations":[],"atum_stock_status":"instock","restock_status":false,"low_stock_amount":"","sales_update_date":"2026-04-20T12:40:21","calc_backorders":null,"yoast_head":"<!-- This site is optimized with the Yoast SEO plugin v27.3 - https:\/\/yoast.com\/product\/yoast-seo-wordpress\/ -->\n<title>RunCam RC18G FPV Super FOV Lente para DJI FPV, Phoenix e Swift 2 C\u00e2mara - Iha Race<\/title>\n<meta name=\"robots\" content=\"index, follow, max-snippet:-1, max-image-preview:large, max-video-preview:-1\" \/>\n<link rel=\"canonical\" href=\"https:\/\/iha-race.com\/pt-pt\/produto\/lente-runcam-rc18g-micro-sparrow2pro-swift2-microswift3-fov165-180\/\" \/>\n<meta property=\"og:locale\" content=\"pt_PT\" \/>\n<meta property=\"og:type\" content=\"article\" \/>\n<meta property=\"og:title\" content=\"RunCam RC18G FPV Super FOV Lente para DJI FPV, Phoenix e Swift 2 C\u00e2mara - Iha Race\" \/>\n<meta property=\"og:description\" content=\"RunCam RC18G FPV Super FOV Lente para DJI FPV, Phoenix e Swift 2 C\u00e2mara\" \/>\n<meta property=\"og:url\" content=\"https:\/\/iha-race.com\/pt-pt\/produto\/lente-runcam-rc18g-micro-sparrow2pro-swift2-microswift3-fov165-180\/\" \/>\n<meta property=\"og:site_name\" content=\"Iha Race\" \/>\n<meta property=\"article:modified_time\" content=\"2026-04-19T07:57:15+00:00\" \/>\n<meta property=\"og:image\" content=\"https:\/\/iha-race.com\/wp-content\/uploads\/2018\/08\/lente-runcam-rc18g-micro-sparrow2pro-swift2-microswift3-fov165-180-1.jpg\" \/>\n\t<meta property=\"og:image:width\" content=\"800\" \/>\n\t<meta property=\"og:image:height\" content=\"800\" \/>\n\t<meta property=\"og:image:type\" content=\"image\/jpeg\" \/>\n<meta name=\"twitter:card\" content=\"summary_large_image\" \/>\n<script type=\"application\/ld+json\" class=\"yoast-schema-graph\">{\"@context\":\"https:\\\/\\\/schema.org\",\"@graph\":[{\"@type\":\"WebPage\",\"@id\":\"https:\\\/\\\/iha-race.com\\\/pt-pt\\\/produto\\\/lente-runcam-rc18g-micro-sparrow2pro-swift2-microswift3-fov165-180\\\/\",\"url\":\"https:\\\/\\\/iha-race.com\\\/pt-pt\\\/produto\\\/lente-runcam-rc18g-micro-sparrow2pro-swift2-microswift3-fov165-180\\\/\",\"name\":\"RunCam RC18G FPV Super FOV Lente para DJI FPV, Phoenix e Swift 2 C\u00e2mara - Iha Race\",\"isPartOf\":{\"@id\":\"https:\\\/\\\/iha-race.com\\\/pt-pt\\\/#website\"},\"primaryImageOfPage\":{\"@id\":\"https:\\\/\\\/iha-race.com\\\/pt-pt\\\/produto\\\/lente-runcam-rc18g-micro-sparrow2pro-swift2-microswift3-fov165-180\\\/#primaryimage\"},\"image\":{\"@id\":\"https:\\\/\\\/iha-race.com\\\/pt-pt\\\/produto\\\/lente-runcam-rc18g-micro-sparrow2pro-swift2-microswift3-fov165-180\\\/#primaryimage\"},\"thumbnailUrl\":\"https:\\\/\\\/iha-race.com\\\/wp-content\\\/uploads\\\/2018\\\/08\\\/lente-runcam-rc18g-micro-sparrow2pro-swift2-microswift3-fov165-180-1.jpg\",\"datePublished\":\"2018-08-09T09:20:05+00:00\",\"dateModified\":\"2026-04-19T07:57:15+00:00\",\"breadcrumb\":{\"@id\":\"https:\\\/\\\/iha-race.com\\\/pt-pt\\\/produto\\\/lente-runcam-rc18g-micro-sparrow2pro-swift2-microswift3-fov165-180\\\/#breadcrumb\"},\"inLanguage\":\"pt-PT\",\"potentialAction\":[{\"@type\":\"ReadAction\",\"target\":[\"https:\\\/\\\/iha-race.com\\\/pt-pt\\\/produto\\\/lente-runcam-rc18g-micro-sparrow2pro-swift2-microswift3-fov165-180\\\/\"]}]},{\"@type\":\"ImageObject\",\"inLanguage\":\"pt-PT\",\"@id\":\"https:\\\/\\\/iha-race.com\\\/pt-pt\\\/produto\\\/lente-runcam-rc18g-micro-sparrow2pro-swift2-microswift3-fov165-180\\\/#primaryimage\",\"url\":\"https:\\\/\\\/iha-race.com\\\/wp-content\\\/uploads\\\/2018\\\/08\\\/lente-runcam-rc18g-micro-sparrow2pro-swift2-microswift3-fov165-180-1.jpg\",\"contentUrl\":\"https:\\\/\\\/iha-race.com\\\/wp-content\\\/uploads\\\/2018\\\/08\\\/lente-runcam-rc18g-micro-sparrow2pro-swift2-microswift3-fov165-180-1.jpg\",\"width\":800,\"height\":800,\"caption\":\"lente-runcam-rc18g-micro-sparrow2pro-swift2-microswift3-fov165-180\"},{\"@type\":\"BreadcrumbList\",\"@id\":\"https:\\\/\\\/iha-race.com\\\/pt-pt\\\/produto\\\/lente-runcam-rc18g-micro-sparrow2pro-swift2-microswift3-fov165-180\\\/#breadcrumb\",\"itemListElement\":[{\"@type\":\"ListItem\",\"position\":1,\"name\":\"Portada\",\"item\":\"https:\\\/\\\/iha-race.com\\\/pt-pt\\\/elementor-499\\\/\"},{\"@type\":\"ListItem\",\"position\":2,\"name\":\"Shop\",\"item\":\"https:\\\/\\\/iha-race.com\\\/pt-pt\\\/shop\\\/\"},{\"@type\":\"ListItem\",\"position\":3,\"name\":\"RunCam RC18G FPV Super FOV Lente para DJI FPV, Phoenix e Swift 2 C\u00e2mara\"}]},{\"@type\":\"WebSite\",\"@id\":\"https:\\\/\\\/iha-race.com\\\/pt-pt\\\/#website\",\"url\":\"https:\\\/\\\/iha-race.com\\\/pt-pt\\\/\",\"name\":\"Iha Race\",\"description\":\"Comprar drones de carreras FPV env\u00edos en un d\u00eda desde Espa\u00f1a\",\"publisher\":{\"@id\":\"https:\\\/\\\/iha-race.com\\\/pt-pt\\\/#organization\"},\"potentialAction\":[{\"@type\":\"SearchAction\",\"target\":{\"@type\":\"EntryPoint\",\"urlTemplate\":\"https:\\\/\\\/iha-race.com\\\/pt-pt\\\/?s={search_term_string}\"},\"query-input\":{\"@type\":\"PropertyValueSpecification\",\"valueRequired\":true,\"valueName\":\"search_term_string\"}}],\"inLanguage\":\"pt-PT\"},{\"@type\":\"Organization\",\"@id\":\"https:\\\/\\\/iha-race.com\\\/pt-pt\\\/#organization\",\"name\":\"Iha Race\",\"url\":\"https:\\\/\\\/iha-race.com\\\/pt-pt\\\/\",\"logo\":{\"@type\":\"ImageObject\",\"inLanguage\":\"pt-PT\",\"@id\":\"https:\\\/\\\/iha-race.com\\\/pt-pt\\\/#\\\/schema\\\/logo\\\/image\\\/\",\"url\":\"https:\\\/\\\/iha-race.com\\\/wp-content\\\/uploads\\\/2018\\\/07\\\/iha-race-drones-de-carreras-tienda-comprar-drones.png\",\"contentUrl\":\"https:\\\/\\\/iha-race.com\\\/wp-content\\\/uploads\\\/2018\\\/07\\\/iha-race-drones-de-carreras-tienda-comprar-drones.png\",\"width\":300,\"height\":100,\"caption\":\"Iha Race\"},\"image\":{\"@id\":\"https:\\\/\\\/iha-race.com\\\/pt-pt\\\/#\\\/schema\\\/logo\\\/image\\\/\"}}]}<\/script>\n<!-- \/ Yoast SEO plugin. -->","yoast_head_json":{"title":"RunCam RC18G FPV Super FOV Lente para DJI FPV, Phoenix e Swift 2 C\u00e2mara - Iha Race","robots":{"index":"index","follow":"follow","max-snippet":"max-snippet:-1","max-image-preview":"max-image-preview:large","max-video-preview":"max-video-preview:-1"},"canonical":"https:\/\/iha-race.com\/pt-pt\/produto\/lente-runcam-rc18g-micro-sparrow2pro-swift2-microswift3-fov165-180\/","og_locale":"pt_PT","og_type":"article","og_title":"RunCam RC18G FPV Super FOV Lente para DJI FPV, Phoenix e Swift 2 C\u00e2mara - Iha Race","og_description":"RunCam RC18G FPV Super FOV Lente para DJI FPV, Phoenix e Swift 2 C\u00e2mara","og_url":"https:\/\/iha-race.com\/pt-pt\/produto\/lente-runcam-rc18g-micro-sparrow2pro-swift2-microswift3-fov165-180\/","og_site_name":"Iha Race","article_modified_time":"2026-04-19T07:57:15+00:00","og_image":[{"width":800,"height":800,"url":"https:\/\/iha-race.com\/wp-content\/uploads\/2018\/08\/lente-runcam-rc18g-micro-sparrow2pro-swift2-microswift3-fov165-180-1.jpg","type":"image\/jpeg"}],"twitter_card":"summary_large_image","schema":{"@context":"https:\/\/schema.org","@graph":[{"@type":"WebPage","@id":"https:\/\/iha-race.com\/pt-pt\/produto\/lente-runcam-rc18g-micro-sparrow2pro-swift2-microswift3-fov165-180\/","url":"https:\/\/iha-race.com\/pt-pt\/produto\/lente-runcam-rc18g-micro-sparrow2pro-swift2-microswift3-fov165-180\/","name":"RunCam RC18G FPV Super FOV Lente para DJI FPV, Phoenix e Swift 2 C\u00e2mara - Iha Race","isPartOf":{"@id":"https:\/\/iha-race.com\/pt-pt\/#website"},"primaryImageOfPage":{"@id":"https:\/\/iha-race.com\/pt-pt\/produto\/lente-runcam-rc18g-micro-sparrow2pro-swift2-microswift3-fov165-180\/#primaryimage"},"image":{"@id":"https:\/\/iha-race.com\/pt-pt\/produto\/lente-runcam-rc18g-micro-sparrow2pro-swift2-microswift3-fov165-180\/#primaryimage"},"thumbnailUrl":"https:\/\/iha-race.com\/wp-content\/uploads\/2018\/08\/lente-runcam-rc18g-micro-sparrow2pro-swift2-microswift3-fov165-180-1.jpg","datePublished":"2018-08-09T09:20:05+00:00","dateModified":"2026-04-19T07:57:15+00:00","breadcrumb":{"@id":"https:\/\/iha-race.com\/pt-pt\/produto\/lente-runcam-rc18g-micro-sparrow2pro-swift2-microswift3-fov165-180\/#breadcrumb"},"inLanguage":"pt-PT","potentialAction":[{"@type":"ReadAction","target":["https:\/\/iha-race.com\/pt-pt\/produto\/lente-runcam-rc18g-micro-sparrow2pro-swift2-microswift3-fov165-180\/"]}]},{"@type":"ImageObject","inLanguage":"pt-PT","@id":"https:\/\/iha-race.com\/pt-pt\/produto\/lente-runcam-rc18g-micro-sparrow2pro-swift2-microswift3-fov165-180\/#primaryimage","url":"https:\/\/iha-race.com\/wp-content\/uploads\/2018\/08\/lente-runcam-rc18g-micro-sparrow2pro-swift2-microswift3-fov165-180-1.jpg","contentUrl":"https:\/\/iha-race.com\/wp-content\/uploads\/2018\/08\/lente-runcam-rc18g-micro-sparrow2pro-swift2-microswift3-fov165-180-1.jpg","width":800,"height":800,"caption":"lente-runcam-rc18g-micro-sparrow2pro-swift2-microswift3-fov165-180"},{"@type":"BreadcrumbList","@id":"https:\/\/iha-race.com\/pt-pt\/produto\/lente-runcam-rc18g-micro-sparrow2pro-swift2-microswift3-fov165-180\/#breadcrumb","itemListElement":[{"@type":"ListItem","position":1,"name":"Portada","item":"https:\/\/iha-race.com\/pt-pt\/elementor-499\/"},{"@type":"ListItem","position":2,"name":"Shop","item":"https:\/\/iha-race.com\/pt-pt\/shop\/"},{"@type":"ListItem","position":3,"name":"RunCam RC18G FPV Super FOV Lente para DJI FPV, Phoenix e Swift 2 C\u00e2mara"}]},{"@type":"WebSite","@id":"https:\/\/iha-race.com\/pt-pt\/#website","url":"https:\/\/iha-race.com\/pt-pt\/","name":"Iha Race","description":"Comprar drones de carreras FPV env\u00edos en un d\u00eda desde Espa\u00f1a","publisher":{"@id":"https:\/\/iha-race.com\/pt-pt\/#organization"},"potentialAction":[{"@type":"SearchAction","target":{"@type":"EntryPoint","urlTemplate":"https:\/\/iha-race.com\/pt-pt\/?s={search_term_string}"},"query-input":{"@type":"PropertyValueSpecification","valueRequired":true,"valueName":"search_term_string"}}],"inLanguage":"pt-PT"},{"@type":"Organization","@id":"https:\/\/iha-race.com\/pt-pt\/#organization","name":"Iha Race","url":"https:\/\/iha-race.com\/pt-pt\/","logo":{"@type":"ImageObject","inLanguage":"pt-PT","@id":"https:\/\/iha-race.com\/pt-pt\/#\/schema\/logo\/image\/","url":"https:\/\/iha-race.com\/wp-content\/uploads\/2018\/07\/iha-race-drones-de-carreras-tienda-comprar-drones.png","contentUrl":"https:\/\/iha-race.com\/wp-content\/uploads\/2018\/07\/iha-race-drones-de-carreras-tienda-comprar-drones.png","width":300,"height":100,"caption":"Iha Race"},"image":{"@id":"https:\/\/iha-race.com\/pt-pt\/#\/schema\/logo\/image\/"}}]}},"jetpack_sharing_enabled":true,"brands":[],"_links":{"self":[{"href":"https:\/\/iha-race.com\/pt-pt\/wp-json\/wp\/v2\/product\/111897","targetHints":{"allow":["GET"]}}],"collection":[{"href":"https:\/\/iha-race.com\/pt-pt\/wp-json\/wp\/v2\/product"}],"about":[{"href":"https:\/\/iha-race.com\/pt-pt\/wp-json\/wp\/v2\/types\/product"}],"replies":[{"embeddable":true,"href":"https:\/\/iha-race.com\/pt-pt\/wp-json\/wp\/v2\/comments?post=111897"}],"version-history":[{"count":1,"href":"https:\/\/iha-race.com\/pt-pt\/wp-json\/wp\/v2\/product\/111897\/revisions"}],"predecessor-version":[{"id":230725,"href":"https:\/\/iha-race.com\/pt-pt\/wp-json\/wp\/v2\/product\/111897\/revisions\/230725"}],"wp:featuredmedia":[{"embeddable":true,"href":"https:\/\/iha-race.com\/pt-pt\/wp-json\/wp\/v2\/media\/93970"}],"wp:attachment":[{"href":"https:\/\/iha-race.com\/pt-pt\/wp-json\/wp\/v2\/media?parent=111897"}],"wp:term":[{"taxonomy":"pwb-brand","embeddable":true,"href":"https:\/\/iha-race.com\/pt-pt\/wp-json\/wp\/v2\/pwb-brand?post=111897"},{"taxonomy":"product_cat","embeddable":true,"href":"https:\/\/iha-race.com\/pt-pt\/wp-json\/wp\/v2\/product_cat?post=111897"},{"taxonomy":"product_tag","embeddable":true,"href":"https:\/\/iha-race.com\/pt-pt\/wp-json\/wp\/v2\/product_tag?post=111897"}],"curies":[{"name":"wp","href":"https:\/\/api.w.org\/{rel}","templated":true}]}}