{"id":111833,"date":"2018-07-26T18:50:47","date_gmt":"2018-07-26T16:50:47","guid":{"rendered":"https:\/\/iha-race.com\/producto\/mateksys-f405-wte-controlador-de-voo\/"},"modified":"2024-08-29T16:35:24","modified_gmt":"2024-08-29T14:35:24","slug":"voo-controlo-companheiros-f405-wte","status":"publish","type":"product","link":"https:\/\/iha-race.com\/pt-pt\/produto\/voo-controlo-companheiros-f405-wte\/","title":{"rendered":"Mateksys F405-WTE Controlador de Voo"},"content":{"rendered":"<h2><span data-sheets-value=\"{\"1\":2,\"2\":\"Control de Vuelo Mateksys F405-WTE\"}\" data-sheets-userformat=\"{\"2\":11009,\"3\":{\"1\":0},\"11\":4,\"12\":0,\"14\":{\"1\":2,\"2\":1118481},\"16\":12}\">Mateksys F405-WTE Controlador de Voo<\/span><\/h2>\n<p>&nbsp;<\/p>\n<p><img fetchpriority=\"high\" decoding=\"async\" class=\"alignnone size-full wp-image-10146\" src=\"http:\/\/www.mateksys.com\/wp-content\/uploads\/2022\/04\/F405-WTE_2.jpg\" alt=\"\" width=\"1500\" height=\"600\"> <img decoding=\"async\" class=\"alignnone size-full wp-image-10147\" src=\"http:\/\/www.mateksys.com\/wp-content\/uploads\/2022\/04\/F405-WTE_3.jpg\" alt=\"\" width=\"1500\" height=\"600\"><\/p>\n<h3><a href=\"http:\/\/www.mateksys.com\/downloads\/Manual\/F405-WTE_Manual.pdf\" target=\"_blank\" rel=\"noopener noreferrer\">F405-WTE Guia de In\u00edcio R\u00e1pido<\/a> PDF<\/h3>\n<hr>\n<p><strong>Especifica\u00e7\u00f5es da CAF<\/strong><\/p>\n<ul>\n<li>MCU: STM32F405RGT6, 168MHz , 1MB Flash<\/li>\n<li>IMU: ICM42688-P<\/li>\n<li>Baro: SPL06-001<\/li>\n<li>OSD: AT7456E<\/li>\n<li>Caixa negra: ranhura para cart\u00e3o MicroSD<\/li>\n<li>ESP Telemetria WiFi (MAVLink, 14dBm)<\/li>\n<li>Receptor ExpressLRS 2.4G (protocolo CRSF, Telemetria 12dBm)<\/li>\n<li>6x UARTs, 1x op\u00e7\u00e3o Softserial_Tx(INAV)<\/li>\n<li>12x sa\u00eddas PWM<\/li>\n<li>1x I2C<\/li>\n<li>4x ADC (VBAT, Corrente, RSSI, Velocidade do ar)<\/li>\n<li>Extensor USB\/Beep com Tipo-C(USB2.0)<\/li>\n<li>Interruptor de entrada dupla de c\u00e2mara<\/li>\n<li>9V(12V) para interruptor de alimenta\u00e7\u00e3o VTX<\/li>\n<\/ul>\n<p><strong>FC Firmware<\/strong><\/p>\n<ul>\n<li>ArduPilot: MatekF405-TE<\/li>\n<li>INAV: MATEKF405TE_SD (n\u00e3o dispon\u00edvel no configurador INAV 4.x)<\/li>\n<\/ul>\n<p><strong>PDB<\/strong><\/p>\n<ul>\n<li>Gama de voltagem de entrada: 6,8~30V (2~6S LiPo)<\/li>\n<li>1x blocos de alimenta\u00e7\u00e3o ESC<\/li>\n<li>Divisor de tens\u00e3o da bateria 1K:20K (Balan\u00e7a 2100 em INAV, BATT_VOLT_MULT 21.0 em ArduPilot)<\/li>\n<li>Actual Senhor: 220A, 3.3V ADC (Escala 150 em INAV, 66.7 A\/V em ArduPilot)<\/li>\n<li>Resistor sensorial: 90A cont\u00ednuo, 220A pico<\/li>\n<\/ul>\n<p><strong>Produ\u00e7\u00e3o BEC 5V<\/strong><\/p>\n<ul>\n<li>Concebido para controlador de voo, Receptor, OSD, C\u00e2mara, Buzzer, 2812 LED_Strip, Buzzer, m\u00f3dulo GPS, AirSpeed<\/li>\n<li>Corrente cont\u00ednua: 2 Amps, Max.3A<\/li>\n<\/ul>\n<p><strong>Produ\u00e7\u00e3o BEC 9V \/12V<\/strong><\/p>\n<ul>\n<li>Concebido para Transmissor de V\u00eddeo, C\u00e2mara, Gimbal ect.<\/li>\n<li>Corrente cont\u00ednua: 2 Amps, Max.3A<\/li>\n<li>Op\u00e7\u00e3o de 12V com Jumper Pad<\/li>\n<li>para sa\u00edda est\u00e1vel de 9V\/12V, a tens\u00e3o de entrada deve &gt; tens\u00e3o de sa\u00edda +1V<\/li>\n<\/ul>\n<p><strong>Sa\u00edda BEC Vx<\/strong><\/p>\n<ul>\n<li>Concebido para Servos<\/li>\n<li>Tens\u00e3o ajust\u00e1vel, 5V Default, 6V ou 7.2V via jumper<\/li>\n<li>Corrente cont\u00ednua: 8 Amps, Max.10A<\/li>\n<li>para sa\u00edda Vx est\u00e1vel, a tens\u00e3o de entrada deve &gt; Vx tens\u00e3o +1V<\/li>\n<\/ul>\n<p><strong>Sa\u00edda BEC 3.3V<\/strong><\/p>\n<ul>\n<li>Concebido para m\u00f3dulo Baro \/ Compass e perif\u00e9ricos externos de 3,3V<\/li>\n<li>Regulador Linear<\/li>\n<li>Corrente cont\u00ednua: 200mA<\/li>\n<\/ul>\n<p><strong>F\u00edsico<\/strong><\/p>\n<ul>\n<li>Montagem: 25 x 25mm, \u03a62mm<\/li>\n<li>Dimens\u00f5es: 44 x 29 x 12,7mm<\/li>\n<li>Peso: 22g c\/ adaptador USB\/buzzer<\/li>\n<\/ul>\n<p><strong>Incluindo<\/strong><\/p>\n<ul>\n<li>1x F405-WTE<\/li>\n<li>1x USB(Tipo-C)\/Beep (campainha passiva) Extensor + 20cm JST-SH-6P para cabo JST-SH-6P para extensor USB.<\/li>\n<li>2x Antenas IPEX-MHF1 2.4G<\/li>\n<li>1x condensador Rubycon ZLH 35V 470uF<\/li>\n<li>Dupont 2,54 pinos <strong>(o cart\u00e3o \u00e9 enviado sem soldadura)<\/strong><\/li>\n<\/ul>\n<p><img decoding=\"async\" src=\"http:\/\/www.mateksys.com\/wp-content\/uploads\/2022\/04\/F405-WTE_Wiring.jpg\"><\/p>\n<p>&nbsp;<\/p>\n<p>&nbsp;<\/p>\n","protected":false},"excerpt":{"rendered":"<p>Mateksys F405-WTE Controlador de Voo &nbsp; F405-WTE Guia de In\u00edcio R\u00e1pido PDF Especifica\u00e7\u00f5es da CAF MCU: STM32F405RGT6, 168MHz , 1MB Flash IMU: ICM42688-P Baro: SPL06-001 OSD: AT7456E Caixa negra: ranhura<\/p>\n","protected":false},"featured_media":109587,"comment_status":"open","ping_status":"closed","template":"","meta":{"_joinchat":[]},"pwb-brand":[],"product_cat":[1210],"product_tag":[],"class_list":{"0":"post-111833","1":"product","2":"type-product","3":"status-publish","4":"has-post-thumbnail","6":"product_cat-controladores-de-drone","8":"first","9":"instock","10":"taxable","11":"shipping-taxable","12":"purchasable","13":"product-type-simple"},"barcode":null,"atum_controlled":true,"out_stock_date":null,"out_stock_threshold":null,"inheritable":false,"stock_on_hold":0,"sold_today":0,"sales_last_days":0,"out_stock_days":0,"lost_sales":0,"update_date":"2026-04-18T17:57:52","atum_locations":[],"atum_stock_status":"instock","restock_status":false,"low_stock_amount":0,"sales_update_date":"2026-04-18T17:57:52","calc_backorders":null,"yoast_head":"<!-- This site is optimized with the Yoast SEO plugin v27.3 - https:\/\/yoast.com\/product\/yoast-seo-wordpress\/ -->\n<title>\u25b7 Mateksys F405-wing &quot; Controlo de voo STM32 INAVOSD MPU6000 BMP280<\/title>\n<meta name=\"description\" content=\"Comprar here\u261d.\u3010 Matek SYS F405 - Wing Flight Controller \u3011\u2705 Iha Race peritos em corridas de zang\u00f5es FPV. Enviamos em 24H a partir de Espanha. \u260e676757149\" \/>\n<meta name=\"robots\" content=\"index, follow, max-snippet:-1, max-image-preview:large, max-video-preview:-1\" \/>\n<link rel=\"canonical\" href=\"https:\/\/iha-race.com\/pt-pt\/produto\/voo-controlo-companheiros-f405-wte\/\" \/>\n<meta property=\"og:locale\" content=\"pt_PT\" \/>\n<meta property=\"og:type\" content=\"article\" \/>\n<meta property=\"og:title\" content=\"\u25b7 Mateksys F405-wing &quot; Controlo de voo STM32 INAVOSD MPU6000 BMP280\" \/>\n<meta property=\"og:description\" content=\"Comprar here\u261d.\u3010 Matek SYS F405 - Wing Flight Controller \u3011\u2705 Iha Race peritos em corridas de zang\u00f5es FPV. Enviamos em 24H a partir de Espanha. \u260e676757149\" \/>\n<meta property=\"og:url\" content=\"https:\/\/iha-race.com\/pt-pt\/produto\/voo-controlo-companheiros-f405-wte\/\" \/>\n<meta property=\"og:site_name\" content=\"Iha Race\" \/>\n<meta property=\"article:modified_time\" content=\"2024-08-29T14:35:24+00:00\" \/>\n<meta property=\"og:image\" content=\"https:\/\/iha-race.com\/wp-content\/uploads\/2018\/07\/S398245dbd6c7462baf80e5b075e3a8dbh.jpg\" \/>\n\t<meta property=\"og:image:width\" content=\"800\" \/>\n\t<meta property=\"og:image:height\" content=\"800\" \/>\n\t<meta property=\"og:image:type\" content=\"image\/jpeg\" \/>\n<meta name=\"twitter:card\" content=\"summary_large_image\" \/>\n<meta name=\"twitter:label1\" content=\"Tempo estimado de leitura\" \/>\n\t<meta name=\"twitter:data1\" content=\"2 minutos\" \/>\n<script type=\"application\/ld+json\" class=\"yoast-schema-graph\">{\"@context\":\"https:\\\/\\\/schema.org\",\"@graph\":[{\"@type\":\"WebPage\",\"@id\":\"https:\\\/\\\/iha-race.com\\\/pt-pt\\\/produto\\\/voo-controlo-companheiros-f405-wte\\\/\",\"url\":\"https:\\\/\\\/iha-race.com\\\/pt-pt\\\/produto\\\/voo-controlo-companheiros-f405-wte\\\/\",\"name\":\"\u25b7 Mateksys F405-wing \\\" Controlo de voo STM32 INAVOSD MPU6000 BMP280\",\"isPartOf\":{\"@id\":\"https:\\\/\\\/iha-race.com\\\/pt-pt\\\/#website\"},\"primaryImageOfPage\":{\"@id\":\"https:\\\/\\\/iha-race.com\\\/pt-pt\\\/produto\\\/voo-controlo-companheiros-f405-wte\\\/#primaryimage\"},\"image\":{\"@id\":\"https:\\\/\\\/iha-race.com\\\/pt-pt\\\/produto\\\/voo-controlo-companheiros-f405-wte\\\/#primaryimage\"},\"thumbnailUrl\":\"https:\\\/\\\/iha-race.com\\\/wp-content\\\/uploads\\\/2018\\\/07\\\/S398245dbd6c7462baf80e5b075e3a8dbh.jpg\",\"datePublished\":\"2018-07-26T16:50:47+00:00\",\"dateModified\":\"2024-08-29T14:35:24+00:00\",\"description\":\"Comprar here\u261d.\u3010 Matek SYS F405 - Wing Flight Controller \u3011\u2705 Iha Race peritos em corridas de zang\u00f5es FPV. Enviamos em 24H a partir de Espanha. \u260e676757149\",\"breadcrumb\":{\"@id\":\"https:\\\/\\\/iha-race.com\\\/pt-pt\\\/produto\\\/voo-controlo-companheiros-f405-wte\\\/#breadcrumb\"},\"inLanguage\":\"pt-PT\",\"potentialAction\":[{\"@type\":\"ReadAction\",\"target\":[\"https:\\\/\\\/iha-race.com\\\/pt-pt\\\/produto\\\/voo-controlo-companheiros-f405-wte\\\/\"]}]},{\"@type\":\"ImageObject\",\"inLanguage\":\"pt-PT\",\"@id\":\"https:\\\/\\\/iha-race.com\\\/pt-pt\\\/produto\\\/voo-controlo-companheiros-f405-wte\\\/#primaryimage\",\"url\":\"https:\\\/\\\/iha-race.com\\\/wp-content\\\/uploads\\\/2018\\\/07\\\/S398245dbd6c7462baf80e5b075e3a8dbh.jpg\",\"contentUrl\":\"https:\\\/\\\/iha-race.com\\\/wp-content\\\/uploads\\\/2018\\\/07\\\/S398245dbd6c7462baf80e5b075e3a8dbh.jpg\",\"width\":800,\"height\":800,\"caption\":\"Comprar Mateksys F405-WTE Flight Controller\"},{\"@type\":\"BreadcrumbList\",\"@id\":\"https:\\\/\\\/iha-race.com\\\/pt-pt\\\/produto\\\/voo-controlo-companheiros-f405-wte\\\/#breadcrumb\",\"itemListElement\":[{\"@type\":\"ListItem\",\"position\":1,\"name\":\"Portada\",\"item\":\"https:\\\/\\\/iha-race.com\\\/pt-pt\\\/elementor-499\\\/\"},{\"@type\":\"ListItem\",\"position\":2,\"name\":\"Shop\",\"item\":\"https:\\\/\\\/iha-race.com\\\/pt-pt\\\/shop\\\/\"},{\"@type\":\"ListItem\",\"position\":3,\"name\":\"Mateksys F405-WTE Controlador de Voo\"}]},{\"@type\":\"WebSite\",\"@id\":\"https:\\\/\\\/iha-race.com\\\/pt-pt\\\/#website\",\"url\":\"https:\\\/\\\/iha-race.com\\\/pt-pt\\\/\",\"name\":\"Iha Race\",\"description\":\"Comprar drones de carreras FPV env\u00edos en un d\u00eda desde Espa\u00f1a\",\"publisher\":{\"@id\":\"https:\\\/\\\/iha-race.com\\\/pt-pt\\\/#organization\"},\"potentialAction\":[{\"@type\":\"SearchAction\",\"target\":{\"@type\":\"EntryPoint\",\"urlTemplate\":\"https:\\\/\\\/iha-race.com\\\/pt-pt\\\/?s={search_term_string}\"},\"query-input\":{\"@type\":\"PropertyValueSpecification\",\"valueRequired\":true,\"valueName\":\"search_term_string\"}}],\"inLanguage\":\"pt-PT\"},{\"@type\":\"Organization\",\"@id\":\"https:\\\/\\\/iha-race.com\\\/pt-pt\\\/#organization\",\"name\":\"Iha Race\",\"url\":\"https:\\\/\\\/iha-race.com\\\/pt-pt\\\/\",\"logo\":{\"@type\":\"ImageObject\",\"inLanguage\":\"pt-PT\",\"@id\":\"https:\\\/\\\/iha-race.com\\\/pt-pt\\\/#\\\/schema\\\/logo\\\/image\\\/\",\"url\":\"https:\\\/\\\/iha-race.com\\\/wp-content\\\/uploads\\\/2018\\\/07\\\/iha-race-drones-de-carreras-tienda-comprar-drones.png\",\"contentUrl\":\"https:\\\/\\\/iha-race.com\\\/wp-content\\\/uploads\\\/2018\\\/07\\\/iha-race-drones-de-carreras-tienda-comprar-drones.png\",\"width\":300,\"height\":100,\"caption\":\"Iha Race\"},\"image\":{\"@id\":\"https:\\\/\\\/iha-race.com\\\/pt-pt\\\/#\\\/schema\\\/logo\\\/image\\\/\"}}]}<\/script>\n<!-- \/ Yoast SEO plugin. -->","yoast_head_json":{"title":"\u25b7 Mateksys F405-wing \" Controlo de voo STM32 INAVOSD MPU6000 BMP280","description":"Comprar here\u261d.\u3010 Matek SYS F405 - Wing Flight Controller \u3011\u2705 Iha Race peritos em corridas de zang\u00f5es FPV. Enviamos em 24H a partir de Espanha. \u260e676757149","robots":{"index":"index","follow":"follow","max-snippet":"max-snippet:-1","max-image-preview":"max-image-preview:large","max-video-preview":"max-video-preview:-1"},"canonical":"https:\/\/iha-race.com\/pt-pt\/produto\/voo-controlo-companheiros-f405-wte\/","og_locale":"pt_PT","og_type":"article","og_title":"\u25b7 Mateksys F405-wing \" Controlo de voo STM32 INAVOSD MPU6000 BMP280","og_description":"Comprar here\u261d.\u3010 Matek SYS F405 - Wing Flight Controller \u3011\u2705 Iha Race peritos em corridas de zang\u00f5es FPV. Enviamos em 24H a partir de Espanha. \u260e676757149","og_url":"https:\/\/iha-race.com\/pt-pt\/produto\/voo-controlo-companheiros-f405-wte\/","og_site_name":"Iha Race","article_modified_time":"2024-08-29T14:35:24+00:00","og_image":[{"width":800,"height":800,"url":"https:\/\/iha-race.com\/wp-content\/uploads\/2018\/07\/S398245dbd6c7462baf80e5b075e3a8dbh.jpg","type":"image\/jpeg"}],"twitter_card":"summary_large_image","twitter_misc":{"Tempo estimado de leitura":"2 minutos"},"schema":{"@context":"https:\/\/schema.org","@graph":[{"@type":"WebPage","@id":"https:\/\/iha-race.com\/pt-pt\/produto\/voo-controlo-companheiros-f405-wte\/","url":"https:\/\/iha-race.com\/pt-pt\/produto\/voo-controlo-companheiros-f405-wte\/","name":"\u25b7 Mateksys F405-wing \" Controlo de voo STM32 INAVOSD MPU6000 BMP280","isPartOf":{"@id":"https:\/\/iha-race.com\/pt-pt\/#website"},"primaryImageOfPage":{"@id":"https:\/\/iha-race.com\/pt-pt\/produto\/voo-controlo-companheiros-f405-wte\/#primaryimage"},"image":{"@id":"https:\/\/iha-race.com\/pt-pt\/produto\/voo-controlo-companheiros-f405-wte\/#primaryimage"},"thumbnailUrl":"https:\/\/iha-race.com\/wp-content\/uploads\/2018\/07\/S398245dbd6c7462baf80e5b075e3a8dbh.jpg","datePublished":"2018-07-26T16:50:47+00:00","dateModified":"2024-08-29T14:35:24+00:00","description":"Comprar here\u261d.\u3010 Matek SYS F405 - Wing Flight Controller \u3011\u2705 Iha Race peritos em corridas de zang\u00f5es FPV. Enviamos em 24H a partir de Espanha. \u260e676757149","breadcrumb":{"@id":"https:\/\/iha-race.com\/pt-pt\/produto\/voo-controlo-companheiros-f405-wte\/#breadcrumb"},"inLanguage":"pt-PT","potentialAction":[{"@type":"ReadAction","target":["https:\/\/iha-race.com\/pt-pt\/produto\/voo-controlo-companheiros-f405-wte\/"]}]},{"@type":"ImageObject","inLanguage":"pt-PT","@id":"https:\/\/iha-race.com\/pt-pt\/produto\/voo-controlo-companheiros-f405-wte\/#primaryimage","url":"https:\/\/iha-race.com\/wp-content\/uploads\/2018\/07\/S398245dbd6c7462baf80e5b075e3a8dbh.jpg","contentUrl":"https:\/\/iha-race.com\/wp-content\/uploads\/2018\/07\/S398245dbd6c7462baf80e5b075e3a8dbh.jpg","width":800,"height":800,"caption":"Comprar Mateksys F405-WTE Flight Controller"},{"@type":"BreadcrumbList","@id":"https:\/\/iha-race.com\/pt-pt\/produto\/voo-controlo-companheiros-f405-wte\/#breadcrumb","itemListElement":[{"@type":"ListItem","position":1,"name":"Portada","item":"https:\/\/iha-race.com\/pt-pt\/elementor-499\/"},{"@type":"ListItem","position":2,"name":"Shop","item":"https:\/\/iha-race.com\/pt-pt\/shop\/"},{"@type":"ListItem","position":3,"name":"Mateksys F405-WTE Controlador de Voo"}]},{"@type":"WebSite","@id":"https:\/\/iha-race.com\/pt-pt\/#website","url":"https:\/\/iha-race.com\/pt-pt\/","name":"Iha Race","description":"Comprar drones de carreras FPV env\u00edos en un d\u00eda desde Espa\u00f1a","publisher":{"@id":"https:\/\/iha-race.com\/pt-pt\/#organization"},"potentialAction":[{"@type":"SearchAction","target":{"@type":"EntryPoint","urlTemplate":"https:\/\/iha-race.com\/pt-pt\/?s={search_term_string}"},"query-input":{"@type":"PropertyValueSpecification","valueRequired":true,"valueName":"search_term_string"}}],"inLanguage":"pt-PT"},{"@type":"Organization","@id":"https:\/\/iha-race.com\/pt-pt\/#organization","name":"Iha Race","url":"https:\/\/iha-race.com\/pt-pt\/","logo":{"@type":"ImageObject","inLanguage":"pt-PT","@id":"https:\/\/iha-race.com\/pt-pt\/#\/schema\/logo\/image\/","url":"https:\/\/iha-race.com\/wp-content\/uploads\/2018\/07\/iha-race-drones-de-carreras-tienda-comprar-drones.png","contentUrl":"https:\/\/iha-race.com\/wp-content\/uploads\/2018\/07\/iha-race-drones-de-carreras-tienda-comprar-drones.png","width":300,"height":100,"caption":"Iha Race"},"image":{"@id":"https:\/\/iha-race.com\/pt-pt\/#\/schema\/logo\/image\/"}}]}},"jetpack_sharing_enabled":true,"brands":[],"_links":{"self":[{"href":"https:\/\/iha-race.com\/pt-pt\/wp-json\/wp\/v2\/product\/111833","targetHints":{"allow":["GET"]}}],"collection":[{"href":"https:\/\/iha-race.com\/pt-pt\/wp-json\/wp\/v2\/product"}],"about":[{"href":"https:\/\/iha-race.com\/pt-pt\/wp-json\/wp\/v2\/types\/product"}],"replies":[{"embeddable":true,"href":"https:\/\/iha-race.com\/pt-pt\/wp-json\/wp\/v2\/comments?post=111833"}],"version-history":[{"count":1,"href":"https:\/\/iha-race.com\/pt-pt\/wp-json\/wp\/v2\/product\/111833\/revisions"}],"predecessor-version":[{"id":116241,"href":"https:\/\/iha-race.com\/pt-pt\/wp-json\/wp\/v2\/product\/111833\/revisions\/116241"}],"wp:featuredmedia":[{"embeddable":true,"href":"https:\/\/iha-race.com\/pt-pt\/wp-json\/wp\/v2\/media\/109587"}],"wp:attachment":[{"href":"https:\/\/iha-race.com\/pt-pt\/wp-json\/wp\/v2\/media?parent=111833"}],"wp:term":[{"taxonomy":"pwb-brand","embeddable":true,"href":"https:\/\/iha-race.com\/pt-pt\/wp-json\/wp\/v2\/pwb-brand?post=111833"},{"taxonomy":"product_cat","embeddable":true,"href":"https:\/\/iha-race.com\/pt-pt\/wp-json\/wp\/v2\/product_cat?post=111833"},{"taxonomy":"product_tag","embeddable":true,"href":"https:\/\/iha-race.com\/pt-pt\/wp-json\/wp\/v2\/product_tag?post=111833"}],"curies":[{"name":"wp","href":"https:\/\/api.w.org\/{rel}","templated":true}]}}