{"id":111821,"date":"2021-03-28T12:27:39","date_gmt":"2021-03-28T10:27:39","guid":{"rendered":"https:\/\/iha-race.com\/producto\/amortecedor-m3-anti-vibracao-para-fc-4-pecas\/"},"modified":"2024-08-29T12:30:32","modified_gmt":"2024-08-29T10:30:32","slug":"amortecedor-de-choque-m3-anti-vibracao-por-fc-4-pecas","status":"publish","type":"product","link":"https:\/\/iha-race.com\/pt-pt\/produto\/amortecedor-de-choque-m3-anti-vibracao-por-fc-4-pecas\/","title":{"rendered":"Amortecedor M3 Anti-Vibra\u00e7\u00e3o para FC (4 pe\u00e7as)."},"content":{"rendered":"<h2>Amortecedor M3 Anti-Vibra\u00e7\u00e3o para FC (4 pe\u00e7as)<\/h2>\n<h2><strong>Caracter\u00edsticas:<\/strong><\/h2>\n<ul>\n<li>Ajudando a reduzir eficazmente a sensibilidade do controlo de voo, \u00e9 uma necessidade imprescind\u00edvel para os pilotos que se adaptam a experi\u00eancias de corrida extremas.<\/li>\n<li>Compatibilidade com os \u00faltimos F4 e F7 32bt de controlo de voo.<\/li>\n<li>Amortecedor M3 Anti-Vibra\u00e7\u00e3o M3 para FC<\/li>\n<\/ul>\n<p><img fetchpriority=\"high\" decoding=\"async\" class=\"alignleft wp-image-62720 size-medium\" src=\"https:\/\/iha-race.com\/wp-content\/uploads\/2021\/03\/Columnas-anti-vibracion-medidas-300x300.jpg\" alt=\"\" width=\"300\" height=\"300\" srcset=\"https:\/\/iha-race.com\/wp-content\/uploads\/2021\/03\/Columnas-anti-vibracion-medidas-300x300.jpg 300w, https:\/\/iha-race.com\/wp-content\/uploads\/2021\/03\/Columnas-anti-vibracion-medidas-100x100.jpg 100w, https:\/\/iha-race.com\/wp-content\/uploads\/2021\/03\/Columnas-anti-vibracion-medidas-600x600.jpg 600w, https:\/\/iha-race.com\/wp-content\/uploads\/2021\/03\/Columnas-anti-vibracion-medidas-1024x1024.jpg 1024w, https:\/\/iha-race.com\/wp-content\/uploads\/2021\/03\/Columnas-anti-vibracion-medidas-150x150.jpg 150w, https:\/\/iha-race.com\/wp-content\/uploads\/2021\/03\/Columnas-anti-vibracion-medidas-768x768.jpg 768w, https:\/\/iha-race.com\/wp-content\/uploads\/2021\/03\/Columnas-anti-vibracion-medidas-1536x1536.jpg 1536w, https:\/\/iha-race.com\/wp-content\/uploads\/2021\/03\/Columnas-anti-vibracion-medidas-2048x2048.jpg 2048w, https:\/\/iha-race.com\/wp-content\/uploads\/2021\/03\/Columnas-anti-vibracion-medidas-788x788.jpg 788w, https:\/\/iha-race.com\/wp-content\/uploads\/2021\/03\/Columnas-anti-vibracion-medidas-135x135.jpg 135w, https:\/\/iha-race.com\/wp-content\/uploads\/2021\/03\/Columnas-anti-vibracion-medidas.jpg 800w\" sizes=\"(max-width: 300px) 100vw, 300px\" \/><\/p>\n<p>&nbsp;<\/p>\n<h2><\/h2>\n<h2><\/h2>\n<h2><\/h2>\n<h2><\/h2>\n<h2><\/h2>\n<h2><\/h2>\n<h2><\/h2>\n<h2>O pacote inclui:<\/h2>\n<ul>\n<li>4 x Amortecedores Anti-vibra\u00e7\u00e3o M3 (Preto, Amarelo ou Lil\u00e1s)<\/li>\n<\/ul>\n","protected":false},"excerpt":{"rendered":"<p>Amortecedor M3 Anti-Vibra\u00e7\u00e3o para FC (4 pe\u00e7as) Caracter\u00edsticas: Ajudando a reduzir eficazmente a sensibilidade do controlo de voo, \u00e9 uma necessidade imprescind\u00edvel para os pilotos que se adaptam a experi\u00eancias<\/p>\n","protected":false},"featured_media":93814,"comment_status":"open","ping_status":"closed","template":"","meta":{"_joinchat":[]},"pwb-brand":[],"product_cat":[1083,1250,1210],"product_tag":[],"class_list":{"0":"post-111821","1":"product","2":"type-product","3":"status-publish","4":"has-post-thumbnail","6":"product_cat-acessorios","7":"product_cat-colunas-separadoras","8":"product_cat-controladores-de-drone","10":"first","11":"instock","12":"taxable","13":"shipping-taxable","14":"purchasable","15":"product-type-variable"},"barcode":null,"atum_controlled":true,"out_stock_date":"2020-05-12 14:19:45","out_stock_threshold":null,"inheritable":true,"stock_on_hold":0,"sold_today":0,"sales_last_days":0,"out_stock_days":1357,"lost_sales":0,"update_date":"2026-04-16T08:17:08","atum_locations":[],"atum_stock_status":"instock","restock_status":false,"low_stock_amount":"","sales_update_date":"2026-04-16T08:17:08","calc_backorders":null,"yoast_head":"<!-- This site is optimized with the Yoast SEO plugin v27.3 - https:\/\/yoast.com\/product\/yoast-seo-wordpress\/ -->\n<title>Amortecedor M3 Anti-Vibra\u00e7\u00e3o para FC (4 pe\u00e7as). - Iha Race<\/title>\n<meta name=\"robots\" content=\"noindex, follow\" \/>\n<meta property=\"og:locale\" content=\"pt_PT\" \/>\n<meta property=\"og:type\" content=\"article\" \/>\n<meta property=\"og:title\" content=\"Amortecedor M3 Anti-Vibra\u00e7\u00e3o para FC (4 pe\u00e7as). - Iha Race\" \/>\n<meta property=\"og:description\" content=\"Amortecedor M3 Anti-Vibra\u00e7\u00e3o para FC (4 pe\u00e7as) Caracter\u00edsticas: Ajudando a reduzir eficazmente a sensibilidade do controlo de voo, \u00e9 uma necessidade imprescind\u00edvel para os pilotos que se adaptam a experi\u00eancias\" \/>\n<meta property=\"og:url\" content=\"https:\/\/iha-race.com\/pt-pt\/produto\/amortecedor-de-choque-m3-anti-vibracao-por-fc-4-pecas\/\" \/>\n<meta property=\"og:site_name\" content=\"Iha Race\" \/>\n<meta property=\"article:modified_time\" content=\"2024-08-29T10:30:32+00:00\" \/>\n<meta property=\"og:image\" content=\"https:\/\/iha-race.com\/wp-content\/uploads\/2018\/07\/amortiguador-m3-anti-vibracion-para-fc-1.jpg\" \/>\n\t<meta property=\"og:image:width\" content=\"800\" \/>\n\t<meta property=\"og:image:height\" content=\"800\" \/>\n\t<meta property=\"og:image:type\" content=\"image\/jpeg\" \/>\n<meta name=\"twitter:card\" content=\"summary_large_image\" \/>\n<script type=\"application\/ld+json\" class=\"yoast-schema-graph\">{\"@context\":\"https:\\\/\\\/schema.org\",\"@graph\":[{\"@type\":\"WebPage\",\"@id\":\"https:\\\/\\\/iha-race.com\\\/pt-pt\\\/produto\\\/amortecedor-de-choque-m3-anti-vibracao-por-fc-4-pecas\\\/\",\"url\":\"https:\\\/\\\/iha-race.com\\\/pt-pt\\\/produto\\\/amortecedor-de-choque-m3-anti-vibracao-por-fc-4-pecas\\\/\",\"name\":\"Amortecedor M3 Anti-Vibra\u00e7\u00e3o para FC (4 pe\u00e7as). - Iha Race\",\"isPartOf\":{\"@id\":\"https:\\\/\\\/iha-race.com\\\/pt-pt\\\/#website\"},\"primaryImageOfPage\":{\"@id\":\"https:\\\/\\\/iha-race.com\\\/pt-pt\\\/produto\\\/amortecedor-de-choque-m3-anti-vibracao-por-fc-4-pecas\\\/#primaryimage\"},\"image\":{\"@id\":\"https:\\\/\\\/iha-race.com\\\/pt-pt\\\/produto\\\/amortecedor-de-choque-m3-anti-vibracao-por-fc-4-pecas\\\/#primaryimage\"},\"thumbnailUrl\":\"https:\\\/\\\/iha-race.com\\\/wp-content\\\/uploads\\\/2018\\\/07\\\/amortiguador-m3-anti-vibracion-para-fc-1.jpg\",\"datePublished\":\"2021-03-28T10:27:39+00:00\",\"dateModified\":\"2024-08-29T10:30:32+00:00\",\"breadcrumb\":{\"@id\":\"https:\\\/\\\/iha-race.com\\\/pt-pt\\\/produto\\\/amortecedor-de-choque-m3-anti-vibracao-por-fc-4-pecas\\\/#breadcrumb\"},\"inLanguage\":\"pt-PT\",\"potentialAction\":[{\"@type\":\"ReadAction\",\"target\":[\"https:\\\/\\\/iha-race.com\\\/pt-pt\\\/produto\\\/amortecedor-de-choque-m3-anti-vibracao-por-fc-4-pecas\\\/\"]}]},{\"@type\":\"ImageObject\",\"inLanguage\":\"pt-PT\",\"@id\":\"https:\\\/\\\/iha-race.com\\\/pt-pt\\\/produto\\\/amortecedor-de-choque-m3-anti-vibracao-por-fc-4-pecas\\\/#primaryimage\",\"url\":\"https:\\\/\\\/iha-race.com\\\/wp-content\\\/uploads\\\/2018\\\/07\\\/amortiguador-m3-anti-vibracion-para-fc-1.jpg\",\"contentUrl\":\"https:\\\/\\\/iha-race.com\\\/wp-content\\\/uploads\\\/2018\\\/07\\\/amortiguador-m3-anti-vibracion-para-fc-1.jpg\",\"width\":800,\"height\":800,\"caption\":\"amortecedor de choque-m3-anti-vibra\u00e7\u00e3o-para-fc\"},{\"@type\":\"BreadcrumbList\",\"@id\":\"https:\\\/\\\/iha-race.com\\\/pt-pt\\\/produto\\\/amortecedor-de-choque-m3-anti-vibracao-por-fc-4-pecas\\\/#breadcrumb\",\"itemListElement\":[{\"@type\":\"ListItem\",\"position\":1,\"name\":\"Portada\",\"item\":\"https:\\\/\\\/iha-race.com\\\/pt-pt\\\/elementor-499\\\/\"},{\"@type\":\"ListItem\",\"position\":2,\"name\":\"Shop\",\"item\":\"https:\\\/\\\/iha-race.com\\\/pt-pt\\\/shop\\\/\"},{\"@type\":\"ListItem\",\"position\":3,\"name\":\"Amortecedor M3 Anti-Vibra\u00e7\u00e3o para FC (4 pe\u00e7as).\"}]},{\"@type\":\"WebSite\",\"@id\":\"https:\\\/\\\/iha-race.com\\\/pt-pt\\\/#website\",\"url\":\"https:\\\/\\\/iha-race.com\\\/pt-pt\\\/\",\"name\":\"Iha Race\",\"description\":\"Comprar drones de carreras FPV env\u00edos en un d\u00eda desde Espa\u00f1a\",\"publisher\":{\"@id\":\"https:\\\/\\\/iha-race.com\\\/pt-pt\\\/#organization\"},\"potentialAction\":[{\"@type\":\"SearchAction\",\"target\":{\"@type\":\"EntryPoint\",\"urlTemplate\":\"https:\\\/\\\/iha-race.com\\\/pt-pt\\\/?s={search_term_string}\"},\"query-input\":{\"@type\":\"PropertyValueSpecification\",\"valueRequired\":true,\"valueName\":\"search_term_string\"}}],\"inLanguage\":\"pt-PT\"},{\"@type\":\"Organization\",\"@id\":\"https:\\\/\\\/iha-race.com\\\/pt-pt\\\/#organization\",\"name\":\"Iha Race\",\"url\":\"https:\\\/\\\/iha-race.com\\\/pt-pt\\\/\",\"logo\":{\"@type\":\"ImageObject\",\"inLanguage\":\"pt-PT\",\"@id\":\"https:\\\/\\\/iha-race.com\\\/pt-pt\\\/#\\\/schema\\\/logo\\\/image\\\/\",\"url\":\"https:\\\/\\\/iha-race.com\\\/wp-content\\\/uploads\\\/2018\\\/07\\\/iha-race-drones-de-carreras-tienda-comprar-drones.png\",\"contentUrl\":\"https:\\\/\\\/iha-race.com\\\/wp-content\\\/uploads\\\/2018\\\/07\\\/iha-race-drones-de-carreras-tienda-comprar-drones.png\",\"width\":300,\"height\":100,\"caption\":\"Iha Race\"},\"image\":{\"@id\":\"https:\\\/\\\/iha-race.com\\\/pt-pt\\\/#\\\/schema\\\/logo\\\/image\\\/\"}}]}<\/script>\n<!-- \/ Yoast SEO plugin. -->","yoast_head_json":{"title":"Amortecedor M3 Anti-Vibra\u00e7\u00e3o para FC (4 pe\u00e7as). - Iha Race","robots":{"index":"noindex","follow":"follow"},"og_locale":"pt_PT","og_type":"article","og_title":"Amortecedor M3 Anti-Vibra\u00e7\u00e3o para FC (4 pe\u00e7as). - Iha Race","og_description":"Amortecedor M3 Anti-Vibra\u00e7\u00e3o para FC (4 pe\u00e7as) Caracter\u00edsticas: Ajudando a reduzir eficazmente a sensibilidade do controlo de voo, \u00e9 uma necessidade imprescind\u00edvel para os pilotos que se adaptam a experi\u00eancias","og_url":"https:\/\/iha-race.com\/pt-pt\/produto\/amortecedor-de-choque-m3-anti-vibracao-por-fc-4-pecas\/","og_site_name":"Iha Race","article_modified_time":"2024-08-29T10:30:32+00:00","og_image":[{"width":800,"height":800,"url":"https:\/\/iha-race.com\/wp-content\/uploads\/2018\/07\/amortiguador-m3-anti-vibracion-para-fc-1.jpg","type":"image\/jpeg"}],"twitter_card":"summary_large_image","schema":{"@context":"https:\/\/schema.org","@graph":[{"@type":"WebPage","@id":"https:\/\/iha-race.com\/pt-pt\/produto\/amortecedor-de-choque-m3-anti-vibracao-por-fc-4-pecas\/","url":"https:\/\/iha-race.com\/pt-pt\/produto\/amortecedor-de-choque-m3-anti-vibracao-por-fc-4-pecas\/","name":"Amortecedor M3 Anti-Vibra\u00e7\u00e3o para FC (4 pe\u00e7as). - Iha Race","isPartOf":{"@id":"https:\/\/iha-race.com\/pt-pt\/#website"},"primaryImageOfPage":{"@id":"https:\/\/iha-race.com\/pt-pt\/produto\/amortecedor-de-choque-m3-anti-vibracao-por-fc-4-pecas\/#primaryimage"},"image":{"@id":"https:\/\/iha-race.com\/pt-pt\/produto\/amortecedor-de-choque-m3-anti-vibracao-por-fc-4-pecas\/#primaryimage"},"thumbnailUrl":"https:\/\/iha-race.com\/wp-content\/uploads\/2018\/07\/amortiguador-m3-anti-vibracion-para-fc-1.jpg","datePublished":"2021-03-28T10:27:39+00:00","dateModified":"2024-08-29T10:30:32+00:00","breadcrumb":{"@id":"https:\/\/iha-race.com\/pt-pt\/produto\/amortecedor-de-choque-m3-anti-vibracao-por-fc-4-pecas\/#breadcrumb"},"inLanguage":"pt-PT","potentialAction":[{"@type":"ReadAction","target":["https:\/\/iha-race.com\/pt-pt\/produto\/amortecedor-de-choque-m3-anti-vibracao-por-fc-4-pecas\/"]}]},{"@type":"ImageObject","inLanguage":"pt-PT","@id":"https:\/\/iha-race.com\/pt-pt\/produto\/amortecedor-de-choque-m3-anti-vibracao-por-fc-4-pecas\/#primaryimage","url":"https:\/\/iha-race.com\/wp-content\/uploads\/2018\/07\/amortiguador-m3-anti-vibracion-para-fc-1.jpg","contentUrl":"https:\/\/iha-race.com\/wp-content\/uploads\/2018\/07\/amortiguador-m3-anti-vibracion-para-fc-1.jpg","width":800,"height":800,"caption":"amortecedor de choque-m3-anti-vibra\u00e7\u00e3o-para-fc"},{"@type":"BreadcrumbList","@id":"https:\/\/iha-race.com\/pt-pt\/produto\/amortecedor-de-choque-m3-anti-vibracao-por-fc-4-pecas\/#breadcrumb","itemListElement":[{"@type":"ListItem","position":1,"name":"Portada","item":"https:\/\/iha-race.com\/pt-pt\/elementor-499\/"},{"@type":"ListItem","position":2,"name":"Shop","item":"https:\/\/iha-race.com\/pt-pt\/shop\/"},{"@type":"ListItem","position":3,"name":"Amortecedor M3 Anti-Vibra\u00e7\u00e3o para FC (4 pe\u00e7as)."}]},{"@type":"WebSite","@id":"https:\/\/iha-race.com\/pt-pt\/#website","url":"https:\/\/iha-race.com\/pt-pt\/","name":"Iha Race","description":"Comprar drones de carreras FPV env\u00edos en un d\u00eda desde Espa\u00f1a","publisher":{"@id":"https:\/\/iha-race.com\/pt-pt\/#organization"},"potentialAction":[{"@type":"SearchAction","target":{"@type":"EntryPoint","urlTemplate":"https:\/\/iha-race.com\/pt-pt\/?s={search_term_string}"},"query-input":{"@type":"PropertyValueSpecification","valueRequired":true,"valueName":"search_term_string"}}],"inLanguage":"pt-PT"},{"@type":"Organization","@id":"https:\/\/iha-race.com\/pt-pt\/#organization","name":"Iha Race","url":"https:\/\/iha-race.com\/pt-pt\/","logo":{"@type":"ImageObject","inLanguage":"pt-PT","@id":"https:\/\/iha-race.com\/pt-pt\/#\/schema\/logo\/image\/","url":"https:\/\/iha-race.com\/wp-content\/uploads\/2018\/07\/iha-race-drones-de-carreras-tienda-comprar-drones.png","contentUrl":"https:\/\/iha-race.com\/wp-content\/uploads\/2018\/07\/iha-race-drones-de-carreras-tienda-comprar-drones.png","width":300,"height":100,"caption":"Iha Race"},"image":{"@id":"https:\/\/iha-race.com\/pt-pt\/#\/schema\/logo\/image\/"}}]}},"jetpack_sharing_enabled":true,"brands":[],"_links":{"self":[{"href":"https:\/\/iha-race.com\/pt-pt\/wp-json\/wp\/v2\/product\/111821","targetHints":{"allow":["GET"]}}],"collection":[{"href":"https:\/\/iha-race.com\/pt-pt\/wp-json\/wp\/v2\/product"}],"about":[{"href":"https:\/\/iha-race.com\/pt-pt\/wp-json\/wp\/v2\/types\/product"}],"replies":[{"embeddable":true,"href":"https:\/\/iha-race.com\/pt-pt\/wp-json\/wp\/v2\/comments?post=111821"}],"version-history":[{"count":1,"href":"https:\/\/iha-race.com\/pt-pt\/wp-json\/wp\/v2\/product\/111821\/revisions"}],"predecessor-version":[{"id":249586,"href":"https:\/\/iha-race.com\/pt-pt\/wp-json\/wp\/v2\/product\/111821\/revisions\/249586"}],"wp:featuredmedia":[{"embeddable":true,"href":"https:\/\/iha-race.com\/pt-pt\/wp-json\/wp\/v2\/media\/93814"}],"wp:attachment":[{"href":"https:\/\/iha-race.com\/pt-pt\/wp-json\/wp\/v2\/media?parent=111821"}],"wp:term":[{"taxonomy":"pwb-brand","embeddable":true,"href":"https:\/\/iha-race.com\/pt-pt\/wp-json\/wp\/v2\/pwb-brand?post=111821"},{"taxonomy":"product_cat","embeddable":true,"href":"https:\/\/iha-race.com\/pt-pt\/wp-json\/wp\/v2\/product_cat?post=111821"},{"taxonomy":"product_tag","embeddable":true,"href":"https:\/\/iha-race.com\/pt-pt\/wp-json\/wp\/v2\/product_tag?post=111821"}],"curies":[{"name":"wp","href":"https:\/\/api.w.org\/{rel}","templated":true}]}}