{"id":111735,"date":"2018-07-25T07:44:56","date_gmt":"2018-07-25T05:44:56","guid":{"rendered":"https:\/\/iha-race.com\/producto\/conector-de-antena-fpv-45o-todos-os-modelos-2-unidades\/"},"modified":"2026-03-21T19:38:55","modified_gmt":"2026-03-21T18:38:55","slug":"conector-de-antena-fpv-45-all-models-2-unidades","status":"publish","type":"product","link":"https:\/\/iha-race.com\/pt-pt\/produto\/conector-de-antena-fpv-45-all-models-2-unidades\/","title":{"rendered":"Conector de antena FPV 45\u00ba Todos os modelos (2 Unidades)"},"content":{"rendered":"<h3>Conector de antena FPV 45\u00ba Todos os modelos (2 Unidades)<\/h3>\n<p>  Um design totalmente novo, conetor de antena 5.8G para fotografia a\u00e9rea FPV. Todos os produtos t\u00eam um rigoroso controlo de qualidade, a propor\u00e7\u00e3o de onda em p\u00e9 \u00e9 inferior a 1,5. Esta \u00e9 exatamente a primeira escolha para FPV, e pode efetivamente aumentar a dist\u00e2ncia e o \u00e2ngulo de lan\u00e7amento. <strong>especifica\u00e7\u00f5es:<\/strong> Peso total: 15g\/500oz<\/p>\n","protected":false},"excerpt":{"rendered":"<p>Conector de antena FPV 45\u00ba Todos os modelos (2 Unidades) Um design totalmente novo, conetor de antena 5.8G para fotografia a\u00e9rea FPV. Todos os produtos t\u00eam um rigoroso controlo de<\/p>\n","protected":false},"featured_media":93660,"comment_status":"open","ping_status":"closed","template":"","meta":{"_joinchat":[]},"pwb-brand":[3586],"product_cat":[1083,1510,1088],"product_tag":[],"class_list":{"0":"post-111735","1":"product","2":"type-product","3":"status-publish","4":"has-post-thumbnail","6":"pwb-brand-iha-race","7":"product_cat-acessorios","8":"product_cat-acessorios-para-antenas","9":"product_cat-conectores-pt-pt","11":"first","12":"instock","13":"taxable","14":"shipping-taxable","15":"purchasable","16":"product-type-variable"},"barcode":null,"atum_controlled":true,"out_stock_date":null,"out_stock_threshold":null,"inheritable":true,"stock_on_hold":0,"sold_today":0,"sales_last_days":1,"out_stock_days":0,"lost_sales":0,"update_date":"2026-04-08T10:17:16","atum_locations":[],"atum_stock_status":"instock","restock_status":false,"low_stock_amount":"","sales_update_date":"2026-04-08T10:17:16","calc_backorders":null,"yoast_head":"<!-- This site is optimized with the Yoast SEO plugin v27.3 - https:\/\/yoast.com\/product\/yoast-seo-wordpress\/ -->\n<title>Conector de antena FPV 45\u00ba Todos os modelos (2 Unidades) - Iha Race<\/title>\n<meta name=\"robots\" content=\"noindex, follow\" \/>\n<meta property=\"og:locale\" content=\"pt_PT\" \/>\n<meta property=\"og:type\" content=\"article\" \/>\n<meta property=\"og:title\" content=\"Conector de antena FPV 45\u00ba Todos os modelos (2 Unidades) - Iha Race\" \/>\n<meta property=\"og:description\" content=\"Conector de antena FPV 45\u00ba Todos os modelos (2 Unidades) Um design totalmente novo, conetor de antena 5.8G para fotografia a\u00e9rea FPV. Todos os produtos t\u00eam um rigoroso controlo de\" \/>\n<meta property=\"og:url\" content=\"https:\/\/iha-race.com\/pt-pt\/produto\/conector-de-antena-fpv-45-all-models-2-unidades\/\" \/>\n<meta property=\"og:site_name\" content=\"Iha Race\" \/>\n<meta property=\"article:modified_time\" content=\"2026-03-21T18:38:55+00:00\" \/>\n<meta property=\"og:image\" content=\"https:\/\/iha-race.com\/wp-content\/uploads\/2018\/07\/conector-de-antenas-fpv-45-1.jpg\" \/>\n\t<meta property=\"og:image:width\" content=\"800\" \/>\n\t<meta property=\"og:image:height\" content=\"800\" \/>\n\t<meta property=\"og:image:type\" content=\"image\/jpeg\" \/>\n<meta name=\"twitter:card\" content=\"summary_large_image\" \/>\n<script type=\"application\/ld+json\" class=\"yoast-schema-graph\">{\"@context\":\"https:\\\/\\\/schema.org\",\"@graph\":[{\"@type\":\"WebPage\",\"@id\":\"https:\\\/\\\/iha-race.com\\\/pt-pt\\\/produto\\\/conector-de-antena-fpv-45-all-models-2-unidades\\\/\",\"url\":\"https:\\\/\\\/iha-race.com\\\/pt-pt\\\/produto\\\/conector-de-antena-fpv-45-all-models-2-unidades\\\/\",\"name\":\"Conector de antena FPV 45\u00ba Todos os modelos (2 Unidades) - Iha Race\",\"isPartOf\":{\"@id\":\"https:\\\/\\\/iha-race.com\\\/pt-pt\\\/#website\"},\"primaryImageOfPage\":{\"@id\":\"https:\\\/\\\/iha-race.com\\\/pt-pt\\\/produto\\\/conector-de-antena-fpv-45-all-models-2-unidades\\\/#primaryimage\"},\"image\":{\"@id\":\"https:\\\/\\\/iha-race.com\\\/pt-pt\\\/produto\\\/conector-de-antena-fpv-45-all-models-2-unidades\\\/#primaryimage\"},\"thumbnailUrl\":\"https:\\\/\\\/iha-race.com\\\/wp-content\\\/uploads\\\/2018\\\/07\\\/conector-de-antenas-fpv-45-1.jpg\",\"datePublished\":\"2018-07-25T05:44:56+00:00\",\"dateModified\":\"2026-03-21T18:38:55+00:00\",\"breadcrumb\":{\"@id\":\"https:\\\/\\\/iha-race.com\\\/pt-pt\\\/produto\\\/conector-de-antena-fpv-45-all-models-2-unidades\\\/#breadcrumb\"},\"inLanguage\":\"pt-PT\",\"potentialAction\":[{\"@type\":\"ReadAction\",\"target\":[\"https:\\\/\\\/iha-race.com\\\/pt-pt\\\/produto\\\/conector-de-antena-fpv-45-all-models-2-unidades\\\/\"]}]},{\"@type\":\"ImageObject\",\"inLanguage\":\"pt-PT\",\"@id\":\"https:\\\/\\\/iha-race.com\\\/pt-pt\\\/produto\\\/conector-de-antena-fpv-45-all-models-2-unidades\\\/#primaryimage\",\"url\":\"https:\\\/\\\/iha-race.com\\\/wp-content\\\/uploads\\\/2018\\\/07\\\/conector-de-antenas-fpv-45-1.jpg\",\"contentUrl\":\"https:\\\/\\\/iha-race.com\\\/wp-content\\\/uploads\\\/2018\\\/07\\\/conector-de-antenas-fpv-45-1.jpg\",\"width\":800,\"height\":800,\"caption\":\"antena-conector-fpv-45\"},{\"@type\":\"BreadcrumbList\",\"@id\":\"https:\\\/\\\/iha-race.com\\\/pt-pt\\\/produto\\\/conector-de-antena-fpv-45-all-models-2-unidades\\\/#breadcrumb\",\"itemListElement\":[{\"@type\":\"ListItem\",\"position\":1,\"name\":\"Portada\",\"item\":\"https:\\\/\\\/iha-race.com\\\/pt-pt\\\/elementor-499\\\/\"},{\"@type\":\"ListItem\",\"position\":2,\"name\":\"Shop\",\"item\":\"https:\\\/\\\/iha-race.com\\\/pt-pt\\\/shop\\\/\"},{\"@type\":\"ListItem\",\"position\":3,\"name\":\"Conector de antena FPV 45\u00ba Todos os modelos (2 Unidades)\"}]},{\"@type\":\"WebSite\",\"@id\":\"https:\\\/\\\/iha-race.com\\\/pt-pt\\\/#website\",\"url\":\"https:\\\/\\\/iha-race.com\\\/pt-pt\\\/\",\"name\":\"Iha Race\",\"description\":\"Comprar drones de carreras FPV env\u00edos en un d\u00eda desde Espa\u00f1a\",\"publisher\":{\"@id\":\"https:\\\/\\\/iha-race.com\\\/pt-pt\\\/#organization\"},\"potentialAction\":[{\"@type\":\"SearchAction\",\"target\":{\"@type\":\"EntryPoint\",\"urlTemplate\":\"https:\\\/\\\/iha-race.com\\\/pt-pt\\\/?s={search_term_string}\"},\"query-input\":{\"@type\":\"PropertyValueSpecification\",\"valueRequired\":true,\"valueName\":\"search_term_string\"}}],\"inLanguage\":\"pt-PT\"},{\"@type\":\"Organization\",\"@id\":\"https:\\\/\\\/iha-race.com\\\/pt-pt\\\/#organization\",\"name\":\"Iha Race\",\"url\":\"https:\\\/\\\/iha-race.com\\\/pt-pt\\\/\",\"logo\":{\"@type\":\"ImageObject\",\"inLanguage\":\"pt-PT\",\"@id\":\"https:\\\/\\\/iha-race.com\\\/pt-pt\\\/#\\\/schema\\\/logo\\\/image\\\/\",\"url\":\"https:\\\/\\\/iha-race.com\\\/wp-content\\\/uploads\\\/2018\\\/07\\\/iha-race-drones-de-carreras-tienda-comprar-drones.png\",\"contentUrl\":\"https:\\\/\\\/iha-race.com\\\/wp-content\\\/uploads\\\/2018\\\/07\\\/iha-race-drones-de-carreras-tienda-comprar-drones.png\",\"width\":300,\"height\":100,\"caption\":\"Iha Race\"},\"image\":{\"@id\":\"https:\\\/\\\/iha-race.com\\\/pt-pt\\\/#\\\/schema\\\/logo\\\/image\\\/\"}}]}<\/script>\n<!-- \/ Yoast SEO plugin. -->","yoast_head_json":{"title":"Conector de antena FPV 45\u00ba Todos os modelos (2 Unidades) - Iha Race","robots":{"index":"noindex","follow":"follow"},"og_locale":"pt_PT","og_type":"article","og_title":"Conector de antena FPV 45\u00ba Todos os modelos (2 Unidades) - Iha Race","og_description":"Conector de antena FPV 45\u00ba Todos os modelos (2 Unidades) Um design totalmente novo, conetor de antena 5.8G para fotografia a\u00e9rea FPV. Todos os produtos t\u00eam um rigoroso controlo de","og_url":"https:\/\/iha-race.com\/pt-pt\/produto\/conector-de-antena-fpv-45-all-models-2-unidades\/","og_site_name":"Iha Race","article_modified_time":"2026-03-21T18:38:55+00:00","og_image":[{"width":800,"height":800,"url":"https:\/\/iha-race.com\/wp-content\/uploads\/2018\/07\/conector-de-antenas-fpv-45-1.jpg","type":"image\/jpeg"}],"twitter_card":"summary_large_image","schema":{"@context":"https:\/\/schema.org","@graph":[{"@type":"WebPage","@id":"https:\/\/iha-race.com\/pt-pt\/produto\/conector-de-antena-fpv-45-all-models-2-unidades\/","url":"https:\/\/iha-race.com\/pt-pt\/produto\/conector-de-antena-fpv-45-all-models-2-unidades\/","name":"Conector de antena FPV 45\u00ba Todos os modelos (2 Unidades) - Iha Race","isPartOf":{"@id":"https:\/\/iha-race.com\/pt-pt\/#website"},"primaryImageOfPage":{"@id":"https:\/\/iha-race.com\/pt-pt\/produto\/conector-de-antena-fpv-45-all-models-2-unidades\/#primaryimage"},"image":{"@id":"https:\/\/iha-race.com\/pt-pt\/produto\/conector-de-antena-fpv-45-all-models-2-unidades\/#primaryimage"},"thumbnailUrl":"https:\/\/iha-race.com\/wp-content\/uploads\/2018\/07\/conector-de-antenas-fpv-45-1.jpg","datePublished":"2018-07-25T05:44:56+00:00","dateModified":"2026-03-21T18:38:55+00:00","breadcrumb":{"@id":"https:\/\/iha-race.com\/pt-pt\/produto\/conector-de-antena-fpv-45-all-models-2-unidades\/#breadcrumb"},"inLanguage":"pt-PT","potentialAction":[{"@type":"ReadAction","target":["https:\/\/iha-race.com\/pt-pt\/produto\/conector-de-antena-fpv-45-all-models-2-unidades\/"]}]},{"@type":"ImageObject","inLanguage":"pt-PT","@id":"https:\/\/iha-race.com\/pt-pt\/produto\/conector-de-antena-fpv-45-all-models-2-unidades\/#primaryimage","url":"https:\/\/iha-race.com\/wp-content\/uploads\/2018\/07\/conector-de-antenas-fpv-45-1.jpg","contentUrl":"https:\/\/iha-race.com\/wp-content\/uploads\/2018\/07\/conector-de-antenas-fpv-45-1.jpg","width":800,"height":800,"caption":"antena-conector-fpv-45"},{"@type":"BreadcrumbList","@id":"https:\/\/iha-race.com\/pt-pt\/produto\/conector-de-antena-fpv-45-all-models-2-unidades\/#breadcrumb","itemListElement":[{"@type":"ListItem","position":1,"name":"Portada","item":"https:\/\/iha-race.com\/pt-pt\/elementor-499\/"},{"@type":"ListItem","position":2,"name":"Shop","item":"https:\/\/iha-race.com\/pt-pt\/shop\/"},{"@type":"ListItem","position":3,"name":"Conector de antena FPV 45\u00ba Todos os modelos (2 Unidades)"}]},{"@type":"WebSite","@id":"https:\/\/iha-race.com\/pt-pt\/#website","url":"https:\/\/iha-race.com\/pt-pt\/","name":"Iha Race","description":"Comprar drones de carreras FPV env\u00edos en un d\u00eda desde Espa\u00f1a","publisher":{"@id":"https:\/\/iha-race.com\/pt-pt\/#organization"},"potentialAction":[{"@type":"SearchAction","target":{"@type":"EntryPoint","urlTemplate":"https:\/\/iha-race.com\/pt-pt\/?s={search_term_string}"},"query-input":{"@type":"PropertyValueSpecification","valueRequired":true,"valueName":"search_term_string"}}],"inLanguage":"pt-PT"},{"@type":"Organization","@id":"https:\/\/iha-race.com\/pt-pt\/#organization","name":"Iha Race","url":"https:\/\/iha-race.com\/pt-pt\/","logo":{"@type":"ImageObject","inLanguage":"pt-PT","@id":"https:\/\/iha-race.com\/pt-pt\/#\/schema\/logo\/image\/","url":"https:\/\/iha-race.com\/wp-content\/uploads\/2018\/07\/iha-race-drones-de-carreras-tienda-comprar-drones.png","contentUrl":"https:\/\/iha-race.com\/wp-content\/uploads\/2018\/07\/iha-race-drones-de-carreras-tienda-comprar-drones.png","width":300,"height":100,"caption":"Iha Race"},"image":{"@id":"https:\/\/iha-race.com\/pt-pt\/#\/schema\/logo\/image\/"}}]}},"brands":[{"id":3586,"name":"IHA Race","slug":"iha-race"}],"_links":{"self":[{"href":"https:\/\/iha-race.com\/pt-pt\/wp-json\/wp\/v2\/product\/111735","targetHints":{"allow":["GET"]}}],"collection":[{"href":"https:\/\/iha-race.com\/pt-pt\/wp-json\/wp\/v2\/product"}],"about":[{"href":"https:\/\/iha-race.com\/pt-pt\/wp-json\/wp\/v2\/types\/product"}],"replies":[{"embeddable":true,"href":"https:\/\/iha-race.com\/pt-pt\/wp-json\/wp\/v2\/comments?post=111735"}],"version-history":[{"count":2,"href":"https:\/\/iha-race.com\/pt-pt\/wp-json\/wp\/v2\/product\/111735\/revisions"}],"predecessor-version":[{"id":250464,"href":"https:\/\/iha-race.com\/pt-pt\/wp-json\/wp\/v2\/product\/111735\/revisions\/250464"}],"wp:featuredmedia":[{"embeddable":true,"href":"https:\/\/iha-race.com\/pt-pt\/wp-json\/wp\/v2\/media\/93660"}],"wp:attachment":[{"href":"https:\/\/iha-race.com\/pt-pt\/wp-json\/wp\/v2\/media?parent=111735"}],"wp:term":[{"taxonomy":"pwb-brand","embeddable":true,"href":"https:\/\/iha-race.com\/pt-pt\/wp-json\/wp\/v2\/pwb-brand?post=111735"},{"taxonomy":"product_cat","embeddable":true,"href":"https:\/\/iha-race.com\/pt-pt\/wp-json\/wp\/v2\/product_cat?post=111735"},{"taxonomy":"product_tag","embeddable":true,"href":"https:\/\/iha-race.com\/pt-pt\/wp-json\/wp\/v2\/product_tag?post=111735"}],"curies":[{"name":"wp","href":"https:\/\/api.w.org\/{rel}","templated":true}]}}