{"id":111612,"date":"2018-07-23T18:37:46","date_gmt":"2018-07-23T16:37:46","guid":{"rendered":"https:\/\/iha-race.com\/producto\/sortido-de-espacadores-de-nylon-m3-300-pcs\/"},"modified":"2024-08-29T16:39:17","modified_gmt":"2024-08-29T14:39:17","slug":"kit-colunas-separador-porcas-porcas-de-nylon-m3-180-pecas-ou-300-pecas","status":"publish","type":"product","link":"https:\/\/iha-race.com\/pt-pt\/produto\/kit-colunas-separador-porcas-porcas-de-nylon-m3-180-pecas-ou-300-pecas\/","title":{"rendered":"Colunas Espa\u00e7adoras\/Parafusos\/Porcas de Nylon Kit M3 (180 p\u00e7s. ou 300 p\u00e7s.)"},"content":{"rendered":"<h2>Colunas Espa\u00e7adoras\/Parafusos\/Porcas de Nylon Kit M3 (180 p\u00e7s. ou 300 p\u00e7s.)<\/h2>\n<h4><strong>Caracter\u00edsticas:<\/strong><\/h4>\n<ul>\n<li>Novo e de Alta Qualidade<\/li>\n<li>Especifica\u00e7\u00e3o do tipo: Nylon de excelente qualidade<\/li>\n<li>Embalado numa caixa de pl\u00e1stico<\/li>\n<\/ul>\n<h4><strong>A embalagem inclui (180 pe\u00e7as):<\/strong><\/h4>\n<ul>\n<li>Colunas\n<ul>\n<li>10 x Coluna espa\u00e7adora M3 6mm<\/li>\n<li>10 x Coluna espa\u00e7adora M3 8mm<\/li>\n<li>10 x Coluna espa\u00e7adora M3 10mm<\/li>\n<li>10 x Coluna espa\u00e7adora M3 12mm<\/li>\n<li>10X Coluna espa\u00e7adora M3 15mm<\/li>\n<li>10X Coluna espa\u00e7adora M3 20mm<\/li>\n<\/ul>\n<\/li>\n<li>60 x Porcas M3 Nylon<\/li>\n<li>60 xParafusos M3 Nylon (1mm)<\/li>\n<\/ul>\n<h4><strong>A embalagem inclui (300 pe\u00e7as):<\/strong><\/h4>\n<p>&nbsp;<\/p>\n<ul>\n<li>Colunas\n<ul>\n<li>20 x Coluna espa\u00e7adora M3 6mm<\/li>\n<li>20 x Coluna espa\u00e7adora M3 8mm<\/li>\n<li>20 x Coluna espa\u00e7adora M3 10mm<\/li>\n<li>10 x Coluna espa\u00e7adora M3 12mm<\/li>\n<li>\n<\/li>\n<\/ul>\n<\/li>\n<li>20 x Coluna espa\u00e7adora M3 6mm + 6<\/li>\n<li>20 x coluna distanciadora M3 8mm +6<\/li>\n<li>20 x Coluna espa\u00e7adora M3 10mm +6<\/li>\n<li>10 x Coluna espa\u00e7adora M3 12mm +6<\/li>\n<\/ul>\n<ul>\n<li>80 x Porcas M3 Nylon<\/li>\n<li>80 xParafusos M3 Nylon (1mm)<\/li>\n<\/ul>\n<h4><\/h4>\n","protected":false},"excerpt":{"rendered":"<p>Colunas Espa\u00e7adoras\/Parafusos\/Porcas de Nylon Kit M3 (180 p\u00e7s. ou 300 p\u00e7s.) Caracter\u00edsticas: Novo e de Alta Qualidade Especifica\u00e7\u00e3o do tipo: Nylon de excelente qualidade Embalado numa caixa de pl\u00e1stico A<\/p>\n","protected":false},"featured_media":94557,"comment_status":"open","ping_status":"closed","template":"","meta":{"_joinchat":[]},"pwb-brand":[],"product_cat":[1083,1250,1296],"product_tag":[],"class_list":{"0":"post-111612","1":"product","2":"type-product","3":"status-publish","4":"has-post-thumbnail","6":"product_cat-acessorios","7":"product_cat-colunas-separadoras","8":"product_cat--parafusos","10":"first","11":"instock","12":"taxable","13":"shipping-taxable","14":"purchasable","15":"product-type-variable"},"barcode":null,"atum_controlled":true,"out_stock_date":null,"out_stock_threshold":null,"inheritable":true,"stock_on_hold":0,"sold_today":0,"sales_last_days":1,"out_stock_days":0,"lost_sales":0,"update_date":"2026-04-16T08:17:09","atum_locations":[],"atum_stock_status":"instock","restock_status":false,"low_stock_amount":"","sales_update_date":"2026-04-16T08:17:09","calc_backorders":null,"yoast_head":"<!-- This site is optimized with the Yoast SEO plugin v27.3 - https:\/\/yoast.com\/product\/yoast-seo-wordpress\/ -->\n<title>Colunas Espa\u00e7adoras\/Parafusos\/Porcas de Nylon Kit M3 (180 p\u00e7s. ou 300 p\u00e7s.) - Iha Race<\/title>\n<meta name=\"robots\" content=\"noindex, follow\" \/>\n<meta property=\"og:locale\" content=\"pt_PT\" \/>\n<meta property=\"og:type\" content=\"article\" \/>\n<meta property=\"og:title\" content=\"Colunas Espa\u00e7adoras\/Parafusos\/Porcas de Nylon Kit M3 (180 p\u00e7s. ou 300 p\u00e7s.) - Iha Race\" \/>\n<meta property=\"og:description\" content=\"Colunas Espa\u00e7adoras\/Parafusos\/Porcas de Nylon Kit M3 (180 p\u00e7s. ou 300 p\u00e7s.) Caracter\u00edsticas: Novo e de Alta Qualidade Especifica\u00e7\u00e3o do tipo: Nylon de excelente qualidade Embalado numa caixa de pl\u00e1stico A\" \/>\n<meta property=\"og:url\" content=\"https:\/\/iha-race.com\/pt-pt\/produto\/kit-colunas-separador-porcas-porcas-de-nylon-m3-180-pecas-ou-300-pecas\/\" \/>\n<meta property=\"og:site_name\" content=\"Iha Race\" \/>\n<meta property=\"article:modified_time\" content=\"2024-08-29T14:39:17+00:00\" \/>\n<meta property=\"og:image\" content=\"https:\/\/iha-race.com\/wp-content\/uploads\/2018\/07\/separadores-nylon-m3-surtido-300-piezas-1.jpg\" \/>\n\t<meta property=\"og:image:width\" content=\"800\" \/>\n\t<meta property=\"og:image:height\" content=\"800\" \/>\n\t<meta property=\"og:image:type\" content=\"image\/jpeg\" \/>\n<meta name=\"twitter:card\" content=\"summary_large_image\" \/>\n<meta name=\"twitter:label1\" content=\"Tempo estimado de leitura\" \/>\n\t<meta name=\"twitter:data1\" content=\"1 minuto\" \/>\n<script type=\"application\/ld+json\" class=\"yoast-schema-graph\">{\"@context\":\"https:\\\/\\\/schema.org\",\"@graph\":[{\"@type\":\"WebPage\",\"@id\":\"https:\\\/\\\/iha-race.com\\\/pt-pt\\\/produto\\\/kit-colunas-separador-porcas-porcas-de-nylon-m3-180-pecas-ou-300-pecas\\\/\",\"url\":\"https:\\\/\\\/iha-race.com\\\/pt-pt\\\/produto\\\/kit-colunas-separador-porcas-porcas-de-nylon-m3-180-pecas-ou-300-pecas\\\/\",\"name\":\"Colunas Espa\u00e7adoras\\\/Parafusos\\\/Porcas de Nylon Kit M3 (180 p\u00e7s. ou 300 p\u00e7s.) - Iha Race\",\"isPartOf\":{\"@id\":\"https:\\\/\\\/iha-race.com\\\/pt-pt\\\/#website\"},\"primaryImageOfPage\":{\"@id\":\"https:\\\/\\\/iha-race.com\\\/pt-pt\\\/produto\\\/kit-colunas-separador-porcas-porcas-de-nylon-m3-180-pecas-ou-300-pecas\\\/#primaryimage\"},\"image\":{\"@id\":\"https:\\\/\\\/iha-race.com\\\/pt-pt\\\/produto\\\/kit-colunas-separador-porcas-porcas-de-nylon-m3-180-pecas-ou-300-pecas\\\/#primaryimage\"},\"thumbnailUrl\":\"https:\\\/\\\/iha-race.com\\\/wp-content\\\/uploads\\\/2018\\\/07\\\/separadores-nylon-m3-surtido-300-piezas-1.jpg\",\"datePublished\":\"2018-07-23T16:37:46+00:00\",\"dateModified\":\"2024-08-29T14:39:17+00:00\",\"breadcrumb\":{\"@id\":\"https:\\\/\\\/iha-race.com\\\/pt-pt\\\/produto\\\/kit-colunas-separador-porcas-porcas-de-nylon-m3-180-pecas-ou-300-pecas\\\/#breadcrumb\"},\"inLanguage\":\"pt-PT\",\"potentialAction\":[{\"@type\":\"ReadAction\",\"target\":[\"https:\\\/\\\/iha-race.com\\\/pt-pt\\\/produto\\\/kit-colunas-separador-porcas-porcas-de-nylon-m3-180-pecas-ou-300-pecas\\\/\"]}]},{\"@type\":\"ImageObject\",\"inLanguage\":\"pt-PT\",\"@id\":\"https:\\\/\\\/iha-race.com\\\/pt-pt\\\/produto\\\/kit-colunas-separador-porcas-porcas-de-nylon-m3-180-pecas-ou-300-pecas\\\/#primaryimage\",\"url\":\"https:\\\/\\\/iha-race.com\\\/wp-content\\\/uploads\\\/2018\\\/07\\\/separadores-nylon-m3-surtido-300-piezas-1.jpg\",\"contentUrl\":\"https:\\\/\\\/iha-race.com\\\/wp-content\\\/uploads\\\/2018\\\/07\\\/separadores-nylon-m3-surtido-300-piezas-1.jpg\",\"width\":800,\"height\":800,\"caption\":\"separadores-nylon-m3-assortment-300-pcs.\"},{\"@type\":\"BreadcrumbList\",\"@id\":\"https:\\\/\\\/iha-race.com\\\/pt-pt\\\/produto\\\/kit-colunas-separador-porcas-porcas-de-nylon-m3-180-pecas-ou-300-pecas\\\/#breadcrumb\",\"itemListElement\":[{\"@type\":\"ListItem\",\"position\":1,\"name\":\"Portada\",\"item\":\"https:\\\/\\\/iha-race.com\\\/pt-pt\\\/elementor-499\\\/\"},{\"@type\":\"ListItem\",\"position\":2,\"name\":\"Shop\",\"item\":\"https:\\\/\\\/iha-race.com\\\/pt-pt\\\/shop\\\/\"},{\"@type\":\"ListItem\",\"position\":3,\"name\":\"Colunas Espa\u00e7adoras\\\/Parafusos\\\/Porcas de Nylon Kit M3 (180 p\u00e7s. ou 300 p\u00e7s.)\"}]},{\"@type\":\"WebSite\",\"@id\":\"https:\\\/\\\/iha-race.com\\\/pt-pt\\\/#website\",\"url\":\"https:\\\/\\\/iha-race.com\\\/pt-pt\\\/\",\"name\":\"Iha Race\",\"description\":\"Comprar drones de carreras FPV env\u00edos en un d\u00eda desde Espa\u00f1a\",\"publisher\":{\"@id\":\"https:\\\/\\\/iha-race.com\\\/pt-pt\\\/#organization\"},\"potentialAction\":[{\"@type\":\"SearchAction\",\"target\":{\"@type\":\"EntryPoint\",\"urlTemplate\":\"https:\\\/\\\/iha-race.com\\\/pt-pt\\\/?s={search_term_string}\"},\"query-input\":{\"@type\":\"PropertyValueSpecification\",\"valueRequired\":true,\"valueName\":\"search_term_string\"}}],\"inLanguage\":\"pt-PT\"},{\"@type\":\"Organization\",\"@id\":\"https:\\\/\\\/iha-race.com\\\/pt-pt\\\/#organization\",\"name\":\"Iha Race\",\"url\":\"https:\\\/\\\/iha-race.com\\\/pt-pt\\\/\",\"logo\":{\"@type\":\"ImageObject\",\"inLanguage\":\"pt-PT\",\"@id\":\"https:\\\/\\\/iha-race.com\\\/pt-pt\\\/#\\\/schema\\\/logo\\\/image\\\/\",\"url\":\"https:\\\/\\\/iha-race.com\\\/wp-content\\\/uploads\\\/2018\\\/07\\\/iha-race-drones-de-carreras-tienda-comprar-drones.png\",\"contentUrl\":\"https:\\\/\\\/iha-race.com\\\/wp-content\\\/uploads\\\/2018\\\/07\\\/iha-race-drones-de-carreras-tienda-comprar-drones.png\",\"width\":300,\"height\":100,\"caption\":\"Iha Race\"},\"image\":{\"@id\":\"https:\\\/\\\/iha-race.com\\\/pt-pt\\\/#\\\/schema\\\/logo\\\/image\\\/\"}}]}<\/script>\n<!-- \/ Yoast SEO plugin. -->","yoast_head_json":{"title":"Colunas Espa\u00e7adoras\/Parafusos\/Porcas de Nylon Kit M3 (180 p\u00e7s. ou 300 p\u00e7s.) - Iha Race","robots":{"index":"noindex","follow":"follow"},"og_locale":"pt_PT","og_type":"article","og_title":"Colunas Espa\u00e7adoras\/Parafusos\/Porcas de Nylon Kit M3 (180 p\u00e7s. ou 300 p\u00e7s.) - Iha Race","og_description":"Colunas Espa\u00e7adoras\/Parafusos\/Porcas de Nylon Kit M3 (180 p\u00e7s. ou 300 p\u00e7s.) Caracter\u00edsticas: Novo e de Alta Qualidade Especifica\u00e7\u00e3o do tipo: Nylon de excelente qualidade Embalado numa caixa de pl\u00e1stico A","og_url":"https:\/\/iha-race.com\/pt-pt\/produto\/kit-colunas-separador-porcas-porcas-de-nylon-m3-180-pecas-ou-300-pecas\/","og_site_name":"Iha Race","article_modified_time":"2024-08-29T14:39:17+00:00","og_image":[{"width":800,"height":800,"url":"https:\/\/iha-race.com\/wp-content\/uploads\/2018\/07\/separadores-nylon-m3-surtido-300-piezas-1.jpg","type":"image\/jpeg"}],"twitter_card":"summary_large_image","twitter_misc":{"Tempo estimado de leitura":"1 minuto"},"schema":{"@context":"https:\/\/schema.org","@graph":[{"@type":"WebPage","@id":"https:\/\/iha-race.com\/pt-pt\/produto\/kit-colunas-separador-porcas-porcas-de-nylon-m3-180-pecas-ou-300-pecas\/","url":"https:\/\/iha-race.com\/pt-pt\/produto\/kit-colunas-separador-porcas-porcas-de-nylon-m3-180-pecas-ou-300-pecas\/","name":"Colunas Espa\u00e7adoras\/Parafusos\/Porcas de Nylon Kit M3 (180 p\u00e7s. ou 300 p\u00e7s.) - Iha Race","isPartOf":{"@id":"https:\/\/iha-race.com\/pt-pt\/#website"},"primaryImageOfPage":{"@id":"https:\/\/iha-race.com\/pt-pt\/produto\/kit-colunas-separador-porcas-porcas-de-nylon-m3-180-pecas-ou-300-pecas\/#primaryimage"},"image":{"@id":"https:\/\/iha-race.com\/pt-pt\/produto\/kit-colunas-separador-porcas-porcas-de-nylon-m3-180-pecas-ou-300-pecas\/#primaryimage"},"thumbnailUrl":"https:\/\/iha-race.com\/wp-content\/uploads\/2018\/07\/separadores-nylon-m3-surtido-300-piezas-1.jpg","datePublished":"2018-07-23T16:37:46+00:00","dateModified":"2024-08-29T14:39:17+00:00","breadcrumb":{"@id":"https:\/\/iha-race.com\/pt-pt\/produto\/kit-colunas-separador-porcas-porcas-de-nylon-m3-180-pecas-ou-300-pecas\/#breadcrumb"},"inLanguage":"pt-PT","potentialAction":[{"@type":"ReadAction","target":["https:\/\/iha-race.com\/pt-pt\/produto\/kit-colunas-separador-porcas-porcas-de-nylon-m3-180-pecas-ou-300-pecas\/"]}]},{"@type":"ImageObject","inLanguage":"pt-PT","@id":"https:\/\/iha-race.com\/pt-pt\/produto\/kit-colunas-separador-porcas-porcas-de-nylon-m3-180-pecas-ou-300-pecas\/#primaryimage","url":"https:\/\/iha-race.com\/wp-content\/uploads\/2018\/07\/separadores-nylon-m3-surtido-300-piezas-1.jpg","contentUrl":"https:\/\/iha-race.com\/wp-content\/uploads\/2018\/07\/separadores-nylon-m3-surtido-300-piezas-1.jpg","width":800,"height":800,"caption":"separadores-nylon-m3-assortment-300-pcs."},{"@type":"BreadcrumbList","@id":"https:\/\/iha-race.com\/pt-pt\/produto\/kit-colunas-separador-porcas-porcas-de-nylon-m3-180-pecas-ou-300-pecas\/#breadcrumb","itemListElement":[{"@type":"ListItem","position":1,"name":"Portada","item":"https:\/\/iha-race.com\/pt-pt\/elementor-499\/"},{"@type":"ListItem","position":2,"name":"Shop","item":"https:\/\/iha-race.com\/pt-pt\/shop\/"},{"@type":"ListItem","position":3,"name":"Colunas Espa\u00e7adoras\/Parafusos\/Porcas de Nylon Kit M3 (180 p\u00e7s. ou 300 p\u00e7s.)"}]},{"@type":"WebSite","@id":"https:\/\/iha-race.com\/pt-pt\/#website","url":"https:\/\/iha-race.com\/pt-pt\/","name":"Iha Race","description":"Comprar drones de carreras FPV env\u00edos en un d\u00eda desde Espa\u00f1a","publisher":{"@id":"https:\/\/iha-race.com\/pt-pt\/#organization"},"potentialAction":[{"@type":"SearchAction","target":{"@type":"EntryPoint","urlTemplate":"https:\/\/iha-race.com\/pt-pt\/?s={search_term_string}"},"query-input":{"@type":"PropertyValueSpecification","valueRequired":true,"valueName":"search_term_string"}}],"inLanguage":"pt-PT"},{"@type":"Organization","@id":"https:\/\/iha-race.com\/pt-pt\/#organization","name":"Iha Race","url":"https:\/\/iha-race.com\/pt-pt\/","logo":{"@type":"ImageObject","inLanguage":"pt-PT","@id":"https:\/\/iha-race.com\/pt-pt\/#\/schema\/logo\/image\/","url":"https:\/\/iha-race.com\/wp-content\/uploads\/2018\/07\/iha-race-drones-de-carreras-tienda-comprar-drones.png","contentUrl":"https:\/\/iha-race.com\/wp-content\/uploads\/2018\/07\/iha-race-drones-de-carreras-tienda-comprar-drones.png","width":300,"height":100,"caption":"Iha Race"},"image":{"@id":"https:\/\/iha-race.com\/pt-pt\/#\/schema\/logo\/image\/"}}]}},"jetpack_sharing_enabled":true,"brands":[],"_links":{"self":[{"href":"https:\/\/iha-race.com\/pt-pt\/wp-json\/wp\/v2\/product\/111612","targetHints":{"allow":["GET"]}}],"collection":[{"href":"https:\/\/iha-race.com\/pt-pt\/wp-json\/wp\/v2\/product"}],"about":[{"href":"https:\/\/iha-race.com\/pt-pt\/wp-json\/wp\/v2\/types\/product"}],"replies":[{"embeddable":true,"href":"https:\/\/iha-race.com\/pt-pt\/wp-json\/wp\/v2\/comments?post=111612"}],"version-history":[{"count":3,"href":"https:\/\/iha-race.com\/pt-pt\/wp-json\/wp\/v2\/product\/111612\/revisions"}],"predecessor-version":[{"id":250527,"href":"https:\/\/iha-race.com\/pt-pt\/wp-json\/wp\/v2\/product\/111612\/revisions\/250527"}],"wp:featuredmedia":[{"embeddable":true,"href":"https:\/\/iha-race.com\/pt-pt\/wp-json\/wp\/v2\/media\/94557"}],"wp:attachment":[{"href":"https:\/\/iha-race.com\/pt-pt\/wp-json\/wp\/v2\/media?parent=111612"}],"wp:term":[{"taxonomy":"pwb-brand","embeddable":true,"href":"https:\/\/iha-race.com\/pt-pt\/wp-json\/wp\/v2\/pwb-brand?post=111612"},{"taxonomy":"product_cat","embeddable":true,"href":"https:\/\/iha-race.com\/pt-pt\/wp-json\/wp\/v2\/product_cat?post=111612"},{"taxonomy":"product_tag","embeddable":true,"href":"https:\/\/iha-race.com\/pt-pt\/wp-json\/wp\/v2\/product_tag?post=111612"}],"curies":[{"name":"wp","href":"https:\/\/api.w.org\/{rel}","templated":true}]}}